{"id":47620,"date":"2023-02-03T10:28:50","date_gmt":"2023-02-03T09:28:50","guid":{"rendered":"https:\/\/micronordic.com\/product\/zebra-tc720l-kestava-kosketusnayttotietokone-kunnostettu\/"},"modified":"2025-11-17T12:41:36","modified_gmt":"2025-11-17T11:41:36","slug":"zebra-tc720l-rugged-touch-computer-refurbished","status":"publish","type":"product","link":"https:\/\/micronordic.com\/fi\/product\/zebra-tc720l-rugged-touch-computer-refurbished\/","title":{"rendered":"Zebra TC72 Handheld Mobile Computer (EX-DEMO)"},"content":{"rendered":"<?xml encoding=\"utf-8\" ?><h2 data-start=\"267\" data-end=\"314\">Zebra TC72 rugged Handheld Mobile Computer<\/h2><p data-start=\"316\" data-end=\"769\"><strong data-start=\"320\" data-end=\"366\">Zebra TC72 Handheld Mobile Computer on<\/strong> suunniteltu yrityksille, jotka tarvitsevat tehokkaan, luotettavan ja ultra-ruggedin mobiililaitteen etulinjan toimintoihin. TC77:n ainoana Wi-Fi-kumppanina TC72 tarjoaa erinomaisen suorituskyvyn, kehittyneen skannauksen ja yrityskohtaisen tietoturvan. Se on saatavana Micro Nordicilta sek&auml; <strong data-start=\"656\" data-end=\"673\">EX-DEMO-yksikk&ouml;in&auml; ett&auml;<\/strong> <strong data-start=\"678\" data-end=\"692\">NEW IN BOX -laatikoissa,<\/strong> mik&auml; tarjoaa organisaatioille joustavuutta kustannusten ja suorituskyvyn tasapainottamiseen.  <\/p><p data-start=\"316\" data-end=\"769\">EX-DEMO-yksik&ouml;ill&auml; on <strong data-start=\"24\" data-end=\"44\">12 kuukauden takuu,<\/strong> kun taas <strong data-start=\"52\" data-end=\"83\">tehdasuusilla rugged skannereilla on<\/strong> <strong data-start=\"104\" data-end=\"132\">vakiona 2 vuoden takuu, joka takaa luotettavan<\/strong> mielenrauhan.<\/p><article class=\"text-token-text-primary w-full focus:outline-none [--shadow-height:45px] has-data-writing-block:pointer-events-none has-data-writing-block:-mt-(--shadow-height) has-data-writing-block:pt-(--shadow-height) [&amp;:has([data-writing-block])&gt;*]:pointer-events-auto [content-visibility:auto] supports-[content-visibility:auto]:[contain-intrinsic-size:auto_100lvh] scroll-mt-[calc(var(--header-height)+min(200px,max(70px,20svh)))]\" dir=\"auto\" tabindex=\"-1\" data-turn-id=\"f528b850-6584-4b34-aac1-df93fd9290ef\" data-testid=\"conversation-turn-48\" data-scroll-anchor=\"false\" data-turn=\"assistant\">\n<div class=\"text-base my-auto mx-auto [--thread-content-margin:--spacing(4)] thread-sm:[--thread-content-margin:--spacing(6)] thread-lg:[--thread-content-margin:--spacing(16)] px-(--thread-content-margin)\">\n<div class=\"[--thread-content-max-width:40rem] thread-lg:[--thread-content-max-width:48rem] mx-auto max-w-(--thread-content-max-width) flex-1 group\/turn-messages focus-visible:outline-hidden relative flex w-full min-w-0 flex-col agent-turn\" tabindex=\"-1\">\n<div class=\"z-0 flex min-h-[46px] justify-start\">Kirkkaan 4,7 tuuman HD-n&auml;yt&ouml;n, Qualcomm Snapdragon&trade; -oktaydinsuorittimen ja yritystason Android-tuen ansiosta TC72 on luotettava valinta aloille, jotka vaativat keskeytym&auml;t&ouml;nt&auml; liitett&auml;vyytt&auml;, rugged luotettavuutta ja pitk&auml;n elinkaaren tukea.<\/div>\n<\/div>\n<\/div>\n<\/article><h2 data-start=\"1019\" data-end=\"1054\">Zebra TC72:n t&auml;rkeimm&auml;t ominaisuudet<\/h2><ul data-start=\"1056\" data-end=\"1968\">\n<li data-start=\"1056\" data-end=\"1165\">\n<p data-start=\"1058\" data-end=\"1165\"><strong data-start=\"1058\" data-end=\"1075\">Kest&auml;v&auml; rakenne &ndash;<\/strong> MIL-STD-810G-sertifioitu, IP65\/IP67-luokiteltu, kest&auml;&auml; jopa 2,4 m:n pudotukset rugged keng&auml;ll&auml;.<\/p>\n<\/li>\n<li data-start=\"1166\" data-end=\"1269\">\n<p data-start=\"1168\" data-end=\"1269\"><strong data-start=\"1168\" data-end=\"1179\">N&auml;ytt&ouml; &ndash;<\/strong> 4,7&Prime; HD (1280&times;720) -kosketusn&auml;ytt&ouml;, luettavissa auringonvalossa, toimii k&auml;sineill&auml; ja m&auml;rill&auml; sormilla.<\/p>\n<\/li>\n<li data-start=\"1270\" data-end=\"1334\">\n<p data-start=\"1272\" data-end=\"1334\"><strong data-start=\"1272\" data-end=\"1285\">Suoritin &ndash;<\/strong> Qualcomm Snapdragon&trade; 660 -oktaydinprosessori, 2,2 GHz.<\/p>\n<\/li>\n<li data-start=\"1335\" data-end=\"1438\">\n<p data-start=\"1337\" data-end=\"1438\"><strong data-start=\"1337\" data-end=\"1357\">K&auml;ytt&ouml;j&auml;rjestelm&auml; &ndash;<\/strong> Android 8.1 Oreo, p&auml;ivitett&auml;viss&auml; Android 11:een Zebran LifeGuard&trade;-tuella.<\/p>\n<\/li>\n<li data-start=\"1439\" data-end=\"1465\">\n<p data-start=\"1441\" data-end=\"1465\"><strong data-start=\"1441\" data-end=\"1451\">Muisti &ndash;<\/strong> 4 GB RAM-muistia.<\/p>\n<\/li>\n<li data-start=\"1466\" data-end=\"1537\">\n<p data-start=\"1468\" data-end=\"1537\"><strong data-start=\"1468\" data-end=\"1479\">Tallennustila &ndash;<\/strong> 32 Gt sis&auml;inen, laajennettavissa microSD-muistikortilla 256 Gt:iin asti.<\/p>\n<\/li>\n<li data-start=\"1538\" data-end=\"1605\">\n<p data-start=\"1540\" data-end=\"1605\"><strong data-start=\"1540\" data-end=\"1552\">Skannaus &ndash;<\/strong> SE4750 tai SE4770 1D\/2D-luokan yritysluokan skanneri.<\/p>\n<\/li>\n<li data-start=\"1606\" data-end=\"1693\">\n<p data-start=\"1608\" data-end=\"1693\"><strong data-start=\"1608\" data-end=\"1624\">Liitett&auml;vyys &ndash;<\/strong> Wi-Fi 802.11 a\/b\/g\/n\/ac\/r\/k\/v, Bluetooth 5.0, GPS (Wi-Fi-pohjainen).<\/p>\n<\/li>\n<li data-start=\"1694\" data-end=\"1759\">\n<p data-start=\"1696\" data-end=\"1759\"><strong data-start=\"1696\" data-end=\"1707\">Akku &ndash;<\/strong> 4620 mAh PowerPrecision+ Li-Ion, vaihdettavissa.<\/p>\n<\/li>\n<li data-start=\"1760\" data-end=\"1859\">\n<p data-start=\"1762\" data-end=\"1859\"><strong data-start=\"1762\" data-end=\"1774\">Tietoturva &ndash;<\/strong> Zebran Mobility DNA -ty&ouml;kalut, Androidin yritysturvallisuus, LifeGuard&trade; for Android.<\/p>\n<\/li>\n<li data-start=\"1860\" data-end=\"1968\">\n<p data-start=\"1862\" data-end=\"1968\"><strong data-start=\"1862\" data-end=\"1878\">Saatavuus &ndash;<\/strong> Tarjolla <strong data-start=\"1892\" data-end=\"1903\">EX-DEMO<\/strong> (kevyesti k&auml;ytetyt esittelykappaleet) ja UUSI <strong data-start=\"1934\" data-end=\"1948\">LAATIKOSSA (tehtaalla suljettu<\/strong> ).<\/p>\n<\/li>\n<\/ul><h2 data-start=\"1970\" data-end=\"2005\">Zebra TC72:n t&auml;rkeimm&auml;t edut<\/h2><h3 data-start=\"2007\" data-end=\"2050\">Rugged suorituskyky ilman kompromisseja<\/h3><p data-start=\"2051\" data-end=\"2365\">TC72 on rakennettu kest&auml;m&auml;&auml;n kovimmissakin ymp&auml;rist&ouml;iss&auml;. IP67\/IP65-luokituksen ja MIL-STD-810G-testauksen ansiosta se kest&auml;&auml; pudotuksia, p&ouml;ly&auml;, &auml;&auml;rimm&auml;isi&auml; l&auml;mp&ouml;tiloja ja veteen upottamista. N&auml;in varmistetaan, ett&auml; etulinjan tiimit voivat luottaa TC72:een varastoissa, v&auml;hitt&auml;iskaupan takahuoneissa tai tuotantolaitoksissa ilman pelkoa k&auml;ytt&ouml;katkoksista.  <\/p><h3 data-start=\"2367\" data-end=\"2398\">Auringonvalossa luettava n&auml;ytt&ouml;<\/h3><p data-start=\"2399\" data-end=\"2662\">4,7 tuuman HD-kosketusn&auml;ytt&ouml; on suunniteltu kaikkiin valaistusolosuhteisiin. Corning&reg; Gorilla&reg; Glass -suojan ansiosta se kest&auml;&auml; naarmuja ja iskuja, mutta reagoi samalla herk&auml;sti hansikkaiden ja m&auml;r&auml;n kosketukseen. T&auml;m&auml; takaa selke&auml;n n&auml;kyvyyden ja luotettavan k&auml;yt&ouml;n sek&auml; sis&auml;ll&auml; ett&auml; ulkona.  <\/p><h3 data-start=\"2664\" data-end=\"2695\">Yritysluokan skannaus<\/h3><p data-start=\"2696\" data-end=\"2957\">Zebran SE4750- tai SE4770-skannerilla varustettu TC72 tallentaa sek&auml; 1D- ett&auml; 2D-viivakoodit nopeasti ja tarkasti. Vaurioituneista tarroista huonosti tulostettuihin viivakoodeihin TC72 varmistaa sujuvan skannauksen, v&auml;hent&auml;&auml; virheit&auml; ja parantaa ty&ouml;ntekij&ouml;iden tuottavuutta. <\/p><h3 data-start=\"2959\" data-end=\"2987\">Tehoa koko vuorolle<\/h3><p data-start=\"2988\" data-end=\"3215\">4620 mAh:n PowerPrecision+-akku tukee pitki&auml; ty&ouml;vuoroja, ja hot-swap-toiminto pit&auml;&auml; ty&ouml;nkulut keskeytym&auml;tt&ouml;min&auml;. T&auml;m&auml; tarkoittaa, ett&auml; henkil&ouml;kunta voi vaihtaa akut ilman virran katkaisua, mik&auml; maksimoi k&auml;ytt&ouml;ajan kriittisiss&auml; toiminnoissa. <\/p><h3 data-start=\"3217\" data-end=\"3261\">Androidin tietoturva ja elinkaarituki<\/h3><p data-start=\"3262\" data-end=\"3521\">TC72:ssa on Android 8.1 -k&auml;ytt&ouml;j&auml;rjestelm&auml;, joka on p&auml;ivitett&auml;viss&auml; Android 11 -k&auml;ytt&ouml;j&auml;rjestelm&auml;&auml;n, ja se kuuluu Zebran LifeGuard&trade;-ohjelmaan, joka tarjoaa k&auml;ytt&ouml;j&auml;rjestelm&auml;n pitk&auml;n aikav&auml;lin tietoturvap&auml;ivityksi&auml;. N&auml;in varmistetaan, ett&auml; yrityslaitteet pysyv&auml;t turvallisina ja vaatimustenmukaisina, suojaavat arkaluonteisia tietoja ja pident&auml;v&auml;t tuotteen elinkaarta. <\/p><h3 data-start=\"3523\" data-end=\"3557\">Joustavat hankintavaihtoehdot<\/h3><p data-start=\"3558\" data-end=\"3836\">Organisaatiot voivat valita <strong data-start=\"3591\" data-end=\"3608\">EX-DEMO-yksik&ouml;iden<\/strong> v&auml;lill&auml; <strong data-start=\"3591\" data-end=\"3608\">,<\/strong> jotka tarjoavat kustannuss&auml;&auml;st&ouml;j&auml; kevyesti k&auml;sitellyill&auml; esittelylaitteistoilla, tai NEW IN <strong data-start=\"3674\" data-end=\"3688\">BOX -laitteiden v&auml;lill&auml; yrityksille,<\/strong> jotka haluavat upouusia, tehtaalla sinet&ouml;ityj&auml; j&auml;rjestelmi&auml;. Molempien vaihtoehtojen takana on Zebran luotettavuus ja Micro Nordicin tuki. <\/p><h3 data-start=\"3838\" data-end=\"3871\">Saumaton Wi-Fi-yhteys<\/h3><p data-start=\"3872\" data-end=\"4145\">Koska TC72 on pelkk&auml; Wi-Fi-laite, se on optimoitu ymp&auml;rist&ouml;ihin, joissa langattomat sis&auml;verkot ovat etusijalla. Se tukee nopeaa verkkovierailua ja kehittyneit&auml; protokollia, joten se takaa keskeytym&auml;tt&ouml;m&auml;n tiedonkulun suurissa tiloissa, kuten varastoissa, v&auml;hitt&auml;iskaupassa ja sairaaloissa. <\/p><h2 data-start=\"4147\" data-end=\"4182\">Zebra TC72:n ihanteelliset k&auml;ytt&ouml;tapaukset<\/h2><ul data-start=\"4184\" data-end=\"4766\">\n<li data-start=\"4184\" data-end=\"4302\">\n<p data-start=\"4186\" data-end=\"4302\"><strong data-start=\"4186\" data-end=\"4212\">V&auml;hitt&auml;iskauppa ja vieraanvaraisuus &ndash;<\/strong> Mobiilikassat, inventaarion tarkastukset ja asiakaspalvelun tuki myym&auml;l&ouml;iss&auml; ja ravintoloissa.<\/p>\n<\/li>\n<li data-start=\"4303\" data-end=\"4427\">\n<p data-start=\"4305\" data-end=\"4427\"><strong data-start=\"4305\" data-end=\"4334\">Varastointi ja logistiikka &ndash;<\/strong> Luotettava viivakoodin skannaus ja Wi-Fi-yhteys varastojen hallintaan ja tilausten poimintaan.<\/p>\n<\/li>\n<li data-start=\"4428\" data-end=\"4526\">\n<p data-start=\"4430\" data-end=\"4526\"><strong data-start=\"4430\" data-end=\"4447\">Tuotantoteollisuus &ndash;<\/strong> Kest&auml;v&auml; suunnittelu ja yrityksen skannaus kokoonpanolinjoille ja myym&auml;l&auml;tiloihin.<\/p>\n<\/li>\n<li data-start=\"4527\" data-end=\"4633\">\n<p data-start=\"4529\" data-end=\"4633\"><strong data-start=\"4529\" data-end=\"4543\">Terveydenhuolto &ndash;<\/strong> Rugged liikkuvuus ja turvallinen Android-ymp&auml;rist&ouml; potilaiden hoitoa ja omaisuudenhallintaa varten.<\/p>\n<\/li>\n<li data-start=\"4634\" data-end=\"4766\">\n<p data-start=\"4636\" data-end=\"4766\"><strong data-start=\"4636\" data-end=\"4667\">Kentt&auml;palvelu (Wi-Fi-first) &ndash; Sopii<\/strong> ty&ouml;nkuluihin, joissa tiimit ty&ouml;skentelev&auml;t p&auml;&auml;asiassa Wi-Fi-verkoissa ja joissa 4G\/5G:n tarve on v&auml;h&auml;inen.<\/p>\n<\/li>\n<\/ul><h2 data-start=\"4768\" data-end=\"4817\">Tuotevertailut: Zebra TC72 Vaihtoehdot<\/h2><p data-start=\"4819\" data-end=\"4925\">Muita Micro Nordicin tarjoamia tuotteita, jotka soveltuvat rugged kannettavia tietokoneita vertaileville organisaatioille, ovat muun muassa seuraavat:<\/p><ul data-start=\"4927\" data-end=\"5383\">\n<li data-start=\"4927\" data-end=\"5069\">\n<p data-start=\"4929\" data-end=\"5069\"><a href=\"https:\/\/micronordic.com\/product\/zebra-tc77-mobile-handheld-computer-refurbished\/\"><strong data-start=\"4929\" data-end=\"4975\">Zebra TC77 Handheld Mobile Computer<\/strong><\/a> &ndash; TC72:n matkapuhelinverkkoa tukeva versio, joka tarjoaa t&auml;yden 4G\/WWAN-liikkuvuuden Wi-Fi-yhteyden lis&auml;ksi.<\/p>\n<\/li>\n<li data-start=\"5070\" data-end=\"5208\">\n<p data-start=\"5072\" data-end=\"5208\"><a href=\"https:\/\/micronordic.com\/product\/zebra-tc58-handheld-mobile-computer\/\"><strong data-start=\"5072\" data-end=\"5109\">Zebra TC58 Handheld Mobile Computer<\/strong> <\/a>&ndash; Seuraavan sukupolven malli, jossa on 5G-yhteys, kehittynyt skannaus ja tehokkaampi prosessointi.<\/p>\n<\/li>\n<li data-start=\"5209\" data-end=\"5383\">\n<p data-start=\"5211\" data-end=\"5383\"><a href=\"https:\/\/micronordic.com\/product\/honeywell-ct40xp-mobile-handheld-computer-refurbished\/\"><strong data-start=\"5211\" data-end=\"5254\">Honeywell CT40 Handheld Mobile Computer<\/strong> <\/a>Monipuolinen rugged kannettava tietokone, jossa on tasapaino kannettavuuden ja yritystoiminnan suorituskyvyn v&auml;lill&auml;, saatavana sek&auml; uutena ett&auml; EX-DEMO-versiona.<\/p>\n<\/li>\n<\/ul>\n","protected":false},"excerpt":{"rendered":"<p>VALITSE ALLA OLEVA VAIHTOEHTO! Soita meille, jos tarvitset apua oikean tuotevaihtoehdon l\u00f6yt\u00e4misess\u00e4. <\/p>\n<h3>Tekniset tiedot:<\/h3>\n<ul>\n<li><strong>N\u00e4ytt\u00f6:<\/strong> 4,7\u2033 HD (1280\u00d7720), luettavissa auringonvalossa, toimii k\u00e4sineill\u00e4 ja m\u00e4rill\u00e4 sormilla.<\/li>\n<li><strong>Prosessori:<\/strong> Qualcomm Snapdragon\u2122 660 oktaydin, 2,2 GHz.<\/li>\n<li><strong>Grafiikka:<\/strong> Adreno\u2122 512 GPU: Integroitu Adreno\u2122 512 GPU<\/li>\n<li><strong>Muisti:<\/strong> RAM-MUISTI: 4 GT<\/li>\n<li><strong>Varastointi:<\/strong> Laajennettavissa microSD-muistikortilla 256 gigatavuun asti.<\/li>\n<li><strong>Liitett\u00e4vyys:<\/strong> Wi-Fi 802.11 a\/b\/g\/n\/ac\/r\/k\/v, Bluetooth 5.0.<\/li>\n<li><strong>Rugged sertifioinnit:<\/strong> 2,4 metrin pudotuskest\u00e4vyys saappaan kanssa.<\/li>\n<li><strong>Skannaus:<\/strong> SE4750 tai SE4770 1D\/2D yritysluokan skanneri<\/li>\n<li><strong>Akku: 4620<\/strong> mAh Li-Ion, vaihdettava akkuk\u00e4ytt\u00f6\u00f6n<\/li>\n<li><strong>Mitat ja paino: 155 \u00d7<\/strong> 75,5 \u00d7 18,6 mm, noin 260 g. <\/li>\n<li><strong>Takuu: <\/strong>Takuu: Saatavana EX-DEMO (12 kuukauden takuu) tai NEW IN BOX (2 vuoden takuu).<\/li>\n<\/ul>\n<p><strong>Valitse oikea malli alla, ennen kuin lis\u00e4\u00e4t sen ostoskoriin.<\/strong><\/p>\n","protected":false},"author":24,"featured_media":44221,"template":"","meta":{"_acf_changed":false,"inline_featured_image":false},"product-condition":[5267],"product_brand":[9009],"product_cat":[5134,5130,5131],"product_tag":[3894,3972,3946,3907,3959,3920,3933],"class_list":{"0":"post-47620","1":"product","2":"type-product","3":"status-publish","4":"has-post-thumbnail","6":"product-condition-ex-demo","7":"product_brand-zebra","8":"product_cat-zebra","9":"product_cat-all-barcode-scanners","10":"product_cat-refurbished-rugged-hardware","11":"product_tag-tc720l-0me24b0-a6-fi","12":"product_tag-tc720l-0me24b0-ea-fi","13":"product_tag-tc720l-0me24b0-tn-fi","14":"product_tag-tc720l-0mj24b0-a6-fi","15":"product_tag-tc720l-0mk24b0-a6-fi","16":"product_tag-tc720l-0ml24b0-a6-fi","17":"product_tag-tc720l-1me24b0-a6-fi","18":"pa_model-part-number-tc720l-0me24b0-a6","19":"pa_model-part-number-tc720l-0me24b0-ea","20":"pa_model-part-number-tc720l-0mj24b0-a6","21":"pa_model-part-number-tc720l-0mk24b0-a6","22":"pa_model-part-number-tc720l-0ml24b0-a6","23":"pa_model-part-number-tc720l-1me24b0-a6","25":"first","26":"instock","27":"taxable","28":"shipping-taxable","29":"purchasable","30":"product-type-variable"},"acf":[],"_links":{"self":[{"href":"https:\/\/micronordic.com\/fi\/wp-json\/wp\/v2\/product\/47620","targetHints":{"allow":["GET"]}}],"collection":[{"href":"https:\/\/micronordic.com\/fi\/wp-json\/wp\/v2\/product"}],"about":[{"href":"https:\/\/micronordic.com\/fi\/wp-json\/wp\/v2\/types\/product"}],"author":[{"embeddable":true,"href":"https:\/\/micronordic.com\/fi\/wp-json\/wp\/v2\/users\/24"}],"version-history":[{"count":2,"href":"https:\/\/micronordic.com\/fi\/wp-json\/wp\/v2\/product\/47620\/revisions"}],"predecessor-version":[{"id":98114,"href":"https:\/\/micronordic.com\/fi\/wp-json\/wp\/v2\/product\/47620\/revisions\/98114"}],"wp:featuredmedia":[{"embeddable":true,"href":"https:\/\/micronordic.com\/fi\/wp-json\/wp\/v2\/media\/44221"}],"wp:attachment":[{"href":"https:\/\/micronordic.com\/fi\/wp-json\/wp\/v2\/media?parent=47620"}],"wp:term":[{"taxonomy":"product-condition","embeddable":true,"href":"https:\/\/micronordic.com\/fi\/wp-json\/wp\/v2\/product-condition?post=47620"},{"taxonomy":"product_brand","embeddable":true,"href":"https:\/\/micronordic.com\/fi\/wp-json\/wp\/v2\/product_brand?post=47620"},{"taxonomy":"product_cat","embeddable":true,"href":"https:\/\/micronordic.com\/fi\/wp-json\/wp\/v2\/product_cat?post=47620"},{"taxonomy":"product_tag","embeddable":true,"href":"https:\/\/micronordic.com\/fi\/wp-json\/wp\/v2\/product_tag?post=47620"}],"curies":[{"name":"wp","href":"https:\/\/api.w.org\/{rel}","templated":true}]}}