{"id":47618,"date":"2023-01-26T21:16:34","date_gmt":"2023-01-26T20:16:34","guid":{"rendered":"https:\/\/micronordic.com\/product\/zebra-mc9300-mobiili-kammentietokone-kunnostettu\/"},"modified":"2025-11-17T12:52:02","modified_gmt":"2025-11-17T11:52:02","slug":"zebra-mc9300-mobile-handheld-computer-refurbished","status":"publish","type":"product","link":"https:\/\/micronordic.com\/fi\/product\/zebra-mc9300-mobile-handheld-computer-refurbished\/","title":{"rendered":"Zebra MC9300 Handheld Mobile Computer (EX-DEMO)"},"content":{"rendered":"<?xml encoding=\"utf-8\" ?><h2 data-start=\"195\" data-end=\"237\">Zebra MC9300 Handheld Mobile Computer<\/h2><p data-start=\"239\" data-end=\"661\"><strong data-start=\"243\" data-end=\"284\">Zebra MC9300 Handheld Mobile Computer on <\/strong> yksi Zebran k&auml;mmentietokoneiden valikoiman tehokkaimmista ja ruggedista laitteista. Se on suunniteltu vaativimpiin teollisuusymp&auml;rist&ouml;ihin, ja se tarjoaa seuraavan sukupolven suorituskyky&auml;, eritt&auml;in rugged kest&auml;vyytt&auml; ja alan johtavaa skannausta. Suositun <a href=\"https:\/\/micronordic.com\/product\/zebra-mc9200-mobile-handheld-computer-refurbished\/\">MC9200<\/a>:n seuraajana MC9300 on <strong data-start=\"566\" data-end=\"595\">paras Android-k&auml;mmenlaite varastoihin<\/strong>, tuotantolaitoksiin ja logistiikkatoimintoihin.  <\/p><p data-start=\"663\" data-end=\"924\">Micro Nordicissa Zebra MC9300 on saatavilla vain <strong data-start=\"710\" data-end=\"735\">EX-DEMO-yksikk&ouml;in&auml;.<\/strong> N&auml;m&auml; kevyesti k&auml;ytetyt laitteet tarjoavat yrityksille mahdollisuuden hankkia yritystason rugged liikkuvuutta kustannustehokkaampaan hintaan luotettavuudesta tinkim&auml;tt&auml;. EX-DEMO-yksik&ouml;ill&auml; on <strong>12 kuukauden takuu.<\/strong>  <\/p><h2 data-start=\"926\" data-end=\"963\">Zebra MC9300:n t&auml;rkeimm&auml;t ominaisuudet<\/h2><ul data-start=\"965\" data-end=\"1939\">\n<li data-start=\"965\" data-end=\"1082\">\n<p data-start=\"967\" data-end=\"1082\"><strong data-start=\"967\" data-end=\"988\">Rugged kest&auml;vyys &ndash;<\/strong> MIL-STD-810G-testattu, IP65- ja IP67-sertifioitu, kest&auml;&auml; pudotuksia, putoamisia, p&ouml;ly&auml; ja vett&auml;.<\/p>\n<\/li>\n<li data-start=\"1083\" data-end=\"1185\">\n<p data-start=\"1085\" data-end=\"1185\"><strong data-start=\"1085\" data-end=\"1096\">N&auml;ytt&ouml; &ndash;<\/strong> 4,3 tuuman WVGA-kosketusn&auml;ytt&ouml;, jossa on kehittynyt ulkoilmalukutaito ja tuki k&auml;sine-\/m&auml;rk&auml;kosketusn&auml;yt&ouml;lle.<\/p>\n<\/li>\n<li data-start=\"1186\" data-end=\"1250\">\n<p data-start=\"1188\" data-end=\"1250\"><strong data-start=\"1188\" data-end=\"1201\">Suoritin &ndash;<\/strong> Qualcomm Snapdragon&trade; 660 -oktaydinprosessori, 2,2 GHz.<\/p>\n<\/li>\n<li data-start=\"1251\" data-end=\"1352\">\n<p data-start=\"1253\" data-end=\"1352\"><strong data-start=\"1253\" data-end=\"1273\">K&auml;ytt&ouml;j&auml;rjestelm&auml; &ndash;<\/strong> Android 8.1 Oreo, p&auml;ivitett&auml;viss&auml; Zebran LifeGuard&trade; for Android -tuen avulla.<\/p>\n<\/li>\n<li data-start=\"1353\" data-end=\"1379\">\n<p data-start=\"1355\" data-end=\"1379\"><strong data-start=\"1355\" data-end=\"1365\">Muisti &ndash;<\/strong> 4 GB RAM-muistia.<\/p>\n<\/li>\n<li data-start=\"1380\" data-end=\"1450\">\n<p data-start=\"1382\" data-end=\"1450\"><strong data-start=\"1382\" data-end=\"1393\">Tallennustila &ndash;<\/strong> 32 Gt sis&auml;inen, laajennettavissa 256 Gt:iin microSD-muistikortilla.<\/p>\n<\/li>\n<li data-start=\"1451\" data-end=\"1568\">\n<p data-start=\"1453\" data-end=\"1568\"><strong data-start=\"1453\" data-end=\"1465\">Skannaus &ndash;<\/strong> SE965 1D-laser, SE4750 tai SE4850 laajennetun kantaman kuvantimet 1D\/2D-viivakoodeja varten, jopa 70 ft:n et&auml;isyydelle.<\/p>\n<\/li>\n<li data-start=\"1569\" data-end=\"1653\">\n<p data-start=\"1571\" data-end=\"1653\"><strong data-start=\"1571\" data-end=\"1587\">Liitett&auml;vyys &ndash;<\/strong> Wi-Fi 802.11 a\/b\/g\/n\/ac, Bluetooth 5.0, NFC ja GPS-tuki.<\/p>\n<\/li>\n<li data-start=\"1654\" data-end=\"1755\">\n<p data-start=\"1656\" data-end=\"1755\"><strong data-start=\"1656\" data-end=\"1667\">Akku &ndash;<\/strong> 7000 mAh PowerPrecision+ -akku, jossa on hot-swap-tuki koko vuorokauden tuottavuutta varten.<\/p>\n<\/li>\n<li data-start=\"1756\" data-end=\"1856\">\n<p data-start=\"1758\" data-end=\"1856\"><strong data-start=\"1758\" data-end=\"1773\">Muoto &ndash;<\/strong> Gun-tyylinen n&auml;pp&auml;imist&ouml;laite, jossa on useita n&auml;pp&auml;imist&ouml;kokoonpanoja joustavuuden vuoksi.<\/p>\n<\/li>\n<li data-start=\"1857\" data-end=\"1939\">\n<p data-start=\"1859\" data-end=\"1939\"><strong data-start=\"1859\" data-end=\"1875\">Saatavuus &ndash;<\/strong> Saatavana ainoastaan <strong data-start=\"1903\" data-end=\"1920\">EX-DEMO-yksikk&ouml;in&auml;<\/strong> Micro Nordicilta.<\/p>\n<\/li>\n<\/ul><h2 data-start=\"1941\" data-end=\"1978\">Zebra MC9300:n t&auml;rkeimm&auml;t edut<\/h2><h3 data-start=\"1980\" data-end=\"2028\">Eritt&auml;in rugged muotoilu vaativiin ymp&auml;rist&ouml;ihin<\/h3><p data-start=\"2029\" data-end=\"2233\">MC9300 on rakennettu kest&auml;m&auml;&auml;n kovimmatkin teolliset k&auml;ytt&ouml;tapaukset. Se kest&auml;&auml; pudotuksia, &auml;&auml;rimm&auml;isi&auml; l&auml;mp&ouml;tiloja, p&ouml;ly&auml; ja vett&auml;, joten se on yksi luotettavimmista k&auml;mmenlaitteista, joita on saatavilla raskaisiin ty&ouml;nkulkuihin. <\/p><h3 data-start=\"2235\" data-end=\"2266\">Ylivoimainen viivakoodin skannaus<\/h3><p data-start=\"2267\" data-end=\"2524\">Lis&auml;varusteena saatavien laajennetun kantaman kuvantimien avulla MC9300 voi tallentaa viivakoodeja sek&auml; l&auml;hiet&auml;isyydelt&auml; ett&auml; jopa 21 metrin (70 ft) et&auml;isyydelt&auml;. Siksi se sopii erinomaisesti varastoihin ja jakelukeskuksiin, joissa ty&ouml;ntekij&ouml;iden on skannattava trukista, hyllyilt&auml; tai kuormalavoilta. <\/p><h3 data-start=\"2526\" data-end=\"2559\">Android Enterprise Platform<\/h3><p data-start=\"2560\" data-end=\"2822\">MC9300 k&auml;ytt&auml;&auml; Androidia Zebran Mobility DNA -ty&ouml;kalujen avulla, mik&auml; takaa sujuvan toiminnan, pitk&auml;n elinkaaren tuen ja jatkuvat k&auml;ytt&ouml;j&auml;rjestelm&auml;n tietoturvap&auml;ivitykset LifeGuard&trade; for Androidin avulla. Se tarjoaa Androidin tuttuuden ja yritystason mukauttamisen ja tietoturvan. <\/p><h3 data-start=\"2824\" data-end=\"2856\">Optimoitu tuottavuutta varten<\/h3><p data-start=\"2857\" data-end=\"3098\">Suurella 4,3 tuuman n&auml;yt&ouml;ll&auml;, muokattavilla n&auml;pp&auml;imist&ouml;ill&auml; ja suurikapasiteettisella akulla varustettu MC9300 on suunniteltu maksimoimaan k&auml;ytt&ouml;aika ja k&auml;ytt&auml;j&auml;n tehokkuus. Ty&ouml;ntekij&auml;t voivat tehd&auml; pitki&auml; ty&ouml;vuoroja ilman k&auml;ytt&ouml;katkoksia jopa haastavissa ymp&auml;rist&ouml;iss&auml;. <\/p><h3 data-start=\"3100\" data-end=\"3141\">Kustannustehokas EX-DEMO saatavuus<\/h3><p data-start=\"3142\" data-end=\"3455\">Micro Nordic tarjoaa MC9300:a <strong data-start=\"3173\" data-end=\"3205\">yksinomaan EX-DEMO-yksikk&ouml;in&auml;.<\/strong> N&auml;it&auml; laitteita on k&auml;ytetty kevyesti esittelyss&auml;, mutta niiss&auml; on t&auml;ysi yritystoiminnallisuus. Yrityksille t&auml;m&auml; on kustannustehokas tapa ottaa k&auml;ytt&ouml;&ouml;n yksi Zebran edistyksellisimmist&auml; rugged k&auml;mmenlaitteista ilman uusien laitteiden korkeaa hintaa.  <\/p><h2 data-start=\"3457\" data-end=\"3494\">Ihanteelliset k&auml;ytt&ouml;tapaukset Zebra MC9300:lle<\/h2><ul data-start=\"3496\" data-end=\"3974\">\n<li data-start=\"3496\" data-end=\"3626\">\n<p data-start=\"3498\" data-end=\"3626\"><strong data-start=\"3498\" data-end=\"3530\">Varastointi ja jakelu &ndash;<\/strong> Laajemman kantaman skannaus ja rugged rakenne varastonhallintaan, poimintaan ja vastaanottoon.<\/p>\n<\/li>\n<li data-start=\"3627\" data-end=\"3758\">\n<p data-start=\"3629\" data-end=\"3758\"><strong data-start=\"3629\" data-end=\"3646\">Teollisuus &ndash;<\/strong> Luotettava suorituskyky vaativissa teollisuustiloissa, kuten kylm&auml;varastoissa ja vaarallisissa ymp&auml;rist&ouml;iss&auml;.<\/p>\n<\/li>\n<li data-start=\"3759\" data-end=\"3872\">\n<p data-start=\"3761\" data-end=\"3872\"><strong data-start=\"3761\" data-end=\"3793\">Kuljetus ja logistiikka &ndash;<\/strong> Reaaliaikainen tiedonkeruu ja rugged liikkuvuus auto- ja rahtiliikenteess&auml;.<\/p>\n<\/li>\n<li data-start=\"3873\" data-end=\"3974\">\n<p data-start=\"3875\" data-end=\"3974\"><strong data-start=\"3875\" data-end=\"3905\">V&auml;hitt&auml;iskaupan takahuonetoiminnot &ndash;<\/strong> Laajamittainen varastonk&auml;sittely ja varastosta myym&auml;l&auml;&auml;n -logistiikka.<\/p>\n<\/li>\n<\/ul><h2 data-start=\"3976\" data-end=\"4027\">Tuotevertailut: Zebra MC9300 Vaihtoehdot<\/h2><p data-start=\"4029\" data-end=\"4108\">Micro Nordic tarjoaa my&ouml;s yrityksille, jotka arvioivat rugged liikkuvuusvaihtoehtoja:<\/p><ul data-start=\"4110\" data-end=\"4537\">\n<li data-start=\"4110\" data-end=\"4237\">\n<p data-start=\"4112\" data-end=\"4237\"><a href=\"https:\/\/micronordic.com\/product\/zebra-mc9200-mobile-handheld-computer-refurbished\/\"><strong data-start=\"4112\" data-end=\"4142\">Zebra MC9200 Handheld Mobile Computer <\/strong><\/a> &ndash; MC9300:n edelt&auml;j&auml;, joka on edelleen suosittu Windows CE:n ja Androidin siirtymiss&auml;.<\/p>\n<\/li>\n<li data-start=\"4238\" data-end=\"4384\">\n<p data-start=\"4240\" data-end=\"4384\"><a href=\"https:\/\/micronordic.com\/product\/zebra-tc77-mobile-handheld-computer-refurbished\/\"><strong data-start=\"4240\" data-end=\"4296\">Zebra TC77 Handheld Mobile Computer <\/strong><\/a>&ndash; Pienempi, kosketusn&auml;ytt&ouml;&ouml;n keskittyv&auml; rugged kannettava tietokone, jossa on sek&auml; Wi-Fi- ett&auml; matkapuhelinominaisuudet.<\/p>\n<\/li>\n<li data-start=\"4385\" data-end=\"4537\">\n<p data-start=\"4387\" data-end=\"4537\"><a href=\"https:\/\/micronordic.com\/product\/honeywell-ct40xp-mobile-handheld-computer-refurbished\/\"><strong data-start=\"4387\" data-end=\"4430\">Honeywell CT40 Handheld Mobile Computer <\/strong> <\/a>&ndash; Kevyt vaihtoehto, joka tarjoaa yritystason kest&auml;vyytt&auml; v&auml;hitt&auml;iskaupassa, terveydenhuollossa ja logistiikassa.<\/p>\n<\/li>\n<\/ul>\n","protected":false},"excerpt":{"rendered":"<p>VALITSE ALLA OLEVA VAIHTOEHTO! Soita meille, jos tarvitset apua oikean tuotevaihtoehdon l\u00f6yt\u00e4misess\u00e4. <\/p>\n<h3>Tekniset tiedot:<\/h3>\n<ul>\n<li><strong>N\u00e4ytt\u00f6:<\/strong> 4,3\u2033 WVGA (800\u00d7480), luettavissa ulkona, toimii k\u00e4sineill\u00e4 ja kostealla kosketuksella.<\/li>\n<li><strong>Prosessori:<\/strong> Qualcomm Snapdragon\u2122 660 oktaydin, 2,2 GHz.<\/li>\n<li><strong>Grafiikka:<\/strong> Adreno\u2122 512 GPU: Integroitu Adreno\u2122 512 GPU<\/li>\n<li><strong>Muisti:<\/strong> RAM-MUISTI: 4 GT<\/li>\n<li><strong>Varastointi:<\/strong> Laajennettavissa microSD-muistikortilla 256 gigatavuun asti.<\/li>\n<li><strong>Liitett\u00e4vyys:<\/strong> Wi-Fi 802.11 a\/b\/g\/n\/ac, Bluetooth 5.0, NFC, GPS.<\/li>\n<li><strong>Rugged sertifioinnit:<\/strong> MIL-STD-810G, IP65\/IP67, pudotustestattu.<\/li>\n<li><strong>Skannaus:<\/strong> SE965 1D-laser, SE4750\/SE4850 1D\/2D-kuvauslaitteita laajennetulla kantamalla.<\/li>\n<li><strong>Akku: 7000<\/strong> mAh Li-Ion, vaihdettava akkuk\u00e4ytt\u00f6\u00f6n<\/li>\n<li><strong>Mitat ja paino: 231 \u00d7<\/strong> 88 \u00d7 189 mm, noin 765 g. <\/li>\n<li><strong>Takuu:<\/strong> 12 kuukauden takuu: Saatavana vain EX-DEMO-yksikk\u00f6in\u00e4.<\/li>\n<\/ul>\n<p><strong>Valitse oikea malli alla, ennen kuin lis\u00e4\u00e4t sen ostoskoriin.<\/strong><\/p>\n","protected":false},"author":24,"featured_media":100487,"template":"","meta":{"_acf_changed":false,"inline_featured_image":false},"product-condition":[5267],"product_brand":[9009],"product_cat":[5130,5131,5134],"product_tag":[],"class_list":{"0":"post-47618","1":"product","2":"type-product","3":"status-publish","4":"has-post-thumbnail","6":"product-condition-ex-demo","7":"product_brand-zebra","8":"product_cat-all-barcode-scanners","9":"product_cat-refurbished-rugged-hardware","10":"product_cat-zebra","11":"pa_model-part-number-mc930p-gshcg4rw","12":"pa_model-part-number-mc930p-gsjbg4rww","13":"pa_model-part-number-mc930p-gsjcg4rw","14":"pa_model-part-number-mc930p-gsjdg4rww","15":"pa_model-part-number-mc930p-gsjeg4rw","16":"pa_model-part-number-mc930p-gsjgg4rww","17":"pa_model-part-number-mc930p-gsjhg4rw","19":"first","20":"instock","21":"taxable","22":"shipping-taxable","23":"purchasable","24":"product-type-variable","25":"has-default-attributes"},"acf":[],"_links":{"self":[{"href":"https:\/\/micronordic.com\/fi\/wp-json\/wp\/v2\/product\/47618","targetHints":{"allow":["GET"]}}],"collection":[{"href":"https:\/\/micronordic.com\/fi\/wp-json\/wp\/v2\/product"}],"about":[{"href":"https:\/\/micronordic.com\/fi\/wp-json\/wp\/v2\/types\/product"}],"author":[{"embeddable":true,"href":"https:\/\/micronordic.com\/fi\/wp-json\/wp\/v2\/users\/24"}],"version-history":[{"count":2,"href":"https:\/\/micronordic.com\/fi\/wp-json\/wp\/v2\/product\/47618\/revisions"}],"predecessor-version":[{"id":98129,"href":"https:\/\/micronordic.com\/fi\/wp-json\/wp\/v2\/product\/47618\/revisions\/98129"}],"wp:featuredmedia":[{"embeddable":true,"href":"https:\/\/micronordic.com\/fi\/wp-json\/wp\/v2\/media\/100487"}],"wp:attachment":[{"href":"https:\/\/micronordic.com\/fi\/wp-json\/wp\/v2\/media?parent=47618"}],"wp:term":[{"taxonomy":"product-condition","embeddable":true,"href":"https:\/\/micronordic.com\/fi\/wp-json\/wp\/v2\/product-condition?post=47618"},{"taxonomy":"product_brand","embeddable":true,"href":"https:\/\/micronordic.com\/fi\/wp-json\/wp\/v2\/product_brand?post=47618"},{"taxonomy":"product_cat","embeddable":true,"href":"https:\/\/micronordic.com\/fi\/wp-json\/wp\/v2\/product_cat?post=47618"},{"taxonomy":"product_tag","embeddable":true,"href":"https:\/\/micronordic.com\/fi\/wp-json\/wp\/v2\/product_tag?post=47618"}],"curies":[{"name":"wp","href":"https:\/\/api.w.org\/{rel}","templated":true}]}}