{"id":47616,"date":"2023-01-26T21:09:46","date_gmt":"2023-01-26T20:09:46","guid":{"rendered":"https:\/\/micronordic.com\/product\/zebra-mc3300-mobiili-kammentietokone-kunnostettu\/"},"modified":"2025-11-17T14:31:20","modified_gmt":"2025-11-17T13:31:20","slug":"zebra-mc3300-mobile-handheld-computer-refurbished","status":"publish","type":"product","link":"https:\/\/micronordic.com\/fi\/product\/zebra-mc3300-mobile-handheld-computer-refurbished\/","title":{"rendered":"Zebra MC3300 Handheld Mobile Computer (EX-DEMO)"},"content":{"rendered":"<?xml encoding=\"utf-8\" ?><h2 data-start=\"231\" data-end=\"283\">Zebra MC3300 Handheld Mobile Computer (EX-DEMO)<\/h2><p data-start=\"285\" data-end=\"603\"><strong data-start=\"289\" data-end=\"330\">Zebra MC3300 Handheld Mobile Computer on <\/strong>monipuolinen keskitason yrityslaite, jossa yhdistyv&auml;t rugged muotoilu, luotettava suorituskyky ja useat muotovaihtoehdot. Suositun <a href=\"https:\/\/micronordic.com\/product\/zebra-mc3200-mobile-handheld-computer-refurbished\/\">MC3200<\/a>:n seuraajana MC3300 tarjoaa nopeamman prosessoinnin, kehittyneen Android-tuen ja parannetut skannausominaisuudet. <\/p><p data-start=\"605\" data-end=\"884\">Micro Nordic tarjoaa MC3300:a ainoastaan <strong data-start=\"644\" data-end=\"669\">EX-DEMO-yksikk&ouml;in&auml;.<\/strong> N&auml;m&auml; kevyesti k&auml;ytetyt laitteet tarjoavat organisaatioille mahdollisuuden ottaa k&auml;ytt&ouml;&ouml;n yritystason rugged liikkuvuutta huomattavasti alhaisemmilla kustannuksilla ja hy&ouml;ty&auml; samalla Zebran todistetusta kest&auml;vyydest&auml; ja suorituskyvyst&auml;. Ex-Demo-yksik&ouml;ihin sis&auml;ltyy <strong data-start=\"24\" data-end=\"44\">12 kuukauden takuu.<\/strong>  <\/p><h2 data-start=\"886\" data-end=\"923\">Zebra MC3300:n t&auml;rkeimm&auml;t ominaisuudet<\/h2><ul data-start=\"925\" data-end=\"1795\">\n<li data-start=\"925\" data-end=\"1029\">\n<p data-start=\"927\" data-end=\"1029\"><strong data-start=\"927\" data-end=\"948\">Rugged kest&auml;vyys &ndash;<\/strong> MIL-STD-810G-sertifioitu, IP54-luokiteltu ja rakennettu kest&auml;m&auml;&auml;n pudotuksia 1,5 metrist&auml;.<\/p>\n<\/li>\n<li data-start=\"1030\" data-end=\"1107\">\n<p data-start=\"1032\" data-end=\"1107\"><strong data-start=\"1032\" data-end=\"1043\">N&auml;ytt&ouml; &ndash;<\/strong> 4,0&Prime; WVGA-kosketusn&auml;ytt&ouml;, jossa on valinnainen n&auml;pp&auml;imist&ouml; sekasy&ouml;tt&ouml;&auml; varten.<\/p>\n<\/li>\n<li data-start=\"1108\" data-end=\"1172\">\n<p data-start=\"1110\" data-end=\"1172\"><strong data-start=\"1110\" data-end=\"1123\">Suoritin &ndash;<\/strong> Qualcomm Snapdragon&trade; 660 -oktaydinprosessori, 2,2 GHz.<\/p>\n<\/li>\n<li data-start=\"1173\" data-end=\"1278\">\n<p data-start=\"1175\" data-end=\"1278\"><strong data-start=\"1175\" data-end=\"1195\">K&auml;ytt&ouml;j&auml;rjestelm&auml; &ndash;<\/strong> Android 7.0 Nougat, p&auml;ivitett&auml;viss&auml; Android 11:een Zebran LifeGuard&trade;-tuella.<\/p>\n<\/li>\n<li data-start=\"1279\" data-end=\"1305\">\n<p data-start=\"1281\" data-end=\"1305\"><strong data-start=\"1281\" data-end=\"1291\">Muisti &ndash;<\/strong> 4 GB RAM-muistia.<\/p>\n<\/li>\n<li data-start=\"1306\" data-end=\"1384\">\n<p data-start=\"1308\" data-end=\"1384\"><strong data-start=\"1308\" data-end=\"1319\">Tallennustila &ndash;<\/strong> 16 Gt \/ 32 Gt sis&auml;inen, laajennettavissa microSD-muistikortilla 256 Gt:iin asti.<\/p>\n<\/li>\n<li data-start=\"1385\" data-end=\"1486\">\n<p data-start=\"1387\" data-end=\"1486\"><strong data-start=\"1387\" data-end=\"1399\">Skannaus &ndash;<\/strong> Useita skannerivaihtoehtoja, mukaan lukien SE4750 1D\/2D-kuvaaja ja laajennetun kantaman mallit.<\/p>\n<\/li>\n<li data-start=\"1487\" data-end=\"1554\">\n<p data-start=\"1489\" data-end=\"1554\"><strong data-start=\"1489\" data-end=\"1505\">Liitett&auml;vyys &ndash;<\/strong> Wi-Fi 802.11 a\/b\/g\/n\/ac, Bluetooth 5.0, NFC.<\/p>\n<\/li>\n<li data-start=\"1555\" data-end=\"1624\">\n<p data-start=\"1557\" data-end=\"1624\"><strong data-start=\"1557\" data-end=\"1568\">Akku &ndash;<\/strong> 2700 mAh tai 5200 mAh Li-Ion-akku, vaihdettavissa.<\/p>\n<\/li>\n<li data-start=\"1625\" data-end=\"1733\">\n<p data-start=\"1627\" data-end=\"1733\"><strong data-start=\"1627\" data-end=\"1643\">Muotoilutekij&auml;t &ndash;<\/strong> Saatavana tiili-, pistooli-, torni- ja py&ouml;riv&auml;n p&auml;&auml;n muotoilu ergonomisen joustavuuden varmistamiseksi.<\/p>\n<\/li>\n<li data-start=\"1734\" data-end=\"1795\">\n<p data-start=\"1736\" data-end=\"1795\"><strong data-start=\"1736\" data-end=\"1752\">Saatavuus &ndash;<\/strong> Myyd&auml;&auml;n yksinomaan <strong data-start=\"1775\" data-end=\"1792\">EX-DEMO-yksikk&ouml;in&auml;<\/strong>.<\/p>\n<\/li>\n<\/ul><h2 data-start=\"1797\" data-end=\"1834\">Zebra MC3300:n t&auml;rkeimm&auml;t edut<\/h2><h3 data-start=\"1836\" data-end=\"1870\">Joustavat muototekij&auml;vaihtoehdot<\/h3><p data-start=\"1871\" data-end=\"2154\">MC3300 on yksi Zebran monipuolisimmista kannettavista tulostimista, ja se tarjoaa erilaisia kokoonpanoja (pistoolin kahva, revolveri tai py&ouml;riv&auml; p&auml;&auml;), jotka sopivat tiettyihin ty&ouml;nkulkuihin. N&auml;in se soveltuu v&auml;hitt&auml;iskauppa-, varasto- ja tuotantoymp&auml;rist&ouml;ihin, joissa skannauskulmilla ja ergonomialla on merkityst&auml;. <\/p><h3 data-start=\"2156\" data-end=\"2194\">Luotettava skannaus jokaiseen teht&auml;v&auml;&auml;n<\/h3><p data-start=\"2195\" data-end=\"2449\">Kehittyneiden skannausmoottoreiden ansiosta MC3300 lukee sek&auml; 1D- ett&auml; 2D-viivakoodit nopeasti ja tarkasti. Laajennetun kantaman vaihtoehtojen ansiosta ty&ouml;ntekij&auml;t voivat tallentaa viivakoodeja lyhyilt&auml; et&auml;isyyksilt&auml; tai pitkien varastok&auml;yt&auml;vien yli, mik&auml; v&auml;hent&auml;&auml; virheit&auml; ja lis&auml;&auml; tuottavuutta. <\/p><h3 data-start=\"2451\" data-end=\"2481\">Android Enterprise Ready<\/h3><p data-start=\"2482\" data-end=\"2718\">Android-k&auml;ytt&ouml;j&auml;rjestelm&auml;ll&auml; varustettu ja Zebran LifeGuard&trade; for Android -tuen tukema MC3300 tarjoaa pitk&auml;aikaisia tietoturvap&auml;ivityksi&auml; ja yrityksen vakautta. Yritykset saavat Androidin tuttuuden yhdistettyn&auml; Zebran yritystason r&auml;&auml;t&auml;l&ouml;intiin. <\/p><h3 data-start=\"2720\" data-end=\"2748\">Rugged mutta kevyt<\/h3><p data-start=\"2749\" data-end=\"2989\">MC3300 on rakennettu riitt&auml;v&auml;n kest&auml;v&auml;ksi jokap&auml;iv&auml;iseen teollisuusk&auml;ytt&ouml;&ouml;n, mutta se on silti kevyt, jotta se olisi mukava koko p&auml;iv&auml;n. IP54-luokituksen ja kest&auml;v&auml;n rakenteen ansiosta se kest&auml;&auml; p&ouml;ly&auml;, roiskeita ja putoamisia, joten se on luotettava haastavissa ty&ouml;ymp&auml;rist&ouml;iss&auml;. <\/p><h3 data-start=\"2991\" data-end=\"3026\">Akkuvirta vastaa vuoroja<\/h3><p data-start=\"3027\" data-end=\"3244\">Kahden akkuvaihtoehdon &ndash; vakio 2700 mAh ja laajennettu 5200 mAh &ndash; avulla MC3300 voidaan r&auml;&auml;t&auml;l&ouml;id&auml; ty&ouml;vuoron pituuden mukaan. Hot-swappable-ominaisuus varmistaa, ett&auml; ty&ouml;ntekij&auml;t voivat vaihtaa akut toimintoja keskeytt&auml;m&auml;tt&auml;. <\/p><h3 data-start=\"3246\" data-end=\"3290\">Kustannuss&auml;&auml;st&ouml;t EX-DEMO-saatavuuden ansiosta<\/h3><p data-start=\"3291\" data-end=\"3575\">Micro Nordicilla MC3300 on saatavilla vain <strong data-start=\"3340\" data-end=\"3357\">EX-DEMO-yksikk&ouml;in&auml;, joten<\/strong> se <strong data-start=\"3340\" data-end=\"3357\">on<\/strong> erinomainen valinta yrityksille, jotka haluavat laajentaa rugged liikkuvuutta ilman uusien laitteiden kustannuksia. Jokaista yksikk&ouml;&auml; on k&auml;sitelty kevyesti esittely&auml; varten, mutta siin&auml; on kaikki yritystoiminnot. <\/p><h2 data-start=\"3577\" data-end=\"3614\">Ihanteelliset k&auml;ytt&ouml;tapaukset Zebra MC3300:lle<\/h2><ul data-start=\"3616\" data-end=\"3950\">\n<li data-start=\"3616\" data-end=\"3697\">\n<p data-start=\"3618\" data-end=\"3697\"><strong data-start=\"3618\" data-end=\"3628\">V&auml;hitt&auml;iskauppa &ndash;<\/strong> Varastotarkastukset, mobiilimyyntipiste ja takahuoneen hallinta.<\/p>\n<\/li>\n<li data-start=\"3698\" data-end=\"3789\">\n<p data-start=\"3700\" data-end=\"3789\"><strong data-start=\"3700\" data-end=\"3715\">Varastointi &ndash;<\/strong> Poiminta, pakkaus, vastaanotto ja kiertolaskenta luotettavalla skannauksella.<\/p>\n<\/li>\n<li data-start=\"3790\" data-end=\"3871\">\n<p data-start=\"3792\" data-end=\"3871\"><strong data-start=\"3792\" data-end=\"3809\">Valmistus &ndash;<\/strong> Kest&auml;v&auml; suunnittelu kokoonpanolinjoja ja tehtaan sis&auml;ist&auml; logistiikkaa varten.<\/p>\n<\/li>\n<li data-start=\"3872\" data-end=\"3950\">\n<p data-start=\"3874\" data-end=\"3950\"><strong data-start=\"3874\" data-end=\"3891\">Kentt&auml;huolto &ndash;<\/strong> Rugged ja silti riitt&auml;v&auml;n liikkuva asiakastukeen paikan p&auml;&auml;ll&auml;.<\/p>\n<\/li>\n<\/ul><h2 data-start=\"3952\" data-end=\"4003\">Tuotevertailut: Zebra MC3300 Vaihtoehdot<\/h2><p data-start=\"4005\" data-end=\"4107\">Vaihtoehtoja arvioiville organisaatioille Micro Nordic tarjoaa my&ouml;s muita rugged kannettavia tietokoneita:<\/p><ul data-start=\"4109\" data-end=\"4516\">\n<li data-start=\"4109\" data-end=\"4235\">\n<p data-start=\"4111\" data-end=\"4235\"><a href=\"https:\/\/micronordic.com\/product\/zebra-mc9300-mobile-handheld-computer-refurbished\/\"><strong data-start=\"4111\" data-end=\"4162\">Zebra MC9300 Handheld <\/strong><\/a><strong data-start=\"4111\" data-end=\"4162\"><a href=\"https:\/\/micronordic.com\/product\/zebra-mc9300-mobile-handheld-computer-refurbished\/\">Mobiilitietokone<\/a><\/strong> &ndash; Suurempi, eritt&auml;in rugged Android-laite raskaaseen teollisuusk&auml;ytt&ouml;&ouml;n.<\/p>\n<\/li>\n<li data-start=\"4236\" data-end=\"4377\">\n<p data-start=\"4238\" data-end=\"4377\"><a href=\"https:\/\/micronordic.com\/product\/zebra-tc720l-rugged-touch-computer-refurbished\/\"><strong data-start=\"4238\" data-end=\"4284\">Zebra TC72 Handheld Mobile Computer<\/strong> <\/a>Kosketusn&auml;ytt&ouml;&ouml;n keskittyv&auml; rugged laite, jossa on Wi-Fi-first-suunnittelu, ihanteellinen v&auml;hitt&auml;iskaupassa ja ravintola-alalla.<\/p>\n<\/li>\n<li data-start=\"4378\" data-end=\"4516\">\n<p data-start=\"4380\" data-end=\"4516\"><a href=\"https:\/\/micronordic.com\/product\/honeywell-ct40xp-mobile-handheld-computer-refurbished\/\"><strong data-start=\"4380\" data-end=\"4423\">Honeywell CT40 Handheld <\/strong><\/a><strong data-start=\"4380\" data-end=\"4423\"><a href=\"https:\/\/micronordic.com\/product\/zebra-mc9300-mobile-handheld-computer-refurbished\/\">Mobiilitietokone<\/a><\/strong> &ndash; Kompakti ja kevyt vaihtoehto, jossa on tasapaino edullisuuden ja yritysominaisuuksien v&auml;lill&auml;.<\/p>\n<\/li>\n<\/ul>\n","protected":false},"excerpt":{"rendered":"<p>VALITSE ALLA OLEVA VAIHTOEHTO! Soita meille, jos tarvitset apua oikean tuotevaihtoehdon l\u00f6yt\u00e4misess\u00e4. <\/p>\n<h3>Tekniset tiedot:<\/h3>\n<ul>\n<li><strong>N\u00e4ytt\u00f6:<\/strong> WVGA-kosketusn\u00e4ytt\u00f6, jossa on n\u00e4pp\u00e4imist\u00f6vaihtoehdot.<\/li>\n<li><strong>Prosessori:<\/strong> Qualcomm Snapdragon\u2122 660 oktaydin, 2,2 GHz.<\/li>\n<li><strong>Grafiikka:<\/strong> Adreno\u2122 512 GPU: Integroitu Adreno\u2122 512 GPU<\/li>\n<li><strong>Muisti:<\/strong> RAM-MUISTI: 4 GT<\/li>\n<li><strong>Varastointi:<\/strong> Laajennettavissa microSD-muistikortilla jopa 256 Gt:iin asti.<\/li>\n<li><strong>Liitett\u00e4vyys:<\/strong> Wi-Fi 802.11 a\/b\/g\/n\/ac, Bluetooth 5.0, NFC.<\/li>\n<li><strong>Rugged sertifioinnit:<\/strong> 1,5 metrin pudotuskest\u00e4vyys: MIL-STD-810G, IP54, 1,5 metrin pudotuskest\u00e4vyys<\/li>\n<li><strong>Skannaus:<\/strong> SE4750 1D\/2D-kuvauslaite, laajennetun kantaman optiot<\/li>\n<li><strong>Akku: 2700<\/strong> mAh tai 5200 mAh Li-Ion, vaihdettavissa tarvittaessa<\/li>\n<li><strong>Mitat ja paino: 202 \u00d7<\/strong> 74 \u00d7 34 mm, noin 365 g. <\/li>\n<li><strong>Takuu:<\/strong> Takuu: Ex-Demo -yksik\u00f6ill\u00e4 on 12 kuukauden takuu.<\/li>\n<\/ul>\n<p><strong>Valitse oikea malli alla, ennen kuin lis\u00e4\u00e4t sen ostoskoriin.<\/strong><\/p>\n","protected":false},"author":24,"featured_media":100457,"template":"","meta":{"_acf_changed":false,"inline_featured_image":false},"product-condition":[5267],"product_brand":[9009],"product_cat":[5131,5130,5134],"product_tag":[],"class_list":{"0":"post-47616","1":"product","2":"type-product","3":"status-publish","4":"has-post-thumbnail","6":"product-condition-ex-demo","7":"product_brand-zebra","8":"product_cat-refurbished-rugged-hardware","9":"product_cat-all-barcode-scanners","10":"product_cat-zebra","11":"pa_model-part-number-mc330m-gj2ha2rww","12":"pa_model-part-number-mc330m-gj3hg2rw","13":"pa_model-part-number-mc330m-gj4ha2rww","14":"pa_model-part-number-mc330m-gj4hg2rw","15":"pa_model-part-number-mc330m-sj2hg2rw","16":"pa_model-part-number-mc330m-sj3hg2rw","17":"pa_model-part-number-mc330m-sk3hg2rww","19":"first","20":"instock","21":"taxable","22":"shipping-taxable","23":"purchasable","24":"product-type-variable"},"acf":[],"_links":{"self":[{"href":"https:\/\/micronordic.com\/fi\/wp-json\/wp\/v2\/product\/47616","targetHints":{"allow":["GET"]}}],"collection":[{"href":"https:\/\/micronordic.com\/fi\/wp-json\/wp\/v2\/product"}],"about":[{"href":"https:\/\/micronordic.com\/fi\/wp-json\/wp\/v2\/types\/product"}],"author":[{"embeddable":true,"href":"https:\/\/micronordic.com\/fi\/wp-json\/wp\/v2\/users\/24"}],"version-history":[{"count":3,"href":"https:\/\/micronordic.com\/fi\/wp-json\/wp\/v2\/product\/47616\/revisions"}],"predecessor-version":[{"id":98138,"href":"https:\/\/micronordic.com\/fi\/wp-json\/wp\/v2\/product\/47616\/revisions\/98138"}],"wp:featuredmedia":[{"embeddable":true,"href":"https:\/\/micronordic.com\/fi\/wp-json\/wp\/v2\/media\/100457"}],"wp:attachment":[{"href":"https:\/\/micronordic.com\/fi\/wp-json\/wp\/v2\/media?parent=47616"}],"wp:term":[{"taxonomy":"product-condition","embeddable":true,"href":"https:\/\/micronordic.com\/fi\/wp-json\/wp\/v2\/product-condition?post=47616"},{"taxonomy":"product_brand","embeddable":true,"href":"https:\/\/micronordic.com\/fi\/wp-json\/wp\/v2\/product_brand?post=47616"},{"taxonomy":"product_cat","embeddable":true,"href":"https:\/\/micronordic.com\/fi\/wp-json\/wp\/v2\/product_cat?post=47616"},{"taxonomy":"product_tag","embeddable":true,"href":"https:\/\/micronordic.com\/fi\/wp-json\/wp\/v2\/product_tag?post=47616"}],"curies":[{"name":"wp","href":"https:\/\/api.w.org\/{rel}","templated":true}]}}