{"id":47614,"date":"2023-01-26T16:40:28","date_gmt":"2023-01-26T15:40:28","guid":{"rendered":"https:\/\/micronordic.com\/product\/panasonic-toughpad-fz-g1-fzg1-mk3-mk5-kunnostettu\/"},"modified":"2025-11-21T11:38:27","modified_gmt":"2025-11-21T10:38:27","slug":"refurbished-panasonic-toughpad-fz-g1","status":"publish","type":"product","link":"https:\/\/micronordic.com\/fi\/product\/refurbished-panasonic-toughpad-fz-g1\/","title":{"rendered":"Panasonic Toughpad FZ-G1 MK5 (PRE-OWNED)"},"content":{"rendered":"<?xml encoding=\"utf-8\" ?><h2 data-start=\"209\" data-end=\"264\">Panasonic Toughpad FZ-G1 MK5 (Certified Pre-Owned)<\/h2><p data-start=\"266\" data-end=\"588\"><strong data-start=\"270\" data-end=\"302\">Panasonic Toughpad FZ-G1 MK5 on<\/strong> Fully Rugged Windows-tabletti, joka on suunniteltu kentt&auml;k&auml;ytt&ouml;&ouml;n, teollisuuden ty&ouml;nkulkuun ja kriittisiin sovelluksiin. Panasonicin ikonisen FZ-G1-sarjan viidennen sukupolven (MK5) mallina t&auml;ss&auml; laitteessa yhdistyv&auml;t todistetusti rugged luotettavuus, parannettu suorituskyky ja pitk&auml;aikainen tuki.<\/p><p data-start=\"590\" data-end=\"965\">Micro Nordicilla FZ-G1 MK5 on saatavilla <strong data-start=\"637\" data-end=\"660\">Certified Pre-Owned<\/strong>-myyntin&auml; <strong data-start=\"637\" data-end=\"660\">12 kuukauden takuulla.<\/strong> Jokaiselle laitteelle on tehty kattava kunnostus, johon sis&auml;ltyy laitteistokorjauksia, komponenttien vaihtoja, ohjelmistojen uudelleenasennus ja tiukka testaus. N&auml;in varmistetaan, ett&auml; tabletti on palautettu l&auml;hes uudenveroiseen kuntoon, ja se tarjoaa yrityksille kustannustehokkaan tavan ottaa k&auml;ytt&ouml;&ouml;n rugged mobiililaite luotettavasti.<\/p><h2 data-start=\"967\" data-end=\"1020\">Panasonic Toughpad FZ-G1 MK5:n t&auml;rkeimm&auml;t ominaisuudet<\/h2><ul data-start=\"1022\" data-end=\"1991\">\n<li data-start=\"1022\" data-end=\"1147\">\n<p data-start=\"1024\" data-end=\"1147\"><strong data-start=\"1024\" data-end=\"1045\">Kest&auml;v&auml; kest&auml;vyys &ndash;<\/strong> T&auml;ysin rugged, MIL-STD-810G-sertifioitu, IP65-luokiteltu, suunniteltu kest&auml;m&auml;&auml;n pudotuksia, t&auml;rin&auml;&auml;, p&ouml;ly&auml; ja vett&auml;.<\/p>\n<\/li>\n<li data-start=\"1148\" data-end=\"1271\">\n<p data-start=\"1150\" data-end=\"1271\"><strong data-start=\"1150\" data-end=\"1161\">N&auml;ytt&ouml; &ndash;<\/strong> 10,1 tuuman WUXGA (1920&times;1200) -n&auml;ytt&ouml;, joka on luettavissa auringonvalossa ja jossa on jopa 800 nitsin kirkkaus ja glove-touch-tuki.<\/p>\n<\/li>\n<li data-start=\"1272\" data-end=\"1360\">\n<p data-start=\"1274\" data-end=\"1360\"><strong data-start=\"1274\" data-end=\"1287\">Suoritin &ndash;<\/strong> Intel&reg; Core&trade; i5-7300U vPro&trade; (7. sukupolvi, 2,6 GHz, turbo jopa 3,5 GHz).<\/p>\n<\/li>\n<li data-start=\"1361\" data-end=\"1459\">\n<p data-start=\"1363\" data-end=\"1459\"><strong data-start=\"1363\" data-end=\"1383\">K&auml;ytt&ouml;j&auml;rjestelm&auml; &ndash;<\/strong> Windows 10 Pro (p&auml;ivitett&auml;viss&auml; Windows 11:een kokoonpanosta riippuen).<\/p>\n<\/li>\n<li data-start=\"1460\" data-end=\"1509\">\n<p data-start=\"1462\" data-end=\"1509\"><strong data-start=\"1462\" data-end=\"1472\">Muisti &ndash;<\/strong> 8 Gt RAM-muistia (laajennettavissa 16 Gt:iin).<\/p>\n<\/li>\n<li data-start=\"1510\" data-end=\"1564\">\n<p data-start=\"1512\" data-end=\"1564\"><strong data-start=\"1512\" data-end=\"1523\">Tallennustila &ndash;<\/strong> 256 Gt SSD-levy (laajennettavissa 1 TB:iin).<\/p>\n<\/li>\n<li data-start=\"1565\" data-end=\"1653\">\n<p data-start=\"1567\" data-end=\"1653\"><strong data-start=\"1567\" data-end=\"1583\">Liitett&auml;vyys &ndash;<\/strong> Wi-Fi 802.11 a\/b\/g\/n\/ac, Bluetooth 4.1, valinnainen 4G LTE ja GPS.<\/p>\n<\/li>\n<li data-start=\"1654\" data-end=\"1751\">\n<p data-start=\"1656\" data-end=\"1751\"><strong data-start=\"1656\" data-end=\"1667\">Akku &ndash;<\/strong> Kuumavaihdettava Li-Ion-akku, jossa on pidennetty k&auml;ytt&ouml;ik&auml;, jopa 14 tunnin k&auml;ytt&ouml;aika.<\/p>\n<\/li>\n<li data-start=\"1752\" data-end=\"1838\">\n<p data-start=\"1754\" data-end=\"1838\"><strong data-start=\"1754\" data-end=\"1766\">Tietoturva &ndash;<\/strong> TPM 2.0, valinnainen &auml;lykortinlukija ja sormenj&auml;lkitodennus.<\/p>\n<\/li>\n<li data-start=\"1839\" data-end=\"1905\">\n<p data-start=\"1841\" data-end=\"1905\"><strong data-start=\"1841\" data-end=\"1856\">Muoto &ndash;<\/strong> Kevyt, noin 1,1 kg:n painoinen rugged tablet.<\/p>\n<\/li>\n<li data-start=\"1906\" data-end=\"1991\">\n<p data-start=\"1908\" data-end=\"1991\"><strong data-start=\"1908\" data-end=\"1924\">Saatavuus &ndash;<\/strong> Myyd&auml;&auml;n <strong data-start=\"1935\" data-end=\"1958\">sertifioituna esik&auml;ytettyn&auml;<\/strong>, t&auml;ysin kunnostettuna ja testattuna.<\/p>\n<\/li>\n<\/ul><h2 data-start=\"1993\" data-end=\"2046\">Panasonic Toughpad FZ-G1 MK5:n t&auml;rkeimm&auml;t edut<\/h2><h3 data-start=\"2048\" data-end=\"2078\">Fully Rugged luotettavuus<\/h3><p data-start=\"2079\" data-end=\"2372\">FZ-G1 MK5 on suunniteltu ymp&auml;rist&ouml;ihin, joissa kuluttajatabletit eiv&auml;t yksinkertaisesti selvi&auml;. Sen Fully Rugged rakenne takaa toiminnan sateessa, lumessa, p&ouml;lyss&auml; ja t&auml;rin&auml;ss&auml;. Se t&auml;ytt&auml;&auml; MIL-STD-810G- ja IP65-sertifioinnit, mik&auml; tekee siit&auml; luotettavan ty&ouml;kalun armeijan, yleishy&ouml;dyllisten laitosten ja kentt&auml;operaatioiden k&auml;ytt&ouml;&ouml;n.<\/p><h3 data-start=\"2374\" data-end=\"2411\">Kirkas ulkok&auml;ytt&ouml;&ouml;n luettava n&auml;ytt&ouml;<\/h3><p data-start=\"2412\" data-end=\"2647\">10,1 tuuman WUXGA-n&auml;ytt&ouml;, jonka kirkkaus on 800 nitti&auml;, takaa t&auml;ydellisen luettavuuden auringonvalossa. Yhdistettyn&auml; Panasonicin hansikkaan ja sateen kosketustekniikkaan n&auml;ytt&ouml; pysyy reagoivana kaikissa ty&ouml;skentelyolosuhteissa, olipa kyseess&auml; sitten sis&auml;tila tai ulkoilma.<\/p><h3 data-start=\"2649\" data-end=\"2683\">Suorituskyvyn p&auml;ivitys MK5:ll&auml;<\/h3><p data-start=\"2684\" data-end=\"2921\">FZ-G1:n MK5-sukupolvi on varustettu 7. sukupolven Intel Core i5 -suorittimella, joka tarjoaa enemm&auml;n tehoa ja tehokkuutta kuin aiemmat mallit. T&auml;m&auml; takaa sujuvan suorituskyvyn nykyaikaisille sovelluksille, kartoitus- ja tiedonkeruuohjelmistoille.<\/p><h3 data-start=\"2923\" data-end=\"2954\">Sertifioitu Pre-Owned-arvo<\/h3><p data-start=\"2955\" data-end=\"3323\">Jokainen Micro Nordicin tarjoama Certified Pre-Owned FZ-G1 MK5 on kunnostettu perusteellisesti. Teknikot korjaavat tai korvaavat kuluneet komponentit, palauttavat ohjelmiston ja testaavat laitteen t&auml;ydellisesti varmistaakseen, ett&auml; se toimii l&auml;hes kuin uusi. N&auml;in organisaatiot saavat rugged Panasonic-tabletin murto-osalla uuden mallin hinnasta, mutta luotettavuudesta tinkim&auml;tt&auml;.<\/p><h3 data-start=\"3325\" data-end=\"3350\">Yrityksen turvallisuus<\/h3><p data-start=\"3351\" data-end=\"3576\">FZ-G1 MK5 sis&auml;lt&auml;&auml; kehittyneit&auml; yritysturvaominaisuuksia, kuten TPM 2.0 ja valinnaisen biometrisen todennuksen. N&auml;in varmistetaan yritysten ja viranomaisten IT-standardien noudattaminen ja suojataan samalla arkaluonteiset kentt&auml;tiedot.<\/p><h3 data-start=\"3578\" data-end=\"3602\">Pitk&auml;kestoinen teho<\/h3><p data-start=\"3603\" data-end=\"3819\">FZ-G1 MK5 tukee keskeytym&auml;t&ouml;nt&auml; k&auml;ytt&ouml;&auml; pitkien ty&ouml;vuorojen aikana, sill&auml; siin&auml; on akut vaihdettavissa ja laajennettu akkuvaihtoehto. Kentt&auml;ty&ouml;ntekij&auml;t voivat vaihtaa akut ilman virran katkaisua, mik&auml; pit&auml;&auml; ty&ouml;nkulut tehokkaina.<\/p><h2 data-start=\"3821\" data-end=\"3874\">Ihanteelliset k&auml;ytt&ouml;tapaukset Panasonic Toughpad FZ-G1 MK5:lle<\/h2><ul data-start=\"3876\" data-end=\"4390\">\n<li data-start=\"3876\" data-end=\"3982\">\n<p data-start=\"3878\" data-end=\"3982\"><strong data-start=\"3878\" data-end=\"3907\">Kentt&auml;huolto ja yleishy&ouml;dylliset palvelut &ndash;<\/strong> Luotettava yhteys ja kest&auml;vyys ulkona ty&ouml;skenteleville teknikoille.<\/p>\n<\/li>\n<li data-start=\"3983\" data-end=\"4076\">\n<p data-start=\"3985\" data-end=\"4076\"><strong data-start=\"3985\" data-end=\"4007\">Armeija ja puolustus &ndash;<\/strong> T&auml;ysin rugged rakenne, joka on testattu &auml;&auml;rimm&auml;isiin olosuhteisiin, valmis teht&auml;viin.<\/p>\n<\/li>\n<li data-start=\"4077\" data-end=\"4201\">\n<p data-start=\"4079\" data-end=\"4201\"><strong data-start=\"4079\" data-end=\"4108\">Tuotanto ja logistiikka &ndash;<\/strong> Tukee varastoj&auml;rjestelmi&auml;, tehtaan ty&ouml;nkulkuja ja viivakoodien skannausta lis&auml;varusteiden avulla.<\/p>\n<\/li>\n<li data-start=\"4202\" data-end=\"4306\">\n<p data-start=\"4204\" data-end=\"4306\"><strong data-start=\"4204\" data-end=\"4239\">Terveydenhuolto ja h&auml;t&auml;palvelut &ndash;<\/strong> Turvallinen ja luotettava laite potilaiden hoitoon ja ensivastetoimintaan.<\/p>\n<\/li>\n<li data-start=\"4307\" data-end=\"4390\">\n<p data-start=\"4309\" data-end=\"4390\"><strong data-start=\"4309\" data-end=\"4326\">Julkinen turvallisuus &ndash;<\/strong> luotettava suorituskyky palo-, poliisi- ja pelastustoiminnassa.<\/p>\n<\/li>\n<\/ul><h2 data-start=\"4392\" data-end=\"4459\">Tuotevertailut: Vaihtoehdot: Panasonic Toughpad FZ-G1 MK5<\/h2><p data-start=\"4461\" data-end=\"4558\">Vaihtoehtoja etsiville yrityksille Micro Nordicilta on saatavilla my&ouml;s muita rugged tabletteja:<\/p><ul data-start=\"4560\" data-end=\"4982\">\n<li data-start=\"4560\" data-end=\"4712\">\n<p data-start=\"4562\" data-end=\"4712\"><a href=\"https:\/\/micronordic.com\/product\/getac-f110-touch-fully-rugged-tablet\/\"><strong data-start=\"4562\" data-end=\"4596\">Getac F110 Fully Rugged Tablet<\/strong> <\/a>Suurempi 11,6 tuuman Windows-tabletti, jossa on t&auml;ysin rugged sertifiointi, ihanteellinen k&auml;ytt&auml;jille, jotka tarvitsevat suuremman n&auml;yt&ouml;n moniajoa ja yksityiskohtaista ty&ouml;skentely&auml; varten.<\/p>\n<\/li>\n<li data-start=\"4713\" data-end=\"4854\">\n<p data-start=\"4715\" data-end=\"4854\"><a href=\"https:\/\/micronordic.com\/product\/panasonic-toughpad-fz-m1-refurbished\/\"><strong data-start=\"4715\" data-end=\"4765\">Panasonic Toughpad FZ-M1 <\/strong><\/a>Pienikokoinen 7&Prime; rugged tablet, joka on suunniteltu kannettavaksi vaativissa kentt&auml;sovelluksissa.<\/p>\n<\/li>\n<li data-start=\"4855\" data-end=\"4982\">\n<p data-start=\"4857\" data-end=\"4982\"><a href=\"https:\/\/micronordic.com\/product\/zebra-et65-rugged-enterprise-tablet\/\"><strong data-start=\"4857\" data-end=\"4896\">Zebra ET65 Rugged Enterprise Tablet<\/strong> <\/a>12-tuumainen rugged Android-tabletti, jossa on 5G-first-suunnittelu edistynytt&auml; kentt&auml;yhteytt&auml; varten.<\/p>\n<\/li>\n<\/ul>\n","protected":false},"excerpt":{"rendered":"<h3>Tekniset tiedot:<\/h3>\n<ul>\n<li><strong>N\u00e4ytt\u00f6:<\/strong> 800 nitsin auringonvalon luettavuus, k\u00e4sine- ja sadekosketustuki.<\/li>\n<li><strong>Prosessori:<\/strong> (jopa 3,5 GHz): Intel\u00ae Core\u2122 i5-7300U vPro\u2122, 2,6 GHz (jopa 3,5 GHz)<\/li>\n<li><strong>Grafiikka:<\/strong> Integroitu Intel\u00ae HD Graphics 620<\/li>\n<li><strong>Muisti: 8 Gt<\/strong> RAM-muistia, p\u00e4ivitett\u00e4viss\u00e4 16 Gt:iin.<\/li>\n<li><strong>Tallennustila: 256 Gt<\/strong> SSD-levy, p\u00e4ivitett\u00e4viss\u00e4 1 TB:iin<\/li>\n<li><strong>Liitett\u00e4vyys:<\/strong> Wi-Fi 802.11 a\/b\/g\/n\/ac, Bluetooth 4.1, valinnainen 4G LTE GPS:ll\u00e4.<\/li>\n<li><strong>Rugged sertifioinnit:<\/strong> IP65: MIL-STD-810G, IP65<\/li>\n<li><strong>Akku: Kuumavaihdettava<\/strong> Li-Ion-akku, jopa 14 tunnin k\u00e4ytt\u00f6aika<\/li>\n<li><strong>Mitat ja paino: 270 \u00d7<\/strong> 188 \u00d7 19 mm, noin 1,1 kg.<\/li>\n<li><strong>Takuu: 12 kuukauden<\/strong> Certified Pre-Owned -takuu.<\/li>\n<\/ul>\n","protected":false},"author":24,"featured_media":61191,"template":"","meta":{"_acf_changed":false,"inline_featured_image":false},"product-condition":[5268],"product_brand":[8988],"product_cat":[5132,5129,5131],"product_tag":[4869],"class_list":{"0":"post-47614","1":"product","2":"type-product","3":"status-publish","4":"has-post-thumbnail","6":"product-condition-pre-owned","7":"product_brand-panasonic","8":"product_cat-panasonic-toughbook","9":"product_cat-all-rugged-tablets","10":"product_cat-refurbished-rugged-hardware","11":"product_tag-lte-4g-fi","13":"first","14":"instock","15":"taxable","16":"shipping-taxable","17":"purchasable","18":"product-type-simple"},"acf":[],"_links":{"self":[{"href":"https:\/\/micronordic.com\/fi\/wp-json\/wp\/v2\/product\/47614","targetHints":{"allow":["GET"]}}],"collection":[{"href":"https:\/\/micronordic.com\/fi\/wp-json\/wp\/v2\/product"}],"about":[{"href":"https:\/\/micronordic.com\/fi\/wp-json\/wp\/v2\/types\/product"}],"author":[{"embeddable":true,"href":"https:\/\/micronordic.com\/fi\/wp-json\/wp\/v2\/users\/24"}],"version-history":[{"count":4,"href":"https:\/\/micronordic.com\/fi\/wp-json\/wp\/v2\/product\/47614\/revisions"}],"predecessor-version":[{"id":98829,"href":"https:\/\/micronordic.com\/fi\/wp-json\/wp\/v2\/product\/47614\/revisions\/98829"}],"wp:featuredmedia":[{"embeddable":true,"href":"https:\/\/micronordic.com\/fi\/wp-json\/wp\/v2\/media\/61191"}],"wp:attachment":[{"href":"https:\/\/micronordic.com\/fi\/wp-json\/wp\/v2\/media?parent=47614"}],"wp:term":[{"taxonomy":"product-condition","embeddable":true,"href":"https:\/\/micronordic.com\/fi\/wp-json\/wp\/v2\/product-condition?post=47614"},{"taxonomy":"product_brand","embeddable":true,"href":"https:\/\/micronordic.com\/fi\/wp-json\/wp\/v2\/product_brand?post=47614"},{"taxonomy":"product_cat","embeddable":true,"href":"https:\/\/micronordic.com\/fi\/wp-json\/wp\/v2\/product_cat?post=47614"},{"taxonomy":"product_tag","embeddable":true,"href":"https:\/\/micronordic.com\/fi\/wp-json\/wp\/v2\/product_tag?post=47614"}],"curies":[{"name":"wp","href":"https:\/\/api.w.org\/{rel}","templated":true}]}}