{"id":47612,"date":"2022-12-07T16:27:32","date_gmt":"2022-12-07T15:27:32","guid":{"rendered":"https:\/\/micronordic.com\/product\/zebra-mc2700-kannettava-mobiilitietokone-kunnostettu\/"},"modified":"2025-11-17T15:17:46","modified_gmt":"2025-11-17T14:17:46","slug":"zebra-mc2700-handheld-mobile-computer","status":"publish","type":"product","link":"https:\/\/micronordic.com\/fi\/product\/zebra-mc2700-handheld-mobile-computer\/","title":{"rendered":"Zebra MC2700 Handheld Mobile Computer (EX-DEMO)"},"content":{"rendered":"<?xml encoding=\"utf-8\" ?><h2 data-start=\"166\" data-end=\"218\">Zebra MC2700 Handheld Mobile Computer (EX-DEMO)<\/h2><p data-start=\"220\" data-end=\"576\"><strong data-start=\"224\" data-end=\"265\">Zebra MC2700 Handheld Mobile Computer tuo<\/strong> yritysluokan rugged liikkuvuuden kustannustietoisille yrityksille, jotka tarvitsevat luotettavaa suorituskyky&auml; sek&auml; sis&auml;- ett&auml; ulkotiloissa. Se on suunniteltu tarjoamaan tehokkaita Android-tietokoneita, kehittynytt&auml; skannausta ja vankkaa liitett&auml;vyytt&auml;, ja se kuroo umpeen kuilun edullisuuden ja ammattitason kest&auml;vyyden v&auml;lill&auml;. <\/p><p data-start=\"578\" data-end=\"1089\">Micro Nordic tarjoaa MC2700:a <strong data-start=\"617\" data-end=\"649\">yksinomaan EX-DEMO-yksikk&ouml;in&auml;.<\/strong> N&auml;it&auml; laitteita on k&auml;ytetty vain lyhyesti esittelytarkoituksiin, ne on kunnostettu t&auml;ysin uusilla muoveilla ja digitointilaitteilla, testattu perusteellisesti ja niiden t&auml;ysi toimivuus on varmistettu. Niiss&auml; on kaikki vakiovarusteet, ellei toisin mainita, ja niihin sis&auml;ltyy<strong>12 kuukauden takuu.<\/strong> T&auml;m&auml; tekee MC2700:sta &auml;lykk&auml;&auml;n valinnan yrityksille, jotka etsiv&auml;t rugged teknologiaa edulliseen hintaan.   <\/p><h2 data-start=\"1091\" data-end=\"1128\">Zebra MC2700:n t&auml;rkeimm&auml;t ominaisuudet<\/h2><ul data-start=\"1130\" data-end=\"2046\">\n<li data-start=\"1130\" data-end=\"1249\">\n<p data-start=\"1132\" data-end=\"1249\"><strong data-start=\"1132\" data-end=\"1154\">Kest&auml;v&auml; ja rugged &ndash;<\/strong> IP65-sertifioitu, 1,5 metrin pudotuskest&auml;vyydell&auml;, suunniteltu sek&auml; sis&auml;- ett&auml; ulkotiloihin.<\/p>\n<\/li>\n<li data-start=\"1250\" data-end=\"1347\">\n<p data-start=\"1252\" data-end=\"1347\"><strong data-start=\"1252\" data-end=\"1263\">N&auml;ytt&ouml; &ndash;<\/strong> 4,0 tuuman WVGA-kosketusn&auml;ytt&ouml; Gorilla Glass -lasilla, auringonvalossa luettava ja hansikkaalla k&auml;ytett&auml;v&auml;.<\/p>\n<\/li>\n<li data-start=\"1348\" data-end=\"1412\">\n<p data-start=\"1350\" data-end=\"1412\"><strong data-start=\"1350\" data-end=\"1363\">Suoritin &ndash;<\/strong> Qualcomm Snapdragon&trade; 660 -oktaydinprosessori, 2,2 GHz.<\/p>\n<\/li>\n<li data-start=\"1413\" data-end=\"1496\">\n<p data-start=\"1415\" data-end=\"1496\"><strong data-start=\"1415\" data-end=\"1435\">K&auml;ytt&ouml;j&auml;rjestelm&auml; &ndash;<\/strong> Android 10, p&auml;ivitett&auml;viss&auml; Zebran LifeGuard&trade;-tuen avulla.<\/p>\n<\/li>\n<li data-start=\"1497\" data-end=\"1523\">\n<p data-start=\"1499\" data-end=\"1523\"><strong data-start=\"1499\" data-end=\"1509\">Muisti &ndash;<\/strong> 3 GB RAM-muistia.<\/p>\n<\/li>\n<li data-start=\"1524\" data-end=\"1594\">\n<p data-start=\"1526\" data-end=\"1594\"><strong data-start=\"1526\" data-end=\"1537\">Tallennustila &ndash;<\/strong> 32 Gt sis&auml;inen, laajennettavissa microSD-muistikortilla 256 Gt:iin asti.<\/p>\n<\/li>\n<li data-start=\"1595\" data-end=\"1672\">\n<p data-start=\"1597\" data-end=\"1672\"><strong data-start=\"1597\" data-end=\"1609\">Skannaus &ndash;<\/strong> SE4710 1D\/2D-kuvaaja nopeaan ja tarkkaan viivakoodien tallentamiseen.<\/p>\n<\/li>\n<li data-start=\"1673\" data-end=\"1783\">\n<p data-start=\"1675\" data-end=\"1783\"><strong data-start=\"1675\" data-end=\"1691\">Liitett&auml;vyys &ndash;<\/strong> Wi-Fi 802.11 a\/b\/g\/n\/ac, Bluetooth 5.0, NFC sek&auml; valinnainen 4G LTE ulkoliikennett&auml; varten.<\/p>\n<\/li>\n<li data-start=\"1784\" data-end=\"1871\">\n<p data-start=\"1786\" data-end=\"1871\"><strong data-start=\"1786\" data-end=\"1797\">Akku &ndash;<\/strong> 3500 mAh:n irrotettava Li-Ion-akku, joka tarjoaa t&auml;yden vuoron k&auml;ytt&ouml;aikaa.<\/p>\n<\/li>\n<li data-start=\"1872\" data-end=\"1970\">\n<p data-start=\"1874\" data-end=\"1970\"><strong data-start=\"1874\" data-end=\"1889\">Muoto &ndash;<\/strong> Kosketuskeskeinen kannettava tietokone, jossa on fyysinen n&auml;pp&auml;imist&ouml;tuki monipuolisia ty&ouml;nkulkuja varten.<\/p>\n<\/li>\n<li data-start=\"1971\" data-end=\"2046\">\n<p data-start=\"1973\" data-end=\"2046\"><strong data-start=\"1973\" data-end=\"1989\">Saatavuus &ndash;<\/strong> Myyd&auml;&auml;n vain <strong data-start=\"2005\" data-end=\"2022\">EX-DEMO-yksikk&ouml;in&auml;<\/strong> Micro Nordicin kautta.<\/p>\n<\/li>\n<\/ul><h2 data-start=\"2048\" data-end=\"2085\">Zebra MC2700:n t&auml;rkeimm&auml;t edut<\/h2><h3 data-start=\"2087\" data-end=\"2129\">Edullinen yritysluokan liikkuvuus<\/h3><p data-start=\"2130\" data-end=\"2389\">MC2700 tarjoaa rugged ominaisuudet ja yritysk&auml;ytt&ouml;&ouml;n soveltuvan suorituskyvyn murto-osalla kalliimpien kannettavien tietokoneiden hinnasta. EX-DEMO-mallina se on viel&auml;kin budjettiyst&auml;v&auml;llisempi, joten yritykset saavat k&auml;ytt&ouml;&ouml;ns&auml; ammattimaisen Zebra-laitteiston ylitt&auml;m&auml;tt&auml; budjettia. <\/p><h3 data-start=\"2391\" data-end=\"2415\">Rugged luotettavuus<\/h3><p data-start=\"2416\" data-end=\"2660\">MC2700 on rakennettu kest&auml;m&auml;&auml;n varastojen, takahuoneiden ja ulkologistiikkaymp&auml;rist&ouml;jen vaativia olosuhteita, sill&auml; se on IP65-luokituksen mukainen ja kest&auml;&auml; 1,5 metrin pudotuksen. Gorilla Glass -suojattu n&auml;ytt&ouml; ja skannerin ikkunat lis&auml;&auml;v&auml;t kest&auml;vyytt&auml; siell&auml;, miss&auml; sit&auml; eniten tarvitaan. <\/p><h3 data-start=\"2662\" data-end=\"2698\">Kehittyneet skannausominaisuudet<\/h3><p data-start=\"2699\" data-end=\"2911\">SE4710-kuvauslaite varmistaa sek&auml; 1D- ett&auml; 2D-viivakoodien nopean ja tarkan skannauksen &ndash; my&ouml;s silloin, kun tarrat ovat vaurioituneita, likaisia tai huonosti painettuja. N&auml;in ty&ouml;ntekij&auml;t pysyv&auml;t tehokkaina ja tuottavina kaikissa ty&ouml;nkuluissa. <\/p><h3 data-start=\"2913\" data-end=\"2943\">Android Enterprise Ready<\/h3><p data-start=\"2944\" data-end=\"3223\">MC2700 k&auml;ytt&auml;&auml; Android 10 -k&auml;ytt&ouml;j&auml;rjestelm&auml;&auml;, johon on taattu tuki tuleville p&auml;ivityksille Zebran LifeGuard&trade;-j&auml;rjestelm&auml;n avulla, ja se tarjoaa pitk&auml;aikaista arvoa yritystason turvallisuudella, hallittavuudella ja k&auml;ytett&auml;vyydell&auml;. Ty&ouml;ntekij&auml;t hy&ouml;tyv&auml;t tutusta k&auml;ytt&ouml;liittym&auml;st&auml;, ja IT-tiimit saavat tarvitsemansa hallinnan. <\/p><h3 data-start=\"3225\" data-end=\"3260\">Joustavat liitett&auml;vyysvaihtoehdot<\/h3><p data-start=\"3261\" data-end=\"3484\">MC2700 tukee sek&auml; Wi-Fi-yhteytt&auml; sis&auml;k&auml;ytt&ouml;&ouml;n ett&auml; valinnaista 4G LTE:t&auml;, joka mahdollistaa t&auml;yden liikkuvuuden ulkona. N&auml;in se soveltuu hybridity&ouml;nkulkuihin, joissa ty&ouml;ntekij&auml;t liikkuvat varastokerrosten, v&auml;hitt&auml;iskaupan takahuoneiden ja kentt&auml;toimintojen v&auml;lill&auml;. <\/p><h3 data-start=\"3486\" data-end=\"3521\">EX-DEMO-arvo Micro Nordicissa<\/h3><p data-start=\"3522\" data-end=\"3853\">Jokainen Micro Nordicin MC2700 myyd&auml;&auml;n <strong data-start=\"3565\" data-end=\"3581\">EX-DEMO-laitteena.<\/strong> Laitteet on kunnostettu uusilla koteloilla ja digitointilaitteilla, joten ne n&auml;ytt&auml;v&auml;t ja tuntuvat l&auml;hes uusilta. Yhdistettyn&auml; <strong>6 kuukauden perustakuuseen<\/strong> t&auml;m&auml; tarjoaa yrityksille luotettavaa rugged tietotekniikkaa merkitt&auml;v&auml;ll&auml; alennuksella verrattuna uusiin laitteisiin.  <\/p><h2 data-start=\"3855\" data-end=\"3892\">Ihanteelliset k&auml;ytt&ouml;tapaukset Zebra MC2700:lle<\/h2><ul data-start=\"3894\" data-end=\"4377\">\n<li data-start=\"3894\" data-end=\"4010\">\n<p data-start=\"3896\" data-end=\"4010\"><strong data-start=\"3896\" data-end=\"3923\">Varastointi ja logistiikka &ndash;<\/strong> Rugged skannaus ja liitett&auml;vyys varastointiin, tilausten poimintaan ja kiertolaskentaan.<\/p>\n<\/li>\n<li data-start=\"4011\" data-end=\"4094\">\n<p data-start=\"4013\" data-end=\"4094\"><strong data-start=\"4013\" data-end=\"4032\">V&auml;hitt&auml;iskaupan takahuone &ndash;<\/strong> virtaviivaistettu varastonhallinta ja t&auml;ydennysty&ouml;nkulut.<\/p>\n<\/li>\n<li data-start=\"4095\" data-end=\"4187\">\n<p data-start=\"4097\" data-end=\"4187\"><strong data-start=\"4097\" data-end=\"4115\">Liikkuvuus kent&auml;ll&auml; &ndash;<\/strong> 4G LTE -vaihtoehdon ansiosta ulkoty&ouml;tiimit voivat pit&auml;&auml; yhteytt&auml; reaaliajassa.<\/p>\n<\/li>\n<li data-start=\"4188\" data-end=\"4281\">\n<p data-start=\"4190\" data-end=\"4281\"><strong data-start=\"4190\" data-end=\"4213\">Kevytvalmistus &ndash;<\/strong> rugged kest&auml;vyys tuotantotilojen toimintoihin ja laatutarkastuksiin.<\/p>\n<\/li>\n<li data-start=\"4282\" data-end=\"4377\">\n<p data-start=\"4284\" data-end=\"4377\"><strong data-start=\"4284\" data-end=\"4302\">Kuljetus &ndash;<\/strong> Kest&auml;v&auml; liikkuvuus pakettien k&auml;sittelyyn ja viimeisen kilometrin jakelun ty&ouml;nkulkuihin.<\/p>\n<\/li>\n<\/ul><h2 data-start=\"4379\" data-end=\"4430\">Tuotevertailut: Zebra MC2700 Vaihtoehdot<\/h2><p data-start=\"4432\" data-end=\"4531\">Vaihtoehtoja arvioiville yrityksille Micro Nordic tarjoaa my&ouml;s muita rugged kannettavia tietokoneita:<\/p><ul data-start=\"4533\" data-end=\"4975\">\n<li data-start=\"4533\" data-end=\"4677\">\n<p data-start=\"4535\" data-end=\"4677\"><a href=\"https:\/\/micronordic.com\/product\/zebra-mc3300-mobile-handheld-computer-refurbished\/\"><strong data-start=\"4535\" data-end=\"4586\">Zebra MC3300 Handheld Mobile Computer <\/strong><\/a> &ndash; Hyv&auml;ksi todettu perinteinen kannettava tietokone, jossa on fyysiset n&auml;pp&auml;imist&ouml;vaihtoehdot ja vahva skannaussuorituskyky.<\/p>\n<\/li>\n<li data-start=\"4678\" data-end=\"4821\">\n<p data-start=\"4680\" data-end=\"4821\"><a href=\"https:\/\/micronordic.com\/product\/zebra-tc77-mobile-handheld-computer-refurbished\/\"><strong data-start=\"4680\" data-end=\"4720\">Zebra TC77 Handheld Mobile Computer<\/strong><\/a> &ndash; Perinteinen huippulaite, jossa on t&auml;ydet 4G-yhteydet ja vankka kest&auml;vyys, saatavilla kunnostettuna.<\/p>\n<\/li>\n<li data-start=\"4822\" data-end=\"4975\">\n<p data-start=\"4824\" data-end=\"4975\"><a href=\"https:\/\/micronordic.com\/product\/zebra-tc56-mobile-handheld-computer-refurbished\/\"><strong data-start=\"4824\" data-end=\"4871\">Zebra TC56 Handheld Mobile Computer <\/strong><\/a> Pienikokoinen, &auml;lypuhelintyylinen rugged kannettava tietokone, joka sopii erinomaisesti kentt&auml;huoltoon ja asiakaskohtaamisiin.<\/p>\n<\/li>\n<\/ul>\n","protected":false},"excerpt":{"rendered":"<p>VALITSE ALLA OLEVA VAIHTOEHTO! Soita meille, jos tarvitset apua oikean tuotevaihtoehdon l\u00f6yt\u00e4misess\u00e4. <\/p>\n<h3>Tekniset tiedot:<\/h3>\n<ul>\n<li><strong>N\u00e4ytt\u00f6:<\/strong> WVGA (800\u00d7480), auringonvalossa luettava, Gorilla Glass, hansikasyst\u00e4v\u00e4llinen.<\/li>\n<li><strong>Prosessori:<\/strong> Qualcomm Snapdragon\u2122 660 oktaydin, 2,2 GHz.<\/li>\n<li><strong>Grafiikka:<\/strong> Adreno\u2122 512 GPU: Integroitu Adreno\u2122 512 GPU<\/li>\n<li><strong>Muisti:<\/strong> RAM-MUISTI: 3 GT<\/li>\n<li><strong>Varastointi:<\/strong> Laajennettavissa microSD-muistikortilla 256 gigatavuun asti.<\/li>\n<li><strong>Liitett\u00e4vyys:<\/strong> Wi-Fi 802.11 a\/b\/g\/n\/ac, Bluetooth 5.0, NFC, valinnainen 4G LTE.<\/li>\n<li><strong>Rugged sertifioinnit:<\/strong> 1,5 m pudotuskest\u00e4vyys<\/li>\n<li><strong>Skannaus:<\/strong> SE4710 1D\/2D kuvantamislaite<\/li>\n<li><strong>Akku: 3500<\/strong> mAh irrotettava Li-Ion akku<\/li>\n<li><strong>Mitat ja paino: 171 \u00d7<\/strong> 75 \u00d7 26 mm, noin 287 g. <\/li>\n<li><strong>Takuu:<\/strong> EX-DEMO 12 kuukauden takuu.<\/li>\n<\/ul>\n<p><strong>Valitse oikea malli alla, ennen kuin lis\u00e4\u00e4t sen ostoskoriin.<\/strong><\/p>\n","protected":false},"author":24,"featured_media":100427,"template":"","meta":{"_acf_changed":false,"inline_featured_image":false},"product-condition":[5267],"product_brand":[9009],"product_cat":[5130,5131,5134],"product_tag":[],"class_list":{"0":"post-47612","1":"product","2":"type-product","3":"status-publish","4":"has-post-thumbnail","6":"product-condition-ex-demo","7":"product_brand-zebra","8":"product_cat-all-barcode-scanners","9":"product_cat-refurbished-rugged-hardware","10":"product_cat-zebra","11":"pa_model-part-number-kt-mc27bj-2a3s2rw","12":"pa_model-part-number-kt-mc27bk-2b3s3rw","13":"pa_model-part-number-mc27bk-2b3s3rw","14":"pa_model-part-number-mc27bk-4b3s3rw","16":"first","17":"instock","18":"taxable","19":"shipping-taxable","20":"purchasable","21":"product-type-variable"},"acf":[],"_links":{"self":[{"href":"https:\/\/micronordic.com\/fi\/wp-json\/wp\/v2\/product\/47612","targetHints":{"allow":["GET"]}}],"collection":[{"href":"https:\/\/micronordic.com\/fi\/wp-json\/wp\/v2\/product"}],"about":[{"href":"https:\/\/micronordic.com\/fi\/wp-json\/wp\/v2\/types\/product"}],"author":[{"embeddable":true,"href":"https:\/\/micronordic.com\/fi\/wp-json\/wp\/v2\/users\/24"}],"version-history":[{"count":3,"href":"https:\/\/micronordic.com\/fi\/wp-json\/wp\/v2\/product\/47612\/revisions"}],"predecessor-version":[{"id":98181,"href":"https:\/\/micronordic.com\/fi\/wp-json\/wp\/v2\/product\/47612\/revisions\/98181"}],"wp:featuredmedia":[{"embeddable":true,"href":"https:\/\/micronordic.com\/fi\/wp-json\/wp\/v2\/media\/100427"}],"wp:attachment":[{"href":"https:\/\/micronordic.com\/fi\/wp-json\/wp\/v2\/media?parent=47612"}],"wp:term":[{"taxonomy":"product-condition","embeddable":true,"href":"https:\/\/micronordic.com\/fi\/wp-json\/wp\/v2\/product-condition?post=47612"},{"taxonomy":"product_brand","embeddable":true,"href":"https:\/\/micronordic.com\/fi\/wp-json\/wp\/v2\/product_brand?post=47612"},{"taxonomy":"product_cat","embeddable":true,"href":"https:\/\/micronordic.com\/fi\/wp-json\/wp\/v2\/product_cat?post=47612"},{"taxonomy":"product_tag","embeddable":true,"href":"https:\/\/micronordic.com\/fi\/wp-json\/wp\/v2\/product_tag?post=47612"}],"curies":[{"name":"wp","href":"https:\/\/api.w.org\/{rel}","templated":true}]}}