{"id":47608,"date":"2022-11-29T14:14:09","date_gmt":"2022-11-29T13:14:09","guid":{"rendered":"https:\/\/micronordic.com\/product\/dell-latitude-rugged-extreme-5430-uusi\/"},"modified":"2025-10-30T12:04:13","modified_gmt":"2025-10-30T11:04:13","slug":"dell-rugged-extreme-5430-new","status":"publish","type":"product","link":"https:\/\/micronordic.com\/fi\/product\/dell-rugged-extreme-5430-new\/","title":{"rendered":"Dell Latitude 5430 Rugged Extreme Laptop (UUSI)"},"content":{"rendered":"<?xml encoding=\"utf-8\" ?><h2 data-start=\"269\" data-end=\"320\">Dell Latitude 5430 Rugged Extreme Laptop (UUSI)<\/h2><p data-start=\"322\" data-end=\"661\"><strong data-start=\"326\" data-end=\"370\">Dell Latitude 5430 Rugged Extreme Laptop on<\/strong> Semi Rugged laite, joka on suunniteltu ammattilaisille, jotka tarvitsevat tasapainoisesti suorituskyky&auml;, liikkuvuutta ja kest&auml;vyytt&auml;. Se on kevyempi ja kompaktimpi kuin Fully Rugged laptop, mutta se tarjoaa yritystason tietoturvan, edistykselliset liit&auml;nn&auml;t ja pitk&auml;n k&auml;ytt&ouml;ajan samalla kun se on sotilasluokan kest&auml;v&auml;. <\/p><p data-start=\"663\" data-end=\"1053\"><strong data-start=\"666\" data-end=\"682\">Micro Nordic<\/strong> tarjoaa Dell Latitude 5430:n UUSINA <strong data-start=\"721\" data-end=\"728\">yksikk&ouml;in&auml;<\/strong>, jotka tarjoavat organisaatioille uusinta rugged laptop-teknologiaa, jonka tukena on Dellin maailmanlaajuinen 3 vuoden takuu ja tuki. Kompaktin 14-tuumaisen muotoilunsa, tehokkaiden Intel&reg;-prosessoreidensa ja monipuolisten laajennusvaihtoehtojensa ansiosta 5430 on hyv&auml;ksi todettu valinta toimialoille, jotka vaativat liikkuvuutta ja kest&auml;vyytt&auml; haastavissa olosuhteissa. <\/p><h2 data-start=\"1055\" data-end=\"1113\">Dell Latitude 5430 Rugged Extreme -mallin t&auml;rkeimm&auml;t ominaisuudet<\/h2><ul data-start=\"1115\" data-end=\"2028\">\n<li data-start=\"1115\" data-end=\"1228\">\n<p data-start=\"1117\" data-end=\"1228\"><strong data-start=\"1117\" data-end=\"1139\">Semi Rugged rakenne &ndash;<\/strong> MIL-STD-810H-sertifioitu ja IP53-luokiteltu, kest&auml;&auml; p&ouml;ly&auml;, t&auml;rin&auml;&auml; ja putoamisia 3 jalasta.<\/p>\n<\/li>\n<li data-start=\"1229\" data-end=\"1355\">\n<p data-start=\"1231\" data-end=\"1355\"><strong data-start=\"1231\" data-end=\"1242\">N&auml;ytt&ouml; &ndash;<\/strong> 14&Prime; FHD (1920&times;1080) -n&auml;ytt&ouml;, joka on luettavissa auringonvalossa ja jonka kirkkaus on jopa 1100 nitti&auml; ja jonka kosketusn&auml;ytt&ouml; voidaan k&auml;ytt&auml;&auml; k&auml;sineill&auml;.<\/p>\n<\/li>\n<li data-start=\"1356\" data-end=\"1436\">\n<p data-start=\"1358\" data-end=\"1436\"><strong data-start=\"1358\" data-end=\"1371\">Prosessori &ndash;<\/strong> 11. sukupolven Intel&reg; Core&trade; i5 tai i7, valinnaisella vPro&reg;-tuella.<\/p>\n<\/li>\n<li data-start=\"1437\" data-end=\"1498\">\n<p data-start=\"1439\" data-end=\"1498\"><strong data-start=\"1439\" data-end=\"1449\">Muisti &ndash;<\/strong> 8 Gt (perusmalli), p&auml;ivitett&auml;viss&auml; 64 Gt DDR4 RAM-muistiin.<\/p>\n<\/li>\n<li data-start=\"1499\" data-end=\"1560\">\n<p data-start=\"1501\" data-end=\"1560\"><strong data-start=\"1501\" data-end=\"1512\">Tallennustila &ndash;<\/strong> 256 Gt SSD-levy (perusmalli), p&auml;ivitett&auml;viss&auml; 2 TB:iin.<\/p>\n<\/li>\n<li data-start=\"1561\" data-end=\"1650\">\n<p data-start=\"1563\" data-end=\"1650\"><strong data-start=\"1563\" data-end=\"1575\">Grafiikka &ndash;<\/strong> Integroitu Intel&reg; Iris&reg; Xe tai valinnainen NVIDIA&reg; T500 erillisgrafiikka.<\/p>\n<\/li>\n<li data-start=\"1651\" data-end=\"1727\">\n<p data-start=\"1653\" data-end=\"1727\"><strong data-start=\"1653\" data-end=\"1669\">Liitett&auml;vyys &ndash;<\/strong> Wi-Fi 6E, Bluetooth 5.1, valinnainen 4G LTE\/5G ja GPS.<\/p>\n<\/li>\n<li data-start=\"1728\" data-end=\"1832\">\n<p data-start=\"1730\" data-end=\"1832\"><strong data-start=\"1730\" data-end=\"1742\">Turvallisuus &ndash;<\/strong> TPM 2.0, sormenj&auml;lkilukija, &auml;lykortinlukija, NFC ja Dell Data Guardian -ominaisuudet.<\/p>\n<\/li>\n<li data-start=\"1833\" data-end=\"1935\">\n<p data-start=\"1835\" data-end=\"1935\"><strong data-start=\"1835\" data-end=\"1846\">Akku &ndash;<\/strong> Kaksi kuumavaihdettavaa akkua, joissa on ExpressCharge&trade;-ominaisuus ja jotka tuottavat jopa 25 tunnin k&auml;ytt&ouml;ajan.<\/p>\n<\/li>\n<li data-start=\"1936\" data-end=\"2028\">\n<p data-start=\"1938\" data-end=\"2028\"><strong data-start=\"1938\" data-end=\"1948\">Paino &ndash;<\/strong> Alkaen 1,97 kg, mik&auml; tekee siit&auml; yhden kevyimmist&auml; 14&Prime; Semi-Rugged laptopista.<\/p>\n<\/li>\n<\/ul><h2 data-start=\"2030\" data-end=\"2073\">Dell Latitude 5430:n t&auml;rkeimm&auml;t edut<\/h2><h3 data-start=\"2075\" data-end=\"2103\">Kannettava rugged muotoilu<\/h3><p data-start=\"2104\" data-end=\"2346\">Dell Latitude 5430 on suunniteltu k&auml;ytt&auml;jille, jotka tarvitsevat rugged luotettavuutta ilman t&auml;ysin rugged j&auml;rjestelm&auml;n lis&auml;painoa. Se on alle 2 kg painollaan luokkansa kevyin 14-tuumainen Semi-Rugged laptop, joten se sopii erinomaisesti liikkuville ammattilaisille. <\/p><h3 data-start=\"2348\" data-end=\"2383\">Auringonvalossa luettava kosketusn&auml;ytt&ouml;<\/h3><p data-start=\"2384\" data-end=\"2577\">14-tuumainen FHD-n&auml;ytt&ouml; tarjoaa jopa 1100 nitsin kirkkauden, mik&auml; takaa n&auml;kyvyyden suorassa auringonvalossa. K&auml;sineille soveltuva kosketusn&auml;ytt&ouml; takaa saumattoman k&auml;ytett&auml;vyyden ulko- ja teollisuusymp&auml;rist&ouml;iss&auml;. <\/p><h3 data-start=\"2579\" data-end=\"2616\">Luotettava yrityksen suorituskyky<\/h3><p data-start=\"2617\" data-end=\"2898\">Intel&reg; Core&trade; -suorittimien, jopa 64 Gt DDR4 RAM-muistin ja nopean SSD-tallennustilan avulla 5430 selviytyy moniteht&auml;v&auml;isest&auml; ty&ouml;st&auml;, kentt&auml;ohjelmistoista ja yrityssovelluksista vaivattomasti. Lis&auml;varusteena saatava NVIDIA&reg; T500 -grafiikka tarjoaa lis&auml;suorituskyky&auml; visualisointiin ja teknisiin ty&ouml;teht&auml;viin. <\/p><h3 data-start=\"2900\" data-end=\"2927\">Liitett&auml;vyys miss&auml; tahansa<\/h3><p data-start=\"2928\" data-end=\"3102\">Wi-Fi 6E, Bluetooth 5.1 ja valinnainen 4G\/5G takaavat kentt&auml;ryhmille aina k&auml;ytett&auml;viss&auml; olevat yhteydet. Integroitu GPS lis&auml;&auml; tarkkuutta kuljetus-, hy&ouml;ty- ja puolustussovelluksiin. <\/p><h3 data-start=\"3104\" data-end=\"3131\">Pidennetty akun k&auml;ytt&ouml;ik&auml;<\/h3><p data-start=\"3132\" data-end=\"3328\">Kaksi akkua, jotka voidaan vaihtaa paikan p&auml;&auml;ll&auml;, mahdollistavat jatkuvan k&auml;yt&ouml;n kent&auml;ll&auml;, ja Dellin ExpressCharge&trade;-akku latautuu nopeasti. Ty&ouml;ntekij&auml;t voivat luottaa jopa 25 tunnin k&auml;ytt&ouml;aikaan keskeytym&auml;tt&ouml;mi&auml; ty&ouml;nkulkuja varten. <\/p><h3 data-start=\"3330\" data-end=\"3355\">Yrityksen turvallisuus<\/h3><p data-start=\"3356\" data-end=\"3590\">Latitude 5430 tukee Dellin kehittyneit&auml; tietoturvaominaisuuksia, kuten TPM 2.0, &auml;lykortti- ja sormenj&auml;lkitodennus sek&auml; valinnainen laitteistosalaus. N&auml;m&auml; toimenpiteet varmistavat yritys- ja viranomaisstandardien noudattamisen. <\/p><h2 data-start=\"3592\" data-end=\"3639\">Dell Latitude 5430:n ihanteelliset k&auml;ytt&ouml;tapaukset<\/h2><ul data-start=\"3641\" data-end=\"4103\">\n<li data-start=\"3641\" data-end=\"3735\">\n<p data-start=\"3643\" data-end=\"3735\"><strong data-start=\"3643\" data-end=\"3672\">Kentt&auml;huolto ja yleishy&ouml;dylliset palvelut &ndash;<\/strong> Rugged suorituskyky ja pitk&auml; akun kesto teknikoille.<\/p>\n<\/li>\n<li data-start=\"3736\" data-end=\"3824\">\n<p data-start=\"3738\" data-end=\"3824\"><strong data-start=\"3738\" data-end=\"3763\">Kuljetus ja logistiikka &ndash;<\/strong> GPS-pohjainen liikkuvuus autokannan ja varastojen toiminnoissa.<\/p>\n<\/li>\n<li data-start=\"3825\" data-end=\"3908\">\n<p data-start=\"3827\" data-end=\"3908\"><strong data-start=\"3827\" data-end=\"3856\">Puolustus ja lainvalvonta &ndash;<\/strong> Turvallinen mobiililaskenta rugged suojauksella.<\/p>\n<\/li>\n<li data-start=\"3909\" data-end=\"4004\">\n<p data-start=\"3911\" data-end=\"4004\"><strong data-start=\"3911\" data-end=\"3939\">Teollisuus ja teollisuus &ndash;<\/strong> Kest&auml;&auml; p&ouml;ly&auml;, t&auml;rin&auml;&auml; ja pudotuksia tehdasasetuksissa.<\/p>\n<\/li>\n<li data-start=\"4005\" data-end=\"4103\">\n<p data-start=\"4007\" data-end=\"4103\"><strong data-start=\"4007\" data-end=\"4024\">Julkinen turvallisuus &ndash;<\/strong> Luotettava yhteys ja auringonvalossa luettava n&auml;ytt&ouml; kriittisiin teht&auml;viin.<\/p>\n<\/li>\n<\/ul><h2 data-start=\"4105\" data-end=\"4162\">Tuotevertailut: Dell Latitude 5430 Vaihtoehdot<\/h2><p data-start=\"4164\" data-end=\"4264\">Vaihtoehtoja arvioiville organisaatioille Micro Nordic tarjoaa my&ouml;s muita rugged laptopteja:<\/p><ul data-start=\"4266\" data-end=\"4644\">\n<li data-start=\"4266\" data-end=\"4405\">\n<p data-start=\"4268\" data-end=\"4405\"><a href=\"https:\/\/micronordic.com\/product\/dell-latitude-7330-rugged-extreme\/\"><strong data-start=\"4268\" data-end=\"4318\">Dell Latitude 7330 Rugged Extreme Laptop<\/strong><\/a> T&auml;ysin rugged 13,3 tuuman laptop, joka tarjoaa vahvemman kest&auml;vyyden pienemm&auml;ss&auml; muodossa.<\/p>\n<\/li>\n<li data-start=\"4406\" data-end=\"4526\">\n<p data-start=\"4408\" data-end=\"4526\"><a href=\"https:\/\/micronordic.com\/product\/getac-b360-g2-fully-rugged-laptop\/\"><strong data-start=\"4408\" data-end=\"4445\">Getac B360 G2 Fully Rugged Laptop<\/strong> <\/a>13,3 tuuman Fully Rugged Windows laptop, joka on suunniteltu &auml;&auml;rimm&auml;isiin kentt&auml;olosuhteisiin.<\/p>\n<\/li>\n<li data-start=\"4527\" data-end=\"4644\">\n<p data-start=\"4529\" data-end=\"4644\"><a href=\"https:\/\/micronordic.com\/product\/panasonic-toughbook-fz-55\/\"><strong data-start=\"4529\" data-end=\"4555\">Panasonic Toughbook 55<\/strong> <strong>MK1-MK3<\/strong> <\/a>Modulaarinen Semi Rugged laptop, jossa on vahvat laajennusvaihtoehdot ja tasapainoinen siirrett&auml;vyys.<\/p>\n<\/li>\n<\/ul>\n","protected":false},"excerpt":{"rendered":"<h3>Tekniset tiedot:<\/h3>\n<ul>\n<li><strong>N\u00e4ytt\u00f6:<\/strong> jopa 1100 nitsin auringonvalossa luettava, hanskoilla luettava kosketusn\u00e4ytt\u00f6.<\/li>\n<li><strong>Prosessori: 11.<\/strong> sukupolven Intel\u00ae Core\u2122 i5\/i7, valinnainen vPro\u00ae -prosessori.<\/li>\n<li><strong>Grafiikka:<\/strong> Integroitu Intel\u00ae Iris\u00ae Xe tai valinnainen NVIDIA\u00ae T500.<\/li>\n<li><strong>Muisti: 8 Gt<\/strong> (perusmalli), p\u00e4ivitett\u00e4viss\u00e4 64 Gt DDR4 RAM-muistia.<\/li>\n<li><strong>Tallennustila: 256 Gt<\/strong> (perusmalli), laajennettavissa oleva 2 TB SSD-levy<\/li>\n<li><strong>Liitett\u00e4vyys:<\/strong> Wi-Fi 6E, Bluetooth 5.1, valinnainen 4G LTE\/5G, GPS.<\/li>\n<li><strong>Rugged sertifioinnit:<\/strong> MIL-STD-810H, IP53, 3 ft pudotuskest\u00e4vyys: MIL-STD-810H, IP53, 3 ft pudotuskest\u00e4vyys<\/li>\n<li><strong>Turvallisuus:<\/strong> TPM 2.0, sormenj\u00e4lkilukija, \u00e4lykortinlukija, NFC.<\/li>\n<li><strong>Akku:<\/strong> jopa 25 tunnin k\u00e4ytt\u00f6aika.<\/li>\n<li><strong>Mitat ja paino: 342 \u00d7<\/strong> 242 \u00d7 32 mm, paino alkaen 1,97 kg.<\/li>\n<li><strong>Takuu:<\/strong> Dellin maailmanlaajuinen tuki: UUSI 3 vuoden takuu<\/li>\n<\/ul>\n","protected":false},"author":24,"featured_media":99960,"template":"","meta":{"_acf_changed":false,"inline_featured_image":false},"product-condition":[5252],"product_brand":[8945],"product_cat":[5125,5128,5133],"product_tag":[],"class_list":{"0":"post-47608","1":"product","2":"type-product","3":"status-publish","4":"has-post-thumbnail","6":"product-condition-new-in-box","7":"product_brand-dell","8":"product_cat-dell-rugged","9":"product_cat-all-rugged-laptops","10":"product_cat-new-in-box-rugged-hardware","12":"first","13":"instock","14":"taxable","15":"shipping-taxable","16":"purchasable","17":"product-type-simple"},"acf":[],"_links":{"self":[{"href":"https:\/\/micronordic.com\/fi\/wp-json\/wp\/v2\/product\/47608","targetHints":{"allow":["GET"]}}],"collection":[{"href":"https:\/\/micronordic.com\/fi\/wp-json\/wp\/v2\/product"}],"about":[{"href":"https:\/\/micronordic.com\/fi\/wp-json\/wp\/v2\/types\/product"}],"author":[{"embeddable":true,"href":"https:\/\/micronordic.com\/fi\/wp-json\/wp\/v2\/users\/24"}],"version-history":[{"count":1,"href":"https:\/\/micronordic.com\/fi\/wp-json\/wp\/v2\/product\/47608\/revisions"}],"predecessor-version":[{"id":87955,"href":"https:\/\/micronordic.com\/fi\/wp-json\/wp\/v2\/product\/47608\/revisions\/87955"}],"wp:featuredmedia":[{"embeddable":true,"href":"https:\/\/micronordic.com\/fi\/wp-json\/wp\/v2\/media\/99960"}],"wp:attachment":[{"href":"https:\/\/micronordic.com\/fi\/wp-json\/wp\/v2\/media?parent=47608"}],"wp:term":[{"taxonomy":"product-condition","embeddable":true,"href":"https:\/\/micronordic.com\/fi\/wp-json\/wp\/v2\/product-condition?post=47608"},{"taxonomy":"product_brand","embeddable":true,"href":"https:\/\/micronordic.com\/fi\/wp-json\/wp\/v2\/product_brand?post=47608"},{"taxonomy":"product_cat","embeddable":true,"href":"https:\/\/micronordic.com\/fi\/wp-json\/wp\/v2\/product_cat?post=47608"},{"taxonomy":"product_tag","embeddable":true,"href":"https:\/\/micronordic.com\/fi\/wp-json\/wp\/v2\/product_tag?post=47608"}],"curies":[{"name":"wp","href":"https:\/\/api.w.org\/{rel}","templated":true}]}}