{"id":47604,"date":"2022-11-01T11:30:36","date_gmt":"2022-11-01T10:30:36","guid":{"rendered":"https:\/\/micronordic.com\/product\/panasonic-toughbook-fz-40-fz40-mk2-i5-uusi\/"},"modified":"2025-11-21T11:31:54","modified_gmt":"2025-11-21T10:31:54","slug":"panasonic-toughbook-fz-40-mk1-i7new","status":"publish","type":"product","link":"https:\/\/micronordic.com\/fi\/product\/panasonic-toughbook-fz-40-mk1-i7new\/","title":{"rendered":"Panasonic Toughbook 40 MK1-MK2 (UUSI)"},"content":{"rendered":"<?xml encoding=\"utf-8\" ?><h2 data-start=\"254\" data-end=\"295\">Panasonic Toughbook 40 MK1-MK2 (UUTUUS)<\/h2><p data-start=\"297\" data-end=\"688\"><strong data-start=\"301\" data-end=\"327\">Panasonic Toughbook 40 edustaa<\/strong> Rugged Laptop -teknologian huippua, ja se on suunniteltu puolustukseen, lainvalvontaan, kentt&auml;huoltoon ja aloille, joilla tinkim&auml;t&ouml;n suorituskyky ja kest&auml;vyys ovat v&auml;ltt&auml;m&auml;tt&ouml;mi&auml;. Toughbook 40:ss&auml; on 14-tuumainen, p&auml;iv&auml;nvalossa luettava n&auml;ytt&ouml;, modulaarinen rakenne ja huippuluokan Intel&reg;-suorittimet, joten se on tasapainossa edistyksellisen suorituskyvyn ja rugged luotettavuuden v&auml;lill&auml;.<\/p><p data-start=\"690\" data-end=\"1015\"><strong data-start=\"693\" data-end=\"709\">Micro Nordicilla<\/strong> toughbook 40 on saatavana <strong data-start=\"744\" data-end=\"763\">upouusi (UUSI) (<\/strong> 3 vuoden takuulla) tai sertifioitu esik&auml;ytetty ( <strong data-start=\"777\" data-end=\"806\">CPO) (12 kuukauden takuulla), joten <\/strong> yritykset <strong data-start=\"777\" data-end=\"806\">voivat <\/strong> valita joko t&auml;ysin uuden investoinnin tai kunnostetun, kustannustehokkaan ratkaisun, joka on testattu perusteellisesti ja jonka komponentit on vaihdettu niin, ett&auml; se toimii l&auml;hes kuin uusi.<\/p><h2 data-start=\"1017\" data-end=\"1064\">Panasonic Toughbook 40:n t&auml;rkeimm&auml;t ominaisuudet<\/h2><ul data-start=\"1066\" data-end=\"2092\">\n<li data-start=\"1066\" data-end=\"1198\">\n<p data-start=\"1068\" data-end=\"1198\"><strong data-start=\"1068\" data-end=\"1091\">Eritt&auml;in rugged rakenne &ndash;<\/strong> MIL-STD-810H- ja IP66-sertifioitu, kest&auml;&auml; pudotuksia, vett&auml;, p&ouml;ly&auml;, t&auml;rin&auml;&auml; ja &auml;&auml;rimm&auml;isi&auml; l&auml;mp&ouml;tiloja.<\/p>\n<\/li>\n<li data-start=\"1199\" data-end=\"1321\">\n<p data-start=\"1201\" data-end=\"1321\"><strong data-start=\"1201\" data-end=\"1212\">N&auml;ytt&ouml; &ndash;<\/strong> 14&Prime; FHD (1920&times;1080) p&auml;iv&auml;nvalossa luettava kosketusn&auml;ytt&ouml;, jossa on 1200 nitsin kirkkaus ja hansikkailla k&auml;ytett&auml;vyys.<\/p>\n<\/li>\n<li data-start=\"1322\" data-end=\"1445\">\n<p data-start=\"1324\" data-end=\"1445\"><strong data-start=\"1324\" data-end=\"1337\">Prosessori &ndash;<\/strong> 11. sukupolven Intel&reg; Core&trade; i5- ja i7 vPro&trade; -vaihtoehdot, jotka on suunniteltu moniteht&auml;v&auml;&auml;n ja vaativiin kentt&auml;sovelluksiin.<\/p>\n<\/li>\n<li data-start=\"1446\" data-end=\"1503\">\n<p data-start=\"1448\" data-end=\"1503\"><strong data-start=\"1448\" data-end=\"1458\">Muisti &ndash;<\/strong> M&auml;&auml;ritett&auml;viss&auml; 16 Gt:sta 64 Gt:iin RAM-muistia.<\/p>\n<\/li>\n<li data-start=\"1504\" data-end=\"1570\">\n<p data-start=\"1506\" data-end=\"1570\"><strong data-start=\"1506\" data-end=\"1517\">Tallennus &ndash;<\/strong> Vakiona 512 Gt NVMe SSD, laajennettavissa 2 TB:iin.<\/p>\n<\/li>\n<li data-start=\"1571\" data-end=\"1716\">\n<p data-start=\"1573\" data-end=\"1716\"><strong data-start=\"1573\" data-end=\"1594\">Modulaarinen laajennus &ndash;<\/strong> Nelj&auml; laajennusaluetta mahdollistaa mukauttamisen optisilla asemilla, todennuslukijoilla, I\/O-porteilla tai toisella akulla.<\/p>\n<\/li>\n<li data-start=\"1717\" data-end=\"1792\">\n<p data-start=\"1719\" data-end=\"1792\"><strong data-start=\"1719\" data-end=\"1735\">Liitett&auml;vyys &ndash;<\/strong> Wi-Fi 6, Bluetooth 5.1, valinnainen 4G LTE\/5G ja GPS.<\/p>\n<\/li>\n<li data-start=\"1793\" data-end=\"1899\">\n<p data-start=\"1795\" data-end=\"1899\"><strong data-start=\"1795\" data-end=\"1807\">Tietoturva &ndash;<\/strong> Moniautentikointituki, mukaan lukien &auml;lykortti, sormenj&auml;lki ja kasvojentunnistus.<\/p>\n<\/li>\n<li data-start=\"1900\" data-end=\"1997\">\n<p data-start=\"1902\" data-end=\"1997\"><strong data-start=\"1902\" data-end=\"1913\">Akku &ndash;<\/strong> Kaksi akkua, jotka voidaan vaihtaa kesken&auml;&auml;n ja joiden k&auml;ytt&ouml;aika on jopa 36 tuntia (toisen akun kanssa).<\/p>\n<\/li>\n<li data-start=\"1998\" data-end=\"2092\">\n<p data-start=\"2000\" data-end=\"2092\"><strong data-start=\"2000\" data-end=\"2018\">Kokoonpanot &ndash;<\/strong> Saatavana sek&auml; <strong data-start=\"2039\" data-end=\"2046\">UUTENA<\/strong> ett&auml; <strong data-start=\"2051\" data-end=\"2080\">CPO-versiona (Certified Pre-Owned)<\/strong>. Uudessa on vakiona 3 vuoden takuu. Sertifioidussa pre-owned -mallissa on 12 kuukauden takuu.<\/p>\n<\/li>\n<\/ul><h2 data-start=\"2094\" data-end=\"2141\">Panasonic Toughbook 40:n t&auml;rkeimm&auml;t edut<\/h2><h3 data-start=\"2143\" data-end=\"2194\">Rugged suorituskyky kriittisiin teht&auml;viin<\/h3><p data-start=\"2195\" data-end=\"2470\">Toughbook 40 on suunniteltu vaativimpiinkin ymp&auml;rist&ouml;ihin, ja se on MIL-STD-810H- ja IP66-sertifioitu, mik&auml; tarkoittaa, ett&auml; se ei ainoastaan kest&auml; iskuja, p&ouml;ly&auml; ja vett&auml;, vaan se kest&auml;&auml; my&ouml;s &auml;&auml;rimm&auml;isi&auml; ymp&auml;rist&ouml;olosuhteita. Sen magnesiumseoksesta valmistettu runko takaa pitk&auml;aikaisen kest&auml;vyyden.<\/p><h3 data-start=\"2472\" data-end=\"2509\">Suuri p&auml;iv&auml;nvalossa luettava n&auml;ytt&ouml;<\/h3><p data-start=\"2510\" data-end=\"2713\">14-tuumainen FHD-kosketusn&auml;ytt&ouml;, jossa on 1200 nitsin kirkkaus, takaa n&auml;kyvyyden kirkkaassa auringonvalossa tai haastavissa kentt&auml;olosuhteissa. Hansikkailla toimiva monikosketus parantaa k&auml;ytett&auml;vyytt&auml; ulkoilma- ja taktisten ryhmien k&auml;yt&ouml;ss&auml;.<\/p><h3 data-start=\"2715\" data-end=\"2740\">Modulaarinen joustavuus<\/h3><p data-start=\"2741\" data-end=\"2993\">Nelj&auml;n k&auml;ytt&auml;j&auml;n m&auml;&auml;ritett&auml;viss&auml; olevan laajennuspaikan ansiosta toughbook 40 mukautuu erilaisiin ty&ouml;nkulkuihin. Vaihtoehtoina ovat viivakoodinlukijat, lis&auml;tallennustila, erikoisportit tai lis&auml;virtayksik&ouml;t, joten se on yksi markkinoiden monipuolisimmista rugged laptopista.<\/p><h3 data-start=\"2995\" data-end=\"3040\">Pitk&auml; akun k&auml;ytt&ouml;ik&auml; Hot-Swap-tuella<\/h3><p data-start=\"3041\" data-end=\"3250\">Toughbook 40 -tietokoneessa on kaksi akkua, jotka voidaan vaihtaa paikan p&auml;&auml;ll&auml;, ja sen k&auml;ytt&ouml;aika on jopa 36 tuntia, kun se on varustettu toisella akulla. T&auml;m&auml; takaa jatkuvan toiminnan kentt&auml;k&auml;yt&ouml;ss&auml; ilman k&auml;ytt&ouml;katkoksia.<\/p><h3 data-start=\"3252\" data-end=\"3310\">Vaihtoehtoja jokaiseen budjettiin: UUSI tai Certified Pre-Owned<\/h3><p data-start=\"3311\" data-end=\"3770\"><strong data-start=\"3314\" data-end=\"3330\">Micro Nordicissa<\/strong> asiakkaat voivat valita <strong data-start=\"3361\" data-end=\"3393\">upouuden toughbook 40 -laitteen tai<\/strong> <strong data-start=\"3397\" data-end=\"3427\">sertifioidun esik&auml;ytetyn mallin.<\/strong> UUDET mallit tarjoavat uusimman laitteiston ja t&auml;yden takuutuen, kun taas Certified Pre-Owned -yksik&ouml;t on kunnostettu, testattu ja vaihdettu perusteellisesti, ja ne tarjoavat l&auml;hes saman suorituskyvyn alennettuun hintaan. T&auml;m&auml;n kaksoistarjonnan ansiosta organisaatiot voivat sovittaa hankinnat yhteen sek&auml; operatiivisten tarpeiden ett&auml; budjettirajoitusten kanssa.<\/p><h2 data-start=\"3772\" data-end=\"3823\">Panasonic Toughbook 40:n ihanteelliset k&auml;ytt&ouml;tapaukset<\/h2><ul data-start=\"3825\" data-end=\"4367\">\n<li data-start=\"3825\" data-end=\"3927\">\n<p data-start=\"3827\" data-end=\"3927\"><strong data-start=\"3827\" data-end=\"3858\">Puolustus ja lainvalvonta &ndash;<\/strong> Teht&auml;v&auml;kriittinen luotettavuus ja moniautentikointiturvallisuus.<\/p>\n<\/li>\n<li data-start=\"3928\" data-end=\"4040\">\n<p data-start=\"3930\" data-end=\"4040\"><strong data-start=\"3930\" data-end=\"3961\">Yleishy&ouml;dylliset palvelut ja kentt&auml;huolto &ndash;<\/strong> Kuumavaihdettavat akut ja modulaariset lis&auml;laitteet joustavaa kentt&auml;toimintaa varten.<\/p>\n<\/li>\n<li data-start=\"4041\" data-end=\"4145\">\n<p data-start=\"4043\" data-end=\"4145\"><strong data-start=\"4043\" data-end=\"4079\">Teollisuus ja raskas teollisuus &ndash;<\/strong> Kest&auml;&auml; rugged t&auml;rin&auml;&auml;, p&ouml;ly&auml; ja &auml;&auml;rimm&auml;isi&auml; olosuhteita.<\/p>\n<\/li>\n<li data-start=\"4146\" data-end=\"4247\">\n<p data-start=\"4148\" data-end=\"4247\"><strong data-start=\"4148\" data-end=\"4180\">Kuljetus ja logistiikka &ndash;<\/strong> Pitk&auml; k&auml;ytt&ouml;aika ja GPS-yhteys liikkuvan kaluston hallintaan.<\/p>\n<\/li>\n<li data-start=\"4248\" data-end=\"4367\">\n<p data-start=\"4250\" data-end=\"4367\"><strong data-start=\"4250\" data-end=\"4290\">Julkinen turvallisuus ja pelastuspalvelut &ndash;<\/strong> Suuri n&auml;ytt&ouml; ja vahva langaton yhteys reaaliaikaiseen toimintaan.<\/p>\n<\/li>\n<\/ul><h2 data-start=\"4369\" data-end=\"4430\">Tuotevertailut: Vaihtoehdot: Panasonic Toughbook 40<\/h2><p data-start=\"4432\" data-end=\"4532\">Vaihtoehtoja arvioiville organisaatioille Micro Nordic tarjoaa my&ouml;s muita rugged laptopteja:<\/p><ul data-start=\"4534\" data-end=\"4923\">\n<li data-start=\"4534\" data-end=\"4659\">\n<p data-start=\"4536\" data-end=\"4659\"><a href=\"https:\/\/micronordic.com\/product\/panasonic-toughbook-fz-55\/\"><strong data-start=\"4536\" data-end=\"4562\">Panasonic Toughbook 55<\/strong> <\/a>Semi-Rugged modulaarinen laptop, joka tarjoaa kevyemm&auml;n painon ja joustavan laajennuksen edullisemmin kustannuksin.<\/p>\n<\/li>\n<li data-start=\"4660\" data-end=\"4787\">\n<p data-start=\"4662\" data-end=\"4787\"><a href=\"https:\/\/micronordic.com\/product\/getac-b360-g2-fully-rugged-laptop\/\"><strong data-start=\"4662\" data-end=\"4699\">Getac B360 G2 Fully Rugged Laptop<\/strong><\/a> 13,3 tuuman Fully Rugged Windows laptop, joka on suunniteltu kentt&auml;k&auml;ytt&ouml;&ouml;n vaikeissa ymp&auml;rist&ouml;iss&auml;.<\/p>\n<\/li>\n<li data-start=\"4788\" data-end=\"4923\">\n<p data-start=\"4790\" data-end=\"4923\"><a href=\"https:\/\/micronordic.com\/product\/dell-latitude-7330-rugged-extreme\/\"><strong data-start=\"4790\" data-end=\"4834\">Dell Latitude 7330 Rugged Extreme Laptop<\/strong><\/a> Fully Rugged 13,3 tuuman laptop, jossa yhdistyv&auml;t kest&auml;vyys ja vahva yritysintegraatio.<\/p>\n<\/li>\n<\/ul>\n","protected":false},"excerpt":{"rendered":"<h3>Tekniset tiedot:<\/h3>\n<ul>\n<li><strong>N\u00e4ytt\u00f6:<\/strong> 1200 nitsin p\u00e4iv\u00e4nvalossa luettava kosketusn\u00e4ytt\u00f6.<\/li>\n<li><strong>Prosessori:<\/strong> sukupolven prosessori: Intel\u00ae Core\u2122 i5\/i7 vPro\u2122, 11. sukupolvi: Intel\u00ae Core\u2122 i5\/i7 vPro\u2122, 11th Gen<\/li>\n<li><strong>Grafiikka:<\/strong> Xe grafiikka: Integroitu Intel\u00ae Iris\u00ae Xe grafiikka<\/li>\n<li><strong>Muisti: 16 Gt<\/strong> (perusmalli), p\u00e4ivitett\u00e4viss\u00e4 64 Gt RAM-muistiin.<\/li>\n<li><strong>Varastointi:<\/strong> SSD: 512 Gt (perusmalli), p\u00e4ivitett\u00e4viss\u00e4 2 TB NVMe SSD:ksi.<\/li>\n<li><strong>Liitett\u00e4vyys:<\/strong> Wi-Fi 6, Bluetooth 5.1, valinnainen 4G LTE\/5G, GPS.<\/li>\n<li><strong>Rugged sertifioinnit:<\/strong> IP66: MIL-STD-810H, IP66<\/li>\n<li><strong>Laajentuminen:<\/strong> Nelj\u00e4 modulaarista liit\u00e4nt\u00e4paikkaa tallennustilaa, portteja tai todennuslukijoita varten.<\/li>\n<li><strong>Akku:<\/strong> jopa 36 tunnin k\u00e4ytt\u00f6aika (toisen akun kanssa).<\/li>\n<li><strong>Mitat ja paino: 354 \u00d7<\/strong> 301 \u00d7 54,4 mm, noin 3,35 kg.<\/li>\n<li><strong>Takuu: 3 vuoden<\/strong> takuu (UUSI) tai 12 kuukauden takuu (sertifioitu esik\u00e4ytetty).<\/li>\n<\/ul>\n","protected":false},"author":24,"featured_media":99840,"template":"","meta":{"_acf_changed":false,"inline_featured_image":false},"product-condition":[5252],"product_brand":[8988],"product_cat":[5132,5128,5133],"product_tag":[],"class_list":{"0":"post-47604","1":"product","2":"type-product","3":"status-publish","4":"has-post-thumbnail","6":"product-condition-new-in-box","7":"product_brand-panasonic","8":"product_cat-panasonic-toughbook","9":"product_cat-all-rugged-laptops","10":"product_cat-new-in-box-rugged-hardware","12":"first","13":"instock","14":"taxable","15":"shipping-taxable","16":"purchasable","17":"product-type-simple"},"acf":[],"_links":{"self":[{"href":"https:\/\/micronordic.com\/fi\/wp-json\/wp\/v2\/product\/47604","targetHints":{"allow":["GET"]}}],"collection":[{"href":"https:\/\/micronordic.com\/fi\/wp-json\/wp\/v2\/product"}],"about":[{"href":"https:\/\/micronordic.com\/fi\/wp-json\/wp\/v2\/types\/product"}],"author":[{"embeddable":true,"href":"https:\/\/micronordic.com\/fi\/wp-json\/wp\/v2\/users\/24"}],"version-history":[{"count":4,"href":"https:\/\/micronordic.com\/fi\/wp-json\/wp\/v2\/product\/47604\/revisions"}],"predecessor-version":[{"id":98826,"href":"https:\/\/micronordic.com\/fi\/wp-json\/wp\/v2\/product\/47604\/revisions\/98826"}],"wp:featuredmedia":[{"embeddable":true,"href":"https:\/\/micronordic.com\/fi\/wp-json\/wp\/v2\/media\/99840"}],"wp:attachment":[{"href":"https:\/\/micronordic.com\/fi\/wp-json\/wp\/v2\/media?parent=47604"}],"wp:term":[{"taxonomy":"product-condition","embeddable":true,"href":"https:\/\/micronordic.com\/fi\/wp-json\/wp\/v2\/product-condition?post=47604"},{"taxonomy":"product_brand","embeddable":true,"href":"https:\/\/micronordic.com\/fi\/wp-json\/wp\/v2\/product_brand?post=47604"},{"taxonomy":"product_cat","embeddable":true,"href":"https:\/\/micronordic.com\/fi\/wp-json\/wp\/v2\/product_cat?post=47604"},{"taxonomy":"product_tag","embeddable":true,"href":"https:\/\/micronordic.com\/fi\/wp-json\/wp\/v2\/product_tag?post=47604"}],"curies":[{"name":"wp","href":"https:\/\/api.w.org\/{rel}","templated":true}]}}