{"id":47602,"date":"2022-07-22T15:50:54","date_gmt":"2022-07-22T13:50:54","guid":{"rendered":"https:\/\/micronordic.com\/product\/honeywell-ct40-xp-mobile-handheld-computer-kunnostettu\/"},"modified":"2025-11-17T17:21:06","modified_gmt":"2025-11-17T16:21:06","slug":"honeywell-ct40xp-mobile-handheld-computer-refurbished","status":"publish","type":"product","link":"https:\/\/micronordic.com\/fi\/product\/honeywell-ct40xp-mobile-handheld-computer-refurbished\/","title":{"rendered":"Honeywell CT40 XP Handheld Mobile Computer (EX-DEMO)"},"content":{"rendered":"<?xml encoding=\"utf-8\" ?><h2 data-start=\"324\" data-end=\"379\">Honeywell CT40 XP Handheld Mobile Computer<\/h2><p data-start=\"381\" data-end=\"730\"><strong data-start=\"385\" data-end=\"439\">Honeywell Dolphin CT40 XP Handheld Mobile Computer on<\/strong> monipuolinen yritysluokan laite, joka on suunniteltu parantamaan tuottavuutta, liitett&auml;vyytt&auml; ja k&auml;ytt&auml;j&auml;kokemusta vaativissa ty&ouml;nkuluissa. &Auml;lypuhelintyylisen ergonomian ja rugged kest&auml;vyyden yhdist&auml;v&auml; CT40 XP tukee nykyaikaisia Android&trade;-sovelluksia ja tarjoaa pitk&auml;aikaista liiketoimintasuorituskyky&auml;.<\/p><p data-start=\"732\" data-end=\"798\"><strong data-start=\"735\" data-end=\"751\">Micro Nordicissa<\/strong> CT40 XP on saatavana kahdessa tilassa:<\/p><ul data-start=\"799\" data-end=\"1134\">\n<li data-start=\"799\" data-end=\"875\">\n<p data-start=\"801\" data-end=\"875\"><strong data-start=\"801\" data-end=\"818\">NEW-IN-BOX :<\/strong> Tehdassinet&ouml;ity <strong data-start=\"801\" data-end=\"818\">laite<\/strong>, jolla on t&auml;ysi <strong>2 vuoden valmistajan takuu.<\/strong><\/p>\n<\/li>\n<li data-start=\"876\" data-end=\"1134\">\n<p data-start=\"878\" data-end=\"1134\"><strong data-start=\"878\" data-end=\"890\">EX-DEMO:<\/strong> Alennettu laite, jota on k&auml;ytetty kevyesti esittelytarkoituksiin ja jonka kotelo ja digitointilaitteet on vaihdettu. Kaikki vakiovarusteet sis&auml;ltyv&auml;t, ellei toisin mainita. EX-DEMO-yksik&ouml;ill&auml; on <strong>12 kuukauden takuu.<\/strong>  <\/p>\n<\/li>\n<\/ul><p data-start=\"1136\" data-end=\"1308\">T&auml;m&auml; kaksoistarjonta antaa organisaatioille mahdollisuuden valita <strong data-start=\"1198\" data-end=\"1221\">uusimman suljetun varaston tai<\/strong> <strong data-start=\"1227\" data-end=\"1262\">kustannuss&auml;&auml;st&ouml;isen EX-DEMO-vaihtoehdon<\/strong> v&auml;lill&auml;, <strong data-start=\"1227\" data-end=\"1262\">joka<\/strong> tarjoaa silti yrityksen luotettavuuden.<\/p><h2 data-start=\"1310\" data-end=\"1352\">Honeywell CT40 XP:n t&auml;rkeimm&auml;t ominaisuudet<\/h2><ul data-start=\"1354\" data-end=\"2402\">\n<li data-start=\"1354\" data-end=\"1461\">\n<p data-start=\"1356\" data-end=\"1461\"><strong data-start=\"1356\" data-end=\"1381\">Kompakti ja rugged rakenne &ndash;<\/strong> Kevyt ja ergonominen, suunniteltu v&auml;hitt&auml;iskauppaan, logistiikkaan ja kentt&auml;k&auml;ytt&ouml;&ouml;n.<\/p>\n<\/li>\n<li data-start=\"1462\" data-end=\"1579\">\n<p data-start=\"1464\" data-end=\"1579\"><strong data-start=\"1464\" data-end=\"1478\">Kest&auml;vyys &ndash;<\/strong> MIL-STD-810G-testattu, 1,8 metrin pudotuskest&auml;vyys (saapasosan kanssa) ja IP67-tiivistys p&ouml;ly&auml; ja vett&auml; vastaan.<\/p>\n<\/li>\n<li data-start=\"1580\" data-end=\"1689\">\n<p data-start=\"1582\" data-end=\"1689\"><strong data-start=\"1582\" data-end=\"1593\">N&auml;ytt&ouml; &ndash;<\/strong> 5-tuumainen HD-kosketusn&auml;ytt&ouml;, joka on luettavissa ulkona ja jota voi k&auml;ytt&auml;&auml; k&auml;sineill&auml; ja m&auml;riss&auml; olosuhteissa.<\/p>\n<\/li>\n<li data-start=\"1690\" data-end=\"1826\">\n<p data-start=\"1692\" data-end=\"1826\"><strong data-start=\"1692\" data-end=\"1707\">Suorituskyky &ndash;<\/strong> Qualcomm Snapdragon&reg; 660 -oktaydinsuoritin takaa sujuvan moniajon ja Android Enterprise -valmiuden.<\/p>\n<\/li>\n<li data-start=\"1827\" data-end=\"1948\">\n<p data-start=\"1829\" data-end=\"1948\"><strong data-start=\"1829\" data-end=\"1849\">K&auml;ytt&ouml;j&auml;rjestelm&auml; &ndash;<\/strong> Toimitetaan Android 9 -k&auml;ytt&ouml;j&auml;rjestelm&auml;ll&auml;, joka on p&auml;ivitett&auml;viss&auml; Android 11 -k&auml;ytt&ouml;j&auml;rjestelm&auml;&auml;n ja sen j&auml;lkeen Honeywell Mobility Edge&trade; -ohjelmalla.<\/p>\n<\/li>\n<li data-start=\"1949\" data-end=\"2062\">\n<p data-start=\"1951\" data-end=\"2062\"><strong data-start=\"1951\" data-end=\"1967\">Tiedonkeruu &ndash;<\/strong> Integroitu Honeywell FlexRange&trade; -kuvantamislaite nopeaa viivakoodin skannausta varten lyhyill&auml; ja pitkill&auml; et&auml;isyyksill&auml;.<\/p>\n<\/li>\n<li data-start=\"2063\" data-end=\"2191\">\n<p data-start=\"2065\" data-end=\"2191\"><strong data-start=\"2065\" data-end=\"2081\">Akun kesto &ndash;<\/strong> Suurikapasiteettinen &auml;lyk&auml;s akku, joka on suunniteltu koko vuorokauden kest&auml;v&auml;&auml; k&auml;ytt&ouml;&auml; varten ja jossa on hot-swap-tuki pidemp&auml;&auml; k&auml;ytt&ouml;&auml; varten.<\/p>\n<\/li>\n<li data-start=\"2192\" data-end=\"2262\">\n<p data-start=\"2194\" data-end=\"2262\"><strong data-start=\"2194\" data-end=\"2210\">Liitett&auml;vyys &ndash;<\/strong> Wi-Fi, Bluetooth 5.0, valinnainen 4G LTE ja NFC.<\/p>\n<\/li>\n<li data-start=\"2263\" data-end=\"2402\">\n<p data-start=\"2265\" data-end=\"2402\"><strong data-start=\"2265\" data-end=\"2293\">Turvallisuus ja hallittavuus &ndash;<\/strong> Honeywell Mobility Edge&trade; -alusta tarjoaa elinkaaren aikaiset tietoturvakorjaukset ja keskitetyn laitehallinnan.<\/p>\n<\/li>\n<\/ul><h2 data-start=\"2404\" data-end=\"2436\">CT40 XP:n t&auml;rkeimm&auml;t edut<\/h2><h3 data-start=\"2438\" data-end=\"2462\">Rugged mutta kompakti<\/h3><p data-start=\"2463\" data-end=\"2668\">CT40 XP on tasapainossa kuluttajatyylisen muotoilun ja rugged suojan v&auml;lill&auml;. Se kest&auml;&auml; p&auml;ivitt&auml;iset pudotukset, t&auml;rin&auml;n ja p&ouml;lyaltistuksen, mutta on silti ohut ja kannettava etulinjan ty&ouml;ntekij&ouml;ille. <\/p><h3 data-start=\"2670\" data-end=\"2696\">Koko p&auml;iv&auml;n tuottavuus<\/h3><p data-start=\"2697\" data-end=\"2921\">Tehokas Snapdragon-prosessori yhdistettyn&auml; pitk&auml;&auml;n akun kestoon ja hot-swap-toimintoihin takaa keskeytym&auml;tt&ouml;m&auml;n toiminnan koko ty&ouml;vuoron ajan. Ty&ouml;ntekij&auml;t pysyv&auml;t yhteydess&auml; ja tuottavina my&ouml;s vaativissa ymp&auml;rist&ouml;iss&auml;. <\/p><h3 data-start=\"2923\" data-end=\"2952\">Yritystiedonkeruu<\/h3><p data-start=\"2953\" data-end=\"3162\">Integroitu FlexRange&trade;-skanneri lukee viivakoodit nopeasti useilta et&auml;isyyksilt&auml;, vaikka ne olisivat vaurioituneita tai huonosti painettuja. T&auml;m&auml; tukee v&auml;hitt&auml;iskaupan varastonhallintaa, logistiikan ty&ouml;nkulkuja ja kentt&auml;tietojen keruuta. <\/p><h3 data-start=\"3164\" data-end=\"3194\">Android Enterprise Ready<\/h3><p data-start=\"3195\" data-end=\"3388\">Honeywell Mobility Edge&trade;:n avulla yritykset hy&ouml;tyv&auml;t laajennetusta Android-tuesta ja s&auml;&auml;nn&ouml;llisist&auml; tietoturvap&auml;ivityksist&auml;. T&auml;m&auml; pident&auml;&auml; laitteen elinkaarta verrattuna kuluttajatason &auml;lypuhelimiin. <\/p><h3 data-start=\"3390\" data-end=\"3438\">Kustannuksia s&auml;&auml;st&auml;v&auml; joustavuus EX-DEMO-yksik&ouml;ill&auml;<\/h3><p data-start=\"3439\" data-end=\"3679\">CT40 XP:n EX-DEMO-versiot antavat organisaatioille mahdollisuuden ostaa t&auml;ysin toimiva laite alennettuun hintaan. Uusien koteloiden ja digitointilaitteiden ansiosta n&auml;m&auml; laitteet n&auml;ytt&auml;v&auml;t ja tuntuvat l&auml;hes uusilta ja tarjoavat samalla budjettiyst&auml;v&auml;llisen vaihtoehdon. <\/p><h2 data-start=\"3681\" data-end=\"3701\">Ihanteelliset k&auml;ytt&ouml;tapaukset<\/h2><ul data-start=\"3703\" data-end=\"4096\">\n<li data-start=\"3703\" data-end=\"3792\">\n<p data-start=\"3705\" data-end=\"3792\"><strong data-start=\"3705\" data-end=\"3729\">V&auml;hitt&auml;iskauppa ja vieraanvaraisuus &ndash;<\/strong> Mobiilikassat, varastonhallinta ja asiakkaiden sitouttaminen.<\/p>\n<\/li>\n<li data-start=\"3793\" data-end=\"3891\">\n<p data-start=\"3795\" data-end=\"3891\"><strong data-start=\"3795\" data-end=\"3820\">Kuljetus ja logistiikka &ndash;<\/strong> Skannaus ja reaaliaikainen viestint&auml; varastoissa tai liikenteess&auml;.<\/p>\n<\/li>\n<li data-start=\"3892\" data-end=\"3984\">\n<p data-start=\"3894\" data-end=\"3984\"><strong data-start=\"3894\" data-end=\"3911\">Kentt&auml;huolto &ndash;<\/strong> Luotettava tiedonkeruu ja yhteydet kent&auml;ll&auml; ty&ouml;skenteleville teknikoille.<\/p>\n<\/li>\n<li data-start=\"3985\" data-end=\"4096\">\n<p data-start=\"3987\" data-end=\"4096\"><strong data-start=\"3987\" data-end=\"4001\">Terveydenhuolto &ndash;<\/strong> Kest&auml;v&auml; mutta kevyt, sopii potilashoidon ty&ouml;nkulkuihin (erityisten lis&auml;varusteiden kanssa).<\/p>\n<\/li>\n<\/ul><h2 data-start=\"4098\" data-end=\"4154\">Tuotevertailut: Vaihtoehdot: Honeywell CT40 XP<\/h2><p data-start=\"4156\" data-end=\"4263\">Organisaatiot, jotka harkitsevat vaihtoehtoja CT40 XP:lle, voivat tutustua muihin Micro Nordicin rugged k&auml;mmenmikroihin:<\/p><ul data-start=\"4265\" data-end=\"4672\">\n<li data-start=\"4265\" data-end=\"4407\">\n<p data-start=\"4267\" data-end=\"4407\"><a href=\"https:\/\/micronordic.com\/product\/zebra-tc52-mobile-handheld-computer-refurbished\/\"><strong data-start=\"4267\" data-end=\"4316\">Zebra TC52 Handheld Mobile Computer <\/strong><\/a> &ndash; Kunnostettuna saatavilla oleva hyv&auml;ksi todettu Android-laite, joka sopii kustannustietoisille ostajille.<\/p>\n<\/li>\n<li data-start=\"4408\" data-end=\"4539\">\n<p data-start=\"4410\" data-end=\"4539\"><a href=\"https:\/\/micronordic.com\/product\/zebra-tc58-handheld-mobile-computer\/\"><strong data-start=\"4410\" data-end=\"4453\">Zebra TC58 Handheld Mobile Computer <\/strong><\/a> &ndash; Uudemman sukupolven Android-k&auml;mmenlaite, jossa on 5G-yhteys ja vahvempi prosessointi.<\/p>\n<\/li>\n<li><a href=\"https:\/\/micronordic.com\/product\/honeywell-ck65-mobile-handheld-computer-refurbished\/\"><strong data-start=\"4542\" data-end=\"4585\">Honeywell CK65 Handheld <\/strong><\/a><strong data-start=\"4542\" data-end=\"4585\"><a href=\"https:\/\/micronordic.com\/product\/honeywell-ck65-mobile-handheld-computer-refurbished\/\">Mobiilitietokone<\/a><\/strong> &ndash; Suurempi rugged kannettava tietokone, jossa on laajennettu skannausalue ja fyysinen n&auml;pp&auml;imist&ouml;.<\/li>\n<\/ul>\n","protected":false},"excerpt":{"rendered":"<p>VALITSE ALLA OLEVA VAIHTOEHTO! Soita meille, jos tarvitset apua oikean tuotevaihtoehdon l\u00f6yt\u00e4misess\u00e4. <\/p>\n<h3>Tekniset tiedot:<\/h3>\n<ul>\n<li><strong>N\u00e4ytt\u00f6:<\/strong> 5\u2033 HD (1280\u00d7720), auringonvalossa luettava, k\u00e4sine- ja m\u00e4rk\u00e4kosketustuki.<\/li>\n<li><strong>Prosessori:<\/strong> Qualcomm Snapdragon\u00ae 660 oktaydin, 2,2 GHz<\/li>\n<li><strong>Grafiikka:<\/strong> Adreno\u2122 GPU<\/li>\n<li><strong>Muisti:<\/strong> RAM-muisti: 3 GB tai 4 GB<\/li>\n<li><strong>Varastointi:<\/strong> Laajennettavissa microSD-muistikortilla.<\/li>\n<li><strong>Liitett\u00e4vyys:<\/strong> 4G LTE, NFC.<\/li>\n<li><strong>Rugged sertifioinnit:<\/strong> 1,8 metrin pudotuskest\u00e4vyys (saappaan kanssa).<\/li>\n<li><strong>Tietoturva: Honeywell<\/strong> Mobility Edge\u2122, s\u00e4\u00e4nn\u00f6llinen Android-korjaustuki<\/li>\n<li><strong>Akku: 4040<\/strong> mAh:n irrotettava Li-ion, vaihdettavissa k\u00e4yt\u00f6n aikana<\/li>\n<li><strong>Mitat ja paino: 162 \u00d7<\/strong> 77 \u00d7 18 mm, noin 280 g. <\/li>\n<li><strong>Takuu:<\/strong> EX-DEMO 12 kuukauden rajoitettu takuu.<\/li>\n<\/ul>\n<p><strong>Valitse oikea malli alla, ennen kuin lis\u00e4\u00e4t sen ostoskoriin.<\/strong><\/p>\n","protected":false},"author":24,"featured_media":100502,"template":"","meta":{"_acf_changed":false,"inline_featured_image":false},"product-condition":[5267],"product_brand":[8973],"product_cat":[5127,5130,5131],"product_tag":[],"class_list":{"0":"post-47602","1":"product","2":"type-product","3":"status-publish","4":"has-post-thumbnail","6":"product-condition-ex-demo","7":"product_brand-honeywell-intermec","8":"product_cat-honeywell-intermec","9":"product_cat-all-barcode-scanners","10":"product_cat-refurbished-rugged-hardware","11":"pa_model-part-number-ct40p-l0n-27r11de","12":"pa_model-part-number-ct40p-l1n-26r11be","13":"pa_model-part-number-ct40p-l1n-27r11be","14":"pa_model-part-number-ct40p-l1n-28r11be","16":"first","17":"instock","18":"taxable","19":"shipping-taxable","20":"purchasable","21":"product-type-variable"},"acf":[],"_links":{"self":[{"href":"https:\/\/micronordic.com\/fi\/wp-json\/wp\/v2\/product\/47602","targetHints":{"allow":["GET"]}}],"collection":[{"href":"https:\/\/micronordic.com\/fi\/wp-json\/wp\/v2\/product"}],"about":[{"href":"https:\/\/micronordic.com\/fi\/wp-json\/wp\/v2\/types\/product"}],"author":[{"embeddable":true,"href":"https:\/\/micronordic.com\/fi\/wp-json\/wp\/v2\/users\/24"}],"version-history":[{"count":5,"href":"https:\/\/micronordic.com\/fi\/wp-json\/wp\/v2\/product\/47602\/revisions"}],"predecessor-version":[{"id":98212,"href":"https:\/\/micronordic.com\/fi\/wp-json\/wp\/v2\/product\/47602\/revisions\/98212"}],"wp:featuredmedia":[{"embeddable":true,"href":"https:\/\/micronordic.com\/fi\/wp-json\/wp\/v2\/media\/100502"}],"wp:attachment":[{"href":"https:\/\/micronordic.com\/fi\/wp-json\/wp\/v2\/media?parent=47602"}],"wp:term":[{"taxonomy":"product-condition","embeddable":true,"href":"https:\/\/micronordic.com\/fi\/wp-json\/wp\/v2\/product-condition?post=47602"},{"taxonomy":"product_brand","embeddable":true,"href":"https:\/\/micronordic.com\/fi\/wp-json\/wp\/v2\/product_brand?post=47602"},{"taxonomy":"product_cat","embeddable":true,"href":"https:\/\/micronordic.com\/fi\/wp-json\/wp\/v2\/product_cat?post=47602"},{"taxonomy":"product_tag","embeddable":true,"href":"https:\/\/micronordic.com\/fi\/wp-json\/wp\/v2\/product_tag?post=47602"}],"curies":[{"name":"wp","href":"https:\/\/api.w.org\/{rel}","templated":true}]}}