{"id":47600,"date":"2022-07-22T14:53:22","date_gmt":"2022-07-22T12:53:22","guid":{"rendered":"https:\/\/micronordic.com\/product\/honeywell-dolphin-ct40-mobile-handheld-computer-kunnostettu\/"},"modified":"2025-11-17T17:42:21","modified_gmt":"2025-11-17T16:42:21","slug":"honeywell-dolphin-ct40-mobile-handheld-computer","status":"publish","type":"product","link":"https:\/\/micronordic.com\/fi\/product\/honeywell-dolphin-ct40-mobile-handheld-computer\/","title":{"rendered":"Honeywell Dolphin CT40 Handheld Mobile Computer (EX-DEMO)"},"content":{"rendered":"<?xml encoding=\"utf-8\" ?><h2 data-start=\"299\" data-end=\"361\">Honeywell Dolphin CT40 Handheld Mobile Computer (EX-DEMO)<\/h2><p data-start=\"363\" data-end=\"680\"><strong data-start=\"367\" data-end=\"418\">Honeywell Dolphin CT40 Handheld Mobile Computer on<\/strong> suunniteltu virtaviivaistamaan v&auml;hitt&auml;iskaupan, kuljetuksen ja kentt&auml;ty&ouml;n ty&ouml;nkulkuja yritystason Android-laitteen teholla. Kompakti, kevyt ja riitt&auml;v&auml;n rugged p&auml;ivitt&auml;iseen k&auml;ytt&ouml;&ouml;n, se tarjoaa t&auml;ydellisen yhdistelm&auml;n kuluttajatyylist&auml; ergonomiaa ja ammattik&auml;ytt&ouml;&ouml;n soveltuvaa kest&auml;vyytt&auml;. <\/p><p data-start=\"682\" data-end=\"752\"><strong data-start=\"685\" data-end=\"701\">Micro Nordicissa<\/strong> Honeywell CT40 on saatavana kahtena vaihtoehtona:<\/p><ul data-start=\"753\" data-end=\"1078\">\n<li data-start=\"753\" data-end=\"839\">\n<p data-start=\"755\" data-end=\"839\"><strong data-start=\"755\" data-end=\"772\">NEW-IN-BOX Tehtaalla sinet&ouml;idyt<\/strong>, koskemattomat yksik&ouml;t, joilla on t&auml;ysi 2 vuoden valmistajan takuu.<\/p>\n<\/li>\n<li data-start=\"840\" data-end=\"1078\">\n<p data-start=\"842\" data-end=\"1078\"><strong data-start=\"842\" data-end=\"854\">EX-DEMO:<\/strong> Kevyesti k&auml;ytetyt esittelylaitteet, jotka on kunnostettu uusilla koteloilla ja digitointilaitteilla. N&auml;m&auml; laitteet ovat alennettuun hintaan, sis&auml;lt&auml;v&auml;t kaikki vakiovarusteet (ellei toisin mainita), ja niill&auml; on 12 kuukauden takuu. <\/p>\n<\/li>\n<\/ul><p data-start=\"1080\" data-end=\"1243\">T&auml;m&auml; antaa yrityksille vapauden valita joko <strong data-start=\"1132\" data-end=\"1151\">upouuden kaluston tai<\/strong> <strong data-start=\"1157\" data-end=\"1196\">edullisen EX-DEMO-vaihtoehdon, joka<\/strong> kuitenkin t&auml;ytt&auml;&auml; yrityksen standardit.<\/p><h2 data-start=\"1245\" data-end=\"1284\">Honeywell CT40:n t&auml;rkeimm&auml;t ominaisuudet<\/h2><ul data-start=\"1286\" data-end=\"2127\">\n<li data-start=\"1286\" data-end=\"1401\">\n<p data-start=\"1288\" data-end=\"1401\"><strong data-start=\"1288\" data-end=\"1317\">Ohut ja ergonominen muotoilu &ndash;<\/strong> Helppo kuljettaa mukana, suunniteltu v&auml;hitt&auml;iskaupan, logistiikan ja vieraanvaraisuuden etulinjan henkil&ouml;kunnalle.<\/p>\n<\/li>\n<li data-start=\"1402\" data-end=\"1481\">\n<p data-start=\"1404\" data-end=\"1481\"><strong data-start=\"1404\" data-end=\"1418\">Kest&auml;vyys &ndash;<\/strong> IP64-tiivistys ja 1,2 metrin pudotuskest&auml;vyys (1,5 m saappaan kanssa).<\/p>\n<\/li>\n<li data-start=\"1482\" data-end=\"1566\">\n<p data-start=\"1484\" data-end=\"1566\"><strong data-start=\"1484\" data-end=\"1495\">N&auml;ytt&ouml; &ndash;<\/strong> 5-tuumainen HD-kosketusn&auml;ytt&ouml;, joka on luettavissa ulkona ja jota voi k&auml;ytt&auml;&auml; k&auml;sineill&auml;.<\/p>\n<\/li>\n<li data-start=\"1567\" data-end=\"1662\">\n<p data-start=\"1569\" data-end=\"1662\"><strong data-start=\"1569\" data-end=\"1584\">Suorituskyky &ndash;<\/strong> Qualcomm Snapdragon&trade; 660 -oktaydinprosessori takaa sujuvan sovellusk&auml;sittelyn.<\/p>\n<\/li>\n<li data-start=\"1663\" data-end=\"1762\">\n<p data-start=\"1665\" data-end=\"1762\"><strong data-start=\"1665\" data-end=\"1685\">K&auml;ytt&ouml;j&auml;rjestelm&auml; &ndash;<\/strong> Android&trade;, joka tukee Honeywell Mobility Edge&trade; -elinkaarenhallintaa.<\/p>\n<\/li>\n<li data-start=\"1763\" data-end=\"1852\">\n<p data-start=\"1765\" data-end=\"1852\"><strong data-start=\"1765\" data-end=\"1781\">Tiedonkeruu &ndash;<\/strong> Suorituskykyinen 2D-kuvantamislaite nopeaan ja tarkkaan viivakoodin skannaukseen.<\/p>\n<\/li>\n<li data-start=\"1853\" data-end=\"1936\">\n<p data-start=\"1855\" data-end=\"1936\"><strong data-start=\"1855\" data-end=\"1871\">Liitett&auml;vyys &ndash;<\/strong> Wi-Fi, Bluetooth 5.0, NFC ja valinnainen 4G LTE liikkuvuutta varten.<\/p>\n<\/li>\n<li data-start=\"1937\" data-end=\"2016\">\n<p data-start=\"1939\" data-end=\"2016\"><strong data-start=\"1939\" data-end=\"1950\">Akku &ndash;<\/strong> Pitk&auml;ik&auml;inen akku tukee akun vaihtoa, jotta k&auml;ytt&ouml;katkokset j&auml;&auml;v&auml;t mahdollisimman v&auml;h&auml;isiksi.<\/p>\n<\/li>\n<li data-start=\"2017\" data-end=\"2127\">\n<p data-start=\"2019\" data-end=\"2127\"><strong data-start=\"2019\" data-end=\"2047\">Tietoturva ja hallittavuus &ndash;<\/strong> Sis&auml;&auml;nrakennettu yritysturva ja s&auml;&auml;nn&ouml;llinen korjaustuki Mobility Edge&trade;:n kautta.<\/p>\n<\/li>\n<\/ul><h2 data-start=\"2129\" data-end=\"2168\">Honeywell CT40:n t&auml;rkeimm&auml;t edut<\/h2><h3 data-start=\"2170\" data-end=\"2200\">Arjen rugged liikkuvuus<\/h3><p data-start=\"2201\" data-end=\"2383\">CT40 on ohut ja kevyt, joten se on mukava pitkiss&auml; ty&ouml;vuoroissa, mutta se on silti yritystason kest&auml;v&auml;, jotta se kest&auml;&auml; pudotuksia, iskuja sek&auml; altistumista p&ouml;lylle ja vedelle.<\/p><h3 data-start=\"2385\" data-end=\"2421\">Rakennettu v&auml;hitt&auml;iskauppaa ja logistiikkaa varten<\/h3><p data-start=\"2422\" data-end=\"2573\">CT40 on suunniteltu varastonhallintaan, mobiilikassoihin ja reaaliaikaiseen viestint&auml;&auml;n, ja se auttaa v&auml;hent&auml;m&auml;&auml;n virheit&auml; ja lis&auml;&auml;m&auml;&auml;n tuottavuutta eri toimialoilla.<\/p><h3 data-start=\"2575\" data-end=\"2598\">Nopea tiedonkeruu<\/h3><p data-start=\"2599\" data-end=\"2765\">Integroidun 2D-kuvantimensa ansiosta CT40 skannaa viivakoodit nopeasti, vaikka ne olisivat vaurioituneita tai huonosti tulostettuja &ndash; t&auml;m&auml; on v&auml;ltt&auml;m&auml;t&ouml;nt&auml; suurten ty&ouml;m&auml;&auml;rien ty&ouml;nkuluissa v&auml;hitt&auml;iskaupassa ja varastossa.<\/p><h3 data-start=\"2767\" data-end=\"2799\">Pitk&auml;aikainen alustatuki<\/h3><p data-start=\"2800\" data-end=\"2981\">Honeywell Mobility Edge&trade; tarjoaa pidennetyn Androidin elinkaarituen ja s&auml;&auml;nn&ouml;lliset tietoturvakorjaukset, jolloin laite pysyy turvallisena ja merkityksellisen&auml; pidemp&auml;&auml;n kuin tavalliset kuluttaja&auml;lypuhelimet.<\/p><h3 data-start=\"2983\" data-end=\"3009\">EX-DEMO Value -vaihtoehto<\/h3><p data-start=\"3010\" data-end=\"3220\">Yritykset voivat v&auml;hent&auml;&auml; kustannuksia merkitt&auml;v&auml;sti CT40:n EX-DEMO-versioilla. N&auml;m&auml; yksik&ouml;t on kunnostettu l&auml;hes uuteen kuntoon, ja ne tarjoavat saman suorituskyvyn kuin uudet mallit, mutta murto-osalla hinnasta. <\/p><h2 data-start=\"3222\" data-end=\"3242\">Ihanteelliset k&auml;ytt&ouml;tapaukset<\/h2><ul data-start=\"3244\" data-end=\"3619\">\n<li data-start=\"3244\" data-end=\"3343\">\n<p data-start=\"3246\" data-end=\"3343\"><strong data-start=\"3246\" data-end=\"3270\">V&auml;hitt&auml;iskauppa ja vieraanvaraisuus &ndash;<\/strong> Varastonhallinta, mobiili myyntipiste ja myym&auml;l&auml;toiminnot.<\/p>\n<\/li>\n<li data-start=\"3344\" data-end=\"3438\">\n<p data-start=\"3346\" data-end=\"3438\"><strong data-start=\"3346\" data-end=\"3371\">Kuljetus ja logistiikka &ndash;<\/strong> Pakettien seuranta, ajoneuvokannan liikkuvuus ja reaaliaikainen tiedonvaihto.<\/p>\n<\/li>\n<li data-start=\"3439\" data-end=\"3519\">\n<p data-start=\"3441\" data-end=\"3519\"><strong data-start=\"3441\" data-end=\"3458\">Kentt&auml;huolto &ndash;<\/strong> Kest&auml;v&auml; ja kannettava laite liikkeell&auml; oleville teknikoille.<\/p>\n<\/li>\n<li data-start=\"3520\" data-end=\"3619\">\n<p data-start=\"3522\" data-end=\"3619\"><strong data-start=\"3522\" data-end=\"3536\">Terveydenhuolto &ndash;<\/strong> Yhteensopiva lis&auml;varusteiden kanssa k&auml;ytett&auml;v&auml;ksi potilashoito- ja sairaalaymp&auml;rist&ouml;iss&auml;.<\/p>\n<\/li>\n<\/ul><h2 data-start=\"3621\" data-end=\"3674\">Tuotevertailut: Honeywell CT40 Vaihtoehdot<\/h2><p data-start=\"3676\" data-end=\"3758\">Micro Nordic tarjoaa my&ouml;s muita kannettavia ratkaisuja arvioiville organisaatioille:<\/p><ul data-start=\"3760\" data-end=\"4140\">\n<li data-start=\"3760\" data-end=\"3888\">\n<p data-start=\"3762\" data-end=\"3888\"><a href=\"https:\/\/micronordic.com\/product\/honeywell-ct40xp-mobile-handheld-computer-refurbished\/\"><strong data-start=\"3762\" data-end=\"3808\">Honeywell CT40 XP Handheld Mobile Computer<\/strong><\/a> &ndash; Edistyksellisempi seuraaja, jossa on parannettu kest&auml;vyytt&auml; ja FlexRange&trade;-skannaus.<\/p>\n<\/li>\n<li data-start=\"3889\" data-end=\"4026\">\n<p data-start=\"3891\" data-end=\"4026\"><a href=\"https:\/\/micronordic.com\/product\/zebra-tc52-mobile-handheld-computer-refurbished\/\"><strong data-start=\"3891\" data-end=\"3940\">Zebra TC52 Handheld Mobile Computer <\/strong> <\/a>&ndash; Kustannustehokkaaseen ja rugged liikkuvuuteen tarkoitettu Android-laite, joka on saatavana kunnostettuna.<\/p>\n<\/li>\n<li data-start=\"4027\" data-end=\"4140\">\n<p data-start=\"4029\" data-end=\"4140\"><a href=\"https:\/\/micronordic.com\/product\/zebra-tc58-handheld-mobile-computer\/\"><strong data-start=\"4029\" data-end=\"4066\">Zebra TC58 Handheld Mobile Computer<\/strong> <\/a>&ndash; Nykyaikainen, 5G-yhteensopiva rugged kannettava tietokone, jossa on kehittyneet yritysominaisuudet.<\/p>\n<\/li>\n<\/ul><div class=\"description-part-numbers\"><br>Model Part numbers<br>CT40-L0N-27C21AE | CT40-L0N-28C11AE | CT40-L1N-28C11BE | CT40-L0N-2SC210E | CT40-L1N-1NC210E | CT40-L1N-2SC210E | CT40-L1N-27C21BE | CT40-L0N-27C11AE | CT40-L0N-27C11DE | CT40-L1N-27C11BE<\/div>\n","protected":false},"excerpt":{"rendered":"<p>VALITSE ALLA OLEVA VAIHTOEHTO! Soita meille, jos tarvitset apua oikean tuotevaihtoehdon l\u00f6yt\u00e4misess\u00e4. <\/p>\n<h3>Tekniset tiedot:<\/h3>\n<ul>\n<li><strong>N\u00e4ytt\u00f6:<\/strong> HD (1280\u00d7720), ulkok\u00e4ytt\u00f6\u00f6n luettava kosketusn\u00e4ytt\u00f6.<\/li>\n<li><strong>Prosessori:<\/strong> Qualcomm Snapdragon\u2122 660 oktaydin, 2,2 GHz.<\/li>\n<li><strong>Grafiikka:<\/strong> GPU: Integroitu Adreno\u2122 GPU<\/li>\n<li><strong>Muisti: 2 GB<\/strong> tai 4 GB RAM-muistia<\/li>\n<li><strong>Varastointi:<\/strong> Laajennettavissa microSD-muistikortilla.<\/li>\n<li><strong>Liitett\u00e4vyys:<\/strong> NFC, valinnainen 4G LTE: Wi-Fi, Bluetooth 5.0, NFC.<\/li>\n<li><strong>Rugged sertifioinnit:<\/strong> 1,2 m pudotuskest\u00e4vyys (1,5 m saappaan kanssa).<\/li>\n<li><strong>Tietoturva: Honeywell<\/strong> Mobility Edge\u2122 laajennetulla elinkaarituella.<\/li>\n<li><strong>Akku:<\/strong> vaihtokelpoinen Li-ion-akku<\/li>\n<li><strong>Mitat ja paino: 162 \u00d7<\/strong> 77 \u00d7 18 mm, noin 278 g. <\/li>\n<li><strong>Takuu:<\/strong> EX-DEMO 12 kuukauden rajoitetulla takuulla.<\/li>\n<\/ul>\n<p><strong>Valitse oikea malli alla, ennen kuin lis\u00e4\u00e4t sen ostoskoriin.<\/strong><\/p>\n","protected":false},"author":24,"featured_media":100502,"template":"","meta":{"_acf_changed":false,"inline_featured_image":false},"product-condition":[5267],"product_brand":[8973],"product_cat":[5127,5130,5131],"product_tag":[],"class_list":{"0":"post-47600","1":"product","2":"type-product","3":"status-publish","4":"has-post-thumbnail","6":"product-condition-ex-demo","7":"product_brand-honeywell-intermec","8":"product_cat-honeywell-intermec","9":"product_cat-all-barcode-scanners","10":"product_cat-refurbished-rugged-hardware","12":"first","13":"instock","14":"taxable","15":"shipping-taxable","16":"purchasable","17":"product-type-variable"},"acf":[],"_links":{"self":[{"href":"https:\/\/micronordic.com\/fi\/wp-json\/wp\/v2\/product\/47600","targetHints":{"allow":["GET"]}}],"collection":[{"href":"https:\/\/micronordic.com\/fi\/wp-json\/wp\/v2\/product"}],"about":[{"href":"https:\/\/micronordic.com\/fi\/wp-json\/wp\/v2\/types\/product"}],"author":[{"embeddable":true,"href":"https:\/\/micronordic.com\/fi\/wp-json\/wp\/v2\/users\/24"}],"version-history":[{"count":2,"href":"https:\/\/micronordic.com\/fi\/wp-json\/wp\/v2\/product\/47600\/revisions"}],"predecessor-version":[{"id":98229,"href":"https:\/\/micronordic.com\/fi\/wp-json\/wp\/v2\/product\/47600\/revisions\/98229"}],"wp:featuredmedia":[{"embeddable":true,"href":"https:\/\/micronordic.com\/fi\/wp-json\/wp\/v2\/media\/100502"}],"wp:attachment":[{"href":"https:\/\/micronordic.com\/fi\/wp-json\/wp\/v2\/media?parent=47600"}],"wp:term":[{"taxonomy":"product-condition","embeddable":true,"href":"https:\/\/micronordic.com\/fi\/wp-json\/wp\/v2\/product-condition?post=47600"},{"taxonomy":"product_brand","embeddable":true,"href":"https:\/\/micronordic.com\/fi\/wp-json\/wp\/v2\/product_brand?post=47600"},{"taxonomy":"product_cat","embeddable":true,"href":"https:\/\/micronordic.com\/fi\/wp-json\/wp\/v2\/product_cat?post=47600"},{"taxonomy":"product_tag","embeddable":true,"href":"https:\/\/micronordic.com\/fi\/wp-json\/wp\/v2\/product_tag?post=47600"}],"curies":[{"name":"wp","href":"https:\/\/api.w.org\/{rel}","templated":true}]}}