{"id":47596,"date":"2021-08-24T14:07:48","date_gmt":"2021-08-24T12:07:48","guid":{"rendered":"https:\/\/micronordic.com\/product\/honeywell-intermec-ck75-mobile-handheld-computer-kunnostettu\/"},"modified":"2025-11-18T17:02:29","modified_gmt":"2025-11-18T16:02:29","slug":"honeywell-intermec-ck75-mobile-handheld-computer-refurbished","status":"publish","type":"product","link":"https:\/\/micronordic.com\/fi\/product\/honeywell-intermec-ck75-mobile-handheld-computer-refurbished\/","title":{"rendered":"Honeywell CK75 Handheld Mobile Computer (EX-DEMO)"},"content":{"rendered":"<?xml encoding=\"utf-8\" ?><h2 data-start=\"306\" data-end=\"358\">Honeywell CK75 Handheld Mobile Computer (EX-DEMO)<\/h2><p data-start=\"360\" data-end=\"674\"><strong data-start=\"364\" data-end=\"407\">Honeywell CK75 Handheld Mobile Computer on<\/strong> eritt&auml;in rugged mobiililaite, joka on suunniteltu &auml;&auml;rimm&auml;isiin teollisuus- ja logistiikkaymp&auml;rist&ouml;ihin. Kompaktissa mutta tehokkaassa laitteessa yhdistyv&auml;t kehittynyt skannaus, joustavat k&auml;ytt&ouml;j&auml;rjestelm&auml;vaihtoehdot ja poikkeuksellinen kest&auml;vyys, jotta ty&ouml;ntekij&auml;t pysyv&auml;t tuottavina vaikeimmissakin olosuhteissa. <\/p><p><strong data-start=\"679\" data-end=\"695\">Micro Nordicissa<\/strong> CK75 on saatavilla <strong data-start=\"722\" data-end=\"739\">EX-DEMO-yksikk&ouml;in&auml;.<\/strong> N&auml;it&auml; laitteita on k&auml;ytetty lyhyesti esittelyss&auml;, ne on kunnostettu ammattimaisesti uusilla muoveilla ja digitointilaitteilla, testattu t&auml;ydellisesti ja niiden suorituskyky on tarkistettu. Niiss&auml; on 12 kuukauden takuu, ja ne tarjoavat yrityksille ensiluokkaista rugged teknologiaa edulliseen hintaan.  <\/p><h2 data-start=\"1030\" data-end=\"1067\">Honeywell CK75:n t&auml;rkeimm&auml;t ominaisuudet<\/h2><ul data-start=\"1069\" data-end=\"2250\">\n<li data-start=\"1069\" data-end=\"1186\">\n<p data-start=\"1071\" data-end=\"1186\"><strong data-start=\"1071\" data-end=\"1100\">Eritt&auml;in rugged rakenne &ndash;<\/strong> IP67-sertifioitu, pudotustestattu 2,4 metrist&auml; (8 jalkaa) ja rakennettu kest&auml;m&auml;&auml;n 2 000 pudotusta.<\/p>\n<\/li>\n<li data-start=\"1187\" data-end=\"1304\">\n<p data-start=\"1189\" data-end=\"1304\"><strong data-start=\"1189\" data-end=\"1221\">Kompakti ja kevyt muotoilu &ndash;<\/strong> Noin 31 % pienempi ja kevyempi kuin vastaavat ultra-rugged kannettavat laitteet.<\/p>\n<\/li>\n<li data-start=\"1305\" data-end=\"1423\">\n<p data-start=\"1307\" data-end=\"1423\"><strong data-start=\"1307\" data-end=\"1337\">Joustavat k&auml;ytt&ouml;j&auml;rjestelm&auml;t &ndash;<\/strong> Tukee sek&auml; Windows Embedded Handheld 6.5:t&auml; ett&auml; Android 6.0:aa sujuvan siirtymisen varmistamiseksi.<\/p>\n<\/li>\n<li data-start=\"1424\" data-end=\"1537\">\n<p data-start=\"1426\" data-end=\"1537\"><strong data-start=\"1426\" data-end=\"1454\">Laajennetun kantaman 2D-kuvauslaite &ndash;<\/strong> Lukee viivakoodit lyhyelt&auml; et&auml;isyydelt&auml; pitk&auml;lle, mik&auml; lis&auml;&auml; tarkkuutta ja tuottavuutta.<\/p>\n<\/li>\n<li data-start=\"1538\" data-end=\"1664\">\n<p data-start=\"1540\" data-end=\"1664\"><strong data-start=\"1540\" data-end=\"1574\">Saatavana kylm&auml;varastoversio &ndash;<\/strong> Valinnainen l&auml;mmitetty n&auml;ytt&ouml; ja skanneri-ikkuna pakastin- ja j&auml;&auml;hdytysymp&auml;rist&ouml;ihin.<\/p>\n<\/li>\n<li data-start=\"1665\" data-end=\"1771\">\n<p data-start=\"1667\" data-end=\"1771\"><strong data-start=\"1667\" data-end=\"1692\">Langaton yhteys &ndash;<\/strong> Kaksitaajuuksinen Wi-Fi (802.11 a\/b\/g\/n) ja Bluetooth luotettavaa viestint&auml;&auml; varten.<\/p>\n<\/li>\n<li data-start=\"1772\" data-end=\"1882\">\n<p data-start=\"1774\" data-end=\"1882\"><strong data-start=\"1774\" data-end=\"1797\">Tehokas prosessori &ndash;<\/strong> 1,5 GHz:n tuplaydinprosessori tarjoaa nopean sovellussuorituskyvyn.<\/p>\n<\/li>\n<li data-start=\"1883\" data-end=\"1985\">\n<p data-start=\"1885\" data-end=\"1985\"><strong data-start=\"1885\" data-end=\"1910\">Suuren kapasiteetin akku &ndash;<\/strong> 5 200 mAh:n Li-ion-akku tukee hot-swapping-toimintoa pidemp&auml;&auml; k&auml;ytt&ouml;&auml; varten.<\/p>\n<\/li>\n<li data-start=\"1986\" data-end=\"2131\">\n<p data-start=\"1988\" data-end=\"2131\"><strong data-start=\"1988\" data-end=\"2032\">Yritysluokan skannaus ja tiedonkeruu &ndash;<\/strong> Lis&auml;varusteena saatava EX25 Near\/Far -kuvantamislaite tarjoaa maksimaalisen joustavuuden varasto- ja logistiikkasovelluksissa.<\/p>\n<\/li>\n<li data-start=\"2132\" data-end=\"2250\">\n<p data-start=\"2134\" data-end=\"2250\"><strong data-start=\"2134\" data-end=\"2157\">Kunnostettu kest&auml;m&auml;&auml;n &ndash;<\/strong> Kaikki EX-DEMO-yksik&ouml;t on p&auml;ivitetty ja testattu t&auml;ydellisen toimivuuden ja luotettavuuden varmistamiseksi.<\/p>\n<\/li>\n<\/ul><h2 data-start=\"2252\" data-end=\"2289\">Honeywell CK75:n t&auml;rkeimm&auml;t edut<\/h2><h3 data-start=\"2291\" data-end=\"2331\">Rugged suorituskyky edullisemmin kustannuksin<\/h3><p data-start=\"2332\" data-end=\"2517\">EX-DEMO-laitteet tarjoavat samaa kest&auml;vyytt&auml; ja suorituskyky&auml; kuin uudet mallit huomattavasti alennettuun hintaan. Teknikot kunnostavat jokaisen laitteen t&auml;ysin ja tarkistavat sen laadun ennen j&auml;lleenmyynti&auml;. <\/p><h3 data-start=\"2519\" data-end=\"2559\">Monipuolinen k&auml;ytt&ouml;j&auml;rjestelm&auml;tuki<\/h3><p data-start=\"2560\" data-end=\"2719\">CK75:ss&auml; voi k&auml;ytt&auml;&auml; sek&auml; Windows- ett&auml; Android-k&auml;ytt&ouml;j&auml;rjestelm&auml;&auml;, joten se on erinomainen valinta yrityksille, jotka siirtyv&auml;t nykyaikaisiin alustoihin menett&auml;m&auml;tt&auml; yhteensopivuutta.<\/p><h3 data-start=\"2721\" data-end=\"2755\">Luotettava pitk&auml;n kantaman skannaus<\/h3><p data-start=\"2756\" data-end=\"2927\">Lis&auml;varusteena saatava laajennetun kantaman kuvantamislaite mahdollistaa nopean ja tarkan viivakoodin lukemisen l&auml;helt&auml; ja korkealta hyllyet&auml;isyydelt&auml;, mik&auml; lis&auml;&auml; tehokkuutta varastotoiminnoissa.<\/p><h3 data-start=\"2929\" data-end=\"2965\">Valmis &auml;&auml;rimm&auml;isiin ymp&auml;rist&ouml;ihin<\/h3><p data-start=\"2966\" data-end=\"3128\">IP67-tiivisteen ja vankan kotelon ansiosta CK75 kest&auml;&auml; p&ouml;ly&auml;, kosteutta ja putoamisia. Kylm&auml;s&auml;ilytysversio takaa luotettavan toiminnan my&ouml;s pakastevy&ouml;hykkeill&auml;. <\/p><h3 data-start=\"3130\" data-end=\"3159\">Jatkuva liitett&auml;vyys<\/h3><p data-start=\"3160\" data-end=\"3313\">Kaksikaistainen Wi-Fi ja Bluetooth pit&auml;v&auml;t kentt&auml;- ja varastoty&ouml;ntekij&auml;t yhteydess&auml; yrityksen j&auml;rjestelmiin ja varmistavat reaaliaikaisen tiedonvaihdon ja ty&ouml;nkulun tarkkuuden.<\/p><h3 data-start=\"3315\" data-end=\"3357\">Micro Nordicin todistettu luotettavuus<\/h3><p data-start=\"3358\" data-end=\"3524\"><strong data-start=\"3361\" data-end=\"3377\">Micro Nordicissa<\/strong> jokainen EX-DEMO Honeywell CK75 kunnostetaan tiukkojen standardien mukaisesti <strong data-start=\"3361\" data-end=\"3377\">,<\/strong> ja se on k&auml;ytt&ouml;valmis uusitun takuun ja valinnaisen huoltopidennyksen my&ouml;t&auml;.<\/p><h2 data-start=\"374\" data-end=\"395\"><strong data-start=\"374\" data-end=\"393\">Ihanteelliset k&auml;ytt&ouml;tapaukset<\/strong><\/h2><ul data-start=\"396\" data-end=\"923\">\n<li data-start=\"396\" data-end=\"491\">\n<p data-start=\"398\" data-end=\"491\"><strong data-start=\"398\" data-end=\"427\">Kentt&auml;huolto ja yleishy&ouml;dylliset palvelut &ndash;<\/strong> Luotettava tarkastuksiin, huoltoon ja omaisuuden hallintaan.<\/p>\n<\/li>\n<li data-start=\"492\" data-end=\"598\">\n<p data-start=\"494\" data-end=\"598\"><strong data-start=\"494\" data-end=\"532\">Julkinen turvallisuus ja h&auml;t&auml;tilanteiden hallinta &ndash;<\/strong> Teht&auml;v&auml;kelpoinen suorituskyky poliisi-, palo- ja pelastusryhmille.<\/p>\n<\/li>\n<li data-start=\"599\" data-end=\"715\">\n<p data-start=\"601\" data-end=\"715\"><strong data-start=\"601\" data-end=\"642\">Tuotanto- ja teollisuustoiminnot &ndash;<\/strong> rugged luotettavuus ja modulaarinen r&auml;&auml;t&auml;l&ouml;inti paikan p&auml;&auml;ll&auml; tapahtuvia prosesseja varten.<\/p>\n<\/li>\n<li data-start=\"716\" data-end=\"817\">\n<p data-start=\"718\" data-end=\"817\"><strong data-start=\"718\" data-end=\"740\">Armeija ja puolustus &ndash;<\/strong> Todistettu suorituskyky taktisissa ja operatiivisissa ymp&auml;rist&ouml;iss&auml;, joissa on korkea kuormitus.<\/p>\n<\/li>\n<li data-start=\"818\" data-end=\"923\">\n<p data-start=\"820\" data-end=\"923\"><strong data-start=\"820\" data-end=\"845\">Kuljetus ja logistiikka &ndash;<\/strong> Virtaviivaistettu tiedonsaanti ja navigointi kalusto- ja varastotoiminnoissa.<\/p>\n<\/li>\n<\/ul><h2 data-start=\"3750\" data-end=\"3772\">Tuotevertailut<\/h2><p data-start=\"3774\" data-end=\"3968\"><strong data-start=\"3778\" data-end=\"3796\">Honeywell CK75 tarjoaa<\/strong> ultra-rugged suorituskyky&auml; teollisuuden ja logistiikan ty&ouml;nkulkuihin. Vaihtoehtoja harkitseville organisaatioille Micro Nordic tarjoaa muun muassa seuraavia vaihtoehtoja: <\/p><ul data-start=\"3970\" data-end=\"4335\">\n<li data-start=\"3970\" data-end=\"4103\">\n<p data-start=\"3972\" data-end=\"4103\"><a href=\"https:\/\/micronordic.com\/product\/honeywell-ck65-mobile-handheld-computer-refurbished\/\"><strong data-start=\"3972\" data-end=\"4015\">Honeywell CK65 Handheld <\/strong><\/a><strong data-start=\"3972\" data-end=\"4015\"><a href=\"https:\/\/micronordic.com\/product\/honeywell-ck65-mobile-handheld-computer-refurbished\/\">Mobiilitietokone<\/a><\/strong> &ndash; CK75:n moderni seuraaja, jossa on Android 10, nopeampi suoritin ja laajennettu tuki.<\/p>\n<\/li>\n<li data-start=\"4104\" data-end=\"4215\">\n<p data-start=\"4106\" data-end=\"4215\"><a href=\"https:\/\/micronordic.com\/product\/zebra-tc58-handheld-mobile-computer\/\"><strong data-start=\"4106\" data-end=\"4143\">Zebra TC58 Handheld Mobile Computer<\/strong><\/a> &ndash; Edistyksellinen 5G-valmis Android-k&auml;mmenlaite tietointensiivisiin ty&ouml;nkulkuihin.<\/p>\n<\/li>\n<li data-start=\"4216\" data-end=\"4335\">\n<p data-start=\"4218\" data-end=\"4335\"><a href=\"http:\/\/tc52\" target=\"_blank\"><strong data-start=\"4218\" data-end=\"4258\">Zebra TC52 Handheld Mobile Computer<\/strong><\/a> Perinteinen kunnostettu laite, joka sopii erinomaisesti kustannustietoisiin rugged k&auml;ytt&ouml;&ouml;nottoihin.<\/p>\n<\/li>\n<\/ul>\n","protected":false},"excerpt":{"rendered":"<p>VALITSE ALLA OLEVA VAIHTOEHTO! Soita meille, jos tarvitset apua oikean tuotevaihtoehdon l\u00f6yt\u00e4misess\u00e4. <\/p>\n<h3>Tekniset tiedot:<\/h3>\n<ul>\n<li><strong>N\u00e4ytt\u00f6:<\/strong> QVGA (480\u00d7640), auringonvalossa luettava kosketusn\u00e4ytt\u00f6.<\/li>\n<li><strong>Suoritin: 1,5 GHz<\/strong>:n tuplaydin TI OMAP 4470<\/li>\n<li><strong>Grafiikka:<\/strong> Integroitu grafiikkamoottori<\/li>\n<li><strong>Muisti:<\/strong> Muisti: Laajennettavissa microSD-muistitikulla<\/li>\n<li><strong>Varastointi:<\/strong> tallennustila: Sis\u00e4inen flash + microSD-korttipaikka<\/li>\n<li><strong>Liitett\u00e4vyys:<\/strong> Wi-Fi (802.11 a\/b\/g\/n), Bluetooth 4.x.<\/li>\n<li><strong>Rugged sertifioinnit:<\/strong> 2,4 m pudotus, 2 000 kaatumista.<\/li>\n<li><strong>Turvallisuus:<\/strong> K\u00e4ytt\u00f6j\u00e4rjestelm\u00e4tason Windows\/Android-turvamoduulit<\/li>\n<li><strong>Akku: 5 200<\/strong> mAh<strong>:n<\/strong> Li-ion-akku<strong>,<\/strong> joka on vaihdettavissa kuumavaihdolla<\/li>\n<li><strong>Mitat ja paino: 237 \u00d7<\/strong> 80 \u00d7 50 mm, noin 584 g akun kanssa. <\/li>\n<li><strong>Takuu: 12 kuukauden<\/strong> EX-DEMO-takuu<\/li>\n<\/ul>\n<p><strong>Valitse oikea malli alla, ennen kuin lis\u00e4\u00e4t sen ostoskoriin.<\/strong><\/p>\n","protected":false},"author":16,"featured_media":61659,"template":"","meta":{"_acf_changed":false,"inline_featured_image":false},"product-condition":[5267],"product_brand":[8973],"product_cat":[5127,5130,5131],"product_tag":[4923,4882],"class_list":{"0":"post-47596","1":"product","2":"type-product","3":"status-publish","4":"has-post-thumbnail","6":"product-condition-ex-demo","7":"product_brand-honeywell-intermec","8":"product_cat-honeywell-intermec","9":"product_cat-all-barcode-scanners","10":"product_cat-refurbished-rugged-hardware","11":"product_tag-ck75-fi","12":"product_tag-wrd-fi","13":"pa_model-part-number-ck75aa6ec00a6400","14":"pa_model-part-number-ck75aa6ec00w1400","15":"pa_model-part-number-ck75aa6en00a6400","16":"pa_model-part-number-ck75aa6en00w1420","17":"pa_model-part-number-ck75ab6en00a6400","18":"pa_model-part-number-ck75ab6en00w1400","19":"pa_model-part-number-ck75ab6mn00a6400","20":"pa_model-part-number-ck75ab6mn00w1420","22":"first","23":"instock","24":"taxable","25":"shipping-taxable","26":"purchasable","27":"product-type-variable"},"acf":[],"_links":{"self":[{"href":"https:\/\/micronordic.com\/fi\/wp-json\/wp\/v2\/product\/47596","targetHints":{"allow":["GET"]}}],"collection":[{"href":"https:\/\/micronordic.com\/fi\/wp-json\/wp\/v2\/product"}],"about":[{"href":"https:\/\/micronordic.com\/fi\/wp-json\/wp\/v2\/types\/product"}],"author":[{"embeddable":true,"href":"https:\/\/micronordic.com\/fi\/wp-json\/wp\/v2\/users\/16"}],"version-history":[{"count":4,"href":"https:\/\/micronordic.com\/fi\/wp-json\/wp\/v2\/product\/47596\/revisions"}],"predecessor-version":[{"id":98273,"href":"https:\/\/micronordic.com\/fi\/wp-json\/wp\/v2\/product\/47596\/revisions\/98273"}],"wp:featuredmedia":[{"embeddable":true,"href":"https:\/\/micronordic.com\/fi\/wp-json\/wp\/v2\/media\/61659"}],"wp:attachment":[{"href":"https:\/\/micronordic.com\/fi\/wp-json\/wp\/v2\/media?parent=47596"}],"wp:term":[{"taxonomy":"product-condition","embeddable":true,"href":"https:\/\/micronordic.com\/fi\/wp-json\/wp\/v2\/product-condition?post=47596"},{"taxonomy":"product_brand","embeddable":true,"href":"https:\/\/micronordic.com\/fi\/wp-json\/wp\/v2\/product_brand?post=47596"},{"taxonomy":"product_cat","embeddable":true,"href":"https:\/\/micronordic.com\/fi\/wp-json\/wp\/v2\/product_cat?post=47596"},{"taxonomy":"product_tag","embeddable":true,"href":"https:\/\/micronordic.com\/fi\/wp-json\/wp\/v2\/product_tag?post=47596"}],"curies":[{"name":"wp","href":"https:\/\/api.w.org\/{rel}","templated":true}]}}