{"id":47594,"date":"2012-01-21T17:12:01","date_gmt":"2012-01-21T16:12:01","guid":{"rendered":"https:\/\/micronordic.com\/product\/zebra-tc77hl-mobiili-kannettava-tietokone-kunnostettu\/"},"modified":"2025-11-20T16:13:13","modified_gmt":"2025-11-20T15:13:13","slug":"zebra-tc77-mobile-handheld-computer-refurbished","status":"publish","type":"product","link":"https:\/\/micronordic.com\/fi\/product\/zebra-tc77-mobile-handheld-computer-refurbished\/","title":{"rendered":"Zebra TC77 Handheld Mobile Computer (EX-DEMO)"},"content":{"rendered":"<?xml encoding=\"utf-8\" ?><h2 data-start=\"0\" data-end=\"70\">Zebra TC77 &ndash; eritt&auml;in rugged yrityskosketusn&auml;ytt&ouml;tietokone (UUSI &amp; EX-DEMO)<\/h2><p data-start=\"72\" data-end=\"650\"><strong data-start=\"76\" data-end=\"90\">Zebra TC77 on<\/strong> eritt&auml;in rugged Android-kosketusn&auml;ytt&ouml;tietokone, joka on suunniteltu nelj&auml;n sein&auml;n ulkopuolella toimiville tiimeille &ndash; kuljettajille, kentt&auml;teknikoille, yleishy&ouml;dyllisille laitosmiehille ja kadunvarsihenkil&ouml;st&ouml;lle, jotka tarvitsevat luotettavaa skannausta, koko p&auml;iv&auml;n virtaa ja ammattilaistason liitett&auml;vyytt&auml;. Kirkas 4,7 tuuman HD-n&auml;ytt&ouml;, integroitu 1D\/2D-kuvantamislaite ja Snapdragon 660 -j&auml;rjestelm&auml;alusta pit&auml;v&auml;t ty&ouml;nkulut reagoivina sateessa, p&ouml;lyss&auml;, kuumuudessa ja kylmyydess&auml;. Aikaisempiin TC7x-sukupolviin verrattuna TC77:ss&auml; on nopeampi prosessointi, 4 Gt RAM\/32 Gt flash-muistia, Bluetooth 5.0 ja 2&times;2 MU-MIMO:lla varustettu yritys-WiFi-yhteys, joka yll&auml;pit&auml;&auml; sovelluksen k&auml;ytett&auml;vyytt&auml; ja verkkovierailujen vakautta.  <\/p><p data-start=\"652\" data-end=\"1183\">Saatavana NEW-IN-BOX ja EX-DEMO. NEW-IN-BOX-yksik&ouml;t ovat tehdasuusia, ja niill&auml; on <strong>2 vuoden valmistajan vakioehdot.<\/strong> EX-DEMO-yksik&ouml;t ovat olleet vain lyhyess&auml; esittelyk&auml;yt&ouml;ss&auml;; useimmat toimitetaan puhtaissa yleisiss&auml; laatikoissa (jotkut alkuper&auml;ispakkauksissa), ja niiss&auml; on tavallisesti vakiotarvikkeet ja kaapelit, ja niiss&auml; on uusittu etu- ja takapuolen muovit ja digitointilaitteet. <\/p><p data-start=\"652\" data-end=\"1183\"><strong>EX-DEMO-laitteisiin sis&auml;ltyy Micro Nordicin 12 kuukauden oletustakuu, ja<\/strong> ne tarjoavat t&auml;ysin toimivan <strong data-start=\"1084\" data-end=\"1098\">Zebra TC77:n<\/strong> huomattavasti edullisempaan <strong data-start=\"1084\" data-end=\"1098\">hintaan<\/strong>, mik&auml; on ihanteellista lent&auml;jille tai kustannustietoisille laivaston laajennuksille.<\/p><h2 data-start=\"1185\" data-end=\"1218\">Zebra TC77:n t&auml;rkeimm&auml;t ominaisuudet<\/h2><ul data-start=\"1219\" data-end=\"2604\">\n<li data-start=\"1219\" data-end=\"1363\">\n<p data-start=\"1221\" data-end=\"1363\"><strong data-start=\"1221\" data-end=\"1239\">Rugged alusta &ndash;<\/strong> IP65\/IP68-tiivistys, toistuva 1,8 m\/6 ft:n pudotuskest&auml;vyys ja n&auml;yt&ouml;n\/kuvakkeen kest&auml;v&auml; lasi takaavat todellisen ulkok&auml;ytt&ouml;&ouml;n soveltuvuuden.<\/p>\n<\/li>\n<li data-start=\"1364\" data-end=\"1494\">\n<p data-start=\"1366\" data-end=\"1494\"><strong data-start=\"1366\" data-end=\"1395\">Auringonvalossa luettava n&auml;ytt&ouml; &ndash;<\/strong> 4,7 tuuman HD-kapasitiivinen kosketusn&auml;ytt&ouml; tukee paljain, k&auml;sin ja m&auml;rin sormin tapahtuvaa sy&ouml;tt&ouml;&auml; ymp&auml;rivuotiseen k&auml;ytt&ouml;&ouml;n.<\/p>\n<\/li>\n<li data-start=\"1495\" data-end=\"1635\">\n<p data-start=\"1497\" data-end=\"1635\"><strong data-start=\"1497\" data-end=\"1523\">Reagoiva suorituskyky &ndash;<\/strong> Qualcomm Snapdragon 660 -oktaydinj&auml;rjestelm&auml; (jopa 2,2 GHz) ja 4 Gt RAM-muistia \/ 32 Gt flash-muistia pit&auml;v&auml;t sovellukset ja skannauksen nopeina.<\/p>\n<\/li>\n<li data-start=\"1636\" data-end=\"1780\">\n<p data-start=\"1638\" data-end=\"1780\"><strong data-start=\"1638\" data-end=\"1661\">Yrityskohtainen skannaus &ndash;<\/strong> Integroitu 1D\/2D-kuvaaja tallentaa vaurioituneet ja liikkuvat viivakoodit nopeasti; point-and-shoot-luotettavuus v&auml;hent&auml;&auml; uudelleenkuvauksia.<\/p>\n<\/li>\n<li data-start=\"1781\" data-end=\"1929\">\n<p data-start=\"1783\" data-end=\"1929\"><strong data-start=\"1783\" data-end=\"1806\">Nykyaikaiset yhteydet &ndash;<\/strong> 4G LTE GPS:ll&auml; tien p&auml;&auml;ll&auml;, kaksitaajuuksinen Wi-Fi (802.11 a\/b\/g\/n\/ac, 2&times;2 MU-MIMO), Bluetooth 5.0 ja NFC oheislaitteita varten.<\/p>\n<\/li>\n<li data-start=\"1930\" data-end=\"2067\">\n<p data-start=\"1932\" data-end=\"2067\"><strong data-start=\"1932\" data-end=\"1955\">Suuren kapasiteetin teho &ndash;<\/strong> ~4620 mAh:n kent&auml;ll&auml; vaihdettava PowerPrecision+-akku tarjoaa t&auml;yden k&auml;ytt&ouml;ajan t&auml;ydell&auml; vuorolla ja l&auml;mpim&auml;n vaihdon.<\/p>\n<\/li>\n<li data-start=\"2068\" data-end=\"2204\">\n<p data-start=\"2070\" data-end=\"2204\"><strong data-start=\"2070\" data-end=\"2098\">Nopea I\/O ja telakointi &ndash;<\/strong> USB- ja pogo-pin-liit&auml;nn&auml;t mahdollistavat nopean latauksen\/synkronoinnin ja vankat yhden tai useamman korttipaikan kehikot laivastoille.<\/p>\n<\/li>\n<li data-start=\"2205\" data-end=\"2335\">\n<p data-start=\"2207\" data-end=\"2335\"><strong data-start=\"2207\" data-end=\"2240\">Yritysturva ja p&auml;ivitykset &ndash;<\/strong> Android Enterprise, jossa on LifeGuard OS -tuki, salaus ja laaja EMM\/MDM-yhteensopivuus.<\/p>\n<\/li>\n<li data-start=\"2336\" data-end=\"2477\">\n<p data-start=\"2338\" data-end=\"2477\"><strong data-start=\"2338\" data-end=\"2360\">Huollettava rakenne &ndash;<\/strong> Yleiset kulutusosat on helppo vaihtaa; TC7x-tuoteperheen yhteiset lis&auml;varusteet pident&auml;v&auml;t elinkaarta ja alentavat TCO:ta.<\/p>\n<\/li>\n<li data-start=\"2478\" data-end=\"2604\">\n<p data-start=\"2480\" data-end=\"2604\"><strong data-start=\"2480\" data-end=\"2503\">Lis&auml;varusteiden ekosysteemi &ndash;<\/strong> Ajoneuvotelineet, usean lokeron laturit, holsterit ja esittelyjalustat mukautuvat mihin tahansa vuorokuvioon.<\/p>\n<\/li>\n<\/ul><h2 data-start=\"2606\" data-end=\"2639\">Zebra TC77:n t&auml;rkeimm&auml;t edut<\/h2><h3 data-start=\"2641\" data-end=\"2680\">Rakennettu vaativimpiin ymp&auml;rist&ouml;ihin<\/h3><p data-start=\"2681\" data-end=\"2905\">IP65\/IP68-tiivistyksen, toistuvien 6 jalkaa\/1,8 metri&auml; pitkien pudotusten ja putoamistestien ansiosta laite kest&auml;&auml; sateen, p&ouml;lyn ja l&auml;mp&ouml;tilan vaihtelut. Miehist&ouml;t voivat jatkaa ty&ouml;skentely&auml; telakoilla, ty&ouml;mailla tai tienvarsilla ilman, ett&auml; heid&auml;n laitteitaan tarvitsee vaalia. <\/p><h3 data-start=\"2907\" data-end=\"2939\">Suuri n&auml;ytt&ouml;, paremmat ty&ouml;nkulut<\/h3><p data-start=\"2940\" data-end=\"3179\">Kirkas 4,7 tuuman HD-paneeli tarjoaa selke&auml;&auml; tilaa ty&ouml;m&auml;&auml;r&auml;yksille, reititykselle, varastolle ja huoltotodistusn&auml;yt&ouml;ille. K&auml;sine- ja m&auml;rk&auml;kosketustuki pit&auml;&auml; henkil&ouml;kunnan tuottavana sateessa ja kylmiss&auml; tiloissa, ja kest&auml;v&auml; suojalasi kest&auml;&auml; naarmuja ja iskuja. <\/p><h3 data-start=\"3181\" data-end=\"3215\">Tehoa, joka kest&auml;&auml; koko p&auml;iv&auml;n<\/h3><p data-start=\"3216\" data-end=\"3460\">Suurikapasiteettinen, kent&auml;ll&auml; vaihdettava akku ja l&auml;mminvaihtotila auttavat Zebra <strong data-start=\"3287\" data-end=\"3301\">TC77:&auml;&auml; selviytym&auml;&auml;n<\/strong> pitkist&auml; reiteist&auml; ja ylit&ouml;ist&auml; ilman uudelleenk&auml;ynnistyksi&auml; tai sovelluksen tilan menetyst&auml;. PowerPrecision+-kuntomittarit yksinkertaistavat akkukannan suunnittelua ja v&auml;hent&auml;v&auml;t yll&auml;tt&auml;vi&auml; k&auml;ytt&ouml;katkoksia. <\/p><h3 data-start=\"3462\" data-end=\"3501\">Saumaton liitett&auml;vyys ja tiedonkulku<\/h3><p data-start=\"3502\" data-end=\"3741\">LTE, 2&times;2 MU-MIMO:lla varustettu yritys-WiFi-yhteys, Bluetooth 5.0 ja NFC pit&auml;v&auml;t sovellukset toimintakykyisin&auml; ja oheislaitteet pareittain kuorma-autosta varastok&auml;yt&auml;v&auml;lle ja asiakkaan ovelle. Pogo-pin-telineet vakioivat nopean latauksen ja datasynkronoinnin. <\/p><h3 data-start=\"3743\" data-end=\"3763\">Valmis laivastoille<\/h3><p data-start=\"3764\" data-end=\"4043\">Android Enterprise -hallinta, Zebra Mobility DNA -ty&ouml;kalut ja vakaa lis&auml;varusteperhe virtaviivaistavat k&auml;ytt&ouml;&ouml;nottoa, m&auml;&auml;ritysten lukitsemista, p&auml;ivitysten toimittamista ja laitteiden tukemista eri toimipisteiss&auml;. Tiimit ottavat laitteet nopeammin k&auml;ytt&ouml;&ouml;n, koska ergonomia ja lis&auml;varusteet ovat yhdenmukaisia kaikissa TC7x-malleissa. <\/p><h2 data-start=\"4045\" data-end=\"4063\">Ihanteelliset k&auml;ytt&ouml;tapaukset<\/h2><ul data-start=\"4064\" data-end=\"4739\">\n<li data-start=\"4064\" data-end=\"4197\">\n<p data-start=\"4066\" data-end=\"4197\"><strong data-start=\"4066\" data-end=\"4083\">Kentt&auml;huolto &ndash;<\/strong> Ty&ouml;tilaukset, omaisuuserien etsiminen, valokuvat ja allekirjoitukset sek&auml; rugged yhteys tien p&auml;&auml;ll&auml; ja asiakaskohteissa.<\/p>\n<\/li>\n<li data-start=\"4198\" data-end=\"4323\">\n<p data-start=\"4200\" data-end=\"4323\"><strong data-start=\"4200\" data-end=\"4225\">Kuljetus ja logistiikka &ndash;<\/strong> Reittien toteuttaminen, P&amp;D-validointi ja telakkatoiminnot nopealla skannauksella ja luotettavalla verkkovierailulla.<\/p>\n<\/li>\n<li data-start=\"4324\" data-end=\"4469\">\n<p data-start=\"4326\" data-end=\"4469\"><strong data-start=\"4326\" data-end=\"4355\">Julkinen turvallisuus ja yleishy&ouml;dylliset palvelut &ndash;<\/strong> Tarkastukset, h&auml;iri&ouml;tilanteiden lomakkeet ja GIS-sovellukset pudotusta siet&auml;v&auml;ll&auml;, hanskayst&auml;v&auml;llisell&auml; laitteella, joka on luettavissa ulkona.<\/p>\n<\/li>\n<li data-start=\"4470\" data-end=\"4602\">\n<p data-start=\"4472\" data-end=\"4602\"><strong data-start=\"4472\" data-end=\"4502\">Construction &amp; Engineering &ndash;<\/strong> P&auml;ivitt&auml;iset raportit, h&auml;iri&ouml;listat ja suunnitelmien katselu ty&ouml;maalla, sateella tai paisteella, k&auml;ytt&ouml;aikaa uhraamatta.<\/p>\n<\/li>\n<li data-start=\"4603\" data-end=\"4739\">\n<p data-start=\"4605\" data-end=\"4739\"><strong data-start=\"4605\" data-end=\"4629\">V&auml;hitt&auml;iskauppa ja varastointi &ndash;<\/strong> takahuoneen inventaario, syklin laskenta ja t&auml;ytt&auml;minen kadunvarressa yrityksen Wi-Fi:n ja lis&auml;varusteiden jatkuvuuden avulla.<\/p>\n<\/li>\n<\/ul><h2 data-start=\"4741\" data-end=\"4782\">Zebra TC77:n tuotevertailut<\/h2><ul data-start=\"4783\" data-end=\"5684\">\n<li data-start=\"4783\" data-end=\"4927\">\n<p data-start=\"4785\" data-end=\"4927\"><strong><a href=\"https:\/\/micronordic.com\/product\/zebra-tc58-handheld-mobile-computer\/\">Zebra TC58<\/a><\/strong>&ndash; Valitse, kun tarvitset uusinta sukupolvea, 5G-vaihtoehtoja, nopeampaa prosessointia ja kameran\/skannerin edistysaskeleita kentt&auml;ty&ouml;nkulkuihin.<\/p>\n<\/li>\n<li data-start=\"4928\" data-end=\"5062\">\n<p data-start=\"4930\" data-end=\"5062\"><a href=\"https:\/\/micronordic.com\/product\/zebra-tc53-handheld-mobile-computer\/\"><strong data-start=\"4930\" data-end=\"4944\">Zebra TC53<\/strong><\/a> &ndash; Valitse mieluummin uusin sis&auml;tiloihin keskittyv&auml; alusta, jossa on suorituskyky- ja telakointip&auml;ivityksi&auml; varasto- ja v&auml;hitt&auml;ismyyntioperaatioita varten.<\/p>\n<\/li>\n<li data-start=\"5063\" data-end=\"5197\">\n<p data-start=\"5065\" data-end=\"5197\"><a href=\"https:\/\/micronordic.com\/product\/zebra-tc22-handheld-mobile-computer\/\"><strong data-start=\"5200\" data-end=\"5214\">Zebra TC22<\/strong><\/a> &ndash; Harkitse, kun edullisuus ja nykyaikainen Android ohuessa, Wi-Fi-yhteydell&auml; varustetussa laitteessa ovat ensisijaisia tavoitteita.<\/p>\n<\/li>\n<\/ul>\n","protected":false},"excerpt":{"rendered":"<p>VALITSE ALLA OLEVA VAIHTOEHTO! Soita meille, jos tarvitset apua oikean tuotevaihtoehdon l\u00f6yt\u00e4misess\u00e4. <\/p>\n<h3>Tekniset tiedot:<\/h3>\n<ul>\n<li><strong>N\u00e4ytt\u00f6:<\/strong> (1280\u00d7720) kapasitiivinen, ulkok\u00e4ytt\u00f6\u00f6n soveltuva.<\/li>\n<li><strong>Prosessori:<\/strong> 2,2 GHz:iin asti Qualcomm Snapdragon 660 -oktaydinprosessori<\/li>\n<li><strong>Grafiikka:<\/strong> GPU: Integroitu mobiili GPU<\/li>\n<li><strong>Muisti:<\/strong> RAM-MUISTI: 4 GT<\/li>\n<li><strong>Varastointi:<\/strong> 32 GB flash, microSD-laajennus<\/li>\n<li><strong>Liitett\u00e4vyys: 4G LTE<\/strong>, Wi-Fi 802.11 a\/b\/g\/n\/ac (2\u00d72 MU-MIMO), Bluetooth 5.0, NFC.<\/li>\n<li><strong>Rugged sertifioinnit:<\/strong> 1,8 m\/6 ft pudotukset (korkeampi huoneenl\u00e4mm\u00f6ss\u00e4).<\/li>\n<li><strong>Turvallisuus:<\/strong> Android Enterprise, salaus, LifeGuard OS-p\u00e4ivitystuki, EMM\/MDM.<\/li>\n<li><strong>Akku: ~4620<\/strong> mAh irrotettava PowerPrecision+ Li-ion, l\u00e4mpim\u00e4sti vaihdettava.<\/li>\n<li><strong>Mitat ja paino: ~161<\/strong> \u00d7 84 \u00d7 28 mm; ~376 g.<\/li>\n<li><strong>Takuu:<\/strong> EX-DEMO 12 kuukauden takuu Micro Nordicilta.<\/li>\n<\/ul>\n<p><strong>Valitse oikea malli alla, ennen kuin lis\u00e4\u00e4t sen ostoskoriin.<\/strong><\/p>\n","protected":false},"author":16,"featured_media":61568,"template":"","meta":{"_acf_changed":false,"inline_featured_image":false},"product-condition":[5267],"product_brand":[9009],"product_cat":[5134,5130,5131],"product_tag":[4206,4193,4336,4284,4180,4154,4167,4271,4310,4375,4362,4219,4258,4297,4232,4245,4323,4349,4141,4037,3985,4128,4076,3998,4115,4063,4050,4011,4024,4102,4089],"class_list":{"0":"post-47594","1":"product","2":"type-product","3":"status-publish","4":"has-post-thumbnail","6":"product-condition-ex-demo","7":"product_brand-zebra","8":"product_cat-zebra","9":"product_cat-all-barcode-scanners","10":"product_cat-refurbished-rugged-hardware","11":"product_tag-1-micro-sd-fi","12":"product_tag-2-sim-fi","13":"product_tag-2-sim-1-micro-sd-fi","14":"product_tag-2-sim-2-sam-fi","15":"product_tag-4gb-ram-32gb-flash-fi","16":"product_tag-5mp-f-13mp-r-camera-fi","17":"product_tag-android-fi","18":"product_tag-does-not-support-arcore-tc77-se4750-fi","19":"product_tag-does-not-support-arcore-tc77-se4770-fi","20":"product_tag-eea-european-economic-area-fi","21":"product_tag-eea-european-economic-area-tc77-se4750-fi","22":"product_tag-gms-fi","23":"product_tag-row-fi","24":"product_tag-row-tc77-se4750-fi","25":"product_tag-row-tc77-se4750mr-fi","26":"product_tag-row-tc77-se4770-fi","27":"product_tag-russia-only-tc77-se4770-fi","28":"product_tag-sim-lock-fi","29":"product_tag-tc77-se4750-fi","30":"product_tag-tc77hl-5me24bd-tn-fi","31":"product_tag-tc77hl-5me24bg-a6-fi","32":"product_tag-tc77hl-5me24bg-ea-fi","33":"product_tag-tc77hl-5me24bg-ru-fi","34":"product_tag-tc77hl-5mg24bg-a6-fi","35":"product_tag-tc77hl-5mg24bg-ea-fi","36":"product_tag-tc77hl-5mj24bg-a6-fi","37":"product_tag-tc77hl-5mk24bg-a6-fi","38":"product_tag-tc77hl-5ml24bg-a6-fi","39":"product_tag-tc77hl-6me34bg-a6-fi","40":"product_tag-tc77hl-7me24bg-a6-fi","41":"product_tag-tc77hl-7mj24bg-a6-fi","42":"pa_model-part-number-tc77hl-5me24bg-ea","43":"pa_model-part-number-tc77hl-5mg24bg-ea","44":"pa_model-part-number-tc77hl-5mj24bg-a6","45":"pa_model-part-number-tc77hl-5mk24bg-a6","46":"pa_model-part-number-tc77hl-5ml24bg-a6","47":"pa_model-part-number-tc77hl-6me34bg-a6","48":"pa_model-part-number-tc77hl-7me24bg-a6","49":"pa_model-part-number-tc77hl-7mj24bg-a6","51":"first","52":"instock","53":"taxable","54":"shipping-taxable","55":"purchasable","56":"product-type-variable","57":"has-default-attributes"},"acf":[],"_links":{"self":[{"href":"https:\/\/micronordic.com\/fi\/wp-json\/wp\/v2\/product\/47594","targetHints":{"allow":["GET"]}}],"collection":[{"href":"https:\/\/micronordic.com\/fi\/wp-json\/wp\/v2\/product"}],"about":[{"href":"https:\/\/micronordic.com\/fi\/wp-json\/wp\/v2\/types\/product"}],"author":[{"embeddable":true,"href":"https:\/\/micronordic.com\/fi\/wp-json\/wp\/v2\/users\/16"}],"version-history":[{"count":2,"href":"https:\/\/micronordic.com\/fi\/wp-json\/wp\/v2\/product\/47594\/revisions"}],"predecessor-version":[{"id":98685,"href":"https:\/\/micronordic.com\/fi\/wp-json\/wp\/v2\/product\/47594\/revisions\/98685"}],"wp:featuredmedia":[{"embeddable":true,"href":"https:\/\/micronordic.com\/fi\/wp-json\/wp\/v2\/media\/61568"}],"wp:attachment":[{"href":"https:\/\/micronordic.com\/fi\/wp-json\/wp\/v2\/media?parent=47594"}],"wp:term":[{"taxonomy":"product-condition","embeddable":true,"href":"https:\/\/micronordic.com\/fi\/wp-json\/wp\/v2\/product-condition?post=47594"},{"taxonomy":"product_brand","embeddable":true,"href":"https:\/\/micronordic.com\/fi\/wp-json\/wp\/v2\/product_brand?post=47594"},{"taxonomy":"product_cat","embeddable":true,"href":"https:\/\/micronordic.com\/fi\/wp-json\/wp\/v2\/product_cat?post=47594"},{"taxonomy":"product_tag","embeddable":true,"href":"https:\/\/micronordic.com\/fi\/wp-json\/wp\/v2\/product_tag?post=47594"}],"curies":[{"name":"wp","href":"https:\/\/api.w.org\/{rel}","templated":true}]}}