{"id":47590,"date":"2023-02-03T10:54:30","date_gmt":"2023-02-03T09:54:30","guid":{"rendered":"https:\/\/micronordic.com\/product\/zebra-tc57ho-mobiili-kannettava-tietokone-kunnostettu\/"},"modified":"2025-11-17T12:23:04","modified_gmt":"2025-11-17T11:23:04","slug":"zebra-tc57ho-mobile-handheld-computer-refurbished","status":"publish","type":"product","link":"https:\/\/micronordic.com\/fi\/product\/zebra-tc57ho-mobile-handheld-computer-refurbished\/","title":{"rendered":"Zebra TC57 Handheld Mobile Computer (EX-DEMO)"},"content":{"rendered":"<?xml encoding=\"utf-8\" ?><h2 data-start=\"181\" data-end=\"228\">Zebra TC57 rugged handheld mobile computer<\/h2><p data-start=\"230\" data-end=\"730\"><strong data-start=\"234\" data-end=\"280\">Zebra TC57 Handheld Mobile Computer tarjoaa<\/strong> t&auml;ydellisen yhdistelm&auml;n &auml;lypuhelintyylist&auml; k&auml;ytett&auml;vyytt&auml; ja yritystason kest&auml;vyytt&auml;. Se on rakennettu suositun TC56:n seuraajaksi, ja se parantaa liitett&auml;vyytt&auml;, skannausta ja laitehallintaa sek&auml; laajentaa Android-tukea pitk&auml;aikaiseen k&auml;ytt&ouml;&ouml;n. TC57 on saatavana sek&auml; <strong data-start=\"548\" data-end=\"559\">EX-DEMO- ett&auml;<\/strong> <strong data-start=\"564\" data-end=\"578\">NEW IN BOX<\/strong>-mallina <strong data-start=\"564\" data-end=\"578\">,<\/strong> joten organisaatiot voivat valita kevyesti k&auml;sitellyt demoyksik&ouml;t kustannuss&auml;&auml;st&ouml;j&auml; varten tai upouudet laitteet, jotka ovat t&auml;ysin tehdassuljettuja. Ex-Demo -yksik&ouml;ill&auml; on <strong data-start=\"24\" data-end=\"44\">12 kuukauden takuu,<\/strong> kun taas <strong data-start=\"52\" data-end=\"83\">tehdastuotantoisten uusien rugged skannerien<\/strong> <strong data-start=\"104\" data-end=\"132\">vakiotakuu<\/strong> <strong data-start=\"52\" data-end=\"83\">on<\/strong> <strong data-start=\"104\" data-end=\"132\">2 vuotta, mik&auml; takaa luotettavan<\/strong> mielenrauhan.<\/p><h2 data-start=\"732\" data-end=\"767\">Zebra TC57:n t&auml;rkeimm&auml;t ominaisuudet<\/h2><ul data-start=\"769\" data-end=\"1719\">\n<li data-start=\"769\" data-end=\"895\">\n<p data-start=\"771\" data-end=\"895\"><strong data-start=\"771\" data-end=\"792\">Rugged kest&auml;vyys &ndash;<\/strong> MIL-STD-810G-testattu ja IP67-sertifioitu, kest&auml;&auml; p&ouml;ly&auml;, vett&auml; ja putoamista jopa 1,2 metrin korkeudesta.<\/p>\n<\/li>\n<li data-start=\"896\" data-end=\"999\">\n<p data-start=\"898\" data-end=\"999\"><strong data-start=\"898\" data-end=\"909\">N&auml;ytt&ouml; &ndash;<\/strong> 5,0&Prime; FHD (1920&times;1080) -kosketusn&auml;ytt&ouml;, luettavissa auringonvalossa, k&auml;ytt&ouml;kelpoinen k&auml;sineill&auml; tai m&auml;rill&auml; k&auml;sill&auml;.<\/p>\n<\/li>\n<li data-start=\"1000\" data-end=\"1065\">\n<p data-start=\"1002\" data-end=\"1065\"><strong data-start=\"1002\" data-end=\"1015\">Suoritin &ndash;<\/strong> Qualcomm&reg; Snapdragon&trade; 660 -oktaydinprosessori, 2,2 GHz.<\/p>\n<\/li>\n<li data-start=\"1066\" data-end=\"1170\">\n<p data-start=\"1068\" data-end=\"1170\"><strong data-start=\"1068\" data-end=\"1088\">K&auml;ytt&ouml;j&auml;rjestelm&auml; &ndash;<\/strong> Android 8.1 Oreo, p&auml;ivitett&auml;viss&auml; Android 11 -k&auml;ytt&ouml;j&auml;rjestelm&auml;&auml;n LifeGuard&trade; for Androidin avulla.<\/p>\n<\/li>\n<li data-start=\"1171\" data-end=\"1197\">\n<p data-start=\"1173\" data-end=\"1197\"><strong data-start=\"1173\" data-end=\"1183\">Muisti &ndash;<\/strong> 4 GB RAM-muistia.<\/p>\n<\/li>\n<li data-start=\"1198\" data-end=\"1268\">\n<p data-start=\"1200\" data-end=\"1268\"><strong data-start=\"1200\" data-end=\"1211\">Tallennustila &ndash;<\/strong> 32 Gt sis&auml;inen, laajennettavissa microSD-muistikortilla 256 Gt:iin asti.<\/p>\n<\/li>\n<li data-start=\"1269\" data-end=\"1357\">\n<p data-start=\"1271\" data-end=\"1357\"><strong data-start=\"1271\" data-end=\"1283\">Skannaus &ndash;<\/strong> Integroitu SE4710 1D\/2D-kuvaaja nopeaan ja tarkkaan viivakoodin tallentamiseen.<\/p>\n<\/li>\n<li data-start=\"1358\" data-end=\"1433\">\n<p data-start=\"1360\" data-end=\"1433\"><strong data-start=\"1360\" data-end=\"1376\">Liitett&auml;vyys &ndash;<\/strong> 4G LTE, Wi-Fi 802.11 a\/b\/g\/n\/ac, Bluetooth 5.0, GPS.<\/p>\n<\/li>\n<li data-start=\"1434\" data-end=\"1522\">\n<p data-start=\"1436\" data-end=\"1522\"><strong data-start=\"1436\" data-end=\"1447\">Akku &ndash;<\/strong> 4 300 mAh PowerPrecision+ Li-Ion -akku, joka voidaan vaihtaa jatkuvasti.<\/p>\n<\/li>\n<li data-start=\"1523\" data-end=\"1611\">\n<p data-start=\"1525\" data-end=\"1611\"><strong data-start=\"1525\" data-end=\"1537\">Turvallisuus &ndash;<\/strong> Yritystason suojaus Zebran Mobility DNA:n ja LifeGuard&trade;:n avulla.<\/p>\n<\/li>\n<li data-start=\"1612\" data-end=\"1719\">\n<p data-start=\"1614\" data-end=\"1719\"><strong data-start=\"1614\" data-end=\"1630\">Saatavuus &ndash;<\/strong> Tarjolla <strong data-start=\"1644\" data-end=\"1655\">EX-DEMO<\/strong> (kevyesti k&auml;ytetyt esittelykappaleet) tai UUSI <strong data-start=\"1685\" data-end=\"1699\">LAATIKOSSA (tehdassinet&ouml;ity<\/strong> ).<\/p>\n<\/li>\n<\/ul><h2 data-start=\"1721\" data-end=\"1756\">Zebra TC57:n t&auml;rkeimm&auml;t edut<\/h2><h3 data-start=\"1758\" data-end=\"1797\">Rugged &auml;lypuhelimen kaltainen kokemus<\/h3><p data-start=\"1798\" data-end=\"2105\">TC57 tarjoaa tutun Android-k&auml;ytt&ouml;liittym&auml;n, joka v&auml;hent&auml;&auml; henkil&ouml;st&ouml;n koulutusaikaa ja tarjoaa samalla rugged luotettavuuden, jota tavalliset kuluttajalaitteet eiv&auml;t pysty tarjoamaan. Kompaktin, kevyen rakenteensa ja IP67-tiivistyksens&auml; ansiosta se toimii vaativissa olosuhteissa ja on samalla mukava k&auml;ytt&auml;&auml; pitkien ty&ouml;vuorojen ajan. <\/p><h3 data-start=\"2107\" data-end=\"2138\">Auringonvalossa luettava n&auml;ytt&ouml;<\/h3><p data-start=\"2139\" data-end=\"2392\">5,0 tuuman FHD-n&auml;ytt&ouml; on suunniteltu todellisia yritysymp&auml;rist&ouml;j&auml; varten. Se pysyy n&auml;kyviss&auml; kirkkaassa auringonvalossa ja reagoi my&ouml;s k&auml;sineill&auml; tai m&auml;rill&auml; sormilla, mik&auml; takaa keskeytym&auml;tt&ouml;m&auml;n tuottavuuden niin sis&auml;tiloissa varastossa kuin ulkona jakelureiteill&auml;. <\/p><h3 data-start=\"2394\" data-end=\"2444\">Jatkuvaa toimintaa varten virransy&ouml;tt&ouml; kuumavaihdettavalla virtal&auml;hteell&auml;<\/h3><p data-start=\"2445\" data-end=\"2704\">TC57 on varustettu 4 300 mAh:n PowerPrecision+-akulla, ja se tukee t&auml;ytt&auml; vuoroty&ouml;t&auml;. Jatkuvaa k&auml;ytt&ouml;aikaa vaativissa ty&ouml;nkuluissa akkujen hot-swap-ominaisuus tarkoittaa, ett&auml; laitteet voivat olla k&auml;yt&ouml;ss&auml; akkujen vaihdon ajan, jolloin kalliit seisokit j&auml;&auml;v&auml;t pois. <\/p><h3 data-start=\"2706\" data-end=\"2741\">Korkean suorituskyvyn tiedonkeruu<\/h3><p data-start=\"2742\" data-end=\"2993\">Zebran SE4710-skannausmoottori takaa nopean ja luotettavan 1D- ja 2D-viivakoodien tallentamisen, vaikka tarrat olisivat vaurioituneita tai huonosti painettuja. T&auml;m&auml; ominaisuus v&auml;hent&auml;&auml; skannausvirheit&auml; ja tehostaa varastonhallinnan, v&auml;hitt&auml;iskaupan ja logistiikan ty&ouml;nkulkuja. <\/p><h3 data-start=\"2995\" data-end=\"3023\">Liikkuvuus DNA-ekosysteemi<\/h3><p data-start=\"3024\" data-end=\"3367\">TC57 on osa Zebran Mobility DNA -alustaa, ja se sis&auml;lt&auml;&auml; ohjelmistoty&ouml;kalut laitteen k&auml;ytt&ouml;&ouml;nottoa, hallintaa ja suojausta varten. StageNow&rsquo;n kaltaiset ominaisuudet yksinkertaistavat laajamittaisia k&auml;ytt&ouml;&ouml;nottoja, ja LifeGuard&trade; tarjoaa taatut tietoturvap&auml;ivitykset ja Android-versiotuen Android 11:een asti. T&auml;m&auml; yhdistelm&auml; v&auml;hent&auml;&auml; IT-alan yleiskustannuksia ja pident&auml;&auml; laitteen elinkaarta.  <\/p><h3 data-start=\"3369\" data-end=\"3403\">Joustavat hankintavaihtoehdot<\/h3><p data-start=\"3404\" data-end=\"3680\"><strong data-start=\"3414\" data-end=\"3425\">EX-DEMO- ja<\/strong> <strong data-start=\"3430\" data-end=\"3444\">NEW IN BOX<\/strong> -tuotteiden <strong data-start=\"3430\" data-end=\"3444\">saatavuuden<\/strong> ansiosta yritykset voivat sovittaa hankintastrategian ja budjetin yhteen. EX-DEMO-yksik&ouml;t tarjoavat rugged yritystoiminnallisuuden alennettuun hintaan, kun taas UUSI LAATIKOSSA takaa koskemattoman, tehdassuljetetun laitteiston t&auml;ydell&auml; takuulla.<\/p><h3 data-start=\"3682\" data-end=\"3709\">Saumaton liitett&auml;vyys<\/h3><p data-start=\"3710\" data-end=\"3969\">TC57 on varustettu 4G LTE:ll&auml;, Wi-Fi:ll&auml;, Bluetooth 5.0:lla ja GPS:ll&auml;, ja se pit&auml;&auml; tiimit yhteydess&auml; tosiaikaisesti. Kentt&auml;ty&ouml;ntekij&auml;t p&auml;&auml;sev&auml;t k&auml;siksi kriittisiin tietoihin, johtajat voivat seurata sijainteja ja v&auml;hitt&auml;ismyyntihenkil&ouml;st&ouml; voi tarjota v&auml;lit&ouml;nt&auml; asiakaspalvelua ilman yhteyden keskeytyksi&auml;. <\/p><h2 data-start=\"3971\" data-end=\"4006\">Zebra TC57:n ihanteelliset k&auml;ytt&ouml;tapaukset<\/h2><ul data-start=\"4008\" data-end=\"5116\">\n<li data-start=\"4008\" data-end=\"4224\">\n<p data-start=\"4010\" data-end=\"4224\"><strong data-start=\"4010\" data-end=\"4036\">V&auml;hitt&auml;iskauppa ja ravintola-ala &ndash;<\/strong> Mobiilien POS-j&auml;rjestelmien k&auml;ytt&ouml;&ouml;notto, varastonhallinta ja reaaliaikainen asiakastuki suoraan myyntitiloissa. Henkil&ouml;kunta voi skannata viivakoodeja, tarkistaa varastoja ja k&auml;sitell&auml; maksuja saumattomasti. <\/p>\n<\/li>\n<li data-start=\"4225\" data-end=\"4453\">\n<p data-start=\"4227\" data-end=\"4453\"><strong data-start=\"4227\" data-end=\"4259\">Varastointi ja jakelu &ndash;<\/strong> Rugged kest&auml;vyys yhdistettyn&auml; luotettavaan skannaukseen tekee TC57:st&auml; ihanteellisen poiminta-, pakkaus- ja l&auml;hetysteht&auml;viin. Sen kuumavaihdettava akku tukee jatkuvaa toimintaa pitkiss&auml; ty&ouml;vuoroissa. <\/p>\n<\/li>\n<li data-start=\"4454\" data-end=\"4667\">\n<p data-start=\"4456\" data-end=\"4667\"><strong data-start=\"4456\" data-end=\"4488\">Kuljetus ja logistiikka &ndash;<\/strong> Reaaliaikainen seuranta, GPS-navigointi ja viivakoodien skannaus tehostavat toimitusprosesseja. Kuljettajat ja kuriirit hy&ouml;tyv&auml;t luotettavasta tiedonkeruusta ja yhteydenpidosta kent&auml;ll&auml;. <\/p>\n<\/li>\n<li data-start=\"4668\" data-end=\"4894\">\n<p data-start=\"4670\" data-end=\"4894\"><strong data-start=\"4670\" data-end=\"4687\">Kentt&auml;huolto &ndash;<\/strong> Teknikoille ja huoltotiimeille TC57 tarjoaa luotettavan suorituskyvyn erilaisissa ymp&auml;rist&ouml;iss&auml;, kuten yleishy&ouml;dyllisiss&auml; laitoksissa ja tietoliikenneasennuksissa. Tiedonkeruu ja liitett&auml;vyys varmistavat tarkan raportoinnin. <\/p>\n<\/li>\n<li data-start=\"4895\" data-end=\"5116\">\n<p data-start=\"4897\" data-end=\"5116\"><strong data-start=\"4897\" data-end=\"4919\">Terveydenhuollon tuki &ndash;<\/strong> Vaikka TC57 ei olekaan terveydenhuoltomalli, se voi tukea potilaskuljetuksia, apteekkilogistiikkaa ja laitteiden seurantaa turvallisen Android-integraation ja yritystason tietosuojan avulla.<\/p>\n<\/li>\n<\/ul><h2 data-start=\"5118\" data-end=\"5167\">Tuotevertailut: Zebra TC57 Vaihtoehdot<\/h2><p data-start=\"5169\" data-end=\"5281\">Vaihtoehtoja harkitseville organisaatioille Micro Nordicilta on saatavilla my&ouml;s muita relevantteja rugged kannettavia tietokoneita:<\/p><ul data-start=\"5283\" data-end=\"5816\">\n<li data-start=\"5283\" data-end=\"5480\">\n<p data-start=\"5285\" data-end=\"5480\"><a href=\"https:\/\/micronordic.com\/product\/zebra-tc58-handheld-mobile-computer\/\"><strong data-start=\"5285\" data-end=\"5322\">Zebra TC58 Rugged kannettava tietokone<\/strong> <\/a>&ndash; TC57:n suora seuraaja, joka tarjoaa 5G-yhteyden, parannetun skannauksen ja tehokkaamman laitteiston. Ihanteellinen yrityksille, jotka haluavat varmistaa tulevaisuuden.<\/p>\n<\/li>\n<li data-start=\"5481\" data-end=\"5653\">\n<p data-start=\"5483\" data-end=\"5653\"><a href=\"https:\/\/micronordic.com\/product\/honeywell-ct40xp-mobile-handheld-computer-refurbished\/\"><strong data-start=\"600\" data-end=\"643\">Honeywell CT40 rugged kannettava tietokone<\/strong> <\/a>&ndash; Monipuolinen rugged kannettava tietokone, joka on suunniteltu v&auml;hitt&auml;iskauppaan, terveydenhuoltoon ja kentt&auml;huoltoon ja jossa on tasapainossa kevyt rakenne ja yrityksen kest&auml;vyys.<\/p>\n<\/li>\n<li data-start=\"5654\" data-end=\"5816\">\n<p data-start=\"5656\" data-end=\"5816\"><a href=\"https:\/\/micronordic.com\/product\/zebra-mc9300-mobile-handheld-computer-refurbished\/\"><strong data-start=\"5656\" data-end=\"5697\">Zebra MC9300 Rugged kannettava tietokone<\/strong> <\/a>&ndash; Suurempi, eritt&auml;in rugged laite, joka on suunniteltu raskaisiin teollisuussovelluksiin, kuten valmistukseen ja kylm&auml;varastointiin.<\/p>\n<\/li>\n<\/ul>\n","protected":false},"excerpt":{"rendered":"<p>VALITSE ALLA OLEVA VAIHTOEHTO! Soita meille, jos tarvitset apua oikean tuotevaihtoehdon l\u00f6yt\u00e4misess\u00e4. <\/p>\n<h3>Tekniset tiedot:<\/h3>\n<ul>\n<li><strong>N\u00e4ytt\u00f6:<\/strong> 5,0\u2033 FHD (1920\u00d71080), auringonvalossa luettava, toimii k\u00e4sineill\u00e4 ja m\u00e4rill\u00e4 sormilla.<\/li>\n<li><strong>Prosessori:<\/strong> Qualcomm\u00ae Snapdragon\u2122 660 oktaydin, 2,2 GHz.<\/li>\n<li><strong>Grafiikka:<\/strong> Adreno\u2122 512 GPU: Integroitu Adreno\u2122 512 GPU<\/li>\n<li><strong>Muisti:<\/strong> RAM-MUISTI: 4 GT<\/li>\n<li><strong>Varastointi:<\/strong> Laajennettavissa microSD-muistikortilla 256 gigatavuun asti.<\/li>\n<li><strong>Liitett\u00e4vyys: 4G LTE<\/strong>, Wi-Fi 802.11 a\/b\/g\/n\/ac, Bluetooth 5.0, GPS.<\/li>\n<li><strong>Rugged sertifioinnit:<\/strong> 1,2 metrin pudotuskest\u00e4vyys: MIL-STD-810G, IP67, 1,2 metrin pudotuskest\u00e4vyys<\/li>\n<li><strong>Skannaus:<\/strong> SE4710 1D\/2D-kuvauslaite.<\/li>\n<li><strong>Akku: 4 300<\/strong> mAh Li-Ion, vaihdettava akkuk\u00e4ytt\u00f6\u00f6n<\/li>\n<li><strong>Mitat ja paino: 155 \u00d7<\/strong> 75,5 \u00d7 18,6 mm, noin 250 g. <\/li>\n<li><strong>Takuu: <\/strong>Takuu: Saatavana EX-DEMO (12 kuukauden takuu) tai NEW IN BOX (2 vuoden takuu).<\/li>\n<\/ul>\n<p><strong>Valitse oikea malli alla, ennen kuin lis\u00e4\u00e4t sen ostoskoriin.<\/strong><\/p>\n","protected":false},"author":24,"featured_media":44232,"template":"","meta":{"_acf_changed":false,"inline_featured_image":false},"product-condition":[5267],"product_brand":[9009],"product_cat":[5134,5130,5131],"product_tag":[3369,3356,3408,3382,3395,3421,3434,3460,3473,3447],"class_list":{"0":"post-47590","1":"product","2":"type-product","3":"status-publish","4":"has-post-thumbnail","6":"product-condition-ex-demo","7":"product_brand-zebra","8":"product_cat-zebra","9":"product_cat-all-barcode-scanners","10":"product_cat-refurbished-rugged-hardware","11":"product_tag-tc520k-1hezu4p-a6-fi","12":"product_tag-tc520k-1pezu4p-a6-fi","13":"product_tag-tc520k-1pezu4p-ea-fi","14":"product_tag-tc520k-1pezu4p-na-fi","15":"product_tag-tc520k-1pfzu4p-a6-fi","16":"product_tag-tc520k-1xfmu6p-a6-fi","17":"product_tag-tc57ho-1pezu4p-a6-fi","18":"product_tag-tc57ho-1pfzu4p-a6-fi","19":"product_tag-tc57ho-1xfmu6p-a6-fi","20":"product_tag-tc57jo-1pezu4p-tk-fi","21":"pa_model-part-number-tc57ho-1pezu4p-25","22":"pa_model-part-number-tc57ho-1pezu4p-a6","23":"pa_model-part-number-tc57ho-1pfzu4p-a6","24":"pa_model-part-number-tc57ho-1xfmu6p-a6","26":"first","27":"instock","28":"taxable","29":"shipping-taxable","30":"purchasable","31":"product-type-variable"},"acf":[],"_links":{"self":[{"href":"https:\/\/micronordic.com\/fi\/wp-json\/wp\/v2\/product\/47590","targetHints":{"allow":["GET"]}}],"collection":[{"href":"https:\/\/micronordic.com\/fi\/wp-json\/wp\/v2\/product"}],"about":[{"href":"https:\/\/micronordic.com\/fi\/wp-json\/wp\/v2\/types\/product"}],"author":[{"embeddable":true,"href":"https:\/\/micronordic.com\/fi\/wp-json\/wp\/v2\/users\/24"}],"version-history":[{"count":3,"href":"https:\/\/micronordic.com\/fi\/wp-json\/wp\/v2\/product\/47590\/revisions"}],"predecessor-version":[{"id":98094,"href":"https:\/\/micronordic.com\/fi\/wp-json\/wp\/v2\/product\/47590\/revisions\/98094"}],"wp:featuredmedia":[{"embeddable":true,"href":"https:\/\/micronordic.com\/fi\/wp-json\/wp\/v2\/media\/44232"}],"wp:attachment":[{"href":"https:\/\/micronordic.com\/fi\/wp-json\/wp\/v2\/media?parent=47590"}],"wp:term":[{"taxonomy":"product-condition","embeddable":true,"href":"https:\/\/micronordic.com\/fi\/wp-json\/wp\/v2\/product-condition?post=47590"},{"taxonomy":"product_brand","embeddable":true,"href":"https:\/\/micronordic.com\/fi\/wp-json\/wp\/v2\/product_brand?post=47590"},{"taxonomy":"product_cat","embeddable":true,"href":"https:\/\/micronordic.com\/fi\/wp-json\/wp\/v2\/product_cat?post=47590"},{"taxonomy":"product_tag","embeddable":true,"href":"https:\/\/micronordic.com\/fi\/wp-json\/wp\/v2\/product_tag?post=47590"}],"curies":[{"name":"wp","href":"https:\/\/api.w.org\/{rel}","templated":true}]}}