{"id":47582,"date":"2020-12-16T10:41:49","date_gmt":"2020-12-16T09:41:49","guid":{"rendered":"https:\/\/micronordic.com\/product\/honeywell-xenon-xp-1952g-kaapeli-jalustalla-uusi\/"},"modified":"2025-11-18T17:11:22","modified_gmt":"2025-11-18T16:11:22","slug":"honeywell-xenon-xp-1952g-cable-w-stand","status":"publish","type":"product","link":"https:\/\/micronordic.com\/fi\/product\/honeywell-xenon-xp-1952g-cable-w-stand\/","title":{"rendered":"Honeywell Xenon XP 1952g viivakoodiskanneri (UUTUUS)"},"content":{"rendered":"<?xml encoding=\"utf-8\" ?><h2 data-start=\"483\" data-end=\"536\">Honeywell Xenon XP 1952g k&auml;sik&auml;ytt&ouml;inen viivakoodiskanneri<\/h2><p><strong data-start=\"542\" data-end=\"570\">Honeywell Xenon XP 1952g on<\/strong> suorituskykyinen kannettava viivakoodinlukija, joka on suunniteltu nopeaan, luotettavaan ja langattomaan skannaukseen v&auml;hitt&auml;iskaupassa, logistiikassa, terveydenhuollossa ja teollisuudessa. Yhdist&auml;m&auml;ll&auml; edistyksellisen kuvantamisteknologian ja ergonomisen k&auml;ytt&ouml;mukavuuden se takaa tarkkuuden ja tuottavuuden miss&auml; tahansa ymp&auml;rist&ouml;ss&auml;. Xenon XP 1952g on nyt saatavana <strong data-start=\"873\" data-end=\"889\">Micro Nordicista<\/strong> upouudessa <strong data-start=\"873\" data-end=\"889\">muodossa<\/strong>, ja siihen kuuluu <strong data-start=\"941\" data-end=\"956\">kaapeliteline, joka mahdollistaa joustavan<\/strong> handsfree-k&auml;yt&ouml;n &ndash; t&auml;ydellinen yhdistelm&auml; liikkuvuutta ja vakautta.  <\/p><p>Uusilla tuotteilla on 2 vuoden valmistajan takuu.<\/p><h2 data-start=\"1039\" data-end=\"1088\">Honeywell Xenon XP 1952g:n t&auml;rkeimm&auml;t ominaisuudet<\/h2><ul data-start=\"1089\" data-end=\"2083\">\n<li data-start=\"1089\" data-end=\"1221\">\n<p data-start=\"1091\" data-end=\"1221\"><strong data-start=\"1091\" data-end=\"1133\">Poikkeuksellinen 1D\/2D-skannaussuorituskyky &ndash;<\/strong> tallentaa vaurioituneet, haalistuneet tai huonosti painetut viivakoodit alan johtavalla tarkkuudella.<\/p>\n<\/li>\n<li data-start=\"1222\" data-end=\"1315\">\n<p data-start=\"1224\" data-end=\"1315\"><strong data-start=\"1224\" data-end=\"1244\">Langaton vapaus &ndash;<\/strong> langaton Bluetooth 5.0 -yhteys, jonka kantama on jopa 30 metri&auml;.<\/p>\n<\/li>\n<li data-start=\"1316\" data-end=\"1439\">\n<p data-start=\"1318\" data-end=\"1439\"><strong data-start=\"1318\" data-end=\"1342\">Mukana tuleva kaapeliteline &ndash;<\/strong> Tarjoaa skannauksen ilman k&auml;si&auml;, ihanteellinen kassoilla ja ty&ouml;pisteiss&auml;.<\/p>\n<\/li>\n<li data-start=\"1440\" data-end=\"1539\">\n<p data-start=\"1442\" data-end=\"1539\"><strong data-start=\"1442\" data-end=\"1468\">Tehotehokas rakenne &ndash;<\/strong> Pitk&auml;kestoinen akku, joka kest&auml;&auml; yli 50 000 skannausta t&auml;ydell&auml; latauksella.<\/p>\n<\/li>\n<li data-start=\"1540\" data-end=\"1626\">\n<p data-start=\"1542\" data-end=\"1626\"><strong data-start=\"1542\" data-end=\"1561\">Ergonominen rakenne &ndash;<\/strong> Kevyt ja tasapainoinen ote mahdollistaa mukavan ja pitk&auml;aikaisen k&auml;yt&ouml;n.<\/p>\n<\/li>\n<li data-start=\"1627\" data-end=\"1749\">\n<p data-start=\"1629\" data-end=\"1749\"><strong data-start=\"1629\" data-end=\"1653\">Kest&auml;v&auml; rakenne &ndash;<\/strong> IP41-luokiteltu ja pudotustestattu 1,8 metrin korkeuteen, mik&auml; takaa luotettavuuden v&auml;hitt&auml;iskaupassa ja teollisuudessa.<\/p>\n<\/li>\n<li data-start=\"1750\" data-end=\"1850\">\n<p data-start=\"1752\" data-end=\"1850\"><strong data-start=\"1752\" data-end=\"1782\">Tulevaisuuden kest&auml;v&auml; yhteensopivuus &ndash;<\/strong> Saumaton integrointi Windows&reg;-, Android&trade;- ja iOS&trade;-j&auml;rjestelmien kanssa.<\/p>\n<\/li>\n<li data-start=\"1851\" data-end=\"1967\">\n<p data-start=\"1853\" data-end=\"1967\"><strong data-start=\"1853\" data-end=\"1875\">&Auml;lykk&auml;&auml;t tukiasemavaihtoehdot &ndash;<\/strong> Yhteensopiva Honeywell Charge &amp; Communication Base -tukiaseman kanssa, joka parantaa laitteiden hallintaa.<\/p>\n<\/li>\n<li data-start=\"1968\" data-end=\"2083\">\n<p data-start=\"1970\" data-end=\"2083\"><strong data-start=\"1970\" data-end=\"1990\">Saatavilla olevat mallit &ndash;<\/strong> Saatavilla on tihe&auml;- ja vakiokokoonpanoja erilaisten skannaustarpeiden t&auml;ytt&auml;miseksi.<\/p>\n<\/li>\n<\/ul><h2 data-start=\"2085\" data-end=\"2102\">T&auml;rkeimm&auml;t edut<\/h2><h3 data-start=\"2104\" data-end=\"2135\">Tarkkuus ja suorituskyky<\/h3><p data-start=\"2136\" data-end=\"2408\">Honeywellin kehittynyt kuvantamisteknologia takaa, ett&auml; Honeywell Xenon XP 1952g -laite skannaa nopeasti ja tarkasti &ndash; my&ouml;s silloin, kun viivakoodit ovat kuluneita, tahriintuneita tai kaarevilla pinnoilla. T&auml;m&auml; tarkkuus v&auml;hent&auml;&auml; k&auml;ytt&ouml;katkoksia ja parantaa tuottavuutta v&auml;hitt&auml;iskaupan, terveydenhuollon ja teollisuuden ty&ouml;nkuluissa. <\/p><h3 data-start=\"2410\" data-end=\"2460\">Langaton vapaus ja k&auml;det vapaana -joustavuus<\/h3><p data-start=\"2461\" data-end=\"2770\">Bluetooth 5.0 -yhteyden ansiosta k&auml;ytt&auml;j&auml;t voivat liikkua vapaasti 30 metrin et&auml;isyydell&auml; tukiasemasta ja yll&auml;pit&auml;&auml; samalla vakaata yhteytt&auml;. Mukana toimitettu <strong data-start=\"2611\" data-end=\"2626\">kaapeliteline mahdollistaa<\/strong> nopean siirtymisen k&auml;dess&auml; pidett&auml;v&auml;n ja handsfree-skannauksen v&auml;lill&auml;, mik&auml; tekee siit&auml; ihanteellisen hybridiymp&auml;rist&ouml;ihin, kuten kassoille tai kokoonpanolinjoille. <\/p><h3 data-start=\"2772\" data-end=\"2807\">Rugged mutta mukava muotoilu<\/h3><p data-start=\"2808\" data-end=\"3096\">Kompaktista koostaan huolimatta 1952g tarjoaa vaikuttavan kest&auml;vyyden, sill&auml; se kest&auml;&auml; jopa 1,8 metrin pudotukset ja kest&auml;&auml; p&ouml;ly&auml; ja kosteutta. Ergonominen muotoilu v&auml;hent&auml;&auml; rasitusta ja mahdollistaa miellytt&auml;v&auml;n k&auml;yt&ouml;n pitkiss&auml; ty&ouml;vuoroissa &ndash; t&auml;m&auml; on t&auml;rke&auml; ominaisuus kiireisiss&auml; v&auml;hitt&auml;iskauppa- ja logistiikkaymp&auml;rist&ouml;iss&auml;. <\/p><h3 data-start=\"3098\" data-end=\"3146\">Pitk&auml; akun k&auml;ytt&ouml;ik&auml; jatkuvaan toimintaan<\/h3><p data-start=\"3147\" data-end=\"3369\">1952g:n tehokas akkuj&auml;rjestelm&auml; on suunniteltu suuriin skannausm&auml;&auml;riin, ja se kest&auml;&auml; yli 50 000 skannausta latausta kohden. Lis&auml;varusteena saatavat vara-akut voidaan vaihtaa helposti, mik&auml; takaa keskeytym&auml;tt&ouml;m&auml;n suorituskyvyn korkean kysynn&auml;n olosuhteissa. <\/p><h3 data-start=\"3371\" data-end=\"3404\">Saumaton j&auml;rjestelm&auml;integraatio<\/h3><p data-start=\"3405\" data-end=\"3666\">Skanneri tukee kaikkia yleisimpi&auml; k&auml;ytt&ouml;j&auml;rjestelmi&auml; ja integroituu vaivattomasti POS- ja varastonhallinta-alustoihin. Honeywellin EZConfig-ohjelmisto yksinkertaistaa asennusta, ja &auml;lykk&auml;&auml;t tukiasemat parantavat latauksen ja viestinn&auml;n tehokkuutta laajoissa asennuksissa. <\/p><h2 data-start=\"3668\" data-end=\"3688\">Ihanteelliset k&auml;ytt&ouml;tapaukset<\/h2><ul data-start=\"3689\" data-end=\"4210\">\n<li data-start=\"3689\" data-end=\"3798\">\n<p data-start=\"3691\" data-end=\"3798\"><strong data-start=\"3691\" data-end=\"3717\">V&auml;hitt&auml;iskauppa ja myyntipisteet &ndash;<\/strong> Tehokas, handsfree-skannaus ja mukana toimitettu kaapeliteline nopeaa kassaty&ouml;skentely&auml; varten.<\/p>\n<\/li>\n<li data-start=\"3799\" data-end=\"3906\">\n<p data-start=\"3801\" data-end=\"3906\"><strong data-start=\"3801\" data-end=\"3826\">Varasto ja logistiikka &ndash;<\/strong> Pakettien ja varastointitarrojen luotettava skannaus suurissa tiloissa.<\/p>\n<\/li>\n<li data-start=\"3907\" data-end=\"3999\">\n<p data-start=\"3909\" data-end=\"3999\"><strong data-start=\"3909\" data-end=\"3926\">Valmistus &ndash;<\/strong> Vankka suorituskyky tuotantolinjojen ja laadunvalvonnan skannaukseen.<\/p>\n<\/li>\n<li data-start=\"4000\" data-end=\"4104\">\n<p data-start=\"4002\" data-end=\"4104\"><strong data-start=\"4002\" data-end=\"4016\">Terveydenhuolto &ndash;<\/strong> Tarkka, langaton rannekkeiden ja l&auml;&auml;ketarrojen skannaus potilasturvallisuuden varmistamiseksi.<\/p>\n<\/li>\n<li data-start=\"4105\" data-end=\"4210\">\n<p data-start=\"4107\" data-end=\"4210\"><strong data-start=\"4107\" data-end=\"4136\">Kentt&auml;huolto ja yleishy&ouml;dylliset palvelut &ndash;<\/strong> Langaton joustavuus, kun skannaat omaisuutta ja asiakirjoja tien p&auml;&auml;ll&auml;.<\/p>\n<\/li>\n<\/ul><h2 data-start=\"824\" data-end=\"848\">Tuotevertailut<\/h2><p data-start=\"849\" data-end=\"1042\">Honeywell Xenon XP 1952g tarjoaa alan johtavan skannaussuorituskyvyn ja joustavuuden. Jos haluat vertailla muita <strong data-start=\"1013\" data-end=\"1029\">Micro Nordicin<\/strong> rugged ja langattomia skannausvaihtoehtoja <strong data-start=\"1013\" data-end=\"1029\">,<\/strong> ota huomioon seuraavat vaihtoehdot: <\/p><ul data-start=\"1043\" data-end=\"1443\">\n<li data-start=\"1043\" data-end=\"1173\">\n<p data-start=\"1045\" data-end=\"1173\"><a href=\"https:\/\/micronordic.com\/product\/honeywell-granit-1981i-bt-w-cradle\/\"><strong data-start=\"1045\" data-end=\"1071\">Honeywell Granit 1981i<\/strong> <\/a>Eritt&auml;in rugged pitk&auml;n kantaman langaton skanneri, joka on suunniteltu varastoihin ja vaativiin teollisuusolosuhteisiin.<\/p>\n<\/li>\n<li data-start=\"1174\" data-end=\"1293\">\n<p data-start=\"1176\" data-end=\"1293\"><a href=\"https:\/\/micronordic.com\/product\/honeywell-granit-1980i-cable-ex-stand\/\"><strong data-start=\"1176\" data-end=\"1202\">Honeywell Granit 1980i<\/strong> <\/a>&ndash; Langallinen muunnos, joka tarjoaa &auml;&auml;rimm&auml;ist&auml; kest&auml;vyytt&auml; ja skannauksen ulottuvuutta kiinteisiin ty&ouml;asemiin.<\/p>\n<\/li>\n<li data-start=\"1294\" data-end=\"1443\">\n<p data-start=\"1296\" data-end=\"1443\"><strong data-start=\"1296\" data-end=\"1332\"><a href=\"https:\/\/micronordic.com\/product\/honeywell-granit-1911i-ig-cordless-w-base\/\">Honeywell Granit 1911i<\/a> <\/strong> &ndash; Perinteinen langaton teollisuusskanneri, joka on saatavana kunnostettuna ja joka tarjoaa vahvan suorituskyvyn alennettuun hintaan.<\/p>\n<\/li>\n<\/ul>\n","protected":false},"excerpt":{"rendered":"<h3>Tekniset tiedot:<\/h3>\n<ul>\n<li><strong>N\u00e4ytt\u00f6:<\/strong> (k\u00e4sik\u00e4ytt\u00f6inen viivakoodinlukija)<\/li>\n<li><strong>Liitett\u00e4vyys:<\/strong> yhteensopiva Honeywell Charge &amp; Communication Base -lataus- ja viestint\u00e4aseman kanssa; toimii Windows-, Android- ja iOS-k\u00e4ytt\u00f6j\u00e4rjestelmien kanssa.<\/li>\n<li><strong>Rugged sertifioinnit:<\/strong> 1,8 m:n korkeuteen pudotustestattu.<\/li>\n<li><strong>Turvallisuus:<\/strong> Bluetooth-pariliitoksen\/autentikoinnin tavanomaiset tilat<\/li>\n<li><strong>Akku:<\/strong> Akku: Yli 50 000 skannausta t\u00e4ytt\u00e4 latausta kohden; k\u00e4ytt\u00e4j\u00e4n vaihdettavissa.<\/li>\n<li><strong>Mitat ja paino: K\u00e4dess\u00e4pidett\u00e4v\u00e4<\/strong>, kompakti ja kevyt.<\/li>\n<li><strong>Takuu: <\/strong>Takuu: Uusilla tuotteilla on 2 vuoden valmistajan takuu.<\/li>\n<\/ul>\n","protected":false},"author":16,"featured_media":61096,"template":"","meta":{"_acf_changed":false,"inline_featured_image":false},"product-condition":[5252],"product_brand":[8973],"product_cat":[5127,5130,5133],"product_tag":[4882],"class_list":{"0":"post-47582","1":"product","2":"type-product","3":"status-publish","4":"has-post-thumbnail","6":"product-condition-new-in-box","7":"product_brand-honeywell-intermec","8":"product_cat-honeywell-intermec","9":"product_cat-all-barcode-scanners","10":"product_cat-new-in-box-rugged-hardware","11":"product_tag-wrd-fi","13":"first","14":"instock","15":"taxable","16":"shipping-taxable","17":"purchasable","18":"product-type-simple"},"acf":[],"_links":{"self":[{"href":"https:\/\/micronordic.com\/fi\/wp-json\/wp\/v2\/product\/47582","targetHints":{"allow":["GET"]}}],"collection":[{"href":"https:\/\/micronordic.com\/fi\/wp-json\/wp\/v2\/product"}],"about":[{"href":"https:\/\/micronordic.com\/fi\/wp-json\/wp\/v2\/types\/product"}],"author":[{"embeddable":true,"href":"https:\/\/micronordic.com\/fi\/wp-json\/wp\/v2\/users\/16"}],"version-history":[{"count":3,"href":"https:\/\/micronordic.com\/fi\/wp-json\/wp\/v2\/product\/47582\/revisions"}],"predecessor-version":[{"id":98290,"href":"https:\/\/micronordic.com\/fi\/wp-json\/wp\/v2\/product\/47582\/revisions\/98290"}],"wp:featuredmedia":[{"embeddable":true,"href":"https:\/\/micronordic.com\/fi\/wp-json\/wp\/v2\/media\/61096"}],"wp:attachment":[{"href":"https:\/\/micronordic.com\/fi\/wp-json\/wp\/v2\/media?parent=47582"}],"wp:term":[{"taxonomy":"product-condition","embeddable":true,"href":"https:\/\/micronordic.com\/fi\/wp-json\/wp\/v2\/product-condition?post=47582"},{"taxonomy":"product_brand","embeddable":true,"href":"https:\/\/micronordic.com\/fi\/wp-json\/wp\/v2\/product_brand?post=47582"},{"taxonomy":"product_cat","embeddable":true,"href":"https:\/\/micronordic.com\/fi\/wp-json\/wp\/v2\/product_cat?post=47582"},{"taxonomy":"product_tag","embeddable":true,"href":"https:\/\/micronordic.com\/fi\/wp-json\/wp\/v2\/product_tag?post=47582"}],"curies":[{"name":"wp","href":"https:\/\/api.w.org\/{rel}","templated":true}]}}