{"id":47578,"date":"2020-10-06T15:09:01","date_gmt":"2020-10-06T13:09:01","guid":{"rendered":"https:\/\/micronordic.com\/product\/getac-f110-g4-i5-11-6%e2%80%b3-touch-taysin-kestava-tabletti-uusi\/"},"modified":"2025-11-18T17:23:26","modified_gmt":"2025-11-18T16:23:26","slug":"getac-f110-touch-fully-rugged-tablet","status":"publish","type":"product","link":"https:\/\/micronordic.com\/fi\/product\/getac-f110-touch-fully-rugged-tablet\/","title":{"rendered":"Getac F110 G6 Fully Rugged Tablet (UUSI)"},"content":{"rendered":"<?xml encoding=\"utf-8\" ?><h2 data-start=\"0\" data-end=\"35\">Getac F110 G6 Fully Rugged Tablet<\/h2><p data-start=\"37\" data-end=\"518\"><strong data-start=\"41\" data-end=\"58\">Getac F110 G6<\/strong> Fully <strong data-start=\"73\" data-end=\"89\">Rugged<\/strong> Tablet <strong data-start=\"41\" data-end=\"58\">on<\/strong> kompakti, t&auml;ysin <strong data-start=\"73\" data-end=\"89\">rugged 11,6 tuuman<\/strong> Windows-tabletti, joka on suunniteltu kentt&auml;tiimeille, jotka tarvitsevat luotettavaa suorituskyky&auml; vaikeissa olosuhteissa. Reagoiva Intel&reg; Core&trade; -prosessori, kirkas, ulkok&auml;ytt&ouml;&ouml;n luettava kosketusn&auml;ytt&ouml;, kaksi <g id=\"gid_2\">kuumavaihdettavaa akkua ja nykyaikainen<\/g> I\/O <g id=\"gid_2\">,<\/g> mukaan lukien <g id=\"gid_3\">Thunderbolt&trade; 4, pit&auml;v&auml;t ty&ouml;nkulut<\/g> liikkeess&auml; partioautoissa, myym&auml;l&auml;tiloissa ja syrj&auml;isiss&auml; kohteissa. Saatavana Micro Nordicista liiketoimintak&auml;ytt&ouml;&ouml;n soveltuvina kokoonpanoina, joissa on lis&auml;varusteita ja telakointivaihtoehtoja.   Uusilla tuotteilla on 3 vuoden valmistajan takuu.<\/p><h2 data-start=\"520\" data-end=\"560\"><strong data-start=\"543\" data-end=\"560\">Getac F110 G6<\/strong>:n t&auml;rkeimm&auml;t ominaisuudet<\/h2><ul data-start=\"561\" data-end=\"1549\">\n<li data-start=\"561\" data-end=\"686\">\n<p data-start=\"563\" data-end=\"686\"><strong data-start=\"563\" data-end=\"592\">Rugged, kentt&auml;k&auml;ytt&ouml;&ouml;n soveltuva rakenne &ndash;<\/strong> MIL-STD-810H- ja <strong data-start=\"563\" data-end=\"592\">IP66-sertifioitu<\/strong> kest&auml;m&auml;&auml;n sadetta, p&ouml;ly&auml;, t&auml;rin&auml;&auml; ja kovia iskuja.<\/p>\n<\/li>\n<li data-start=\"687\" data-end=\"810\">\n<p data-start=\"689\" data-end=\"810\"><strong data-start=\"689\" data-end=\"726\">11,6 tuuman FHD-kosketusn&auml;ytt&ouml; auringonvalossa &ndash; k&auml;sine\/stylus-<\/strong> tuki luotettavaa sy&ouml;tt&ouml;&auml; varten ulko- ja teollisuusymp&auml;rist&ouml;iss&auml;.<\/p>\n<\/li>\n<li data-start=\"811\" data-end=\"924\">\n<p data-start=\"813\" data-end=\"924\"><strong data-start=\"813\" data-end=\"860\">Intel&reg; Core&trade; i5\/i7 (11. sukupolvi) ja Iris&reg; Xe &ndash; Sujuva<\/strong> moniajo GIS-, diagnostiikka- ja tiedonkeruuohjelmia varten.<\/p>\n<\/li>\n<li data-start=\"925\" data-end=\"1025\">\n<p data-start=\"927\" data-end=\"1025\"><strong data-start=\"927\" data-end=\"959\">Kaksi kuumavaihdettavaa akkua &ndash;<\/strong> Jatkuva virransy&ouml;tt&ouml; ty&ouml;vuoron vaihtuessa ilman sammutusta.<\/p>\n<\/li>\n<li data-start=\"1026\" data-end=\"1126\">\n<p data-start=\"1028\" data-end=\"1126\"><strong data-start=\"1028\" data-end=\"1051\">Nykyaikaiset yhteydet &ndash;<\/strong> Wi-Fi 6\/6E, Bluetooth&reg; 5.x, valinnainen 4G\/5G ja oma GNSS.<\/p>\n<\/li>\n<li data-start=\"1127\" data-end=\"1220\">\n<p data-start=\"1129\" data-end=\"1220\"><strong data-start=\"1129\" data-end=\"1147\">Nopea I\/O &ndash;<\/strong> <strong data-start=\"1150\" data-end=\"1168\">Thunderbolt&trade;<\/strong> 4, USB ja telakointivaihtoehdot ajoneuvoihin ja ty&ouml;p&ouml;ytiin.<\/p>\n<\/li>\n<li data-start=\"1221\" data-end=\"1335\">\n<p data-start=\"1223\" data-end=\"1335\"><strong data-start=\"1223\" data-end=\"1251\">Turvallisuus ja hallittavuus &ndash;<\/strong> TPM 2.0, Windows Hello&reg; -kamera; valinnainen &auml;lykortti- ja sormenj&auml;lkilukija.<\/p>\n<\/li>\n<li data-start=\"1336\" data-end=\"1454\">\n<p data-start=\"1338\" data-end=\"1454\"><strong data-start=\"1338\" data-end=\"1366\">Ty&ouml;kaluton huollettavuus &ndash;<\/strong> Nopea p&auml;&auml;sy akkuihin ja varastoon nopeaa huoltoa ja turvallista tiedonhallintaa varten.<\/p>\n<\/li>\n<li data-start=\"1455\" data-end=\"1549\">\n<p data-start=\"1457\" data-end=\"1549\"><strong data-start=\"1457\" data-end=\"1480\">Lis&auml;varusteiden ekosysteemi &ndash;<\/strong> Ajoneuvo-\/toimistotelakat, hihnat, n&auml;pp&auml;imist&ouml;t ja tiedonkeruulaitteet.<\/p>\n<\/li>\n<\/ul><h2 data-start=\"1551\" data-end=\"1585\">F110 G6:n t&auml;rkeimm&auml;t edut<\/h2><h3 data-start=\"1587\" data-end=\"1825\">Rakennettu ankarimpiin ymp&auml;rist&ouml;ihin<\/h3><p data-start=\"1587\" data-end=\"1825\">F110 G6 on IP66-tiivis ja MIL-STD-810H-testattu, joten se kest&auml;&auml; sadetta, p&ouml;ly&auml;, iskuja ja suuria l&auml;mp&ouml;tilanvaihteluita, joten tiimit voivat ty&ouml;skennell&auml; luotettavasti ulkona, ajoneuvoissa ja teollisuusty&ouml;mailla.<\/p><h3 data-start=\"1827\" data-end=\"2030\">Koko p&auml;iv&auml;n teho Hot-Swapilla<\/h3><p data-start=\"1827\" data-end=\"2030\">Tabletin kaksi hot-swap-akkua mahdollistavat keskeytym&auml;tt&ouml;m&auml;t ty&ouml;vuorot &ndash; vaihda toinen akku, kun toinen pit&auml;&auml; j&auml;rjestelm&auml;t toiminnassa, mik&auml; v&auml;hent&auml;&auml; keskeytysaikoja kriittisiss&auml; teht&auml;viss&auml;.<\/p><h3 data-start=\"2032\" data-end=\"2288\">Suorituskyky ja liitett&auml;vyys, joka skaalautuu<\/h3><p data-start=\"2032\" data-end=\"2288\">Intel&reg; Core&trade; -prosessorit ja Iris&reg; Xe -grafiikat pit&auml;v&auml;t sovellukset reagoivina, kun taas Wi-Fi 6\/6E, valinnainen 4G\/5G, GNSS ja Thunderbolt 4 siirt&auml;v&auml;t tietoja nopeasti kentt&auml;laitteiden, taustaj&auml;rjestelmien ja telakoiden v&auml;lill&auml;.<\/p><h3 data-start=\"2290\" data-end=\"2481\">Turvallinen ja yhteensopiva<\/h3><p data-start=\"2290\" data-end=\"2481\">Laitteiston TPM 2.0, Windows Hello ja valinnainen &auml;lykortti-\/sormenj&auml;lkitodennus tukevat yrityksen tietoturvak&auml;yt&auml;nt&ouml;j&auml; ja suojaavat arkaluonteisia tietoja reunalla.<\/p><h3 data-start=\"2483\" data-end=\"2704\">Huoltokelpoinen ja laivastovalmis<\/h3><p data-start=\"2483\" data-end=\"2704\">Ty&ouml;kaluton p&auml;&auml;sy akkuihin ja varastointiin helpottaa huoltoa, ja laaja lis&auml;varustetuki &ndash; ajoneuvotelineet, toimistotelakat, n&auml;pp&auml;imist&ouml;vaihtoehdot &ndash; auttaa standardoimaan k&auml;ytt&ouml;&ouml;nottoja eri rooleissa.<\/p><h2 data-start=\"2706\" data-end=\"2724\">Ihanteelliset k&auml;ytt&ouml;tapaukset<\/h2><ul data-start=\"2725\" data-end=\"3251\">\n<li data-start=\"2725\" data-end=\"2840\">\n<p data-start=\"2727\" data-end=\"2840\"><strong data-start=\"2727\" data-end=\"2765\">Julkinen turvallisuus ja h&auml;t&auml;tilanteiden hallinta &ndash;<\/strong> MDT-ty&ouml;nkulut, vaaratilanteiden raportointi ja turvallinen tiedonsaanti ajoneuvoissa.<\/p>\n<\/li>\n<li data-start=\"2841\" data-end=\"2952\">\n<p data-start=\"2843\" data-end=\"2952\"><strong data-start=\"2843\" data-end=\"2872\">Kentt&auml;huolto ja yleishy&ouml;dylliset palvelut &ndash;<\/strong> omaisuuden tarkastukset, diagnostiikka, kaaviot ja ty&ouml;m&auml;&auml;r&auml;ysten p&auml;ivitykset paikan p&auml;&auml;ll&auml;.<\/p>\n<\/li>\n<li data-start=\"2953\" data-end=\"3057\">\n<p data-start=\"2955\" data-end=\"3057\"><strong data-start=\"2955\" data-end=\"2996\">Tuotanto ja teolliset toiminnot &ndash;<\/strong> WIP-seuranta, laatutarkastukset ja HMI-teht&auml;v&auml;t tuotantolinjalla.<\/p>\n<\/li>\n<li data-start=\"3058\" data-end=\"3158\">\n<p data-start=\"3060\" data-end=\"3158\"><strong data-start=\"3060\" data-end=\"3090\">Kuljetus ja logistiikka &ndash;<\/strong> telakkatoiminnot, cross-dock-koordinointi ja reitinhallinta.<\/p>\n<\/li>\n<li data-start=\"3159\" data-end=\"3251\">\n<p data-start=\"3161\" data-end=\"3251\"><strong data-start=\"3161\" data-end=\"3185\">Puolustus ja hallinto &ndash;<\/strong> Teht&auml;viin soveltuva tietotekniikka, joka tarjoaa vankkaa turvallisuutta ja selviytymiskyky&auml;.<\/p>\n<\/li>\n<\/ul><h2 data-start=\"0\" data-end=\"48\">Getac F110 G6:n tuotevertailut<\/h2><ul data-start=\"50\" data-end=\"720\">\n<li data-start=\"50\" data-end=\"268\">\n<p data-start=\"52\" data-end=\"268\"><a href=\"https:\/\/micronordic.com\/product\/refurbished-panasonic-toughpad-fz-g1\/\"><strong data-start=\"52\" data-end=\"89\">Panasonic Toughbook FZ-G1<\/strong><\/a> &ndash; Pienempi ja kevyempi Windows-tabletti. Valitse FZ-G1 ahtaisiin tiloihin ja yhden k&auml;den k&auml;ytt&ouml;&ouml;n; valitse Getac F110 G6, jos haluat suuremman 11,6 tuuman n&auml;yt&ouml;n ja kaksi kuumavaihdettavaa akkua. <\/p>\n<\/li>\n<li data-start=\"270\" data-end=\"491\">\n<p data-start=\"272\" data-end=\"491\"><a href=\"https:\/\/micronordic.com\/product\/panasonic-toughbook-fz-g2\/\"><strong data-start=\"272\" data-end=\"309\">Panasonic toughbook FZ-G2<\/strong><\/a> &ndash; Eritt&auml;in modulaarinen Windows-tabletti, jossa on laajennuspaikat. Valitse FZ-G2, jos haluat maksimaalisen modulaarisen I\/O:n; valitse Getac F110 G6, jos haluat IP66-tiivistyksen, Thunderbolt&trade; 4:n ja suuremman n&auml;yt&ouml;n. <\/p>\n<\/li>\n<li data-start=\"493\" data-end=\"720\">\n<p data-start=\"495\" data-end=\"720\"><a href=\"https:\/\/micronordic.com\/product\/zebra-et65-rugged-enterprise-tablet\/\"><strong data-start=\"495\" data-end=\"515\">Zebra ET65 <\/strong><\/a> &ndash; Yrityksen Android-tabletti suuremmalla 12&Prime; paneelilla. Valitse ET65, jos haluat Androidin ja ylim&auml;&auml;r&auml;isen n&auml;yt&ouml;n; valitse Getac F110 G6, jos haluat Windows-k&auml;ytt&ouml;j&auml;rjestelm&auml;n, hot-swap-virran ja kompaktin jalanj&auml;ljen. <\/p>\n<\/li>\n<\/ul>\n","protected":false},"excerpt":{"rendered":"<h3>Tekniset tiedot:<\/h3>\n<ul>\n<li><strong>N\u00e4ytt\u00f6:<\/strong> 11,6\u2033 FHD (1920\u00d71080), auringonvalossa luettava, hansikas-\/stylusvalmius.<\/li>\n<li><strong>Prosessori:<\/strong> Gen).<\/li>\n<li><strong>Grafiikka:<\/strong> Intel\u00ae Iris\u00ae Xe (integroitu)<\/li>\n<li><strong>Muisti: 8 Gt DDR4<\/strong> (perusmalli), p\u00e4ivitett\u00e4viss\u00e4 32 Gt:iin.<\/li>\n<li><strong>Tallennustila: 256NVMe<\/strong> SSD (perusmalli), p\u00e4ivitett\u00e4viss\u00e4 1 TB:iin.<\/li>\n<li><strong>Liitett\u00e4vyys:<\/strong> Wi-Fi 6\/6E, Bluetooth 5.x, valinnainen 4G\/5G ja GNSS; Thunderbolt 4, USB; ajoneuvon\/toimiston telakointi.<\/li>\n<li><strong>Rugged sertifioinnit:<\/strong> MIL-STD-810H; IP66-tiivistys; pudotuksen\/t\u00e4rin\u00e4nkest\u00e4v\u00e4.<\/li>\n<li><strong>Turvallisuus:<\/strong> TPM 2.0; Windows Hello; valinnainen \u00e4lykortti- ja sormenj\u00e4lkilukija.<\/li>\n<li><strong>Akku:<\/strong> Jatkuvaa toimintaa varten: Kaksi kuumavaihdettavaa akkua.<\/li>\n<li><strong>Mitat ja paino:<\/strong> luokan rugged tablet (vaihtelee kokoonpanon mukaan).<\/li>\n<li><strong>Takuu: 3 vuoden<\/strong> valmistajan vakiotakuu;<\/li>\n<\/ul>\n","protected":false},"author":16,"featured_media":100193,"template":"","meta":{"_acf_changed":false,"inline_featured_image":false},"product-condition":[5252],"product_brand":[8958],"product_cat":[5126,5129,5133],"product_tag":[],"class_list":{"0":"post-47578","1":"product","2":"type-product","3":"status-publish","4":"has-post-thumbnail","6":"product-condition-new-in-box","7":"product_brand-getac","8":"product_cat-getac-rugged","9":"product_cat-all-rugged-tablets","10":"product_cat-new-in-box-rugged-hardware","12":"first","13":"instock","14":"taxable","15":"shipping-taxable","16":"purchasable","17":"product-type-simple"},"acf":[],"_links":{"self":[{"href":"https:\/\/micronordic.com\/fi\/wp-json\/wp\/v2\/product\/47578","targetHints":{"allow":["GET"]}}],"collection":[{"href":"https:\/\/micronordic.com\/fi\/wp-json\/wp\/v2\/product"}],"about":[{"href":"https:\/\/micronordic.com\/fi\/wp-json\/wp\/v2\/types\/product"}],"author":[{"embeddable":true,"href":"https:\/\/micronordic.com\/fi\/wp-json\/wp\/v2\/users\/16"}],"version-history":[{"count":2,"href":"https:\/\/micronordic.com\/fi\/wp-json\/wp\/v2\/product\/47578\/revisions"}],"predecessor-version":[{"id":98300,"href":"https:\/\/micronordic.com\/fi\/wp-json\/wp\/v2\/product\/47578\/revisions\/98300"}],"wp:featuredmedia":[{"embeddable":true,"href":"https:\/\/micronordic.com\/fi\/wp-json\/wp\/v2\/media\/100193"}],"wp:attachment":[{"href":"https:\/\/micronordic.com\/fi\/wp-json\/wp\/v2\/media?parent=47578"}],"wp:term":[{"taxonomy":"product-condition","embeddable":true,"href":"https:\/\/micronordic.com\/fi\/wp-json\/wp\/v2\/product-condition?post=47578"},{"taxonomy":"product_brand","embeddable":true,"href":"https:\/\/micronordic.com\/fi\/wp-json\/wp\/v2\/product_brand?post=47578"},{"taxonomy":"product_cat","embeddable":true,"href":"https:\/\/micronordic.com\/fi\/wp-json\/wp\/v2\/product_cat?post=47578"},{"taxonomy":"product_tag","embeddable":true,"href":"https:\/\/micronordic.com\/fi\/wp-json\/wp\/v2\/product_tag?post=47578"}],"curies":[{"name":"wp","href":"https:\/\/api.w.org\/{rel}","templated":true}]}}