{"id":47576,"date":"2020-10-06T15:09:00","date_gmt":"2020-10-06T13:09:00","guid":{"rendered":"https:\/\/micronordic.com\/product\/getac-v110-g3-taysin-kestava-11-6-ip65-mil-std-810g-rs232-uusi\/"},"modified":"2025-11-18T17:50:20","modified_gmt":"2025-11-18T16:50:20","slug":"getac-v110-g7-touch-fully-rugged-notebook","status":"publish","type":"product","link":"https:\/\/micronordic.com\/fi\/product\/getac-v110-g7-touch-fully-rugged-notebook\/","title":{"rendered":"Getac V110 G7 Fully Rugged Laptop (UUSI)"},"content":{"rendered":"<?xml encoding=\"utf-8\" ?><h2 data-start=\"0\" data-end=\"42\">Getac V110 G7 Fully Rugged Laptop (UUSI)<\/h2><p data-start=\"44\" data-end=\"707\"><strong data-start=\"48\" data-end=\"65\">Getac V110 G7 on<\/strong> kompakti, Fully Rugged <strong data-start=\"93\" data-end=\"104\">Windows 2-in-1<\/strong> -tietokone, joka on suunniteltu tiimeille, jotka liikkuvat ajoneuvojen telakoiden, liiketilojen ja ulkotilojen v&auml;lill&auml; &ndash; k&auml;ytt&ouml;ajasta tai turvallisuudesta tinkim&auml;tt&auml;. Muunneltavana kannettavana tietokoneena se k&auml;&auml;ntyy saumattomasti laptopin ja tabletin v&auml;lill&auml;, jolloin kentt&auml;k&auml;ytt&auml;j&auml;t saavat vakaan n&auml;pp&auml;imist&ouml;n, kun heid&auml;n on kirjoitettava, ja kosketusn&auml;yt&ouml;n, jota he voivat k&auml;ytt&auml;&auml; k&auml;sineill&auml; tai kyn&auml;ll&auml;, kun he ovat liikkeell&auml;. Getac V110 G7 tarjoaa reagoivan monisovellussuorituskyvyn, hot-swappable-virtavaihtoehdot ja laivastoja varten suunnitellun lis&auml;varusteekosysteemin, joten Getac V110 G7 <strong data-start=\"579\" data-end=\"596\">auttaa organisaatioita<\/strong> standardoimaan yhden laitteen raportointiin, diagnostiikkaan, GIS:&auml;&auml;n ja kriittisiin ty&ouml;nkulkuihin.  <\/p><p data-start=\"709\" data-end=\"1021\">Getac V110 G7 tarjoaa <strong data-start=\"861\" data-end=\"878\">tabletin kannettavuuden ja<\/strong> laptopin tuttuuden ja nopeuden, olipa kyseess&auml; sitten uusien ajoneuvojen k&auml;ytt&ouml;&ouml;notto, vanhenevan laivaston p&auml;ivitt&auml;minen tai eri rooleissa toimivien julkisten turvallisuus-, energia- ja teollisuustoimintojen varustaminen, ja se on valmis pitkiin ty&ouml;vuoroihin, karkeaan k&auml;sittelyyn ja todellisessa s&auml;&auml;ss&auml;.<\/p><p data-start=\"709\" data-end=\"1021\"><strong>Uusilla tuotteilla on 3 vuoden valmistajan takuu.<\/strong><\/p><h2 data-start=\"1023\" data-end=\"1059\">Getac V110 G7:n t&auml;rkeimm&auml;t ominaisuudet<\/h2><ul data-start=\"1060\" data-end=\"3074\">\n<li data-start=\"1060\" data-end=\"1326\">\n<p data-start=\"1062\" data-end=\"1326\"><strong data-start=\"1062\" data-end=\"1092\">Fully Rugged 2-in-1-muotoilu &ndash;<\/strong> Muunneltava muoto vaihtuu kannettavan tietokoneen ja tabletin v&auml;lill&auml; teht&auml;v&auml;n mukaan; karkaistu runko, tiivistetyt portit ja vahvistetut kulmat kest&auml;v&auml;t p&auml;ivitt&auml;isen t&auml;rin&auml;n, p&ouml;lyn, kosteuden ja kolhut kuljetuksen ja ajoneuvok&auml;yt&ouml;n aikana.<\/p>\n<\/li>\n<li data-start=\"1327\" data-end=\"1577\">\n<p data-start=\"1329\" data-end=\"1577\"><strong data-start=\"1329\" data-end=\"1364\">Auringonvalossa luettava kosketusn&auml;ytt&ouml; &ndash;<\/strong> Ulkona luettava paneeli tukee sormi-, k&auml;sine- ja kyn&auml;sy&ouml;tt&ouml;&auml;, mik&auml; mahdollistaa tarkan ty&ouml;skentelyn kartoilla, lomakkeilla, kaavioissa ja valokuvissa; laajat katselukulmat auttavat tiimej&auml; ty&ouml;skentelem&auml;&auml;n yhdess&auml; olkap&auml;&auml;t&auml; vasten ajoneuvojen tai penkkien &auml;&auml;ress&auml;.<\/p>\n<\/li>\n<li data-start=\"1578\" data-end=\"1813\">\n<p data-start=\"1580\" data-end=\"1813\"><strong data-start=\"1580\" data-end=\"1606\">Reagoiva suorituskyky &ndash;<\/strong> Nykyaikainen moniydinj&auml;rjestelm&auml; pit&auml;&auml; CAD-n&auml;kym&auml;t, diagnostiikan, et&auml;tuen ja toimistosovellukset sujuvasti k&auml;ynniss&auml;; nopea NVMe-tallennustila ja runsas muisti yll&auml;pit&auml;v&auml;t reagointikyky&auml;, kun kent&auml;ll&auml; tehd&auml;&auml;n monia teht&auml;vi&auml;.<\/p>\n<\/li>\n<li data-start=\"1814\" data-end=\"2040\">\n<p data-start=\"1816\" data-end=\"2040\"><strong data-start=\"1816\" data-end=\"1839\">Virran vaihtaminen &ndash;<\/strong> Kahden akun arkkitehtuuri (tuetuissa kokoonpanoissa) mahdollistaa akun vaihtamisen kesken ty&ouml;vuoron ilman sovellusten sammuttamista, mik&auml; suojaa istunnon jatkuvuutta tapahtumaraporttien, tarkastusten tai todisteiden ker&auml;&auml;misen aikana.<\/p>\n<\/li>\n<li data-start=\"2041\" data-end=\"2247\">\n<p data-start=\"2043\" data-end=\"2247\"><strong data-start=\"2043\" data-end=\"2066\">Nykyaikainen liitett&auml;vyys &ndash;<\/strong> Luotettava Wi-Fi ja Bluetooth paikan p&auml;&auml;ll&auml; ty&ouml;skentely&auml; varten sek&auml; valinnainen mobiililaajakaista ja GNSS, jotta sijaintitietoiset teht&auml;v&auml;t pysyv&auml;t tarkkoina ja tiedot kulkevat, kun olet poissa verkosta.<\/p>\n<\/li>\n<li data-start=\"2248\" data-end=\"2457\">\n<p data-start=\"2250\" data-end=\"2457\"><strong data-start=\"2250\" data-end=\"2278\">Nopea I\/O ja telakointi &ndash;<\/strong> Runsas porttivalikoima sek&auml; rugged p&ouml;yt&auml;- ja ajoneuvotelakat tehostavat latausta, oheislaitteiden k&auml;ytt&ouml;&auml; (tulostimet, skannerit, instrumentit) ja nopeaa vaihtoa kent&auml;n ja toimiston v&auml;lill&auml;.<\/p>\n<\/li>\n<li data-start=\"2458\" data-end=\"2673\">\n<p data-start=\"2460\" data-end=\"2673\"><strong data-start=\"2460\" data-end=\"2496\">Yritysturvallisuus ja -hallinta &ndash;<\/strong> Laitteistolla tuetut suojaukset ja todennusvaihtoehdot ovat linjassa yritysk&auml;yt&auml;nt&ouml;jen kanssa; johdonmukainen kuvantaminen ja profiilien hallinta auttavat IT-osastoa ottamaan k&auml;ytt&ouml;&ouml;n ja yll&auml;pit&auml;m&auml;&auml;n laivastoja laajassa mittakaavassa.<\/p>\n<\/li>\n<li data-start=\"2674\" data-end=\"2868\">\n<p data-start=\"2676\" data-end=\"2868\"><strong data-start=\"2676\" data-end=\"2698\">Huoltokelpoinen rakenne &ndash;<\/strong> Ty&ouml;kalujen ulottuvilla olevat komponentit ja kent&auml;ll&auml; vaihdettavat akut ja varasto yksinkertaistavat huoltoa, v&auml;hent&auml;v&auml;t seisokkiaikaa ja pident&auml;v&auml;t elinkaaren arvoa verrattuna suljettuihin kuluttajalaitteisiin.<\/p>\n<\/li>\n<li data-start=\"2869\" data-end=\"3074\">\n<p data-start=\"2871\" data-end=\"3074\"><strong data-start=\"2871\" data-end=\"2894\">Lis&auml;varusteiden ekosysteemi &ndash;<\/strong> N&auml;pp&auml;imist&ouml;t, kantoratkaisut, vara-akut, laturit ja tiedonkeruulaitteet mahdollistavat laitteen r&auml;&auml;t&auml;l&ouml;innin teht&auml;v&auml;kohtaisesti partio- ja tarkastusteht&auml;vist&auml; varasto- ja laitostoimintoihin.<\/p>\n<\/li>\n<\/ul><h2 data-start=\"3076\" data-end=\"3112\">Getac V110 G7:n t&auml;rkeimm&auml;t edut<\/h2><h3 data-start=\"3114\" data-end=\"3153\">Rakennettu vaativimpiin ymp&auml;rist&ouml;ihin<\/h3><p data-start=\"3154\" data-end=\"3341\">Fully Rugged rakenne kest&auml;&auml; t&auml;rin&auml;&auml;, putoamisia, p&ouml;ly&auml; ja kosteutta, joten ty&ouml;ntekij&auml;t voivat ty&ouml;skennell&auml; luottavaisesti ulkona, ajoneuvoissa ja teollisuusty&ouml;mailla v&auml;hemm&auml;n laitteeseen liittyvi&auml; keskeytyksi&auml; aiheuttaen.<\/p><h3 data-start=\"3343\" data-end=\"3379\">Laptop-nopeus, tabletin joustavuus<\/h3><p data-start=\"3380\" data-end=\"3588\">Muunneltava muotoilu antaa k&auml;ytt&auml;jille vakaan n&auml;pp&auml;imist&ouml;n raskaita teht&auml;vi&auml; varten ja helppok&auml;ytt&ouml;isen kosketusn&auml;yt&ouml;n valokuvia, allekirjoituksia ja merkint&ouml;j&auml; varten, mik&auml; v&auml;hent&auml;&auml; kitkaa, kun vaihdat kontekstia kent&auml;ll&auml;.<\/p><h3 data-start=\"3590\" data-end=\"3624\">Tehoa, joka kest&auml;&auml; koko p&auml;iv&auml;n<\/h3><p data-start=\"3625\" data-end=\"3785\">Kuumavaihdettavat akkuvaihtoehdot mahdollistavat jatkuvan k&auml;ytett&auml;vyyden pitkiss&auml; ty&ouml;vuoroissa ja luovutuksissa, mik&auml; est&auml;&auml; ty&ouml;n menetyksen ja uudelleenk&auml;ynnistykset aikataulujen ja puhelujen m&auml;&auml;r&auml;n kasvaessa.<\/p><h3 data-start=\"3787\" data-end=\"3826\">Saumaton liitett&auml;vyys ja tiedonkulku<\/h3><p data-start=\"3827\" data-end=\"4031\">Vahvat langattomat vaihtoehdot ja laivastoluokan telakointi pit&auml;v&auml;t liput, lokit ja mediat synkronoituna taustalla. Esimiehet saavat ajantasaiset p&auml;ivitykset, kun tiimit liikkuvat toimiston, ajoneuvojen ja et&auml;paikkojen v&auml;lill&auml;. <\/p><h3 data-start=\"4033\" data-end=\"4053\">Valmis laivastoille<\/h3><p data-start=\"4054\" data-end=\"4248\">Helppo huoltopalvelun saatavuus, johdonmukainen kuvantaminen ja laaja telakka-\/latauslaite-ekosysteemi alentavat omistuksen kokonaiskustannuksia. IT voi standardoida k&auml;ytt&ouml;&ouml;notot, vaihtaa osia nopeasti ja pit&auml;&auml; kriittiset yksik&ouml;t k&auml;ytt&ouml;valmiina. <\/p><h2 data-start=\"4250\" data-end=\"4268\">Ihanteelliset k&auml;ytt&ouml;tapaukset<\/h2><ul data-start=\"4269\" data-end=\"4966\">\n<li data-start=\"4269\" data-end=\"4418\">\n<p data-start=\"4271\" data-end=\"4418\"><strong data-start=\"4271\" data-end=\"4301\">Julkinen turvallisuus ja julkishallinto &ndash;<\/strong> Raporttien kirjoittaminen, CAD\/AVL-yhteys, kehokameran\/evidence offload ja turvallinen viestint&auml; ajoneuvoissa ja asemilla.<\/p>\n<\/li>\n<li data-start=\"4419\" data-end=\"4579\">\n<p data-start=\"4421\" data-end=\"4579\"><strong data-start=\"4421\" data-end=\"4450\">Kentt&auml;huolto ja yleishy&ouml;dylliset palvelut &ndash;<\/strong> Varojen diagnostiikka, suunnitelmien tarkastelu, kytkent&auml;-\/tarkastusty&ouml;nkulut ja ty&ouml;m&auml;&auml;r&auml;ysten p&auml;ivitykset kaapeissa, pylv&auml;iss&auml; ja et&auml;paikoissa.<\/p>\n<\/li>\n<li data-start=\"4580\" data-end=\"4706\">\n<p data-start=\"4582\" data-end=\"4706\"><strong data-start=\"4582\" data-end=\"4612\">Teollisuus ja teollisuus &ndash;<\/strong> HMI-k&auml;ytt&ouml;liittym&auml;, WIP-seuranta, huoltomenettelyt ja laatutarkastukset linjalla tai sen l&auml;hell&auml;.<\/p>\n<\/li>\n<li data-start=\"4707\" data-end=\"4838\">\n<p data-start=\"4709\" data-end=\"4838\"><strong data-start=\"4709\" data-end=\"4739\">Kuljetus ja logistiikka &ndash;<\/strong> telakan koordinointi, reititys, varastojen t&auml;sm&auml;ytys ja etikettien\/asiakirjojen k&auml;sittely liikkeess&auml;.<\/p>\n<\/li>\n<li data-start=\"4839\" data-end=\"4966\">\n<p data-start=\"4841\" data-end=\"4966\"><strong data-start=\"4841\" data-end=\"4866\">Energia ja rakentaminen &ndash;<\/strong> Suunnitelmakatselmus, katsastustiedot, puutelistat ja ty&ouml;maan dokumentointi, kun s&auml;&auml; ja p&ouml;ly ovat rutiinia.<\/p>\n<\/li>\n<\/ul><h2 data-start=\"4968\" data-end=\"5012\">Getac V110 G7:n tuotevertailut<\/h2><ul data-start=\"5013\" data-end=\"5583\">\n<li data-start=\"5013\" data-end=\"5210\">\n<p data-start=\"5015\" data-end=\"5210\"><a href=\"https:\/\/micronordic.com\/product\/getac-s410-g5-semi-rugged-notebook\/\"><strong data-start=\"5015\" data-end=\"5032\">Getac S410 G5<\/strong><\/a><strong data-start=\"5042\" data-end=\"5053\">Valitse S410<\/strong> G5, jos haluat Semi-Rugged kannettavuuden pienemm&auml;ll&auml; painolla; valitse <strong data-start=\"5114\" data-end=\"5131\">Getac V110 G7, jos<\/strong> t&auml;ysin rugged kest&auml;vyys ja muunneltava joustavuus ovat ehdottomia.<\/p>\n<\/li>\n<li data-start=\"5211\" data-end=\"5389\">\n<p data-start=\"5213\" data-end=\"5389\"><a href=\"https:\/\/micronordic.com\/product\/getac-b360-g2-fully-rugged-laptop\/\"><strong data-start=\"5213\" data-end=\"5227\">Getac B360<\/strong> <\/a>&ndash; <strong data-start=\"5235\" data-end=\"5243\">Valitse B360<\/strong>, jos haluat perinteisen simpukkamallin, jossa on maksimaalinen kest&auml;vyys ja suurempi runko; valitse <strong data-start=\"5323\" data-end=\"5340\">Getac V110 G7, jos haluat<\/strong> kevyemm&auml;n kantamisen ja tablet-tilan monipuolisuuden.<\/p>\n<\/li>\n<li data-start=\"5390\" data-end=\"5583\">\n<p data-start=\"5392\" data-end=\"5583\"><a href=\"https:\/\/micronordic.com\/product\/panasonic-toughbook-cf-33\/\"><strong data-start=\"5392\" data-end=\"5421\">Panasonic toughbook CF-33<\/strong><\/a> &ndash; <strong data-start=\"5431\" data-end=\"5440\">Valitse CF-33<\/strong>, jos haluat irrotettavan 2-in-1-l&auml;hestymistavan; valitse <strong data-start=\"5482\" data-end=\"5499\">Getac V110 G7, jos haluat<\/strong> integroidun convertible-tietokoneen, jossa on laivastoyst&auml;v&auml;lliset telakat ja hot-swap-virtavaihtoehdot.<\/p>\n<\/li>\n<\/ul>\n","protected":false},"excerpt":{"rendered":"<h3>Tekniset tiedot:<\/h3>\n<ul>\n<li><strong>N\u00e4ytt\u00f6:<\/strong> N\u00e4ytt\u00f6: Kompakti, auringonvalossa luettava kosketusn\u00e4ytt\u00f6; k\u00e4sine-\/styluskelpoinen; laajat katselukulmat.<\/li>\n<li><strong>Prosessori:<\/strong> Intel\u00ae Core\u2122-alusta (konfiguroitavissa, moniydinprosessori): Intel\u00ae Core\u2122-alusta (konfiguroitavissa, moniydinprosessori).<\/li>\n<li><strong>Grafiikka:<\/strong> Integroitu<\/li>\n<li><strong>Muisti: 8 Gt DDR4 <\/strong>(perusmalli), p\u00e4ivitett\u00e4viss\u00e4 64 Gt:iin.<\/li>\n<li><strong>Tallennustila: 256 Gt<\/strong> PCIe NVMe SSD (perusmalli), p\u00e4ivitett\u00e4viss\u00e4 2 TB:iin.<\/li>\n<li><strong>Liitett\u00e4vyys:<\/strong> Wi-Fi 6\/6E, Bluetooth 5.x; valinnainen 4G\/5G WWAN ja GNSS; p\u00f6yt\u00e4-\/ajoneuvotelakointi; monipuolinen I\/O (USB, HDMI, Ethernet).<\/li>\n<li><strong>Rugged sertifioinnit:<\/strong> Fully Rugged alusta, joka kest\u00e4\u00e4 tiivistyst\u00e4, pudotusta ja t\u00e4rin\u00e4\u00e4.<\/li>\n<li><strong>Tietoturva: Laitteistokohtainen<\/strong> tietoturva ja yrityksen todennusvaihtoehdot<\/li>\n<li><strong>Akku:<\/strong> Tuetuissa kokoonpanoissa kaksi akkua, jotka voidaan vaihtaa jatkuvasti.<\/li>\n<li><strong>Mitat ja paino:<\/strong> (vaihtelee kokoonpanon mukaan): Kompakti, Fully Rugged muunneltava (vaihtelee kokoonpanon mukaan)<\/li>\n<li><strong>Takuu: 3 vuoden<\/strong> valmistajan vakiotakuu<\/li>\n<\/ul>\n","protected":false},"author":16,"featured_media":99809,"template":"","meta":{"_acf_changed":false,"inline_featured_image":false},"product-condition":[5252],"product_brand":[8958],"product_cat":[5126,5128,5133],"product_tag":[],"class_list":{"0":"post-47576","1":"product","2":"type-product","3":"status-publish","4":"has-post-thumbnail","6":"product-condition-new-in-box","7":"product_brand-getac","8":"product_cat-getac-rugged","9":"product_cat-all-rugged-laptops","10":"product_cat-new-in-box-rugged-hardware","12":"first","13":"instock","14":"taxable","15":"shipping-taxable","16":"purchasable","17":"product-type-simple"},"acf":[],"_links":{"self":[{"href":"https:\/\/micronordic.com\/fi\/wp-json\/wp\/v2\/product\/47576","targetHints":{"allow":["GET"]}}],"collection":[{"href":"https:\/\/micronordic.com\/fi\/wp-json\/wp\/v2\/product"}],"about":[{"href":"https:\/\/micronordic.com\/fi\/wp-json\/wp\/v2\/types\/product"}],"author":[{"embeddable":true,"href":"https:\/\/micronordic.com\/fi\/wp-json\/wp\/v2\/users\/16"}],"version-history":[{"count":2,"href":"https:\/\/micronordic.com\/fi\/wp-json\/wp\/v2\/product\/47576\/revisions"}],"predecessor-version":[{"id":98388,"href":"https:\/\/micronordic.com\/fi\/wp-json\/wp\/v2\/product\/47576\/revisions\/98388"}],"wp:featuredmedia":[{"embeddable":true,"href":"https:\/\/micronordic.com\/fi\/wp-json\/wp\/v2\/media\/99809"}],"wp:attachment":[{"href":"https:\/\/micronordic.com\/fi\/wp-json\/wp\/v2\/media?parent=47576"}],"wp:term":[{"taxonomy":"product-condition","embeddable":true,"href":"https:\/\/micronordic.com\/fi\/wp-json\/wp\/v2\/product-condition?post=47576"},{"taxonomy":"product_brand","embeddable":true,"href":"https:\/\/micronordic.com\/fi\/wp-json\/wp\/v2\/product_brand?post=47576"},{"taxonomy":"product_cat","embeddable":true,"href":"https:\/\/micronordic.com\/fi\/wp-json\/wp\/v2\/product_cat?post=47576"},{"taxonomy":"product_tag","embeddable":true,"href":"https:\/\/micronordic.com\/fi\/wp-json\/wp\/v2\/product_tag?post=47576"}],"curies":[{"name":"wp","href":"https:\/\/api.w.org\/{rel}","templated":true}]}}