{"id":47574,"date":"2020-10-06T15:09:00","date_gmt":"2020-10-06T13:09:00","guid":{"rendered":"https:\/\/micronordic.com\/product\/getac-s410-g3-basic-i3-1115g4-uusi\/"},"modified":"2025-11-18T17:47:57","modified_gmt":"2025-11-18T16:47:57","slug":"getac-s410-g5-semi-rugged-notebook","status":"publish","type":"product","link":"https:\/\/micronordic.com\/fi\/product\/getac-s410-g5-semi-rugged-notebook\/","title":{"rendered":"Getac S410 G5 Semi-Rugged Laptop (UUSI)"},"content":{"rendered":"<?xml encoding=\"utf-8\" ?><h2 data-start=\"0\" data-end=\"41\">Getac S410 G5 Semi-Rugged Laptop (UUSI)<\/h2><p data-start=\"43\" data-end=\"669\"><strong data-start=\"47\" data-end=\"64\">Getac S410 G5 on<\/strong> monipuolinen, Semi Rugged <strong data-start=\"93\" data-end=\"104\">Windows-laptop,<\/strong> joka on suunniteltu ammattilaisille, jotka tarvitsevat luotettavaa suorituskyky&auml; toimiston ulkopuolella &ndash; tehtaiden lattioilla, varikon penkill&auml;, huoltoajoneuvoissa ja ty&ouml;mailla. Getac <strong data-start=\"321\" data-end=\"338\">S410 G5<\/strong> tasapainottaa kest&auml;vyyden ja kannettavuuden, ja sen kirkas, ulkok&auml;ytt&ouml;&ouml;n soveltuva n&auml;ytt&ouml; ja herkk&auml; prosessori <strong data-start=\"321\" data-end=\"338\">yhdistyv&auml;t<\/strong> alustaan, joka on suunniteltu kest&auml;m&auml;&auml;n jokap&auml;iv&auml;iset kolhut, t&auml;rin&auml;t ja satunnaiset roiskeet. IT:lle se tarjoaa vakaan alustan, jossa on helppo p&auml;&auml;sy huoltopalveluihin, vahvat tietoturvavaihtoehdot ja laaja telakoiden ja lis&auml;varusteiden ekosysteemi, jolla voidaan standardoida k&auml;ytt&ouml;&ouml;nottoja eri rooleissa.  <\/p><p data-start=\"43\" data-end=\"669\"><strong>Uusilla tuotteilla on 3 vuoden valmistajan takuu.<\/strong><\/p><p data-start=\"671\" data-end=\"897\">Riippumatta siit&auml;, varustatko kentt&auml;huoltoryhmi&auml;, julkisen turvallisuuden henkil&ouml;st&ouml;&auml; tai teollisuusoperaattoreita, Getac S410 G5 <strong data-start=\"763\" data-end=\"780\">tarjoaa oikean yhdistelm&auml;n<\/strong> k&auml;ytt&ouml;aikaa, akkujen joustavuutta ja I\/O:ta &ndash; ilman t&auml;ysin rugged alustan painoa ja tilaa.<\/p><h2 data-start=\"899\" data-end=\"935\">Getac S410 G5:n t&auml;rkeimm&auml;t ominaisuudet<\/h2><ul data-start=\"936\" data-end=\"2747\">\n<li data-start=\"936\" data-end=\"1162\">\n<p data-start=\"938\" data-end=\"1162\"><strong data-start=\"938\" data-end=\"953\">Semi-Rugged rakenne<\/strong> &ndash; Rakennettu kest&auml;m&auml;&auml;n p&auml;ivitt&auml;isi&auml; vaaroja, kuten t&auml;rin&auml;&auml;, pieni&auml; pudotuksia ja p&ouml;lylle\/kosteudelle altistumista, ja suojaamaan komponentteja kuljetuksen ja liikkuvan ty&ouml;n aikana, mutta pit&auml;m&auml;&auml;n painon hallittavana jokap&auml;iv&auml;ist&auml; kuljettamista varten.<\/p>\n<\/li>\n<li data-start=\"1163\" data-end=\"1370\">\n<p data-start=\"1165\" data-end=\"1370\"><strong data-start=\"1165\" data-end=\"1186\">Auringonvalossa luettava n&auml;ytt&ouml;<\/strong> &ndash; Ulkoilmaan soveltuva n&auml;ytt&ouml; parantaa selkeytt&auml; kirkkaissa olosuhteissa ja tukee k&auml;sineyst&auml;v&auml;llist&auml; sy&ouml;tt&ouml;&auml;, mik&auml; v&auml;hent&auml;&auml; virheit&auml;, kun tarkastelet lomakkeita, kaavioita tai huolto-oppaita paikan p&auml;&auml;ll&auml;.<\/p>\n<\/li>\n<li data-start=\"1371\" data-end=\"1578\">\n<p data-start=\"1373\" data-end=\"1578\"><strong data-start=\"1373\" data-end=\"1387\">Reagoiva suorituskyky<\/strong> &ndash; Nykyaikaiset moniydinprosessorit ja nopea tallennustila pit&auml;v&auml;t CAD-n&auml;kym&auml;t, et&auml;tukity&ouml;kalut, diagnostiikan ja toimistosovellukset sujuvasti k&auml;ynniss&auml;, jotta moniteht&auml;v&auml;isyys ei pys&auml;yt&auml; ty&ouml;nkulkuasi.<\/p>\n<\/li>\n<li data-start=\"1579\" data-end=\"1759\">\n<p data-start=\"1581\" data-end=\"1759\"><strong data-start=\"1581\" data-end=\"1596\">P&auml;ivitett&auml;viss&auml; oleva rakenne<\/strong> &ndash; Muisti- ja tallennustilojen k&auml;ytett&auml;viss&auml; olevat paikat auttavat pident&auml;m&auml;&auml;n elinkaaren arvoa, jolloin tiimit voivat ajan mittaan mukauttaa kokoonpanoja oikeaan kokoonpanoon vaihtamatta koko laitetta.<\/p>\n<\/li>\n<li data-start=\"1760\" data-end=\"1964\">\n<p data-start=\"1762\" data-end=\"1964\"><strong data-start=\"1762\" data-end=\"1772\">Nykyaikainen liitett&auml;vyys<\/strong> &ndash; Luotettava Wi-Fi ja Bluetooth paikan p&auml;&auml;ll&auml; ty&ouml;skentely&auml; varten sek&auml; valinnaiset mobiililaajakaista- ja GNSS-ominaisuudet, joiden avulla tiedot kulkevat ja sijaintitietoiset teht&auml;v&auml;t ovat tarkkoja, kun olet poissa verkosta.<\/p>\n<\/li>\n<li data-start=\"1965\" data-end=\"2178\">\n<p data-start=\"1967\" data-end=\"2178\"><strong data-start=\"1967\" data-end=\"1981\">Nopea I\/O<\/strong> ja telakointi &ndash; Runsas porttivalikoima sek&auml; rugged ajoneuvo-\/p&ouml;yt&auml;telakat tehostavat latausta, oheislaitteiden k&auml;ytt&ouml;&auml; (skannerit, etikettitulostimet, instrumentit) ja nopeaa vaihtoa kent&auml;n ja toimiston v&auml;lill&auml;.<\/p>\n<\/li>\n<li data-start=\"2179\" data-end=\"2391\">\n<p data-start=\"2181\" data-end=\"2391\"><strong data-start=\"2181\" data-end=\"2195\">Yritysturvallisuus<\/strong> ja hallittavuus &ndash; Laitteistolla tuetut suojaukset ja todennusvaihtoehdot ovat linjassa yritysk&auml;yt&auml;nt&ouml;jen kanssa, ja keskitetty kuvantaminen\/m&auml;&auml;ritys pit&auml;&auml; k&auml;ytt&ouml;&ouml;notot yhten&auml;isin&auml; eri tiimeiss&auml;.<\/p>\n<\/li>\n<li data-start=\"2392\" data-end=\"2557\">\n<p data-start=\"2394\" data-end=\"2557\"><strong data-start=\"2394\" data-end=\"2409\">Huollettavissa oleva ulkoasu<\/strong> &ndash; Ty&ouml;kalujen ulottuvilla olevat komponentit ja modulaariset akut lyhent&auml;v&auml;t seisokkiaikoja, yksinkertaistavat korjauksia ja helpottavat kriittisten yksik&ouml;iden pit&auml;mist&auml; vuorotellen.<\/p>\n<\/li>\n<li data-start=\"2558\" data-end=\"2747\">\n<p data-start=\"2560\" data-end=\"2747\"><strong data-start=\"2560\" data-end=\"2573\">Lis&auml;varusteiden ekosysteemi<\/strong> &ndash; kantoratkaisut, vara-akut, laturit ja tiedonkeruun lis&auml;laitteet r&auml;&auml;t&auml;l&ouml;iv&auml;t j&auml;rjestelm&auml;n kullekin roolille, tarkastajista ja teknikoista valvojiin ja l&auml;hett&auml;miseen.<\/p>\n<\/li>\n<\/ul><h2 data-start=\"2749\" data-end=\"2785\">Getac S410 G5:n t&auml;rkeimm&auml;t edut<\/h2><h3 data-start=\"2787\" data-end=\"2833\">Rakennettu ankarimpiin jokap&auml;iv&auml;isiin olosuhteisiin<\/h3><p data-start=\"2834\" data-end=\"3049\">Semi Rugged suojaus suojaa todellisilta kolhuilta, t&auml;rin&auml;lt&auml;, p&ouml;lylt&auml; ja kosteudelta, joita kohtaat vuoroty&ouml;ss&auml;, ajoneuvojen kiinnityksess&auml; ja usein tapahtuvissa siirtymiss&auml; ty&ouml;maalta toiselle &ndash; ilman eritt&auml;in raskaan alustan aiheuttamia haittoja.<\/p><h3 data-start=\"3051\" data-end=\"3083\">Suuri n&auml;ytt&ouml;, paremmat ty&ouml;nkulut<\/h3><p data-start=\"3084\" data-end=\"3296\">Kirkas <strong data-start=\"3093\" data-end=\"3104\">Windows-ty&ouml;tila<\/strong> helpottaa kojelautojen, suunnitelmien ja asiakirjojen lukemista sekalaisessa valaistuksessa. Kun n&auml;ytt&ouml;pinta-ala on suuri ja sy&ouml;tt&ouml; on tarkkaa, k&auml;ytt&auml;j&auml;t k&auml;ytt&auml;v&auml;t v&auml;hemm&auml;n aikaa selaamiseen ja enemm&auml;n aikaa teht&auml;v&auml;n suorittamiseen. <\/p><h3 data-start=\"3298\" data-end=\"3332\">Tehoa, joka kest&auml;&auml; koko p&auml;iv&auml;n<\/h3><p data-start=\"3333\" data-end=\"3517\">Joustavat akkuvaihtoehdot tukevat kest&auml;v&auml;&auml; kentt&auml;k&auml;ytt&ouml;&auml;, ja tietyiss&auml; kokoonpanoissa on hot-swap-ominaisuudet, joiden avulla sovellusistuntoja voidaan yll&auml;pit&auml;&auml; ty&ouml;vuorojen vaihtuessa ja pitkien huoltok&auml;yntien aikana.<\/p><h3 data-start=\"3519\" data-end=\"3558\">Saumaton liitett&auml;vyys ja tiedonkulku<\/h3><p data-start=\"3559\" data-end=\"3763\">Vahvat langattomat vaihtoehdot ja ty&ouml;p&ouml;yt&auml;- tai ajoneuvotelakointi pit&auml;v&auml;t liput, lokit ja todisteet synkronoituna taustalla. Esimiehet n&auml;kev&auml;t ajantasaiset p&auml;ivitykset, ja tiimit voivat liikkua eri toimipisteiden v&auml;lill&auml; ilman kaapeleiden uudelleenkonfigurointia. <\/p><h3 data-start=\"3765\" data-end=\"3785\">Valmis laivastoille<\/h3><p data-start=\"3786\" data-end=\"3989\">Johdonmukainen kuvantaminen, turvallinen todennus ja nopea huoltok&auml;ytt&ouml; alentavat kokonaiskustannuksia. IT saa ennakoitavan alustan, jota voi hallita laajassa mittakaavassa, ja k&auml;ytt&auml;j&auml;t saavat luotettavan ty&ouml;kalun, joka pysyy toimintavalmiina. <\/p><h2 data-start=\"3991\" data-end=\"4009\">Ihanteelliset k&auml;ytt&ouml;tapaukset<\/h2><ul data-start=\"4010\" data-end=\"4663\">\n<li data-start=\"4010\" data-end=\"4136\">\n<p data-start=\"4012\" data-end=\"4136\"><strong data-start=\"4012\" data-end=\"4042\">Julkinen turvallisuus ja hallinto &ndash;<\/strong> Raporttien kirjoittaminen, todisteiden k&auml;sittely ja l&auml;hetysyhteydet ajoneuvoissa ja asemilla.<\/p>\n<\/li>\n<li data-start=\"4137\" data-end=\"4273\">\n<p data-start=\"4139\" data-end=\"4273\"><strong data-start=\"4139\" data-end=\"4168\">Kentt&auml;huolto ja yleishy&ouml;dylliset laitokset &ndash;<\/strong> Varojen diagnostiikka, suunnitelmien tarkastelu ja ty&ouml;m&auml;&auml;r&auml;ysten p&auml;ivitykset kaapeissa, pylv&auml;iss&auml;, laitoksissa ja syrj&auml;isiss&auml; kohteissa.<\/p>\n<\/li>\n<li data-start=\"4274\" data-end=\"4400\">\n<p data-start=\"4276\" data-end=\"4400\"><strong data-start=\"4276\" data-end=\"4306\">Teollisuus ja teollisuus &ndash;<\/strong> HMI-k&auml;ytt&ouml;liittym&auml;n k&auml;ytt&ouml;, huoltomenettelyt, WIP-seuranta ja laatutarkastukset linjalla tai sen l&auml;hell&auml;.<\/p>\n<\/li>\n<li data-start=\"4401\" data-end=\"4532\">\n<p data-start=\"4403\" data-end=\"4532\"><strong data-start=\"4403\" data-end=\"4433\">Kuljetus ja logistiikka &ndash;<\/strong> telakan koordinointi, reititys, varastojen t&auml;sm&auml;ytys ja etikettien\/asiakirjojen k&auml;sittely liikkeess&auml;.<\/p>\n<\/li>\n<li data-start=\"4533\" data-end=\"4663\">\n<p data-start=\"4535\" data-end=\"4663\"><strong data-start=\"4535\" data-end=\"4560\">Energia ja rakentaminen &ndash;<\/strong> Ty&ouml;maadokumentointi, CAD- ja suunnitelmakatselu, puutelistat ja vaatimustenmukaisuuden kirjaaminen vaativissa ymp&auml;rist&ouml;iss&auml;.<\/p>\n<\/li>\n<\/ul><h2 data-start=\"4665\" data-end=\"4709\">Getac S410 G5:n tuotevertailut<\/h2><ul data-start=\"4710\" data-end=\"5315\">\n<li data-start=\"4710\" data-end=\"4894\">\n<p data-start=\"4712\" data-end=\"4894\"><a href=\"https:\/\/micronordic.com\/product\/getac-b360-g2-fully-rugged-laptop\/\"><strong data-start=\"4712\" data-end=\"4726\">Getac B360 G2<\/strong><\/a><strong data-start=\"4736\" data-end=\"4744\">Valitse B360<\/strong>, jos haluat t&auml;ysin rugged alustan, kun teht&auml;v&auml; vaatii maksimaalista selviytymiskyky&auml;; valitse <strong data-start=\"4828\" data-end=\"4845\">Getac S410 G5, jos haluat<\/strong> kevyemm&auml;n kantamisen ja Semi Rugged joustavuuden.<\/p>\n<\/li>\n<li data-start=\"4895\" data-end=\"5105\">\n<p data-start=\"4897\" data-end=\"5105\"><a href=\"https:\/\/micronordic.com\/product\/panasonic-toughbook-fz-55\/\"><strong data-start=\"4897\" data-end=\"4923\">Panasonic Toughbook 55<\/strong><\/a><strong data-start=\"4931\" data-end=\"4947\">Valitse Toughbook<\/strong> 55, jos haluat modulaarisen lokeron laajentamisen; valitse <strong data-start=\"4994\" data-end=\"5011\">Getac S410 G5, jos haluat<\/strong> tasapainoisen Semi Rugged rakenteen, vahvan huollettavuuden ja laivastoyst&auml;v&auml;lliset lis&auml;varusteet.<\/p>\n<\/li>\n<li data-start=\"5106\" data-end=\"5315\">\n<p data-start=\"5108\" data-end=\"5315\"><a href=\"https:\/\/micronordic.com\/product\/dell-rugged-extreme-5430-new\/\"><strong data-start=\"5108\" data-end=\"5137\">Dell Latitude Rugged 5430<\/strong><\/a> &ndash; <strong data-start=\"5147\" data-end=\"5171\">Valitse Latitude Rugged 5430<\/strong>, jos haluat integroitua tiiviisti Dellin nykyisiin laitteisiin; valitse <strong data-start=\"5228\" data-end=\"5245\">Getac S410 G5, jos haluat<\/strong> todistetusti Semi-Rugged kest&auml;vyytt&auml; ja monipuolista telakointia eri teht&auml;viss&auml;.<\/p>\n<\/li>\n<\/ul>\n","protected":false},"excerpt":{"rendered":"<h3>Tekniset tiedot:<\/h3>\n<ul>\n<li><strong>N\u00e4ytt\u00f6:<\/strong> luokan, ulkok\u00e4ytt\u00f6\u00f6n soveltuva, auringonvalossa luettava, hanskoilla k\u00e4ytett\u00e4v\u00e4 kosketusn\u00e4ytt\u00f6vaihtoehto.<\/li>\n<li><strong>Prosessori:<\/strong> Viimeisimm\u00e4n sukupolven Intel\u00ae Core\u2122-alusta (konfiguroitavissa).<\/li>\n<li><strong>Grafiikka:<\/strong> Integroitu; valinnainen erillisgrafiikka valituissa kokoonpanoissa<\/li>\n<li><strong>Muisti: 8 Gt<\/strong> (sis\u00e4ltyy perusmalliin), p\u00e4ivitett\u00e4viss\u00e4 64 Gt DDR5-muistiin.<\/li>\n<li><strong>Tallennustila: 256 Gt<\/strong> PCIe NVMe SSD (sis\u00e4ltyy perusmalliin), p\u00e4ivitett\u00e4viss\u00e4 2 TB:iin.<\/li>\n<li><strong>Liitett\u00e4vyys:<\/strong> Wi-Fi 6\/6E, Bluetooth 5.x; valinnainen 4G\/5G WWAN ja GNSS; p\u00f6yt\u00e4-\/ajoneuvotelakointi.<\/li>\n<li><strong>Rugged sertifioinnit:<\/strong> MIL-STD-810H-testaus; sis\u00e4\u00e4np\u00e4\u00e4sysuojaus (mallista riippuvainen).<\/li>\n<li><strong>Tietoturva: Laitteistokohtainen<\/strong> tietoturva ja yritystodennusvaihtoehdot<\/li>\n<li><strong>Akku:<\/strong> Pitk\u00e4kestoiset akut, joissa on hot-swap-mahdollisuus tietyiss\u00e4 malleissa.<\/li>\n<li><strong>Mitat ja paino:<\/strong> (vaihtelee kokoonpanon mukaan): Paino: Semi-Rugged 14\u2033 laptop (vaihtelee kokoonpanon mukaan)<\/li>\n<li><strong>Takuu: 3 vuoden<\/strong> valmistajan vakiotakuu<\/li>\n<\/ul>\n","protected":false},"author":16,"featured_media":96161,"template":"","meta":{"_acf_changed":false,"inline_featured_image":false},"product-condition":[5252],"product_brand":[8958],"product_cat":[5126,5128,5133],"product_tag":[],"class_list":{"0":"post-47574","1":"product","2":"type-product","3":"status-publish","4":"has-post-thumbnail","6":"product-condition-new-in-box","7":"product_brand-getac","8":"product_cat-getac-rugged","9":"product_cat-all-rugged-laptops","10":"product_cat-new-in-box-rugged-hardware","12":"first","13":"instock","14":"taxable","15":"shipping-taxable","16":"purchasable","17":"product-type-simple"},"acf":[],"_links":{"self":[{"href":"https:\/\/micronordic.com\/fi\/wp-json\/wp\/v2\/product\/47574","targetHints":{"allow":["GET"]}}],"collection":[{"href":"https:\/\/micronordic.com\/fi\/wp-json\/wp\/v2\/product"}],"about":[{"href":"https:\/\/micronordic.com\/fi\/wp-json\/wp\/v2\/types\/product"}],"author":[{"embeddable":true,"href":"https:\/\/micronordic.com\/fi\/wp-json\/wp\/v2\/users\/16"}],"version-history":[{"count":2,"href":"https:\/\/micronordic.com\/fi\/wp-json\/wp\/v2\/product\/47574\/revisions"}],"predecessor-version":[{"id":98372,"href":"https:\/\/micronordic.com\/fi\/wp-json\/wp\/v2\/product\/47574\/revisions\/98372"}],"wp:featuredmedia":[{"embeddable":true,"href":"https:\/\/micronordic.com\/fi\/wp-json\/wp\/v2\/media\/96161"}],"wp:attachment":[{"href":"https:\/\/micronordic.com\/fi\/wp-json\/wp\/v2\/media?parent=47574"}],"wp:term":[{"taxonomy":"product-condition","embeddable":true,"href":"https:\/\/micronordic.com\/fi\/wp-json\/wp\/v2\/product-condition?post=47574"},{"taxonomy":"product_brand","embeddable":true,"href":"https:\/\/micronordic.com\/fi\/wp-json\/wp\/v2\/product_brand?post=47574"},{"taxonomy":"product_cat","embeddable":true,"href":"https:\/\/micronordic.com\/fi\/wp-json\/wp\/v2\/product_cat?post=47574"},{"taxonomy":"product_tag","embeddable":true,"href":"https:\/\/micronordic.com\/fi\/wp-json\/wp\/v2\/product_tag?post=47574"}],"curies":[{"name":"wp","href":"https:\/\/api.w.org\/{rel}","templated":true}]}}