{"id":47572,"date":"2020-10-06T15:08:54","date_gmt":"2020-10-06T13:08:54","guid":{"rendered":"https:\/\/micronordic.com\/product\/dell-latitude-14-rugged-extreme-7424-uusi\/"},"modified":"2025-11-21T11:37:38","modified_gmt":"2025-11-21T10:37:38","slug":"dell-latitude-14-rugged-extreme-7424-i7","status":"publish","type":"product","link":"https:\/\/micronordic.com\/fi\/product\/dell-latitude-14-rugged-extreme-7424-i7\/","title":{"rendered":"Dell Latitude 7424 Rugged Extreme (PRE-OWNED)"},"content":{"rendered":"<?xml encoding=\"utf-8\" ?><h2 data-start=\"0\" data-end=\"36\">Dell Latitude 7424 Rugged Extreme (sertifioitu esiostettu)<\/h2><p data-start=\"38\" data-end=\"628\"><strong data-start=\"42\" data-end=\"79\">Dell Latitude 7424 Rugged Extreme on<\/strong> t&auml;ysin rugged <strong data-start=\"98\" data-end=\"109\">Windows-laptop<\/strong>, joka on suunniteltu tiimeille, jotka ty&ouml;skentelev&auml;t siell&auml;, miss&auml; kuluttajakannettavat tietokoneet ep&auml;onnistuvat &ndash; tehtaiden lattioilla, ajoneuvoissa, varikoilla ja ulkotiloissa. Se on rakennettu kest&auml;m&auml;&auml;n t&auml;rin&auml;&auml;, p&ouml;ly&auml;, kosteutta ja usein tapahtuvaa kuljetusta, ja siin&auml; yhdistyv&auml;t kest&auml;v&auml; rakenne, reagoiva suorituskyky, vahva I\/O ja huollettavuus. Dell <strong data-start=\"482\" data-end=\"519\">Latitude 7424 Rugged Extreme tarjoaa<\/strong> luotettavaa kentt&auml;laitetta k&auml;ytt&auml;ville organisaatioille sopivan yhdistelm&auml;n k&auml;ytett&auml;vyytt&auml;, ergonomiaa ja hallittavuutta, jota tarvitaan pitkiss&auml; ty&ouml;vuoroissa ja kriittisiss&auml; teht&auml;viss&auml;.<\/p><p data-start=\"38\" data-end=\"628\">Dell <strong data-start=\"722\" data-end=\"759\">Latitude 7424 Rugged Extreme tarjoaa<\/strong> kannettavan laptopin tutun k&auml;ytett&auml;vyyden ja tarkoitukseen suunnitellun kentt&auml;ty&ouml;kalun selviytymiskyvyn, joka on valmis nopeaan k&auml;ytt&ouml;&ouml;nottoon, helppoon yll&auml;pitoon ja johdonmukaiseen k&auml;ytt&auml;j&auml;koulutukseen eri rooleissa, olipa kyseess&auml; sitten vanhenevan laivaston p&auml;ivitt&auml;minen tai kapasiteetin laajentaminen kausiluonteisia toimintoja varten. <strong>Certified Pre-Owned -yksik&ouml;iss&auml;mme on 12 kuukauden takuu.<\/strong><\/p><h2 data-start=\"945\" data-end=\"1001\">Dell Latitude 7424 Rugged Extreme -mallin t&auml;rkeimm&auml;t ominaisuudet<\/h2><ul data-start=\"1002\" data-end=\"2767\">\n<li data-start=\"1002\" data-end=\"1213\">\n<p data-start=\"1004\" data-end=\"1213\"><strong data-start=\"1004\" data-end=\"1014\">Kest&auml;v&auml; alusta &ndash;<\/strong> Fully Rugged rakenne kest&auml;&auml; p&auml;ivitt&auml;isi&auml; kolhuja, t&auml;rin&auml;&auml;, p&ouml;ly&auml; ja kosteutta kuljetuksen, ajoneuvoon kiinnitt&auml;misen ja paikan p&auml;&auml;ll&auml; tapahtuvan ty&ouml;skentelyn aikana ja suojaa sis&auml;isi&auml; komponentteja vaativissa k&auml;ytt&ouml;jaksoissa.<\/p>\n<\/li>\n<li data-start=\"1214\" data-end=\"1426\">\n<p data-start=\"1216\" data-end=\"1426\"><strong data-start=\"1216\" data-end=\"1237\">Auringonvalossa luettavat<\/strong> <strong>n&auml;ytt&ouml;vaihtoehdot &ndash;<\/strong> Ulkona k&auml;ytett&auml;v&auml;t paneelit pit&auml;v&auml;t kojelaudat, lomakkeet ja kaaviot luettavina sekalaisessa valaistuksessa; kosketusasetukset tukevat tietyiss&auml; malleissa k&auml;sineiden k&auml;ytt&ouml;&auml; tarkkaa kentt&auml;sy&ouml;tt&ouml;&auml; varten.<\/p>\n<\/li>\n<li data-start=\"1427\" data-end=\"1613\">\n<p data-start=\"1429\" data-end=\"1613\"><strong data-start=\"1429\" data-end=\"1443\">Reagoiva suorituskyky &ndash;<\/strong> Business-luokan moniydinprosessorit ja nopea NVMe-tallennus pit&auml;v&auml;t diagnostiikan, et&auml;tuen, CAD-n&auml;kymien ja toimistosovellusten toiminnan sujuvana kaikissa ty&ouml;vuoroissa.<\/p>\n<\/li>\n<li data-start=\"1614\" data-end=\"1789\">\n<p data-start=\"1616\" data-end=\"1789\"><strong data-start=\"1616\" data-end=\"1631\">P&auml;ivitett&auml;viss&auml; oleva rakenne &ndash;<\/strong> Muisti- ja tallennustilojen k&auml;ytett&auml;viss&auml; olevat paikat pident&auml;v&auml;t elinkaaren arvoa, ja IT-osastot voivat muuttaa kokoonpanoja oikean kokoisiksi tai vaihtaa osia nopeasti, jotta yksik&ouml;t pysyv&auml;t k&auml;yt&ouml;ss&auml;.<\/p>\n<\/li>\n<li data-start=\"1790\" data-end=\"1977\">\n<p data-start=\"1792\" data-end=\"1977\"><strong data-start=\"1792\" data-end=\"1802\">Nykyaikainen<\/strong> <strong>liitett&auml;vyys &ndash;<\/strong> Luotettava Wi-Fi ja Bluetooth paikan p&auml;&auml;ll&auml; suoritettavia teht&auml;vi&auml; varten, sek&auml; valinnaiset mobiililaajakaista- ja GNSS-yhteydet, jotka yll&auml;pit&auml;v&auml;t tiedonsiirtoa ja sijaintitarkkuutta my&ouml;s muualla kuin kiinteiss&auml; verkoissa.<\/p>\n<\/li>\n<li data-start=\"1978\" data-end=\"2178\">\n<p data-start=\"1980\" data-end=\"2178\"><strong data-start=\"1980\" data-end=\"1994\">Nopea<\/strong> <strong>I\/O ja telakointi &ndash;<\/strong> Runsas porttivalikoima ja rugged p&ouml;yt&auml;- ja ajoneuvotelakat tehostavat latausta, oheislaitteiden k&auml;ytt&ouml;&auml; (tulostimet, skannerit, instrumentit) ja nopeaa vaihtoa kent&auml;n ja toimiston v&auml;lill&auml;.<\/p>\n<\/li>\n<li data-start=\"2179\" data-end=\"2378\">\n<p data-start=\"2181\" data-end=\"2378\"><strong>Yritysturvallisuus ja hallittavuus &ndash;<\/strong> Laitteistolla tuettu suojaus ja useat todennusvaihtoehdot vastaavat yritysk&auml;yt&auml;nt&ouml;j&auml;; johdonmukainen kuvantaminen pit&auml;&auml; k&auml;ytt&ouml;&ouml;notot yhten&auml;isin&auml; eri tiimeiss&auml;.<\/p>\n<\/li>\n<li data-start=\"2379\" data-end=\"2578\">\n<p data-start=\"2381\" data-end=\"2578\"><strong data-start=\"2381\" data-end=\"2396\">Huollettavissa oleva<\/strong> <strong>ulkoasu &ndash;<\/strong> Ty&ouml;kalujen ulottuvilla olevat komponentit ja modulaariset akut v&auml;hent&auml;v&auml;t k&auml;ytt&ouml;katkoksia; kent&auml;ll&auml; vaihdettavat osat tukevat ennakoitavissa olevia kokonaiskustannuksia verrattuna suljettuihin kuluttajalaitteisiin.<\/p>\n<\/li>\n<li data-start=\"2579\" data-end=\"2767\">\n<p data-start=\"2581\" data-end=\"2767\"><strong data-start=\"2581\" data-end=\"2594\">Lis&auml;varusteiden<\/strong> <strong>ekosysteemi &ndash;<\/strong> kantoratkaisut, vara-akut, laturit ja tiedonkeruun lis&auml;laitteet r&auml;&auml;t&auml;l&ouml;iv&auml;t laptopin jokaiseen rooliin &ndash; teknikoista ja tarkastajista esimiehiin ja l&auml;hetyst&ouml;ihin.<\/p>\n<\/li>\n<\/ul><h2 data-start=\"2769\" data-end=\"2825\">Dell Latitude 7424 Rugged Extreme -mallin t&auml;rkeimm&auml;t edut<\/h2><h3 data-start=\"2827\" data-end=\"2866\">Rakennettu vaativimpiin ymp&auml;rist&ouml;ihin<\/h3><p data-start=\"2867\" data-end=\"3064\">Fully Rugged rakenne kest&auml;&auml; t&auml;rin&auml;&auml;, p&ouml;ly&auml;, kosteutta ja putoamisia, jotka ovat yleisi&auml; ajoneuvojen kiinnityksess&auml; ja usein tapahtuvissa ty&ouml;maiden v&auml;lisiss&auml; siirroissa, mik&auml; auttaa miehist&ouml;j&auml; pysym&auml;&auml;n tuottavina ja v&auml;hent&auml;m&auml;&auml;n laitteeseen liittyvi&auml; keskeytyksi&auml;.<\/p><h3 data-start=\"3066\" data-end=\"3106\">Laptopin ergonomia, joustavuus kent&auml;ll&auml;<\/h3><p data-start=\"3107\" data-end=\"3307\">Valoisa <strong data-start=\"3116\" data-end=\"3127\">Windows-ty&ouml;tila<\/strong>, tunton&auml;pp&auml;imist&ouml; ja tarkka sy&ouml;tt&ouml; v&auml;hent&auml;v&auml;t virheit&auml;, kun suunnitelmia tarkastellaan ja tietoja sy&ouml;tet&auml;&auml;n ahtaissa tiloissa tai sekalaisessa valaistuksessa ty&ouml;p&ouml;yd&auml;ll&auml;, ohjaamossa tai ty&ouml;maalla.<\/p><h3 data-start=\"3309\" data-end=\"3343\">Tehoa, joka kest&auml;&auml; koko p&auml;iv&auml;n<\/h3><p data-start=\"3344\" data-end=\"3532\">Joustavat akkuvaihtoehdot &ndash; mukaan lukien vaihdettavat pakkaukset tietyiss&auml; kokoonpanoissa &ndash; auttavat yll&auml;pit&auml;m&auml;&auml;n sovellusistuntoja ty&ouml;vuorojen vaihtuessa ja pidempien puhelujen aikana, jolloin uudelleenk&auml;ynnistykset ja menetetty ty&ouml; j&auml;&auml;v&auml;t minimiin.<\/p><h3 data-start=\"3534\" data-end=\"3573\">Saumaton liitett&auml;vyys ja tiedonkulku<\/h3><p data-start=\"3574\" data-end=\"3790\">Vahvat langattomat vaihtoehdot ja ajoneuvon tai ty&ouml;p&ouml;yd&auml;n telakointi pit&auml;v&auml;t liput, lokit, valokuvat ja todisteet synkronoituna taustalla. Esimiehet n&auml;kev&auml;t ajantasaiset p&auml;ivitykset, kun tiimit liikkuvat toimiston, ajoneuvojen ja et&auml;paikkojen v&auml;lill&auml;.<\/p><h3 data-start=\"3792\" data-end=\"3812\">Valmis laivastoille<\/h3><p data-start=\"3813\" data-end=\"4026\">Johdonmukainen kuvantaminen, turvallinen todennus ja nopea huoltok&auml;ytt&ouml; alentavat kokonaiskustannuksia. IT-yksikk&ouml; voi vakioida k&auml;ytt&ouml;&ouml;noton, vaihtaa osia nopeasti ja pit&auml;&auml; kriittiset yksik&ouml;t vuorotteluvuorossa mahdollisimman v&auml;h&auml;n h&auml;iri&ouml;it&auml; aiheuttaen.<\/p><h2 data-start=\"4028\" data-end=\"4046\">Ihanteelliset k&auml;ytt&ouml;tapaukset<\/h2><ul data-start=\"4047\" data-end=\"4726\">\n<li data-start=\"4047\" data-end=\"4189\">\n<p data-start=\"4049\" data-end=\"4189\"><strong data-start=\"4049\" data-end=\"4079\">Julkinen turvallisuus ja julkishallinto &ndash;<\/strong> Raporttien kirjoittaminen, CAD\/AVL-k&auml;ytt&ouml;oikeus, todisteiden k&auml;sittely ja turvallinen viestint&auml; ajoneuvoissa ja asemilla.<\/p>\n<\/li>\n<li data-start=\"4190\" data-end=\"4333\">\n<p data-start=\"4192\" data-end=\"4333\"><strong data-start=\"4192\" data-end=\"4221\">Kentt&auml;huolto ja yleishy&ouml;dylliset palvelut &ndash;<\/strong> Varojen diagnostiikka, konfigurointi ja ty&ouml;m&auml;&auml;r&auml;ysten p&auml;ivitykset kaapeissa, pylv&auml;iss&auml;, s&auml;hk&ouml;asemilla ja et&auml;paikoissa.<\/p>\n<\/li>\n<li data-start=\"4334\" data-end=\"4454\">\n<p data-start=\"4336\" data-end=\"4454\"><strong data-start=\"4336\" data-end=\"4366\">Teollisuus ja teollisuus &ndash;<\/strong> HMI-k&auml;ytt&ouml;liittym&auml;, WIP-seuranta, huoltomenettelyt ja laatutarkastukset l&auml;hell&auml; linjaa.<\/p>\n<\/li>\n<li data-start=\"4455\" data-end=\"4586\">\n<p data-start=\"4457\" data-end=\"4586\"><strong data-start=\"4457\" data-end=\"4487\">Kuljetus ja logistiikka &ndash;<\/strong> telakan koordinointi, reititys, varastojen t&auml;sm&auml;ytys ja etikettien\/asiakirjojen k&auml;sittely liikkeess&auml;.<\/p>\n<\/li>\n<li data-start=\"4587\" data-end=\"4726\">\n<p data-start=\"4589\" data-end=\"4726\"><strong data-start=\"4589\" data-end=\"4614\">Energia ja rakentaminen &ndash;<\/strong> Suunnitelmakatselmus, katselmustiedot, puutelistat ja ty&ouml;maan dokumentointi, kun p&ouml;ly, t&auml;rin&auml; ja s&auml;&auml; ovat rutiininomaisia.<\/p>\n<\/li>\n<\/ul><h2 data-start=\"4728\" data-end=\"4792\">Dell Latitude 7424 Rugged Extreme -tuotteen tuotevertailut<\/h2><ul data-start=\"4793\" data-end=\"5386\">\n<li data-start=\"4793\" data-end=\"5006\">\n<p data-start=\"4795\" data-end=\"5006\"><a href=\"https:\/\/micronordic.com\/product\/getac-b360-g2-fully-rugged-laptop\/\"><strong data-start=\"4795\" data-end=\"4809\">Getac B360<\/strong><\/a> &ndash; <strong data-start=\"4819\" data-end=\"4827\">Valitse B360<\/strong>, kun tarvitaan maksimaalista rugged kest&auml;vyytt&auml; ja perinteist&auml; simpukkakoteloa; valitse <strong data-start=\"4911\" data-end=\"4948\">Dell Latitude 7424 Rugged Extreme, jos haluat<\/strong> Dellin ekosysteemin mukauttamisen ja vahvan huollettavuuden.<\/p>\n<\/li>\n<li data-start=\"5007\" data-end=\"5211\">\n<p data-start=\"5009\" data-end=\"5211\"><a href=\"https:\/\/micronordic.com\/product\/panasonic-toughbook-fz-55\/\"><strong data-start=\"5009\" data-end=\"5035\">Panasonic Toughbook 55<\/strong><\/a><strong data-start=\"5043\" data-end=\"5059\">Valitse Toughbook<\/strong> 55, jos modulaarisen lokeron laajentaminen on t&auml;rke&auml;&auml;; valitse <strong data-start=\"5105\" data-end=\"5142\">Dell Latitude 7424 Rugged Extreme, jos haluat<\/strong> tutun Dellin hallintapinon ja suoraviivaiset p&auml;ivitykset.<\/p>\n<\/li>\n<li data-start=\"5212\" data-end=\"5386\">\n<p data-start=\"5214\" data-end=\"5386\"><a href=\"https:\/\/micronordic.com\/product\/getac-s410-g5-semi-rugged-notebook\/\"><strong data-start=\"5214\" data-end=\"5231\">Getac S410 G5<\/strong><\/a><strong data-start=\"5241\" data-end=\"5252\">Valitse S410<\/strong> G5, jos haluat Semi-Rugged, kevyemm&auml;n kantamisen vaihtoehdon; valitse Dell <strong data-start=\"5301\" data-end=\"5338\">Latitude 7424 Rugged Extreme, jos<\/strong> t&auml;ysin kest&auml;v&auml; kest&auml;vyys on ehdoton.<\/p>\n<\/li>\n<\/ul>\n","protected":false},"excerpt":{"rendered":"<h3>Tekniset tiedot:<\/h3>\n<ul>\n<li><strong>N\u00e4ytt\u00f6:<\/strong> Kosketusvalinnat (k\u00e4sineit\u00e4 voidaan k\u00e4ytt\u00e4\u00e4 valituissa kokoonpanoissa).<\/li>\n<li><strong>Prosessori:<\/strong> Intel\u00ae Core\u2122 -alusta (mallikohtainen).<\/li>\n<li><strong>Grafiikka:<\/strong> Integroitu; erilliset vaihtoehdot valituissa kokoonpanoissa.<\/li>\n<li><strong>Muisti: 8 Gt<\/strong> DDR4; p\u00e4ivitett\u00e4viss\u00e4 64 Gt:ksi<\/li>\n<li><strong>Tallennustila: 256 NVMe<\/strong> SSD-levy\u00e4; p\u00e4ivitett\u00e4viss\u00e4 2 TB:ksi<\/li>\n<li><strong>Liitett\u00e4vyys:<\/strong> Wi-Fi, Bluetooth; valinnainen WWAN ja GNSS; p\u00f6yt\u00e4-\/ajoneuvotelakointi; monipuolinen I\/O (USB, HDMI\/DisplayPort, Ethernet).<\/li>\n<li><strong>Rugged sertifioinnit:<\/strong> Fully Rugged design with MIL-STD-testaus ja sis\u00e4\u00e4np\u00e4\u00e4sysuojaus (riippuu mallista).<\/li>\n<li><strong>Tietoturva: Laitteistokohtainen<\/strong> suojaus ja yrityksen todennusvaihtoehdot.<\/li>\n<li><strong>Akku:<\/strong> Vaihdettavissa valituissa kokoonpanoissa.<\/li>\n<li><strong>Mitat ja paino:<\/strong> (vaihtelee kokoonpanon mukaan).<\/li>\n<li><strong>Takuu: 12 kuukauden<\/strong> takuu Micro Nordicilta.<\/li>\n<\/ul>\n","protected":false},"author":16,"featured_media":99719,"template":"","meta":{"_acf_changed":false,"inline_featured_image":false},"product-condition":[5268],"product_brand":[8945],"product_cat":[5125,5128],"product_tag":[],"class_list":{"0":"post-47572","1":"product","2":"type-product","3":"status-publish","4":"has-post-thumbnail","6":"product-condition-pre-owned","7":"product_brand-dell","8":"product_cat-dell-rugged","9":"product_cat-all-rugged-laptops","11":"first","12":"instock","13":"taxable","14":"shipping-taxable","15":"purchasable","16":"product-type-simple"},"acf":[],"_links":{"self":[{"href":"https:\/\/micronordic.com\/fi\/wp-json\/wp\/v2\/product\/47572","targetHints":{"allow":["GET"]}}],"collection":[{"href":"https:\/\/micronordic.com\/fi\/wp-json\/wp\/v2\/product"}],"about":[{"href":"https:\/\/micronordic.com\/fi\/wp-json\/wp\/v2\/types\/product"}],"author":[{"embeddable":true,"href":"https:\/\/micronordic.com\/fi\/wp-json\/wp\/v2\/users\/16"}],"version-history":[{"count":5,"href":"https:\/\/micronordic.com\/fi\/wp-json\/wp\/v2\/product\/47572\/revisions"}],"predecessor-version":[{"id":98827,"href":"https:\/\/micronordic.com\/fi\/wp-json\/wp\/v2\/product\/47572\/revisions\/98827"}],"wp:featuredmedia":[{"embeddable":true,"href":"https:\/\/micronordic.com\/fi\/wp-json\/wp\/v2\/media\/99719"}],"wp:attachment":[{"href":"https:\/\/micronordic.com\/fi\/wp-json\/wp\/v2\/media?parent=47572"}],"wp:term":[{"taxonomy":"product-condition","embeddable":true,"href":"https:\/\/micronordic.com\/fi\/wp-json\/wp\/v2\/product-condition?post=47572"},{"taxonomy":"product_brand","embeddable":true,"href":"https:\/\/micronordic.com\/fi\/wp-json\/wp\/v2\/product_brand?post=47572"},{"taxonomy":"product_cat","embeddable":true,"href":"https:\/\/micronordic.com\/fi\/wp-json\/wp\/v2\/product_cat?post=47572"},{"taxonomy":"product_tag","embeddable":true,"href":"https:\/\/micronordic.com\/fi\/wp-json\/wp\/v2\/product_tag?post=47572"}],"curies":[{"name":"wp","href":"https:\/\/api.w.org\/{rel}","templated":true}]}}