{"id":47566,"date":"2020-10-06T15:08:51","date_gmt":"2020-10-06T13:08:51","guid":{"rendered":"https:\/\/micronordic.com\/product\/honeywell-granit-1981i-bt-telineella-uusi\/"},"modified":"2025-11-18T18:11:20","modified_gmt":"2025-11-18T17:11:20","slug":"honeywell-granit-1981i-bt-w-cradle","status":"publish","type":"product","link":"https:\/\/micronordic.com\/fi\/product\/honeywell-granit-1981i-bt-w-cradle\/","title":{"rendered":"Honeywell Granit &#8211; 1981i &#8211; BT &#8211; Telineell\u00e4 (UUSI)"},"content":{"rendered":"<?xml encoding=\"utf-8\" ?><h2 data-start=\"0\" data-end=\"53\">Honeywell Intermec Granit 1981i &ndash; BT &ndash; Telineell&auml; varustettuna<\/h2><p data-start=\"55\" data-end=\"679\"><strong data-start=\"59\" data-end=\"94\">Honeywell Intermec Granit 1981i &ndash;<\/strong> BT &ndash; With Cradle on pitk&auml;n kantaman, t&auml;ysin teollinen <strong data-start=\"148\" data-end=\"161\">Bluetooth-viivakoodiskanneri<\/strong>, joka on suunniteltu korkean l&auml;pimenotehon ker&auml;&auml;miseen varastoissa, jakelukeskuksissa ja tuotantolaitoksissa. Granit-alustaan perustuva laite yhdist&auml;&auml; rugged rakenteen ja laajennetun kantaman aluekuvantimen, joka lukee sek&auml; l&auml;helt&auml; ett&auml; kaukaa tulevat hyllytarrat, joten operaattorit k&auml;ytt&auml;v&auml;t v&auml;hemm&auml;n aikaa laitteiden uudelleenasetteluun ja enemm&auml;n aikaa tuotteiden siirt&auml;miseen. T&auml;m&auml; kokoonpano sis&auml;lt&auml;&auml; <strong data-start=\"540\" data-end=\"573\">Charge &amp; Communication Cradle &ndash;<\/strong> lataustelineen <strong data-start=\"540\" data-end=\"573\">, joka mahdollistaa<\/strong> latauksen, luotettavan langattoman pariliitoksen ja siistin kaapelinhallinnan penkkien ja ajoneuvojen kiinnityspisteiss&auml;.  <\/p><p data-start=\"681\" data-end=\"935\">Honeywell <strong data-start=\"779\" data-end=\"814\">Intermec Granit 1981i tarjoaa langatonta<\/strong> liikkuvuutta, teollista selviytymiskyky&auml; ja kalustoyst&auml;v&auml;llist&auml; asennusta, jotta linjat pysyv&auml;t sujuvina ruuhkahuippujen aikana, riippumatta siit&auml;, standardoitko telakoita ja k&auml;yt&auml;vi&auml; vai varustatko siirrett&auml;vi&auml; k&auml;rryj&auml; ja trukkeja.<\/p><p data-start=\"681\" data-end=\"935\"><strong>Uusilla tuotteilla on 2 vuoden valmistajan takuu.<\/strong><\/p><h2 data-start=\"937\" data-end=\"1010\">Honeywell Intermec Granit 1981i &ndash; BT &ndash; Cradle -laitteen t&auml;rkeimm&auml;t ominaisuudet<\/h2><ul data-start=\"1011\" data-end=\"2441\">\n<li data-start=\"1011\" data-end=\"1198\">\n<p data-start=\"1013\" data-end=\"1198\"><strong data-start=\"1013\" data-end=\"1025\">Langaton<\/strong> <strong>k&auml;ytt&ouml; &ndash;<\/strong> Bluetooth-yhteys ja mukana toimitettu teline mahdollistavat vapaan liikkumisen hyllyjen ja kuormalavojen ymp&auml;rill&auml; ja samalla vakaan tiedonsiirtoyhteyden ja helpon latauksen.<\/p>\n<\/li>\n<li data-start=\"1199\" data-end=\"1380\">\n<p data-start=\"1201\" data-end=\"1380\"><strong data-start=\"1201\" data-end=\"1215\">Pitk&auml;n kantaman<\/strong> <strong>kuvantaminen &ndash;<\/strong> Laajennettu alueellinen kuvantamislaite tallentaa 1D\/2D-viivakoodit l&auml;helt&auml; kosketusta korkeisiin hyllyihin, mik&auml; v&auml;hent&auml;&auml; matkoja ja laitteiden irrotuksia poisviennin ja poiminnan aikana.<\/p>\n<\/li>\n<li data-start=\"1381\" data-end=\"1542\">\n<p data-start=\"1383\" data-end=\"1542\"><strong data-start=\"1383\" data-end=\"1393\">Rugged<\/strong> <strong>rakenne &ndash;<\/strong> Teollisuuskotelo kest&auml;&auml; p&ouml;ly&auml;, kosteutta, t&auml;rin&auml;&auml; ja toistuvia iskuja, joten se kest&auml;&auml; todelliset varasto- ja tehdasolosuhteet.<\/p>\n<\/li>\n<li data-start=\"1543\" data-end=\"1709\">\n<p data-start=\"1545\" data-end=\"1709\"><strong data-start=\"1545\" data-end=\"1563\">Korkean toleranssin<\/strong> <strong>dekoodaus &ndash;<\/strong> lukee kuluneet, matalakontrastiset, kaarevat tai kutistek&auml;&auml;reisiin pakatut etiketit, jolloin minimoidaan uudelleenkuvaukset ja pullonkaulat vastaanotto-, pakkaus- ja laadunvalvontapisteiss&auml;.<\/p>\n<\/li>\n<li data-start=\"1710\" data-end=\"1864\">\n<p data-start=\"1712\" data-end=\"1864\"><strong data-start=\"1712\" data-end=\"1732\">K&auml;ytt&auml;j&auml;keskeinen<\/strong> <strong>ergonomia &ndash;<\/strong> Tasapainoinen ote, herkk&auml; liipaisin ja selke&auml; t&auml;ht&auml;ys\/palaute v&auml;hent&auml;v&auml;t v&auml;symyst&auml; ja nopeuttavat kausity&ouml;ntekij&ouml;iden sis&auml;&auml;najoa.<\/p>\n<\/li>\n<li data-start=\"1865\" data-end=\"2035\">\n<p data-start=\"1867\" data-end=\"2035\">Lataus <strong>&ndash; ja<\/strong> tiedonsiirtoteline tukee nopeaa pariliitosta, p&ouml;yt&auml;- tai sein&auml;asennusta ja puhtaita kaapeleita virtaviivaista monivuorok&auml;ytt&ouml;&auml; varten.<\/p>\n<\/li>\n<li data-start=\"2036\" data-end=\"2186\">\n<p data-start=\"2038\" data-end=\"2186\"><strong data-start=\"2038\" data-end=\"2050\">Joustava<\/strong> <strong>integrointi &ndash;<\/strong> Toimii yleisten WMS\/ERP\/POS-j&auml;rjestelmien kanssa; standardoidut profiilit antavat IT:lle mahdollisuuden ottaa k&auml;ytt&ouml;&ouml;n yhdenmukaiset asetukset eri toimipisteiss&auml; ja ty&ouml;vuoroissa.<\/p>\n<\/li>\n<li data-start=\"2187\" data-end=\"2329\">\n<p data-start=\"2189\" data-end=\"2329\"><strong data-start=\"2189\" data-end=\"2204\">Huoltokelpoinen<\/strong> <strong>rakenne &ndash;<\/strong> Vaihdettavat kulutusosat ja helposti saatavilla oleva akku pident&auml;v&auml;t laitteen elinkaarta ja pit&auml;v&auml;t kokonaiskustannukset ennustettavina.<\/p>\n<\/li>\n<li data-start=\"2330\" data-end=\"2441\">\n<p data-start=\"2332\" data-end=\"2441\"><strong data-start=\"2332\" data-end=\"2350\">Auditiivinen\/n&auml;kyv&auml;<\/strong> <strong>palaute &ndash;<\/strong> &auml;&auml;nimerkki&auml;&auml;net ja tilailmaisimet vahvistavat hyv&auml;n lukeman &auml;&auml;nekk&auml;iss&auml; ja kirkkaissa ymp&auml;rist&ouml;iss&auml;.<\/p>\n<\/li>\n<\/ul><h2 data-start=\"2443\" data-end=\"2516\">Honeywell Intermec Granit 1981i &ndash; BT &ndash; Cradle -laitteen t&auml;rkeimm&auml;t edut<\/h2><h3 data-start=\"2518\" data-end=\"2561\">Rakennettu vaativiin teollisuusymp&auml;rist&ouml;ihin<\/h3><p data-start=\"2562\" data-end=\"2714\">Vahvistettu kotelo kest&auml;&auml; p&ouml;ly&auml;, kosteutta, t&auml;rin&auml;&auml; ja iskuja, jotta tiimit pysyv&auml;t tuottavina varastoissa, telakoilla ja tuotantolinjoilla.<\/p><h3 data-start=\"2716\" data-end=\"2747\">Laajempi ulottuvuus, v&auml;hemm&auml;n vaiheita<\/h3><p data-start=\"2748\" data-end=\"2920\">Pitk&auml;n kantaman kuvantaminen tallentaa etiketit l&auml;helt&auml; korkeisiin hyllyihin, mik&auml; v&auml;hent&auml;&auml; tarpeetonta k&auml;vely&auml;, poimijoiden uudelleensijoittamista ja laitteiden purkamista &ndash; mik&auml; parantaa l&auml;pimenoa ja turvallisuutta.<\/p><h3 data-start=\"2922\" data-end=\"2958\">Liikkuvuus ja luotettava telakointi<\/h3><p data-start=\"2959\" data-end=\"3113\">Langaton skannaus ja oma teline pit&auml;v&auml;t akut t&auml;ynn&auml; ja pariliitokset yhten&auml;isin&auml;, mik&auml; helpottaa vaihtoja yhteisiss&auml; ty&ouml;asemissa ja ajoneuvoissa.<\/p><h3 data-start=\"3115\" data-end=\"3145\">Pienempi toiminnallinen kitka<\/h3><p data-start=\"3146\" data-end=\"3278\">Drop-in-lataus, standardoidut profiilit ja vankat lis&auml;varusteet tekev&auml;t k&auml;ytt&ouml;&ouml;notosta ja yll&auml;pidosta helppoa IT- ja valvontaviranomaisille.<\/p><h3 data-start=\"3280\" data-end=\"3313\">Nopeampi harjoittelu, v&auml;hemm&auml;n v&auml;symyst&auml;<\/h3><p data-start=\"3314\" data-end=\"3446\">Selke&auml;t t&auml;ht&auml;ys- ja palautevihjeet sek&auml; tuttu ergonomia lyhent&auml;v&auml;t k&auml;ytt&ouml;&ouml;nottoaikaa ja v&auml;hent&auml;v&auml;t k&auml;ytt&auml;j&auml;n rasitusta suurten ty&ouml;vuorojen aikana.<\/p><h2 data-start=\"3448\" data-end=\"3466\">Ihanteelliset k&auml;ytt&ouml;tapaukset<\/h2><ul data-start=\"3467\" data-end=\"4057\">\n<li data-start=\"3467\" data-end=\"3606\">\n<p data-start=\"3469\" data-end=\"3606\"><strong data-start=\"3469\" data-end=\"3497\">Varasto ja jakelu &ndash;<\/strong> Pitk&auml;n kantaman hyllytarrojen skannaus, joka mahdollistaa pakkaamisen, poiminnan, syklin laskennan ja nopean k&auml;sittelyn pakkauspisteiss&auml;.<\/p>\n<\/li>\n<li data-start=\"3607\" data-end=\"3735\">\n<p data-start=\"3609\" data-end=\"3735\"><strong data-start=\"3609\" data-end=\"3639\">Teollisuus ja teollisuus &ndash;<\/strong> Linjapuolen WIP-tiedonkeruu, osien todentaminen ja QA-tarkastuspisteet p&ouml;lyisiss&auml; ja meluisissa ymp&auml;rist&ouml;iss&auml;.<\/p>\n<\/li>\n<li data-start=\"3736\" data-end=\"3851\">\n<p data-start=\"3738\" data-end=\"3851\"><strong data-start=\"3738\" data-end=\"3763\">Kuljetus ja logistiikka &ndash;<\/strong> Cross-dock-kaistat, pakettien lajittelu, saapuvien ja l&auml;htevien l&auml;hetysten tarkastaminen tiukkojen SLA-aikataulujen mukaisesti.<\/p>\n<\/li>\n<li data-start=\"3852\" data-end=\"3954\">\n<p data-start=\"3854\" data-end=\"3954\"><strong data-start=\"3854\" data-end=\"3878\">Retail Back-of-House &ndash;<\/strong> Vastaanotto ja varastonvalvonta, jossa kest&auml;vyys ja liikkuvuus ovat kriittisi&auml;.<\/p>\n<\/li>\n<li data-start=\"3955\" data-end=\"4057\">\n<p data-start=\"3957\" data-end=\"4057\"><strong data-start=\"3957\" data-end=\"3981\">Kentt&auml;huoltovarastot &ndash;<\/strong> Vastaanotto, korjausten seuranta ja omaisuuserien merkitseminen tiskeill&auml; ja siirrett&auml;viss&auml; k&auml;rryiss&auml;.<\/p>\n<\/li>\n<\/ul><h2 data-start=\"4059\" data-end=\"4140\">Honeywell Intermec Granit 1981i &ndash; BT &ndash; With Cradle &ndash; tuotevertailut Honeywell Intermec Granit 1981i &ndash; BT &ndash; With Cradle &ndash; puhelintelineell&auml;<\/h2><ul data-start=\"4141\" data-end=\"4658\">\n<li data-start=\"4141\" data-end=\"4313\">\n<p data-start=\"4143\" data-end=\"4313\"><a href=\"https:\/\/micronordic.com\/product\/honeywell-granit-1980i-cable-ex-stand\/\"><strong data-start=\"4143\" data-end=\"4178\">Honeywell Intermec Granit 1980i<\/strong> <\/a>&ndash; <strong data-start=\"4188\" data-end=\"4197\">Valitse 1980i<\/strong>, jos haluat langallisen pitk&auml;n kantaman luotettavuuden kiinteiss&auml; asemissa; valitse <strong data-start=\"4258\" data-end=\"4274\">Granit 1981i, jos haluat<\/strong> langatonta liikkuvuutta telineen avulla.<\/p>\n<\/li>\n<li data-start=\"4314\" data-end=\"4481\">\n<p data-start=\"4316\" data-end=\"4481\"><a href=\"https:\/\/micronordic.com\/product\/honeywell-granit-1911i-ig-cordless-w-base\/\"><strong data-start=\"4316\" data-end=\"4354\">Honeywell Intermec Granit 1911i IG<\/strong><\/a> &ndash; <strong data-start=\"4362\" data-end=\"4374\">Valitse 1911i<\/strong> IG vankkaan langattomaan skannaukseen vakioet&auml;isyyksill&auml;; valitse <strong data-start=\"4429\" data-end=\"4445\">Granit 1981i, jos haluat<\/strong> laajemman ulottuvuuden korkeisiin hyllyihin.<\/p>\n<\/li>\n<li data-start=\"4482\" data-end=\"4658\">\n<p data-start=\"4484\" data-end=\"4658\"><a href=\"https:\/\/micronordic.com\/product\/honeywell-xenon-xp-1952g-cable-w-stand\/\"><strong data-start=\"4484\" data-end=\"4509\">Honeywell Xenon 1952g<\/strong><\/a> &ndash; <strong data-start=\"4519\" data-end=\"4534\">Valitse Xenon 1952g<\/strong> v&auml;hitt&auml;iskaupan\/kevyen teollisuuden langattomiin teht&auml;viin; valitse <strong data-start=\"4586\" data-end=\"4602\">Granit 1981i<\/strong> raskaampaan <strong data-start=\"4586\" data-end=\"4602\">rakentamiseen<\/strong> ja pitk&auml;n kantaman ty&ouml;teht <strong data-start=\"4586\" data-end=\"4602\">&auml;viin<\/strong>.<\/p>\n<\/li>\n<\/ul>\n","protected":false},"excerpt":{"rendered":"<h3>Tekniset tiedot:<\/h3>\n<ul>\n<li><strong>Liitett\u00e4vyys:<\/strong> langaton Bluetooth; sis\u00e4lt\u00e4\u00e4 lataus- ja viestint\u00e4telineen pariliitoksen muodostamista, dataa ja latausta varten.<\/li>\n<li><strong>Rugged sertifioinnit:<\/strong> Teollisuuskotelo on suunniteltu iskun-, p\u00f6lyn-, kosteuden- ja t\u00e4rin\u00e4nkest\u00e4vyyteen.<\/li>\n<li><strong>Turvallisuus:<\/strong> Bluetooth-pariliitoksen\/autentikoinnin tavanomaiset tilat<\/li>\n<li><strong>Akku:<\/strong> ladattava akku, joka on suunniteltu monivuorok\u00e4ytt\u00f6\u00f6n; lataus mukana tulevan telineen kautta.<\/li>\n<li><strong>Mitat ja paino: K\u00e4dess\u00e4pidett\u00e4v\u00e4<\/strong> teollinen muoto (vaihtelee kokoonpanon mukaan).<\/li>\n<li><strong>Takuu: <\/strong>Takuu: Uusilla tuotteilla on 2 vuoden valmistajan takuu.<\/li>\n<\/ul>\n","protected":false},"author":16,"featured_media":96491,"template":"","meta":{"_acf_changed":false,"inline_featured_image":false},"product-condition":[5252],"product_brand":[8973],"product_cat":[5127,5130,5133],"product_tag":[4882],"class_list":{"0":"post-47566","1":"product","2":"type-product","3":"status-publish","4":"has-post-thumbnail","6":"product-condition-new-in-box","7":"product_brand-honeywell-intermec","8":"product_cat-honeywell-intermec","9":"product_cat-all-barcode-scanners","10":"product_cat-new-in-box-rugged-hardware","11":"product_tag-wrd-fi","13":"first","14":"instock","15":"taxable","16":"shipping-taxable","17":"purchasable","18":"product-type-simple"},"acf":[],"_links":{"self":[{"href":"https:\/\/micronordic.com\/fi\/wp-json\/wp\/v2\/product\/47566","targetHints":{"allow":["GET"]}}],"collection":[{"href":"https:\/\/micronordic.com\/fi\/wp-json\/wp\/v2\/product"}],"about":[{"href":"https:\/\/micronordic.com\/fi\/wp-json\/wp\/v2\/types\/product"}],"author":[{"embeddable":true,"href":"https:\/\/micronordic.com\/fi\/wp-json\/wp\/v2\/users\/16"}],"version-history":[{"count":3,"href":"https:\/\/micronordic.com\/fi\/wp-json\/wp\/v2\/product\/47566\/revisions"}],"predecessor-version":[{"id":98455,"href":"https:\/\/micronordic.com\/fi\/wp-json\/wp\/v2\/product\/47566\/revisions\/98455"}],"wp:featuredmedia":[{"embeddable":true,"href":"https:\/\/micronordic.com\/fi\/wp-json\/wp\/v2\/media\/96491"}],"wp:attachment":[{"href":"https:\/\/micronordic.com\/fi\/wp-json\/wp\/v2\/media?parent=47566"}],"wp:term":[{"taxonomy":"product-condition","embeddable":true,"href":"https:\/\/micronordic.com\/fi\/wp-json\/wp\/v2\/product-condition?post=47566"},{"taxonomy":"product_brand","embeddable":true,"href":"https:\/\/micronordic.com\/fi\/wp-json\/wp\/v2\/product_brand?post=47566"},{"taxonomy":"product_cat","embeddable":true,"href":"https:\/\/micronordic.com\/fi\/wp-json\/wp\/v2\/product_cat?post=47566"},{"taxonomy":"product_tag","embeddable":true,"href":"https:\/\/micronordic.com\/fi\/wp-json\/wp\/v2\/product_tag?post=47566"}],"curies":[{"name":"wp","href":"https:\/\/api.w.org\/{rel}","templated":true}]}}