{"id":47562,"date":"2020-10-06T15:08:51","date_gmt":"2020-10-06T13:08:51","guid":{"rendered":"https:\/\/micronordic.com\/product\/honeywell-granit-1910i-kaapeli-ex-jalusta-uusi\/"},"modified":"2025-11-18T18:22:00","modified_gmt":"2025-11-18T17:22:00","slug":"honeywell-granit-1910i-cable-ex-stand","status":"publish","type":"product","link":"https:\/\/micronordic.com\/fi\/product\/honeywell-granit-1910i-cable-ex-stand\/","title":{"rendered":"Honeywell Granit &#8211; 1910i &#8211; kaapeli &#8211; Ex. Jalusta (UUTUUS)"},"content":{"rendered":"<?xml encoding=\"utf-8\" ?><h2 data-start=\"0\" data-end=\"54\">Honeywell Intermec Honeywell Granit 1910i &ndash; kaapeli &ndash; Ex. Stand <\/h2><p data-start=\"56\" data-end=\"693\"><strong data-start=\"60\" data-end=\"95\">Honeywell Intermec Granit 1910i (<\/strong> kaapeli &ndash; ilman jalustaa) on johdollinen, teollisuusk&auml;ytt&ouml;&ouml;n tarkoitettu viivakoodinlukija, joka on suunniteltu nopeaan ja luotettavaan lukemiseen vaativissa ymp&auml;rist&ouml;iss&auml; &ndash; varastoissa, tuotantotiloissa, pihoilla ja huoltotiloissa. Honeywellin Granit-tuoteperheeseen kuuluva laite yhdist&auml;&auml; kest&auml;v&auml;n kotelon ja aluekuvantamismoottorin, joka lukee huonolaatuiset, matalakontrastiset ja kutistek&auml;&auml;rityt viivakoodit, joita esiintyy yleisesti todellisessa logistiikassa. T&auml;ss&auml; kokoonpanossa on kaapeli, jonka kautta virta ja data <strong data-start=\"502\" data-end=\"512\">kulkevat<\/strong> jatkuvasti <strong data-start=\"557\" data-end=\"577\">, eik&auml; siin&auml; ole jalustaa,<\/strong> joten se on helppo valinta kiinteisiin ty&ouml;pisteisiin, pakkauspenkkeihin ja linjanvarsiasemiin, koska se voidaan kytke&auml; ja skannata.  <\/p><p data-start=\"695\" data-end=\"913\"><strong data-start=\"751\" data-end=\"786\">Honeywell Intermec Granit 1910i tarjoaa<\/strong> ty&ouml;vuorojen ja asemien v&auml;lill&auml; vakioiville tiimeille kest&auml;v&auml;n rakenteen, johdonmukaisen dekoodauksen ja yksinkertaisen kaluston k&auml;ytt&ouml;&ouml;noton, mik&auml; v&auml;hent&auml;&auml; uudelleentunnistuksia, pullonkauloja ja laitteen k&auml;ytt&ouml;katkoksia.<\/p><p data-start=\"695\" data-end=\"913\"><strong>Uusilla tuotteilla on 2 vuoden valmistajan takuu.<\/strong><\/p><h2 data-start=\"915\" data-end=\"989\">Honeywell Intermec Granit 1910i &ndash; kaapeli &ndash; Ex. Stand <\/h2><ul data-start=\"990\" data-end=\"2268\">\n<li data-start=\"990\" data-end=\"1141\">\n<p data-start=\"992\" data-end=\"1141\"><strong>Johtok&auml;ytt&ouml; &ndash;<\/strong> Suora kaapeliyhteys tarjoaa jatkuvan virran ja vakaan tiedonsiirron &ndash; ihanteellinen kiinteille asemille, joissa k&auml;ytett&auml;vyydell&auml; ja yksinkertaisuudella on merkityst&auml;.<\/p>\n<\/li>\n<li data-start=\"1142\" data-end=\"1296\">\n<p data-start=\"1144\" data-end=\"1296\"><strong data-start=\"1144\" data-end=\"1154\">Rugged<\/strong> <strong>rakenne &ndash;<\/strong> Teollisuuskotelo kest&auml;&auml; p&ouml;ly&auml;, kosteutta, t&auml;rin&auml;&auml; ja jokap&auml;iv&auml;isi&auml; iskuja, jotta skannerit pysyv&auml;t toimintakykyisin&auml; kovissa k&auml;ytt&ouml;jaksoissa.<\/p>\n<\/li>\n<li data-start=\"1297\" data-end=\"1442\">\n<p data-start=\"1299\" data-end=\"1442\"><strong data-start=\"1299\" data-end=\"1319\">Tehokas<\/strong> <strong>kuvantaminen &ndash;<\/strong> aluekuvantamislaite purkaa 1D\/2D-viivakoodit nopeasti, vaikka tarrat olisivat kuluneita, matalakontrastisia, kaarevia tai kalvok&auml;&auml;reess&auml;.<\/p>\n<\/li>\n<li data-start=\"1443\" data-end=\"1586\">\n<p data-start=\"1445\" data-end=\"1586\"><strong data-start=\"1445\" data-end=\"1466\">K&auml;ytt&auml;j&auml;yst&auml;v&auml;llinen<\/strong> <strong>ergonomia &ndash;<\/strong> Tasapainoinen ote, ter&auml;v&auml; liipaisin ja selke&auml; t&auml;ht&auml;ys\/palautus v&auml;hent&auml;v&auml;t v&auml;symyst&auml; ja nopeuttavat toistuvaa skannausta.<\/p>\n<\/li>\n<li data-start=\"1587\" data-end=\"1720\">\n<p data-start=\"1589\" data-end=\"1720\"><strong data-start=\"1589\" data-end=\"1601\">Ty&ouml;nkulun<\/strong> <strong>tehokkuus &ndash;<\/strong> V&auml;lit&ouml;n toimintavalmius ja se, ettei paristoja tarvitse hallita, tekev&auml;t siit&auml; t&auml;ydellisen penkkien, kuljettimien ja vastaanottokaistojen k&auml;ytt&ouml;&ouml;n.<\/p>\n<\/li>\n<li data-start=\"1721\" data-end=\"1868\">\n<p data-start=\"1723\" data-end=\"1868\"><strong data-start=\"1723\" data-end=\"1735\">Joustava<\/strong> <strong>liitett&auml;vyys &ndash;<\/strong> Toimii yleisten POS-, WMS- ja ERP-j&auml;rjestelmien kanssa; suoraviivaiset profiilit antavat IT-osastoille mahdollisuuden ottaa k&auml;ytt&ouml;&ouml;n yhdenmukaiset asetukset eri toimipisteiss&auml;.<\/p>\n<\/li>\n<li data-start=\"1869\" data-end=\"2003\">\n<p data-start=\"1871\" data-end=\"2003\"><strong data-start=\"1871\" data-end=\"1886\">Huoltokelpoinen<\/strong> <strong>rakenne &ndash;<\/strong> Helposti saatavilla olevat kulutusosat ja vankat kaapelit auttavat pident&auml;m&auml;&auml;n elinkaarta ja pit&auml;m&auml;&auml;n kokonaiskustannukset ennustettavina.<\/p>\n<\/li>\n<li data-start=\"2004\" data-end=\"2139\">\n<p data-start=\"2006\" data-end=\"2139\"><strong data-start=\"2006\" data-end=\"2024\">Auditiivinen\/n&auml;kyv&auml;<\/strong> <strong>vahvistus &ndash;<\/strong> &auml;&auml;nimerkki ja tilailmaisimet vahvistavat hyv&auml;t lukemat meluisissa tai kirkkaissa ymp&auml;rist&ouml;iss&auml;, mik&auml; v&auml;hent&auml;&auml; uudelleenkuvausten m&auml;&auml;r&auml;&auml;.<\/p>\n<\/li>\n<li data-start=\"2140\" data-end=\"2268\">\n<p data-start=\"2142\" data-end=\"2268\"><strong>Kiinnitysvaihtoehdot &ndash;<\/strong> Yhteensopiva esitystyylisen skannauksen lis&auml;varusteiden kanssa (jalusta ei sis&auml;lly t&auml;h&auml;n kokoonpanoon).<\/p>\n<\/li>\n<\/ul><h2 data-start=\"2270\" data-end=\"2324\">Honeywell Intermec Granit 1910i:n t&auml;rkeimm&auml;t edut<\/h2><h3 data-start=\"2326\" data-end=\"2369\">Rakennettu vaativiin teollisuusymp&auml;rist&ouml;ihin<\/h3><p data-start=\"2370\" data-end=\"2533\">Vahvistettu kotelo kest&auml;&auml; p&ouml;ly&auml;, kosteutta, t&auml;rin&auml;&auml; ja iskuja, joten tiimit pysyv&auml;t tuottavina varastoissa, tehtaissa ja telakoilla ilman laitteeseen liittyvi&auml; viiveit&auml;.<\/p><h3 data-start=\"2535\" data-end=\"2565\">Johdonmukaiset, tarkat skannaukset<\/h3><p data-start=\"2566\" data-end=\"2701\">Edistyksellinen aluekuvantamislaite tallentaa vaurioituneet ja matalakontrastiset koodit nopeasti, mik&auml; parantaa vastaanotto-, poiminta- ja pakkausteht&auml;vien l&auml;pimenoa.<\/p><h3 data-start=\"2703\" data-end=\"2734\">Yksinkertainen, asemavalmis asennus<\/h3><p data-start=\"2735\" data-end=\"2887\">Johdollinen virta\/tiedot eiv&auml;t vaadi akun hallintaa ja pariliit&auml;nt&auml;vaiheita. Vakioidut kokoonpanot tekev&auml;t laitteiston k&auml;ytt&ouml;&ouml;notosta ennustettavaa eri penkkien ja linjojen v&auml;lill&auml;. <\/p><h3 data-start=\"2889\" data-end=\"2917\">Alhaisemmat omistusmenot<\/h3><p data-start=\"2918\" data-end=\"3056\">Rugged kaapelointi, vaihdettavat kulutusosat ja vakaa lis&auml;varusteiden ekosysteemi auttavat pident&auml;m&auml;&auml;n elinkaaren arvoa ja v&auml;hent&auml;m&auml;&auml;n huoltokatkoksia.<\/p><h3 data-start=\"3058\" data-end=\"3078\">K&auml;ytt&auml;j&auml;n mukavuus<\/h3><p data-start=\"3079\" data-end=\"3203\">Ergonomia, t&auml;ht&auml;ys ja selke&auml; palaute v&auml;hent&auml;v&auml;t v&auml;symyst&auml; ja koulutukseen kuluvaa aikaa, mik&auml; on hy&ouml;dyllist&auml; suurissa ty&ouml;vuoroissa ja kausiluonteisissa rampeissa.<\/p><h2 data-start=\"3205\" data-end=\"3223\">Ihanteelliset k&auml;ytt&ouml;tapaukset<\/h2><ul data-start=\"3224\" data-end=\"3785\">\n<li data-start=\"3224\" data-end=\"3341\">\n<p data-start=\"3226\" data-end=\"3341\"><strong data-start=\"3226\" data-end=\"3254\">Varasto ja jakelu &ndash;<\/strong> saapuvat ja l&auml;htev&auml;t tavarat, poisvienti, syklin laskenta ja poiminnan varmistus kiinteiss&auml; asemissa.<\/p>\n<\/li>\n<li data-start=\"3342\" data-end=\"3460\">\n<p data-start=\"3344\" data-end=\"3460\"><strong data-start=\"3344\" data-end=\"3374\">Teollisuus ja teollisuus &ndash;<\/strong> Linjapuolen WIP-skannaukset, osien todentaminen ja laatutarkastukset ty&ouml;p&ouml;ydill&auml; ja soluissa.<\/p>\n<\/li>\n<li data-start=\"3461\" data-end=\"3577\">\n<p data-start=\"3463\" data-end=\"3577\"><strong data-start=\"3463\" data-end=\"3488\">Kuljetus ja logistiikka &ndash;<\/strong> Cross-dock-kaistat, pakettien lajittelu ja palautusten k&auml;sittely jatkuvalla skannauksella.<\/p>\n<\/li>\n<li data-start=\"3578\" data-end=\"3684\">\n<p data-start=\"3580\" data-end=\"3684\"><strong data-start=\"3580\" data-end=\"3604\">V&auml;hitt&auml;iskaupan Back-of-House &ndash;<\/strong> Vastaanotto, varastojen tarkastukset ja t&auml;ydennykset varastoissa ja lavastusalueilla.<\/p>\n<\/li>\n<li data-start=\"3685\" data-end=\"3785\">\n<p data-start=\"3687\" data-end=\"3785\"><strong data-start=\"3687\" data-end=\"3711\">Kentt&auml;huoltovarastot &ndash;<\/strong> Laitteiden vastaanotto, korjausten seuranta ja omaisuuserien merkitseminen huoltotiskill&auml;.<\/p>\n<\/li>\n<\/ul><h2 data-start=\"3787\" data-end=\"3849\">Honeywell Intermec Granit 1910i -laitteen tuotevertailut<\/h2><ul data-start=\"3850\" data-end=\"4349\">\n<li data-start=\"3850\" data-end=\"4007\">\n<p data-start=\"3852\" data-end=\"4007\"><a href=\"https:\/\/micronordic.com\/product\/honeywell-granit-1980i-cable-ex-stand\/\"><strong data-start=\"3852\" data-end=\"3887\">Honeywell Intermec Granit 1980i<\/strong> <\/a>&ndash; <strong data-start=\"3897\" data-end=\"3906\">Valitse 1980i<\/strong>, jos haluat pitk&auml;n kantaman langallisen skannauksen; valitse <strong data-start=\"3946\" data-end=\"3962\">Granit 1910i, jos haluat<\/strong> tasapainoisen kantaman ja kompaktin ergonomian.<\/p>\n<\/li>\n<li data-start=\"4008\" data-end=\"4186\">\n<p data-start=\"4010\" data-end=\"4186\"><a href=\"https:\/\/micronordic.com\/product\/honeywell-granit-1911i-ig-cordless-w-base\/\"><strong data-start=\"4010\" data-end=\"4048\">Honeywell Intermec Granit 1911i IG<\/strong><\/a> &ndash; <strong data-start=\"4056\" data-end=\"4068\">Valitse 1911i<\/strong> IG, kun haluat langatonta liikkuvuutta tukiaseman kanssa; valitse <strong data-start=\"4109\" data-end=\"4125\">Granit 1910i, kun<\/strong> haluat langallista yksinkertaisuutta ja jatkuvaa tehoa.<\/p>\n<\/li>\n<\/ul>\n","protected":false},"excerpt":{"rendered":"<h3>Tekniset tiedot:<\/h3>\n<ul>\n<li><strong>Liitett\u00e4vyys:<\/strong> Yhteydet: Johdollinen (kaapeli data\/virta); yhteensopiva yleisten POS\/WMS\/ERP-j\u00e4rjestelmien kanssa.<\/li>\n<li><strong>Rugged sertifioinnit:<\/strong> Teollisuuskotelo on suunniteltu p\u00f6lyn-, kosteuden-, t\u00e4rin\u00e4n- ja iskunkest\u00e4vyyteen.<\/li>\n<li><strong>Turvallisuus:<\/strong> (langallinen): Tavallinen is\u00e4nt\u00e4pohjainen suojaus\/pariliit\u00e4nt\u00e4 ei ole pakollinen (langallinen)<\/li>\n<li><strong>Akku:<\/strong> (johdollinen virta)<\/li>\n<li><strong>Mitat ja paino: K\u00e4dess\u00e4pidett\u00e4v\u00e4<\/strong> teollinen muoto (vaihtelee kokoonpanon mukaan).<\/li>\n<li><strong>Takuu:<\/strong> Valmistajan takuu: Uusilla tuotteilla on 2 vuoden valmistajan takuu.<\/li>\n<\/ul>\n","protected":false},"author":16,"featured_media":96551,"template":"","meta":{"_acf_changed":false,"inline_featured_image":false},"product-condition":[5252],"product_brand":[8973],"product_cat":[5127,5130,5133],"product_tag":[4882],"class_list":{"0":"post-47562","1":"product","2":"type-product","3":"status-publish","4":"has-post-thumbnail","6":"product-condition-new-in-box","7":"product_brand-honeywell-intermec","8":"product_cat-honeywell-intermec","9":"product_cat-all-barcode-scanners","10":"product_cat-new-in-box-rugged-hardware","11":"product_tag-wrd-fi","13":"first","14":"instock","15":"taxable","16":"shipping-taxable","17":"purchasable","18":"product-type-simple"},"acf":[],"_links":{"self":[{"href":"https:\/\/micronordic.com\/fi\/wp-json\/wp\/v2\/product\/47562","targetHints":{"allow":["GET"]}}],"collection":[{"href":"https:\/\/micronordic.com\/fi\/wp-json\/wp\/v2\/product"}],"about":[{"href":"https:\/\/micronordic.com\/fi\/wp-json\/wp\/v2\/types\/product"}],"author":[{"embeddable":true,"href":"https:\/\/micronordic.com\/fi\/wp-json\/wp\/v2\/users\/16"}],"version-history":[{"count":3,"href":"https:\/\/micronordic.com\/fi\/wp-json\/wp\/v2\/product\/47562\/revisions"}],"predecessor-version":[{"id":98463,"href":"https:\/\/micronordic.com\/fi\/wp-json\/wp\/v2\/product\/47562\/revisions\/98463"}],"wp:featuredmedia":[{"embeddable":true,"href":"https:\/\/micronordic.com\/fi\/wp-json\/wp\/v2\/media\/96551"}],"wp:attachment":[{"href":"https:\/\/micronordic.com\/fi\/wp-json\/wp\/v2\/media?parent=47562"}],"wp:term":[{"taxonomy":"product-condition","embeddable":true,"href":"https:\/\/micronordic.com\/fi\/wp-json\/wp\/v2\/product-condition?post=47562"},{"taxonomy":"product_brand","embeddable":true,"href":"https:\/\/micronordic.com\/fi\/wp-json\/wp\/v2\/product_brand?post=47562"},{"taxonomy":"product_cat","embeddable":true,"href":"https:\/\/micronordic.com\/fi\/wp-json\/wp\/v2\/product_cat?post=47562"},{"taxonomy":"product_tag","embeddable":true,"href":"https:\/\/micronordic.com\/fi\/wp-json\/wp\/v2\/product_tag?post=47562"}],"curies":[{"name":"wp","href":"https:\/\/api.w.org\/{rel}","templated":true}]}}