{"id":47560,"date":"2020-10-06T15:08:51","date_gmt":"2020-10-06T13:08:51","guid":{"rendered":"https:\/\/micronordic.com\/product\/honeywell-granit-1911i-ig-langaton-tukiasemalla-uusi\/"},"modified":"2025-11-18T18:01:14","modified_gmt":"2025-11-18T17:01:14","slug":"honeywell-granit-1911i-ig-cordless-w-base","status":"publish","type":"product","link":"https:\/\/micronordic.com\/fi\/product\/honeywell-granit-1911i-ig-cordless-w-base\/","title":{"rendered":"Honeywell Granit &#8211; 1911i IG &#8211; langaton &#8211; jalustalla (UUTUUS)"},"content":{"rendered":"<?xml encoding=\"utf-8\" ?><div class=\"relative my-1 min-h-6\">\n<div class=\"relative flex origin-top-left flex-col gap-2 overflow-x-clip\">\n<div class=\"relative w-full text-start\">\n<h2 class=\"flex w-full flex-col items-start justify-between text-start\">Honeywell Intermec Granit 1911i IG &ndash; langaton &ndash; tukiasemalla varustettuna<\/h2>\n<\/div>\n<\/div>\n<\/div><div class=\"min-h-8 text-message relative flex w-full flex-col items-end gap-2 text-start break-words whitespace-normal [.text-message+&amp;]:mt-5\" dir=\"auto\" data-message-author-role=\"assistant\" data-message-id=\"1d00f139-3bfc-4ce7-9417-c64271cde5cc\" data-message-model-slug=\"gpt-5-thinking\">\n<div class=\"flex w-full flex-col gap-1 empty:hidden first:pt-[1px]\">\n<div class=\"streaming-animation markdown prose dark:prose-invert w-full break-words light markdown-new-styling\">\n<p data-start=\"62\" data-end=\"671\"><strong data-start=\"66\" data-end=\"104\">Honeywell Intermec Granit 1911i IG on<\/strong> eritt&auml;in kest&auml;v&auml;, langaton teollisuusk&auml;ytt&ouml;&ouml;n tarkoitettu viivakoodinlukija, joka on suunniteltu nopeaan ja luotettavaan lukemiseen varastoissa, pihoilla, tehtaissa ja kentt&auml;toiminnoissa. Honeywellin Granit-alustaa perustuva laite yhdist&auml;&auml; kest&auml;v&auml;n kotelon ja aluekuvantamismoottorin, joka selviytyy kuluneista, matalakontrastisista ja kutistuneista viivakoodeista, joita esiintyy yleisesti todellisessa logistiikassa. T&auml;m&auml;<strong data-start=\"450\" data-end=\"463\">&rdquo;With Base&rdquo;<\/strong>-konfiguraatio sis&auml;lt&auml;&auml; lataus- ja viestint&auml;alustan, joka mahdollistaa latauksen ja vakaan langattoman viestinn&auml;n, joten tiimit voivat ottaa k&auml;ytt&ouml;&ouml;n yhden k&auml;ytt&ouml;valmiin sarjan penkkeihin, pakkausasemiin ja ajoneuvoihin.  <\/p>\n<p data-start=\"673\" data-end=\"933\"><strong data-start=\"735\" data-end=\"773\">Honeywell Intermec Granit 1911i IG yhdist&auml;&auml;<\/strong> vaativissa ymp&auml;rist&ouml;iss&auml; vakioiville johtajille langattoman liikkuvuuden, todistetun kest&auml;vyyden ja suoraviivaisen kalustonhallinnan, jotta teht&auml;v&auml;t pysyv&auml;t liikkeess&auml; ja samalla minimoidaan seisokkiaika ja huoltokustannukset. <strong>Uusilla tuotteilla on 2 vuoden valmistajan takuu.<\/strong><\/p>\n<h2 data-start=\"935\" data-end=\"1015\">Honeywell Intermec Granit 1911i IG &ndash; langaton &ndash; tukiasemalla &ndash; t&auml;rkeimm&auml;t ominaisuudet<\/h2>\n<ul data-start=\"1016\" data-end=\"2627\">\n<li data-start=\"1016\" data-end=\"1204\">\n<p data-start=\"1018\" data-end=\"1204\"><strong data-start=\"1018\" data-end=\"1030\">Langaton<\/strong> <strong>ty&ouml;nkulku &ndash;<\/strong> langaton Bluetooth-toiminta pariliitetyn tukiaseman kanssa antaa k&auml;ytt&auml;jille mahdollisuuden liikkua vapaasti kuormalavoilla, hyllyiss&auml; ja kuljettimilla samalla kun yhteys on vakaa dataa ja latausta varten.<\/p>\n<\/li>\n<li data-start=\"1205\" data-end=\"1401\">\n<p data-start=\"1207\" data-end=\"1401\"><strong data-start=\"1207\" data-end=\"1217\">Rugged<\/strong> <strong>rakenne &ndash;<\/strong> Teollinen kotelo kest&auml;&auml; p&ouml;ly&auml;, kosteutta, t&auml;rin&auml;&auml; ja toistuvia iskuja, joten laite kest&auml;&auml; pudotukset, kaatumisen ja p&auml;ivitt&auml;isen kovakouraisen k&auml;sittelyn laitureilla ja linjoilla.<\/p>\n<\/li>\n<li data-start=\"1402\" data-end=\"1587\">\n<p data-start=\"1404\" data-end=\"1587\"><strong data-start=\"1404\" data-end=\"1424\">Tehokas<\/strong> <strong>kuvantaminen &ndash;<\/strong> Aluekuvantamislaite purkaa 1D- ja 2D-symbolit nopeasti, vaikka tarrat olisivat naarmuuntuneita, haalistuneita, matalakontrastisia tai kalvon peitt&auml;mi&auml;, mik&auml; v&auml;hent&auml;&auml; uudelleenkuvauksia ja viiveit&auml;.<\/p>\n<\/li>\n<li data-start=\"1588\" data-end=\"1765\">\n<p data-start=\"1590\" data-end=\"1765\"><strong data-start=\"1590\" data-end=\"1609\">Ty&ouml;ntekij&auml;yst&auml;v&auml;llinen<\/strong> <strong>ergonomia &ndash;<\/strong> Tasapainotettu ote, ter&auml;v&auml; liipaisin ja kirkas t&auml;ht&auml;ys\/palaute v&auml;hent&auml;v&auml;t v&auml;symyst&auml; ja nopeuttavat kohdentamista suurten ty&ouml;vuorojen ja ty&ouml;ruuhkahuippujen aikana.<\/p>\n<\/li>\n<li data-start=\"1766\" data-end=\"1931\">\n<p data-start=\"1768\" data-end=\"1931\"><strong data-start=\"1768\" data-end=\"1782\">Pitk&auml;n ty&ouml;vuoron<\/strong> <strong>teho &ndash;<\/strong> Suurikapasiteettinen akku tukee pitk&auml;&auml; skannausta; pudota laite mukana toimitettuun jalustaan teht&auml;vien v&auml;lill&auml;, jotta se voidaan ladata ilman ty&ouml;nkulkujen muuttamista.<\/p>\n<\/li>\n<li data-start=\"1932\" data-end=\"2123\">\n<p data-start=\"1934\" data-end=\"2123\"><strong data-start=\"1934\" data-end=\"1948\">Tukikohtaan sopiva<\/strong> <strong>yksinkertaisuus &ndash;<\/strong> Lataus- ja viestint&auml;tukikohta mahdollistaa helpon pariliitoksen, p&ouml;yt&auml;- tai sein&auml;asennuksen ja puhtaat kaapelit; yksi tukikohta voi tukea tehokasta laitekiertoa jaetuissa asemissa.<\/p>\n<\/li>\n<li data-start=\"2124\" data-end=\"2300\">\n<p data-start=\"2126\" data-end=\"2300\"><strong data-start=\"2126\" data-end=\"2138\">Joustava<\/strong> <strong>integrointi &ndash;<\/strong> Toimii yleisten POS-, WMS- ja ERP-asetusten kanssa; profiilit ja asetukset voidaan vakioida, jotta uudet skannerit voidaan liitt&auml;&auml; laivastoon mahdollisimman pienell&auml; m&auml;&auml;rityksell&auml;.<\/p>\n<\/li>\n<li data-start=\"2301\" data-end=\"2471\">\n<p data-start=\"2303\" data-end=\"2471\"><strong data-start=\"2303\" data-end=\"2318\">Huoltokelpoinen<\/strong> <strong>rakenne &ndash;<\/strong> Kent&auml;ll&auml; vaihdettavat kuluvat komponentit ja helppok&auml;ytt&ouml;inen akku auttavat pident&auml;m&auml;&auml;n elinkaarta ja pit&auml;m&auml;&auml;n kokonaiskustannukset ennustettavina eri k&auml;ytt&ouml;&ouml;nottojen aikana.<\/p>\n<\/li>\n<li data-start=\"2472\" data-end=\"2627\">\n<p data-start=\"2474\" data-end=\"2627\"><strong data-start=\"2474\" data-end=\"2492\">Auditiivinen\/n&auml;kyv&auml;<\/strong> <strong>palaute &ndash;<\/strong> Selke&auml; &auml;&auml;nimerkki ja tila-ledit vahvistavat hyv&auml;t lukemat kovassa tai kirkkaassa ymp&auml;rist&ouml;ss&auml;, mik&auml; v&auml;hent&auml;&auml; uudelleenkuvauksia ja pit&auml;&auml; linjat sujuvina.<\/p>\n<\/li>\n<\/ul>\n<h2 data-start=\"2629\" data-end=\"2686\">Honeywell Intermec Granit 1911i IG:n t&auml;rkeimm&auml;t edut<\/h2>\n<h3 data-start=\"2688\" data-end=\"2731\">Rakennettu vaativiin teollisuusymp&auml;rist&ouml;ihin<\/h3>\n<p data-start=\"2732\" data-end=\"2898\">Tarkoituksenmukaisesti rakennettu rugged kotelo kest&auml;&auml; p&ouml;ly&auml;, kosteutta, t&auml;rin&auml;&auml; ja iskuja, joita esiintyy varastoissa ja telakoilla, ja auttaa tiimej&auml; v&auml;ltt&auml;m&auml;&auml;n laitevioista johtuvia seisokkeja.<\/p>\n<h3 data-start=\"2900\" data-end=\"2932\">Liikkuvuus ilman kompromisseja<\/h3>\n<p data-start=\"2933\" data-end=\"3101\">Langaton k&auml;ytt&ouml; erillisell&auml; jalustalla lis&auml;&auml; liikkumisvapautta kuormalavojen ja ajoneuvojen ymp&auml;rill&auml; samalla kun yhteys pysyy vakaana nopeaa ja tarkkaa tiedonkeruuta varten.<\/p>\n<h3 data-start=\"3103\" data-end=\"3128\">Nopeammat ja puhtaammat skannaukset<\/h3>\n<p data-start=\"3129\" data-end=\"3298\">Alueen kuvantamismoottori lukee haastavat viivakoodit aaltopahvista, kutistekalvosta ja kaarevista pinnoista &ndash; se parantaa l&auml;pimenoa, v&auml;hent&auml;&auml; jonoja ja v&auml;hent&auml;&auml; k&auml;ytt&auml;j&auml;n turhautumista.<\/p>\n<h3 data-start=\"3300\" data-end=\"3330\">Pienempi toiminnallinen kitka<\/h3>\n<p data-start=\"3331\" data-end=\"3494\">Drop-in-lataus, yksinkertainen pariliitos ja vakiomuotoiset konfigurointiprofiilit helpottavat laitteiden k&auml;ytt&ouml;&ouml;nottoa, vaihtamista ja yll&auml;pitoa eri vuoroissa ja asemilla.<\/p>\n<h3 data-start=\"3496\" data-end=\"3524\">Laivaston omistusyst&auml;v&auml;llinen omistus<\/h3>\n<p data-start=\"3525\" data-end=\"3677\">Vaihdettavat kulutusosat ja vankat lis&auml;varusteet pident&auml;v&auml;t elinkaaren arvoa, ja johdonmukainen ergonomia ja palauteopasteet lyhent&auml;v&auml;t uuden henkil&ouml;st&ouml;n koulutusaikaa.<\/p>\n<h2 data-start=\"3679\" data-end=\"3697\">Ihanteelliset k&auml;ytt&ouml;tapaukset<\/h2>\n<ul data-start=\"3698\" data-end=\"4280\">\n<li data-start=\"3698\" data-end=\"3820\">\n<p data-start=\"3700\" data-end=\"3820\"><strong data-start=\"3700\" data-end=\"3728\">Varasto ja jakelu &ndash;<\/strong> saapuvat ja l&auml;htev&auml;t tavarat, poisvienti, syklin laskenta ja poiminnan tarkistus hyllyjen ja telakoiden ymp&auml;rill&auml;.<\/p>\n<\/li>\n<li data-start=\"3821\" data-end=\"3940\">\n<p data-start=\"3823\" data-end=\"3940\"><strong data-start=\"3823\" data-end=\"3853\">Teollisuus ja teollisuus &ndash;<\/strong> Linjanvaraiset WIP-skannaukset, osien tarkastukset ja laaduntarkistukset meluisissa ja p&ouml;lyisiss&auml; tiloissa.<\/p>\n<\/li>\n<li data-start=\"3941\" data-end=\"4051\">\n<p data-start=\"3943\" data-end=\"4051\"><strong data-start=\"3943\" data-end=\"3968\">Kuljetus ja logistiikka &ndash;<\/strong> Risteys- ja telakkatoiminnot, pakettien lajittelu ja reittien lastaus\/purkaminen.<\/p>\n<\/li>\n<li data-start=\"4052\" data-end=\"4170\">\n<p data-start=\"4054\" data-end=\"4170\"><strong data-start=\"4054\" data-end=\"4078\">Retail Back-of-House &ndash;<\/strong> Vastaanotto, varastonhallinta ja t&auml;ydennykset, joissa kest&auml;vyys ja liikkuvuus ovat t&auml;rkeit&auml;.<\/p>\n<\/li>\n<li data-start=\"4171\" data-end=\"4280\">\n<p data-start=\"4173\" data-end=\"4280\"><strong data-start=\"4173\" data-end=\"4202\">Kentt&auml;huolto ja yleishy&ouml;dylliset palvelut &ndash;<\/strong> Omaisuuserien ja mittareiden skannaus liikkuvissa ty&ouml;tiloissa ja vaikeissa s&auml;&auml;olosuhteissa.<\/p>\n<\/li>\n<\/ul>\n<h2 data-start=\"4282\" data-end=\"4347\">Honeywell Intermec Granit 1911i IG:n tuotevertailut<\/h2>\n<ul data-start=\"4348\" data-end=\"4947\">\n<li data-start=\"4348\" data-end=\"4563\">\n<p data-start=\"4350\" data-end=\"4563\"><a href=\"https:\/\/micronordic.com\/product\/honeywell-granit-1981i-bt-w-cradle\/\"><strong>Honeywell Intermec Granit 1981i<\/strong><\/a> &ndash; <strong data-start=\"4395\" data-end=\"4411\">Valitse Granit 1981i<\/strong>, kun tarvitset pitk&auml;n kantaman langatonta skannausta (esim. hyllytarrat et&auml;&auml;lt&auml;); valitse Granit 1911i IG, kun haluat <strong data-start=\"4499\" data-end=\"4518\">tasapainoisen kantaman ja<\/strong> ergonomian <strong data-start=\"4499\" data-end=\"4518\">koko p&auml;iv&auml;ksi<\/strong>.<\/p>\n<\/li>\n<li data-start=\"4564\" data-end=\"4743\">\n<p data-start=\"4566\" data-end=\"4743\"><a href=\"https:\/\/micronordic.com\/product\/honeywell-granit-1980i-cable-ex-stand\/\"><strong data-start=\"4566\" data-end=\"4601\">Honeywell Intermec Granit 1980i<\/strong> <\/a>&ndash; <strong data-start=\"4609\" data-end=\"4625\">Valitse Granit 1980i<\/strong>, jos haluat langallisen pitk&auml;n kantaman asennuksen kiinteisiin asemiin; valitse <strong data-start=\"4680\" data-end=\"4699\">Granit 1911i IG, jos haluat<\/strong> langatonta vapautta kompaktilla alustalla.<\/p>\n<\/li>\n<li data-start=\"4744\" data-end=\"4947\">\n<p data-start=\"4746\" data-end=\"4947\"><a href=\"https:\/\/micronordic.com\/product\/honeywell-xenon-xp-1952g-cable-w-stand\/\"><strong data-start=\"4746\" data-end=\"4774\">Honeywell Xenon XP 1952g<\/strong><\/a> &ndash; <strong data-start=\"4784\" data-end=\"4802\">Valitse Xenon XP 1952g<\/strong> v&auml;hitt&auml;iskaupan ja kevyen teollisuuden langattomiin ty&ouml;nkulkuihin; valitse <strong data-start=\"4858\" data-end=\"4877\">Granit 1911i IG, kun<\/strong> tarvitset raskaampaa rakentamista ja teollista kest&auml;vyytt&auml;.<\/p>\n<\/li>\n<\/ul>\n<\/div>\n<\/div>\n<\/div>\n","protected":false},"excerpt":{"rendered":"<h3>Tekniset tiedot<\/h3>\n<ul>\n<li><strong>Liitett\u00e4vyys:<\/strong> langaton Bluetooth; sis\u00e4lt\u00e4\u00e4 lataus- ja viestint\u00e4tukiaseman pariliitosta, dataa ja latausta varten.<\/li>\n<li><strong>Rugged sertifioinnit:<\/strong> iskunkest\u00e4vyys, p\u00f6lyn- ja kosteudenkest\u00e4vyys.<\/li>\n<li><strong>Turvallisuus:<\/strong> Bluetooth-pariliitoksen\/autentikoinnin tavanomaiset tilat<\/li>\n<li><strong>Akku:<\/strong> ladattava akku, joka on suunniteltu pidempi\u00e4 ty\u00f6vuoroja varten; lataus mukana tulevan jalustan kautta.<\/li>\n<li><strong>Mitat ja paino: K\u00e4dess\u00e4pidett\u00e4v\u00e4<\/strong> teollinen muoto (vaihtelee kokoonpanon mukaan).<\/li>\n<li><strong>Takuu: <\/strong>Valmistajan takuu: Uusilla tuotteilla on 2 vuoden valmistajan takuu.<\/li>\n<\/ul>\n","protected":false},"author":16,"featured_media":96596,"template":"","meta":{"_acf_changed":false,"inline_featured_image":false},"product-condition":[5252],"product_brand":[8973],"product_cat":[5127,5130,5133],"product_tag":[4882],"class_list":{"0":"post-47560","1":"product","2":"type-product","3":"status-publish","4":"has-post-thumbnail","6":"product-condition-new-in-box","7":"product_brand-honeywell-intermec","8":"product_cat-honeywell-intermec","9":"product_cat-all-barcode-scanners","10":"product_cat-new-in-box-rugged-hardware","11":"product_tag-wrd-fi","13":"first","14":"instock","15":"taxable","16":"shipping-taxable","17":"purchasable","18":"product-type-simple"},"acf":[],"_links":{"self":[{"href":"https:\/\/micronordic.com\/fi\/wp-json\/wp\/v2\/product\/47560","targetHints":{"allow":["GET"]}}],"collection":[{"href":"https:\/\/micronordic.com\/fi\/wp-json\/wp\/v2\/product"}],"about":[{"href":"https:\/\/micronordic.com\/fi\/wp-json\/wp\/v2\/types\/product"}],"author":[{"embeddable":true,"href":"https:\/\/micronordic.com\/fi\/wp-json\/wp\/v2\/users\/16"}],"version-history":[{"count":3,"href":"https:\/\/micronordic.com\/fi\/wp-json\/wp\/v2\/product\/47560\/revisions"}],"predecessor-version":[{"id":98438,"href":"https:\/\/micronordic.com\/fi\/wp-json\/wp\/v2\/product\/47560\/revisions\/98438"}],"wp:featuredmedia":[{"embeddable":true,"href":"https:\/\/micronordic.com\/fi\/wp-json\/wp\/v2\/media\/96596"}],"wp:attachment":[{"href":"https:\/\/micronordic.com\/fi\/wp-json\/wp\/v2\/media?parent=47560"}],"wp:term":[{"taxonomy":"product-condition","embeddable":true,"href":"https:\/\/micronordic.com\/fi\/wp-json\/wp\/v2\/product-condition?post=47560"},{"taxonomy":"product_brand","embeddable":true,"href":"https:\/\/micronordic.com\/fi\/wp-json\/wp\/v2\/product_brand?post=47560"},{"taxonomy":"product_cat","embeddable":true,"href":"https:\/\/micronordic.com\/fi\/wp-json\/wp\/v2\/product_cat?post=47560"},{"taxonomy":"product_tag","embeddable":true,"href":"https:\/\/micronordic.com\/fi\/wp-json\/wp\/v2\/product_tag?post=47560"}],"curies":[{"name":"wp","href":"https:\/\/api.w.org\/{rel}","templated":true}]}}