{"id":47556,"date":"2018-05-06T13:47:11","date_gmt":"2018-05-06T11:47:11","guid":{"rendered":"https:\/\/micronordic.com\/product\/zebra-tc51-tc510k-mobile-handheld-computer-kunnostettu\/"},"modified":"2025-11-20T11:33:32","modified_gmt":"2025-11-20T10:33:32","slug":"zebra-tc51-rugged-touch-computer-refurbished","status":"publish","type":"product","link":"https:\/\/micronordic.com\/fi\/product\/zebra-tc51-rugged-touch-computer-refurbished\/","title":{"rendered":"Zebra TC51 Handheld Mobile Computer (EX-DEMO)"},"content":{"rendered":"<?xml encoding=\"utf-8\" ?><h2 data-start=\"0\" data-end=\"48\">Zebra TC51 Handheld Mobile Computer (Ex-Demo)<\/h2><p data-start=\"50\" data-end=\"713\"><strong data-start=\"54\" data-end=\"68\">Zebra TC51<\/strong> <strong data-start=\"94\" data-end=\"122\">Handheld Mobile Computer<\/strong> <strong data-start=\"54\" data-end=\"68\">on<\/strong> kompakti, yritysk&auml;ytt&ouml;&ouml;n tarkoitettu <strong data-start=\"94\" data-end=\"122\">handheld mobile computer, joka on suunniteltu<\/strong> nopeaan ja luotettavaan tiedonkeruuseen ja teht&auml;vien suorittamiseen v&auml;hitt&auml;iskaupassa, varastoinnissa, majoitus- ja ravitsemistoiminnassa sek&auml; kentt&auml;huollossa. <strong data-start=\"245\" data-end=\"256\">Ex-Demo -yksikk&ouml;n&auml;<\/strong> se on ollut lyhyess&auml; esittelyk&auml;yt&ouml;ss&auml;, ja se on p&auml;ivitetty huolellisesti ennen j&auml;lleenmyynti&auml; &ndash; ulkoiset kuluvat osat on vaihdettu (etu- ja takamuovit ja digitointilaitteet), tavanomaiset lis&auml;varusteet sis&auml;ltyv&auml;t, ellei toisin mainita, ja se toimitetaan tavallisesti tavallisessa ruskeassa laatikossa. <\/p><p data-start=\"50\" data-end=\"713\">Ex-Demo -laitteisiin sis&auml;ltyy <strong>Micro Nordicin 12 kuukauden takuu, joka tarjoaa<\/strong> t&auml;ysin toimivan mobiilitietokoneen huomattavasti alennettuun hintaan.<\/p><p data-start=\"715\" data-end=\"965\">Tuttu Android-kokemus, integroitu yritysk&auml;ytt&ouml;&ouml;n tarkoitettu skannaus ja hyv&auml;ksi todettu lis&auml;varusteiden ekosysteemi <strong data-start=\"821\" data-end=\"835\">auttavat<\/strong> Zebra TC51:n avulla <strong data-start=\"821\" data-end=\"835\">tiimej&auml; liikkumaan<\/strong> nopeammin, v&auml;hent&auml;m&auml;&auml;n virheit&auml; ja pit&auml;m&auml;&auml;n yhteytt&auml; kiireisten ty&ouml;vuorojen aikana &ndash; myym&auml;l&auml;ss&auml;, varastossa ja tien p&auml;&auml;ll&auml;.<\/p><h2 data-start=\"967\" data-end=\"1000\">Zebra TC51:n t&auml;rkeimm&auml;t ominaisuudet<\/h2><ul data-start=\"1001\" data-end=\"2276\">\n<li data-start=\"1001\" data-end=\"1173\">\n<p data-start=\"1003\" data-end=\"1173\"><strong data-start=\"1003\" data-end=\"1013\">Rugged<\/strong> <strong>mutta tyylik&auml;s muotoilu &ndash;<\/strong> Rakennettu kest&auml;m&auml;&auml;n jokap&auml;iv&auml;isi&auml; kolhuja, p&ouml;ly&auml; ja satunnaisia roiskeita, mutta silti ohut ja taskussa pidett&auml;v&auml;, jotta se soveltuu sek&auml; etu- ett&auml; takahuoneen ty&ouml;nkulkuihin.<\/p>\n<\/li>\n<li data-start=\"1174\" data-end=\"1317\">\n<p data-start=\"1176\" data-end=\"1317\"><strong data-start=\"1176\" data-end=\"1187\">Android-alusta &ndash;<\/strong> Yritysten hallintaty&ouml;kaluja sis&auml;lt&auml;v&auml;, liiketoimintavalmis Android tehostaa sovellusten k&auml;ytt&ouml;&ouml;nottoa, p&auml;ivityksi&auml; ja k&auml;yt&auml;nt&ouml;jen noudattamisen valvontaa.<\/p>\n<\/li>\n<li data-start=\"1318\" data-end=\"1466\">\n<p data-start=\"1320\" data-end=\"1466\"><strong data-start=\"1320\" data-end=\"1334\">Integroitu<\/strong> <strong>skannaus &ndash;<\/strong> Yrityksen 1D\/2D-kuvantaminen lukee kuluneet, matalakontrastiset ja kaarevat tarrat nopeasti, mik&auml; v&auml;hent&auml;&auml; uudelleenkuvauksia ja nopeuttaa tapahtumia.<\/p>\n<\/li>\n<li data-start=\"1467\" data-end=\"1619\">\n<p data-start=\"1469\" data-end=\"1619\"><strong data-start=\"1469\" data-end=\"1490\">Auringonvalossa luettava<\/strong> <strong>n&auml;ytt&ouml; &ndash;<\/strong> Kirkas, k&auml;sineyst&auml;v&auml;llinen kosketusn&auml;ytt&ouml; tukee lomakkeiden, poimintojen ja ohjattujen ty&ouml;nkulkujen tarkkaa sy&ouml;tt&auml;mist&auml; sekalaisessa valaistuksessa.<\/p>\n<\/li>\n<li data-start=\"1620\" data-end=\"1750\">\n<p data-start=\"1622\" data-end=\"1750\"><strong data-start=\"1622\" data-end=\"1635\">Ergonominen<\/strong> <strong>muoto &ndash;<\/strong> Tasapainoinen paino, herkk&auml; kosketusn&auml;ytt&ouml; ja tuntos&auml;&auml;timet minimoivat v&auml;symyksen suuren ty&ouml;m&auml;&auml;r&auml;n aikana.<\/p>\n<\/li>\n<li data-start=\"1751\" data-end=\"1886\">\n<p data-start=\"1753\" data-end=\"1886\"><strong data-start=\"1753\" data-end=\"1765\">Luotettava<\/strong> <strong>langattomuus &ndash;<\/strong> Yrityksen Wi-Fi ja Bluetooth pit&auml;v&auml;t tiedon, viestit ja push-to-talkin sujuvana koko myym&auml;l&auml;ss&auml; tai varastossa.<\/p>\n<\/li>\n<li data-start=\"1887\" data-end=\"2007\">\n<p data-start=\"1889\" data-end=\"2007\"><strong>Suunnitelmallinen<\/strong> <strong data-start=\"1889\" data-end=\"1899\">suojaus<\/strong> <strong>&ndash;<\/strong> Laitteistolla tuetut suojaukset ja hallitut k&auml;ytt&ouml;j&auml;rjestelm&auml;p&auml;ivitykset auttavat suojaamaan laitteita ja arkaluonteisia tietoja.<\/p>\n<\/li>\n<li data-start=\"2008\" data-end=\"2132\">\n<p data-start=\"2010\" data-end=\"2132\"><strong data-start=\"2010\" data-end=\"2024\">Hallittavissa<\/strong> <strong>laajassa mittakaavassa &ndash;<\/strong> Keskitetty konfigurointi, varastointi ja et&auml;tuki v&auml;hent&auml;v&auml;t IT-alan yleiskustannuksia suurissa laivastoissa.<\/p>\n<\/li>\n<li data-start=\"2133\" data-end=\"2276\">\n<p data-start=\"2135\" data-end=\"2276\"><strong data-start=\"2135\" data-end=\"2148\">Lis&auml;varusteiden<\/strong> <strong>ekosysteemi &ndash;<\/strong> Telineet, kelkat, laturit ja holsterit tukevat teht&auml;v&auml;kohtaisia kokoonpanoja myym&auml;l&auml;n edustalta varastoon ja toimitukseen.<\/p>\n<\/li>\n<\/ul><h2 data-start=\"2278\" data-end=\"2311\">Zebra TC51:n t&auml;rkeimm&auml;t edut<\/h2><h3 data-start=\"2313\" data-end=\"2364\">Rakennettu vaativiin v&auml;hitt&auml;ismyynti- ja kentt&auml;olosuhteisiin<\/h3><p data-start=\"2365\" data-end=\"2520\">Kest&auml;v&auml;, yrityskohtainen rakenne kest&auml;&auml; p&auml;ivitt&auml;iset pudotukset, p&ouml;lyn ja roiskeet, joten tiimit pysyv&auml;t tuottavina ahtaissa myym&auml;l&auml;tiloissa, takahuoneissa ja kadunvarressa.<\/p><h3 data-start=\"2522\" data-end=\"2554\">Nopeampi kaappaus, v&auml;hemm&auml;n virheit&auml;<\/h3><p data-start=\"2555\" data-end=\"2703\">Integroitu 1D\/2D-kuvantaminen ja reagoivat Android-ty&ouml;nkulut v&auml;hent&auml;v&auml;t uudelleenkuvauksia ja virheellisi&auml; avauksia, mik&auml; parantaa jonotusaikoja, poimintatarkkuutta ja asiakaskokemusta.<\/p><h3 data-start=\"2705\" data-end=\"2736\">Aina yhteydess&auml; olevat toiminnot<\/h3><p data-start=\"2737\" data-end=\"2895\">Luotettava langaton yritysyhteys pit&auml;&auml; teht&auml;v&auml;t, varaston ja viestit synkronoituna taustalla, kun henkil&ouml;kunta liikkuu myyntilattian, varastohuoneen ja lastauslaiturin v&auml;lill&auml;.<\/p><h3 data-start=\"2897\" data-end=\"2941\">Ennakoitavissa oleva omistus Ex-Demo -arvolla varustettuna<\/h3><p data-start=\"2942\" data-end=\"3113\">Ex-Demo -hinnoittelu tarjoaa l&auml;hes uuden toiminnallisuuden alennuksella, kun taas vaihdettavat kulutusosat, akut ja testatut lis&auml;varusteet pident&auml;v&auml;t elinkaarta ja yksinkertaistavat varaosien suunnittelua.<\/p><h3 data-start=\"3115\" data-end=\"3135\">Valmis laivastoille<\/h3><p data-start=\"3136\" data-end=\"3295\">Vakioidut profiilit, et&auml;tuki ja yhdenmukaiset lis&auml;varusteet helpottavat laajamittaista k&auml;ytt&ouml;&ouml;nottoa ja pit&auml;v&auml;t laitteet toimintavalmiina kaikissa vuoroissa ja toimipisteiss&auml;.<\/p><h2 data-start=\"3297\" data-end=\"3315\">Ihanteelliset k&auml;ytt&ouml;tapaukset<\/h2><ul data-start=\"3316\" data-end=\"3838\">\n<li data-start=\"3316\" data-end=\"3431\">\n<p data-start=\"3318\" data-end=\"3431\"><strong data-start=\"3318\" data-end=\"3342\">V&auml;hitt&auml;iskauppa ja vieraanvaraisuus &ndash;<\/strong> Avustettu myynti, hintatarkistukset, varastojen etsiminen ja mobiilikassat myym&auml;l&auml;ss&auml;.<\/p>\n<\/li>\n<li data-start=\"3432\" data-end=\"3543\">\n<p data-start=\"3434\" data-end=\"3543\"><strong data-start=\"3434\" data-end=\"3462\">Varasto ja jakelu &ndash;<\/strong> Pakkaaminen, poiminta, syklin laskenta ja telakkatoiminnot luotettavalla skannauksella.<\/p>\n<\/li>\n<li data-start=\"3544\" data-end=\"3637\">\n<p data-start=\"3546\" data-end=\"3637\"><strong data-start=\"3546\" data-end=\"3574\">Kentt&auml;huolto ja toimitus &ndash;<\/strong> Ty&ouml;tilaukset, toimitustodistukset ja omaisuuserien skannaukset tien p&auml;&auml;ll&auml;.<\/p>\n<\/li>\n<li data-start=\"3638\" data-end=\"3749\">\n<p data-start=\"3640\" data-end=\"3749\"><strong data-start=\"3640\" data-end=\"3662\">Terveydenhuollon tuki &ndash;<\/strong> ei-kliininen inventaario, tarvikehuoneet ja laitteiden seuranta (laitoksen ty&ouml;nkulut).<\/p>\n<\/li>\n<li data-start=\"3750\" data-end=\"3838\">\n<p data-start=\"3752\" data-end=\"3838\"><strong data-start=\"3752\" data-end=\"3769\">Tuotanto &ndash;<\/strong> Linjanvarren osien tarkastus, WIP-seuranta ja kunnossapitoteht&auml;v&auml;t.<\/p>\n<\/li>\n<\/ul><h2 data-start=\"3840\" data-end=\"3881\">Zebra TC51:n tuotevertailut<\/h2><ul data-start=\"3882\" data-end=\"4568\">\n<li data-start=\"3882\" data-end=\"4145\">\n<p data-start=\"3884\" data-end=\"4145\"><strong data-start=\"3884\" data-end=\"3998\"><a class=\"decorated-link cursor-pointer\" href=\"https:\/\/micronordic.com\/product\/zebra-tc52-mobile-handheld-computer-refurbished\/\" target=\"_new\" rel=\"noopener\" data-start=\"3886\" data-end=\"3996\">Zebra TC52\/TC52x<\/a><\/strong> &ndash; Uudempi Android-k&auml;mmenlaite, jossa on pidennetty elinkaari ja parannettu ergonomia; valitse TC52\/TC52x, jos haluat nykyaikaisemman alustan ja pitk&auml;aikaisen k&auml;ytt&ouml;j&auml;rjestelm&auml;tuen.<\/p>\n<\/li>\n<li data-start=\"4146\" data-end=\"4361\">\n<p data-start=\"4148\" data-end=\"4361\"><a href=\"https:\/\/micronordic.com\/product\/zebra-tc57ho-mobile-handheld-computer-refurbished\/\"><strong data-start=\"4148\" data-end=\"4250\">Zebra TC57<\/strong> <\/a>&ndash; Sisarmalli, jossa on integroitu matkapuhelinverkko kentt&auml;ryhmille; valitse TC57, kun laajakaistayhteydet ovat v&auml;ltt&auml;m&auml;tt&ouml;mi&auml;.<\/p>\n<\/li>\n<li data-start=\"4362\" data-end=\"4568\">\n<p data-start=\"4364\" data-end=\"4568\"><a href=\"https:\/\/micronordic.com\/product\/zebra-tc56-mobile-handheld-computer-refurbished\/\"><strong data-start=\"4364\" data-end=\"4466\">Zebra TC56<\/strong> <\/a>&ndash; Aikaisemman sukupolven sisarus; valitse TC56, jos tarvitset samanlaisen muotoilutekij&auml;n ja WWANin vanhoissa laivastoissa.<\/p>\n<\/li>\n<\/ul>\n","protected":false},"excerpt":{"rendered":"<p>VALITSE ALLA OLEVA VAIHTOEHTO! Soita meille, jos tarvitset apua oikean tuotevaihtoehdon l\u00f6yt\u00e4misess\u00e4. <\/p>\n<h3>Tekniset tiedot:<\/h3>\n<ul>\n<li><strong>N\u00e4ytt\u00f6:<\/strong> Valoisa, ulkok\u00e4ytt\u00f6\u00f6n soveltuva kosketusn\u00e4ytt\u00f6; k\u00e4sineyst\u00e4v\u00e4llinen sy\u00f6tt\u00f6laite<\/li>\n<li><strong>Prosessori:<\/strong> (Android-pohjainen)<\/li>\n<li><strong>Grafiikka:<\/strong> Integroitu<\/li>\n<li><strong>Muisti:<\/strong> M\u00e4\u00e4ritelt\u00e4v\u00e4 RAM-muisti usean sovelluksen ty\u00f6nkulkuja varten.<\/li>\n<li><strong>Varastointi:<\/strong> Sis\u00e4inen tallennustila, jossa on laajennusvaihtoehtoja (riippuu mallista).<\/li>\n<li><strong>Liitett\u00e4vyys:<\/strong> Liit\u00e4nn\u00e4t: Yrityksen Wi-Fi, Bluetooth; valinnaiset WWAN-vaihtoehdot vastaavissa malleissa; p\u00f6yt\u00e4-\/ajoneuvotelakointi.<\/li>\n<li><strong>Rugged sertifioinnit:<\/strong> Yrityksen kest\u00e4vyys putoamisen, p\u00f6lyn ja kosteuden varalta (mallikohtainen).<\/li>\n<li><strong>Turvallisuus:<\/strong> Hallittu Android, yritystodennus ja laitehallinnan tuki.<\/li>\n<li><strong>Akku:<\/strong> Lataustelineet saatavana.<\/li>\n<li><strong>Mitat ja paino:<\/strong> (vaihtelee kokoonpanon mukaan): Kompakti k\u00e4mmenmalli (vaihtelee kokoonpanon mukaan).<\/li>\n<li><strong>Takuu:<\/strong> Ex-Demo: Micro Nordicilta: 12 kk<\/li>\n<\/ul>\n<p><strong>Valitse oikea malli alla, ennen kuin lis\u00e4\u00e4t sen ostoskoriin.<\/strong><\/p>\n","protected":false},"author":16,"featured_media":61765,"template":"","meta":{"_acf_changed":false,"inline_featured_image":false},"product-condition":[5267],"product_brand":[9009],"product_cat":[5134,5130,5131],"product_tag":[3230,3244,3174,3314,3202,3300,3342,3328,3286,3188,3272,3258,3216],"class_list":{"0":"post-47556","1":"product","2":"type-product","3":"status-publish","4":"has-post-thumbnail","6":"product-condition-ex-demo","7":"product_brand-zebra","8":"product_cat-zebra","9":"product_cat-all-barcode-scanners","10":"product_cat-refurbished-rugged-hardware","11":"product_tag-tc510k-1hdzu2p-a6-fi","12":"product_tag-tc510k-1hdzu4p-a6-fi","13":"product_tag-tc510k-1pazu2p-a6-fi","14":"product_tag-tc510k-1pazu2p-us-fi","15":"product_tag-tc510k-1pazu4p-a6-fi","16":"product_tag-tc510k-1pazu4p-ia-fi","17":"product_tag-tc510k-1pazu4p-us-fi","18":"product_tag-tc510k-2hdzu2p-a6-fi","19":"product_tag-tc510k-2hdzu4p-a6-fi","20":"product_tag-tc510k-2pazu2p-a6-fi","21":"product_tag-tc510k-2pazu2p-us-fi","22":"product_tag-tc510k-2pazu4p-a6-fi","23":"product_tag-tc510k-2pazu4p-us-fi","24":"pa_model-part-number-tc510k-1hdzu2p-a6","25":"pa_model-part-number-tc510k-1hdzu4p-a6","26":"pa_model-part-number-tc510k-1pazu2p-a6","27":"pa_model-part-number-tc510k-1pazu4p-a6","28":"pa_model-part-number-tc510k-2hdzu2p-a6","29":"pa_model-part-number-tc510k-2hdzu4p-a6","30":"pa_model-part-number-tc510k-2pazu2p-a6","31":"pa_model-part-number-tc510k-2pazu2p-us","33":"first","34":"instock","35":"taxable","36":"shipping-taxable","37":"purchasable","38":"product-type-variable","39":"has-default-attributes"},"acf":[],"_links":{"self":[{"href":"https:\/\/micronordic.com\/fi\/wp-json\/wp\/v2\/product\/47556","targetHints":{"allow":["GET"]}}],"collection":[{"href":"https:\/\/micronordic.com\/fi\/wp-json\/wp\/v2\/product"}],"about":[{"href":"https:\/\/micronordic.com\/fi\/wp-json\/wp\/v2\/types\/product"}],"author":[{"embeddable":true,"href":"https:\/\/micronordic.com\/fi\/wp-json\/wp\/v2\/users\/16"}],"version-history":[{"count":2,"href":"https:\/\/micronordic.com\/fi\/wp-json\/wp\/v2\/product\/47556\/revisions"}],"predecessor-version":[{"id":98500,"href":"https:\/\/micronordic.com\/fi\/wp-json\/wp\/v2\/product\/47556\/revisions\/98500"}],"wp:featuredmedia":[{"embeddable":true,"href":"https:\/\/micronordic.com\/fi\/wp-json\/wp\/v2\/media\/61765"}],"wp:attachment":[{"href":"https:\/\/micronordic.com\/fi\/wp-json\/wp\/v2\/media?parent=47556"}],"wp:term":[{"taxonomy":"product-condition","embeddable":true,"href":"https:\/\/micronordic.com\/fi\/wp-json\/wp\/v2\/product-condition?post=47556"},{"taxonomy":"product_brand","embeddable":true,"href":"https:\/\/micronordic.com\/fi\/wp-json\/wp\/v2\/product_brand?post=47556"},{"taxonomy":"product_cat","embeddable":true,"href":"https:\/\/micronordic.com\/fi\/wp-json\/wp\/v2\/product_cat?post=47556"},{"taxonomy":"product_tag","embeddable":true,"href":"https:\/\/micronordic.com\/fi\/wp-json\/wp\/v2\/product_tag?post=47556"}],"curies":[{"name":"wp","href":"https:\/\/api.w.org\/{rel}","templated":true}]}}