{"id":47554,"date":"2018-04-26T13:46:58","date_gmt":"2018-04-26T11:46:58","guid":{"rendered":"https:\/\/micronordic.com\/product\/zebra-tc55-mobile-handheld-computer-kunnostettu\/"},"modified":"2025-11-20T11:44:31","modified_gmt":"2025-11-20T10:44:31","slug":"zebra-tc55-mobile-handheld-computer-refurbished","status":"publish","type":"product","link":"https:\/\/micronordic.com\/fi\/product\/zebra-tc55-mobile-handheld-computer-refurbished\/","title":{"rendered":"Zebra TC55 Handheld Mobile Computer (EX-DEMO)"},"content":{"rendered":"<?xml encoding=\"utf-8\" ?><h2 data-start=\"480\" data-end=\"527\">Zebra TC55 Handheld Mobile Computer (EX-DEMO)<\/h2><p data-start=\"529\" data-end=\"1086\"><strong data-start=\"533\" data-end=\"572\">Zebra TC55 Handheld Mobile Computer yhdist&auml;&auml;<\/strong> &auml;lypuhelimen tehon ja rugged yrityslaitteen kest&auml;vyyden. Se on suunniteltu kentt&auml;k&auml;ytt&ouml;&ouml;n ja v&auml;hitt&auml;iskauppaan, ja se tarjoaa luotettavaa tiedonkeruuta, viestint&auml;&auml; ja suorituskyky&auml; kompaktissa ja kevyess&auml; muodossa. TC55 on saatavilla <strong data-start=\"824\" data-end=\"840\">Micro Nordicilta<\/strong> <strong data-start=\"847\" data-end=\"858\">EX-DEMO-laitteena<\/strong>, ja se on poikkeuksellisen edullinen &ndash; t&auml;ysin testattu, kunnostettu ja l&auml;hes uudenveroinen. TC55CH-vaihtoehto edustaa erityisi&auml; kokoonpanoja alueellisia tai laitteistoeroja, kuten kamera- ja liit&auml;nt&auml;vaihtoehtoja, varten. <strong>12<\/strong><strong> kuukauden EX-DEMO-takuu.<\/strong>   <\/p><h2 data-start=\"1088\" data-end=\"1148\">Zebra TC55 Handheld Mobile Computerin t&auml;rkeimm&auml;t ominaisuudet<\/h2><ul data-start=\"1149\" data-end=\"1957\">\n<li data-start=\"1149\" data-end=\"1229\">\n<p data-start=\"1151\" data-end=\"1229\"><strong data-start=\"1151\" data-end=\"1179\">Rugged &auml;lypuhelimen muotoilu &ndash;<\/strong> Kompakti 4,3 tuuman laite, joka on suunniteltu yritysk&auml;ytt&ouml;&ouml;n.<\/p>\n<\/li>\n<li data-start=\"1230\" data-end=\"1334\">\n<p data-start=\"1232\" data-end=\"1334\"><strong data-start=\"1232\" data-end=\"1258\">Kosketusn&auml;yt&ouml;n kest&auml;vyys &ndash;<\/strong> Corning&reg; Gorilla&reg; Glass 2 suojaa sek&auml; n&auml;ytt&ouml;&auml; ett&auml; skannerin ikkunaa.<\/p>\n<\/li>\n<li data-start=\"1335\" data-end=\"1424\">\n<p data-start=\"1337\" data-end=\"1424\"><strong data-start=\"1337\" data-end=\"1366\">Yritysluokan skannaus &ndash;<\/strong> Integroitu 1D\/2D-kuvantamislaite tarkkaa viivakoodien tallennusta varten.<\/p>\n<\/li>\n<li data-start=\"1425\" data-end=\"1514\">\n<p data-start=\"1427\" data-end=\"1514\"><strong data-start=\"1427\" data-end=\"1452\">Luotettavat yhteydet &ndash;<\/strong> 4G LTE, Wi-Fi ja Bluetooth&reg; takaavat saumattoman viestinn&auml;n.<\/p>\n<\/li>\n<li data-start=\"1515\" data-end=\"1612\">\n<p data-start=\"1517\" data-end=\"1612\"><strong data-start=\"1517\" data-end=\"1547\">Puhe- ja dataintegraatio &ndash;<\/strong> Tukee Push-to-Talk (PTT) ja VoIP-yhteytt&auml; tiimity&ouml;t&auml; varten.<\/p>\n<\/li>\n<li data-start=\"1613\" data-end=\"1695\">\n<p data-start=\"1615\" data-end=\"1695\"><strong data-start=\"1615\" data-end=\"1644\">Ergonominen ja kevyt &ndash;<\/strong> Tyylik&auml;s muotoilu, joka sopii yhden k&auml;den k&auml;ytt&ouml;&ouml;n.<\/p>\n<\/li>\n<li data-start=\"1696\" data-end=\"1775\">\n<p data-start=\"1698\" data-end=\"1775\"><strong data-start=\"1698\" data-end=\"1721\">Akun suorituskyky &ndash;<\/strong> Koko p&auml;iv&auml;n teho akkuvaihtoehdoilla, jotka ovat vaihdettavissa.<\/p>\n<\/li>\n<li data-start=\"1776\" data-end=\"1859\">\n<p data-start=\"1778\" data-end=\"1859\"><strong data-start=\"1778\" data-end=\"1800\">Android OS -tuki &ndash;<\/strong> Yritysk&auml;ytt&ouml;&ouml;n soveltuva alusta, joka on optimoitu yrityssovelluksia varten.<\/p>\n<\/li>\n<li data-start=\"1860\" data-end=\"1957\">\n<p data-start=\"1862\" data-end=\"1957\"><strong data-start=\"1862\" data-end=\"1883\">EX-DEMO-kunto &ndash;<\/strong> Micro Nordicin teknikot ovat kunnostaneet, testanneet ja puhdistaneet laitteen t&auml;ysin.<\/p>\n<\/li>\n<\/ul><h2 data-start=\"1959\" data-end=\"1976\">T&auml;rkeimm&auml;t edut<\/h2><h3 data-start=\"1978\" data-end=\"2009\">Kompakti ja rugged rakenne<\/h3><p data-start=\"2010\" data-end=\"2273\">TC55 kuroo umpeen kuilun henkil&ouml;kohtaisten ja ammattik&auml;ytt&ouml;&ouml;n tarkoitettujen laitteiden v&auml;lill&auml;. Se on yht&auml; intuitiivinen kuin &auml;lypuhelin, mutta IP67-luokituksen ansiosta se on suojattu putoamisilta, p&ouml;lylt&auml; ja kosteudelta. Se on suunniteltu liikkuville ty&ouml;ntekij&ouml;ille, ja se on tarpeeksi ohut taskuun, mutta tarpeeksi kest&auml;v&auml; kentt&auml;ty&ouml;h&ouml;n.  <\/p><h3 data-start=\"2275\" data-end=\"2306\">EX-DEMO Laatu ja arvo<\/h3><p data-start=\"2307\" data-end=\"2600\">Jokainen <strong data-start=\"2312\" data-end=\"2323\">EX-DEMO TC55<\/strong> on tarkastettu, testattu ja kunnostettu huolellisesti virheett&ouml;m&auml;n suorituskyvyn varmistamiseksi. Laite saattaa olla yleispakkauksessa, mutta se sis&auml;lt&auml;&auml; vakiovarusteet. 12 kuukauden takuun ansiosta se on edullinen tapa saada ammattilaistason liikkuvuus.  <\/p><h3 data-start=\"2602\" data-end=\"2629\">Ylivoimainen tiedonkeruu<\/h3><p data-start=\"2630\" data-end=\"2877\">Zebran kehittyneell&auml; skannausmoottorilla varustettu TC55 lukee sek&auml; 1D- ett&auml; 2D-viivakoodit nopeasti ja tarkasti. Skannattiinpa sitten lippuja, tuotetarroja tai toimitusasiakirjoja, se takaa tarkat tulokset &ndash; jopa vaurioituneista tai huonosti tulostetuista koodeista. <\/p><h3 data-start=\"2879\" data-end=\"2907\">Saumaton viestint&auml;<\/h3><p data-start=\"2908\" data-end=\"3133\">TC55 tukee 4G LTE:t&auml;, Wi-Fi:t&auml; ja Bluetoothia, joten liikkuvat ty&ouml;ntekij&auml;t voivat pit&auml;&auml; yhteytt&auml; minne tahansa. Push-to-Talk ja yritys-VoIP mahdollistavat v&auml;litt&ouml;m&auml;n viestinn&auml;n tiimien v&auml;lill&auml;, mik&auml; parantaa koordinointia ja ty&ouml;nkulun tehokkuutta. <\/p><h3 data-start=\"3135\" data-end=\"3158\">Alueelliset vaihtoehdot<\/h3><p data-start=\"3159\" data-end=\"3427\"><strong data-start=\"3163\" data-end=\"3179\">Zebra TC55CH -nimitys<\/strong> viittaa TC55-alustan erityisiin kokoonpanovaihtoehtoihin. Markkinoista ja laitteistosta riippuen se voi sis&auml;lt&auml;&auml; NFC:n, kameravaihtoehtoja tai aluekohtaisen WWAN-tuen &ndash; kaikki n&auml;m&auml; on suunniteltu s&auml;ilytt&auml;m&auml;&auml;n yhteensopivuus maailmanlaajuisissa k&auml;ytt&ouml;&ouml;notoissa. <\/p><h2 data-start=\"3429\" data-end=\"3449\">Ihanteelliset k&auml;ytt&ouml;tapaukset<\/h2><ul data-start=\"3450\" data-end=\"3975\">\n<li data-start=\"3450\" data-end=\"3567\">\n<p data-start=\"3452\" data-end=\"3567\"><strong data-start=\"3452\" data-end=\"3481\">Kentt&auml;huolto ja yleishy&ouml;dylliset palvelut &ndash;<\/strong> Luotettava tiedonkeruu ja liitett&auml;vyys tarkastuksia, korjauksia ja huoltoa varten.<\/p>\n<\/li>\n<li data-start=\"3568\" data-end=\"3664\">\n<p data-start=\"3570\" data-end=\"3664\"><strong data-start=\"3570\" data-end=\"3594\">V&auml;hitt&auml;iskauppa ja ravintola-ala &ndash;<\/strong> virtaviivaistetut varastotarkastukset ja mobiilimyyntipisteen toiminnot.<\/p>\n<\/li>\n<li data-start=\"3665\" data-end=\"3770\">\n<p data-start=\"3667\" data-end=\"3770\"><strong data-start=\"3667\" data-end=\"3697\">Kuljetus ja logistiikka &ndash;<\/strong> Tehokas pakettiseuranta, toimitustodistus ja reaaliaikaiset p&auml;ivitykset.<\/p>\n<\/li>\n<li data-start=\"3771\" data-end=\"3865\">\n<p data-start=\"3773\" data-end=\"3865\"><strong data-start=\"3773\" data-end=\"3797\">Warehouse Operations &ndash;<\/strong> Kompakti skannausratkaisu pieniin varastointiymp&auml;rist&ouml;ihin.<\/p>\n<\/li>\n<li data-start=\"3866\" data-end=\"3975\">\n<p data-start=\"3868\" data-end=\"3975\"><strong data-start=\"3868\" data-end=\"3899\">Julkinen sektori ja tarkastukset &ndash;<\/strong> Kest&auml;v&auml; kannettava laite omaisuuden valvontaan ja raportointiin ulko-olosuhteissa.<\/p>\n<\/li>\n<\/ul><h2 data-start=\"3977\" data-end=\"4001\">Tuotevertailut<\/h2><p data-start=\"4002\" data-end=\"4164\"><strong data-start=\"4006\" data-end=\"4020\">Zebra TC55 tarjoaa<\/strong> rugged liikkuvuuden kompaktissa &auml;lypuhelimen muodossa. <strong data-start=\"4135\" data-end=\"4151\">Micro Nordicissa<\/strong> saatavilla olevia vaihtoehtoja etsiv&auml;t organisaatiot <strong data-start=\"4135\" data-end=\"4151\">voivat<\/strong> harkita <strong data-start=\"4135\" data-end=\"4151\">seuraavia vaihtoehtoja<\/strong>: <\/p><ul data-start=\"4165\" data-end=\"4534\">\n<li data-start=\"4165\" data-end=\"4282\">\n<p data-start=\"4167\" data-end=\"4282\"><a href=\"https:\/\/micronordic.com\/product\/zebra-tc52-mobile-handheld-computer-refurbished\/\"><strong data-start=\"4167\" data-end=\"4206\">Zebra TC52 Handheld Mobile Computer <\/strong><\/a> &ndash; Uudempi, nopeampi Android-pohjainen laite nykyaikaisiin yritysk&auml;ytt&ouml;&ouml;n.<\/p>\n<\/li>\n<li data-start=\"4283\" data-end=\"4396\">\n<p data-start=\"4285\" data-end=\"4396\"><a href=\"https:\/\/micronordic.com\/product\/zebra-tc56-mobile-handheld-computer-refurbished\/\"><strong data-start=\"4285\" data-end=\"4324\">Zebra TC56 Handheld Mobile Computer <\/strong><\/a> &ndash; Edistyksellinen malli, jossa on parannettu ergonomia ja 4G LTE -ominaisuudet.<\/p>\n<\/li>\n<li data-start=\"4397\" data-end=\"4534\">\n<p data-start=\"4399\" data-end=\"4534\"><a href=\"https:\/\/micronordic.com\/product\/zebra-tc75x-mobile-handheld-computer-refurbished\/\"><strong data-start=\"4399\" data-end=\"4449\">Zebra TC75x Handheld Mobile Computer <\/strong><\/a>&ndash; Suurempi, eritt&auml;in rugged k&auml;mmentietokone, joka tarjoaa laajennetun kest&auml;vyyden teollisuusk&auml;ytt&ouml;&ouml;n.<\/p>\n<\/li>\n<\/ul>\n","protected":false},"excerpt":{"rendered":"<p>VALITSE ALLA OLEVA VAIHTOEHTO! Soita meille, jos tarvitset apua oikean tuotevaihtoehdon l\u00f6yt\u00e4misess\u00e4. <\/p>\n<h3>Tekniset tiedot:<\/h3>\n<ul>\n<li><strong>N\u00e4ytt\u00f6:<\/strong> Corning\u00ae Gorilla\u00ae Glass 2 -lasi<\/li>\n<li><strong>Suoritin: 1,5 GHz:n<\/strong> kaksiytiminen Qualcomm\u00ae Snapdragon\u2122 -prosessori.<\/li>\n<li><strong>Grafiikka:<\/strong> Integroitu grafiikkamoottori<\/li>\n<li><strong>Muisti: 1 GB<\/strong> RAM<\/li>\n<li><strong>Tallennustila: 8 Gt<\/strong> flash, laajennettavissa microSD-muistikortilla<\/li>\n<li><strong>Liitett\u00e4vyys: 4G LTE<\/strong>, Wi-Fi 802.11 a\/b\/g\/n, Bluetooth\u00ae 4.0, GPS.<\/li>\n<li><strong>Rugged sertifioinnit:<\/strong> pudotuskest\u00e4vyys 1,2 m (4 ft).<\/li>\n<li><strong>Turvallisuus:<\/strong> Android\u2122:n yritysominaisuudet, laitetason hallinta<\/li>\n<li><strong>Akku: 2940<\/strong> mAh:n irrotettava Li-ion, vaihdettavissa tarvittaessa.<\/li>\n<li><strong>Mitat ja paino: 137 \u00d7<\/strong> 69 \u00d7 15,9 mm, noin 213 g. <\/li>\n<li><strong>Takuu: 12 kuukauden<\/strong> EX-DEMO-takuu Micro Nordicilta.<\/li>\n<\/ul>\n<p><strong>Valitse oikea malli alla, ennen kuin lis\u00e4\u00e4t sen ostoskoriin.<\/strong><\/p>\n","protected":false},"author":16,"featured_media":100299,"template":"","meta":{"_acf_changed":false,"inline_featured_image":false},"product-condition":[5267],"product_brand":[9009],"product_cat":[5134,5130,5131],"product_tag":[],"class_list":{"0":"post-47554","1":"product","2":"type-product","3":"status-publish","4":"has-post-thumbnail","6":"product-condition-ex-demo","7":"product_brand-zebra","8":"product_cat-zebra","9":"product_cat-all-barcode-scanners","10":"product_cat-refurbished-rugged-hardware","11":"pa_model-part-number-tc55ah-g011ee","12":"pa_model-part-number-tc55ah-g011es","13":"pa_model-part-number-tc55ah-gc11ee","14":"pa_model-part-number-tc55ah-gc11es","15":"pa_model-part-number-tc55ah-j011ee","16":"pa_model-part-number-tc55ah-j011es","17":"pa_model-part-number-tc55ah-jc11ee","18":"pa_model-part-number-tc55ah-jc11es","19":"pa_model-part-number-tc55ah-kj11es","20":"pa_model-part-number-tc55ch-g011es","22":"first","23":"instock","24":"taxable","25":"shipping-taxable","26":"purchasable","27":"product-type-variable"},"acf":[],"_links":{"self":[{"href":"https:\/\/micronordic.com\/fi\/wp-json\/wp\/v2\/product\/47554","targetHints":{"allow":["GET"]}}],"collection":[{"href":"https:\/\/micronordic.com\/fi\/wp-json\/wp\/v2\/product"}],"about":[{"href":"https:\/\/micronordic.com\/fi\/wp-json\/wp\/v2\/types\/product"}],"author":[{"embeddable":true,"href":"https:\/\/micronordic.com\/fi\/wp-json\/wp\/v2\/users\/16"}],"version-history":[{"count":2,"href":"https:\/\/micronordic.com\/fi\/wp-json\/wp\/v2\/product\/47554\/revisions"}],"predecessor-version":[{"id":98513,"href":"https:\/\/micronordic.com\/fi\/wp-json\/wp\/v2\/product\/47554\/revisions\/98513"}],"wp:featuredmedia":[{"embeddable":true,"href":"https:\/\/micronordic.com\/fi\/wp-json\/wp\/v2\/media\/100299"}],"wp:attachment":[{"href":"https:\/\/micronordic.com\/fi\/wp-json\/wp\/v2\/media?parent=47554"}],"wp:term":[{"taxonomy":"product-condition","embeddable":true,"href":"https:\/\/micronordic.com\/fi\/wp-json\/wp\/v2\/product-condition?post=47554"},{"taxonomy":"product_brand","embeddable":true,"href":"https:\/\/micronordic.com\/fi\/wp-json\/wp\/v2\/product_brand?post=47554"},{"taxonomy":"product_cat","embeddable":true,"href":"https:\/\/micronordic.com\/fi\/wp-json\/wp\/v2\/product_cat?post=47554"},{"taxonomy":"product_tag","embeddable":true,"href":"https:\/\/micronordic.com\/fi\/wp-json\/wp\/v2\/product_tag?post=47554"}],"curies":[{"name":"wp","href":"https:\/\/api.w.org\/{rel}","templated":true}]}}