{"id":47550,"date":"2018-04-26T13:46:57","date_gmt":"2018-04-26T11:46:57","guid":{"rendered":"https:\/\/micronordic.com\/product\/zebra-tc75-tc75ah-mobile-handheld-computer-kunnostettu\/"},"modified":"2025-11-20T12:41:36","modified_gmt":"2025-11-20T11:41:36","slug":"zebra-tc75-mobile-handheld-computer-refurbished","status":"publish","type":"product","link":"https:\/\/micronordic.com\/fi\/product\/zebra-tc75-mobile-handheld-computer-refurbished\/","title":{"rendered":"Zebra TC75 Handheld Mobile Computer (EX-DEMO)"},"content":{"rendered":"<?xml encoding=\"utf-8\" ?><h2 data-start=\"482\" data-end=\"542\">Zebra TC75 Handheld Mobile Computer (EX-DEMO \/ NEW-IN-BOX)<\/h2><p data-start=\"544\" data-end=\"1059\"><strong data-start=\"548\" data-end=\"587\">Zebra TC75 Handheld Mobile Computer vie<\/strong> yrityksen liikkuvuuden seuraavalle tasolle 4G LTE -yhteyden, rugged rakenteen ja suorituskykyisen Android&trade;-alustan ansiosta. Se on suunniteltu ammattilaisille, jotka tarvitsevat luotettavaa viestint&auml;&auml; ja tiedonsiirtoa kent&auml;ll&auml;, ja siin&auml; yhdistyv&auml;t TC70:n parhaat ominaisuudet laajennettuihin liitett&auml;vyysvaihtoehtoihin ja parannettuun kest&auml;vyyteen. TC75 on saatavana <g id=\"gid_1\">Micro Nordicilta<\/g> sek&auml; <g id=\"gid_2\">EX-DEMO- ett&auml;<\/g> <g id=\"gid_3\">NEW-IN-BOX-muod<\/g> <g id=\"gid_1\">ossa<\/g> <g id=\"gid_3\">, ja<\/g> se on &auml;lyk&auml;s investointi yrityksille, jotka etsiv&auml;t luotettavaa ja rugged suorituskyky&auml;. EX-DEMO-yksik&ouml;iss&auml; on 12 kuukauden takuu, kun taas NEW-IN-BOX-yksik&ouml;iss&auml; on valmistajan tavanomainen 2 vuoden takuu.   <\/p><h2 data-start=\"1061\" data-end=\"1121\">Zebra TC75 Handheld Mobile Computerin t&auml;rkeimm&auml;t ominaisuudet<\/h2><ul data-start=\"1122\" data-end=\"1862\">\n<li data-start=\"1122\" data-end=\"1219\">\n<p data-start=\"1124\" data-end=\"1219\"><strong data-start=\"1124\" data-end=\"1152\">Rugged yrityssuunnittelu &ndash;<\/strong> Yhdist&auml;&auml; &auml;lypuhelimen k&auml;ytett&auml;vyyden ja teollisuusluokan kest&auml;vyyden.<\/p>\n<\/li>\n<li data-start=\"1220\" data-end=\"1317\">\n<p data-start=\"1222\" data-end=\"1317\"><strong data-start=\"1222\" data-end=\"1245\">4G LTE -yhteys &ndash;<\/strong> Tarjoaa reaaliaikaisen p&auml;&auml;syn dataan, sovelluksiin ja viestint&auml;&auml;n.<\/p>\n<\/li>\n<li data-start=\"1318\" data-end=\"1428\">\n<p data-start=\"1320\" data-end=\"1428\"><strong data-start=\"1320\" data-end=\"1353\">Suuri korkearesoluutioinen n&auml;ytt&ouml; &ndash;<\/strong> 4,7 tuuman Corning&reg; Gorilla&reg; Glass 2 -kosketusn&auml;ytt&ouml; takaa selkeyden ja kest&auml;vyyden.<\/p>\n<\/li>\n<li data-start=\"1429\" data-end=\"1533\">\n<p data-start=\"1431\" data-end=\"1533\"><strong data-start=\"1431\" data-end=\"1454\">Yrityskohtainen skannaus &ndash;<\/strong> Sis&auml;&auml;nrakennettu SE4750-kuvaaja 1D\/2D-viivakoodien tallentamiseen my&ouml;s huonoissa olosuhteissa.<\/p>\n<\/li>\n<li data-start=\"1534\" data-end=\"1605\">\n<p data-start=\"1536\" data-end=\"1605\"><strong data-start=\"1536\" data-end=\"1553\">Virtaa koko p&auml;iv&auml;ksi &ndash;<\/strong> Suurikapasiteettinen akku, jossa on hot-swap-mahdollisuus.<\/p>\n<\/li>\n<li data-start=\"1606\" data-end=\"1737\">\n<p data-start=\"1608\" data-end=\"1737\"><strong data-start=\"1608\" data-end=\"1641\">M&auml;&auml;ritelt&auml;v&auml;t ostovaihtoehdot &ndash;<\/strong> Valitse <strong data-start=\"1659\" data-end=\"1670\">EX-DEMO<\/strong> (ammattimaisesti kunnostettu) tai <strong data-start=\"1703\" data-end=\"1717\">NEW-IN-BOX (tehtaalla sinet&ouml;ity<\/strong> ).<\/p>\n<\/li>\n<li data-start=\"1738\" data-end=\"1862\">\n<p data-start=\"1740\" data-end=\"1862\"><strong data-start=\"1740\" data-end=\"1773\">Yritysohjelmistojen ekosysteemi &ndash;<\/strong> Yhteensopiva Zebra Mobility DNA:n kanssa hallinta-, turvallisuus- ja liit&auml;nt&auml;ty&ouml;kalujen osalta.<\/p>\n<\/li>\n<\/ul><h2 data-start=\"1864\" data-end=\"1881\">T&auml;rkeimm&auml;t edut<\/h2><h3 data-start=\"1883\" data-end=\"1931\">Parempi liitett&auml;vyys kentt&auml;toiminnoille<\/h3><p data-start=\"1932\" data-end=\"2220\">TC75 laajentaa edelt&auml;j&auml;ns&auml; TC70:n ominaisuuksia lis&auml;&auml;m&auml;ll&auml; siihen 4G LTE -tuen, jonka ansiosta kentt&auml;ty&ouml;ntekij&auml;t voivat pit&auml;&auml; yhteytt&auml; miss&auml; tahansa. K&auml;ytt&auml;j&auml;t voivat k&auml;ytt&auml;&auml; pilvij&auml;rjestelmi&auml;, kommunikoida v&auml;litt&ouml;m&auml;sti ja synkronoida tietoja saumattomasti, olivatpa he sitten myym&auml;l&auml;ss&auml;, jakeluautossa tai kent&auml;ll&auml;. <\/p><h3 data-start=\"2222\" data-end=\"2260\">Rakennettu vaativiin ymp&auml;rist&ouml;ihin<\/h3><p data-start=\"2261\" data-end=\"2470\">TC75 on suunniteltu kest&auml;m&auml;&auml;n iskuja, t&auml;rin&auml;&auml;, p&ouml;ly&auml; ja vett&auml;, sill&auml; se on IP67-luokituksen mukainen ja kest&auml;&auml; pudotusta 2,4 metriin asti. Se toimii luotettavasti varastoissa, tuotantolaitoksissa ja ulkoty&ouml;mailla. <\/p><h3 data-start=\"2472\" data-end=\"2503\">Joustavat ostovaihtoehdot<\/h3><p data-start=\"2504\" data-end=\"2588\"><strong data-start=\"2507\" data-end=\"2523\">Micro Nordicilla<\/strong> TC75 on saatavana sek&auml; <strong data-start=\"2555\" data-end=\"2566\">EX-DEMO- ett&auml;<\/strong> <strong data-start=\"2571\" data-end=\"2585\">NEW-IN-BOX<\/strong>-muodossa <strong data-start=\"2571\" data-end=\"2585\">.<\/strong><\/p><ul data-start=\"2589\" data-end=\"2860\">\n<li data-start=\"2589\" data-end=\"2753\">\n<p data-start=\"2591\" data-end=\"2753\"><strong data-start=\"2591\" data-end=\"2602\">EX-DEMO-mallit<\/strong> kunnostetaan t&auml;ysin &ndash; mukaan lukien uudet muovit, digitointilaitteet ja toimintatestit &ndash; ja ne tarjoavat kustannustehokkaan vaihtoehdon uusille laitteille.<\/p>\n<\/li>\n<li data-start=\"2754\" data-end=\"2860\">\n<p data-start=\"2756\" data-end=\"2860\"><strong data-start=\"2756\" data-end=\"2770\">NEW-IN-BOX-yksik&ouml;t<\/strong> ovat upouusia ja tehdastiivistettyj&auml;, joten ne sopivat erinomaisesti yrityksille, jotka tarvitsevat uusia k&auml;ytt&ouml;&ouml;nottoja.<\/p>\n<\/li>\n<\/ul><h3 data-start=\"2862\" data-end=\"2890\">Tehokas tiedonkeruu<\/h3><p data-start=\"2891\" data-end=\"3086\">Zebran SE4750-kuvantamislaite takaa nopean ja tarkan viivakoodin skannauksen my&ouml;s vaurioituneissa tarroissa. Se tukee erilaisia skannauskulmia ja -et&auml;isyyksi&auml;, mik&auml; optimoi tuottavuuden tietopainotteisissa ty&ouml;nkuluissa. <\/p><h3 data-start=\"3088\" data-end=\"3123\">Rakennettu Android&trade; Enterprisea varten<\/h3><p data-start=\"3124\" data-end=\"3270\">TC75 tukee nykyaikaisia yritystason Android&trade;-ty&ouml;kaluja, mik&auml; takaa turvallisen laitehallinnan ja yhteensopivuuden kriittisten liiketoimintasovellusten kanssa.<\/p><h2 data-start=\"3272\" data-end=\"3292\">Ihanteelliset k&auml;ytt&ouml;tapaukset<\/h2><ul data-start=\"3293\" data-end=\"3769\">\n<li data-start=\"3293\" data-end=\"3386\">\n<p data-start=\"3295\" data-end=\"3386\"><strong data-start=\"3295\" data-end=\"3324\">Kentt&auml;huolto ja yleishy&ouml;dylliset palvelut &ndash;<\/strong> Luotettava 4G-yhteys tarkastuksia, korjauksia ja raportointia varten.<\/p>\n<\/li>\n<li data-start=\"3387\" data-end=\"3488\">\n<p data-start=\"3389\" data-end=\"3488\"><strong data-start=\"3389\" data-end=\"3419\">Logistiikka ja kuljetus &ndash;<\/strong> Reaaliaikainen tiedonseuranta toimituksia ja varastotoimintoja varten.<\/p>\n<\/li>\n<li data-start=\"3489\" data-end=\"3564\">\n<p data-start=\"3491\" data-end=\"3564\"><strong data-start=\"3491\" data-end=\"3508\">Valmistus &ndash;<\/strong> Kest&auml;v&auml; ja tarkka tuotantolinjan hallintaan.<\/p>\n<\/li>\n<li data-start=\"3565\" data-end=\"3661\">\n<p data-start=\"3567\" data-end=\"3661\"><strong data-start=\"3567\" data-end=\"3588\">V&auml;hitt&auml;iskaupan toiminnot &ndash;<\/strong> mahdollistaa mobiilin myyntipisteen ja varastonhallinnan miss&auml; tahansa myym&auml;l&auml;ss&auml;.<\/p>\n<\/li>\n<li data-start=\"3662\" data-end=\"3769\">\n<p data-start=\"3664\" data-end=\"3769\"><strong data-start=\"3664\" data-end=\"3702\">Julkinen turvallisuus ja h&auml;t&auml;tilanteet &ndash;<\/strong> Rugged rakenne sopii ensivastetoimijoille ja lainvalvontaviranomaisille.<\/p>\n<\/li>\n<\/ul><h2 data-start=\"3771\" data-end=\"3795\">Tuotevertailut<\/h2><p data-start=\"3796\" data-end=\"3934\"><strong data-start=\"3800\" data-end=\"3814\">Zebra TC75<\/strong>:ss&auml; <strong data-start=\"3800\" data-end=\"3814\">yhdistyv&auml;t<\/strong> rugged liikkuvuus ja matkapuhelinyhteydet. Vaihtoehtoisia vaihtoehtoja <strong data-start=\"3905\" data-end=\"3921\">Micro Nordicin<\/strong> valikoimasta l&ouml;yd&auml;t <strong data-start=\"3905\" data-end=\"3921\">seuraavista<\/strong>: <\/p><ul data-start=\"3935\" data-end=\"4265\">\n<li data-start=\"3935\" data-end=\"4035\">\n<p data-start=\"3937\" data-end=\"4035\"><a href=\"https:\/\/micronordic.com\/product\/zebra-tc70-rugged-touch-computer-refurbished\/\"><strong data-start=\"3937\" data-end=\"3976\">Zebra TC70 Handheld Mobile Computer<\/strong><\/a> &ndash; Samankaltainen muotoilu, vain Wi-Fi-yhteytt&auml; k&auml;ytt&auml;v&auml; malli sis&auml;tiloissa tapahtuviin ty&ouml;nkulkuihin.<\/p>\n<\/li>\n<li data-start=\"4036\" data-end=\"4155\">\n<p data-start=\"4038\" data-end=\"4155\"><a href=\"https:\/\/micronordic.com\/product\/zebra-tc77-mobile-handheld-computer-refurbished\/\"><strong data-start=\"4038\" data-end=\"4077\">Zebra TC77 Handheld Mobile Computer<\/strong> <\/a>&ndash; Seuraavan sukupolven seuraaja, jossa on 5G-valmius ja parannettu suorituskyky.<\/p>\n<\/li>\n<li data-start=\"4156\" data-end=\"4265\">\n<p data-start=\"4158\" data-end=\"4265\"><a href=\"https:\/\/micronordic.com\/product\/zebra-tc56-mobile-handheld-computer-refurbished\/\"><strong data-start=\"4158\" data-end=\"4197\">Zebra TC56 Handheld Mobile Computer<\/strong> <\/a>&ndash; Kevyempi, puoliksi rugged vaihtoehto sis&auml;- ja ulkok&auml;ytt&ouml;&ouml;n.<\/p>\n<\/li>\n<\/ul>\n","protected":false},"excerpt":{"rendered":"<p>VALITSE ALLA OLEVA VAIHTOEHTO! Soita meille, jos tarvitset apua oikean tuotevaihtoehdon l\u00f6yt\u00e4misess\u00e4. <\/p>\n<h3>Tekniset tiedot:<\/h3>\n<ul>\n<li><strong>N\u00e4ytt\u00f6:<\/strong> Corning\u00ae Gorilla\u00ae Glass 2 -lasi<\/li>\n<li><strong>Prosessori:<\/strong> 1,7 GHz OMAP 4 -prosessori<\/li>\n<li><strong>Grafiikka:<\/strong> Integroitu grafiikkamoottori<\/li>\n<li><strong>Muisti: 1 GB<\/strong> RAM \/ 8 GB Flash<\/li>\n<li><strong>Tallennustila: microSD<\/strong> -korttipaikka (enint\u00e4\u00e4n 32 Gt)<\/li>\n<li><strong>Liitett\u00e4vyys: 4G LTE<\/strong>, Wi-Fi 802.11 a\/b\/g\/n, Bluetooth\u00ae 4.0, NFC (valinnainen)<\/li>\n<li><strong>Rugged sertifioinnit:<\/strong> 2,4 metrin (8 ft) pudotuskest\u00e4vyys.<\/li>\n<li><strong>Turvallisuus:<\/strong> Android\u2122 yritystason hallintaty\u00f6kalut<\/li>\n<li><strong>Akku: 4620<\/strong> mAh:n Li-ion-akku, joka on vaihdettavissa kuumavaihdolla<\/li>\n<li><strong>Mitat ja paino: 161 \u00d7<\/strong> 84 \u00d7 28 mm, noin 376 g akun kanssa. <\/li>\n<li><strong>Takuu: 12 kuukauden<\/strong> EX-DEMO \/ 2 vuoden NEW-IN-BOX-takuu.<\/li>\n<\/ul>\n<p><strong>Valitse oikea malli alla, ennen kuin lis\u00e4\u00e4t sen ostoskoriin.<\/strong><\/p>\n","protected":false},"author":16,"featured_media":100375,"template":"","meta":{"_acf_changed":false,"inline_featured_image":false},"product-condition":[5267],"product_brand":[9009],"product_cat":[5134,5130,5131],"product_tag":[3654,3612,3724,3626,3570,3710,3584,3696,3598,3682,3640,3668],"class_list":{"0":"post-47550","1":"product","2":"type-product","3":"status-publish","4":"has-post-thumbnail","6":"product-condition-ex-demo","7":"product_brand-zebra","8":"product_cat-zebra","9":"product_cat-all-barcode-scanners","10":"product_cat-refurbished-rugged-hardware","11":"product_tag-tc75ah-ga11es-a2-fi","12":"product_tag-tc75ah-ka11es-a1-fi","13":"product_tag-tc75ah-ka11es-a2-fi","14":"product_tag-tc75bh-ga11es-fi","15":"product_tag-tc75bh-ga11es-br-fi","16":"product_tag-tc75bh-ga11es-ia-fi","17":"product_tag-tc75bh-ga11es-tw-fi","18":"product_tag-tc75bh-ka11es-fi","19":"product_tag-tc75bh-ka11es-br-fi","20":"product_tag-tc75bh-ka11es-ia-fi","21":"product_tag-tc75bh-ka11es-tw-fi","22":"product_tag-tc75bh-ka11ms-cn-fi","23":"pa_model-part-number-tc75ah-ga11es","24":"pa_model-part-number-tc75ah-ga11es-a2","25":"pa_model-part-number-tc75ah-ka11es-a2","26":"pa_model-part-number-tc75bh-ga11es","27":"pa_model-part-number-tc75bh-ka11es","28":"pa_model-part-number-tc75fk-22b22ad-a6","30":"first","31":"instock","32":"taxable","33":"shipping-taxable","34":"purchasable","35":"product-type-variable"},"acf":[],"_links":{"self":[{"href":"https:\/\/micronordic.com\/fi\/wp-json\/wp\/v2\/product\/47550","targetHints":{"allow":["GET"]}}],"collection":[{"href":"https:\/\/micronordic.com\/fi\/wp-json\/wp\/v2\/product"}],"about":[{"href":"https:\/\/micronordic.com\/fi\/wp-json\/wp\/v2\/types\/product"}],"author":[{"embeddable":true,"href":"https:\/\/micronordic.com\/fi\/wp-json\/wp\/v2\/users\/16"}],"version-history":[{"count":2,"href":"https:\/\/micronordic.com\/fi\/wp-json\/wp\/v2\/product\/47550\/revisions"}],"predecessor-version":[{"id":98538,"href":"https:\/\/micronordic.com\/fi\/wp-json\/wp\/v2\/product\/47550\/revisions\/98538"}],"wp:featuredmedia":[{"embeddable":true,"href":"https:\/\/micronordic.com\/fi\/wp-json\/wp\/v2\/media\/100375"}],"wp:attachment":[{"href":"https:\/\/micronordic.com\/fi\/wp-json\/wp\/v2\/media?parent=47550"}],"wp:term":[{"taxonomy":"product-condition","embeddable":true,"href":"https:\/\/micronordic.com\/fi\/wp-json\/wp\/v2\/product-condition?post=47550"},{"taxonomy":"product_brand","embeddable":true,"href":"https:\/\/micronordic.com\/fi\/wp-json\/wp\/v2\/product_brand?post=47550"},{"taxonomy":"product_cat","embeddable":true,"href":"https:\/\/micronordic.com\/fi\/wp-json\/wp\/v2\/product_cat?post=47550"},{"taxonomy":"product_tag","embeddable":true,"href":"https:\/\/micronordic.com\/fi\/wp-json\/wp\/v2\/product_tag?post=47550"}],"curies":[{"name":"wp","href":"https:\/\/api.w.org\/{rel}","templated":true}]}}