{"id":47548,"date":"2018-04-26T13:46:56","date_gmt":"2018-04-26T11:46:56","guid":{"rendered":"https:\/\/micronordic.com\/product\/zebra-mc9200-mobile-handheld-computer-kunnostettu\/"},"modified":"2025-11-20T12:58:59","modified_gmt":"2025-11-20T11:58:59","slug":"zebra-mc9200-mobile-handheld-computer-refurbished","status":"publish","type":"product","link":"https:\/\/micronordic.com\/fi\/product\/zebra-mc9200-mobile-handheld-computer-refurbished\/","title":{"rendered":"Zebra MC9200 Handheld Mobile Computer (EX-DEMO)"},"content":{"rendered":"<?xml encoding=\"utf-8\" ?><h2 data-start=\"293\" data-end=\"355\">Zebra MC9200 Handheld Mobile Computer (EX-DEMO)<\/h2><p data-start=\"357\" data-end=\"917\"><strong data-start=\"361\" data-end=\"402\">Zebra MC9200 Handheld Mobile Computer on<\/strong> todistetusti alan standardi rugged tiedonkeruuseen, ja se tarjoaa t&auml;ydellisen tasapainon suorituskyvyn, kest&auml;vyyden ja joustavuuden v&auml;lill&auml;. MC9200 perustuu Zebran tunnettuun MC9000-sarjan perinteeseen, ja se tarjoaa nopean prosessointitehon, laajat liitett&auml;vyysvaihtoehdot ja useita skannausmoottorikokoonpanoja, jotka takaavat poikkeuksellisen suorituskyvyn vaativimmissakin ymp&auml;rist&ouml;iss&auml;. <\/p><p data-start=\"357\" data-end=\"917\">Saatavana <strong data-start=\"779\" data-end=\"795\">Micro<\/strong> Nordicilta <strong data-start=\"779\" data-end=\"795\">seuraavasti<\/strong>  <strong data-start=\"804\" data-end=\"815\">EX-DEMO. EX-DEMO-yksik&ouml;ill&auml; on 12 kuukauden takuu. <\/strong><\/p><h2 data-start=\"919\" data-end=\"981\">Zebra MC9200 Handheld Mobile Computerin t&auml;rkeimm&auml;t ominaisuudet<\/h2><ul data-start=\"982\" data-end=\"1867\">\n<li data-start=\"982\" data-end=\"1114\">\n<p data-start=\"984\" data-end=\"1114\"><strong data-start=\"984\" data-end=\"1014\">Asetyylinen ergonominen muotoilu &ndash;<\/strong> Integroitu pistoolikahva ja liipaisin mahdollistavat miellytt&auml;v&auml;n ja nopean skannauksen suurissa ymp&auml;rist&ouml;iss&auml;.<\/p>\n<\/li>\n<li data-start=\"1115\" data-end=\"1232\">\n<p data-start=\"1117\" data-end=\"1232\"><strong data-start=\"1117\" data-end=\"1149\">Yritystason suorituskyky &ndash;<\/strong> Suunniteltu jatkuvaan toimintaan varastoissa, valmistuksessa ja logistiikassa.<\/p>\n<\/li>\n<li data-start=\"1233\" data-end=\"1335\">\n<p data-start=\"1235\" data-end=\"1335\"><strong data-start=\"1235\" data-end=\"1272\">Useita k&auml;ytt&ouml;j&auml;rjestelm&auml;vaihtoehtoja &ndash;<\/strong> saatavilla Android&trade;- ja Windows Embedded Handheld -versiot.<\/p>\n<\/li>\n<li data-start=\"1336\" data-end=\"1457\">\n<p data-start=\"1338\" data-end=\"1457\"><strong data-start=\"1338\" data-end=\"1367\">Edistyksellinen viivakoodin skannaus &ndash;<\/strong> Valitse pitk&auml;n kantaman, vakiokantaman tai DPM-skannausmoottori, niin saat parhaan mahdollisen joustavuuden.<\/p>\n<\/li>\n<li data-start=\"1458\" data-end=\"1564\">\n<p data-start=\"1460\" data-end=\"1564\"><strong data-start=\"1460\" data-end=\"1477\">Rugged rakenne &ndash;<\/strong> Kest&auml;&auml; 2,4 metrin (8 ft) pudotukset ja on suljettu IP64-luokituksen mukaisesti p&ouml;lylt&auml; ja kosteudelta suojattuna.<\/p>\n<\/li>\n<li data-start=\"1565\" data-end=\"1647\">\n<p data-start=\"1567\" data-end=\"1647\"><strong data-start=\"1567\" data-end=\"1591\">Koko p&auml;iv&auml;n kest&auml;v&auml; akku &ndash;<\/strong> Kuumavaihtoj&auml;rjestelm&auml; pit&auml;&auml; tuottavuuden korkeana.<\/p>\n<\/li>\n<li data-start=\"1778\" data-end=\"1867\">\n<p data-start=\"1780\" data-end=\"1867\"><strong data-start=\"1780\" data-end=\"1806\">Yhteensopivuus taaksep&auml;in &ndash;<\/strong> Tukee olemassa olevia MC9000-sarjan lis&auml;varusteita ja telineit&auml;.<\/p>\n<\/li>\n<\/ul><h2 data-start=\"1869\" data-end=\"1886\">T&auml;rkeimm&auml;t edut<\/h2><h3 data-start=\"1888\" data-end=\"1936\">Todistettu luotettavuus vaativiin ty&ouml;nkulkuihin<\/h3><p data-start=\"1937\" data-end=\"2181\">MC9200 perustuu Zebran MC9000-perint&ouml;&ouml;n, ja sen nopeutta, kest&auml;vyytt&auml; ja ergonomista muotoilua on parannettu. Sen <strong data-start=\"2041\" data-end=\"2066\">pistoolityyppinen muoto, jossa on<\/strong> oma liipaisin, mahdollistaa nopean ja vaivattoman skannauksen &ndash; ihanteellinen ty&ouml;ntekij&ouml;ille, jotka k&auml;sittelev&auml;t tuhansia esineit&auml; p&auml;ivitt&auml;in. <\/p><h3 data-start=\"2183\" data-end=\"2228\">Joustavat k&auml;ytt&ouml;j&auml;rjestelm&auml;- ja skannausm&auml;&auml;ritykset<\/h3><p data-start=\"2229\" data-end=\"2482\">MC9200 on saatavana Android&trade;- tai Windows Embedded Handheld -k&auml;ytt&ouml;j&auml;rjestelm&auml;ll&auml;, joten se sopii sek&auml; vanhoihin ett&auml; nykyaikaisiin yritysj&auml;rjestelmiin. Vaihdettavat skannausmoottorit tukevat pitk&auml;n kantaman ja DPM-lukua, joten k&auml;ytt&auml;j&auml;t voivat tallentaa l&auml;hes mink&auml; tahansa viivakoodityypin l&auml;helt&auml; tai kaukaa. <\/p><h3 data-start=\"2484\" data-end=\"2547\">Pidennetty tuotteen k&auml;ytt&ouml;ik&auml; EX-DEMO:n avulla:<\/h3><p data-start=\"2548\" data-end=\"2609\"><strong data-start=\"2551\" data-end=\"2567\">Micro Nordicilta<\/strong> MC9200:n voi ostaa seuraavasti:<\/p><ul data-start=\"2610\" data-end=\"2869\">\n<li data-start=\"2610\" data-end=\"2756\">\n<p data-start=\"2612\" data-end=\"2756\"><strong data-start=\"2612\" data-end=\"2623\">EX-DEMO &ndash;<\/strong> T&auml;ysin kunnostettu, testattu ja puhdistettu teknikkojen toimesta. Uusitut kotelot ja n&auml;yt&ouml;t takaavat erinomaisen kunnon edullisemmin. <\/p>\n<\/li>\n<\/ul><h3 data-start=\"2871\" data-end=\"2905\">Rakennettu vaativiin ymp&auml;rist&ouml;ihin<\/h3><p data-start=\"2906\" data-end=\"3085\">MC9200:n IP64-luokituksen ja todistetusti 3,5 metrin pudotuskest&auml;vyyden ansiosta se toimii luotettavasti kylm&auml;varastoissa, p&ouml;lyisiss&auml; varastoissa ja ulkoilman logistiikkaymp&auml;rist&ouml;iss&auml;, joissa kest&auml;vyys on kriittisen t&auml;rke&auml;&auml;.<\/p><h3 data-start=\"3087\" data-end=\"3129\">Optimoitu yritysintegraatiota varten<\/h3><p data-start=\"3130\" data-end=\"3285\">Zebran Mobility DNA -ty&ouml;kalut yksinkertaistavat asennusta, k&auml;ytt&ouml;&ouml;nottoa ja turvallisuuden hallintaa ja varmistavat saumattoman integroinnin ERP-, WMS- ja varastonhallintaj&auml;rjestelmiin.<\/p><h2 data-start=\"3287\" data-end=\"3307\">Ihanteelliset k&auml;ytt&ouml;tapaukset<\/h2><ul data-start=\"3308\" data-end=\"3810\">\n<li data-start=\"3308\" data-end=\"3416\">\n<p data-start=\"3310\" data-end=\"3416\"><strong data-start=\"3310\" data-end=\"3340\">Varastointi ja jakelu &ndash;<\/strong> Nopea skannaus ja rugged luotettavuus kuormalavojen ja s&auml;ili&ouml;iden seurantaan.<\/p>\n<\/li>\n<li data-start=\"3417\" data-end=\"3517\">\n<p data-start=\"3419\" data-end=\"3517\"><strong data-start=\"3419\" data-end=\"3436\">Teollisuus &ndash;<\/strong> T&auml;ydellinen kokoonpanolinjoille ja laadunvarmistukseen teollisuusymp&auml;rist&ouml;iss&auml;.<\/p>\n<\/li>\n<li data-start=\"3518\" data-end=\"3624\">\n<p data-start=\"3520\" data-end=\"3624\"><strong data-start=\"3520\" data-end=\"3550\">V&auml;hitt&auml;iskauppa ja varastonhallinta &ndash;<\/strong> virtaviivaistettu varastojen tarkistaminen ja tilausten hallinta suurissa v&auml;hitt&auml;iskaupoissa.<\/p>\n<\/li>\n<li data-start=\"3625\" data-end=\"3716\">\n<p data-start=\"3627\" data-end=\"3716\"><strong data-start=\"3627\" data-end=\"3646\">Kentt&auml;logistiikka &ndash;<\/strong> Luotettava yhteys ja suorituskyky mobiilia tiedonkeruuta varten.<\/p>\n<\/li>\n<li data-start=\"3717\" data-end=\"3810\">\n<p data-start=\"3719\" data-end=\"3810\"><strong data-start=\"3719\" data-end=\"3743\">Hallinto ja puolustus &ndash;<\/strong> Todistettua kest&auml;vyytt&auml; ja turvallisuutta kriittisiin operaatioihin.<\/p>\n<\/li>\n<\/ul><h2 data-start=\"3812\" data-end=\"3836\">Tuotevertailut<\/h2><p data-start=\"3837\" data-end=\"3976\"><strong data-start=\"3841\" data-end=\"3857\">Zebra MC9200 jatkaa<\/strong> Zebran perint&ouml;&auml;, joka perustuu Zebran rugged k&auml;mmentietokoneen huippuosaamiseen. Muita <strong data-start=\"3949\" data-end=\"3965\">Micro Nordic<\/strong> issa saatavilla olevia malleja <strong data-start=\"3949\" data-end=\"3965\">ovat<\/strong> mm: <\/p><ul data-start=\"3977\" data-end=\"4375\">\n<li data-start=\"3977\" data-end=\"4122\">\n<p data-start=\"3979\" data-end=\"4122\"><a href=\"https:\/\/micronordic.com\/product\/zebra-mc9300-mobile-handheld-computer-refurbished\/\"><strong data-start=\"3979\" data-end=\"4020\">Zebra MC9300 Handheld Mobile Computer<\/strong> <\/a>&ndash; Seuraavan sukupolven seuraaja, jossa on parannettu Android&trade;-suorituskyky ja akun tehokkuus.<\/p>\n<\/li>\n<li data-start=\"4123\" data-end=\"4252\">\n<p data-start=\"4125\" data-end=\"4252\"><a href=\"https:\/\/micronordic.com\/product\/zebra-mc3300-mobile-handheld-computer-refurbished\/\"><strong data-start=\"4125\" data-end=\"4176\">Zebra MC3300 Handheld Mobile Computer <\/strong><\/a> &ndash; Kevyempi keskiluokan malli, joka sopii varasto- ja v&auml;hitt&auml;ismyyntiymp&auml;rist&ouml;ihin.<\/p>\n<\/li>\n<li data-start=\"4253\" data-end=\"4375\">\n<p data-start=\"4255\" data-end=\"4375\"><a href=\"https:\/\/micronordic.com\/product\/zebra-tc75-mobile-handheld-computer-refurbished\/\"><strong data-start=\"4255\" data-end=\"4294\">Zebra TC75 Handheld Mobile Computer<\/strong> <\/a>&ndash; 4G-yhteensopiva vaihtoehto logistiikan ja kentt&auml;toimintojen liikkuville tiimeille.<\/p>\n<\/li>\n<\/ul>\n","protected":false},"excerpt":{"rendered":"<p>VALITSE ALLA OLEVA VAIHTOEHTO! Soita meille, jos tarvitset apua oikean tuotevaihtoehdon l\u00f6yt\u00e4misess\u00e4. <\/p>\n<h3>Tekniset tiedot:<\/h3>\n<ul>\n<li><strong>N\u00e4ytt\u00f6:<\/strong> (1920\u00d71200) auringonvalossa luettava kosketusn\u00e4ytt\u00f6, jossa on valinnainen k\u00e4sine- ja kyn\u00e4tuki.<\/li>\n<li><strong>Prosessori:<\/strong> Intel\u00ae Core\u2122 i5\/i7 -vaihtoehdot suorituskykyiseen moniteht\u00e4v\u00e4\u00e4n<\/li>\n<li><strong>Grafiikka:<\/strong> Grafiikka: Integroitu Intel\u00ae UHD Graphics<\/li>\n<li><strong>Muisti: 8 Gt<\/strong> &#8211; 32 Gt DDR4 RAM-muistia, p\u00e4ivitett\u00e4viss\u00e4<\/li>\n<li><strong>Tallennustila: 256 Gt<\/strong> &#8211; 2 TB NVMe SSD, laajennettavissa toissijaisen asemapaikan kautta.<\/li>\n<li><strong>Liitett\u00e4vyys:<\/strong> 5.2, valinnainen 4G LTE ja GPS.<\/li>\n<li><strong>Rugged sertifioinnit:<\/strong> 1,8 m:n pudotuskest\u00e4vyys: MIL-STD-810H, IP65, 1,8 m:n pudotuskest\u00e4vyys<\/li>\n<li><strong>Turvallisuus:<\/strong> TPM 2.0, sormenj\u00e4lkilukija, Windows Hello -kasvojentunnistus.<\/li>\n<li><strong>Akku:<\/strong> Kaksi kuumavaihdettavaa Li-ion akkua koko vuoron toimintaa varten.<\/li>\n<li><strong>Mitat ja paino: 280 \u00d7<\/strong> 188 \u00d7 23 mm, noin 1,2 kg akun kanssa. <\/li>\n<li><strong>Takuu: 12 kuukauden<\/strong> takuu Micro Nordicilta.<\/li>\n<\/ul>\n<p><strong>Valitse oikea malli alla, ennen kuin lis\u00e4\u00e4t sen ostoskoriin.<\/strong><\/p>\n","protected":false},"author":16,"featured_media":100472,"template":"","meta":{"_acf_changed":false,"inline_featured_image":false},"product-condition":[5267],"product_brand":[9009],"product_cat":[5134,5130,5131],"product_tag":[],"class_list":{"0":"post-47548","1":"product","2":"type-product","3":"status-publish","4":"has-post-thumbnail","6":"product-condition-ex-demo","7":"product_brand-zebra","8":"product_cat-zebra","9":"product_cat-all-barcode-scanners","10":"product_cat-refurbished-rugged-hardware","11":"pa_model-part-number-mc92n0-ga0sxfya5wr","12":"pa_model-part-number-mc92n0-gj0sxera5wr","13":"pa_model-part-number-mc92n0-gj0syeqa6wr","14":"pa_model-part-number-mc92n0-gl0syeya6wr","15":"pa_model-part-number-mc92n0-gp0sxera5wr","16":"pa_model-part-number-mc92n0-gp0sxeya5wr","17":"pa_model-part-number-mc92n0-gp0sxfya5wr","18":"pa_model-part-number-mc92n0-gp0syeqa6wr","19":"pa_model-part-number-mc92n0-gp0syeya6wr","20":"pa_model-part-number-mc92n0-gp0syfya6wr","21":"pa_model-part-number-mc92n0-gp0syjya6wr","23":"first","24":"instock","25":"taxable","26":"shipping-taxable","27":"purchasable","28":"product-type-variable"},"acf":[],"_links":{"self":[{"href":"https:\/\/micronordic.com\/fi\/wp-json\/wp\/v2\/product\/47548","targetHints":{"allow":["GET"]}}],"collection":[{"href":"https:\/\/micronordic.com\/fi\/wp-json\/wp\/v2\/product"}],"about":[{"href":"https:\/\/micronordic.com\/fi\/wp-json\/wp\/v2\/types\/product"}],"author":[{"embeddable":true,"href":"https:\/\/micronordic.com\/fi\/wp-json\/wp\/v2\/users\/16"}],"version-history":[{"count":3,"href":"https:\/\/micronordic.com\/fi\/wp-json\/wp\/v2\/product\/47548\/revisions"}],"predecessor-version":[{"id":98569,"href":"https:\/\/micronordic.com\/fi\/wp-json\/wp\/v2\/product\/47548\/revisions\/98569"}],"wp:featuredmedia":[{"embeddable":true,"href":"https:\/\/micronordic.com\/fi\/wp-json\/wp\/v2\/media\/100472"}],"wp:attachment":[{"href":"https:\/\/micronordic.com\/fi\/wp-json\/wp\/v2\/media?parent=47548"}],"wp:term":[{"taxonomy":"product-condition","embeddable":true,"href":"https:\/\/micronordic.com\/fi\/wp-json\/wp\/v2\/product-condition?post=47548"},{"taxonomy":"product_brand","embeddable":true,"href":"https:\/\/micronordic.com\/fi\/wp-json\/wp\/v2\/product_brand?post=47548"},{"taxonomy":"product_cat","embeddable":true,"href":"https:\/\/micronordic.com\/fi\/wp-json\/wp\/v2\/product_cat?post=47548"},{"taxonomy":"product_tag","embeddable":true,"href":"https:\/\/micronordic.com\/fi\/wp-json\/wp\/v2\/product_tag?post=47548"}],"curies":[{"name":"wp","href":"https:\/\/api.w.org\/{rel}","templated":true}]}}