{"id":47542,"date":"2018-04-26T13:46:54","date_gmt":"2018-04-26T11:46:54","guid":{"rendered":"https:\/\/micronordic.com\/product\/honeywell-intermec-ck3r-mobile-handheld-computer-kunnostettu\/"},"modified":"2025-11-20T13:27:33","modified_gmt":"2025-11-20T12:27:33","slug":"honeywell-intermec-ck3r-mobile-handheld-computer-refurbished","status":"publish","type":"product","link":"https:\/\/micronordic.com\/fi\/product\/honeywell-intermec-ck3r-mobile-handheld-computer-refurbished\/","title":{"rendered":"Honeywell Intermec CK3R Handheld Mobile Computer (EX-DEMO)"},"content":{"rendered":"<?xml encoding=\"utf-8\" ?><h2 data-start=\"0\" data-end=\"70\">Honeywell Intermec CK3R Handheld Mobile Computer (EX-DEMO)<\/h2><p data-start=\"72\" data-end=\"505\"><strong data-start=\"76\" data-end=\"103\">Honeywell Intermec CK3R on<\/strong> kevyt, n&auml;pp&auml;imist&ouml;ohjattu k&auml;sikannettava, joka on suunniteltu luotettavaan viivakoodien tallentamiseen ja klassisiin telnet\/WMS-ty&ouml;nkulkuihin varastoissa, jakelukeskuksissa, v&auml;hitt&auml;iskaupan takahuoneissa ja kevyess&auml; teollisuudessa. Tasapainoisen muotokertoimen, 3,5 tuuman transflektiivisen kosketusn&auml;yt&ouml;n ja nopean vakioalueen 2D-kuvantimen ansiosta se pit&auml;&auml; p&auml;ivitt&auml;iset teht&auml;v&auml;t nopeina ja ennustettavina ja v&auml;hent&auml;&auml; samalla k&auml;ytt&auml;j&auml;n v&auml;symyst&auml; raskaampiin laitteisiin verrattuna. <\/p><p data-start=\"507\" data-end=\"1019\">T&auml;m&auml; tuote toimitetaan <strong data-start=\"532\" data-end=\"543\">ainoastaan EX-DEMO<\/strong>. EX-DEMO-yksik&ouml;t ovat olleet lyhyess&auml; esittelyk&auml;yt&ouml;ss&auml;; useimmat toimitetaan puhtaissa yleisiss&auml; laatikoissa (jotkut alkuper&auml;ispakkauksissa), ja niiss&auml; on yleens&auml; vakiovarusteet ja kaapelit. Etu- ja takapuolen muovit ja digitointilaitteet on uusittu uusilla osilla.  <\/p><p data-start=\"507\" data-end=\"1019\"><strong>EX-DEMO-laitteisiin sis&auml;ltyy Micro Nordicin 12 kuukauden oletustakuu &ndash;<\/strong>tehokas <strong>tapa<\/strong>laajentaa tai yll&auml;pit&auml;&auml; vanhoja laitteistoja ja minimoida kulut ja s&auml;hk&ouml;inen j&auml;te toiminnallisuudesta tinkim&auml;tt&auml;.<\/p><h2 data-start=\"1021\" data-end=\"1067\">Honeywell Intermec CK3R:n t&auml;rkeimm&auml;t ominaisuudet<\/h2><ul data-start=\"1068\" data-end=\"2395\">\n<li data-start=\"1068\" data-end=\"1213\">\n<p data-start=\"1070\" data-end=\"1213\"><strong data-start=\"1070\" data-end=\"1093\">Kevyt alusta &ndash;<\/strong> Pienempi kantopaino v&auml;hent&auml;&auml; v&auml;symyst&auml; pitkiss&auml; ty&ouml;vuoroissa ja s&auml;ilytt&auml;&auml; samalla teollisen kest&auml;vyyden k&auml;yt&auml;vill&auml; ja laitureilla.<\/p>\n<\/li>\n<li data-start=\"1214\" data-end=\"1354\">\n<p data-start=\"1216\" data-end=\"1354\"><strong data-start=\"1216\" data-end=\"1245\">Auringonvalossa luettava n&auml;ytt&ouml; &ndash;<\/strong> 3,5 tuuman QVGA-kosketusn&auml;ytt&ouml; s&auml;ilyy luettavana kirkkaassa varastovalaistuksessa ja telakkaovien l&auml;hell&auml;.<\/p>\n<\/li>\n<li data-start=\"1355\" data-end=\"1479\">\n<p data-start=\"1357\" data-end=\"1479\"><strong data-start=\"1357\" data-end=\"1384\">Reagoiva arkkitehtuuri &ndash;<\/strong> OMAP-luokan 1 GHz:n prosessori pit&auml;&auml; telnet\/TE- ja WMS-n&auml;yt&ouml;t nopeina ja sy&ouml;tt&ouml;viiveen alhaisena.<\/p>\n<\/li>\n<li data-start=\"1480\" data-end=\"1605\">\n<p data-start=\"1482\" data-end=\"1605\"><strong data-start=\"1482\" data-end=\"1505\">Yrityskohtainen skannaus &ndash;<\/strong> Integroitu vakioalueen 1D\/2D-kuvauslaite tallentaa kuluneet ja kaarevat etiketit nopeasti k&auml;den ulottuvilta.<\/p>\n<\/li>\n<li data-start=\"1606\" data-end=\"1745\">\n<p data-start=\"1608\" data-end=\"1745\"><strong data-start=\"1608\" data-end=\"1633\">Luotettava liitett&auml;vyys &ndash;<\/strong> Kaksitaajuuksinen 802.11 a\/b\/g\/n -standardi yrityksen tietoturvalla sek&auml; Bluetooth kuulokkeille, rengaskannereille ja tulostimille.<\/p>\n<\/li>\n<li data-start=\"1746\" data-end=\"1870\">\n<p data-start=\"1748\" data-end=\"1870\"><strong data-start=\"1748\" data-end=\"1765\">Tehovaihtoehdot &ndash;<\/strong> vakio- ja pidennetyt Li-ion-akut tukevat t&auml;ytt&auml; k&auml;ytt&ouml;aikaa; superkapasiteetti auttaa l&auml;mpim&auml;n vaihtamisen yli.<\/p>\n<\/li>\n<li data-start=\"1871\" data-end=\"2008\">\n<p data-start=\"1873\" data-end=\"2008\"><strong data-start=\"1873\" data-end=\"1901\">Nopea I\/O ja telakointi &ndash;<\/strong> USB-asiakas ja FlexDock-ekosysteemi (yksi\/monipes&auml;inen, Ethernet, ajoneuvo) yksinkertaistavat latausta\/synkronointia mittakaavassa.<\/p>\n<\/li>\n<li data-start=\"2009\" data-end=\"2149\">\n<p data-start=\"2011\" data-end=\"2149\"><strong data-start=\"2011\" data-end=\"2036\">Tietoturva ja hallinta &ndash;<\/strong> WPA2-Enterprise, tuki laitteiden salaukselle ja laaja yhteensopivuus MDM- ja p&auml;&auml;telaite-emulointiasiakkaiden kanssa.<\/p>\n<\/li>\n<li data-start=\"2150\" data-end=\"2257\">\n<p data-start=\"2152\" data-end=\"2257\"><strong data-start=\"2152\" data-end=\"2174\">Huollettava rakenne &ndash;<\/strong> Vaihdettavat n&auml;pp&auml;imist&ouml;t, paristot ja kulutusosat pident&auml;v&auml;t elinkaarta ja alentavat TCO:ta.<\/p>\n<\/li>\n<li data-start=\"2258\" data-end=\"2395\">\n<p data-start=\"2260\" data-end=\"2395\"><strong data-start=\"2260\" data-end=\"2283\">Lis&auml;varusteiden ekosysteemi &ndash;<\/strong> Pistoolikahvat, kotelot, monipaikkaiset laturit, RFID-kiinnikkeet ja &auml;&auml;niratkaisut sopivat erilaisiin rooleihin ja vuoroihin.<\/p>\n<\/li>\n<\/ul><h2 data-start=\"2397\" data-end=\"2443\">Honeywell Intermec CK3R:n t&auml;rkeimm&auml;t edut<\/h2><h3 data-start=\"2445\" data-end=\"2484\">Rakennettu vaativimpiin ymp&auml;rist&ouml;ihin<\/h3><p data-start=\"2485\" data-end=\"2712\">Laite on p&ouml;lylt&auml; ja roiskeilta suojattu ja testattu toistuville pudotuksille ja putoamisille, joten se on valmis varastojen p&auml;ivitt&auml;iseen toimintaan &ndash; kuormalavoille, rampeille ja kiireisille lavastusalueille. Tiimit pysyv&auml;t tuottavina pys&auml;htym&auml;tt&auml; herkkien laitteiden takia. <\/p><h3 data-start=\"2714\" data-end=\"2746\">Suuri n&auml;ytt&ouml;, paremmat ty&ouml;nkulut<\/h3><p data-start=\"2747\" data-end=\"2997\">3,5 tuuman heijastava paneeli pysyy luettavana telakkaovien l&auml;hell&auml; ja kirkkaissa valoissa. Fyysiset n&auml;pp&auml;imet ja kosketus tehostavat TE-navigointia, numeroiden sy&ouml;tt&ouml;&auml;, pikan&auml;pp&auml;imi&auml; ja skannauksen laukaisua &ndash; ihanteellinen k&auml;sineiden kanssa ja silloin, kun nopeus on t&auml;rke&auml;mp&auml;&auml; kuin n&auml;yt&ouml;ll&auml; kirjoittaminen. <\/p><h3 data-start=\"2999\" data-end=\"3033\">Tehoa, joka kest&auml;&auml; koko p&auml;iv&auml;n<\/h3><p data-start=\"3034\" data-end=\"3262\">Vakio- ja suurikapasiteettiset pakkaukset kattavat pitk&auml;t reitit ja ylity&ouml;t. Sis&auml;&auml;nrakennettu superkondensaattori auttaa nopeiden vaihtojen yli, joten k&auml;ytt&auml;j&auml;t s&auml;ilytt&auml;v&auml;t istunnot ja teht&auml;v&auml;kontekstin. Yhteiset laturit ja akkuanalytiikka helpottavat kaluston tehonsuunnittelua.  <\/p><h3 data-start=\"3264\" data-end=\"3303\">Saumaton liitett&auml;vyys ja tiedonkulku<\/h3><p data-start=\"3304\" data-end=\"3563\">Yritys-WiFi-verkkovierailu yll&auml;pit&auml;&auml; TE- tai selainistuntoja k&auml;yt&auml;vien ja pihojen yli, ja Bluetooth-lis&auml;varusteet pariliitokset mahdollistavat nopeasti handsfree-tehokkuuden &ndash; kuulokkeet &auml;&auml;niohjattuun poimintaan, rengaskannerit nopeaan skannaukseen ja tulostimet merkint&ouml;ihin.<\/p><h3 data-start=\"3565\" data-end=\"3585\">Valmis laivastoille<\/h3><p data-start=\"3586\" data-end=\"3876\">Vakaa Windows Embedded Handheld 6.5 -alusta, pitk&auml;ik&auml;iset varaosat ja modulaarinen FlexDock-tuoteperhe tekev&auml;t Honeywell <strong data-start=\"3695\" data-end=\"3722\">Intermec CK3R:st&auml; suoraviivaisen ottaa<\/strong> k&auml;ytt&ouml;&ouml;n, lukita ja tukea mittakaavassa. CK3-sarjan laitteiden yhteiset lis&auml;varusteet auttavat konsolidoimaan varastoa ja v&auml;hent&auml;m&auml;&auml;n kokonaiskustannuksia. <\/p><h2 data-start=\"3878\" data-end=\"3896\">Ihanteelliset k&auml;ytt&ouml;tapaukset<\/h2><ul data-start=\"3897\" data-end=\"4508\">\n<li data-start=\"3897\" data-end=\"4033\">\n<p data-start=\"3899\" data-end=\"4033\"><strong data-start=\"3899\" data-end=\"3929\">Varastointi ja jakelu &ndash;<\/strong> Laatikoiden ja kuormalavojen poiminta, syklilaskenta ja t&auml;ydennykset, joissa matala paino ja nopea skannaus nopeuttavat kulkua.<\/p>\n<\/li>\n<li data-start=\"4034\" data-end=\"4150\">\n<p data-start=\"4036\" data-end=\"4150\"><strong data-start=\"4036\" data-end=\"4064\">V&auml;hitt&auml;iskaupan takahuone ja myym&auml;l&auml;t &ndash;<\/strong> Hintatarkistukset, vastaanotto ja inventaario luotettavalla Wi-Fi:ll&auml; ja n&auml;pp&auml;imist&ouml;n tehokkuudella.<\/p>\n<\/li>\n<li data-start=\"4151\" data-end=\"4284\">\n<p data-start=\"4153\" data-end=\"4284\"><strong data-start=\"4153\" data-end=\"4179\">Kuljetus ja cross-dock &ndash;<\/strong> Sis&auml;&auml;n- ja ulosp&auml;in suuntautuva validointi ja kuorman rakentaminen, jossa kest&auml;vyys ja pistoolikahvavaihtoehdot v&auml;hent&auml;v&auml;t v&auml;symyst&auml;.<\/p>\n<\/li>\n<li data-start=\"4285\" data-end=\"4394\">\n<p data-start=\"4287\" data-end=\"4394\"><strong data-start=\"4287\" data-end=\"4310\">Kevytvalmistus &ndash;<\/strong> Materiaalin seuranta ja WIP-p&auml;ivitykset linjapuolella vakailla TE-asiakkailla ja verkkovierailuilla.<\/p>\n<\/li>\n<li data-start=\"4395\" data-end=\"4508\">\n<p data-start=\"4397\" data-end=\"4508\"><strong data-start=\"4397\" data-end=\"4422\">Paikan p&auml;&auml;ll&auml; tapahtuva kentt&auml;huolto &ndash;<\/strong> Laitospohjaiset omaisuuden tarkastukset ja huoltolokit WLAN:ssa n&auml;pp&auml;imist&ouml;keskeisten ty&ouml;nkulkujen avulla.<\/p>\n<\/li>\n<\/ul><h2 data-start=\"4510\" data-end=\"4564\">Honeywell Intermec CK3R:n tuotevertailut<\/h2><ul data-start=\"4565\" data-end=\"5004\">\n<li data-start=\"4565\" data-end=\"4708\">\n<p data-start=\"4567\" data-end=\"4708\"><a href=\"https:\/\/micronordic.com\/product\/honeywell-intermec-ck3x-mobile-handheld-computer-refurbished\/\"><strong data-start=\"4567\" data-end=\"4594\">Honeywell Intermec CK3X<\/strong><\/a> &ndash; Valitse samankaltainen muoto, jossa on suurempi pudotuskest&auml;vyys ja laajemman kantaman skannausvaihtoehdot korkeampia telineit&auml; varten.<\/p>\n<\/li>\n<li data-start=\"4709\" data-end=\"4855\">\n<p data-start=\"4711\" data-end=\"4855\"><a href=\"https:\/\/micronordic.com\/product\/honeywell-intermec-ck71-mobile-handheld-computer-refurbished\/\"><strong data-start=\"4711\" data-end=\"4738\">Honeywell Intermec CK71<\/strong><\/a> Suosittele eritt&auml;in rugged k&auml;ytt&ouml;&auml; IP67-tiivistyksell&auml; ja parempaa kest&auml;vyytt&auml; kylmiss&auml;, m&auml;riss&auml; tai karuissa olosuhteissa.<\/p>\n<\/li>\n<li data-start=\"4856\" data-end=\"5004\">\n<p data-start=\"4858\" data-end=\"5004\"><a href=\"https:\/\/micronordic.com\/product\/intermec-cn51-mobile-handheld-computer-refurbished\/\"><strong data-start=\"4858\" data-end=\"4885\">Honeywell Intermec CN51<\/strong><\/a> &ndash; Harkitse pienikokoisempaa, mobiililaitetta kentt&auml;ty&ouml;skentelyyn, jossa siirrett&auml;vyys ja akun kesto ratkaisevat valinnan.<\/p>\n<\/li>\n<\/ul>\n","protected":false},"excerpt":{"rendered":"<p>VALITSE ALLA OLEVA VAIHTOEHTO! Soita meille, jos tarvitset apua oikean tuotevaihtoehdon l\u00f6yt\u00e4misess\u00e4. <\/p>\n<h3>Tekniset tiedot:<\/h3>\n<ul>\n<li><strong>N\u00e4ytt\u00f6:<\/strong> (240\u00d7320) heijastava kosketusn\u00e4ytt\u00f6.<\/li>\n<li><strong>Prosessori:<\/strong> 1 GHz<\/li>\n<li><strong>Grafiikka:<\/strong> Integroitu mobiiligrafiikka<\/li>\n<li><strong>Muisti: 256 Mt<\/strong> RAM-muistia (tyypillinen)<\/li>\n<li><strong>Varastointi:<\/strong> microSD-laajennus<\/li>\n<li><strong>Liitett\u00e4vyys:<\/strong> Wi-Fi 802.11 a\/b\/g\/n, Bluetooth; USB-asiakas; FlexDock-telineen liit\u00e4nn\u00e4t.<\/li>\n<li><strong>Rugged sertifioinnit:<\/strong> IP54; testattu pudotus- ja kaatumistestaus yritysk\u00e4ytt\u00f6\u00f6n.<\/li>\n<li><strong>Turvallisuus:<\/strong> MDM\/TE-yhteensopiva.<\/li>\n<li><strong>Akku: vakio<\/strong> \u22482000 mAh; laajennettu \u22485000-6000+ mAh; superkorkki l\u00e4mpim\u00e4\u00e4n vaihtoon.<\/li>\n<li><strong>Mitat ja paino: ~216<\/strong> \u00d7 83 \u00d7 36 mm; ~450-500 g (akusta riippuen).<\/li>\n<li><strong>Takuu:<\/strong> EX-DEMO 12 kuukauden takuu Micro Nordicilta.<\/li>\n<\/ul>\n<p><strong>Valitse oikea malli alla, ennen kuin lis\u00e4\u00e4t sen ostoskoriin.<\/strong><\/p>\n","protected":false},"author":16,"featured_media":100607,"template":"","meta":{"_acf_changed":false,"inline_featured_image":false},"product-condition":[5267],"product_brand":[8973],"product_cat":[5127,5130,5131],"product_tag":[4882],"class_list":{"0":"post-47542","1":"product","2":"type-product","3":"status-publish","4":"has-post-thumbnail","6":"product-condition-ex-demo","7":"product_brand-honeywell-intermec","8":"product_cat-honeywell-intermec","9":"product_cat-all-barcode-scanners","10":"product_cat-refurbished-rugged-hardware","11":"product_tag-wrd-fi","12":"pa_model-part-number-ck3raa4s000w4100","13":"pa_model-part-number-ck3raa4s000w410a","14":"pa_model-part-number-ck3raa4s000w4400","15":"pa_model-part-number-ck3raa4s000w440a","16":"pa_model-part-number-ck3rab4s000w4100","17":"pa_model-part-number-ck3rab4s000w410a","18":"pa_model-part-number-ck3rab4s000w4400","19":"pa_model-part-number-ck3rab4s000w440a","21":"first","22":"instock","23":"taxable","24":"shipping-taxable","25":"purchasable","26":"product-type-variable"},"acf":[],"_links":{"self":[{"href":"https:\/\/micronordic.com\/fi\/wp-json\/wp\/v2\/product\/47542","targetHints":{"allow":["GET"]}}],"collection":[{"href":"https:\/\/micronordic.com\/fi\/wp-json\/wp\/v2\/product"}],"about":[{"href":"https:\/\/micronordic.com\/fi\/wp-json\/wp\/v2\/types\/product"}],"author":[{"embeddable":true,"href":"https:\/\/micronordic.com\/fi\/wp-json\/wp\/v2\/users\/16"}],"version-history":[{"count":2,"href":"https:\/\/micronordic.com\/fi\/wp-json\/wp\/v2\/product\/47542\/revisions"}],"predecessor-version":[{"id":98621,"href":"https:\/\/micronordic.com\/fi\/wp-json\/wp\/v2\/product\/47542\/revisions\/98621"}],"wp:featuredmedia":[{"embeddable":true,"href":"https:\/\/micronordic.com\/fi\/wp-json\/wp\/v2\/media\/100607"}],"wp:attachment":[{"href":"https:\/\/micronordic.com\/fi\/wp-json\/wp\/v2\/media?parent=47542"}],"wp:term":[{"taxonomy":"product-condition","embeddable":true,"href":"https:\/\/micronordic.com\/fi\/wp-json\/wp\/v2\/product-condition?post=47542"},{"taxonomy":"product_brand","embeddable":true,"href":"https:\/\/micronordic.com\/fi\/wp-json\/wp\/v2\/product_brand?post=47542"},{"taxonomy":"product_cat","embeddable":true,"href":"https:\/\/micronordic.com\/fi\/wp-json\/wp\/v2\/product_cat?post=47542"},{"taxonomy":"product_tag","embeddable":true,"href":"https:\/\/micronordic.com\/fi\/wp-json\/wp\/v2\/product_tag?post=47542"}],"curies":[{"name":"wp","href":"https:\/\/api.w.org\/{rel}","templated":true}]}}