{"id":47538,"date":"2018-04-26T13:46:54","date_gmt":"2018-04-26T11:46:54","guid":{"rendered":"https:\/\/micronordic.com\/product\/honeywell-intermec-ck71-mobile-handheld-computer-kunnostettu\/"},"modified":"2025-11-20T13:35:59","modified_gmt":"2025-11-20T12:35:59","slug":"honeywell-intermec-ck71-mobile-handheld-computer-refurbished","status":"publish","type":"product","link":"https:\/\/micronordic.com\/fi\/product\/honeywell-intermec-ck71-mobile-handheld-computer-refurbished\/","title":{"rendered":"Honeywell Intermec CK71 Handheld Mobile Computer (EX-DEMO)"},"content":{"rendered":"<?xml encoding=\"utf-8\" ?><h2 data-start=\"0\" data-end=\"73\">Honeywell Intermec CK71 &ndash; eritt&auml;in rugged kannettava tietokone (UUSI &amp; EX-DEMO)<\/h2><p data-start=\"75\" data-end=\"616\"><strong data-start=\"79\" data-end=\"106\">Honeywell Intermec CK71 on<\/strong> eritt&auml;in rugged k&auml;mmenlaite, joka on suunniteltu teht&auml;v&auml;kriittiseen skannaukseen ja teht&auml;vien suorittamiseen vaativissa ymp&auml;rist&ouml;iss&auml;. Se tarjoaa 3,5 tuuman Full-VGA-taitton&auml;yt&ouml;n, pitk&auml;n kantaman kuvantamisvaihtoehdot ja yrityksen WLAN-verkon, joten se tarjoaa luotettavaa suorituskyky&auml; tiimeille varastoissa, cross-dockeissa, pihoilla ja kylm&auml;huoneissa, joissa laitteet joutuvat koville. Kevyempiin varastok&auml;mmenlaitteisiin verrattuna <strong data-start=\"480\" data-end=\"507\">Honeywell Intermec CK71<\/strong> Handheld <strong data-start=\"480\" data-end=\"507\">asettaa etusijalle<\/strong> selviytymiskyvyn, akun kest&auml;vyyden ja n&auml;pp&auml;imist&ouml;keskeisen nopeuden klassisia WMS- ja telnet-ty&ouml;nkulkuja varten.  <\/p><p data-start=\"618\" data-end=\"1154\">T&auml;m&auml; tuote on saatavana <strong data-start=\"666\" data-end=\"677\">EX-DEMO<\/strong>-muodossa <strong data-start=\"666\" data-end=\"677\">.<\/strong> EX-DEMO-yksik&ouml;t ovat n&auml;hneet vain lyhyen esittelyk&auml;yt&ouml;n; useimmat toimitetaan puhtaissa yleisiss&auml; laatikoissa (jotkin alkuper&auml;ispakkauksissa), ja niiss&auml; on yleens&auml; vakiovarusteet\/kaapelit. Etu- ja takapuolen muovit ja digitointilaitteet on uusittu uusilla osilla.  <\/p><p data-start=\"618\" data-end=\"1154\"><strong>EX-DEMO-laitteisiin sis&auml;ltyy Micro Nordicin 12 kuukauden oletustakuu &ndash;<\/strong> kustannustehokas tapa laajentaa laivastoa t&auml;ysin toimivilla <strong data-start=\"1118\" data-end=\"1145\">Honeywell Intermec CK71<\/strong> -laitteilla.<\/p><h2 data-start=\"1156\" data-end=\"1202\">Honeywell Intermec CK71:n t&auml;rkeimm&auml;t ominaisuudet<\/h2><ul data-start=\"1203\" data-end=\"2532\">\n<li data-start=\"1203\" data-end=\"1347\">\n<p data-start=\"1205\" data-end=\"1347\"><strong data-start=\"1205\" data-end=\"1229\">Eritt&auml;in rugged alusta &ndash;<\/strong> IP67-tiivistys ja 6 ft\/1,8 m:n pudotukset koko k&auml;ytt&ouml;l&auml;mp&ouml;tila-alueella takaavat luotettavan k&auml;ytett&auml;vyyden vaikeissa olosuhteissa.<\/p>\n<\/li>\n<li data-start=\"1348\" data-end=\"1497\">\n<p data-start=\"1350\" data-end=\"1497\"><strong data-start=\"1350\" data-end=\"1379\">Auringonvalossa luettava n&auml;ytt&ouml; &ndash;<\/strong> 3,5 tuuman t&auml;ys-VGA-transflektiivinen kosketusn&auml;ytt&ouml;, jossa on kest&auml;v&auml; suojalasi, joka takaa ter&auml;v&auml;n n&auml;kyvyyden satamaovien l&auml;hell&auml; ja ulkona.<\/p>\n<\/li>\n<li data-start=\"1498\" data-end=\"1634\">\n<p data-start=\"1500\" data-end=\"1634\"><strong data-start=\"1500\" data-end=\"1527\">Reagoiva arkkitehtuuri &ndash;<\/strong> Optimoitu moniprosessori\/OMAP-luokan rakenne pit&auml;&auml; telnet-, selain- ja TE-sovellukset nopeina ja pienell&auml; viiveell&auml;.<\/p>\n<\/li>\n<li data-start=\"1635\" data-end=\"1779\">\n<p data-start=\"1637\" data-end=\"1779\"><strong data-start=\"1637\" data-end=\"1660\">Yrityksen skannaus &ndash;<\/strong> Vakio 1D\/2D-kuvauslaite tai l&auml;hi-\/kaukoluku l&auml;hiet&auml;isyydelt&auml; aina hyllykorkeuksiin asti &ndash; kuluneiden etikettien nopea tallennus.<\/p>\n<\/li>\n<li data-start=\"1780\" data-end=\"1895\">\n<p data-start=\"1782\" data-end=\"1895\"><strong data-start=\"1782\" data-end=\"1797\">Nykyaikainen WLAN &ndash;<\/strong> kaksitaajuuksinen 802.11 a\/b\/g\/n ja yritysverkkovierailu, joka mahdollistaa vakaat istunnot suurissa tiloissa.<\/p>\n<\/li>\n<li data-start=\"1896\" data-end=\"2025\">\n<p data-start=\"1898\" data-end=\"2025\"><strong data-start=\"1898\" data-end=\"1924\">PowerPrecision-akku &ndash;<\/strong> Suurikapasiteettinen 5200 mAh:n akku, jossa on terveysmittarit, tukee pitki&auml; ty&ouml;vuoroja ja ennakoivia vaihtoja.<\/p>\n<\/li>\n<li data-start=\"2026\" data-end=\"2168\">\n<p data-start=\"2028\" data-end=\"2168\"><strong data-start=\"2028\" data-end=\"2056\">Nopea I\/O ja telakointi &ndash;<\/strong> USB-asiakas ja rugged, usean lokeron FlexDock-ekosysteemi (Ethernet- ja ajoneuvovaihtoehdot) yksinkertaistavat ajoneuvokannan latausta\/synkronointia.<\/p>\n<\/li>\n<li data-start=\"2169\" data-end=\"2294\">\n<p data-start=\"2171\" data-end=\"2294\"><strong data-start=\"2171\" data-end=\"2199\">Tietoturva ja hallittavuus &ndash;<\/strong> WPA2-Enterprise, tuki laitteiden salaukselle ja laaja MDM\/p&auml;&auml;telaite-emulointiyhteensopivuus.<\/p>\n<\/li>\n<li data-start=\"2295\" data-end=\"2401\">\n<p data-start=\"2297\" data-end=\"2401\"><strong data-start=\"2297\" data-end=\"2319\">Huollettava rakenne &ndash;<\/strong> Vaihdettavat n&auml;pp&auml;imist&ouml;t, paristot ja kulutusosat pident&auml;v&auml;t elinkaarta ja alentavat TCO:ta.<\/p>\n<\/li>\n<li data-start=\"2402\" data-end=\"2532\">\n<p data-start=\"2404\" data-end=\"2532\"><strong data-start=\"2404\" data-end=\"2427\">Lis&auml;varusteiden ekosysteemi &ndash;<\/strong> Pistoolikahvat, kotelot, RFID-kiinnikkeet, kuulokkeet ja rengaskannerit soveltuvat erilaisiin teht&auml;viin ja ty&ouml;vuoroihin.<\/p>\n<\/li>\n<\/ul><h2 data-start=\"2534\" data-end=\"2580\">Honeywell Intermec CK71:n t&auml;rkeimm&auml;t edut<\/h2><h3 data-start=\"2582\" data-end=\"2621\">Rakennettu vaativimpiin ymp&auml;rist&ouml;ihin<\/h3><p data-start=\"2622\" data-end=\"2874\">Laite on suojattu p&ouml;lylt&auml; ja vedelt&auml; IP67-luokituksen mukaisesti, se on pudotustestattu 1,8 metrin korkeuteen koko k&auml;ytt&ouml;l&auml;mp&ouml;tila-alueella ja testattu toistuville iskuille, joten se kest&auml;&auml; sateen, kylmyyden ja lastauslaiturin v&auml;&auml;rink&auml;yt&ouml;kset. Tiimit pysyv&auml;t tuottavina ilman laitteiden hoitamista. <\/p><h3 data-start=\"2876\" data-end=\"2908\">Suuri n&auml;ytt&ouml;, paremmat ty&ouml;nkulut<\/h3><p data-start=\"2909\" data-end=\"3159\">3,5 tuuman heijastava Full-VGA-paneeli pysyy luettavana kirkkaissa valoissa ja telakan ovien l&auml;hell&auml;. Fyysinen n&auml;pp&auml;imist&ouml; nopeuttaa telnet\/WMS-navigointia, numeroiden sy&ouml;tt&ouml;&auml; ja toiminton&auml;pp&auml;imi&auml; &ndash; ihanteellinen k&auml;sineiden kanssa ja silloin, kun nopeus on t&auml;rke&auml;mp&auml;&auml; kuin n&auml;yt&ouml;ll&auml; kirjoittaminen. <\/p><h3 data-start=\"3161\" data-end=\"3195\">Tehoa, joka kest&auml;&auml; koko p&auml;iv&auml;n<\/h3><p data-start=\"3196\" data-end=\"3402\">5200 mAh:n kent&auml;ll&auml; vaihdettava akku on suunniteltu pidempi&auml; ty&ouml;vuoroja varten. Akun kunnon diagnostiikka auttaa IT-osastoa vaihtamaan akkuja ennen vikojen ilmaantumista, mik&auml; v&auml;hent&auml;&auml; yll&auml;tt&auml;vi&auml; seisokkeja ja pit&auml;&auml; reitit ja poiminnat aikataulussa. <\/p><h3 data-start=\"3404\" data-end=\"3443\">Saumaton liitett&auml;vyys ja tiedonkulku<\/h3><p data-start=\"3444\" data-end=\"3682\">Kaksitaajuuksinen 802.11 a\/b\/g\/n ja yritysverkkovierailu yll&auml;pit&auml;v&auml;t TE- tai selainistuntoja, kun ty&ouml;ntekij&auml;t liikkuvat k&auml;yt&auml;vien, pihojen ja lavastusalueiden v&auml;lill&auml;. Bluetooth tukee oheislaitteita, kuten kuulokkeita, tulostimia ja rengaskannereita, ja mahdollistaa handsfree-tehokkuuden. <\/p><h3 data-start=\"3684\" data-end=\"3704\">Valmis laivastoille<\/h3><p data-start=\"3705\" data-end=\"3944\">Vakaa Windows Embedded Handheld 6.5 -alusta, FlexDock-telineet ja pitk&auml;ik&auml;iset varaosat helpottavat k&auml;ytt&ouml;&ouml;nottoa ja tukea mittakaavassa. CK7x\/CK3x-tuoteperheiden standardoidut lis&auml;varusteet auttavat yhdist&auml;m&auml;&auml;n laturit ja kotelot, mik&auml; alentaa kokonaiskustannuksia. <\/p><h2 data-start=\"3946\" data-end=\"3964\">Ihanteelliset k&auml;ytt&ouml;tapaukset<\/h2><ul data-start=\"3965\" data-end=\"4607\">\n<li data-start=\"3965\" data-end=\"4096\">\n<p data-start=\"3967\" data-end=\"4096\"><strong data-start=\"3967\" data-end=\"3997\">Varastointi ja jakelu &ndash;<\/strong> Laatikoiden ja kuormalavojen poiminta, syklin laskenta ja t&auml;ydennys kaukoskannaus ja n&auml;pp&auml;imist&ouml;n nopeus.<\/p>\n<\/li>\n<li data-start=\"4097\" data-end=\"4230\">\n<p data-start=\"4099\" data-end=\"4230\"><strong data-start=\"4099\" data-end=\"4125\">Kuljetus ja cross-dock &ndash;<\/strong> saapuvan ja l&auml;htev&auml;n lastin validointi ja kuorman rakentaminen piha- ja ramppiolosuhteissa, joissa rugged k&auml;ytett&auml;vyydell&auml; on merkityst&auml;.<\/p>\n<\/li>\n<li data-start=\"4231\" data-end=\"4359\">\n<p data-start=\"4233\" data-end=\"4359\"><strong data-start=\"4233\" data-end=\"4264\">Kylm&auml;ketju ja elintarvikelogistiikka &ndash;<\/strong> Skannaus ja tarkastukset j&auml;&auml;hdyttimiss&auml;\/pakastimissa, joissa on k&auml;sineyst&auml;v&auml;llinen k&auml;ytt&ouml; ja suljettu kotelo.<\/p>\n<\/li>\n<li data-start=\"4360\" data-end=\"4484\">\n<p data-start=\"4362\" data-end=\"4484\"><strong data-start=\"4362\" data-end=\"4390\">Tuotanto ja kokoonpano &ndash;<\/strong> Linjapuolen materiaaliseuranta ja WIP-p&auml;ivitykset, joissa kest&auml;vyys ja TE-asiakkaat ovat vakiona.<\/p>\n<\/li>\n<li data-start=\"4485\" data-end=\"4607\">\n<p data-start=\"4487\" data-end=\"4607\"><strong data-start=\"4487\" data-end=\"4516\">Julkinen sektori ja yleishy&ouml;dylliset laitokset &ndash;<\/strong> omaisuuden tarkastukset ja laitokset ty&ouml;skentelev&auml;t vaikeissa ulkoymp&auml;rist&ouml;iss&auml;, joissa on kovaa k&auml;sittely&auml;.<\/p>\n<\/li>\n<\/ul><h2 data-start=\"4609\" data-end=\"4663\">Honeywell Intermec CK71:n tuotevertailut<\/h2><ul data-start=\"4664\" data-end=\"5110\">\n<li data-start=\"4664\" data-end=\"4813\">\n<p data-start=\"4666\" data-end=\"4813\"><a href=\"https:\/\/micronordic.com\/product\/honeywell-intermec-ck3x-mobile-handheld-computer-refurbished\/\"><strong data-start=\"4666\" data-end=\"4693\">Honeywell Intermec CK3X<\/strong><\/a> &ndash; Valitse, kun haluat kevyemm&auml;n ja tasapainoisemman laitteen tavallisiin varastoteht&auml;viin, joissa on vahva lis&auml;varusteiden jatkuvuus.<\/p>\n<\/li>\n<li data-start=\"4814\" data-end=\"4964\">\n<p data-start=\"4816\" data-end=\"4964\"><a href=\"https:\/\/micronordic.com\/product\/intermec-cn51-mobile-handheld-computer-refurbished\/\"><strong data-start=\"4816\" data-end=\"4843\">Honeywell Intermec CN51<\/strong><\/a> &ndash; Valitse mieluummin kompaktimpi, siirrett&auml;v&auml; muoto kentt&auml;teht&auml;viin, joissa siirrett&auml;vyys ja akun kesto ratkaisevat valinnan.<\/p>\n<\/li>\n<li data-start=\"4965\" data-end=\"5110\">\n<p data-start=\"4967\" data-end=\"5110\"><a href=\"https:\/\/micronordic.com\/product\/honeywell-intermec-cn70-mobile-handheld-computer-refurbished\/\"><strong data-start=\"4967\" data-end=\"4994\">Honeywell Intermec CN70<\/strong><\/a> &ndash; Harkitse vastaavaa eritt&auml;in rugged, kompaktia n&auml;pp&auml;imist&ouml;laitetta, joka on optimoitu kentt&auml;ryhmille, jotka tarvitsevat maksimaalista kest&auml;vyytt&auml;.<\/p>\n<\/li>\n<\/ul>\n","protected":false},"excerpt":{"rendered":"<p>VALITSE ALLA OLEVA VAIHTOEHTO! Soita meille, jos tarvitset apua oikean tuotevaihtoehdon l\u00f6yt\u00e4misess\u00e4. <\/p>\n<h3>Tekniset tiedot:<\/h3>\n<ul>\n<li><strong>N\u00e4ytt\u00f6:<\/strong> VGA (480\u00d7640), heijastava kosketusn\u00e4ytt\u00f6.<\/li>\n<li><strong>Prosessori:<\/strong> OMAP-luokan moniprosessori, ~1 GHz<\/li>\n<li><strong>Grafiikka:<\/strong> Integroitu mobiiligrafiikka<\/li>\n<li><strong>Muisti:<\/strong> RAM-MUISTI: 512 MB<\/li>\n<li><strong>Varastointi:<\/strong> microSD-laajennus<\/li>\n<li><strong>Liitett\u00e4vyys:<\/strong> Wi-Fi 802.11 a\/b\/g\/n, Bluetooth; USB-asiakas; FlexDock-telineen liit\u00e4nn\u00e4t.<\/li>\n<li><strong>Rugged sertifioinnit:<\/strong> 1,8 m\/6 ft pudotukset koko l\u00e4mp\u00f6tila-alueella; 2000\u00d7 kaatuminen (1 m).<\/li>\n<li><strong>Turvallisuus:<\/strong> MDM\/TE-yhteensopiva.<\/li>\n<li><strong>Akku: 5200<\/strong> mAh:n irrotettava Li-ion akku, jossa on kuntodiagnostiikka.<\/li>\n<li><strong>Mitat ja paino: 23,7<\/strong> \u00d7 8,0 \u00d7 5,0 cm; ~584 g (akun kanssa).<\/li>\n<li><strong>Takuu:<\/strong> Takuu: EX-DEMO 12 kuukauden takuu Micro Nordicilta.<\/li>\n<\/ul>\n<p><strong>Valitse oikea malli alla, ennen kuin lis\u00e4\u00e4t sen ostoskoriin.<\/strong><\/p>\n","protected":false},"author":16,"featured_media":100532,"template":"","meta":{"_acf_changed":false,"inline_featured_image":false},"product-condition":[5267],"product_brand":[8973],"product_cat":[5127,5130,5131],"product_tag":[4882],"class_list":{"0":"post-47538","1":"product","2":"type-product","3":"status-publish","4":"has-post-thumbnail","6":"product-condition-ex-demo","7":"product_brand-honeywell-intermec","8":"product_cat-honeywell-intermec","9":"product_cat-all-barcode-scanners","10":"product_cat-refurbished-rugged-hardware","11":"product_tag-wrd-fi","12":"pa_model-part-number-ck71aa4mn00w1100","13":"pa_model-part-number-ck71aa6mn00w1100","14":"pa_model-part-number-ck71ab6en00w1400","15":"pa_model-part-number-ck71ab6en00w4100","16":"pa_model-part-number-ck71ab6mc00w1100","17":"pa_model-part-number-ck71ab6mc00w1400","18":"pa_model-part-number-ck71ab6mc00w4100","19":"pa_model-part-number-ck71ab6mn00w1100","20":"pa_model-part-number-ck71ab6mn00w1400","21":"pa_model-part-number-ck71ab6mn00w4100","23":"first","24":"instock","25":"taxable","26":"shipping-taxable","27":"purchasable","28":"product-type-variable"},"acf":[],"_links":{"self":[{"href":"https:\/\/micronordic.com\/fi\/wp-json\/wp\/v2\/product\/47538","targetHints":{"allow":["GET"]}}],"collection":[{"href":"https:\/\/micronordic.com\/fi\/wp-json\/wp\/v2\/product"}],"about":[{"href":"https:\/\/micronordic.com\/fi\/wp-json\/wp\/v2\/types\/product"}],"author":[{"embeddable":true,"href":"https:\/\/micronordic.com\/fi\/wp-json\/wp\/v2\/users\/16"}],"version-history":[{"count":2,"href":"https:\/\/micronordic.com\/fi\/wp-json\/wp\/v2\/product\/47538\/revisions"}],"predecessor-version":[{"id":98646,"href":"https:\/\/micronordic.com\/fi\/wp-json\/wp\/v2\/product\/47538\/revisions\/98646"}],"wp:featuredmedia":[{"embeddable":true,"href":"https:\/\/micronordic.com\/fi\/wp-json\/wp\/v2\/media\/100532"}],"wp:attachment":[{"href":"https:\/\/micronordic.com\/fi\/wp-json\/wp\/v2\/media?parent=47538"}],"wp:term":[{"taxonomy":"product-condition","embeddable":true,"href":"https:\/\/micronordic.com\/fi\/wp-json\/wp\/v2\/product-condition?post=47538"},{"taxonomy":"product_brand","embeddable":true,"href":"https:\/\/micronordic.com\/fi\/wp-json\/wp\/v2\/product_brand?post=47538"},{"taxonomy":"product_cat","embeddable":true,"href":"https:\/\/micronordic.com\/fi\/wp-json\/wp\/v2\/product_cat?post=47538"},{"taxonomy":"product_tag","embeddable":true,"href":"https:\/\/micronordic.com\/fi\/wp-json\/wp\/v2\/product_tag?post=47538"}],"curies":[{"name":"wp","href":"https:\/\/api.w.org\/{rel}","templated":true}]}}