{"id":47536,"date":"2018-04-26T13:46:54","date_gmt":"2018-04-26T11:46:54","guid":{"rendered":"https:\/\/micronordic.com\/product\/honeywell-intermec-cn51-mobile-handheld-computer-kunnostettu\/"},"modified":"2025-11-20T13:38:21","modified_gmt":"2025-11-20T12:38:21","slug":"intermec-cn51-mobile-handheld-computer-refurbished","status":"publish","type":"product","link":"https:\/\/micronordic.com\/fi\/product\/intermec-cn51-mobile-handheld-computer-refurbished\/","title":{"rendered":"Honeywell Intermec CN51 Handheld Mobile Computer (EX-DEMO)"},"content":{"rendered":"<?xml encoding=\"utf-8\" ?><h2 data-start=\"0\" data-end=\"61\">Honeywell Intermec CN51 Handheld Mobile Computer (EX-DEMO)<\/h2><p data-start=\"63\" data-end=\"473\"><strong data-start=\"67\" data-end=\"94\">Honeywell Intermec CN51 on<\/strong> kompakti ja rugged k&auml;sikannettava, joka on suunniteltu etulinjan liikkuvuuteen, kun luotettava viivakoodien tallennus, keskeytym&auml;t&ouml;n liitett&auml;vyys ja n&auml;pp&auml;imist&ouml;n tehokkuus ovat t&auml;rkeit&auml;. Suuren 4,0 tuuman WVGA-monikosketusn&auml;yt&ouml;n, 1,5 GHz:n tuplaydinsuorittimen ja liikett&auml; siet&auml;v&auml;n 1D\/2D-kuvantamisen ansiosta se pit&auml;&auml; TE\/telnet- ja selainpohjaiset WMS-ty&ouml;nkulut toimintakykyisin&auml; varastotiloissa, risteyslaitureilla ja tien p&auml;&auml;ll&auml;. <\/p><p data-start=\"475\" data-end=\"955\">T&auml;m&auml; tuote toimitetaan <strong data-start=\"500\" data-end=\"511\">ainoastaan EX-DEMO<\/strong>. EX-DEMO-yksik&ouml;t ovat olleet lyhyess&auml; esittelyk&auml;yt&ouml;ss&auml;; useimmat toimitetaan puhtaissa yleisiss&auml; laatikoissa (jotkut alkuper&auml;ispakkauksissa), ja niiss&auml; on yleens&auml; vakiovarusteet ja kaapelit. Etu- ja takapuolen muovit ja digitointilaitteet on uusittu uusilla osilla.  <\/p><p data-start=\"475\" data-end=\"955\"><strong>EX-DEMO-laitteisiin sis&auml;ltyy Micro Nordicin my&ouml;nt&auml;m&auml; 12 kuukauden oletustakuu &ndash;<\/strong>kustannustehokas tapa laajentaa tai yll&auml;pit&auml;&auml; vanhoja laitteita ja v&auml;hent&auml;&auml; kustannuksia ja s&auml;hk&ouml;ist&auml; j&auml;tett&auml; toiminnallisuudesta tinkim&auml;tt&auml;.<\/p><h2 data-start=\"957\" data-end=\"1003\">Honeywell Intermec CN51:n t&auml;rkeimm&auml;t ominaisuudet<\/h2><ul data-start=\"1004\" data-end=\"2301\">\n<li data-start=\"1004\" data-end=\"1141\">\n<p data-start=\"1006\" data-end=\"1141\"><strong data-start=\"1006\" data-end=\"1022\">Rugged rakenne &ndash;<\/strong> IP64-tiivistys ja toistuva 1,5 m:n ja 5 ft:n pudotuskest&auml;vyys auttavat laitetta kest&auml;m&auml;&auml;n p&auml;ivitt&auml;iset kolhut, roiskeet ja putoamiset.<\/p>\n<\/li>\n<li data-start=\"1142\" data-end=\"1273\">\n<p data-start=\"1144\" data-end=\"1273\"><strong data-start=\"1144\" data-end=\"1172\">Ulkona luettava n&auml;ytt&ouml; &ndash;<\/strong> 4,0 tuuman WVGA (480&times;800) monikosketusn&auml;ytt&ouml; tarjoaa selke&auml;n n&auml;kym&auml;n telakan ovien l&auml;hell&auml; ja kirkkaassa valossa.<\/p>\n<\/li>\n<li data-start=\"1274\" data-end=\"1399\">\n<p data-start=\"1276\" data-end=\"1399\"><strong data-start=\"1276\" data-end=\"1302\">Reagoiva suorituskyky &ndash;<\/strong> 1,5 GHz:n tuplaydinarkkitehtuuri, 1 Gt RAM-muistia ja 16 Gt flash-muistia pit&auml;v&auml;t sovellukset ja skannauksen nopeina.<\/p>\n<\/li>\n<li data-start=\"1400\" data-end=\"1536\">\n<p data-start=\"1402\" data-end=\"1536\"><strong data-start=\"1402\" data-end=\"1424\">Yrityskuvantaminen &ndash;<\/strong> Suorituskykyiset 2D-kuvantimet (EA30\/EA31), joissa on vahva liikesieto, tallentavat nopeasti kuluneet ja liikkuvat viivakoodit.<\/p>\n<\/li>\n<li data-start=\"1537\" data-end=\"1665\">\n<p data-start=\"1539\" data-end=\"1665\"><strong data-start=\"1539\" data-end=\"1558\">Joustavat radiot &ndash;<\/strong> Yrityksen Wi-Fi (802.11 a\/b\/g\/n), Bluetooth, GPS (WWAN-konfiguraatioilla) ja valinnainen &auml;&auml;niyhteys WWAN.<\/p>\n<\/li>\n<li data-start=\"1666\" data-end=\"1785\">\n<p data-start=\"1668\" data-end=\"1785\"><strong data-start=\"1668\" data-end=\"1687\">Koko vuoron teho &ndash;<\/strong> &Auml;lyk&auml;s 3,7 V ~3920 mAh akku tukee pitki&auml; reittej&auml;; akun analytiikka auttaa ennakoivissa vaihdoissa.<\/p>\n<\/li>\n<li data-start=\"1786\" data-end=\"1930\">\n<p data-start=\"1788\" data-end=\"1930\"><strong data-start=\"1788\" data-end=\"1816\">Nopea I\/O ja telakointi &ndash;<\/strong> USB-is&auml;nt&auml;-\/asiakas- ja rugged pogo liit&auml;nn&auml;t toimivat yhdess&auml; FlexDock yhden tai useamman lokeron, Ethernetin ja ajoneuvon telakoiden kanssa.<\/p>\n<\/li>\n<li data-start=\"1931\" data-end=\"2059\">\n<p data-start=\"1933\" data-end=\"2059\"><strong data-start=\"1933\" data-end=\"1972\">Yritysturvallisuus ja hallittavuus &ndash;<\/strong> WPA2-Enterprise, 802.1X, laitteiden salausvaihtoehdot ja laaja MDM\/TE-yhteensopivuus.<\/p>\n<\/li>\n<li data-start=\"2060\" data-end=\"2173\">\n<p data-start=\"2062\" data-end=\"2173\"><strong data-start=\"2062\" data-end=\"2084\">Huoltokelpoinen rakenne &ndash;<\/strong> kent&auml;ll&auml; vaihdettavat n&auml;pp&auml;imist&ouml;t, akut ja kulutusosat pident&auml;v&auml;t elinkaarta ja v&auml;hent&auml;v&auml;t TCO:ta.<\/p>\n<\/li>\n<li data-start=\"2174\" data-end=\"2301\">\n<p data-start=\"2176\" data-end=\"2301\"><strong data-start=\"2176\" data-end=\"2199\">Lis&auml;varusteiden ekosysteemi &ndash;<\/strong> Pistoolikahvat, kotelot, monipaikkaiset laturit, RFID-kiinnikkeet ja &auml;&auml;niohjaimet sopivat erilaisiin teht&auml;viin.<\/p>\n<\/li>\n<\/ul><h2 data-start=\"2303\" data-end=\"2349\">Honeywell Intermec CN51:n t&auml;rkeimm&auml;t edut<\/h2><h3 data-start=\"2351\" data-end=\"2390\">Rakennettu vaativimpiin ymp&auml;rist&ouml;ihin<\/h3><p data-start=\"2391\" data-end=\"2599\">P&ouml;lylt&auml; ja sateelta suojattu ja toistuville 1,5 metrin pudotuksille ja 1 000 kaatumiselle testattu laite menestyy hyvin pihoilla, lavastusalueilla ja tien p&auml;&auml;ll&auml;. Ryhm&auml;t pysyv&auml;t tuottavina ilman hauraiden kuluttajalaitteiden hoitamista. <\/p><h3 data-start=\"2601\" data-end=\"2633\">Suuri n&auml;ytt&ouml;, paremmat ty&ouml;nkulut<\/h3><p data-start=\"2634\" data-end=\"2835\">Kirkas 4,0 tuuman n&auml;ytt&ouml; antaa enemm&auml;n tilaa teht&auml;v&auml;luetteloille, poimintavahvistuksille ja allekirjoituksille. K&auml;sineyst&auml;v&auml;llinen resistiivinen kosketusn&auml;ytt&ouml; ja fyysiset n&auml;pp&auml;imet nopeuttavat TE:n navigointia ja numeroiden sy&ouml;tt&auml;mist&auml;, kun l&auml;pimeno on t&auml;rke&auml;&auml;. <\/p><h3 data-start=\"2837\" data-end=\"2871\">Tehoa, joka kest&auml;&auml; koko p&auml;iv&auml;n<\/h3><p data-start=\"2872\" data-end=\"3069\">&Auml;lyk&auml;s ~3920 mAh:n akku yhdistettyn&auml; tehokkaaseen prosessointiin antaa tehoa t&auml;ysiin vuoroihin. Kuntomittarit auttavat tietotekniikkaa vaihtamaan akkuja ennen niiden vikaantumista, mik&auml; v&auml;hent&auml;&auml; yll&auml;tt&auml;vi&auml; seisokkeja ja pit&auml;&auml; reitit aikataulussa. <\/p><h3 data-start=\"3071\" data-end=\"3110\">Saumaton liitett&auml;vyys ja tiedonkulku<\/h3><p data-start=\"3111\" data-end=\"3328\">Kaksitaajuuksinen yritys-WiFi-verkkovierailu, Bluetooth oheislaitteita varten ja valinnainen WWAN\/GPS (tietyiss&auml; malleissa) pit&auml;v&auml;t sovellukset toimintakykyisin&auml; k&auml;yt&auml;v&auml;ll&auml; ja kuorma-autossa. Standardoidut kehikot yksinkertaistavat latausta\/synkronointia eri laivastoissa. <\/p><h3 data-start=\"3330\" data-end=\"3350\">Valmis laivastoille<\/h3><p data-start=\"3351\" data-end=\"3557\">Windows Embedded Handheld 6.5- tai Android-kokoonpanot (mallista riippuen) tukevat vaiheittaista siirtymist&auml;. Klooni-\/skannauspohjainen k&auml;ytt&ouml;&ouml;notto ja tutut FlexDock-lis&auml;varusteet tehostavat k&auml;ytt&ouml;&ouml;nottoja, korjauksia ja varaosia. <\/p><h2 data-start=\"3559\" data-end=\"3577\">Ihanteelliset k&auml;ytt&ouml;tapaukset<\/h2><ul data-start=\"3578\" data-end=\"4223\">\n<li data-start=\"3578\" data-end=\"3714\">\n<p data-start=\"3580\" data-end=\"3714\"><strong data-start=\"3580\" data-end=\"3606\">Kuljetus ja cross-dock &ndash;<\/strong> saapuva\/ulkoinen validointi, kuorman rakentaminen ja pihaty&ouml;t, joissa pieni koko ja rugged k&auml;ytt&ouml;aika ovat kriittisi&auml;.<\/p>\n<\/li>\n<li data-start=\"3715\" data-end=\"3855\">\n<p data-start=\"3717\" data-end=\"3855\"><strong data-start=\"3717\" data-end=\"3747\">Varastointi ja jakelu &ndash;<\/strong> Laatikoiden ja kuormalavojen poiminta, kiertolaskenta ja t&auml;ydennys k&auml;ytt&auml;en TE-asiakkaita ja nopeaa liikett&auml; siet&auml;v&auml;&auml; skannausta.<\/p>\n<\/li>\n<li data-start=\"3856\" data-end=\"3976\">\n<p data-start=\"3858\" data-end=\"3976\"><strong data-start=\"3858\" data-end=\"3886\">V&auml;hitt&auml;iskaupan takahuone ja myym&auml;l&auml;t &ndash;<\/strong> Hintatarkistukset, vastaanotto ja inventaario luotettavalla Wi-Fi:ll&auml; ja n&auml;pp&auml;imist&ouml;keskeisell&auml; nopeudella.<\/p>\n<\/li>\n<li data-start=\"3977\" data-end=\"4099\">\n<p data-start=\"3979\" data-end=\"4099\"><strong data-start=\"3979\" data-end=\"4006\">Kentt&auml;huolto (paikan p&auml;&auml;ll&auml;) &ndash; laitoskohtaiset<\/strong> omaisuuserien tarkastukset ja huoltokirjat; WWAN-muunnokset ulottuvat my&ouml;s maanteill&auml; kulkeviin reitteihin.<\/p>\n<\/li>\n<li data-start=\"4100\" data-end=\"4223\">\n<p data-start=\"4102\" data-end=\"4223\"><strong data-start=\"4102\" data-end=\"4130\">Valmistus ja kokoonpano &ndash;<\/strong> Linjan aikainen materiaaliseuranta ja WIP-p&auml;ivitykset sek&auml; telakointivaihtoehdot penkkej&auml; ja ajoneuvoja varten.<\/p>\n<\/li>\n<\/ul><h2 data-start=\"4225\" data-end=\"4279\">Honeywell Intermec CN51:n tuotevertailut<\/h2><ul data-start=\"4280\" data-end=\"4720\">\n<li data-start=\"4280\" data-end=\"4426\">\n<p data-start=\"4282\" data-end=\"4426\"><a href=\"https:\/\/micronordic.com\/product\/honeywell-intermec-ck71-mobile-handheld-computer-refurbished\/\"><strong data-start=\"4282\" data-end=\"4309\">Honeywell Intermec CK71<\/strong><\/a> Eritt&auml;in rugged vaihtoehto, jossa on parempi pudotuskest&auml;vyys ja IP67-tiivistys vaativimpiin, kylmiin tai kosteisiin ymp&auml;rist&ouml;ihin.<\/p>\n<\/li>\n<li data-start=\"4427\" data-end=\"4574\">\n<p data-start=\"4429\" data-end=\"4574\"><a href=\"https:\/\/micronordic.com\/product\/honeywell-intermec-ck3x-mobile-handheld-computer-refurbished\/\"><strong data-start=\"4429\" data-end=\"4456\">Honeywell Intermec CK3X<\/strong><\/a> &ndash; Samankaltainen n&auml;pp&auml;imist&ouml;n muototekij&auml;, joka on optimoitu varastok&auml;ytt&ouml;&ouml;n ja jossa on laajennetun kantaman skannausvaihtoehdot ja lis&auml;varusteiden jatkuvuus.<\/p>\n<\/li>\n<li data-start=\"4575\" data-end=\"4720\">\n<p data-start=\"4577\" data-end=\"4720\"><a href=\"https:\/\/micronordic.com\/product\/honeywell-intermec-cn70-mobile-handheld-computer-refurbished\/\"><strong data-start=\"4577\" data-end=\"4604\">Honeywell Intermec CN70<\/strong><\/a> Kompaktimpi eritt&auml;in rugged kannettava laite vaativiin kentt&auml;olosuhteisiin, joissa maksimaalinen kest&auml;vyys ja pieni koko ovat avainasemassa.<\/p>\n<\/li>\n<\/ul><div class=\"contain-inline-size rounded-2xl relative bg-token-sidebar-surface-primary\">\n<div class=\"sticky top-9\">\n<div class=\"absolute end-0 bottom-0 flex h-9 items-center pe-2\">\n<div class=\"bg-token-bg-elevated-secondary text-token-text-secondary flex items-center gap-4 rounded-sm px-2 font-sans text-xs\"><\/div>\n<\/div>\n<\/div>\n<div class=\"overflow-y-auto p-4\" dir=\"ltr\"><\/div>\n<\/div>\n","protected":false},"excerpt":{"rendered":"<p>VALITSE ALLA OLEVA VAIHTOEHTO! Soita meille, jos tarvitset apua oikean tuotevaihtoehdon l\u00f6yt\u00e4misess\u00e4. <\/p>\n<h3>Tekniset tiedot:<\/h3>\n<ul>\n<li><strong>N\u00e4ytt\u00f6:<\/strong> 4,0&#8243; WVGA (480\u00d7800) monikosketusn\u00e4ytt\u00f6, ulkok\u00e4ytt\u00f6\u00f6n soveltuva.<\/li>\n<li><strong>Prosessori:<\/strong> 1,5 GHz.<\/li>\n<li><strong>Grafiikka:<\/strong> GPU: Integroitu mobiili GPU<\/li>\n<li><strong>Muisti: 1 GB<\/strong> RAM<\/li>\n<li><strong>Varastointi:<\/strong> Gt; microSD jopa 32 Gt:iin asti<\/li>\n<li><strong>Liitett\u00e4vyys:<\/strong> Wi-Fi 802.11 a\/b\/g\/n, Bluetooth; valinnainen WWAN+GPS (riippuu mallista); USB-is\u00e4nt\u00e4\/asiakas; FlexDock<\/li>\n<li><strong>Rugged sertifioinnit:<\/strong> 26 pudotusta 1,5 m:n korkeudelta; 1 000 pudotusta 0,5 m:n korkeudelta.<\/li>\n<li><strong>Turvallisuus:<\/strong> WPA2-Enterprise, 802.1X; laitteiden salaus ja MDM\/TE-tuki.<\/li>\n<li><strong>Akku: Smart<\/strong> Li-ion ~3920 mAh, kent\u00e4ll\u00e4 vaihdettava.<\/li>\n<li><strong>Mitat ja paino: 164 \u00d7<\/strong> 74 \u00d7 28-32 mm; ~350 g (akun kanssa).<\/li>\n<li><strong>Takuu:<\/strong> Takuu: EX-DEMO 12 kuukauden takuu Micro Nordicilta.<\/li>\n<\/ul>\n<p><strong>Valitse oikea malli alla, ennen kuin lis\u00e4\u00e4t sen ostoskoriin.<\/strong><\/p>\n","protected":false},"author":16,"featured_media":100637,"template":"","meta":{"_acf_changed":false,"inline_featured_image":false},"product-condition":[5267],"product_brand":[8973],"product_cat":[5127,5130,5131],"product_tag":[4882],"class_list":{"0":"post-47536","1":"product","2":"type-product","3":"status-publish","4":"has-post-thumbnail","6":"product-condition-ex-demo","7":"product_brand-honeywell-intermec","8":"product_cat-honeywell-intermec","9":"product_cat-all-barcode-scanners","10":"product_cat-refurbished-rugged-hardware","11":"product_tag-wrd-fi","12":"pa_model-part-number-cn51an1kcu2w3000","13":"pa_model-part-number-cn51an1kn00a2000","14":"pa_model-part-number-cn51an1kn00w0000","15":"pa_model-part-number-cn51an1kn00w2000","16":"pa_model-part-number-cn51an1scu2w3000","17":"pa_model-part-number-cn51an1snu2w1000","18":"pa_model-part-number-cn51aq1kc00w0000","19":"pa_model-part-number-cn51aq1kcu2w1000","20":"pa_model-part-number-cn51aq1kn00w0000","21":"pa_model-part-number-cn51aq1knu2w1000","23":"first","24":"instock","25":"taxable","26":"shipping-taxable","27":"purchasable","28":"product-type-variable"},"acf":[],"_links":{"self":[{"href":"https:\/\/micronordic.com\/fi\/wp-json\/wp\/v2\/product\/47536","targetHints":{"allow":["GET"]}}],"collection":[{"href":"https:\/\/micronordic.com\/fi\/wp-json\/wp\/v2\/product"}],"about":[{"href":"https:\/\/micronordic.com\/fi\/wp-json\/wp\/v2\/types\/product"}],"author":[{"embeddable":true,"href":"https:\/\/micronordic.com\/fi\/wp-json\/wp\/v2\/users\/16"}],"version-history":[{"count":2,"href":"https:\/\/micronordic.com\/fi\/wp-json\/wp\/v2\/product\/47536\/revisions"}],"predecessor-version":[{"id":98658,"href":"https:\/\/micronordic.com\/fi\/wp-json\/wp\/v2\/product\/47536\/revisions\/98658"}],"wp:featuredmedia":[{"embeddable":true,"href":"https:\/\/micronordic.com\/fi\/wp-json\/wp\/v2\/media\/100637"}],"wp:attachment":[{"href":"https:\/\/micronordic.com\/fi\/wp-json\/wp\/v2\/media?parent=47536"}],"wp:term":[{"taxonomy":"product-condition","embeddable":true,"href":"https:\/\/micronordic.com\/fi\/wp-json\/wp\/v2\/product-condition?post=47536"},{"taxonomy":"product_brand","embeddable":true,"href":"https:\/\/micronordic.com\/fi\/wp-json\/wp\/v2\/product_brand?post=47536"},{"taxonomy":"product_cat","embeddable":true,"href":"https:\/\/micronordic.com\/fi\/wp-json\/wp\/v2\/product_cat?post=47536"},{"taxonomy":"product_tag","embeddable":true,"href":"https:\/\/micronordic.com\/fi\/wp-json\/wp\/v2\/product_tag?post=47536"}],"curies":[{"name":"wp","href":"https:\/\/api.w.org\/{rel}","templated":true}]}}