{"id":47532,"date":"2022-01-01T13:14:29","date_gmt":"2022-01-01T12:14:29","guid":{"rendered":"https:\/\/micronordic.com\/product\/panasonic-toughpad-fz-m1-fzm1-kunnostettu\/"},"modified":"2025-11-21T11:38:32","modified_gmt":"2025-11-21T10:38:32","slug":"panasonic-toughpad-fz-m1-refurbished","status":"publish","type":"product","link":"https:\/\/micronordic.com\/fi\/product\/panasonic-toughpad-fz-m1-refurbished\/","title":{"rendered":"Panasonic Toughpad FZ-M1 MK3 (PRE-OWNED)"},"content":{"rendered":"<?xml encoding=\"utf-8\" ?><h2 data-start=\"258\" data-end=\"303\">Panasonic Toughpad FZ-M1 MK3 (ENNAKKOK&Auml;YTT&Ouml;INEN)<\/h2><p data-start=\"305\" data-end=\"674\"><strong data-start=\"309\" data-end=\"341\">Panasonic Toughpad FZ-M1 MK3 on<\/strong> t&auml;ysin rugged 7-tuumainen Windows-tabletti, joka on suunniteltu ammattilaisille, jotka tarvitsevat maksimaalista siirrett&auml;vyytt&auml; kest&auml;vyydest&auml; tinkim&auml;tt&auml;. Panasonicin tunnettuun toughbook\/Toughpad-sarjaan kuuluva FZ-M1 tarjoaa luotettavan tasapainon rugged rakenteen laadun, yritystason suorituskyvyn ja joustavien liitett&auml;vyyksien v&auml;lill&auml; kompaktissa muodossa.<\/p><p data-start=\"676\" data-end=\"1069\"><strong data-start=\"679\" data-end=\"695\">Micro Nordic<\/strong> tarjoaa t&auml;t&auml; mallia <strong data-start=\"722\" data-end=\"757\">sertifioituna ennakkoon k&auml;ytettyn&auml; (PRE-OWNED) 12 kuukauden takuulla.<\/strong> Jokaiselle laitteelle on tehty laaja kunnostus, johon sis&auml;ltyy laitteistokorjauksia, komponenttien vaihtoa, ohjelmistop&auml;ivityksi&auml; ja laatutestausta, jotta varmistetaan, ett&auml; se toimii l&auml;hes kuin uusi. T&auml;m&auml; tekee siit&auml; &auml;lykk&auml;&auml;n ja kustannustehokkaan valinnan yrityksille, jotka haluavat rugged laskentatehoa huomattavasti edullisempaan hintaan.<\/p><h2 data-start=\"1071\" data-end=\"1124\">Panasonic Toughpad FZ-M1 MK3:n t&auml;rkeimm&auml;t ominaisuudet<\/h2><ul data-start=\"1126\" data-end=\"1955\">\n<li data-start=\"1126\" data-end=\"1218\">\n<p data-start=\"1128\" data-end=\"1218\"><strong data-start=\"1128\" data-end=\"1144\">Fully Rugged &ndash;<\/strong> MIL-STD-810G-sertifioitu, IP65-luokiteltu ja testattu jopa 1,5 metrin pudotuksille.<\/p>\n<\/li>\n<li data-start=\"1219\" data-end=\"1324\">\n<p data-start=\"1221\" data-end=\"1324\"><strong data-start=\"1221\" data-end=\"1232\">N&auml;ytt&ouml; &ndash;<\/strong> 7&Prime; WXGA (1280&times;800) p&auml;iv&auml;nvalossa luettava monikosketusn&auml;ytt&ouml;, jossa on 10 pisteen kapasitiivinen kosketus.<\/p>\n<\/li>\n<li data-start=\"1325\" data-end=\"1414\">\n<p data-start=\"1327\" data-end=\"1414\"><strong data-start=\"1327\" data-end=\"1340\">Prosessori &ndash;<\/strong> Intel&reg; Core&trade; i5-7Y57 vPro&trade; -prosessori, tuulettimeton rakenne takaa luotettavuuden.<\/p>\n<\/li>\n<li data-start=\"1415\" data-end=\"1464\">\n<p data-start=\"1417\" data-end=\"1464\"><strong data-start=\"1417\" data-end=\"1427\">Muisti &ndash;<\/strong> 8 Gt RAM-muistia (laajennettavissa 16 Gt:iin).<\/p>\n<\/li>\n<li data-start=\"1465\" data-end=\"1520\">\n<p data-start=\"1467\" data-end=\"1520\"><strong data-start=\"1467\" data-end=\"1478\">Tallennustila &ndash;<\/strong> 256 Gt SSD-levy, laajennettavissa microSDXC-muistikortilla.<\/p>\n<\/li>\n<li data-start=\"1521\" data-end=\"1601\">\n<p data-start=\"1523\" data-end=\"1601\"><strong data-start=\"1523\" data-end=\"1539\">Liitett&auml;vyys &ndash;<\/strong> Wi-Fi, Bluetooth, USB 3.0, HDMI, valinnainen 4G LTE ja GPS.<\/p>\n<\/li>\n<li data-start=\"1602\" data-end=\"1706\">\n<p data-start=\"1604\" data-end=\"1706\"><strong data-start=\"1604\" data-end=\"1615\">Akku &ndash;<\/strong> Kuumavaihdettava akku, jossa on jopa 8 tunnin k&auml;ytt&ouml;aika; saatavana lis&auml;varusteena pidennetty akku.<\/p>\n<\/li>\n<li data-start=\"1707\" data-end=\"1763\">\n<p data-start=\"1709\" data-end=\"1763\"><strong data-start=\"1709\" data-end=\"1729\">K&auml;ytt&ouml;j&auml;rjestelm&auml; &ndash;<\/strong> Windows 10 Pro (p&auml;ivitett&auml;viss&auml;).<\/p>\n<\/li>\n<li data-start=\"1764\" data-end=\"1852\">\n<p data-start=\"1766\" data-end=\"1852\"><strong data-start=\"1766\" data-end=\"1781\">Muoto &ndash;<\/strong> Kevyt (n. 540 g), tuulettimeton ja ohut, joten se on helppo k&auml;ytt&auml;&auml; kent&auml;ll&auml;.<\/p>\n<\/li>\n<li data-start=\"1853\" data-end=\"1955\">\n<p data-start=\"1855\" data-end=\"1955\"><strong data-start=\"1855\" data-end=\"1878\">Certified Pre-Owned &ndash;<\/strong> Kunnostettu, testattu ja palautettu teknikkojen toimesta l&auml;hes uuteen kuntoon.<\/p>\n<\/li>\n<\/ul><h2 data-start=\"1957\" data-end=\"2010\">Panasonic Toughpad FZ-M1 MK3:n t&auml;rkeimm&auml;t edut<\/h2><h3 data-start=\"2012\" data-end=\"2051\">Eritt&auml;in kannettava rugged suorituskyky<\/h3><p data-start=\"2052\" data-end=\"2302\">FZ-M1 MK3 on yksi markkinoiden pienimmist&auml; ja kevyimmist&auml; Fully Rugged Windows-tableteista. Kompaktista koostaan huolimatta se kest&auml;&auml; pudotuksia, p&ouml;ly&auml;, t&auml;rin&auml;&auml; ja &auml;&auml;rimm&auml;isi&auml; l&auml;mp&ouml;tiloja, joten se on luotettava kovissa olosuhteissa ty&ouml;skenteleville liikkuville tiimeille.<\/p><h3 data-start=\"2304\" data-end=\"2335\">P&auml;iv&auml;nvalossa luettava n&auml;ytt&ouml;<\/h3><p data-start=\"2336\" data-end=\"2555\">Sen 7-tuumainen, p&auml;iv&auml;nvalossa luettava WXGA-n&auml;ytt&ouml; takaa n&auml;kyvyyden jopa suorassa auringonvalossa. Monikosketuspaneeli on k&auml;sineavusteinen, mik&auml; takaa saumattoman k&auml;ytett&auml;vyyden kentt&auml;teknikoille, rakennusty&ouml;ntekij&ouml;ille tai varastohenkil&ouml;kunnalle.<\/p><h3 data-start=\"2557\" data-end=\"2588\">Luotettava prosessointiteho<\/h3><p data-start=\"2589\" data-end=\"2852\">Intel&reg; Core&trade; i5 vPro&trade; -suorittimella varustettu FZ-M1 MK3 tarjoaa sujuvaa suorituskyky&auml; yrityssovelluksille, tietojen sy&ouml;t&ouml;lle ja erikoistuneille kentt&auml;ohjelmistoille. Sen tuulettimeton rakenne v&auml;hent&auml;&auml; vikakohtia ja takaa maksimaalisen luotettavuuden vaativissa ymp&auml;rist&ouml;iss&auml;.<\/p><h3 data-start=\"2854\" data-end=\"2887\">Laajennettavissa ja konfiguroitavissa<\/h3><p data-start=\"2888\" data-end=\"3116\">Tabletti voidaan mukauttaa laajennusvaihtoehdoilla, kuten viivakoodiskannerilla, &auml;lykortinlukijalla tai lis&auml;porteilla. T&auml;m&auml;n ansiosta FZ-M1 MK3 on mukautettavissa eri toimialoille logistiikasta ja yleishy&ouml;dyllisist&auml; palveluista terveydenhuoltoon ja puolustukseen.<\/p><h3 data-start=\"3118\" data-end=\"3165\">Sertifioitu Pre-Owned-arvo Micro Nordicissa<\/h3><p data-start=\"3166\" data-end=\"3498\">Certified Pre-Owned -laitteena jokainen Micro Nordicin kautta myyt&auml;v&auml; FZ-M1 MK3 on kunnostettu ja testattu perusteellisesti. Kuluneet osat on vaihdettu, ohjelmisto on p&auml;ivitetty ja laitteet ovat l&auml;p&auml;isseet tiukat laatutarkastukset. Asiakkaat hy&ouml;tyv&auml;t Panasonicin rugged luotettavuudesta huomattavasti edullisemmin kuin upouudet laitteet.<\/p><h2 data-start=\"3500\" data-end=\"3557\">Ihanteelliset k&auml;ytt&ouml;tapaukset Panasonic Toughpad FZ-M1 MK3:lle<\/h2><ul data-start=\"3559\" data-end=\"4071\">\n<li data-start=\"3559\" data-end=\"3675\">\n<p data-start=\"3561\" data-end=\"3675\"><strong data-start=\"3561\" data-end=\"3590\">Kentt&auml;huolto ja yleishy&ouml;dylliset palvelut &ndash;<\/strong> Kompakti muoto ja akku, joka voidaan vaihtaa paikan p&auml;&auml;ll&auml; ulkot&ouml;iss&auml; ty&ouml;skenteleville teknikoille.<\/p>\n<\/li>\n<li data-start=\"3676\" data-end=\"3775\">\n<p data-start=\"3678\" data-end=\"3775\"><strong data-start=\"3678\" data-end=\"3705\">Varastointi ja logistiikka &ndash;<\/strong> Rugged luotettavuus viivakoodin skannaukseen ja varastonhallintaan.<\/p>\n<\/li>\n<li data-start=\"3776\" data-end=\"3873\">\n<p data-start=\"3778\" data-end=\"3873\"><strong data-start=\"3778\" data-end=\"3792\">Terveydenhuolto &ndash;<\/strong> Pieni, hygieeninen ja tuulettimeton rakenne, joka soveltuu potilastietojen liikkuvaan hallintaan.<\/p>\n<\/li>\n<li data-start=\"3874\" data-end=\"3981\">\n<p data-start=\"3876\" data-end=\"3981\"><strong data-start=\"3876\" data-end=\"3903\">Julkinen turvallisuus ja puolustus &ndash;<\/strong> Teht&auml;viin soveltuva suorituskyky valinnaisella LTE\/GPS-verkolla ja pitk&auml;ll&auml; akun k&auml;ytt&ouml;ajalla.<\/p>\n<\/li>\n<li data-start=\"3982\" data-end=\"4071\">\n<p data-start=\"3984\" data-end=\"4071\"><strong data-start=\"3984\" data-end=\"4001\">Tuotantotekniikka &ndash;<\/strong> Rugged siirrett&auml;vyys tuotantotilojen toimintaan ja laadunvalvontaan.<\/p>\n<\/li>\n<\/ul><h2 data-start=\"4073\" data-end=\"4131\">Tuotevertailut: FZ-M1 MK3 Vaihtoehdot<\/h2><p data-start=\"246\" data-end=\"425\">Panasonic Toughpad FZ-M1 MK3 on kompakti, Fully Rugged Windows-tabletti, joka on suunniteltu kentt&auml;k&auml;ytt&ouml;&ouml;n. Micro Nordic tarjoaa my&ouml;s muita rugged vaihtoehtoja arvioiville organisaatioille:<\/p><ul data-start=\"427\" data-end=\"896\">\n<li data-start=\"427\" data-end=\"579\">\n<p data-start=\"429\" data-end=\"579\"><a href=\"https:\/\/micronordic.com\/product\/getac-f110-touch-fully-rugged-tablet\/\"><strong data-start=\"429\" data-end=\"463\">Getac F110 Fully Rugged Tablet<\/strong><\/a> Suurempi 11,6 tuuman Windows-tabletti, joka on suunniteltu k&auml;ytt&auml;jille, jotka tarvitsevat enemm&auml;n n&auml;ytt&ouml;&auml; ja suorituskyky&auml; kent&auml;ll&auml;.<\/p>\n<\/li>\n<li data-start=\"580\" data-end=\"729\">\n<p data-start=\"582\" data-end=\"729\"><a href=\"https:\/\/micronordic.com\/product\/zebra-et45-rugged-enterprise-tablet\/\"><strong data-start=\"582\" data-end=\"610\">Zebra ET45 Rugged Tablet<\/strong><\/a> Android-pohjainen yritystietokone, joka tarjoaa nykyaikaisen liitett&auml;vyyden, integroidun skannauksen ja kevyen kannettavuuden.<\/p>\n<\/li>\n<li data-start=\"730\" data-end=\"896\">\n<p data-start=\"732\" data-end=\"896\"><a href=\"https:\/\/micronordic.com\/product\/refurbished-panasonic-toughpad-fz-g1\/\"><strong data-start=\"732\" data-end=\"786\">Panasonic Toughpad FZ-G1 MK5 <\/strong><\/a> Panasonicin 10,1&Prime; Fully Rugged Windows-tabletti, jossa yhdistyv&auml;t suurempi n&auml;ytt&ouml; ja pitk&auml;aikainen kest&auml;vyys.<\/p>\n<\/li>\n<\/ul>\n","protected":false},"excerpt":{"rendered":"<h3>Tekniset tiedot:<\/h3>\n<ul>\n<li><strong>N\u00e4ytt\u00f6:<\/strong> 7\u2033 WXGA (1280\u00d7800) p\u00e4iv\u00e4nvalossa luettava monikosketusn\u00e4ytt\u00f6.<\/li>\n<li><strong>Prosessori:<\/strong> vPro\u2122, tuulettimeton.<\/li>\n<li><strong>Grafiikka:<\/strong> Integroitu Intel\u00ae HD Graphics 615<\/li>\n<li><strong>Muisti: 8 Gt<\/strong> RAM-muistia, p\u00e4ivitett\u00e4viss\u00e4 16 Gt:iin.<\/li>\n<li><strong>Tallennustila: 256 Gt<\/strong> SSD-levy, p\u00e4ivitett\u00e4viss\u00e4 2 TB:iin<\/li>\n<li><strong>Liitett\u00e4vyys:<\/strong> HDMI, valinnainen 4G LTE ja GPS.<\/li>\n<li><strong>Rugged sertifioinnit:<\/strong> 1,5 metrin pudotuskest\u00e4vyys: MIL-STD-810G, IP65, 1,5 metrin pudotuskest\u00e4vyys<\/li>\n<li><strong>Akku: Kuumavaihdettava<\/strong> akku, jopa 8 tuntia k\u00e4ytt\u00f6aikaa.<\/li>\n<li><strong>Mitat ja paino: 203 \u00d7<\/strong> 132 \u00d7 18 mm, noin 540 g.<\/li>\n<li><strong>Takuu:<\/strong> Micro Nordicin <strong>12 kuukauden<\/strong> Certified Pre-Owned -takuu.<\/li>\n<\/ul>\n","protected":false},"author":16,"featured_media":100058,"template":"","meta":{"_acf_changed":false,"inline_featured_image":false},"product-condition":[5268],"product_brand":[8988],"product_cat":[5132,5129,5131],"product_tag":[8835],"class_list":{"0":"post-47532","1":"product","2":"type-product","3":"status-publish","4":"has-post-thumbnail","6":"product-condition-pre-owned","7":"product_brand-panasonic","8":"product_cat-panasonic-toughbook","9":"product_cat-all-rugged-tablets","10":"product_cat-refurbished-rugged-hardware","11":"product_tag-ikke-categoriseret","13":"first","14":"instock","15":"taxable","16":"shipping-taxable","17":"purchasable","18":"product-type-simple"},"acf":[],"_links":{"self":[{"href":"https:\/\/micronordic.com\/fi\/wp-json\/wp\/v2\/product\/47532","targetHints":{"allow":["GET"]}}],"collection":[{"href":"https:\/\/micronordic.com\/fi\/wp-json\/wp\/v2\/product"}],"about":[{"href":"https:\/\/micronordic.com\/fi\/wp-json\/wp\/v2\/types\/product"}],"author":[{"embeddable":true,"href":"https:\/\/micronordic.com\/fi\/wp-json\/wp\/v2\/users\/16"}],"version-history":[{"count":4,"href":"https:\/\/micronordic.com\/fi\/wp-json\/wp\/v2\/product\/47532\/revisions"}],"predecessor-version":[{"id":98830,"href":"https:\/\/micronordic.com\/fi\/wp-json\/wp\/v2\/product\/47532\/revisions\/98830"}],"wp:featuredmedia":[{"embeddable":true,"href":"https:\/\/micronordic.com\/fi\/wp-json\/wp\/v2\/media\/100058"}],"wp:attachment":[{"href":"https:\/\/micronordic.com\/fi\/wp-json\/wp\/v2\/media?parent=47532"}],"wp:term":[{"taxonomy":"product-condition","embeddable":true,"href":"https:\/\/micronordic.com\/fi\/wp-json\/wp\/v2\/product-condition?post=47532"},{"taxonomy":"product_brand","embeddable":true,"href":"https:\/\/micronordic.com\/fi\/wp-json\/wp\/v2\/product_brand?post=47532"},{"taxonomy":"product_cat","embeddable":true,"href":"https:\/\/micronordic.com\/fi\/wp-json\/wp\/v2\/product_cat?post=47532"},{"taxonomy":"product_tag","embeddable":true,"href":"https:\/\/micronordic.com\/fi\/wp-json\/wp\/v2\/product_tag?post=47532"}],"curies":[{"name":"wp","href":"https:\/\/api.w.org\/{rel}","templated":true}]}}