{"id":47530,"date":"2022-01-01T13:52:35","date_gmt":"2022-01-01T12:52:35","guid":{"rendered":"https:\/\/micronordic.com\/product\/panasonic-toughbook-cf-33-cf33-mk3-uusi\/"},"modified":"2025-11-18T17:31:49","modified_gmt":"2025-11-18T16:31:49","slug":"panasonic-toughbook-cf-33","status":"publish","type":"product","link":"https:\/\/micronordic.com\/fi\/product\/panasonic-toughbook-cf-33\/","title":{"rendered":"Panasonic Toughbook 33 MK1-MK4 (UUSI)"},"content":{"rendered":"<?xml encoding=\"utf-8\" ?><h2 data-start=\"389\" data-end=\"430\">Panasonic Toughbook 33 (MK1, MK2, MK3, MK4)<\/h2><p data-start=\"432\" data-end=\"801\"><strong data-start=\"436\" data-end=\"470\">Panasonic Toughbook 33 (CF-33) on<\/strong> yksi markkinoiden ikonisimmista Fully Rugged 2-in-1 laptopista, jossa yhdistyv&auml;t kest&auml;vyys, suorituskyky ja joustavuus yhdell&auml; alustalla. T&auml;m&auml; vaativimmissa ymp&auml;rist&ouml;iss&auml; toimiville ammattilaisille suunniteltu hybridilaite vaihtaa saumattomasti laptopin ja tabletin v&auml;lill&auml; ja mukautuu siten kaikkiin kentt&auml;tilanteisiin. <\/p><p data-start=\"803\" data-end=\"1221\"><strong data-start=\"816\" data-end=\"849\">Toughbook<\/strong> 33 on saatavilla <strong data-start=\"816\" data-end=\"849\">MK1-, MK2-, MK3- ja MK4-sukupolvina,<\/strong> ja <strong data-start=\"816\" data-end=\"849\">se<\/strong> kehittyy edelleen parantuneen prosessoritehon, laajennetun liitett&auml;vyyden ja laajennetun yhteensopivuuden ansiosta. <strong data-start=\"1001\" data-end=\"1017\">Micro Nordicin<\/strong> asiakkaat <strong data-start=\"1001\" data-end=\"1017\">voivat<\/strong> konfiguroida <strong data-start=\"1036\" data-end=\"1052\">toughbook 33:n<\/strong> <em data-start=\"1056\" data-end=\"1061\">UUDENA tai<\/em> <em data-start=\"1065\" data-end=\"1086\">CERTIFIED PRE-OWNED<\/em> <strong data-start=\"1036\" data-end=\"1052\">-mallina<\/strong> <em data-start=\"1065\" data-end=\"1086\">,<\/em> jolloin he voivat tasapainottaa suorituskyvyn, pitk&auml;ik&auml;isyyden ja kustannustehokkuuden Panasonicin alan johtavien rugged standardien mukaisesti. <strong data-start=\"139\" data-end=\"201\">UUSI-malleihin sis&auml;ltyy valmistajan 3 vuoden vakiotakuu, joka<\/strong> takaa pitk&auml;aikaisen luotettavuuden ja tuen, kun taas CERTIFIED <strong data-start=\"253\" data-end=\"310\">PRE-OWNED -yksik&ouml;iss&auml; on 12 kuukauden takuu, joka tarjoaa<\/strong> erinomaista arvoa perusteellisen kunnostuksen ja laatutestauksen tukemana. <\/p><h2 data-start=\"1223\" data-end=\"1271\">Panasonic Toughbook FZ-33:n t&auml;rkeimm&auml;t ominaisuudet<\/h2><ul data-start=\"1273\" data-end=\"3018\">\n<li data-start=\"1273\" data-end=\"1465\">\n<p data-start=\"1275\" data-end=\"1465\"><strong data-start=\"1275\" data-end=\"1298\">Fully Rugged Design &ndash;<\/strong> MIL-STD-810H- ja IP65-sertifioitu, pudotustestattu 4 metrist&auml;, t&auml;rin&auml;n-, p&ouml;lyn- ja vedenkest&auml;v&auml;. Rakennettu kest&auml;m&auml;&auml;n &auml;&auml;rimm&auml;isi&auml; olosuhteita kent&auml;ll&auml;. <\/p>\n<\/li>\n<li data-start=\"1466\" data-end=\"1648\">\n<p data-start=\"1468\" data-end=\"1648\"><strong data-start=\"1468\" data-end=\"1502\">2-in-1-muuttuva muoto &ndash;<\/strong> Irrotettava n&auml;pp&auml;imist&ouml; muuttaa laitteen tehokkaasta laptopista t&auml;ysin toimivaksi tabletiksi muutamassa sekunnissa, mik&auml; mahdollistaa vertaansa vailla olevan monipuolisuuden.<\/p>\n<\/li>\n<li data-start=\"1649\" data-end=\"1858\">\n<p data-start=\"1651\" data-end=\"1858\"><strong data-start=\"1651\" data-end=\"1689\">Suorituskykyiset Intel&reg;-prosessorit &ndash;<\/strong> MK1-malleissa on 7. sukupolven Intel&reg; Core&trade;-suorittimet, MK2:ssa on 10. sukupolven prosessorit ja MK3:ssa 12. sukupolven Intel&reg; Core&trade; i5\/i7 -prosessorit, jotka takaavat huippunopeuden ja tehokkuuden. MK4-mallit menev&auml;t viel&auml; pidemm&auml;lle 13. sukupolven Intel&reg;-prosessoreilla. <\/p>\n<\/li>\n<li data-start=\"1859\" data-end=\"2060\">\n<p data-start=\"1861\" data-end=\"2060\"><strong data-start=\"1861\" data-end=\"1892\">Kehittynyt n&auml;ytt&ouml;tekniikka &ndash;<\/strong> 12,0&Prime; QHD (2160&times;1440) -kosketusn&auml;ytt&ouml;, jonka kirkkaus on jopa 1200 nitsi&auml; ja joka takaa poikkeuksellisen hyv&auml;n luettavuuden ulkona. Tukee k&auml;sine-, sade- ja kyn&auml;sy&ouml;tt&ouml;&auml; kentt&auml;k&auml;ytt&ouml;&auml; varten. <\/p>\n<\/li>\n<li data-start=\"2061\" data-end=\"2212\">\n<p data-start=\"2063\" data-end=\"2212\"><strong data-start=\"2063\" data-end=\"2095\">Hot-Swap-kaksoisakut &ndash;<\/strong> Jatkuva k&auml;ytt&ouml;aika mahdollistetaan helposti vaihdettavilla kaksoisakuilla, jotka sopivat erinomaisesti pitkiin teht&auml;viin ja kentt&auml;vuoroihin.<\/p>\n<\/li>\n<li data-start=\"2213\" data-end=\"2400\">\n<p data-start=\"2215\" data-end=\"2400\"><strong data-start=\"2215\" data-end=\"2248\">Joustavat yhteysvaihtoehdot &ndash;<\/strong> Wi-Fi 6, Bluetooth 5.1, valinnainen 4G\/5G LTE ja GPS. Perinteisiin I\/O-portteihin kuuluvat USB-A, USB-C, HDMI, Ethernet ja microSD, mik&auml; takaa t&auml;ydellisen yhteensopivuuden. <\/p>\n<\/li>\n<li data-start=\"2401\" data-end=\"2541\">\n<p data-start=\"2403\" data-end=\"2541\"><strong data-start=\"2403\" data-end=\"2430\">Parannettu tietoturvapaketti &ndash;<\/strong> TPM 2.0, valinnainen sormenj&auml;lkilukija, &auml;lykortti- ja RFID-lukijat sek&auml; Windows Hello -kasvontunnistus.<\/p>\n<\/li>\n<li data-start=\"2542\" data-end=\"2707\">\n<p data-start=\"2544\" data-end=\"2707\"><strong data-start=\"2544\" data-end=\"2577\">Seuraavan sukupolven laajennettavuus &ndash;<\/strong> Modulaarinen rakenne valinnaisilla telakoilla, ajoneuvotelineill&auml; ja n&auml;pp&auml;imist&ouml;alustoilla varmistaa, ett&auml; toughbook 33 sopii mihin tahansa ty&ouml;nkulkuun.<\/p>\n<\/li>\n<li data-start=\"2708\" data-end=\"2873\">\n<p data-start=\"2710\" data-end=\"2873\"><strong data-start=\"2710\" data-end=\"2746\">Sertifioitu esiostettu saatavuus &ndash;<\/strong> Micro Nordicin esiostetut mallit kunnostetaan ja testataan t&auml;ydellisesti, jotta l&auml;hes uudenveroinen kunto ja toimivuus palautuvat.<\/p>\n<\/li>\n<li data-start=\"2874\" data-end=\"3018\">\n<p data-start=\"2876\" data-end=\"3018\"><strong data-start=\"2876\" data-end=\"2902\">Pitk&auml; elinkaarituki &ndash;<\/strong> toughbook 33 -alusta s&auml;ilytt&auml;&auml; tarvikkeiden yhteensopivuuden eri sukupolvien v&auml;lill&auml;, mik&auml; yksinkertaistaa kalustonhallintaa.<\/p>\n<\/li>\n<\/ul><h2 data-start=\"3020\" data-end=\"3065\">Panasonic Toughbook 33:n t&auml;rkeimm&auml;t edut<\/h2><h3 data-start=\"3067\" data-end=\"3113\">Muunneltava muotoilu takaa maksimaalisen monipuolisuuden<\/h3><p data-start=\"3114\" data-end=\"3406\"><strong data-start=\"3118\" data-end=\"3144\">Panasonic Toughbook 33 tarjoaa<\/strong> todellisen 2-in-1-kokemuksen. K&auml;ytt&auml;j&auml;t voivat irrottaa n&auml;pp&auml;imist&ouml;n tablettik&auml;ytt&ouml;&auml; varten ahtaissa tiloissa tai kiinnitt&auml;&auml; sen takaisin laptopin toimintoja varten. T&auml;m&auml; hybridi-muoto tarjoaa molempien maailmojen parhaat puolet julkisten palvelujen, puolustuksen ja h&auml;t&auml;tilanteiden ammattilaisille.  <\/p><h3 data-start=\"3408\" data-end=\"3436\">Kest&auml;vyys, johon voit luottaa<\/h3><p data-start=\"3437\" data-end=\"3670\">CF-33 on suunniteltu kest&auml;m&auml;&auml;n pudotuksia, p&ouml;ly&auml; ja ankaraa s&auml;&auml;t&auml; s&auml;ilytt&auml;en samalla t&auml;yden toimintakyvyn. IP65-suojauksen ja MIL-STD-810H-sertifioinnin ansiosta se toimii luotettavasti teollisuus-, ulko- ja ajoneuvoymp&auml;rist&ouml;iss&auml;. <\/p><h3 data-start=\"3672\" data-end=\"3719\">Huippuluokan suorituskyky yli sukupolvien<\/h3><p data-start=\"3720\" data-end=\"4008\">Jokainen sukupolvi parantaa suorituskyky&auml; ja tehokkuutta. MK4:n 13. sukupolven Intel&reg;-prosessorit parantavat merkitt&auml;v&auml;sti nopeutta ja virranhallintaa, mik&auml; tekee moniteht&auml;v&auml;st&auml; ja monimutkaisista sovelluksista sujuvampia kuin koskaan &ndash; kaikki t&auml;m&auml; s&auml;ilytt&auml;en samalla yhteensopivuuden aiempien telakoiden ja lis&auml;varusteiden kanssa. <\/p><h3 data-start=\"4010\" data-end=\"4044\">Ylivoimainen n&auml;ytt&ouml; ja k&auml;ytett&auml;vyys<\/h3><p data-start=\"4045\" data-end=\"4302\">Sen 12 tuuman QHD-aurinkokuvakuvausn&auml;ytt&ouml;, jonka kirkkaus on 1 200 nitsi&auml;, takaa t&auml;ydellisen n&auml;kyvyyden jopa suorassa auringonvalossa. Kosketusn&auml;yt&ouml;n monisy&ouml;tt&ouml;tuen ansiosta k&auml;ytt&auml;j&auml;t voivat ty&ouml;skennell&auml; tehokkaasti k&auml;sineiden tai kyn&auml;n kanssa, mik&auml; parantaa tuottavuutta kentt&auml;olosuhteissa. <\/p><h3 data-start=\"4304\" data-end=\"4334\">Muokattavissa tarpeisiisi<\/h3><p data-start=\"4335\" data-end=\"4616\"><strong data-start=\"4340\" data-end=\"4356\">Micro Nordicin<\/strong> asiakkaat voivat valita Toughbook 33:n UUDEN <em data-start=\"4387\" data-end=\"4392\">tai<\/em> <em data-start=\"4396\" data-end=\"4417\">CERTIFIED PRE-OWNED -kokoonpanon<\/em>. K&auml;yt&ouml;ss&auml; olevat mallit on kunnostettu ja testattu vastaamaan Panasonicin alkuper&auml;isi&auml; laatustandardeja &ndash; ihanteellinen ratkaisu organisaatioille, jotka etsiv&auml;t kest&auml;vyytt&auml; pienemm&auml;ll&auml; investoinnilla. <\/p><h2 data-start=\"4618\" data-end=\"4636\">Ihanteelliset k&auml;ytt&ouml;tapaukset<\/h2><ul data-start=\"4638\" data-end=\"5165\">\n<li data-start=\"4638\" data-end=\"4733\">\n<p data-start=\"4640\" data-end=\"4733\"><strong data-start=\"4640\" data-end=\"4661\">Kentt&auml;tekniikka &ndash;<\/strong> Mukautuva muototekij&auml; sopii erinomaisesti paikan p&auml;&auml;ll&auml; ty&ouml;skenteleville teknisille tiimeille.<\/p>\n<\/li>\n<li data-start=\"4734\" data-end=\"4840\">\n<p data-start=\"4736\" data-end=\"4840\"><strong data-start=\"4736\" data-end=\"4765\">Julkinen turvallisuus ja puolustus &ndash;<\/strong> Luotettavaa tietotekniikkaa poliisille, armeijalle ja h&auml;t&auml;tilanteissa toimiville yksik&ouml;ille.<\/p>\n<\/li>\n<li data-start=\"4841\" data-end=\"4942\">\n<p data-start=\"4843\" data-end=\"4942\"><strong data-start=\"4843\" data-end=\"4867\">Utilities And Energy &ndash;<\/strong> Rakennettu kest&auml;m&auml;&auml;n p&ouml;ly&auml;, t&auml;rin&auml;&auml; ja altistumista ulkoymp&auml;rist&ouml;iss&auml;.<\/p>\n<\/li>\n<li data-start=\"4943\" data-end=\"5052\">\n<p data-start=\"4945\" data-end=\"5052\"><strong data-start=\"4945\" data-end=\"4977\">Kuljetus ja logistiikka &ndash;<\/strong> Kompakti, asennettava ja kest&auml;v&auml; j&auml;rjestelm&auml; reaaliaikaiseen kentt&auml;toimintaan.<\/p>\n<\/li>\n<li data-start=\"5053\" data-end=\"5165\">\n<p data-start=\"5055\" data-end=\"5165\"><strong data-start=\"5055\" data-end=\"5088\">Tuotanto ja kunnossapito &ndash;<\/strong> Erinomainen suorituskyky diagnostiikassa, varastossa ja j&auml;rjestelm&auml;n hallinnassa.<\/p>\n<\/li>\n<\/ul><h2 data-start=\"5167\" data-end=\"5189\">Tuotevertailut<\/h2><p data-start=\"5191\" data-end=\"5384\"><strong data-start=\"5195\" data-end=\"5229\">Panasonic Toughbook 33 (CF-33) tarjoaa<\/strong> vertaansa vailla olevaa joustavuutta t&auml;ysin rugged 2-in-1-laitteena. Vaihtoehtoja vertaileville yrityksille Micro Nordicissa on saatavilla muun muassa seuraavia vastaavia malleja: <\/p><ul data-start=\"5386\" data-end=\"5757\">\n<li data-start=\"5386\" data-end=\"5508\">\n<p data-start=\"5388\" data-end=\"5508\"><a href=\"https:\/\/micronordic.com\/product\/panasonic-toughbook-fz-40-mk1-i7new\/\"><strong data-start=\"5388\" data-end=\"5414\">Panasonic Toughbook 40<\/strong><\/a> Suurempi 14&Prime; Fully Rugged ty&ouml;asema, jossa on &auml;&auml;rimm&auml;inen kest&auml;vyys ja suurempi suorittimen suorituskyky.<\/p>\n<\/li>\n<li data-start=\"5509\" data-end=\"5623\">\n<p data-start=\"5511\" data-end=\"5623\"><a href=\"https:\/\/micronordic.com\/product\/getac-f110-touch-fully-rugged-tablet\/\"><strong data-start=\"5511\" data-end=\"5545\">Getac F110 Fully Rugged Tablet<\/strong><\/a> &ndash; Kevyt 11,6 tuuman Windows-Tablet, joka on suunniteltu teollisuus- ja kentt&auml;k&auml;ytt&ouml;&ouml;n.<\/p>\n<\/li>\n<li data-start=\"5624\" data-end=\"5757\">\n<p data-start=\"5626\" data-end=\"5757\"><a href=\"https:\/\/micronordic.com\/product\/dell-latitude-rugged-extreme-7230-tablet\/\"><strong data-start=\"5626\" data-end=\"5670\">Dell Latitude 7230 Rugged Extreme Tablet<\/strong> <\/a>Fully Rugged Windows-tabletti, joka tarjoaa samanlaisen kannettavuuden ja nykyaikaiset liit&auml;nn&auml;t.<\/p>\n<\/li>\n<\/ul><div class=\"description-part-numbers\"><br>Part numbers<br>CF-33AEHAZTE | CF-33AEHKZTE | CF-33AEHUZTE | CF-33AEHABTE | CF-33AEPFBTE | CF-33AEHGZTE | CF-33AEHBZTE | CF-33AEQKKZTE | CF-33AEQTZTE | CF-33AEQLZTE | CF-33AEQGBTE | CF-33AEQCZTE<\/div>\n","protected":false},"excerpt":{"rendered":"<h3>Tekniset tiedot:<\/h3>\n<ul>\n<li><strong>N\u00e4ytt\u00f6:<\/strong> 12,0&#8243; QHD (2160\u00d71440) kosketusn\u00e4ytt\u00f6, 1 200 nitsin kirkkaus, yhteensopiva k\u00e4sine- ja kyn\u00e4sovellusten kanssa.<\/li>\n<li><strong>Prosessori:<\/strong> Gen, jopa 12. sukupolvi, valinnainen vPro\u00ae.<\/li>\n<li><strong>Grafiikka:<\/strong> Xe grafiikka: Integroitu Intel\u00ae UHD \/ Iris\u00ae Xe grafiikka: Integroitu Intel\u00ae UHD \/ Iris\u00ae Xe grafiikka<\/li>\n<li><strong>Muisti: 16 Gt<\/strong> (perusmalli), laajennettavissa 32 Gt RAM-muistiin.<\/li>\n<li><strong>Varastointi:<\/strong> SSD: 512 Gt (perusmalli), p\u00e4ivitett\u00e4viss\u00e4 2 TB:n SSD-levyksi.<\/li>\n<li><strong>Liitett\u00e4vyys:<\/strong> 4G\/5G LTE, GPS, USB-C, HDMI, Ethernet.<\/li>\n<li><strong>Rugged sertifioinnit:<\/strong> MIL-STD-810H, IP65-luokitus, pudotuskest\u00e4vyys.<\/li>\n<li><strong>Turvallisuus:<\/strong> TPM 2.0, Windows Hello, valinnaiset sormenj\u00e4lki-, \u00e4lykortti- ja RFID-lukijat.<\/li>\n<li><strong>Akku:<\/strong> jopa 20 tunnin k\u00e4ytt\u00f6aika.<\/li>\n<li><strong>Mitat ja paino: 313 \u00d7<\/strong> 288 \u00d7 32,5 mm, noin 2,8 kg (n\u00e4pp\u00e4imist\u00f6n kanssa). <\/li>\n<li><strong>Takuu: 3 vuoden<\/strong> takuu (UUSI) tai 12 kuukauden takuu (sertifioitu esik\u00e4ytetty).<\/li>\n<\/ul>\n","protected":false},"author":16,"featured_media":61152,"template":"","meta":{"_acf_changed":false,"inline_featured_image":false},"product-condition":[5252],"product_brand":[8988],"product_cat":[5132,5128,5133],"product_tag":[],"class_list":{"0":"post-47530","1":"product","2":"type-product","3":"status-publish","4":"has-post-thumbnail","6":"product-condition-new-in-box","7":"product_brand-panasonic","8":"product_cat-panasonic-toughbook","9":"product_cat-all-rugged-laptops","10":"product_cat-new-in-box-rugged-hardware","12":"first","13":"instock","14":"taxable","15":"shipping-taxable","16":"purchasable","17":"product-type-simple"},"acf":[],"_links":{"self":[{"href":"https:\/\/micronordic.com\/fi\/wp-json\/wp\/v2\/product\/47530","targetHints":{"allow":["GET"]}}],"collection":[{"href":"https:\/\/micronordic.com\/fi\/wp-json\/wp\/v2\/product"}],"about":[{"href":"https:\/\/micronordic.com\/fi\/wp-json\/wp\/v2\/types\/product"}],"author":[{"embeddable":true,"href":"https:\/\/micronordic.com\/fi\/wp-json\/wp\/v2\/users\/16"}],"version-history":[{"count":2,"href":"https:\/\/micronordic.com\/fi\/wp-json\/wp\/v2\/product\/47530\/revisions"}],"predecessor-version":[{"id":98330,"href":"https:\/\/micronordic.com\/fi\/wp-json\/wp\/v2\/product\/47530\/revisions\/98330"}],"wp:featuredmedia":[{"embeddable":true,"href":"https:\/\/micronordic.com\/fi\/wp-json\/wp\/v2\/media\/61152"}],"wp:attachment":[{"href":"https:\/\/micronordic.com\/fi\/wp-json\/wp\/v2\/media?parent=47530"}],"wp:term":[{"taxonomy":"product-condition","embeddable":true,"href":"https:\/\/micronordic.com\/fi\/wp-json\/wp\/v2\/product-condition?post=47530"},{"taxonomy":"product_brand","embeddable":true,"href":"https:\/\/micronordic.com\/fi\/wp-json\/wp\/v2\/product_brand?post=47530"},{"taxonomy":"product_cat","embeddable":true,"href":"https:\/\/micronordic.com\/fi\/wp-json\/wp\/v2\/product_cat?post=47530"},{"taxonomy":"product_tag","embeddable":true,"href":"https:\/\/micronordic.com\/fi\/wp-json\/wp\/v2\/product_tag?post=47530"}],"curies":[{"name":"wp","href":"https:\/\/api.w.org\/{rel}","templated":true}]}}