{"id":101924,"date":"2025-11-24T17:39:06","date_gmt":"2025-11-24T16:39:06","guid":{"rendered":"https:\/\/micronordic.com\/product\/dell-pro-rugged-13-laptop-uusi\/"},"modified":"2026-01-20T12:14:17","modified_gmt":"2026-01-20T11:14:17","slug":"dell-pro-rugged-13-laptop","status":"publish","type":"product","link":"https:\/\/micronordic.com\/fi\/product\/dell-pro-rugged-13-laptop\/","title":{"rendered":"Dell Pro Rugged 13 laptop (UUSI)"},"content":{"rendered":"<?xml encoding=\"utf-8\" ?><h2 data-start=\"47\" data-end=\"81\">Dell Pro Rugged 13 laptop (UUSI)<\/h2><p data-start=\"83\" data-end=\"608\"><strong data-start=\"87\" data-end=\"116\">Dell Pro Rugged 13 -laptop on<\/strong> kompakti, Fully <strong>Rugged Windows-laptop<\/strong>, joka on suunniteltu luotettavaan toimintaan vaativissa kentt&auml;ymp&auml;rist&ouml;iss&auml;. Se on suunniteltu toimimaan siell&auml;, miss&auml; kuluttajien laptopit ep&auml;onnistuvat, ja siin&auml; yhdistyv&auml;t vahvistettu rakenne, yritystason komponentit, suljetut I\/O:t ja vahvat liit&auml;nt&auml;vaihtoehdot. Ajoneuvoissa, varikoissa, tehtaissa, ulkotiloissa tai syrj&auml;isiss&auml; paikoissa ty&ouml;skenteleville tiimeille se tarjoaa tasapainoisen tasapainon siirrett&auml;vyyden, kest&auml;vyyden ja ammattimaisen tuottavuuden v&auml;lill&auml;, joka tukee pitki&auml; ty&ouml;vuoroja ja kriittisi&auml; teht&auml;vi&auml;.  <\/p><p data-start=\"610\" data-end=\"1004\"><strong data-start=\"615\" data-end=\"622\">UUDENA laitteena<\/strong> Dell <strong data-start=\"635\" data-end=\"664\">Pro Rugged 13 -laptop sis&auml;lt&auml;&auml;<\/strong> <strong data-start=\"676\" data-end=\"695\">3 vuoden vakiovalmistajan takuun, joka tarjoaa<\/strong> pitk&auml;aikaisen suojan organisaatioille, jotka standardoivat kest&auml;v&auml;&auml; mobiililaskentaa. Kosketusn&auml;yt&ouml;n, kannettavan jalansijan ja hyv&auml;ksi todetun lis&auml;varusteekosysteemin ansiosta se auttaa ty&ouml;ntekij&ouml;it&auml; pysym&auml;&auml;n tuottavina haastavissa ty&ouml;nkuluissa &ndash; tarkastuksista ja omaisuuden hallinnasta dokumentointiin, diagnostiikkaan ja raportointiin. <\/p><h2 data-start=\"1006\" data-end=\"1054\">Dell Pro Fully Rugged 13 -laptopin t&auml;rkeimm&auml;t ominaisuudet<\/h2><ul data-start=\"1055\" data-end=\"2490\">\n<li data-start=\"1055\" data-end=\"1208\">\n<p data-start=\"1057\" data-end=\"1208\"><strong data-start=\"1057\" data-end=\"1075\">Rugged alusta &ndash;<\/strong> Fully Rugged rakenne suojaa putoamiselta, t&auml;rin&auml;lt&auml;, p&ouml;lylt&auml; ja kosteudelta, mik&auml; takaa pitk&auml;aikaisen luotettavuuden kent&auml;ll&auml; ja ajoneuvoissa.<\/p>\n<\/li>\n<li data-start=\"1209\" data-end=\"1350\">\n<p data-start=\"1211\" data-end=\"1350\"><strong data-start=\"1211\" data-end=\"1240\">Auringonvalossa luettava n&auml;ytt&ouml; &ndash;<\/strong> 1400 nitin ulkok&auml;ytt&ouml;&ouml;n soveltuva n&auml;ytt&ouml;paneeli, jossa on hansikas- ja styluskosketusvaihtoehdot, pit&auml;&auml; n&auml;yt&ouml;t luettavina kirkkaissa olosuhteissa.<\/p>\n<\/li>\n<li data-start=\"1351\" data-end=\"1515\">\n<p data-start=\"1353\" data-end=\"1515\"><strong data-start=\"1353\" data-end=\"1379\">Reagoiva suorituskyky &ndash;<\/strong> Nykyaikaiset Intel Core Ultra- ja H-sarjan prosessorit, joissa on integroitu grafiikka, tukevat teko&auml;lyteht&auml;vi&auml;, raskaita ty&ouml;teht&auml;vi&auml; ja monen sovelluksen ty&ouml;nkulkuja.<\/p>\n<\/li>\n<li data-start=\"1516\" data-end=\"1670\">\n<p data-start=\"1518\" data-end=\"1670\"><strong data-start=\"1518\" data-end=\"1542\">Kannettava muoto &ndash;<\/strong> Pienikokoinen 13&Prime; muotoilu tarjoaa t&auml;ydellisen Windows-suorituskyvyn pienemm&auml;ll&auml; painolla, mik&auml; on ihanteellista liikkuville ty&ouml;ntekij&ouml;ille ja ahtaisiin ty&ouml;tiloihin.<\/p>\n<\/li>\n<li data-start=\"1671\" data-end=\"1811\">\n<p data-start=\"1673\" data-end=\"1811\"><strong data-start=\"1673\" data-end=\"1704\">Mukautettavat kokoonpanot &ndash;<\/strong> Muistin, tallennustilan ja liitett&auml;vyyden joustavat vaihtoehdot auttavat IT-osastoja tasapainottamaan suorituskyvyn, kustannukset ja elinkaaren.<\/p>\n<\/li>\n<li data-start=\"1812\" data-end=\"1959\">\n<p data-start=\"1814\" data-end=\"1959\"><strong data-start=\"1814\" data-end=\"1839\">Luotettava liitett&auml;vyys &ndash;<\/strong> Wi-Fi 6\/6E\/7, valinnainen 5G\/4G LTE ja erillinen GPS-tuki yll&auml;pit&auml;v&auml;t turvallista yhteytt&auml; et&auml;- ja mobiiliymp&auml;rist&ouml;iss&auml;.<\/p>\n<\/li>\n<li data-start=\"1960\" data-end=\"2103\">\n<p data-start=\"1962\" data-end=\"2103\"><strong data-start=\"1962\" data-end=\"1992\">Nopeat portit ja telakointi &ndash;<\/strong> Thunderbolt 4\/USB-C, lis&auml;varusteena saatava I\/O-paikka sek&auml; ajoneuvo- ja toimistotelakat tehostavat siirtymisi&auml; ja oheislaitteiden k&auml;ytt&ouml;&auml;.<\/p>\n<\/li>\n<li data-start=\"2104\" data-end=\"2241\">\n<p data-start=\"2106\" data-end=\"2241\"><strong data-start=\"2106\" data-end=\"2142\">Yritysturvallisuus ja -hallinta &ndash;<\/strong> Laitteistokohtaiset suojaukset, BIOS-ohjaus ja laitetelemetria tukevat yrityksen IT-k&auml;yt&auml;nt&ouml;j&auml;.<\/p>\n<\/li>\n<li data-start=\"2242\" data-end=\"2364\">\n<p data-start=\"2244\" data-end=\"2364\"><strong data-start=\"2244\" data-end=\"2266\">Huoltokelpoinen rakenne &ndash;<\/strong> Kuumavaihdettavat akut ja k&auml;ytt&auml;j&auml;n ulottuvilla olevat komponentit pident&auml;v&auml;t laitteen elinkaarta ja yksinkertaistavat korjauksia.<\/p>\n<\/li>\n<li data-start=\"2365\" data-end=\"2490\">\n<p data-start=\"2367\" data-end=\"2490\"><strong data-start=\"2367\" data-end=\"2390\">Lis&auml;varusteiden ekosysteemi &ndash;<\/strong> Ajoneuvojen telakat, laturit, kahvat ja kiinnikkeet tukevat ty&ouml;nkulkuja huoltoautoista valvomoihin.<\/p>\n<\/li>\n<\/ul><h2 data-start=\"2492\" data-end=\"2540\">Dell Pro Rugged 13 -laptopin t&auml;rkeimm&auml;t edut<\/h2><h3 data-start=\"2542\" data-end=\"2577\">Rakennettu kovimpiin ty&ouml;p&auml;iviin<\/h3><p data-start=\"2578\" data-end=\"2722\">Rugged kotelo kest&auml;&auml; putoamisia, kosteutta, p&ouml;ly&auml; ja t&auml;rin&auml;&auml;, mik&auml; takaa tasaisen k&auml;ytt&ouml;ajan ulkona, ajoneuvoissa ja teollisuusalueilla.<\/p><h3 data-start=\"2724\" data-end=\"2763\">Kompakti liikkuvuus ilman kompromisseja<\/h3><p data-start=\"2764\" data-end=\"2896\">13 tuuman rugged laptop tarjoaa t&auml;ysimittaisen Windows-tietokoneen kannettavassa tilassa &ndash; ihanteellinen ty&ouml;maak&auml;ynteihin, partiointiin ja liikkuviin ty&ouml;ntekij&ouml;ihin.<\/p><h3 data-start=\"2898\" data-end=\"2944\">Vahvat yhteydet, miss&auml; tahansa ty&ouml;t&auml; tehd&auml;&auml;nkin<\/h3><p data-start=\"2945\" data-end=\"3066\">Luotettava langaton yhteys ja valinnainen mobiililaajakaista pit&auml;v&auml;t tiedonkulun tiimien, ajoneuvojen ja taustaj&auml;rjestelmien v&auml;lill&auml;.<\/p><h3 data-start=\"3068\" data-end=\"3107\">Ennakoitavat kokonaiskustannukset<\/h3><p data-start=\"3108\" data-end=\"3249\">Kent&auml;ll&auml; huollettavat komponentit, vakiomuotoiset kokoonpanot ja 3 vuoden takuu takaavat kaluston pitk&auml;n aikav&auml;lin vakauden ja pienent&auml;v&auml;t operatiivista riski&auml;.<\/p><h3 data-start=\"3251\" data-end=\"3277\">Laivaston k&auml;ytt&ouml;&ouml;notto<\/h3><p data-start=\"3278\" data-end=\"3409\">Yrityskuvantamisen, laitehallinnan ja tietoturvavaihtoehtojen ansiosta k&auml;ytt&ouml;&ouml;notto on helppoa tiimeiss&auml;, ty&ouml;vuoroissa ja useissa toimipisteiss&auml;.<\/p><h2 data-start=\"3411\" data-end=\"3429\">Ihanteelliset k&auml;ytt&ouml;tapaukset<\/h2><ul data-start=\"3430\" data-end=\"4049\">\n<li data-start=\"3430\" data-end=\"3558\">\n<p data-start=\"3432\" data-end=\"3558\"><strong data-start=\"3432\" data-end=\"3462\">Julkinen turvallisuus ja hallinto &ndash;<\/strong> Ajoneuvon sis&auml;inen tietojenk&auml;sittely, turvallinen tiedonsaanti, tapahtumien raportointi ja dokumentointi liikkeell&auml;.<\/p>\n<\/li>\n<li data-start=\"3559\" data-end=\"3677\">\n<p data-start=\"3561\" data-end=\"3677\"><strong data-start=\"3561\" data-end=\"3590\">Kentt&auml;huolto ja yleishy&ouml;dylliset palvelut &ndash;<\/strong> Omaisuuden tarkastus, diagnostiikka, huoltoraportointi ja et&auml;huollon ty&ouml;nkulut.<\/p>\n<\/li>\n<li data-start=\"3678\" data-end=\"3795\">\n<p data-start=\"3680\" data-end=\"3795\"><strong data-start=\"3680\" data-end=\"3708\">Varasto ja jakelu &ndash;<\/strong> Ty&ouml;tilaukset, varastointij&auml;rjestelm&auml;t, telakkateht&auml;v&auml;t ja tietojen sy&ouml;tt&ouml; trukista tai ty&ouml;p&ouml;yd&auml;lt&auml;.<\/p>\n<\/li>\n<li data-start=\"3796\" data-end=\"3920\">\n<p data-start=\"3798\" data-end=\"3920\"><strong data-start=\"3798\" data-end=\"3828\">Teollisuus ja teollisuus &ndash;<\/strong> Laaduntarkistukset, WIP:n k&auml;ytt&ouml;oikeus, HMI-teht&auml;v&auml;t ja huoltotoimenpiteet vaativissa ymp&auml;rist&ouml;iss&auml;.<\/p>\n<\/li>\n<li data-start=\"3921\" data-end=\"4049\">\n<p data-start=\"3923\" data-end=\"4049\"><strong data-start=\"3923\" data-end=\"3948\">Kuljetus ja logistiikka &ndash;<\/strong> Reititys, telematiikkaintegraatio, etikettien k&auml;sittely ja pihanhallinta luotettavalla mobiilik&auml;yt&ouml;ll&auml;.<\/p>\n<\/li>\n<\/ul><h2 data-start=\"4051\" data-end=\"4107\">Dell Pro Rugged 13 -laptopin tuotevertailut<\/h2><ul data-start=\"4108\" data-end=\"4600\">\n<li data-start=\"4108\" data-end=\"4256\">\n<p data-start=\"4110\" data-end=\"4256\"><a href=\"https:\/\/micronordic.com\/product\/getac-v110-g7-touch-fully-rugged-notebook\/\"><strong data-start=\"4110\" data-end=\"4127\">Getac V110 G7<\/strong><\/a> &ndash; Valitse V110 G7, jos haluat muunneltavan 2-in-1-kannettavan ruggedin muotoilun; valitse Dell Pro Rugged 13 -laptop, jos haluat kevyemm&auml;n perinteisen simpukkamallin.<\/p>\n<\/li>\n<li data-start=\"4257\" data-end=\"4432\">\n<p data-start=\"4259\" data-end=\"4432\"><a href=\"https:\/\/micronordic.com\/product\/panasonic-toughbook-fz-55\/\"><strong data-start=\"4259\" data-end=\"4285\">Panasonic Toughbook 55<\/strong><\/a> &ndash; Valitse Toughbook 55, jos modulaariset laajennuspaikat ovat kriittisi&auml;; valitse Dell Pro Rugged Laptop 13, jos haluat yksinkertaisempaa siirrett&auml;vyytt&auml; ja vakiomuotoisia tietoja.<\/p>\n<\/li>\n<li data-start=\"4433\" data-end=\"4600\">\n<p data-start=\"4435\" data-end=\"4600\"><a href=\"https:\/\/micronordic.com\/product\/dell-rugged-extreme-5430-new\/\"><strong data-start=\"79\" data-end=\"108\">Dell Latitude rugged 5430<\/strong><\/a> &ndash; Valitse Latitude 5430 Rugged, jos pid&auml;t perinteisemm&auml;st&auml; kest&auml;v&auml;st&auml; yrityskannettavasta, jonka saatavuus on laajempi ja joka on osoittautunut hyv&auml;ksi kentt&auml;k&auml;yt&ouml;ss&auml;; valitse Dell Pro Rugged 13 -laptop, jos haluat kevyemm&auml;n ja kompaktimman Fully Rugged -j&auml;rjestelm&auml;n, joka on optimoitu liikkuvuutta varten.<\/p>\n<\/li>\n<\/ul>\n","protected":false},"excerpt":{"rendered":"<h3>Tekniset tiedot<\/h3>\n<ul>\n<li><strong>N\u00e4ytt\u00f6:<\/strong> 13\u2033 ulkoilmassa luettava; lis\u00e4varusteena k\u00e4sine\/stylus kosketusn\u00e4ytt\u00f6<\/li>\n<li><strong>Prosessori:<\/strong> (konfiguroitavissa): Intel\u00ae Core\u2122 Ultra \/ H-sarja (konfiguroitavissa)<\/li>\n<li><strong>Grafiikka:<\/strong> Integroitu n\u00e4yt\u00f6nohjain (Intel Iris Xe \/ Intel Arc, mallista riippuvainen).<\/li>\n<li><strong>Muisti: 16 Gt<\/strong> LPDDR5x (perusmalli), p\u00e4ivitett\u00e4viss\u00e4 64 Gt:iin.<\/li>\n<li><strong>Tallennustila: 256 Gt<\/strong> PCIe NVMe SSD (perusmalli), p\u00e4ivitett\u00e4viss\u00e4 2 TB:iin.<\/li>\n<li><strong>Liitett\u00e4vyys:<\/strong> Wi-Fi 6\/6E\/7, Bluetooth; valinnainen 5G\/4G LTE ja GNSS; tukee rugged telakointia.<\/li>\n<li><strong>Rugged sertifioinnit:<\/strong> Toiminta-alue -29 \u00b0C &#8211; 63 \u00b0C.<\/li>\n<li><strong>Turvallisuus:<\/strong> BIOS-suojaukset, TPM, sormenj\u00e4lki-\/\u00e4lykorttivaihtoehdot.<\/li>\n<li><strong>Akku: Kuumavaihdettava<\/strong> kaksoisakku pitkiin ty\u00f6vuoroihin.<\/li>\n<li><strong>Mitat ja paino: Korkeus<\/strong> 1.43\u2033 (36.5 mm), alkaen 2.4 kg (5.29 lb).<\/li>\n<li><strong>Takuu: 3 vuoden<\/strong> takuu (UUSI laite)<\/li>\n<\/ul>\n","protected":false},"author":24,"featured_media":99915,"template":"","meta":{"_acf_changed":false,"inline_featured_image":false},"product-condition":[5252],"product_brand":[8945],"product_cat":[5128,5133,5125],"product_tag":[],"class_list":{"0":"post-101924","1":"product","2":"type-product","3":"status-publish","4":"has-post-thumbnail","6":"product-condition-new-in-box","7":"product_brand-dell","8":"product_cat-all-rugged-laptops","9":"product_cat-new-in-box-rugged-hardware","10":"product_cat-dell-rugged","12":"first","13":"instock","14":"taxable","15":"shipping-taxable","16":"purchasable","17":"product-type-simple"},"acf":[],"_links":{"self":[{"href":"https:\/\/micronordic.com\/fi\/wp-json\/wp\/v2\/product\/101924","targetHints":{"allow":["GET"]}}],"collection":[{"href":"https:\/\/micronordic.com\/fi\/wp-json\/wp\/v2\/product"}],"about":[{"href":"https:\/\/micronordic.com\/fi\/wp-json\/wp\/v2\/types\/product"}],"author":[{"embeddable":true,"href":"https:\/\/micronordic.com\/fi\/wp-json\/wp\/v2\/users\/24"}],"version-history":[{"count":1,"href":"https:\/\/micronordic.com\/fi\/wp-json\/wp\/v2\/product\/101924\/revisions"}],"predecessor-version":[{"id":101975,"href":"https:\/\/micronordic.com\/fi\/wp-json\/wp\/v2\/product\/101924\/revisions\/101975"}],"wp:featuredmedia":[{"embeddable":true,"href":"https:\/\/micronordic.com\/fi\/wp-json\/wp\/v2\/media\/99915"}],"wp:attachment":[{"href":"https:\/\/micronordic.com\/fi\/wp-json\/wp\/v2\/media?parent=101924"}],"wp:term":[{"taxonomy":"product-condition","embeddable":true,"href":"https:\/\/micronordic.com\/fi\/wp-json\/wp\/v2\/product-condition?post=101924"},{"taxonomy":"product_brand","embeddable":true,"href":"https:\/\/micronordic.com\/fi\/wp-json\/wp\/v2\/product_brand?post=101924"},{"taxonomy":"product_cat","embeddable":true,"href":"https:\/\/micronordic.com\/fi\/wp-json\/wp\/v2\/product_cat?post=101924"},{"taxonomy":"product_tag","embeddable":true,"href":"https:\/\/micronordic.com\/fi\/wp-json\/wp\/v2\/product_tag?post=101924"}],"curies":[{"name":"wp","href":"https:\/\/api.w.org\/{rel}","templated":true}]}}