{"id":45992,"date":"2024-08-02T13:29:58","date_gmt":"2024-08-02T11:29:58","guid":{"rendered":"https:\/\/micronordic.com\/product\/zebra-et65-rugged-enterprise-tablet-new\/"},"modified":"2025-11-17T10:40:53","modified_gmt":"2025-11-17T09:40:53","slug":"zebra-et65-rugged-enterprise-tablet","status":"publish","type":"product","link":"https:\/\/micronordic.com\/es\/product\/zebra-et65-rugged-enterprise-tablet\/","title":{"rendered":"Zebra ET65 Rugged Tablet (NUEVO)"},"content":{"rendered":"<?xml encoding=\"utf-8\" ?><h2 data-start=\"384\" data-end=\"423\">Zebra ET65 Rugged Tablet para empresas<\/h2><p data-start=\"425\" data-end=\"981\">La <strong data-start=\"429\" data-end=\"468\">Zebra ET65 Rugged Tablet para empresas<\/strong> est&aacute; dise&ntilde;ada para los entornos industriales y al aire libre m&aacute;s exigentes, y ofrece durabilidad de primer nivel, tecnolog&iacute;a de pantalla ultrabrillante y conectividad de vanguardia. Basada en la probada plataforma ET60, la ET65 est&aacute; optimizada para operaciones sobre el terreno con dise&ntilde;o 5G-first, precisi&oacute;n GPS mejorada y certificaciones rugged superiores. Es la opci&oacute;n ideal para las organizaciones que necesitan una Tablet potente y adaptable que funcione en condiciones cr&iacute;ticas, como la seguridad p&uacute;blica, los servicios p&uacute;blicos y el transporte.   Los productos nuevos tienen 2 a&ntilde;os de garant&iacute;a del fabricante.<\/p><h2 data-start=\"983\" data-end=\"1032\">Caracter&iacute;sticas principales de la Zebra ET65 Rugged Tablet<\/h2><ul data-start=\"1034\" data-end=\"2074\">\n<li data-start=\"1034\" data-end=\"1144\">\n<p data-start=\"1036\" data-end=\"1144\"><strong data-start=\"1036\" data-end=\"1059\">Dise&ntilde;o ultrarresistente<\/strong>: certificado MIL-STD-810H, con clasificaci&oacute;n IP66\/IP68 y a prueba de ca&iacute;das para una durabilidad extrema.<\/p>\n<\/li>\n<li data-start=\"1145\" data-end=\"1255\">\n<p data-start=\"1147\" data-end=\"1255\"><strong data-start=\"1147\" data-end=\"1175\">Pantalla ultrabrillante de 12&Prime;<\/strong>: pantalla t&aacute;ctil legible a la luz del sol de m&aacute;s de 1.000 nits compatible con el tacto h&uacute;medo y con guantes.<\/p>\n<\/li>\n<li data-start=\"1256\" data-end=\"1354\">\n<p data-start=\"1258\" data-end=\"1354\"><strong data-start=\"1258\" data-end=\"1282\">Rendimiento de &uacute;ltima generaci&oacute;n<\/strong>: procesador octa-core Qualcomm&reg; 6490 con aceleraci&oacute;n de IA integrada.<\/p>\n<\/li>\n<li data-start=\"1355\" data-end=\"1468\">\n<p data-start=\"1357\" data-end=\"1468\"><strong data-start=\"1357\" data-end=\"1382\">Conectividad 5G-first<\/strong>: 5G integrado, Wi-Fi 6E, Bluetooth 5.2 y GPS mejorado para una movilidad global sobre el terreno.<\/p>\n<\/li>\n<li data-start=\"1469\" data-end=\"1582\">\n<p data-start=\"1471\" data-end=\"1582\"><strong data-start=\"1471\" data-end=\"1496\">Factor de forma vers&aacute;til<\/strong>: el teclado rugged opcional y la base para veh&iacute;culo lo transforman en un sustituto del laptop.<\/p>\n<\/li>\n<li data-start=\"1583\" data-end=\"1681\">\n<p data-start=\"1585\" data-end=\"1681\"><strong data-start=\"1585\" data-end=\"1612\">Bater&iacute;as intercambiables en caliente<\/strong>: opciones est&aacute;ndar y ampliadas para un uso ininterrumpido en varios turnos.<\/p>\n<\/li>\n<li data-start=\"1682\" data-end=\"1780\">\n<p data-start=\"1684\" data-end=\"1780\"><strong data-start=\"1684\" data-end=\"1717\">Captura de datos de nivel empresarial<\/strong>: esc&aacute;ner de c&oacute;digos de barras 2D integrado y c&aacute;maras de alta resoluci&oacute;n.<\/p>\n<\/li>\n<li data-start=\"1781\" data-end=\"1885\">\n<p data-start=\"1783\" data-end=\"1885\"><strong data-start=\"1783\" data-end=\"1811\">Herramientas Mobility DNA de Zebra<\/strong> &ndash; Ecosistema de software para despliegue de dispositivos, conectividad y seguridad.<\/p>\n<\/li>\n<li data-start=\"1886\" data-end=\"1994\">\n<p data-start=\"1888\" data-end=\"1994\"><strong data-start=\"1888\" data-end=\"1911\">Ecosistema de accesorios<\/strong>: estaciones de acoplamiento, soportes para veh&iacute;culos y soluciones de carga para empresas.<\/p>\n<\/li>\n<li data-start=\"1995\" data-end=\"2074\">\n<p data-start=\"1997\" data-end=\"2074\"><strong data-start=\"1997\" data-end=\"2018\">Cobertura de garant&iacute;a<\/strong> &ndash; Respaldado por la garant&iacute;a limitada est&aacute;ndar de 2 a&ntilde;os de Zebra.<\/p>\n<\/li>\n<\/ul><h2 data-start=\"2076\" data-end=\"2136\">Principales ventajas de la Zebra ET65 Rugged Tablet para empresas<\/h2><h3 data-start=\"2138\" data-end=\"2176\">Rendimiento rugged m&aacute;s all&aacute; de los l&iacute;mites<\/h3><p data-start=\"2177\" data-end=\"2473\">La ET65 est&aacute; dise&ntilde;ada para funcionar en los entornos m&aacute;s duros. Con sellado IP66\/IP68, resiste el polvo, la lluvia intensa y la inmersi&oacute;n en agua. La certificaci&oacute;n MIL-STD-810H garantiza su resistencia a vibraciones, golpes y temperaturas extremas, lo que la convierte en un dispositivo de confianza para los trabajadores de primera l&iacute;nea.  <\/p><h3 data-start=\"2475\" data-end=\"2509\">Brillante y legible en cualquier lugar<\/h3><p data-start=\"2510\" data-end=\"2756\">Su pantalla ultrabrillante de 12&Prime; ofrece una excelente legibilidad incluso con luz solar directa. La compatibilidad con guantes y la tecnolog&iacute;a t&aacute;ctil h&uacute;meda permiten un uso ininterrumpido en condiciones meteorol&oacute;gicas adversas, lo que permite a los trabajadores sobre el terreno acceder a datos y aplicaciones cr&iacute;ticos sin problemas. <\/p><h3 data-start=\"2758\" data-end=\"2798\">Optimizado para conectividad en exteriores<\/h3><p data-start=\"2799\" data-end=\"3092\">A diferencia de la ET60, la ET65 est&aacute; dise&ntilde;ada como una Tablet rugged 5G. Con funcionalidad GPS avanzada, garantiza un posicionamiento de alta precisi&oacute;n, mientras que 5G y Wi-Fi 6E ofrecen una comunicaci&oacute;n ultrarr&aacute;pida para aplicaciones con muchos datos, como transmisi&oacute;n de v&iacute;deo en directo, cartograf&iacute;a GIS e inspecciones remotas. <\/p><h3 data-start=\"3094\" data-end=\"3128\">Rendimiento de clase empresarial<\/h3><p data-start=\"3129\" data-end=\"3368\">Equipada con el procesador Qualcomm&reg; 6490, la ET65 ofrece un potente rendimiento multitarea y preparado para IA. Desde la recopilaci&oacute;n de datos IoT industriales hasta la visualizaci&oacute;n CAD, la ET65 ofrece un funcionamiento fluido y una potencia de procesamiento preparada para el futuro. <\/p><h3 data-start=\"3370\" data-end=\"3403\">Sustituci&oacute;n flexible de port&aacute;tiles<\/h3><p data-start=\"3404\" data-end=\"3669\">El teclado rugged opcional y la soluci&oacute;n de acoplamiento al veh&iacute;culo transforman la ET65 en una alternativa completa al port&aacute;til. Esta versatilidad reduce la necesidad de varios dispositivos, lo que permite a los equipos adaptar la ET65 a distintos flujos de trabajo, ya sea en la oficina, en el veh&iacute;culo o sobre el terreno. <\/p><h3 data-start=\"3671\" data-end=\"3699\">Bater&iacute;a de larga duraci&oacute;n<\/h3><p data-start=\"3700\" data-end=\"3907\">Las opciones de bater&iacute;a intercambiable en caliente garantizan un tiempo de actividad continuo, incluso en turnos dobles. Los trabajadores pueden cambiar las bater&iacute;as en segundos sin necesidad de apagar la m&aacute;quina, lo que garantiza la m&aacute;xima productividad en operaciones de misi&oacute;n cr&iacute;tica. <\/p><h3 data-start=\"3909\" data-end=\"3948\">Captura de datos e im&aacute;genes fiables<\/h3><p data-start=\"3949\" data-end=\"4192\">El esc&aacute;ner de c&oacute;digos de barras 2D integrado y las c&aacute;maras de alta resoluci&oacute;n hacen que la ET65 sea ideal para el seguimiento de activos, la documentaci&oacute;n de pruebas de estado y la elaboraci&oacute;n de informes en tiempo real. La tecnolog&iacute;a de escaneado est&aacute; optimizada para ofrecer precisi&oacute;n incluso en condiciones dif&iacute;ciles. <\/p><h3 data-start=\"4194\" data-end=\"4227\">Seguro y preparado para la empresa<\/h3><p data-start=\"4228\" data-end=\"4463\">Con Zebra Mobility DNA, la ET65 ofrece seguridad y capacidad de gesti&oacute;n de nivel empresarial. Los equipos de TI obtienen el control a trav&eacute;s de herramientas como StageNow, Enterprise Home Screen y WorryFree WiFi, lo que garantiza un rendimiento optimizado y un coste total de propiedad reducido. <\/p><h3 data-start=\"4465\" data-end=\"4494\">Fiabilidad a largo plazo<\/h3><p data-start=\"4495\" data-end=\"4700\">La ET65 incluye una garant&iacute;a limitada de tres a&ntilde;os y servicios de asistencia t&eacute;cnica opcionales de Zebra. Las organizaciones pueden confiar en un rendimiento constante y una gesti&oacute;n del ciclo de vida ampliada para implementaciones de misi&oacute;n cr&iacute;tica. <\/p><h2 data-start=\"4702\" data-end=\"4755\">Casos de uso ideales para la Zebra ET65 Rugged Tablet<\/h2><ul data-start=\"4757\" data-end=\"5320\">\n<li data-start=\"4757\" data-end=\"4877\">\n<p data-start=\"4759\" data-end=\"4877\"><strong data-start=\"4759\" data-end=\"4786\">Seguridad p&uacute;blica y defensa<\/strong>: herramientas de comunicaci&oacute;n seguras y robustas para agentes de primera l&iacute;nea y personal de emergencias.<\/p>\n<\/li>\n<li data-start=\"4878\" data-end=\"4995\">\n<p data-start=\"4880\" data-end=\"4995\"><strong data-start=\"4880\" data-end=\"4909\">Servicios p&uacute;blicos y de campo<\/strong>: fiables en condiciones meteorol&oacute;gicas adversas y zonas remotas con GPS avanzado y conectividad 5G.<\/p>\n<\/li>\n<li data-start=\"4996\" data-end=\"5107\">\n<p data-start=\"4998\" data-end=\"5107\"><strong data-start=\"4998\" data-end=\"5028\">Transporte y log&iacute;stica<\/strong> &ndash; Flujos de trabajo montados en veh&iacute;culos, optimizaci&oacute;n de rutas e intercambio de datos en tiempo real.<\/p>\n<\/li>\n<li data-start=\"5108\" data-end=\"5213\">\n<p data-start=\"5110\" data-end=\"5213\"><strong data-start=\"5110\" data-end=\"5140\">Construcci&oacute;n e ingenier&iacute;a<\/strong>: un dise&ntilde;o duradero y una gran pantalla apoyan la gesti&oacute;n de proyectos in situ.<\/p>\n<\/li>\n<li data-start=\"5214\" data-end=\"5320\">\n<p data-start=\"5216\" data-end=\"5320\"><strong data-start=\"5216\" data-end=\"5244\">Fabricaci&oacute;n industrial<\/strong> &ndash; Funciona a la perfecci&oacute;n en medio de vibraciones, polvo y fluctuaciones de temperatura.<\/p>\n<\/li>\n<\/ul><h2 data-start=\"145\" data-end=\"181\">Comparaci&oacute;n de productos Zebra ET65<\/h2><p data-start=\"183\" data-end=\"412\">La Zebra ET65 se basa en la plataforma ET60, ofreciendo una mayor preparaci&oacute;n para exteriores con conectividad 5G-first y certificaci&oacute;n IP68. Para las empresas que eval&uacute;an alternativas, Micro Nordic dispone de otras Rugged Tablet: <\/p><ul data-start=\"414\" data-end=\"855\">\n<li data-start=\"414\" data-end=\"574\">\n<p data-start=\"416\" data-end=\"574\"><a href=\"https:\/\/micronordic.com\/product\/zebra-et60-rugged-enterprise-tablet\/\"><strong data-start=\"416\" data-end=\"455\">Zebra ET60 Rugged Tablet para empresas<\/strong><\/a> &ndash; La plataforma base con factor de forma vers&aacute;til y rendimiento rugged, ideal para flujos de trabajo mixtos en interiores y exteriores.<\/p>\n<\/li>\n<li data-start=\"575\" data-end=\"698\">\n<p data-start=\"577\" data-end=\"698\"><a href=\"https:\/\/micronordic.com\/product\/getac-f110-touch-fully-rugged-tablet\/\"><strong data-start=\"577\" data-end=\"611\">Tablet Fully Rugged F110 de Getac<\/strong><\/a> &ndash; Una Tablet Windows de 11,6&Prime; Fully Rugged dise&ntilde;ada para operaciones industriales y de campo.<\/p>\n<\/li>\n<li data-start=\"699\" data-end=\"855\">\n<p data-start=\"701\" data-end=\"855\"><a href=\"https:\/\/micronordic.com\/product\/panasonic-toughpad-fz-m1-refurbished\/\"><strong data-start=\"701\" data-end=\"758\">Tablet rugged Panasonic TOUGHBOOK FZ-M1<\/strong><\/a> &ndash; Una Tablet rugged compacta de 7&Prime; que ofrece portabilidad y asequibilidad para casos de uso especializados.<\/p>\n<\/li>\n<\/ul>\n","protected":false},"excerpt":{"rendered":"<h3>Especificaciones:<\/h3>\n<ul>\n<li><strong>Pantalla:<\/strong> Pantalla t\u00e1ctil FHD ultrabrillante de 12\u2033, 1000+ nits, compatible con el tacto h\u00famedo y con guantes.<\/li>\n<li><strong>Procesador:<\/strong> Procesador Qualcomm\u00ae 6490 octa-core con aceleraci\u00f3n de IA.<\/li>\n<li><strong>Gr\u00e1ficos:<\/strong> GPU Qualcomm Adreno integrada<\/li>\n<li><strong>Memoria:<\/strong> Hasta 8 GB de RAM<\/li>\n<li><strong>Almacenamiento:<\/strong> 64 GB &#8211; 128 GB UFS, ampliable mediante microSD<\/li>\n<li><strong>Conectividad:<\/strong> 5G, Wi-Fi 6E, Bluetooth 5.2, GPS<\/li>\n<li><strong>Certificaciones rugged:<\/strong> MIL-STD-810H, IP66\/IP68, resistente a ca\u00eddas<\/li>\n<li><strong>Seguridad:<\/strong> Seguridad empresarial Android, compatibilidad EMM<\/li>\n<li><strong>Bater\u00eda:<\/strong> opciones de bater\u00eda est\u00e1ndar y ampliada intercambiables en caliente<\/li>\n<li><strong>Dimensiones y peso:<\/strong> Modelo de aprox. 12\u2033, ~1,3 kg. <\/li>\n<li><strong>Garant\u00eda:<\/strong> Garant\u00eda limitada est\u00e1ndar de 2 a\u00f1os<\/li>\n<\/ul>\n","protected":false},"author":24,"featured_media":100171,"template":"","meta":{"_acf_changed":false,"inline_featured_image":false},"product-condition":[5247],"product_brand":[9014],"product_cat":[5121,5118,5117],"product_tag":[],"class_list":{"0":"post-45992","1":"product","2":"type-product","3":"status-publish","4":"has-post-thumbnail","6":"product-condition-new-in-box","7":"product_brand-zebra","8":"product_cat-all-rugged-tablets","9":"product_cat-new-in-box-rugged-hardware","10":"product_cat-zebra","12":"first","13":"instock","14":"taxable","15":"shipping-taxable","16":"purchasable","17":"product-type-simple"},"acf":[],"_links":{"self":[{"href":"https:\/\/micronordic.com\/es\/wp-json\/wp\/v2\/product\/45992","targetHints":{"allow":["GET"]}}],"collection":[{"href":"https:\/\/micronordic.com\/es\/wp-json\/wp\/v2\/product"}],"about":[{"href":"https:\/\/micronordic.com\/es\/wp-json\/wp\/v2\/types\/product"}],"author":[{"embeddable":true,"href":"https:\/\/micronordic.com\/es\/wp-json\/wp\/v2\/users\/24"}],"version-history":[{"count":2,"href":"https:\/\/micronordic.com\/es\/wp-json\/wp\/v2\/product\/45992\/revisions"}],"predecessor-version":[{"id":97827,"href":"https:\/\/micronordic.com\/es\/wp-json\/wp\/v2\/product\/45992\/revisions\/97827"}],"wp:featuredmedia":[{"embeddable":true,"href":"https:\/\/micronordic.com\/es\/wp-json\/wp\/v2\/media\/100171"}],"wp:attachment":[{"href":"https:\/\/micronordic.com\/es\/wp-json\/wp\/v2\/media?parent=45992"}],"wp:term":[{"taxonomy":"product-condition","embeddable":true,"href":"https:\/\/micronordic.com\/es\/wp-json\/wp\/v2\/product-condition?post=45992"},{"taxonomy":"product_brand","embeddable":true,"href":"https:\/\/micronordic.com\/es\/wp-json\/wp\/v2\/product_brand?post=45992"},{"taxonomy":"product_cat","embeddable":true,"href":"https:\/\/micronordic.com\/es\/wp-json\/wp\/v2\/product_cat?post=45992"},{"taxonomy":"product_tag","embeddable":true,"href":"https:\/\/micronordic.com\/es\/wp-json\/wp\/v2\/product_tag?post=45992"}],"curies":[{"name":"wp","href":"https:\/\/api.w.org\/{rel}","templated":true}]}}