{"id":45990,"date":"2024-08-02T13:58:55","date_gmt":"2024-08-02T11:58:55","guid":{"rendered":"https:\/\/micronordic.com\/product\/zebra-et60-rugged-enterprise-tablet-new\/"},"modified":"2025-11-24T12:17:46","modified_gmt":"2025-11-24T11:17:46","slug":"zebra-et60-rugged-enterprise-tablet","status":"publish","type":"product","link":"https:\/\/micronordic.com\/es\/product\/zebra-et60-rugged-enterprise-tablet\/","title":{"rendered":"Zebra ET60 Rugged Tablet (NUEVO)"},"content":{"rendered":"<?xml encoding=\"utf-8\" ?><h2 data-start=\"341\" data-end=\"380\">Zebra ET60 Rugged Tablet para empresas<\/h2><p data-start=\"382\" data-end=\"886\">La <strong data-start=\"386\" data-end=\"425\">Zebra ET60 Rugged Enterprise Tablet<\/strong> es un dispositivo totalmente rugged dise&ntilde;ado para los entornos m&aacute;s exigentes. Dise&ntilde;ada para ofrecer un rendimiento fiable en sectores como la log&iacute;stica, la fabricaci&oacute;n, los servicios p&uacute;blicos y la seguridad p&uacute;blica, la ET60 proporciona una durabilidad excepcional, conectividad de alta velocidad y configuraciones flexibles. Con teclados desmontables opcionales y una base para veh&iacute;culos, se transforma f&aacute;cilmente en un sustituto del rugged laptop, lo que la convierte en una de las Tablet rugged m&aacute;s vers&aacute;tiles de Zebra hasta la fecha. Los productos nuevos tienen 2 a&ntilde;os de garant&iacute;a del fabricante.<\/p><h2 data-start=\"888\" data-end=\"937\">Caracter&iacute;sticas principales de la Zebra ET60 Rugged Tablet<\/h2><ul data-start=\"939\" data-end=\"1969\">\n<li data-start=\"939\" data-end=\"1044\">\n<p data-start=\"941\" data-end=\"1044\"><strong data-start=\"941\" data-end=\"964\">Dise&ntilde;o totalmente rugged<\/strong>: certificado MIL-STD-810H, con clasificaci&oacute;n IP66 y a prueba de ca&iacute;das para una durabilidad extrema.<\/p>\n<\/li>\n<li data-start=\"1045\" data-end=\"1161\">\n<p data-start=\"1047\" data-end=\"1161\"><strong data-start=\"1047\" data-end=\"1079\">Pantalla de 12&Prime; legible en exteriores<\/strong>: pantalla t&aacute;ctil ultrabrillante compatible con guantes y toques h&uacute;medos para cualquier condici&oacute;n.<\/p>\n<\/li>\n<li data-start=\"1162\" data-end=\"1257\">\n<p data-start=\"1164\" data-end=\"1257\"><strong data-start=\"1164\" data-end=\"1187\">Potente procesamiento<\/strong>: procesador Qualcomm&reg; 6490 octa-core con funciones avanzadas de IA.<\/p>\n<\/li>\n<li data-start=\"1258\" data-end=\"1382\">\n<p data-start=\"1260\" data-end=\"1382\"><strong data-start=\"1260\" data-end=\"1284\">Factor de forma flexible<\/strong>: dise&ntilde;o convertible con teclado rugged opcional y base para veh&iacute;culo para flujos de trabajo tipo laptop.<\/p>\n<\/li>\n<li data-start=\"1383\" data-end=\"1488\">\n<p data-start=\"1385\" data-end=\"1488\"><strong data-start=\"1385\" data-end=\"1418\">Conectividad de clase empresarial<\/strong>: Wi-Fi 6E, Bluetooth 5.2, GPS y 5G opcional para movilidad sobre el terreno.<\/p>\n<\/li>\n<li data-start=\"1489\" data-end=\"1577\">\n<p data-start=\"1491\" data-end=\"1577\"><strong data-start=\"1491\" data-end=\"1515\">Bater&iacute;a de larga duraci&oacute;n<\/strong>: opciones de bater&iacute;a de alta capacidad con posibilidad de sustituci&oacute;n en caliente.<\/p>\n<\/li>\n<li data-start=\"1578\" data-end=\"1668\">\n<p data-start=\"1580\" data-end=\"1668\"><strong data-start=\"1580\" data-end=\"1605\">Captura avanzada de datos<\/strong>: esc&aacute;ner de c&oacute;digos de barras 2D integrado y c&aacute;maras de alta resoluci&oacute;n.<\/p>\n<\/li>\n<li data-start=\"1669\" data-end=\"1779\">\n<p data-start=\"1671\" data-end=\"1779\"><strong data-start=\"1671\" data-end=\"1699\">Herramientas Mobility DNA de Zebra<\/strong> &ndash; Paquete de software precargado para despliegue, gesti&oacute;n y operaciones seguras.<\/p>\n<\/li>\n<li data-start=\"1780\" data-end=\"1889\">\n<p data-start=\"1782\" data-end=\"1889\"><strong data-start=\"1782\" data-end=\"1805\">Accesorios modulares<\/strong>: admite docking, soportes, m&oacute;dulos de expansi&oacute;n y soluciones de carga para empresas.<\/p>\n<\/li>\n<li data-start=\"1890\" data-end=\"1969\">\n<p data-start=\"1892\" data-end=\"1969\"><strong data-start=\"1892\" data-end=\"1913\">Garant&iacute;a incluida<\/strong> &ndash; Respaldada por la garant&iacute;a limitada est&aacute;ndar de 2 a&ntilde;os de Zebra.<\/p>\n<\/li>\n<\/ul><h2 data-start=\"1971\" data-end=\"2031\">Principales ventajas de la Zebra ET60 Rugged Tablet para empresas<\/h2><h3 data-start=\"2033\" data-end=\"2080\">Fiabilidad rugged para entornos dif&iacute;ciles<\/h3><p data-start=\"2081\" data-end=\"2368\">La ET60 est&aacute; dise&ntilde;ada para condiciones extremas, con certificaci&oacute;n MIL-STD-810H y sellado IP66 que la protegen del polvo, el agua, las vibraciones y las temperaturas extremas. Desde almacenes a trabajos de campo en exteriores, el ET60 garantiza un rendimiento ininterrumpido all&iacute; donde los tablets de consumo fallar&iacute;an.<\/p><h3 data-start=\"2370\" data-end=\"2403\">Visibilidad superior de la pantalla<\/h3><p data-start=\"2404\" data-end=\"2697\">Con una gran pantalla ultrabrillante de 12&Prime;, el ET60 ofrece una excelente legibilidad en interiores y exteriores. La pantalla admite la entrada t&aacute;ctil con guantes y en h&uacute;medo, lo que facilita el manejo en entornos con lluvia, nieve o polvo. Esta visibilidad es esencial para los trabajadores que dependen de datos en tiempo real sobre el terreno.<\/p><h3 data-start=\"2699\" data-end=\"2732\">Procesado de alto rendimiento<\/h3><p data-start=\"2733\" data-end=\"3031\">Equipado con el procesador Qualcomm&reg; 6490 octa-core, el ET60 ofrece un rendimiento de nivel empresarial para cargas de trabajo exigentes como cartograf&iacute;a GIS, seguimiento log&iacute;stico y aplicaciones complejas de servicio de campo. Su arquitectura preparada para IA garantiza una adaptabilidad a prueba de futuro para soluciones empresariales emergentes.<\/p><h3 data-start=\"3033\" data-end=\"3060\">Factor de forma vers&aacute;til<\/h3><p data-start=\"3061\" data-end=\"3317\">La ET60 es m&aacute;s que una Tablet. Con su teclado rugged opcional y su base para veh&iacute;culos, puede funcionar como sustituto de un rugged laptop. Esta versatilidad permite a las organizaciones reducir sus flotas de dispositivos unificando port&aacute;tiles y tablets en una sola plataforma.<\/p><h3 data-start=\"3319\" data-end=\"3357\">Conectividad empresarial en cualquier lugar<\/h3><p data-start=\"3358\" data-end=\"3603\">Compatible con Wi-Fi 6E, Bluetooth 5.2, GPS y 5G opcional, el ET60 mantiene a los equipos conectados en cualquier situaci&oacute;n. Ya sea en una f&aacute;brica, en un veh&iacute;culo en movimiento o en operaciones de campo remotas, una comunicaci&oacute;n fiable de alta velocidad garantiza una productividad continua.<\/p><h3 data-start=\"3605\" data-end=\"3641\">Potencia ampliada para turnos largos<\/h3><p data-start=\"3642\" data-end=\"3883\">Dise&ntilde;ada para su uso durante todo el d&iacute;a, la ET60 ofrece bater&iacute;as de alta capacidad con soporte de intercambio en caliente, lo que permite a los trabajadores sustituir las bater&iacute;as sobre la marcha sin interrumpir los flujos de trabajo. Esto la hace especialmente adecuada para turnos largos y operaciones 24\/7.<\/p><h3 data-start=\"3885\" data-end=\"3920\">Escaneado e imagen avanzados<\/h3><p data-start=\"3921\" data-end=\"4149\">Con un esc&aacute;ner 2D integrado y c&aacute;maras de alta resoluci&oacute;n, la ET60 permite una captura de datos r&aacute;pida y precisa. Desde el escaneado de c&oacute;digos de barras en log&iacute;stica hasta la documentaci&oacute;n de im&aacute;genes en el servicio de campo, mejora la eficiencia y reduce los errores.<\/p><h3 data-start=\"4151\" data-end=\"4179\">Movilidad Ecosistema ADN<\/h3><p data-start=\"4180\" data-end=\"4421\">Precargado con el paquete de software Mobility DNA de Zebra, el ET60 proporciona una soluci&oacute;n empresarial completa. Las herramientas de despliegue, seguridad, optimizaci&oacute;n de la conectividad y gesti&oacute;n de usuarios ofrecen a los equipos de TI el control al tiempo que mejoran la productividad de los trabajadores.<\/p><h3 data-start=\"4423\" data-end=\"4467\">Respaldado por la garant&iacute;a y el soporte de Zebra<\/h3><p data-start=\"4468\" data-end=\"4695\">La ET60 incluye una garant&iacute;a limitada de tres a&ntilde;os, lo que garantiza su fiabilidad a largo plazo. Los servicios de asistencia para empresas de Zebra ampl&iacute;an a&uacute;n m&aacute;s la gesti&oacute;n del ciclo de vida, lo que aporta tranquilidad a las organizaciones y reduce el coste total de propiedad.<\/p><h2 data-start=\"4697\" data-end=\"4750\">Casos de uso ideales para la Zebra ET60 Rugged Tablet<\/h2><ul data-start=\"4752\" data-end=\"5297\">\n<li data-start=\"4752\" data-end=\"4865\">\n<p data-start=\"4754\" data-end=\"4865\"><strong data-start=\"4754\" data-end=\"4781\">Log&iacute;stica y almacenamiento<\/strong>: seguimiento de inventarios en tiempo real, lectura de c&oacute;digos de barras y flujos de trabajo con carretillas elevadoras.<\/p>\n<\/li>\n<li data-start=\"4866\" data-end=\"4975\">\n<p data-start=\"4868\" data-end=\"4975\"><strong data-start=\"4868\" data-end=\"4897\">Servicio de campo y servicios p&uacute;blicos<\/strong> &ndash; Dispositivo duradero y conectado para inspecciones, informes y mantenimiento.<\/p>\n<\/li>\n<li data-start=\"4976\" data-end=\"5085\">\n<p data-start=\"4978\" data-end=\"5085\"><strong data-start=\"4978\" data-end=\"4995\">Fabricaci&oacute;n<\/strong>: fiable en entornos de producci&oacute;n con polvo, vibraciones y temperaturas extremas.<\/p>\n<\/li>\n<li data-start=\"5086\" data-end=\"5189\">\n<p data-start=\"5088\" data-end=\"5189\"><strong data-start=\"5088\" data-end=\"5115\">Seguridad p&uacute;blica y defensa<\/strong>: comunicaci&oacute;n segura y rendimiento rugged para operaciones de primera l&iacute;nea.<\/p>\n<\/li>\n<li data-start=\"5190\" data-end=\"5297\">\n<p data-start=\"5192\" data-end=\"5297\"><strong data-start=\"5192\" data-end=\"5224\">Transporte y gesti&oacute;n de flotas<\/strong>: las soluciones de acoplamiento y la conectividad 5G permiten centros de mando m&oacute;viles.<\/p>\n<\/li>\n<\/ul><h2 data-start=\"139\" data-end=\"175\">Comparaci&oacute;n de productos Zebra ET60<\/h2><p data-start=\"177\" data-end=\"374\">La Zebra ET60 proporciona una versatilidad inigualable al salvar la distancia entre las Rugged Tablet y las Laptop. Para las empresas que comparan alternativas, otros dispositivos rugged disponibles en MicroNordic incluyen:<\/p><ul data-start=\"376\" data-end=\"778\">\n<li data-start=\"376\" data-end=\"501\">\n<p data-start=\"378\" data-end=\"501\"><a href=\"https:\/\/micronordic.com\/product\/zebra-et65-rugged-enterprise-tablet\/\"><strong data-start=\"378\" data-end=\"417\">Zebra ET65 Rugged Tablet para empresas.<\/strong><\/a> &ndash; Un modelo estrechamente relacionado con capacidades avanzadas para exteriores y dise&ntilde;o 5G-first.<\/p>\n<\/li>\n<li data-start=\"502\" data-end=\"634\">\n<p data-start=\"504\" data-end=\"634\"><a href=\"https:\/\/micronordic.com\/product\/getac-f110-touch-fully-rugged-tablet\/\"><strong data-start=\"504\" data-end=\"538\">Getac F110 Tablet totalmente rugged<\/strong><\/a> &ndash; Una Tablet Windows de 11,6&Prime; Fully Rugged construida para aplicaciones industriales y de campo exigentes.<\/p>\n<\/li>\n<li data-start=\"635\" data-end=\"778\">\n<p data-start=\"637\" data-end=\"778\"><a href=\"https:\/\/micronordic.com\/product\/panasonic-toughpad-fz-m1-refurbished\/\"><strong data-start=\"637\" data-end=\"694\">Panasonic TOUGHBOOK FZ-M1 Rugged Tablet (renovado)<\/strong><\/a> &ndash; Una Tablet rugged de 7&Prime; m&aacute;s peque&ntilde;a que proporciona portabilidad para flujos de trabajo especializados.<\/p>\n<\/li>\n<\/ul>\n","protected":false},"excerpt":{"rendered":"<h3>Especificaciones:<\/h3>\n<ul>\n<li><strong>Pantalla:<\/strong> Pantalla t\u00e1ctil ultrabrillante de 12\u2033, legible a la luz del sol, compatible con el tacto h\u00famedo y con guantes.<\/li>\n<li><strong>Procesador:<\/strong> Procesador Qualcomm\u00ae 6490 octa-core con aceleraci\u00f3n de IA.<\/li>\n<li><strong>Gr\u00e1ficos:<\/strong> GPU Qualcomm Adreno integrada<\/li>\n<li><strong>Memoria:<\/strong> Hasta 8 GB de RAM<\/li>\n<li><strong>Almacenamiento:<\/strong> 64 GB &#8211; 128 GB UFS, ampliable mediante microSD<\/li>\n<li><strong>Conectividad:<\/strong> Wi-Fi 6E, Bluetooth 5.2, GPS, 5G opcional<\/li>\n<li><strong>Certificaciones rugged:<\/strong> MIL-STD-810H, IP66, resistente a ca\u00eddas<\/li>\n<li><strong>Seguridad:<\/strong> Seguridad empresarial Android, compatibilidad EMM<\/li>\n<li><strong>Bater\u00eda:<\/strong> opciones de bater\u00eda est\u00e1ndar y ampliada intercambiables en caliente<\/li>\n<li><strong>Dimensiones y peso:<\/strong> Modelo de aprox. 12\u2033, ~1,3 kg.<\/li>\n<li><strong>Garant\u00eda:<\/strong> Garant\u00eda limitada est\u00e1ndar de 2 a\u00f1os<\/li>\n<\/ul>\n","protected":false},"author":24,"featured_media":100171,"template":"","meta":{"_acf_changed":false,"inline_featured_image":false},"product-condition":[5247],"product_brand":[9014],"product_cat":[5121,5118,5117],"product_tag":[],"class_list":{"0":"post-45990","1":"product","2":"type-product","3":"status-publish","4":"has-post-thumbnail","6":"product-condition-new-in-box","7":"product_brand-zebra","8":"product_cat-all-rugged-tablets","9":"product_cat-new-in-box-rugged-hardware","10":"product_cat-zebra","12":"first","13":"instock","14":"taxable","15":"shipping-taxable","16":"purchasable","17":"product-type-simple"},"acf":[],"_links":{"self":[{"href":"https:\/\/micronordic.com\/es\/wp-json\/wp\/v2\/product\/45990","targetHints":{"allow":["GET"]}}],"collection":[{"href":"https:\/\/micronordic.com\/es\/wp-json\/wp\/v2\/product"}],"about":[{"href":"https:\/\/micronordic.com\/es\/wp-json\/wp\/v2\/types\/product"}],"author":[{"embeddable":true,"href":"https:\/\/micronordic.com\/es\/wp-json\/wp\/v2\/users\/24"}],"version-history":[{"count":3,"href":"https:\/\/micronordic.com\/es\/wp-json\/wp\/v2\/product\/45990\/revisions"}],"predecessor-version":[{"id":99095,"href":"https:\/\/micronordic.com\/es\/wp-json\/wp\/v2\/product\/45990\/revisions\/99095"}],"wp:featuredmedia":[{"embeddable":true,"href":"https:\/\/micronordic.com\/es\/wp-json\/wp\/v2\/media\/100171"}],"wp:attachment":[{"href":"https:\/\/micronordic.com\/es\/wp-json\/wp\/v2\/media?parent=45990"}],"wp:term":[{"taxonomy":"product-condition","embeddable":true,"href":"https:\/\/micronordic.com\/es\/wp-json\/wp\/v2\/product-condition?post=45990"},{"taxonomy":"product_brand","embeddable":true,"href":"https:\/\/micronordic.com\/es\/wp-json\/wp\/v2\/product_brand?post=45990"},{"taxonomy":"product_cat","embeddable":true,"href":"https:\/\/micronordic.com\/es\/wp-json\/wp\/v2\/product_cat?post=45990"},{"taxonomy":"product_tag","embeddable":true,"href":"https:\/\/micronordic.com\/es\/wp-json\/wp\/v2\/product_tag?post=45990"}],"curies":[{"name":"wp","href":"https:\/\/api.w.org\/{rel}","templated":true}]}}