{"id":45988,"date":"2024-08-02T13:58:55","date_gmt":"2024-08-02T11:58:55","guid":{"rendered":"https:\/\/micronordic.com\/product\/zebra-et45-rugged-enterprise-tablet-new\/"},"modified":"2025-11-17T10:21:53","modified_gmt":"2025-11-17T09:21:53","slug":"zebra-et45-rugged-enterprise-tablet","status":"publish","type":"product","link":"https:\/\/micronordic.com\/es\/product\/zebra-et45-rugged-enterprise-tablet\/","title":{"rendered":"Zebra ET45 Rugged Tablet (NUEVO)"},"content":{"rendered":"<?xml encoding=\"utf-8\" ?><h2 data-start=\"217\" data-end=\"256\">Zebra ET45 Rugged Enterprise Tablet<\/h2><p data-start=\"258\" data-end=\"838\">La <strong data-start=\"262\" data-end=\"301\">Rugged Tablet Enterprise ET45 de Zebra<\/strong> est&aacute; dise&ntilde;ada para empresas que necesitan un dispositivo m&oacute;vil lo suficientemente resistente para entornos dif&iacute;ciles y que, al mismo tiempo, ofrezca rendimiento durante todo el d&iacute;a, conectividad y funciones de clase empresarial. Partiendo de la base del ET40, el ET45 a&ntilde;ade opciones ampliadas de banda ancha m&oacute;vil, lo que lo convierte en una soluci&oacute;n ideal para los equipos que trabajan fuera de la cobertura Wi-Fi tradicional. Con su estructura rugged, bater&iacute;as intercambiables en caliente y funciones avanzadas de captura de datos, la ET45 garantiza la productividad y la fiabilidad en los sectores minorista, log&iacute;stico y de servicios de campo, entre otros. Los productos nuevos tienen 2 a&ntilde;os de garant&iacute;a del fabricante.<\/p><h2 data-start=\"840\" data-end=\"889\">Caracter&iacute;sticas principales de la Zebra ET45 Rugged Tablet<\/h2><ul data-start=\"891\" data-end=\"1892\">\n<li data-start=\"891\" data-end=\"1006\">\n<p data-start=\"893\" data-end=\"1006\"><strong data-start=\"893\" data-end=\"910\">Dise&ntilde;o rugged<\/strong> &ndash; Drop probado a 4 pies (1,2 m) sobre hormig&oacute;n y certificado IP65 para el polvo y la resistencia al agua.<\/p>\n<\/li>\n<li data-start=\"1007\" data-end=\"1114\">\n<p data-start=\"1009\" data-end=\"1114\"><strong data-start=\"1009\" data-end=\"1044\">Pantalla de 10,1&Prime; legible a la luz del sol<\/strong>: pantalla t&aacute;ctil FHD de alta resoluci&oacute;n compatible con el tacto h&uacute;medo y con guantes.<\/p>\n<\/li>\n<li data-start=\"1115\" data-end=\"1218\">\n<p data-start=\"1117\" data-end=\"1218\"><strong data-start=\"1117\" data-end=\"1149\">Rendimiento de nivel empresarial<\/strong>: procesador Qualcomm Snapdragon de ocho n&uacute;cleos para una multitarea fluida.<\/p>\n<\/li>\n<li data-start=\"1219\" data-end=\"1311\">\n<p data-start=\"1221\" data-end=\"1311\"><strong data-start=\"1221\" data-end=\"1247\">Preparado para banda ancha m&oacute;vil<\/strong>: Wi-Fi 6, Bluetooth 5.0 y 5G o 4G LTE opcional con GPS.<\/p>\n<\/li>\n<li data-start=\"1312\" data-end=\"1406\">\n<p data-start=\"1314\" data-end=\"1406\"><strong data-start=\"1314\" data-end=\"1339\">Captura avanzada de datos<\/strong>: esc&aacute;ner de c&oacute;digos de barras 2D integrado y c&aacute;mara trasera de alta resoluci&oacute;n.<\/p>\n<\/li>\n<li data-start=\"1407\" data-end=\"1499\">\n<p data-start=\"1409\" data-end=\"1499\">Bater&iacute;a <strong data-start=\"1409\" data-end=\"1430\">de larga duraci&oacute;n<\/strong>: opciones de bater&iacute;a est&aacute;ndar y ampliada con dise&ntilde;o intercambiable en caliente.<\/p>\n<\/li>\n<li data-start=\"1500\" data-end=\"1598\">\n<p data-start=\"1502\" data-end=\"1598\"><strong data-start=\"1502\" data-end=\"1531\">Ligero y ergon&oacute;mico<\/strong>: formato delgado y port&aacute;til dise&ntilde;ado para un uso diario prolongado.<\/p>\n<\/li>\n<li data-start=\"1599\" data-end=\"1700\">\n<p data-start=\"1601\" data-end=\"1700\"><strong data-start=\"1601\" data-end=\"1629\">Herramientas Mobility DNA de Zebra<\/strong>: ecosistema de software integrado para la configuraci&oacute;n, la seguridad y la productividad.<\/p>\n<\/li>\n<li data-start=\"1701\" data-end=\"1803\">\n<p data-start=\"1703\" data-end=\"1803\"><strong data-start=\"1703\" data-end=\"1727\">Accesorios para empresas<\/strong>: compatibles con bases, soportes y soluciones de carga para empresas.<\/p>\n<\/li>\n<li data-start=\"1804\" data-end=\"1892\">\n<p data-start=\"1806\" data-end=\"1892\"><strong data-start=\"1806\" data-end=\"1827\">Cobertura de la garant&iacute;a<\/strong> &ndash; Garant&iacute;a limitada est&aacute;ndar de 2 a&ntilde;os con opciones de asistencia Zebra.<\/p>\n<\/li>\n<\/ul><h2 data-start=\"1894\" data-end=\"1954\">Principales ventajas de la Rugged Tablet empresarial ET45 de Zebra<\/h2><h3 data-start=\"1956\" data-end=\"1993\">Fiabilidad rugged sobre el terreno<\/h3><p data-start=\"1994\" data-end=\"2253\">La Zebra ET45 est&aacute; dise&ntilde;ada para soportar condiciones duras, con resistencia a ca&iacute;das y sellado IP65 que la protegen contra el polvo y el agua. Ya sea en un almac&eacute;n, en la carretera o en exteriores, garantiza un rendimiento fiable all&iacute; donde las tabletas de consumo fallar&iacute;an r&aacute;pidamente. <\/p><h3 data-start=\"2255\" data-end=\"2286\">Visibilidad clara en cualquier lugar<\/h3><p data-start=\"2287\" data-end=\"2512\">Equipado con una pantalla FHD de 10,1&Prime;, el ET45 ofrece una excelente legibilidad en interiores y exteriores. La compatibilidad con guantes y con el tacto h&uacute;medo permite a los trabajadores utilizar el dispositivo en cualquier condici&oacute;n meteorol&oacute;gica, lo que lo hace ideal para despliegues sobre el terreno. <\/p><h3 data-start=\"2514\" data-end=\"2551\">Optimizado para trabajadores m&oacute;viles<\/h3><p data-start=\"2552\" data-end=\"2806\">A diferencia de la ET40, la ET45 est&aacute; equipada con conectividad 5G o 4G LTE opcional. Esto garantiza que los equipos puedan permanecer conectados en tiempo real incluso cuando no hay Wi-Fi disponible, lo que la convierte en una opci&oacute;n superior para aplicaciones de transporte, log&iacute;stica y servicios de campo. <\/p><h3 data-start=\"2808\" data-end=\"2836\">Captura eficaz de datos<\/h3><p data-start=\"2837\" data-end=\"3123\">El esc&aacute;ner de c&oacute;digos de barras 2D integrado y la c&aacute;mara de alta resoluci&oacute;n agilizan flujos de trabajo como la gesti&oacute;n de inventarios, los comprobantes de entrega y el seguimiento de activos. La tecnolog&iacute;a de escaneado de Zebra funciona de forma fiable incluso con c&oacute;digos de barras da&ntilde;ados o mal impresos, lo que reduce los errores y mejora la eficiencia. <\/p><h3 data-start=\"3125\" data-end=\"3149\">Potencia duradera<\/h3><p data-start=\"3150\" data-end=\"3371\">Las opciones de bater&iacute;a est&aacute;ndar y ampliada intercambiables en caliente garantizan turnos ininterrumpidos. Los trabajadores pueden cambiar las bater&iacute;as sobre la marcha sin apagar el dispositivo, lo que permite un funcionamiento continuo durante largas jornadas sobre el terreno. <\/p><h3 data-start=\"3373\" data-end=\"3414\">Ecosistema de software preparado para la empresa<\/h3><p data-start=\"3415\" data-end=\"3706\">Con Zebra Mobility DNA, la ET45 ofrece m&aacute;s que hardware. Las empresas obtienen acceso a herramientas que mejoran la conectividad (WorryFree WiFi), agilizan la configuraci&oacute;n del dispositivo (StageNow) y mejoran la seguridad y el control del usuario (Enterprise Home Screen). Este ecosistema maximiza el retorno de la inversi&oacute;n.  <\/p><h3 data-start=\"3708\" data-end=\"3745\">Dise&ntilde;o c&oacute;modo y ligero<\/h3><p data-start=\"3746\" data-end=\"3960\">A pesar de sus robustas certificaciones, el ET45 mantiene un dise&ntilde;o delgado y ergon&oacute;mico que reduce la fatiga durante un uso prolongado. Se puede transportar o montar c&oacute;modamente, y admite una amplia gama de escenarios operativos. <\/p><h3 data-start=\"3962\" data-end=\"3997\">Asistencia y garant&iacute;a fiables<\/h3><p data-start=\"3998\" data-end=\"4207\">Respaldada por una garant&iacute;a limitada de tres a&ntilde;os, la ET45 est&aacute; dise&ntilde;ada para ofrecer fiabilidad a largo plazo. Zebra tambi&eacute;n ofrece servicios de asistencia opcionales para ampliar a&uacute;n m&aacute;s la gesti&oacute;n del ciclo de vida y reducir el coste total de propiedad. <\/p><h2 data-start=\"4209\" data-end=\"4262\">Casos de uso ideales para la Rugged Tablet ET45 de Zebra<\/h2><ul data-start=\"4264\" data-end=\"4800\">\n<li data-start=\"4264\" data-end=\"4359\">\n<p data-start=\"4266\" data-end=\"4359\"><strong data-start=\"4266\" data-end=\"4290\">Comercio minorista y hosteler&iacute;a<\/strong> &ndash; TPV m&oacute;vil, comprobaciones de inventario en tiempo real y participaci&oacute;n del cliente.<\/p>\n<\/li>\n<li data-start=\"4360\" data-end=\"4469\">\n<p data-start=\"4362\" data-end=\"4469\"><strong data-start=\"4362\" data-end=\"4392\">Transporte y log&iacute;stica<\/strong> &ndash; Gesti&oacute;n de flotas, comprobantes de entrega y optimizaci&oacute;n de rutas mediante GPS.<\/p>\n<\/li>\n<li data-start=\"4470\" data-end=\"4583\">\n<p data-start=\"4472\" data-end=\"4583\"><strong data-start=\"4472\" data-end=\"4501\">Servicios de campo y servicios p&uacute;blicos<\/strong>: conectividad fiable y rendimiento rugged para inspecciones y mantenimiento.<\/p>\n<\/li>\n<li data-start=\"4584\" data-end=\"4685\">\n<p data-start=\"4586\" data-end=\"4685\"><strong data-start=\"4586\" data-end=\"4616\">Almacenamiento y distribuci&oacute;n<\/strong>: lectura de c&oacute;digos de barras, preparaci&oacute;n de pedidos y gesti&oacute;n eficaz de existencias.<\/p>\n<\/li>\n<li data-start=\"4686\" data-end=\"4800\">\n<p data-start=\"4688\" data-end=\"4800\"><strong data-start=\"4688\" data-end=\"4718\">Seguridad p&uacute;blica y administraci&oacute;n p&uacute;blica<\/strong> &ndash; Port&aacute;til, seguro y rugged para trabajadores de primera l&iacute;nea en entornos exigentes.<\/p>\n<\/li>\n<\/ul><h2 data-start=\"4802\" data-end=\"4837\">Comparaci&oacute;n de productos Zebra ET45<\/h2><p data-start=\"4839\" data-end=\"5036\">La Zebra ET45 ampl&iacute;a las capacidades de la ET40 a&ntilde;adiendo banda ancha m&oacute;vil para operaciones de campo. Para las empresas que eval&uacute;an alternativas, otras Tablet rugged disponibles en MicroNordic incluyen: <\/p><ul data-start=\"5038\" data-end=\"5718\">\n<li data-start=\"5038\" data-end=\"5251\">\n<p data-start=\"5040\" data-end=\"5251\"><a href=\"https:\/\/micronordic.com\/product\/zebra-et40-rugged-enterprise-tablet\/\"><strong data-start=\"5040\" data-end=\"5151\">Zebra ET40 Rugged Tablet para empresas<\/strong> <\/a>&ndash; Una Tablet empresarial rentable con conectividad Wi-Fi, ideal para flujos de trabajo centrados en interiores.<\/p>\n<\/li>\n<li data-start=\"5252\" data-end=\"5474\">\n<p data-start=\"5254\" data-end=\"5474\"><a href=\"https:\/\/micronordic.com\/product\/getac-f110-touch-fully-rugged-tablet\/\"><strong data-start=\"5254\" data-end=\"5361\">Getac F110 Tablet totalmente rugged<\/strong><\/a> &ndash; Una Tablet Fully Rugged de 11,6&Prime; dise&ntilde;ada para profesionales que requieren una pantalla m&aacute;s grande y la m&aacute;xima durabilidad.<\/p>\n<\/li>\n<li data-start=\"5475\" data-end=\"5718\">\n<p data-start=\"5477\" data-end=\"5718\"><a href=\"https:\/\/micronordic.com\/product\/panasonic-toughpad-fz-m1-refurbished\/\"><strong data-start=\"5477\" data-end=\"5606\">Tablet rugged Panasonic Toughpad FZ-M1<\/strong><\/a> &ndash; Una Tablet rugged compacta de 7&Prime; en estado reacondicionado, ideal para movilidad sobre el terreno y aplicaciones especializadas.<\/p>\n<\/li>\n<\/ul>\n","protected":false},"excerpt":{"rendered":"<h3>Especificaciones:<\/h3>\n<ul>\n<li><strong>Pantalla:<\/strong> Pantalla t\u00e1ctil de 10,1\u2033 FHD (1920\u00d71200), legible a la luz del sol y compatible con el tacto h\u00famedo y con guantes.<\/li>\n<li><strong>Procesador:<\/strong> Procesador octa-core Qualcomm Snapdragon<\/li>\n<li><strong>Gr\u00e1ficos:<\/strong> GPU Qualcomm Adreno integrada<\/li>\n<li><strong>Memoria:<\/strong> 4 GB &#8211; 8 GB de RAM<\/li>\n<li><strong>Almacenamiento:<\/strong> 64 GB &#8211; 128 GB eMMC, ampliable mediante microSD<\/li>\n<li><strong>Conectividad:<\/strong> Wi-Fi 6, Bluetooth 5.0, 4G\/5G LTE opcional y GPS<\/li>\n<li><strong>Certificaciones rugged:<\/strong> MIL-STD-810H probado, certificado IP65, resistencia a ca\u00eddas de 4 pies<\/li>\n<li><strong>Seguridad:<\/strong> Seguridad de Android Enterprise, compatibilidad opcional con la gesti\u00f3n de la movilidad empresarial<\/li>\n<li><strong>Bater\u00eda:<\/strong> opciones de bater\u00eda est\u00e1ndar y ampliada, intercambiable en caliente<\/li>\n<li><strong>Dimensiones y peso:<\/strong> Modelo de aprox. 10,1\u2033, ~1,04 kg. <\/li>\n<li><strong>Garant\u00eda:<\/strong> Garant\u00eda limitada est\u00e1ndar de 2 a\u00f1os<\/li>\n<\/ul>\n","protected":false},"author":24,"featured_media":100141,"template":"","meta":{"_acf_changed":false,"inline_featured_image":false},"product-condition":[5247],"product_brand":[9014],"product_cat":[5121,5118,5117],"product_tag":[],"class_list":{"0":"post-45988","1":"product","2":"type-product","3":"status-publish","4":"has-post-thumbnail","6":"product-condition-new-in-box","7":"product_brand-zebra","8":"product_cat-all-rugged-tablets","9":"product_cat-new-in-box-rugged-hardware","10":"product_cat-zebra","12":"first","13":"instock","14":"taxable","15":"shipping-taxable","16":"purchasable","17":"product-type-simple"},"acf":[],"_links":{"self":[{"href":"https:\/\/micronordic.com\/es\/wp-json\/wp\/v2\/product\/45988","targetHints":{"allow":["GET"]}}],"collection":[{"href":"https:\/\/micronordic.com\/es\/wp-json\/wp\/v2\/product"}],"about":[{"href":"https:\/\/micronordic.com\/es\/wp-json\/wp\/v2\/types\/product"}],"author":[{"embeddable":true,"href":"https:\/\/micronordic.com\/es\/wp-json\/wp\/v2\/users\/24"}],"version-history":[{"count":3,"href":"https:\/\/micronordic.com\/es\/wp-json\/wp\/v2\/product\/45988\/revisions"}],"predecessor-version":[{"id":97781,"href":"https:\/\/micronordic.com\/es\/wp-json\/wp\/v2\/product\/45988\/revisions\/97781"}],"wp:featuredmedia":[{"embeddable":true,"href":"https:\/\/micronordic.com\/es\/wp-json\/wp\/v2\/media\/100141"}],"wp:attachment":[{"href":"https:\/\/micronordic.com\/es\/wp-json\/wp\/v2\/media?parent=45988"}],"wp:term":[{"taxonomy":"product-condition","embeddable":true,"href":"https:\/\/micronordic.com\/es\/wp-json\/wp\/v2\/product-condition?post=45988"},{"taxonomy":"product_brand","embeddable":true,"href":"https:\/\/micronordic.com\/es\/wp-json\/wp\/v2\/product_brand?post=45988"},{"taxonomy":"product_cat","embeddable":true,"href":"https:\/\/micronordic.com\/es\/wp-json\/wp\/v2\/product_cat?post=45988"},{"taxonomy":"product_tag","embeddable":true,"href":"https:\/\/micronordic.com\/es\/wp-json\/wp\/v2\/product_tag?post=45988"}],"curies":[{"name":"wp","href":"https:\/\/api.w.org\/{rel}","templated":true}]}}