{"id":45986,"date":"2024-08-02T13:58:55","date_gmt":"2024-08-02T11:58:55","guid":{"rendered":"https:\/\/micronordic.com\/product\/zebra-et40-rugged-enterprise-tablet-new\/"},"modified":"2025-11-24T12:15:58","modified_gmt":"2025-11-24T11:15:58","slug":"zebra-et40-rugged-enterprise-tablet","status":"publish","type":"product","link":"https:\/\/micronordic.com\/es\/product\/zebra-et40-rugged-enterprise-tablet\/","title":{"rendered":"Zebra ET40 Rugged Tablet (NUEVO)"},"content":{"rendered":"<?xml encoding=\"utf-8\" ?><h2 data-start=\"283\" data-end=\"322\">Zebra ET40 Rugged Tablet para empresas<\/h2><p data-start=\"324\" data-end=\"841\">La <strong data-start=\"328\" data-end=\"367\">Zebra ET40 Rugged Enterprise Tablet<\/strong> est&aacute; dise&ntilde;ada para empresas que exigen m&aacute;s de lo que pueden ofrecer los dispositivos de consumo. Combinando un factor de forma ligero con una durabilidad de nivel empresarial, la ET40 ofrece una soluci&oacute;n rentable para sectores como el comercio minorista, la hosteler&iacute;a, el transporte, la log&iacute;stica y los servicios de campo. Con certificaciones rugged, captura de datos avanzada y rendimiento duradero, el ET40 garantiza operaciones fiables tanto en el taller como en el almac&eacute;n o sobre el terreno. Los nuevos productos tienen 2 a&ntilde;os de garant&iacute;a del fabricante.<\/p><h2 data-start=\"843\" data-end=\"892\">Caracter&iacute;sticas principales de la Zebra ET40 Rugged Tablet<\/h2><ul data-start=\"894\" data-end=\"1953\">\n<li data-start=\"894\" data-end=\"1009\">\n<p data-start=\"896\" data-end=\"1009\"><strong data-start=\"896\" data-end=\"913\">Dise&ntilde;o rugged<\/strong> &ndash; Drop probado a 4 pies (1,2 m) sobre hormig&oacute;n y certificado IP65 para la protecci&oacute;n contra el polvo y el agua.<\/p>\n<\/li>\n<li data-start=\"1010\" data-end=\"1120\">\n<p data-start=\"1012\" data-end=\"1120\"><strong data-start=\"1012\" data-end=\"1039\">Pantalla de alta visibilidad<\/strong>: pantalla t&aacute;ctil FHD de 10,1&Prime; con legibilidad a la luz del d&iacute;a y compatibilidad con el tacto con guantes\/mojado.<\/p>\n<\/li>\n<li data-start=\"1121\" data-end=\"1244\">\n<p data-start=\"1123\" data-end=\"1244\"><strong data-start=\"1123\" data-end=\"1155\">Rendimiento de clase empresarial<\/strong>: impulsado por un procesador octa-core con multitarea fluida y manejo de aplicaciones.<\/p>\n<\/li>\n<li data-start=\"1245\" data-end=\"1344\">\n<p data-start=\"1247\" data-end=\"1344\"><strong data-start=\"1247\" data-end=\"1273\">Conectividad vers&aacute;til<\/strong>: Wi-Fi 6, Bluetooth 5.0 y 4G LTE opcional para operaciones m&oacute;viles.<\/p>\n<\/li>\n<li data-start=\"1345\" data-end=\"1436\">\n<p data-start=\"1347\" data-end=\"1436\"><strong data-start=\"1347\" data-end=\"1369\">Preparado para la captura de datos<\/strong>: esc&aacute;ner de c&oacute;digos de barras 2D integrado y c&aacute;mara trasera de alta resoluci&oacute;n.<\/p>\n<\/li>\n<li data-start=\"1437\" data-end=\"1535\">\n<p data-start=\"1439\" data-end=\"1535\"><strong data-start=\"1439\" data-end=\"1462\">Flexibilidad de la<\/strong> bater&iacute;a: bater&iacute;a de larga duraci&oacute;n con capacidad de sustituci&oacute;n en caliente para un uso ininterrumpido.<\/p>\n<\/li>\n<li data-start=\"1536\" data-end=\"1649\">\n<p data-start=\"1538\" data-end=\"1649\"><strong data-start=\"1538\" data-end=\"1560\">Mobility DNA suite<\/strong> &ndash; Incluye herramientas de software empresarial de Zebra para la configuraci&oacute;n, gesti&oacute;n y seguridad de dispositivos.<\/p>\n<\/li>\n<li data-start=\"1650\" data-end=\"1740\">\n<p data-start=\"1652\" data-end=\"1740\"><strong data-start=\"1652\" data-end=\"1681\">Ligero y ergon&oacute;mico<\/strong>: formato delgado dise&ntilde;ado para un uso c&oacute;modo durante todo el d&iacute;a.<\/p>\n<\/li>\n<li data-start=\"1741\" data-end=\"1852\">\n<p data-start=\"1743\" data-end=\"1852\"><strong data-start=\"1743\" data-end=\"1773\">Accesorios listos para la empresa<\/strong>: admite docking, soportes para veh&iacute;culos y soluciones de carga de nivel empresarial.<\/p>\n<\/li>\n<li data-start=\"1853\" data-end=\"1953\">\n<p data-start=\"1855\" data-end=\"1953\"><strong data-start=\"1855\" data-end=\"1876\">Garant&iacute;a incluida<\/strong>: garant&iacute;a limitada est&aacute;ndar de 2 a&ntilde;os con opciones de servicio y asistencia de Zebra.<\/p>\n<\/li>\n<\/ul><h2 data-start=\"1955\" data-end=\"2015\">Principales ventajas de la Zebra ET40 Rugged Tablet para empresas<\/h2><h3 data-start=\"2017\" data-end=\"2064\">Durabilidad rugged con dise&ntilde;o ligero<\/h3><p data-start=\"2065\" data-end=\"2263\">La ET40 est&aacute; dise&ntilde;ada para resistir ca&iacute;das, polvo y exposici&oacute;n al agua sin dejar de ser ligera y f&aacute;cil de transportar. Con poco m&aacute;s de 1 kg, ofrece portabilidad sin comprometer su fiabilidad rugged.<\/p><h3 data-start=\"2265\" data-end=\"2295\">Pantalla legible en exteriores<\/h3><p data-start=\"2296\" data-end=\"2525\">La pantalla FHD de 10,1&Prime; ofrece una visibilidad cristalina tanto en interiores como en exteriores. Gracias a la compatibilidad con guantes y toques h&uacute;medos, los trabajadores pueden interactuar con el dispositivo independientemente de las condiciones, lo que garantiza flujos de trabajo ininterrumpidos.<\/p><h3 data-start=\"2527\" data-end=\"2578\">Potente procesamiento para aplicaciones empresariales<\/h3><p data-start=\"2579\" data-end=\"2829\">Equipado con un avanzado procesador octa-core, el ET40 maneja aplicaciones empresariales con facilidad. Tanto si ejecuta software de punto de venta en el sector minorista, sistemas de programaci&oacute;n en hosteler&iacute;a o seguimiento de activos en log&iacute;stica, el rendimiento sigue siendo fluido y sensible.<\/p><h3 data-start=\"2831\" data-end=\"2860\">Conectividad continua<\/h3><p data-start=\"2861\" data-end=\"3123\">La ET40 es compatible con Wi-Fi 6 y Bluetooth 5.0 para comunicaciones de alta velocidad. Para los equipos sobre el terreno, 4G LTE opcional garantiza un acceso ininterrumpido a datos cr&iacute;ticos y aplicaciones basadas en la nube. Esta conectividad permite colaborar y tomar decisiones en tiempo real.<\/p><h3 data-start=\"3125\" data-end=\"3152\">Captura avanzada de datos<\/h3><p data-start=\"3153\" data-end=\"3397\">Con su esc&aacute;ner de c&oacute;digos de barras 2D integrado y su c&aacute;mara de alta resoluci&oacute;n, la ET40 agiliza flujos de trabajo como la gesti&oacute;n de inventarios, el seguimiento de paquetes y la captura de documentos. Incluso los c&oacute;digos de barras da&ntilde;ados o mal impresos pueden leerse con rapidez y precisi&oacute;n.<\/p><h3 data-start=\"3399\" data-end=\"3426\">Mayor duraci&oacute;n de la bater&iacute;a<\/h3><p data-start=\"3427\" data-end=\"3642\">Dise&ntilde;ada para turnos largos, la bater&iacute;a de alta capacidad de la ET40 soporta una jornada completa de trabajo. La capacidad de sustituci&oacute;n en caliente garantiza un tiempo de inactividad cero, lo que permite sustituir las bater&iacute;as sobre la marcha sin necesidad de apagar el dispositivo.<\/p><h3 data-start=\"3644\" data-end=\"3679\">Ecosistema de software empresarial<\/h3><p data-start=\"3680\" data-end=\"3939\">El paquete Mobility DNA de Zebra mejora el ET40 con herramientas para una configuraci&oacute;n segura de los dispositivos, una conectividad Wi-Fi optimizada y una mayor productividad de los usuarios. Funciones como Enterprise Home Screen y StageNow simplifican el despliegue y la gesti&oacute;n de grandes flotas de dispositivos.<\/p><h3 data-start=\"3941\" data-end=\"3976\">Garant&iacute;a y asistencia fiables<\/h3><p data-start=\"3977\" data-end=\"4189\">Respaldada por una garant&iacute;a limitada est&aacute;ndar de tres a&ntilde;os, la ET40 ofrece tranquilidad a las empresas. La oferta de servicios de Zebra ampl&iacute;a a&uacute;n m&aacute;s la gesti&oacute;n del ciclo de vida de los dispositivos, garantizando el m&aacute;ximo retorno de la inversi&oacute;n y el m&iacute;nimo tiempo de inactividad.<\/p><h2 data-start=\"4191\" data-end=\"4244\">Casos de uso ideales para la Zebra ET40 Rugged Tablet<\/h2><ul data-start=\"4246\" data-end=\"4780\">\n<li data-start=\"4246\" data-end=\"4350\">\n<p data-start=\"4248\" data-end=\"4350\"><strong data-start=\"4248\" data-end=\"4272\">Comercio minorista y hosteler&iacute;a<\/strong> &ndash; TPV m&oacute;vil, gesti&oacute;n de inventario y atenci&oacute;n al cliente en la tienda.<\/p>\n<\/li>\n<li data-start=\"4351\" data-end=\"4452\">\n<p data-start=\"4353\" data-end=\"4452\"><strong data-start=\"4353\" data-end=\"4383\">Transporte y log&iacute;stica<\/strong> &ndash; Seguimiento en tiempo real, escaneado de c&oacute;digos de barras y confirmaci&oacute;n de entrega.<\/p>\n<\/li>\n<li data-start=\"4453\" data-end=\"4567\">\n<p data-start=\"4455\" data-end=\"4567\"><strong data-start=\"4455\" data-end=\"4484\">Servicio de campo y servicios p&uacute;blicos<\/strong>: rendimiento fiable para inspecciones, mantenimiento y elaboraci&oacute;n de informes sobre el terreno.<\/p>\n<\/li>\n<li data-start=\"4568\" data-end=\"4667\">\n<p data-start=\"4570\" data-end=\"4667\"><strong data-start=\"4570\" data-end=\"4585\">Almacenamiento<\/strong> &ndash; Recogida, embalaje y control de existencias eficientes con escaneado y conectividad.<\/p>\n<\/li>\n<li data-start=\"4668\" data-end=\"4780\">\n<p data-start=\"4670\" data-end=\"4780\"><strong data-start=\"4670\" data-end=\"4687\">Sector p&uacute;blico<\/strong> &ndash; Un dispositivo duradero y port&aacute;til para trabajadores de primera l&iacute;nea que necesitan flujos de trabajo seguros y conectados.<\/p>\n<\/li>\n<\/ul><h2 data-start=\"281\" data-end=\"317\">Comparaci&oacute;n de productos Zebra ET40<\/h2><p data-start=\"319\" data-end=\"549\">La Zebra ET40 est&aacute; dise&ntilde;ada como una Tablet empresarial rugged y rentable que equilibra durabilidad, portabilidad y rendimiento. Para las organizaciones que eval&uacute;an alternativas, otras soluciones rugged disponibles en <strong>Micro Nordic<\/strong> incluyen:<\/p><ul data-start=\"551\" data-end=\"927\">\n<li data-start=\"551\" data-end=\"672\">\n<p data-start=\"553\" data-end=\"672\"><a href=\"https:\/\/micronordic.com\/product\/zebra-et45-rugged-enterprise-tablet\/\"><strong data-start=\"553\" data-end=\"581\">Zebra ET45 Rugged Tablet<\/strong> <\/a>&ndash; Dise&ntilde;o similar a la ET40, pero con conectividad ampliada y funciones orientadas al campo.<\/p>\n<\/li>\n<li data-start=\"673\" data-end=\"802\">\n<p data-start=\"675\" data-end=\"802\"><a href=\"https:\/\/micronordic.com\/product\/panasonic-toughpad-fz-m1-refurbished\/\"><strong data-start=\"675\" data-end=\"718\">Tablet rugged Panasonic TOUGHBOOK FZ-M1<\/strong><\/a> &ndash; Una Tablet de 7&Prime; totalmente rugged construida para una portabilidad extrema y un uso exigente sobre el terreno.<\/p>\n<\/li>\n<li data-start=\"803\" data-end=\"927\">\n<p data-start=\"805\" data-end=\"927\"><strong data-start=\"805\" data-end=\"839\"><a href=\"https:\/\/micronordic.com\/product\/getac-f110-touch-fully-rugged-tablet\/\">Getac F110 Tablet totalmente rugged <\/a><\/strong>&ndash; Una Tablet rugged de 11,6&Prime; m&aacute;s grande dise&ntilde;ada para usuarios que necesitan espacio de pantalla adicional.<\/p>\n<\/li>\n<\/ul><p>&nbsp;<\/p>\n","protected":false},"excerpt":{"rendered":"<h3>Especificaciones:<\/h3>\n<ul>\n<li><strong>Pantalla:<\/strong> Pantalla t\u00e1ctil de 10,1\u2033 FHD (1920\u00d71200), legible a la luz del sol y compatible con el tacto h\u00famedo y con guantes.<\/li>\n<li><strong>Procesador:<\/strong> Procesador octa-core Qualcomm Snapdragon<\/li>\n<li><strong>Gr\u00e1ficos:<\/strong> GPU Qualcomm Adreno integrada<\/li>\n<li><strong>Memoria:<\/strong> 4 GB &#8211; 8 GB de RAM<\/li>\n<li><strong>Almacenamiento:<\/strong> 64 GB &#8211; 128 GB eMMC, ampliable mediante microSD<\/li>\n<li><strong>Conectividad:<\/strong> Wi-Fi 6, Bluetooth 5.0, 4G LTE opcional<\/li>\n<li><strong>Certificaciones rugged:<\/strong> MIL-STD-810H probado, certificado IP65, resistencia a ca\u00eddas de 4 pies<\/li>\n<li><strong>Seguridad:<\/strong> Seguridad de Android Enterprise, compatibilidad opcional con la gesti\u00f3n de la movilidad empresarial<\/li>\n<li><strong>Bater\u00eda:<\/strong> opciones de bater\u00eda est\u00e1ndar o ampliada, intercambiable en caliente<\/li>\n<li><strong>Dimensiones y peso:<\/strong> modelo de 10,1\u2033 aprox. 1,04 kg<\/li>\n<li><strong>Garant\u00eda:<\/strong> Garant\u00eda limitada est\u00e1ndar de 2 a\u00f1os<\/li>\n<\/ul>\n","protected":false},"author":24,"featured_media":100156,"template":"","meta":{"_acf_changed":false,"inline_featured_image":false},"product-condition":[5247],"product_brand":[9014],"product_cat":[5121,5118,5117],"product_tag":[],"class_list":{"0":"post-45986","1":"product","2":"type-product","3":"status-publish","4":"has-post-thumbnail","6":"product-condition-new-in-box","7":"product_brand-zebra","8":"product_cat-all-rugged-tablets","9":"product_cat-new-in-box-rugged-hardware","10":"product_cat-zebra","12":"first","13":"instock","14":"taxable","15":"shipping-taxable","16":"purchasable","17":"product-type-simple"},"acf":[],"_links":{"self":[{"href":"https:\/\/micronordic.com\/es\/wp-json\/wp\/v2\/product\/45986","targetHints":{"allow":["GET"]}}],"collection":[{"href":"https:\/\/micronordic.com\/es\/wp-json\/wp\/v2\/product"}],"about":[{"href":"https:\/\/micronordic.com\/es\/wp-json\/wp\/v2\/types\/product"}],"author":[{"embeddable":true,"href":"https:\/\/micronordic.com\/es\/wp-json\/wp\/v2\/users\/24"}],"version-history":[{"count":4,"href":"https:\/\/micronordic.com\/es\/wp-json\/wp\/v2\/product\/45986\/revisions"}],"predecessor-version":[{"id":99090,"href":"https:\/\/micronordic.com\/es\/wp-json\/wp\/v2\/product\/45986\/revisions\/99090"}],"wp:featuredmedia":[{"embeddable":true,"href":"https:\/\/micronordic.com\/es\/wp-json\/wp\/v2\/media\/100156"}],"wp:attachment":[{"href":"https:\/\/micronordic.com\/es\/wp-json\/wp\/v2\/media?parent=45986"}],"wp:term":[{"taxonomy":"product-condition","embeddable":true,"href":"https:\/\/micronordic.com\/es\/wp-json\/wp\/v2\/product-condition?post=45986"},{"taxonomy":"product_brand","embeddable":true,"href":"https:\/\/micronordic.com\/es\/wp-json\/wp\/v2\/product_brand?post=45986"},{"taxonomy":"product_cat","embeddable":true,"href":"https:\/\/micronordic.com\/es\/wp-json\/wp\/v2\/product_cat?post=45986"},{"taxonomy":"product_tag","embeddable":true,"href":"https:\/\/micronordic.com\/es\/wp-json\/wp\/v2\/product_tag?post=45986"}],"curies":[{"name":"wp","href":"https:\/\/api.w.org\/{rel}","templated":true}]}}