{"id":45984,"date":"2024-08-01T20:13:44","date_gmt":"2024-08-01T18:13:44","guid":{"rendered":"https:\/\/micronordic.com\/product\/zebra-tc58e-handheld-mobile-computer-new\/"},"modified":"2025-11-17T10:52:37","modified_gmt":"2025-11-17T09:52:37","slug":"zebra-tc58e-handheld-mobile-computer","status":"publish","type":"product","link":"https:\/\/micronordic.com\/es\/product\/zebra-tc58e-handheld-mobile-computer\/","title":{"rendered":"Zebra TC58e Handheld Mobile Computer (NUEVO)"},"content":{"rendered":"<?xml encoding=\"utf-8\" ?><h2 data-start=\"289\" data-end=\"327\">Zebra TC58e Ordenador port&aacute;til rugged<\/h2><p data-start=\"329\" data-end=\"787\">El <strong data-start=\"333\" data-end=\"371\">Zebra TC58e Rugged Mobile Computer<\/strong> ofrece la &uacute;ltima generaci&oacute;n de movilidad empresarial en un dise&ntilde;o port&aacute;til compacto. Dise&ntilde;ado para sectores exigentes como la log&iacute;stica, el comercio minorista, el transporte y los servicios de campo, el TC58e combina durabilidad rugged, conectividad 5G-first, captura de datos avanzada y bater&iacute;a de larga duraci&oacute;n. Tanto si se utiliza en interiores como en exteriores, proporciona a los trabajadores una herramienta fiable, potente y segura para flujos de trabajo de misi&oacute;n cr&iacute;tica.<\/p><h2 data-start=\"789\" data-end=\"825\">Caracter&iacute;sticas principales del Zebra TC58e<\/h2><ul data-start=\"827\" data-end=\"1768\">\n<li data-start=\"827\" data-end=\"949\">\n<p data-start=\"829\" data-end=\"949\"><strong data-start=\"829\" data-end=\"846\">Dise&ntilde;o rugged<\/strong> &ndash; IP65\/IP68 clasificado para la resistencia al polvo y al agua, y prueba de ca&iacute;da para la durabilidad en condiciones duras.<\/p>\n<\/li>\n<li data-start=\"950\" data-end=\"1055\">\n<p data-start=\"952\" data-end=\"1055\"><strong data-start=\"952\" data-end=\"975\">Pantalla brillante de 6,0&Prime;<\/strong>: pantalla t&aacute;ctil Full HD+ con 600 nits de brillo, compatible con el tacto h&uacute;medo y con guantes.<\/p>\n<\/li>\n<li data-start=\"1056\" data-end=\"1149\">\n<p data-start=\"1058\" data-end=\"1149\"><strong data-start=\"1058\" data-end=\"1079\">Procesamiento moderno<\/strong>: la plataforma Qualcomm&reg; octa-core garantiza un rendimiento r&aacute;pido y eficiente.<\/p>\n<\/li>\n<li data-start=\"1150\" data-end=\"1231\">\n<p data-start=\"1152\" data-end=\"1231\"><strong data-start=\"1152\" data-end=\"1179\">Conectividad para empresas<\/strong>: 5G, Wi-Fi 6E, Bluetooth, GPS y opciones de eSIM.<\/p>\n<\/li>\n<li data-start=\"1232\" data-end=\"1333\">\n<p data-start=\"1234\" data-end=\"1333\"><strong data-start=\"1234\" data-end=\"1250\">Captura de datos<\/strong>: esc&aacute;ner de c&oacute;digos de barras 2D integrado (SE4720) y c&aacute;maras trasera de 16 MP y frontal de 8 MP.<\/p>\n<\/li>\n<li data-start=\"1334\" data-end=\"1428\">\n<p data-start=\"1336\" data-end=\"1428\">Bater&iacute;a <strong data-start=\"1336\" data-end=\"1362\">intercambiable en caliente<\/strong>: la bater&iacute;a de 4680 mAh admite turnos continuos sin tiempos de inactividad.<\/p>\n<\/li>\n<li data-start=\"1429\" data-end=\"1500\">\n<p data-start=\"1431\" data-end=\"1500\"><strong data-start=\"1431\" data-end=\"1453\">Dise&ntilde;o ligero<\/strong>: pesa unos 282 g para facilitar su uso diario.<\/p>\n<\/li>\n<li data-start=\"1501\" data-end=\"1595\">\n<p data-start=\"1503\" data-end=\"1595\"><strong data-start=\"1503\" data-end=\"1524\">Seguridad integrada<\/strong>: Android Enterprise ready, con funciones de seguridad de nivel empresarial.<\/p>\n<\/li>\n<li data-start=\"1596\" data-end=\"1697\">\n<p data-start=\"1598\" data-end=\"1697\"><strong data-start=\"1598\" data-end=\"1620\">Herramientas Mobility DNA<\/strong>: el ecosistema de aplicaciones de Zebra para simplificar la configuraci&oacute;n, la implantaci&oacute;n y la gesti&oacute;n.<\/p>\n<\/li>\n<li data-start=\"1698\" data-end=\"1768\">\n<p data-start=\"1700\" data-end=\"1768\"><strong data-start=\"1700\" data-end=\"1712\">Garant&iacute;a<\/strong>: respaldada por una garant&iacute;a limitada est&aacute;ndar del fabricante de 2 a&ntilde;o.<\/p>\n<\/li>\n<\/ul><h2 data-start=\"1770\" data-end=\"1829\">Principales ventajas del terminal port&aacute;til rugged TC58e de Zebra<\/h2><h3 data-start=\"1831\" data-end=\"1873\">Fiabilidad rugged en un formato compacto<\/h3><p data-start=\"1874\" data-end=\"2063\">A pesar de su dise&ntilde;o ligero y delgado, el TC58e es totalmente rugged. Con sellado IP65\/IP68 y resistencia a ca&iacute;das, se desenvuelve en entornos exigentes en los que los smartphones de consumo fracasar&iacute;an.<\/p><h3 data-start=\"2065\" data-end=\"2096\">Visibilidad clara en cualquier lugar<\/h3><p data-start=\"2097\" data-end=\"2301\">La pantalla de 6,0&Prime; ofrece una claridad excelente con 600 nits, lo que garantiza la usabilidad en interiores y exteriores. Gracias a la compatibilidad con guantes y al tacto h&uacute;medo, los trabajadores pueden seguir siendo productivos en condiciones de lluvia, polvo o fr&iacute;o.<\/p><h3 data-start=\"2303\" data-end=\"2332\">Conectividad de alta velocidad<\/h3><p data-start=\"2333\" data-end=\"2573\">Dise&ntilde;ado como un ordenador m&oacute;vil 5G-first, el TC58e permite la transferencia ultrarr&aacute;pida de datos, el streaming de v&iacute;deo y el uso de aplicaciones en tiempo real. Combinado con Wi-Fi 6E y Bluetooth 5.0, garantiza conexiones estables y flexibles en cualquier flujo de trabajo.<\/p><h3 data-start=\"2575\" data-end=\"2602\">Captura avanzada de datos<\/h3><p data-start=\"2603\" data-end=\"2838\">El esc&aacute;ner de c&oacute;digos de barras SE4720 integrado gestiona con rapidez y precisi&oacute;n incluso los c&oacute;digos de barras da&ntilde;ados o mal impresos. Combinado con c&aacute;maras de alta resoluci&oacute;n, el TC58e es ideal para pruebas de entrega, documentaci&oacute;n de activos y flujos de trabajo en el sector minorista.<\/p><h3 data-start=\"2840\" data-end=\"2878\">Bater&iacute;a para funcionamiento continuo<\/h3><p data-start=\"2879\" data-end=\"3058\">La bater&iacute;a de 4680 mAh intercambiable en caliente permite a los trabajadores mantener los dispositivos en funcionamiento durante largos turnos. Las bater&iacute;as pueden sustituirse sin necesidad de apagar el equipo, lo que garantiza flujos de trabajo ininterrumpidos.<\/p><h3 data-start=\"3060\" data-end=\"3099\">Seguridad empresarial y ecosistema<\/h3><p data-start=\"3100\" data-end=\"3326\">Al ejecutar Android con las herramientas Mobility DNA de Zebra, el TC58e combina hardware y software en una aut&eacute;ntica soluci&oacute;n preparada para la empresa. Los equipos de TI pueden agilizar la implantaci&oacute;n, aplicar pol&iacute;ticas y optimizar la conectividad entre dispositivos.<\/p><h3 data-start=\"3328\" data-end=\"3361\">Vers&aacute;til en todos los sectores<\/h3><p data-start=\"3362\" data-end=\"3579\">El TC58e se adapta a la perfecci&oacute;n tanto a las tiendas como a los camiones de reparto. Su combinaci&oacute;n de robustez, escaneado, conectividad y portabilidad lo hace id&oacute;neo para operaciones de log&iacute;stica, servicios de campo y comercio minorista por igual.<\/p><h2 data-start=\"3581\" data-end=\"3621\">Casos de uso ideales para el Zebra TC58e<\/h2><ul data-start=\"3623\" data-end=\"4131\">\n<li data-start=\"3623\" data-end=\"3721\">\n<p data-start=\"3625\" data-end=\"3721\"><strong data-start=\"3625\" data-end=\"3649\">Venta al por menor y hosteler&iacute;a<\/strong> &ndash; TPV m&oacute;vil, comprobaciones de inventario y participaci&oacute;n de los clientes en el establecimiento.<\/p>\n<\/li>\n<li data-start=\"3722\" data-end=\"3827\">\n<p data-start=\"3724\" data-end=\"3827\"><strong data-start=\"3724\" data-end=\"3754\">Transporte y log&iacute;stica<\/strong> &ndash; Comprobantes de entrega, gesti&oacute;n de rutas en tiempo real y seguimiento de paquetes.<\/p>\n<\/li>\n<li data-start=\"3828\" data-end=\"3927\">\n<p data-start=\"3830\" data-end=\"3927\"><strong data-start=\"3830\" data-end=\"3859\">Servicio de campo y servicios p&uacute;blicos<\/strong>: inspecciones, reparaciones y captura de datos en entornos exteriores.<\/p>\n<\/li>\n<li data-start=\"3928\" data-end=\"4022\">\n<p data-start=\"3930\" data-end=\"4022\"><strong data-start=\"3930\" data-end=\"3945\">Almacenaje<\/strong> &ndash; Picking, escaneado y gesti&oacute;n de existencias en condiciones industriales rugged.<\/p>\n<\/li>\n<li data-start=\"4023\" data-end=\"4131\">\n<p data-start=\"4025\" data-end=\"4131\"><strong data-start=\"4025\" data-end=\"4055\">Seguridad p&uacute;blica y administraci&oacute;n p&uacute;blica<\/strong>: comunicaci&oacute;n y documentaci&oacute;n fiables y seguras para los trabajadores de primera l&iacute;nea.<\/p>\n<\/li>\n<\/ul><h2 data-start=\"4133\" data-end=\"4169\">Comparaci&oacute;n de productos Zebra TC58e<\/h2><p data-start=\"224\" data-end=\"448\">El Zebra TC58e representa la generaci&oacute;n m&aacute;s reciente de dispositivos de mano rugged, optimizados para conectividad 5G y flujos de trabajo avanzados. Para las organizaciones que consideran alternativas, otros dispositivos rugged disponibles en Micro Nordic incluyen:<\/p><ul data-start=\"450\" data-end=\"871\">\n<li data-start=\"450\" data-end=\"588\">\n<p data-start=\"452\" data-end=\"588\"><a href=\"https:\/\/micronordic.com\/product\/zebra-tc53e-handheld-mobile-computer\/\"><strong data-start=\"452\" data-end=\"490\">Terminal port&aacute;til Zebra TC53e<\/strong> <\/a>&ndash; Una variante s&oacute;lo Wi-Fi de la misma plataforma, ideal cuando no se requiere conectividad celular.<\/p>\n<\/li>\n<li data-start=\"589\" data-end=\"733\">\n<p data-start=\"591\" data-end=\"733\"><a href=\"https:\/\/micronordic.com\/product\/zebra-tc77-mobile-handheld-computer-refurbished\/\"><strong data-start=\"591\" data-end=\"635\">Terminal port&aacute;til Zebra TC77<\/strong><\/a>&ndash; Un dispositivo rugged heredado disponible reacondicionado, que ofrece una gran durabilidad a un menor coste.<\/p>\n<\/li>\n<li data-start=\"734\" data-end=\"871\">\n<p data-start=\"736\" data-end=\"871\"><a href=\"https:\/\/micronordic.com\/product\/zebra-et65-rugged-enterprise-tablet\/\"><strong data-start=\"736\" data-end=\"775\">Zebra ET65 Rugged Tablet<\/strong><\/a> &ndash; Una Tablet rugged de 12&Prime; m&aacute;s grande con conectividad 5G para flujos de trabajo que requieren m&aacute;s espacio de visualizaci&oacute;n.<\/p>\n<\/li>\n<\/ul>\n","protected":false},"excerpt":{"rendered":"<h3>Caracter\u00edsticas t\u00e9cnicas:<\/h3>\n<ul>\n<li><strong>Pantalla:<\/strong> 6,0\u2033 FHD+ (2160\u00d71080), 600 nits de brillo, compatible con el tacto h\u00famedo y con guantes.<\/li>\n<li><strong>Procesador:<\/strong> Qualcomm octa-core hasta 2,4 GHz<\/li>\n<li><strong>Memoria y almacenamiento:<\/strong> 6 GB RAM, 64 GB flash<\/li>\n<li><strong>Conectividad:<\/strong> 5G, Wi-Fi 6E, Bluetooth 5.0, GPS, eSIM<\/li>\n<li><strong>Captura de datos y c\u00e1maras:<\/strong> lector de im\u00e1genes 2D (SE4720), c\u00e1mara trasera de 16 MP, c\u00e1mara frontal de 8 MP<\/li>\n<li><strong>Bater\u00eda:<\/strong> 4680 mAh intercambiable en caliente<\/li>\n<li><strong>Certificaciones rugged:<\/strong> IP65\/IP68, resistente a ca\u00eddas<\/li>\n<li><strong>Seguridad:<\/strong> Funciones Android Enterprise, NFC, cifrado de nivel empresarial<\/li>\n<li><strong>Dimensiones y peso:<\/strong> Aprox. 282 g<\/li>\n<li><strong>Garant\u00eda:<\/strong> 2 a\u00f1o de garant\u00eda limitada est\u00e1ndar del fabricante<\/li>\n<\/ul>\n","protected":false},"author":24,"featured_media":100292,"template":"","meta":{"_acf_changed":false,"inline_featured_image":false},"product-condition":[5247],"product_brand":[9014],"product_cat":[5117,5122,5118],"product_tag":[],"class_list":{"0":"post-45984","1":"product","2":"type-product","3":"status-publish","4":"has-post-thumbnail","6":"product-condition-new-in-box","7":"product_brand-zebra","8":"product_cat-zebra","9":"product_cat-all-barcode-scanners","10":"product_cat-new-in-box-rugged-hardware","12":"first","13":"instock","14":"taxable","15":"shipping-taxable","16":"purchasable","17":"product-type-simple"},"acf":[],"_links":{"self":[{"href":"https:\/\/micronordic.com\/es\/wp-json\/wp\/v2\/product\/45984","targetHints":{"allow":["GET"]}}],"collection":[{"href":"https:\/\/micronordic.com\/es\/wp-json\/wp\/v2\/product"}],"about":[{"href":"https:\/\/micronordic.com\/es\/wp-json\/wp\/v2\/types\/product"}],"author":[{"embeddable":true,"href":"https:\/\/micronordic.com\/es\/wp-json\/wp\/v2\/users\/24"}],"version-history":[{"count":5,"href":"https:\/\/micronordic.com\/es\/wp-json\/wp\/v2\/product\/45984\/revisions"}],"predecessor-version":[{"id":97851,"href":"https:\/\/micronordic.com\/es\/wp-json\/wp\/v2\/product\/45984\/revisions\/97851"}],"wp:featuredmedia":[{"embeddable":true,"href":"https:\/\/micronordic.com\/es\/wp-json\/wp\/v2\/media\/100292"}],"wp:attachment":[{"href":"https:\/\/micronordic.com\/es\/wp-json\/wp\/v2\/media?parent=45984"}],"wp:term":[{"taxonomy":"product-condition","embeddable":true,"href":"https:\/\/micronordic.com\/es\/wp-json\/wp\/v2\/product-condition?post=45984"},{"taxonomy":"product_brand","embeddable":true,"href":"https:\/\/micronordic.com\/es\/wp-json\/wp\/v2\/product_brand?post=45984"},{"taxonomy":"product_cat","embeddable":true,"href":"https:\/\/micronordic.com\/es\/wp-json\/wp\/v2\/product_cat?post=45984"},{"taxonomy":"product_tag","embeddable":true,"href":"https:\/\/micronordic.com\/es\/wp-json\/wp\/v2\/product_tag?post=45984"}],"curies":[{"name":"wp","href":"https:\/\/api.w.org\/{rel}","templated":true}]}}