{"id":45978,"date":"2024-08-01T20:13:06","date_gmt":"2024-08-01T18:13:06","guid":{"rendered":"https:\/\/micronordic.com\/product\/zebra-tc53-handheld-mobile-computer-new\/"},"modified":"2025-11-17T11:17:08","modified_gmt":"2025-11-17T10:17:08","slug":"zebra-tc53-handheld-mobile-computer","status":"publish","type":"product","link":"https:\/\/micronordic.com\/es\/product\/zebra-tc53-handheld-mobile-computer\/","title":{"rendered":"Zebra TC53 Handheld Mobile Computer (NUEVO)"},"content":{"rendered":"<?xml encoding=\"utf-8\" ?><h2 data-start=\"306\" data-end=\"343\">Zebra TC53 Rugged Handheld Mobile Computer<\/h2><p data-start=\"345\" data-end=\"824\">El <strong data-start=\"349\" data-end=\"386\">Zebra TC53 Handheld Mobile Computer<\/strong> es un avanzado dispositivo de mano para empresas dise&ntilde;ado para organizaciones que necesitan rendimiento, conectividad y durabilidad rugged en un dispositivo delgado y moderno. Como parte de la serie TC5X, el TC53 combina el dise&ntilde;o rugged de Zebra con un enfoque Wi-Fi-first, por lo que es la soluci&oacute;n perfecta para las empresas que operan principalmente en interiores. Ya sea en comercios, almacenes u hosteler&iacute;a, el TC53 ofrece eficiencia, visibilidad y fiabilidad a largo plazo.  <\/p><p class=\"p1\">Los productos nuevos tienen 2 a&ntilde;os de garant&iacute;a del fabricante.<\/p><h2 data-start=\"826\" data-end=\"861\">Caracter&iacute;sticas principales del Zebra TC53:<\/h2><ul data-start=\"863\" data-end=\"1798\">\n<li data-start=\"863\" data-end=\"982\">\n<p data-start=\"865\" data-end=\"982\"><strong data-start=\"865\" data-end=\"886\">Durabilidad rugged<\/strong>: con certificaci&oacute;n IP65\/IP68 y a prueba de ca&iacute;das, garantiza un rendimiento constante en entornos dif&iacute;ciles.<\/p>\n<\/li>\n<li data-start=\"983\" data-end=\"1090\">\n<p data-start=\"985\" data-end=\"1090\"><strong data-start=\"985\" data-end=\"1006\">Pantalla FHD+ de 6,0&Prime;<\/strong>: 600 nits de brillo, compatibilidad con el tacto h&uacute;medo y con guantes, y protecci&oacute;n Gorilla Glass.<\/p>\n<\/li>\n<li data-start=\"1091\" data-end=\"1206\">\n<p data-start=\"1093\" data-end=\"1206\"><strong data-start=\"1093\" data-end=\"1118\">Procesamiento de alta velocidad<\/strong>: procesador Qualcomm&reg; 6490 octa-core con aceleraci&oacute;n de IA para aplicaciones exigentes.<\/p>\n<\/li>\n<li data-start=\"1207\" data-end=\"1288\">\n<p data-start=\"1209\" data-end=\"1288\"><strong data-start=\"1209\" data-end=\"1236\">Conectividad para empresas<\/strong>: Wi-Fi 6E, Bluetooth 5.2, GPS y opciones de eSIM.<\/p>\n<\/li>\n<li data-start=\"1289\" data-end=\"1379\">\n<p data-start=\"1291\" data-end=\"1379\"><strong data-start=\"1291\" data-end=\"1307\">Captura de datos<\/strong> &ndash; Esc&aacute;ner 2D SE4720 integrado, c&aacute;mara trasera de 16 MP, c&aacute;mara frontal de 8 MP.<\/p>\n<\/li>\n<li data-start=\"1380\" data-end=\"1450\">\n<p data-start=\"1382\" data-end=\"1450\"><strong data-start=\"1382\" data-end=\"1393\">Bater&iacute;a<\/strong>: bater&iacute;a intercambiable en caliente de 4680 mAh para una autonom&iacute;a de todo el d&iacute;a.<\/p>\n<\/li>\n<li data-start=\"1451\" data-end=\"1531\">\n<p data-start=\"1453\" data-end=\"1531\"><strong data-start=\"1453\" data-end=\"1475\">Dise&ntilde;o ligero<\/strong>: formato delgado y ergon&oacute;mico con un peso aproximado de 282 g. <\/p>\n<\/li>\n<li data-start=\"1532\" data-end=\"1619\">\n<p data-start=\"1534\" data-end=\"1619\"><strong data-start=\"1534\" data-end=\"1562\">Preparado para Android Enterprise<\/strong>: compatibilidad con SO de nivel empresarial con ciclo de vida ampliado.<\/p>\n<\/li>\n<li data-start=\"1620\" data-end=\"1730\">\n<p data-start=\"1622\" data-end=\"1730\"><strong data-start=\"1622\" data-end=\"1644\">Herramientas Mobility DNA<\/strong>: el paquete de software de Zebra para el despliegue, la gesti&oacute;n y la optimizaci&oacute;n de la conectividad.<\/p>\n<\/li>\n<li data-start=\"1731\" data-end=\"1798\">\n<p data-start=\"1733\" data-end=\"1798\"><strong data-start=\"1733\" data-end=\"1745\">Garant&iacute;a<\/strong> &ndash; Respaldada por la garant&iacute;a limitada de 2 a&ntilde;os del fabricante Zebra.<\/p>\n<\/li>\n<\/ul><h2 data-start=\"1800\" data-end=\"1858\">Principales ventajas del terminal port&aacute;til rugged TC53 de Zebra<\/h2><h3 data-start=\"1860\" data-end=\"1906\">Robustez fiable para las operaciones diarias<\/h3><p data-start=\"1907\" data-end=\"2066\">El TC53 ofrece sellado IP65\/IP68 y resistencia a ca&iacute;das, lo que garantiza que resista los ajetreados flujos de trabajo en almacenes, entornos minoristas y log&iacute;stica de interior.<\/p><h3 data-start=\"2068\" data-end=\"2103\">Pantalla brillante y funcional<\/h3><p data-start=\"2104\" data-end=\"2277\">Su pantalla FHD+ de 6,0&Prime; compatible con guantes y tacto h&uacute;medo garantiza la productividad en todas las condiciones. El duradero Gorilla Glass ofrece protecci&oacute;n contra ara&ntilde;azos e impactos. <\/p><h3 data-start=\"2279\" data-end=\"2319\">Wi-Fi First para interiores<\/h3><p data-start=\"2320\" data-end=\"2510\">A diferencia del TC58, el TC53 est&aacute; optimizado para entornos Wi-Fi-first, lo que lo convierte en la elecci&oacute;n adecuada para empresas que dependen de redes inal&aacute;mbricas de nivel empresarial en el interior de edificios o almacenes.<\/p><h3 data-start=\"2512\" data-end=\"2549\">Procesamiento fluido y eficaz<\/h3><p data-start=\"2550\" data-end=\"2743\">Con un procesador Qualcomm&reg; 6490 octa-core, el TC53 ofrece la velocidad y eficiencia necesarias para la multitarea y las aplicaciones impulsadas por IA, como la gesti&oacute;n de inventario y el an&aacute;lisis predictivo.<\/p><h3 data-start=\"2745\" data-end=\"2772\">Captura de datos sin fisuras<\/h3><p data-start=\"2773\" data-end=\"2937\">Equipado con el esc&aacute;ner de c&oacute;digos de barras SE4720 de Zebra y c&aacute;maras de alta resoluci&oacute;n, el TC53 permite a los usuarios capturar c&oacute;digos de barras, documentos e im&aacute;genes de forma r&aacute;pida y precisa.<\/p><h3 data-start=\"2939\" data-end=\"2969\">Bater&iacute;a construida para turnos<\/h3><p data-start=\"2970\" data-end=\"3150\">La bater&iacute;a de 4680 mAh intercambiable en caliente garantiza un funcionamiento continuo durante largos turnos de trabajo. Los trabajadores pueden sustituir las bater&iacute;as sin necesidad de apagar el equipo, lo que mantiene el tiempo de actividad en todos los flujos de trabajo. <\/p><h3 data-start=\"3152\" data-end=\"3191\">Seguridad empresarial y ecosistema<\/h3><p data-start=\"3192\" data-end=\"3354\">Con Android Enterprise y mejorado con las herramientas Mobility DNA de Zebra, el TC53 combina seguridad, capacidad de gesti&oacute;n y productividad en un paquete optimizado.<\/p><h3 data-start=\"3356\" data-end=\"3382\">Dise&ntilde;ado para la comodidad<\/h3><p data-start=\"3383\" data-end=\"3498\">Con un peso de s&oacute;lo 282 g, el TC53 es ligero y port&aacute;til, lo que reduce la fatiga del usuario al tiempo que mantiene las certificaciones rugged.<\/p><h2 data-start=\"3500\" data-end=\"3539\">Casos de uso ideales para el Zebra TC53<\/h2><ul data-start=\"3541\" data-end=\"3985\">\n<li data-start=\"3541\" data-end=\"3632\">\n<p data-start=\"3543\" data-end=\"3632\"><strong data-start=\"3543\" data-end=\"3567\">Comercio minorista y hosteler&iacute;a<\/strong>: punto de venta, gesti&oacute;n de existencias y atenci&oacute;n al cliente en el establecimiento.<\/p>\n<\/li>\n<li data-start=\"3633\" data-end=\"3718\">\n<p data-start=\"3635\" data-end=\"3718\"><strong data-start=\"3635\" data-end=\"3662\">Almacenamiento y log&iacute;stica<\/strong>: control de inventarios, escaneado y cumplimiento de pedidos.<\/p>\n<\/li>\n<li data-start=\"3719\" data-end=\"3810\">\n<p data-start=\"3721\" data-end=\"3810\"><strong data-start=\"3721\" data-end=\"3738\">Fabricaci&oacute;n<\/strong> &ndash; Aplicaciones de taller que requieren durabilidad y una r&aacute;pida captura de datos.<\/p>\n<\/li>\n<li data-start=\"3811\" data-end=\"3906\">\n<p data-start=\"3813\" data-end=\"3906\"><strong data-start=\"3813\" data-end=\"3835\">Asistencia sanitaria<\/strong>: seguimiento de pacientes, gesti&oacute;n de equipos y acceso seguro a los datos.<\/p>\n<\/li>\n<li data-start=\"3907\" data-end=\"3985\">\n<p data-start=\"3909\" data-end=\"3985\"><strong data-start=\"3909\" data-end=\"3926\">Servicio de campo<\/strong> &ndash; Operaciones port&aacute;tiles rugged en entornos con Wi-Fi.<\/p>\n<\/li>\n<\/ul><h2 data-start=\"3987\" data-end=\"4022\">Comparaci&oacute;n de productos Zebra TC53<\/h2><p data-start=\"177\" data-end=\"365\">El Zebra TC53 est&aacute; optimizado para entornos Wi-Fi-first al tiempo que mantiene una fiabilidad rugged. Para las organizaciones que consideran alternativas, otros productos relevantes en Micro Nordic incluyen: <\/p><ul data-start=\"367\" data-end=\"789\">\n<li data-start=\"367\" data-end=\"497\">\n<p data-start=\"369\" data-end=\"497\"><a href=\"https:\/\/micronordic.com\/product\/zebra-tc58-handheld-mobile-computer\/\"><strong data-start=\"369\" data-end=\"406\">Zebra TC58 Handheld Mobile Computer.<\/strong> <\/a>&ndash; La variante habilitada para m&oacute;vil con 5G para empresas que necesitan movilidad avanzada en exteriores.<\/p>\n<\/li>\n<li data-start=\"498\" data-end=\"653\">\n<p data-start=\"500\" data-end=\"653\"><a href=\"https:\/\/micronordic.com\/product\/zebra-tc52-mobile-handheld-computer-refurbished\/\"><strong data-start=\"500\" data-end=\"540\">Zebra TC52 Handheld Mobile Computer<\/strong><\/a>&ndash; Un modelo heredado disponible reacondicionado, ideal para operaciones sensibles a los costes que a&uacute;n requieren una durabilidad rugged.<\/p>\n<\/li>\n<li data-start=\"654\" data-end=\"789\">\n<p data-start=\"656\" data-end=\"789\"><a href=\"https:\/\/micronordic.com\/product\/zebra-tc22-handheld-mobile-computer\/\"><strong data-start=\"656\" data-end=\"693\">Zebra TC22 Handheld Mobile Computer<\/strong><\/a>&ndash; Una alternativa compacta y econ&oacute;mica para organizaciones que necesitan un terminal port&aacute;til rugged m&aacute;s peque&ntilde;o.<\/p>\n<\/li>\n<\/ul>\n","protected":false},"excerpt":{"rendered":"<h3>Especificaciones:<\/h3>\n<ul>\n<li><strong>Pantalla:<\/strong> 6,0\u2033 FHD+ (2160\u00d71080), 600 nits de brillo, Gorilla Glass, compatible con guantes y tacto h\u00famedo.<\/li>\n<li><strong>Procesador:<\/strong> Procesador Qualcomm\u00ae 6490 octa-core con aceleraci\u00f3n de IA.<\/li>\n<li><strong>Memoria y almacenamiento:<\/strong> 6 GB RAM, 64 GB flash<\/li>\n<li><strong>Conectividad:<\/strong> Wi-Fi 6E, Bluetooth 5.2, GPS, eSIM<\/li>\n<li><strong>Captura de datos y c\u00e1maras:<\/strong> Esc\u00e1ner 2D SE4720, c\u00e1maras trasera de 16 MP y frontal de 8 MP<\/li>\n<li><strong>Bater\u00eda:<\/strong> 4680 mAh intercambiable en caliente<\/li>\n<li><strong>Certificaciones rugged:<\/strong> IP65\/IP68, resistente a ca\u00eddas<\/li>\n<li><strong>Seguridad:<\/strong> Funciones Android Enterprise, cifrado de nivel empresarial, NFC<\/li>\n<li><strong>Dimensiones y peso:<\/strong> Aprox. 282 g <\/li>\n<li><strong><strong>Garant\u00eda: <\/strong><\/strong>Garant\u00eda limitada est\u00e1ndar del fabricante de 2 a\u00f1os<\/li>\n<\/ul>\n","protected":false},"author":24,"featured_media":100262,"template":"","meta":{"_acf_changed":false,"inline_featured_image":false},"product-condition":[5247],"product_brand":[9014],"product_cat":[5117,5122,5118],"product_tag":[],"class_list":{"0":"post-45978","1":"product","2":"type-product","3":"status-publish","4":"has-post-thumbnail","6":"product-condition-new-in-box","7":"product_brand-zebra","8":"product_cat-zebra","9":"product_cat-all-barcode-scanners","10":"product_cat-new-in-box-rugged-hardware","12":"first","13":"instock","14":"taxable","15":"shipping-taxable","16":"purchasable","17":"product-type-simple"},"acf":[],"_links":{"self":[{"href":"https:\/\/micronordic.com\/es\/wp-json\/wp\/v2\/product\/45978","targetHints":{"allow":["GET"]}}],"collection":[{"href":"https:\/\/micronordic.com\/es\/wp-json\/wp\/v2\/product"}],"about":[{"href":"https:\/\/micronordic.com\/es\/wp-json\/wp\/v2\/types\/product"}],"author":[{"embeddable":true,"href":"https:\/\/micronordic.com\/es\/wp-json\/wp\/v2\/users\/24"}],"version-history":[{"count":2,"href":"https:\/\/micronordic.com\/es\/wp-json\/wp\/v2\/product\/45978\/revisions"}],"predecessor-version":[{"id":97893,"href":"https:\/\/micronordic.com\/es\/wp-json\/wp\/v2\/product\/45978\/revisions\/97893"}],"wp:featuredmedia":[{"embeddable":true,"href":"https:\/\/micronordic.com\/es\/wp-json\/wp\/v2\/media\/100262"}],"wp:attachment":[{"href":"https:\/\/micronordic.com\/es\/wp-json\/wp\/v2\/media?parent=45978"}],"wp:term":[{"taxonomy":"product-condition","embeddable":true,"href":"https:\/\/micronordic.com\/es\/wp-json\/wp\/v2\/product-condition?post=45978"},{"taxonomy":"product_brand","embeddable":true,"href":"https:\/\/micronordic.com\/es\/wp-json\/wp\/v2\/product_brand?post=45978"},{"taxonomy":"product_cat","embeddable":true,"href":"https:\/\/micronordic.com\/es\/wp-json\/wp\/v2\/product_cat?post=45978"},{"taxonomy":"product_tag","embeddable":true,"href":"https:\/\/micronordic.com\/es\/wp-json\/wp\/v2\/product_tag?post=45978"}],"curies":[{"name":"wp","href":"https:\/\/api.w.org\/{rel}","templated":true}]}}