{"id":45962,"date":"2023-02-03T10:54:30","date_gmt":"2023-02-03T09:54:30","guid":{"rendered":"https:\/\/micronordic.com\/product\/zebra-tc57ho-terminal-portatil-reacondicionado\/"},"modified":"2025-11-17T09:21:47","modified_gmt":"2025-11-17T08:21:47","slug":"zebra-tc57ho-mobile-handheld-computer-refurbished","status":"publish","type":"product","link":"https:\/\/micronordic.com\/es\/product\/zebra-tc57ho-mobile-handheld-computer-refurbished\/","title":{"rendered":"Zebra TC57 Handheld Mobile Computer (EX-DEMO)"},"content":{"rendered":"<?xml encoding=\"utf-8\" ?><h2 data-start=\"181\" data-end=\"228\">Zebra TC57 Rugged Handheld Mobile Computer<\/h2><p data-start=\"230\" data-end=\"730\"><strong data-start=\"234\" data-end=\"280\">Zebra TC57 Rugged Handheld Mobile Computer<\/strong> ofrece la combinaci&oacute;n perfecta de facilidad de uso al estilo de un smartphone y durabilidad de nivel empresarial. Creada como sucesora de la popular TC56, mejora la conectividad, el escaneado y la gesti&oacute;n de dispositivos, al tiempo que ampl&iacute;a la compatibilidad con Android para un uso prolongado. Disponible tanto <strong data-start=\"548\" data-end=\"559\">EX-DEMO<\/strong> como <strong data-start=\"564\" data-end=\"578\">NUEVO EN CAJA<\/strong>, el TC57 ofrece a las organizaciones flexibilidad: elija unidades de demostraci&oacute;n poco manipuladas para ahorrar costes o dispositivos totalmente nuevos para disfrutar de la garant&iacute;a total sellados de f&aacute;brica. Las unidades Ex-Demo incluyen una <strong data-start=\"24\" data-end=\"44\">garant&iacute;a de 6 meses<\/strong>, mientras que <strong data-start=\"52\" data-end=\"83\">los esc&aacute;neres rugged nuevos de f&aacute;brica<\/strong> se suministran con una <strong data-start=\"104\" data-end=\"132\">garant&iacute;a est&aacute;ndar de 1 a&ntilde;o<\/strong> para mayor tranquilidad.<\/p><h2 data-start=\"732\" data-end=\"767\">Caracter&iacute;sticas principales del Zebra TC57<\/h2><ul data-start=\"769\" data-end=\"1719\">\n<li data-start=\"769\" data-end=\"895\">\n<p data-start=\"771\" data-end=\"895\"><strong data-start=\"771\" data-end=\"792\">Durabilidad rugged<\/strong> &ndash; MIL-STD-810G probado con certificaci&oacute;n IP67, resistente al polvo, agua y ca&iacute;das de hasta 1,2 metros.<\/p>\n<\/li>\n<li data-start=\"896\" data-end=\"999\">\n<p data-start=\"898\" data-end=\"999\"><strong data-start=\"898\" data-end=\"909\">Pantalla<\/strong> &ndash; Pantalla t&aacute;ctil de 5,0&Prime; FHD (1920&times;1080), legible a la luz del sol, utilizable con guantes o las manos mojadas.<\/p>\n<\/li>\n<li data-start=\"1000\" data-end=\"1065\">\n<p data-start=\"1002\" data-end=\"1065\"><strong data-start=\"1002\" data-end=\"1015\">Procesador<\/strong> &ndash; Qualcomm&reg; Snapdragon&trade; 660 octa-core, 2,2 GHz.<\/p>\n<\/li>\n<li data-start=\"1066\" data-end=\"1170\">\n<p data-start=\"1068\" data-end=\"1170\"><strong data-start=\"1068\" data-end=\"1088\">Sistema operativo<\/strong> &ndash; Android 8.1 Oreo, actualizable a trav&eacute;s de Android 11 con LifeGuard&trade; para Android.<\/p>\n<\/li>\n<li data-start=\"1171\" data-end=\"1197\">\n<p data-start=\"1173\" data-end=\"1197\"><strong data-start=\"1173\" data-end=\"1183\">Memoria<\/strong> &ndash; 4 GB RAM.<\/p>\n<\/li>\n<li data-start=\"1198\" data-end=\"1268\">\n<p data-start=\"1200\" data-end=\"1268\"><strong data-start=\"1200\" data-end=\"1211\">Almacenamiento<\/strong>: 32 GB internos, ampliables mediante microSD hasta 256 GB.<\/p>\n<\/li>\n<li data-start=\"1269\" data-end=\"1357\">\n<p data-start=\"1271\" data-end=\"1357\"><strong data-start=\"1271\" data-end=\"1283\">Escaneado<\/strong>: lector de im&aacute;genes 1D\/2D SE4710 integrado para una captura de c&oacute;digos de barras r&aacute;pida y precisa.<\/p>\n<\/li>\n<li data-start=\"1358\" data-end=\"1433\">\n<p data-start=\"1360\" data-end=\"1433\"><strong data-start=\"1360\" data-end=\"1376\">Conectividad<\/strong> &ndash; 4G LTE, Wi-Fi 802.11 a\/b\/g\/n\/ac, Bluetooth 5.0, GPS.<\/p>\n<\/li>\n<li data-start=\"1434\" data-end=\"1522\">\n<p data-start=\"1436\" data-end=\"1522\"><strong data-start=\"1436\" data-end=\"1447\">Bater&iacute;a<\/strong> &ndash; 4.300 mAh PowerPrecision+ Li-Ion, intercambiable en caliente para un tiempo de funcionamiento continuo.<\/p>\n<\/li>\n<li data-start=\"1523\" data-end=\"1611\">\n<p data-start=\"1525\" data-end=\"1611\"><strong data-start=\"1525\" data-end=\"1537\">Seguridad<\/strong> &ndash; Protecci&oacute;n de nivel empresarial con Mobility DNA y LifeGuard&trade; de Zebra.<\/p>\n<\/li>\n<li data-start=\"1612\" data-end=\"1719\">\n<p data-start=\"1614\" data-end=\"1719\"><strong data-start=\"1614\" data-end=\"1630\">Disponibilidad<\/strong> &ndash; Se ofrecen como <strong data-start=\"1644\" data-end=\"1655\">EX-DEMO<\/strong> (unidades de demostraci&oacute;n ligeramente usadas) o <strong data-start=\"1685\" data-end=\"1699\">NUEVAS EN CAJA<\/strong> (selladas de f&aacute;brica).<\/p>\n<\/li>\n<\/ul><h2 data-start=\"1721\" data-end=\"1756\">Principales ventajas del Zebra TC57<\/h2><h3 data-start=\"1758\" data-end=\"1797\">Experiencia rugged similar a la de un smartphone<\/h3><p data-start=\"1798\" data-end=\"2105\">El TC57 ofrece una interfaz Android familiar, lo que reduce el tiempo de formaci&oacute;n del personal, al tiempo que ofrece una fiabilidad rugged que los dispositivos de consumo est&aacute;ndar no pueden igualar. Con su dise&ntilde;o compacto y ligero y su sellado IP67, rinde en condiciones adversas sin dejar de ser c&oacute;modo de usar durante largos turnos.<\/p><h3 data-start=\"2107\" data-end=\"2138\">Pantalla legible a la luz del sol<\/h3><p data-start=\"2139\" data-end=\"2392\">La pantalla FHD de 5,0&Prime; est&aacute; dise&ntilde;ada para entornos empresariales reales. Sigue siendo visible a plena luz del sol y responde con guantes o dedos mojados, lo que garantiza una productividad ininterrumpida tanto en interiores en un almac&eacute;n como en exteriores en rutas de reparto.<\/p><h3 data-start=\"2394\" data-end=\"2444\">Alimentaci&oacute;n intercambiable en caliente para un funcionamiento continuo<\/h3><p data-start=\"2445\" data-end=\"2704\">Equipado con una bater&iacute;a PowerPrecision+ de 4.300 mAh, el TC57 admite operaciones de turno completo. Para los flujos de trabajo que exigen un tiempo de actividad constante, la bater&iacute;a intercambiable en caliente permite utilizar los dispositivos mientras se cambian las bater&iacute;as, lo que elimina los costosos tiempos de inactividad.<\/p><h3 data-start=\"2706\" data-end=\"2741\">Captura de datos de alto rendimiento<\/h3><p data-start=\"2742\" data-end=\"2993\">El motor de escaneado SE4710 de Zebra garantiza una captura r&aacute;pida y fiable de c&oacute;digos de barras 1D y 2D, incluso si las etiquetas est&aacute;n da&ntilde;adas o mal impresas. Esta capacidad reduce los errores de escaneado e impulsa la eficiencia en los flujos de trabajo de gesti&oacute;n de inventarios, comercio minorista y log&iacute;stica.<\/p><h3 data-start=\"2995\" data-end=\"3023\">Movilidad Ecosistema ADN<\/h3><p data-start=\"3024\" data-end=\"3367\">Como parte de la plataforma Mobility DNA de Zebra, el TC57 incluye herramientas de software para la configuraci&oacute;n, gesti&oacute;n y seguridad de los dispositivos. Funciones como StageNow simplifican los despliegues a gran escala, mientras que LifeGuard&trade; proporciona actualizaciones de seguridad garantizadas y compatibilidad con versiones de Android hasta Android 11. Esta combinaci&oacute;n reduce los gastos generales de TI y ampl&iacute;a el ciclo de vida de los dispositivos.<\/p><h3 data-start=\"3369\" data-end=\"3403\">Opciones de adquisici&oacute;n flexibles<\/h3><p data-start=\"3404\" data-end=\"3680\">Gracias a la disponibilidad de productos <strong data-start=\"3414\" data-end=\"3425\">EX-DEMO<\/strong> y <strong data-start=\"3430\" data-end=\"3444\">NUEVOS EN CAJA<\/strong>, las empresas pueden ajustar su estrategia de adquisici&oacute;n a su presupuesto. Las unidades EX-DEMO ofrecen una funcionalidad empresarial rugged a un precio reducido, mientras que NEW IN BOX garantiza un hardware impecable, sellado de f&aacute;brica y con cobertura total de garant&iacute;a.<\/p><h3 data-start=\"3682\" data-end=\"3709\">Conectividad sin fisuras<\/h3><p data-start=\"3710\" data-end=\"3969\">Equipado con 4G LTE, Wi-Fi, Bluetooth 5.0 y GPS, el TC57 mantiene a los equipos conectados en tiempo real. Los trabajadores sobre el terreno pueden acceder a datos cr&iacute;ticos, los directivos pueden realizar un seguimiento de las ubicaciones y el personal de los comercios minoristas puede ofrecer un servicio de atenci&oacute;n al cliente instant&aacute;neo sin interrupciones de conectividad.<\/p><h2 data-start=\"3971\" data-end=\"4006\">Casos de uso ideales para Zebra TC57<\/h2><ul data-start=\"4008\" data-end=\"5116\">\n<li data-start=\"4008\" data-end=\"4224\">\n<p data-start=\"4010\" data-end=\"4224\"><strong data-start=\"4010\" data-end=\"4036\">Comercio minorista y hosteler&iacute;a<\/strong> &ndash; Habilite sistemas de punto de venta m&oacute;viles, gestione el inventario y ofrezca atenci&oacute;n al cliente en tiempo real directamente en la sala de ventas. El personal puede escanear c&oacute;digos de barras, comprobar existencias y procesar pagos sin problemas.<\/p>\n<\/li>\n<li data-start=\"4225\" data-end=\"4453\">\n<p data-start=\"4227\" data-end=\"4453\"><strong data-start=\"4227\" data-end=\"4259\">Almacenamiento y distribuci&oacute;n<\/strong> &ndash; La durabilidad rugged combinada con un escaneado fiable hace que el TC57 sea ideal para tareas de picking, embalaje y env&iacute;o. Su bater&iacute;a intercambiable en caliente permite un funcionamiento continuo durante turnos prolongados.<\/p>\n<\/li>\n<li data-start=\"4454\" data-end=\"4667\">\n<p data-start=\"4456\" data-end=\"4667\"><strong data-start=\"4456\" data-end=\"4488\">Transporte y log&iacute;stica<\/strong> &ndash; El seguimiento en tiempo real, la navegaci&oacute;n GPS y el escaneado de c&oacute;digos de barras agilizan los procesos de entrega. Conductores y mensajeros se benefician de una captura de datos fiable y de la conectividad sobre el terreno.<\/p>\n<\/li>\n<li data-start=\"4668\" data-end=\"4894\">\n<p data-start=\"4670\" data-end=\"4894\"><strong data-start=\"4670\" data-end=\"4687\">Servicio de campo<\/strong> &ndash; Para t&eacute;cnicos y equipos de mantenimiento, el TC57 ofrece un rendimiento fiable en diversos entornos, desde servicios p&uacute;blicos hasta instalaciones de telecomunicaciones. La captura de datos y la conectividad garantizan informes precisos.<\/p>\n<\/li>\n<li data-start=\"4895\" data-end=\"5116\">\n<p data-start=\"4897\" data-end=\"5116\"><strong data-start=\"4897\" data-end=\"4919\">Asistencia sanitaria<\/strong> &ndash; Aunque no es un modelo dedicado a la asistencia sanitaria, el TC57 puede apoyar el transporte de pacientes, la log&iacute;stica farmac&eacute;utica y el seguimiento de equipos con integraci&oacute;n segura en Android y protecci&oacute;n de datos de nivel empresarial.<\/p>\n<\/li>\n<\/ul><h2 data-start=\"5118\" data-end=\"5167\">Comparaci&oacute;n de productos: Zebra TC57 Alternativas<\/h2><p data-start=\"5169\" data-end=\"5281\">Para las organizaciones que est&eacute;n considerando alternativas, Micro Nordic dispone de otros dispositivos de mano rugged relevantes:<\/p><ul data-start=\"5283\" data-end=\"5816\">\n<li data-start=\"5283\" data-end=\"5480\">\n<p data-start=\"5285\" data-end=\"5480\"><a href=\"https:\/\/micronordic.com\/product\/zebra-tc58-handheld-mobile-computer\/\"><strong data-start=\"5285\" data-end=\"5322\">Zebra TC58 Terminal port&aacute;til rugged<\/strong> <\/a>&ndash; El sucesor directo del TC57, que ofrece conectividad 5G, escaneado mejorado y hardware m&aacute;s potente. Ideal para empresas que quieren prepararse para el futuro.<\/p>\n<\/li>\n<li data-start=\"5481\" data-end=\"5653\">\n<p data-start=\"5483\" data-end=\"5653\"><a href=\"https:\/\/micronordic.com\/product\/honeywell-ct40xp-mobile-handheld-computer-refurbished\/\"><strong data-start=\"600\" data-end=\"643\">Terminal port&aacute;til robusto CT40 de Honeywell<\/strong> <\/a>&ndash; Un vers&aacute;til terminal port&aacute;til rugged dise&ntilde;ado para el comercio minorista, la sanidad y los servicios de campo, que equilibra un dise&ntilde;o ligero con la durabilidad empresarial.<\/p>\n<\/li>\n<li data-start=\"5654\" data-end=\"5816\">\n<p data-start=\"5656\" data-end=\"5816\"><a href=\"https:\/\/micronordic.com\/product\/zebra-mc9300-mobile-handheld-computer-refurbished\/\"><strong data-start=\"5656\" data-end=\"5697\">Terminal port&aacute;til de mano robusto MC9300 de Zebra<\/strong> <\/a>&ndash; Un dispositivo m&aacute;s grande y ultrarresistente dise&ntilde;ado para aplicaciones industriales pesadas como la fabricaci&oacute;n y el almacenamiento en fr&iacute;o.<\/p>\n<\/li>\n<\/ul>\n","protected":false},"excerpt":{"rendered":"<p>SELECCIONE UNA VARIANTE Ll\u00e1menos si necesita ayuda para encontrar la variante de producto adecuada.<\/p>\n<h3>Especificaciones:<\/h3>\n<ul>\n<li><strong>Pantalla:<\/strong> 5,0\u2033 FHD (1920\u00d71080), legible a la luz del sol, funciona con guantes y dedos mojados.<\/li>\n<li><strong>Procesador:<\/strong> Qualcomm\u00ae Snapdragon\u2122 660 octa-core, 2.2 GHz<\/li>\n<li><strong>Gr\u00e1ficos:<\/strong> GPU Adreno\u2122 512 integrada<\/li>\n<li><strong>Memoria:<\/strong> 4 GB RAM<\/li>\n<li><strong>Almacenamiento:<\/strong> 32 GB internos, ampliables mediante microSD hasta 256 GB<\/li>\n<li><strong>Conectividad:<\/strong> 4G LTE, Wi-Fi 802.11 a\/b\/g\/n\/ac, Bluetooth 5.0, GPS<\/li>\n<li><strong>Certificaciones rugged:<\/strong> MIL-STD-810G, IP67, resistencia a ca\u00eddas de 1,2 m<\/li>\n<li><strong>Escaneado:<\/strong> Lector de im\u00e1genes 1D\/2D Zebra SE4710 integrado<\/li>\n<li><strong>Bater\u00eda:<\/strong> 4.300 mAh de iones de litio, intercambiable en caliente<\/li>\n<li><strong>Dimensiones y peso:<\/strong> 155 \u00d7 75,5 \u00d7 18,6 mm, 250 g aprox.<\/li>\n<li><strong>Garant\u00eda: <\/strong>Disponible como EX-DEMO (6 meses de garant\u00eda) o NUEVO EN CAJA (1 a\u00f1o de garant\u00eda)<\/li>\n<\/ul>\n<p><strong>Elija el modelo correcto antes de a\u00f1adirlo a la cesta.<\/strong><\/p>\n","protected":false},"author":24,"featured_media":44240,"template":"","meta":{"_acf_changed":false,"inline_featured_image":false},"product-condition":[5283],"product_brand":[9014],"product_cat":[5117,5122,5115],"product_tag":[3364,3351,3403,3377,3390,3416,3429,3455,3468,3442],"class_list":{"0":"post-45962","1":"product","2":"type-product","3":"status-publish","4":"has-post-thumbnail","6":"product-condition-ex-demo","7":"product_brand-zebra","8":"product_cat-zebra","9":"product_cat-all-barcode-scanners","10":"product_cat-refurbished-rugged-hardware","11":"product_tag-tc520k-1hezu4p-a6-es","12":"product_tag-tc520k-1pezu4p-a6-es","13":"product_tag-tc520k-1pezu4p-ea-es","14":"product_tag-tc520k-1pezu4p-na-es","15":"product_tag-tc520k-1pfzu4p-a6-es","16":"product_tag-tc520k-1xfmu6p-a6-es","17":"product_tag-tc57ho-1pezu4p-a6-es","18":"product_tag-tc57ho-1pfzu4p-a6-es","19":"product_tag-tc57ho-1xfmu6p-a6-es","20":"product_tag-tc57jo-1pezu4p-tk-es","21":"pa_model-part-number-tc57ho-1pezu4p-25","22":"pa_model-part-number-tc57ho-1pezu4p-a6","23":"pa_model-part-number-tc57ho-1pfzu4p-a6","24":"pa_model-part-number-tc57ho-1xfmu6p-a6","26":"first","27":"instock","28":"taxable","29":"shipping-taxable","30":"purchasable","31":"product-type-variable"},"acf":[],"_links":{"self":[{"href":"https:\/\/micronordic.com\/es\/wp-json\/wp\/v2\/product\/45962","targetHints":{"allow":["GET"]}}],"collection":[{"href":"https:\/\/micronordic.com\/es\/wp-json\/wp\/v2\/product"}],"about":[{"href":"https:\/\/micronordic.com\/es\/wp-json\/wp\/v2\/types\/product"}],"author":[{"embeddable":true,"href":"https:\/\/micronordic.com\/es\/wp-json\/wp\/v2\/users\/24"}],"version-history":[{"count":3,"href":"https:\/\/micronordic.com\/es\/wp-json\/wp\/v2\/product\/45962\/revisions"}],"predecessor-version":[{"id":97710,"href":"https:\/\/micronordic.com\/es\/wp-json\/wp\/v2\/product\/45962\/revisions\/97710"}],"wp:featuredmedia":[{"embeddable":true,"href":"https:\/\/micronordic.com\/es\/wp-json\/wp\/v2\/media\/44240"}],"wp:attachment":[{"href":"https:\/\/micronordic.com\/es\/wp-json\/wp\/v2\/media?parent=45962"}],"wp:term":[{"taxonomy":"product-condition","embeddable":true,"href":"https:\/\/micronordic.com\/es\/wp-json\/wp\/v2\/product-condition?post=45962"},{"taxonomy":"product_brand","embeddable":true,"href":"https:\/\/micronordic.com\/es\/wp-json\/wp\/v2\/product_brand?post=45962"},{"taxonomy":"product_cat","embeddable":true,"href":"https:\/\/micronordic.com\/es\/wp-json\/wp\/v2\/product_cat?post=45962"},{"taxonomy":"product_tag","embeddable":true,"href":"https:\/\/micronordic.com\/es\/wp-json\/wp\/v2\/product_tag?post=45962"}],"curies":[{"name":"wp","href":"https:\/\/api.w.org\/{rel}","templated":true}]}}