{"id":45958,"date":"2023-03-01T09:30:14","date_gmt":"2023-03-01T08:30:14","guid":{"rendered":"https:\/\/micronordic.com\/product\/terminal-portatil-honeywell-ck65-reacondicionado\/"},"modified":"2025-11-17T12:38:47","modified_gmt":"2025-11-17T11:38:47","slug":"honeywell-ck65-mobile-handheld-computer-refurbished","status":"publish","type":"product","link":"https:\/\/micronordic.com\/es\/product\/honeywell-ck65-mobile-handheld-computer-refurbished\/","title":{"rendered":"Honeywell CK65 Handheld Mobile Computer (EX-DEMO)"},"content":{"rendered":"<?xml encoding=\"utf-8\" ?><h2 data-start=\"573\" data-end=\"617\">Honeywell CK65 Handheld Mobile Computer<\/h2><p data-start=\"619\" data-end=\"1092\">La <strong data-start=\"623\" data-end=\"666\">Honeywell CK65 Handheld Mobile Computer<\/strong> est&aacute; dise&ntilde;ada para maximizar la productividad de los trabajadores y la longevidad de los dispositivos en entornos industriales exigentes. Al ofrecer captura de datos avanzada, durabilidad rugged y conectividad flexible, el CK65 es ideal para almacenes, plantas de fabricaci&oacute;n, centros log&iacute;sticos y centros de distribuci&oacute;n. <\/p><p>Disponible como <strong data-start=\"964\" data-end=\"975\">EX-DEMO<\/strong> y <strong data-start=\"980\" data-end=\"994\">NUEVO EN CAJA<\/strong>, ofrece a las empresas la posibilidad de elegir entre rentabilidad y hardware nuevo sellado de f&aacute;brica. Las unidades EX-DEMO incluyen una <strong>garant&iacute;a de 12 meses<\/strong>, mientras que <strong data-start=\"52\" data-end=\"83\">los esc&aacute;neres rugged nuevos de<\/strong> f&aacute;brica se suministran con una <strong data-start=\"104\" data-end=\"132\">garant&iacute;a est&aacute;ndar de 2 a&ntilde;os<\/strong> para mayor tranquilidad. <\/p><h2 data-start=\"1094\" data-end=\"1133\">Caracter&iacute;sticas principales del Honeywell CK65<\/h2><ul data-start=\"1135\" data-end=\"2270\">\n<li data-start=\"1135\" data-end=\"1277\">\n<p data-start=\"1137\" data-end=\"1277\"><strong data-start=\"1137\" data-end=\"1158\">Durabilidad rugged<\/strong>: certificaci&oacute;n MIL-STD-810G con grados de protecci&oacute;n IP65 e IP68; resistencia a ca&iacute;das de hasta 3 metros y a ca&iacute;das de hasta 3.000 veces.<\/p>\n<\/li>\n<li data-start=\"1278\" data-end=\"1362\">\n<p data-start=\"1280\" data-end=\"1362\"><strong data-start=\"1280\" data-end=\"1291\">Pantalla<\/strong> &ndash; Pantalla multit&aacute;ctil WVGA de 4&Prime;, legible a la luz del sol y apta para guantes.<\/p>\n<\/li>\n<li data-start=\"1363\" data-end=\"1466\">\n<p data-start=\"1365\" data-end=\"1466\"><strong data-start=\"1365\" data-end=\"1385\">Potencia de procesamiento<\/strong>: procesador Qualcomm&reg; SD660 octa-core de 2,2 GHz compatible con Android de larga duraci&oacute;n.<\/p>\n<\/li>\n<li data-start=\"1467\" data-end=\"1577\">\n<p data-start=\"1469\" data-end=\"1577\"><strong data-start=\"1469\" data-end=\"1489\">Sistema operativo<\/strong> &ndash; Android 9, actualizable hasta Android 13 con la plataforma Mobility Edge&trade; de Honeywell.<\/p>\n<\/li>\n<li data-start=\"1578\" data-end=\"1619\">\n<p data-start=\"1580\" data-end=\"1619\"><strong data-start=\"1580\" data-end=\"1590\">Memoria<\/strong> &ndash; Opciones de 3 GB \/ 4 GB de RAM.<\/p>\n<\/li>\n<li data-start=\"1620\" data-end=\"1702\">\n<p data-start=\"1622\" data-end=\"1702\"><strong data-start=\"1622\" data-end=\"1633\">Almacenamiento<\/strong> &ndash; 32 GB \/ 64 GB de almacenamiento flash con expansi&oacute;n microSD de hasta 512 GB.<\/p>\n<\/li>\n<li data-start=\"1703\" data-end=\"1805\">\n<p data-start=\"1705\" data-end=\"1805\"><strong data-start=\"1705\" data-end=\"1725\">Opciones de escaneado<\/strong>: posibilidad de elegir entre los lectores de im&aacute;genes N6703, N6803FR y EX20 para escaneado de c&oacute;digos de barras 1D\/2D.<\/p>\n<\/li>\n<li data-start=\"1806\" data-end=\"1885\">\n<p data-start=\"1808\" data-end=\"1885\"><strong data-start=\"1808\" data-end=\"1824\">Conectividad<\/strong> &ndash; Wi-Fi 802.11 a\/b\/g\/n\/ac, Bluetooth 5.0, 4G LTE opcional.<\/p>\n<\/li>\n<li data-start=\"1886\" data-end=\"1962\">\n<p data-start=\"1888\" data-end=\"1962\"><strong data-start=\"1888\" data-end=\"1899\">Bater&iacute;a<\/strong>: bater&iacute;a inteligente de iones de litio de 7.000 mAh con hasta 28 horas de uso.<\/p>\n<\/li>\n<li data-start=\"1963\" data-end=\"2072\">\n<p data-start=\"1965\" data-end=\"2072\"><strong data-start=\"1965\" data-end=\"1977\">Seguridad<\/strong>: integrada con la seguridad y los parches de nivel empresarial de Honeywell a trav&eacute;s de Mobility Edge&trade;.<\/p>\n<\/li>\n<li data-start=\"2073\" data-end=\"2162\">\n<p data-start=\"2075\" data-end=\"2162\"><strong data-start=\"2075\" data-end=\"2090\">Factor de forma<\/strong>: opci&oacute;n de empu&ntilde;adura de pistola ergon&oacute;mica disponible para tareas de escaneado prolongadas.<\/p>\n<\/li>\n<li data-start=\"2163\" data-end=\"2270\">\n<p data-start=\"2165\" data-end=\"2270\"><strong data-start=\"2165\" data-end=\"2181\">Disponibilidad<\/strong> &ndash; Se ofrecen como <strong data-start=\"2195\" data-end=\"2206\">EX-DEMO<\/strong> (unidades de demostraci&oacute;n ligeramente usadas) o <strong data-start=\"2236\" data-end=\"2250\">NUEVAS EN CAJA<\/strong> (selladas de f&aacute;brica).<\/p>\n<\/li>\n<\/ul><h2 data-start=\"2272\" data-end=\"2311\">Principales ventajas del Honeywell CK65<\/h2><h3 data-start=\"2313\" data-end=\"2337\">Fiabilidad rugged<\/h3><p data-start=\"2338\" data-end=\"2554\">Con clasificaci&oacute;n IP65\/IP68 y probado para ca&iacute;das de hasta 3 metros, el CK65 puede soportar los entornos m&aacute;s duros. Su estructura rugged garantiza un rendimiento constante en c&aacute;maras frigor&iacute;ficas, almacenes polvorientos y f&aacute;bricas con mucho tr&aacute;fico. <\/p><h3 data-start=\"2556\" data-end=\"2590\">Compatibilidad con Android a prueba de futuro<\/h3><p data-start=\"2591\" data-end=\"2799\">El CK65 forma parte de la plataforma Mobility Edge&trade; de Honeywell, que ofrece actualizaciones garantizadas de Android hasta la versi&oacute;n 13. Esto protege su inversi&oacute;n y garantiza la compatibilidad con futuras aplicaciones empresariales. <\/p><h3 data-start=\"2801\" data-end=\"2828\">Mayor duraci&oacute;n de la bater&iacute;a<\/h3><p data-start=\"2829\" data-end=\"2990\">La potente bater&iacute;a de 7.000 mAh proporciona hasta 28 horas de uso, lo que permite trabajar en varios turnos. Las opciones de bater&iacute;a intercambiable en caliente reducen a&uacute;n m&aacute;s el tiempo de inactividad. <\/p><h3 data-start=\"2992\" data-end=\"3023\">Escaneado de alto rendimiento<\/h3><p data-start=\"3024\" data-end=\"3183\">Con varias opciones de motor de escaneado, la CK65 puede leer c&oacute;digos de barras en condiciones dif&iacute;ciles, como etiquetas da&ntilde;adas o escaneado de largo alcance en grandes almacenes.<\/p><h3 data-start=\"3185\" data-end=\"3219\">Opciones de adquisici&oacute;n flexibles<\/h3><p data-start=\"3220\" data-end=\"3489\">Las empresas pueden elegir entre <strong data-start=\"3266\" data-end=\"3283\">unidades<\/strong> econ&oacute;micas <strong data-start=\"3266\" data-end=\"3283\">EX-DEMO<\/strong>, que son dispositivos de demostraci&oacute;n poco manipulados, y <strong data-start=\"3329\" data-end=\"3349\">unidades NUEVAS EN CAJA<\/strong>, selladas de f&aacute;brica y nunca utilizadas. Esto permite a las empresas ajustar sus presupuestos a sus necesidades operativas sin comprometer la calidad. <\/p><h2 data-start=\"3491\" data-end=\"3530\">Casos de uso ideales para Honeywell CK65<\/h2><ul data-start=\"3532\" data-end=\"4016\">\n<li data-start=\"3532\" data-end=\"3641\">\n<p data-start=\"3534\" data-end=\"3641\"><strong data-start=\"3534\" data-end=\"3566\">Almacenamiento y distribuci&oacute;n<\/strong>: escaneado fiable y acceso a datos en entornos log&iacute;sticos exigentes.<\/p>\n<\/li>\n<li data-start=\"3642\" data-end=\"3728\">\n<p data-start=\"3644\" data-end=\"3728\"><strong data-start=\"3644\" data-end=\"3661\">Fabricaci&oacute;n<\/strong> &ndash; Construido para soportar vibraciones, polvo y condiciones industriales.<\/p>\n<\/li>\n<li data-start=\"3729\" data-end=\"3828\">\n<p data-start=\"3731\" data-end=\"3828\"><strong data-start=\"3731\" data-end=\"3772\">Entornos de almacenamiento en fr&iacute;o y congelaci&oacute;n<\/strong>: su dise&ntilde;o rugged admite rangos de temperatura ampliados.<\/p>\n<\/li>\n<li data-start=\"3829\" data-end=\"3930\">\n<p data-start=\"3831\" data-end=\"3930\"><strong data-start=\"3831\" data-end=\"3862\">Servicio de campo y log&iacute;stica<\/strong>: conectividad inal&aacute;mbrica y bater&iacute;a de larga duraci&oacute;n para trabajadores m&oacute;viles.<\/p>\n<\/li>\n<li data-start=\"3931\" data-end=\"4016\">\n<p data-start=\"3933\" data-end=\"4016\"><strong data-start=\"3933\" data-end=\"3963\">Operaciones de trastienda en comercios<\/strong>: escaneado eficaz de c&oacute;digos de barras y gesti&oacute;n de existencias.<\/p>\n<\/li>\n<\/ul><h2 data-start=\"4018\" data-end=\"4071\">Comparaci&oacute;n de productos: Alternativas Honeywell CK65<\/h2><p data-start=\"4073\" data-end=\"4177\">Para las empresas que buscan dispositivos de mano rugged, Micro Nordic ofrece otros productos relevantes:<\/p><ul data-start=\"4179\" data-end=\"4552\">\n<li data-start=\"4179\" data-end=\"4302\">\n<p data-start=\"4181\" data-end=\"4302\"><a href=\"https:\/\/micronordic.com\/product\/zebra-tc58-handheld-mobile-computer\/\"><strong data-start=\"4181\" data-end=\"4218\">Zebra TC58 Rugged Handheld Mobile Computer (Terminal port&aacute;til robusto).<\/strong><\/a> &ndash; Un ordenador de mano Android de &uacute;ltima generaci&oacute;n con conectividad 5G para flujos de trabajo avanzados.<\/p>\n<\/li>\n<li data-start=\"4303\" data-end=\"4434\">\n<p data-start=\"4305\" data-end=\"4434\"><a href=\"https:\/\/micronordic.com\/product\/honeywell-dolphin-ct40-mobile-handheld-computer\/\"><strong>Honeywell Dolphin CT40<\/strong><\/a> &ndash; Un dispositivo de mano rugged vers&aacute;til compatible con Android y con seguridad avanzada para la movilidad empresarial.<\/p>\n<\/li>\n<li data-start=\"4435\" data-end=\"4552\">\n<p data-start=\"4437\" data-end=\"4552\"><a href=\"https:\/\/micronordic.com\/product\/zebra-mc9300-mobile-handheld-computer-refurbished\/\"><strong data-start=\"4437\" data-end=\"4478\">Zebra MC9300 Rugged Handheld Mobile Computer<\/strong> <\/a>&ndash; Un dispositivo m&aacute;s grande y ultrarresistente dise&ntilde;ado para uso industrial intensivo.<\/p>\n<\/li>\n<\/ul>\n","protected":false},"excerpt":{"rendered":"<p>SELECCIONE UNA VARIANTE Ll\u00e1menos si necesita ayuda para encontrar la variante de producto adecuada. <\/p>\n<h3>Especificaciones:<\/h3>\n<ul>\n<li><strong>Pantalla:<\/strong> 4\u2033 WVGA (480\u00d7800), legible a la luz del sol, t\u00e1ctil para guantes.<\/li>\n<li><strong>Procesador:<\/strong> Qualcomm\u00ae SD660 octa-core, 2,2 GHz<\/li>\n<li><strong>Gr\u00e1ficos:<\/strong> GPU Adreno\u2122 512 integrada<\/li>\n<li><strong>Memoria:<\/strong> 3 GB \/ 4 GB RAM<\/li>\n<li><strong>Almacenamiento:<\/strong> 32 GB \/ 64 GB flash, microSD de hasta 512 GB<\/li>\n<li><strong>Conectividad:<\/strong> Wi-Fi 802.11 a\/b\/g\/n\/ac, Bluetooth 5.0, 4G LTE opcional<\/li>\n<li><strong>Certificaciones rugged:<\/strong> MIL-STD-810G, IP65 e IP68, resistencia a ca\u00eddas de 3 m, 3.000 volteretas<\/li>\n<li><strong>Opciones de escaneado:<\/strong> N6703, N6803FR, EX20 1D\/2D imagers<\/li>\n<li><strong>Bater\u00eda:<\/strong> 7.000 mAh de iones de litio, hasta 28 horas de autonom\u00eda<\/li>\n<li><strong>Dimensiones y peso:<\/strong> 22,2 \u00d7 8,3 \u00d7 4,2 cm, 584 g aprox. <\/li>\n<li><strong><strong><strong>Garant\u00eda: <\/strong><\/strong><\/strong>Disponible como EX-DEMO con 12 meses de garant\u00eda o NUEVO EN CAJA con 2 a\u00f1os de garant\u00eda.<\/li>\n<\/ul>\n<p><strong>Elija el modelo correcto antes de a\u00f1adirlo a la cesta.<\/strong><\/p>\n","protected":false},"author":24,"featured_media":100570,"template":"","meta":{"_acf_changed":false,"inline_featured_image":false},"product-condition":[5283],"product_brand":[8972],"product_cat":[5116,5122,5115],"product_tag":[],"class_list":{"0":"post-45958","1":"product","2":"type-product","3":"status-publish","4":"has-post-thumbnail","6":"product-condition-ex-demo","7":"product_brand-honeywell-intermec","8":"product_cat-honeywell-intermec","9":"product_cat-all-barcode-scanners","10":"product_cat-refurbished-rugged-hardware","11":"pa_model-part-number-ck65-l0n-amn210e","12":"pa_model-part-number-ck65-l0n-asn210e","13":"pa_model-part-number-ck65-l0n-b8c214e","14":"pa_model-part-number-ck65-l0n-bsc210e","15":"pa_model-part-number-ck65-l0n-cmn210e","16":"pa_model-part-number-ck65-l0n-dmc210e","17":"pa_model-part-number-ck65-l0n-e8c214e","19":"first","20":"instock","21":"taxable","22":"shipping-taxable","23":"purchasable","24":"product-type-variable","25":"has-default-attributes"},"acf":[],"_links":{"self":[{"href":"https:\/\/micronordic.com\/es\/wp-json\/wp\/v2\/product\/45958","targetHints":{"allow":["GET"]}}],"collection":[{"href":"https:\/\/micronordic.com\/es\/wp-json\/wp\/v2\/product"}],"about":[{"href":"https:\/\/micronordic.com\/es\/wp-json\/wp\/v2\/types\/product"}],"author":[{"embeddable":true,"href":"https:\/\/micronordic.com\/es\/wp-json\/wp\/v2\/users\/24"}],"version-history":[{"count":2,"href":"https:\/\/micronordic.com\/es\/wp-json\/wp\/v2\/product\/45958\/revisions"}],"predecessor-version":[{"id":98107,"href":"https:\/\/micronordic.com\/es\/wp-json\/wp\/v2\/product\/45958\/revisions\/98107"}],"wp:featuredmedia":[{"embeddable":true,"href":"https:\/\/micronordic.com\/es\/wp-json\/wp\/v2\/media\/100570"}],"wp:attachment":[{"href":"https:\/\/micronordic.com\/es\/wp-json\/wp\/v2\/media?parent=45958"}],"wp:term":[{"taxonomy":"product-condition","embeddable":true,"href":"https:\/\/micronordic.com\/es\/wp-json\/wp\/v2\/product-condition?post=45958"},{"taxonomy":"product_brand","embeddable":true,"href":"https:\/\/micronordic.com\/es\/wp-json\/wp\/v2\/product_brand?post=45958"},{"taxonomy":"product_cat","embeddable":true,"href":"https:\/\/micronordic.com\/es\/wp-json\/wp\/v2\/product_cat?post=45958"},{"taxonomy":"product_tag","embeddable":true,"href":"https:\/\/micronordic.com\/es\/wp-json\/wp\/v2\/product_tag?post=45958"}],"curies":[{"name":"wp","href":"https:\/\/api.w.org\/{rel}","templated":true}]}}