{"id":45940,"date":"2022-07-22T15:50:54","date_gmt":"2022-07-22T13:50:54","guid":{"rendered":"https:\/\/micronordic.com\/product\/terminal-portatil-honeywell-ct40-xp-reacondicionado\/"},"modified":"2025-11-17T17:11:52","modified_gmt":"2025-11-17T16:11:52","slug":"honeywell-ct40xp-mobile-handheld-computer-refurbished","status":"publish","type":"product","link":"https:\/\/micronordic.com\/es\/product\/honeywell-ct40xp-mobile-handheld-computer-refurbished\/","title":{"rendered":"Honeywell CT40 XP Handheld Mobile Computer (EX-DEMO)"},"content":{"rendered":"<?xml encoding=\"utf-8\" ?><h2 data-start=\"324\" data-end=\"379\">Honeywell Dolphin CT40 XP Handheld Mobile Computer<\/h2><p data-start=\"381\" data-end=\"730\"><strong data-start=\"385\" data-end=\"439\">Honeywell Dolphin CT40 XP Handheld Mobile<\/strong> es un dispositivo vers&aacute;til de clase empresarial dise&ntilde;ado para mejorar la productividad, la conectividad y la experiencia del usuario en flujos de trabajo exigentes. Combinando la ergonom&iacute;a de un smartphone con una durabilidad rugged, el CT40 XP es compatible con las modernas aplicaciones Android&trade; y ofrece un rendimiento empresarial a largo plazo. <\/p><p data-start=\"732\" data-end=\"798\">En <strong data-start=\"735\" data-end=\"751\">Micro Nordic<\/strong>, la CT40 XP est&aacute; disponible en dos condiciones:<\/p><ul data-start=\"799\" data-end=\"1134\">\n<li data-start=\"799\" data-end=\"875\">\n<p data-start=\"801\" data-end=\"875\"><strong data-start=\"801\" data-end=\"818\">NUEVO EN CAJA :<\/strong> Una unidad sellada de f&aacute;brica con <strong>garant&iacute;a<\/strong> completa <strong>del fabricante de 2 a&ntilde;os.<\/strong><\/p>\n<\/li>\n<li data-start=\"876\" data-end=\"1134\">\n<p data-start=\"878\" data-end=\"1134\"><strong data-start=\"878\" data-end=\"890\">EX-DEMO:<\/strong> Una unidad rebajada que ha sido ligeramente utilizada con fines de demostraci&oacute;n, con carcasa y digitalizadores sustituidos. Todos los accesorios est&aacute;ndar est&aacute;n incluidos a menos que se indique lo contrario. Las unidades EX-DEMO tienen una <strong>garant&iacute;a de 12 meses.<\/strong>  <\/p>\n<\/li>\n<\/ul><p data-start=\"1136\" data-end=\"1308\">Esta doble oferta ofrece a las organizaciones la posibilidad de elegir entre el <strong data-start=\"1198\" data-end=\"1221\">&uacute;ltimo stock sellado<\/strong> o una <strong data-start=\"1227\" data-end=\"1262\">alternativa EX-DEMO que ahorra costes<\/strong> y sigue ofreciendo fiabilidad empresarial.<\/p><h2 data-start=\"1310\" data-end=\"1352\">Caracter&iacute;sticas principales de Honeywell CT40 XP<\/h2><ul data-start=\"1354\" data-end=\"2402\">\n<li data-start=\"1354\" data-end=\"1461\">\n<p data-start=\"1356\" data-end=\"1461\"><strong data-start=\"1356\" data-end=\"1381\">Dise&ntilde;o rugged compacto<\/strong>: ligero y ergon&oacute;mico, dise&ntilde;ado para el comercio minorista, la log&iacute;stica y la movilidad sobre el terreno.<\/p>\n<\/li>\n<li data-start=\"1462\" data-end=\"1579\">\n<p data-start=\"1464\" data-end=\"1579\"><strong data-start=\"1464\" data-end=\"1478\">Durabilidad<\/strong> &ndash; Probado con MIL-STD-810G, resistencia a ca&iacute;das de 1,8 m (con bota) y sellado IP67 contra polvo y agua.<\/p>\n<\/li>\n<li data-start=\"1580\" data-end=\"1689\">\n<p data-start=\"1582\" data-end=\"1689\"><strong data-start=\"1582\" data-end=\"1593\">Pantalla<\/strong> &ndash; Pantalla t&aacute;ctil HD de 5 pulgadas con legibilidad en exteriores, manejable con guantes y en condiciones de humedad.<\/p>\n<\/li>\n<li data-start=\"1690\" data-end=\"1826\">\n<p data-start=\"1692\" data-end=\"1826\"><strong data-start=\"1692\" data-end=\"1707\">Rendimiento<\/strong>: el procesador octa-core Qualcomm Snapdragon&reg; 660 garantiza una multitarea fluida y un rendimiento preparado para Android Enterprise.<\/p>\n<\/li>\n<li data-start=\"1827\" data-end=\"1948\">\n<p data-start=\"1829\" data-end=\"1948\"><strong data-start=\"1829\" data-end=\"1849\">Sistema operativo<\/strong> &ndash; Se entrega con Android 9, actualizable hasta Android 11 y m&aacute;s all&aacute; con Honeywell Mobility Edge&trade;.<\/p>\n<\/li>\n<li data-start=\"1949\" data-end=\"2062\">\n<p data-start=\"1951\" data-end=\"2062\"><strong data-start=\"1951\" data-end=\"1967\">Captura de datos<\/strong>: lector de im&aacute;genes Honeywell FlexRange&trade; integrado para escanear r&aacute;pidamente c&oacute;digos de barras a corta y larga distancia.<\/p>\n<\/li>\n<li data-start=\"2063\" data-end=\"2191\">\n<p data-start=\"2065\" data-end=\"2191\"><strong data-start=\"2065\" data-end=\"2081\">Duraci&oacute;n de la bater&iacute;a<\/strong>: bater&iacute;a inteligente de alta capacidad dise&ntilde;ada para funcionar a pleno rendimiento, con soporte intercambiable en caliente para un uso prolongado.<\/p>\n<\/li>\n<li data-start=\"2192\" data-end=\"2262\">\n<p data-start=\"2194\" data-end=\"2262\"><strong data-start=\"2194\" data-end=\"2210\">Conectividad<\/strong>: Wi-Fi, Bluetooth 5.0, 4G LTE opcional y NFC.<\/p>\n<\/li>\n<li data-start=\"2263\" data-end=\"2402\">\n<p data-start=\"2265\" data-end=\"2402\"><strong data-start=\"2265\" data-end=\"2293\">Seguridad y capacidad de gesti&oacute;n<\/strong>: la plataforma Honeywell Mobility Edge&trade; proporciona parches de seguridad de ciclo de vida y gesti&oacute;n centralizada de dispositivos.<\/p>\n<\/li>\n<\/ul><h2 data-start=\"2404\" data-end=\"2436\">Principales ventajas de la CT40 XP<\/h2><h3 data-start=\"2438\" data-end=\"2462\">Robusto pero compacto<\/h3><p data-start=\"2463\" data-end=\"2668\">La CT40 XP logra el equilibrio entre el factor de forma de consumo y la protecci&oacute;n rugged. Soporta ca&iacute;das diarias, vibraciones y exposici&oacute;n al polvo, sin dejar de ser delgada y port&aacute;til para los trabajadores de primera l&iacute;nea. <\/p><h3 data-start=\"2670\" data-end=\"2696\">Productividad durante todo el d&iacute;a<\/h3><p data-start=\"2697\" data-end=\"2921\">Un potente procesador Snapdragon, combinado con una bater&iacute;a de larga duraci&oacute;n y funciones intercambiables en caliente, garantiza un funcionamiento ininterrumpido durante turnos completos. Los trabajadores permanecen conectados y productivos, incluso en entornos de alta exigencia. <\/p><h3 data-start=\"2923\" data-end=\"2952\">Captura de datos empresariales<\/h3><p data-start=\"2953\" data-end=\"3162\">El esc&aacute;ner FlexRange&trade; integrado lee r&aacute;pidamente c&oacute;digos de barras a m&uacute;ltiples distancias, incluso cuando est&aacute;n da&ntilde;ados o mal impresos. Esto facilita la gesti&oacute;n del inventario minorista, los flujos de trabajo log&iacute;sticos y la recopilaci&oacute;n de datos sobre el terreno. <\/p><h3 data-start=\"3164\" data-end=\"3194\">Android Enterprise Ready<\/h3><p data-start=\"3195\" data-end=\"3388\">Con Honeywell Mobility Edge&trade;, las empresas se benefician de una mayor compatibilidad con Android y de actualizaciones de seguridad peri&oacute;dicas. Esto prolonga el ciclo de vida del dispositivo en comparaci&oacute;n con los smartphones de consumo. <\/p><h3 data-start=\"3390\" data-end=\"3438\">Flexibilidad para ahorrar costes con las unidades EX-DEMO<\/h3><p data-start=\"3439\" data-end=\"3679\">Las versiones EX-DEMO de la CT40 XP ofrecen a las organizaciones la posibilidad de adquirir un dispositivo totalmente funcional a un precio reducido. Con nuevas carcasas y digitalizadores, estas unidades parecen nuevas y ofrecen una alternativa econ&oacute;mica. <\/p><h2 data-start=\"3681\" data-end=\"3701\">Casos de uso ideales<\/h2><ul data-start=\"3703\" data-end=\"4096\">\n<li data-start=\"3703\" data-end=\"3792\">\n<p data-start=\"3705\" data-end=\"3792\"><strong data-start=\"3705\" data-end=\"3729\">Comercio minorista y hosteler&iacute;a<\/strong> &ndash; TPV m&oacute;vil, gesti&oacute;n de inventario y captaci&oacute;n de clientes.<\/p>\n<\/li>\n<li data-start=\"3793\" data-end=\"3891\">\n<p data-start=\"3795\" data-end=\"3891\"><strong data-start=\"3795\" data-end=\"3820\">Transporte y log&iacute;stica<\/strong> &ndash; Escaneado y comunicaci&oacute;n en tiempo real en almacenes o en movimiento.<\/p>\n<\/li>\n<li data-start=\"3892\" data-end=\"3984\">\n<p data-start=\"3894\" data-end=\"3984\"><strong data-start=\"3894\" data-end=\"3911\">Servicio sobre el terreno<\/strong>: captura de datos y conectividad fiables para los t&eacute;cnicos sobre el terreno.<\/p>\n<\/li>\n<li data-start=\"3985\" data-end=\"4096\">\n<p data-start=\"3987\" data-end=\"4096\"><strong data-start=\"3987\" data-end=\"4001\">Sanidad<\/strong> &ndash; Duraderas pero ligeras, adecuadas para flujos de trabajo de atenci&oacute;n al paciente (con accesorios espec&iacute;ficos).<\/p>\n<\/li>\n<\/ul><h2 data-start=\"4098\" data-end=\"4154\">Comparaci&oacute;n de productos: Alternativas a Honeywell CT40 XP<\/h2><p data-start=\"4156\" data-end=\"4263\">Las organizaciones que est&eacute;n considerando alternativas a la CT40 XP pueden explorar otros dispositivos de mano rugged en Micro Nordic:<\/p><ul data-start=\"4265\" data-end=\"4672\">\n<li data-start=\"4265\" data-end=\"4407\">\n<p data-start=\"4267\" data-end=\"4407\"><a href=\"https:\/\/micronordic.com\/product\/zebra-tc52-mobile-handheld-computer-refurbished\/\"><strong data-start=\"4267\" data-end=\"4316\">Zebra TC52 Handheld Mobile Computer <\/strong><\/a> &ndash; Un dispositivo Android de probada eficacia disponible reacondicionado, ideal para compradores preocupados por los costes.<\/p>\n<\/li>\n<li data-start=\"4408\" data-end=\"4539\">\n<p data-start=\"4410\" data-end=\"4539\"><a href=\"https:\/\/micronordic.com\/product\/zebra-tc58-handheld-mobile-computer\/\"><strong data-start=\"4410\" data-end=\"4453\">Zebra TC58 Handheld Mobile Computer. <\/strong><\/a> &ndash; Una computadora de mano Android de &uacute;ltima generaci&oacute;n con conectividad 5G y procesamiento m&aacute;s potente.<\/p>\n<\/li>\n<li><a href=\"https:\/\/micronordic.com\/product\/honeywell-ck65-mobile-handheld-computer-refurbished\/\"><strong data-start=\"4542\" data-end=\"4585\">Terminal port&aacute;til Honeywell CK65 <\/strong><\/a><strong data-start=\"4542\" data-end=\"4585\"><a href=\"https:\/\/micronordic.com\/product\/honeywell-ck65-mobile-handheld-computer-refurbished\/\">Terminal port&aacute;til<\/a><\/strong> &ndash; Un terminal port&aacute;til rugged de mayor tama&ntilde;o con mayor alcance de escaneado y opciones de teclado f&iacute;sico.<\/li>\n<\/ul>\n","protected":false},"excerpt":{"rendered":"<p>SELECCIONE UNA VARIANTE Ll\u00e1menos si necesita ayuda para encontrar la variante de producto adecuada. <\/p>\n<h3>Especificaciones:<\/h3>\n<ul>\n<li><strong>Pantalla:<\/strong> 5\u2033 HD (1280\u00d7720), legible a la luz del sol, compatible con guantes y tacto h\u00famedo.<\/li>\n<li><strong>Procesador:<\/strong> Qualcomm Snapdragon\u00ae 660 octa-core, 2,2 GHz<\/li>\n<li><strong>Gr\u00e1ficos:<\/strong> GPU Adreno<\/li>\n<li><strong>Memoria:<\/strong> 3 GB o 4 GB de RAM<\/li>\n<li><strong>Almacenamiento:<\/strong> 32 GB o 64 GB flash, ampliable mediante microSD<\/li>\n<li><strong>Conectividad:<\/strong> Wi-Fi, Bluetooth 5.0, 4G LTE opcional, NFC<\/li>\n<li><strong>Certificaciones rugged:<\/strong> MIL-STD-810G, IP67, resistencia a ca\u00eddas de 1,8 m (con bota)<\/li>\n<li><strong>Seguridad:<\/strong> Honeywell Mobility Edge\u2122, compatibilidad peri\u00f3dica con parches de Android.<\/li>\n<li><strong>Bater\u00eda:<\/strong> 4040 mAh Li-ion extra\u00edble, intercambiable en caliente<\/li>\n<li><strong>Dimensiones y peso:<\/strong> 162 \u00d7 77 \u00d7 18 mm, 280 g aprox. <\/li>\n<li><strong>Garant\u00eda:<\/strong> NUEVO EN CAJA con 2 a\u00f1os de garant\u00eda, EX-DEMO con 12 meses de garant\u00eda limitada<\/li>\n<\/ul>\n<p><strong>Elija el modelo correcto antes de a\u00f1adirlo a la cesta.<\/strong><\/p>\n","protected":false},"author":24,"featured_media":100510,"template":"","meta":{"_acf_changed":false,"inline_featured_image":false},"product-condition":[5283],"product_brand":[8972],"product_cat":[5116,5122,5115],"product_tag":[],"class_list":{"0":"post-45940","1":"product","2":"type-product","3":"status-publish","4":"has-post-thumbnail","6":"product-condition-ex-demo","7":"product_brand-honeywell-intermec","8":"product_cat-honeywell-intermec","9":"product_cat-all-barcode-scanners","10":"product_cat-refurbished-rugged-hardware","11":"pa_model-part-number-ct40p-l0n-26r11ae","12":"pa_model-part-number-ct40p-l0n-27r11ae","13":"pa_model-part-number-ct40p-l0n-27r11de","14":"pa_model-part-number-ct40p-l0n-28r11ae","15":"pa_model-part-number-ct40p-l0n-28r11de578","16":"pa_model-part-number-ct40p-l0n-2lr11he","17":"pa_model-part-number-ct40p-l1n-26r11be","18":"pa_model-part-number-ct40p-l1n-27r11be","19":"pa_model-part-number-ct40p-l1n-27r11de578","20":"pa_model-part-number-ct40p-l1n-28r11be","22":"first","23":"instock","24":"taxable","25":"shipping-taxable","26":"purchasable","27":"product-type-variable"},"acf":[],"_links":{"self":[{"href":"https:\/\/micronordic.com\/es\/wp-json\/wp\/v2\/product\/45940","targetHints":{"allow":["GET"]}}],"collection":[{"href":"https:\/\/micronordic.com\/es\/wp-json\/wp\/v2\/product"}],"about":[{"href":"https:\/\/micronordic.com\/es\/wp-json\/wp\/v2\/types\/product"}],"author":[{"embeddable":true,"href":"https:\/\/micronordic.com\/es\/wp-json\/wp\/v2\/users\/24"}],"version-history":[{"count":5,"href":"https:\/\/micronordic.com\/es\/wp-json\/wp\/v2\/product\/45940\/revisions"}],"predecessor-version":[{"id":98209,"href":"https:\/\/micronordic.com\/es\/wp-json\/wp\/v2\/product\/45940\/revisions\/98209"}],"wp:featuredmedia":[{"embeddable":true,"href":"https:\/\/micronordic.com\/es\/wp-json\/wp\/v2\/media\/100510"}],"wp:attachment":[{"href":"https:\/\/micronordic.com\/es\/wp-json\/wp\/v2\/media?parent=45940"}],"wp:term":[{"taxonomy":"product-condition","embeddable":true,"href":"https:\/\/micronordic.com\/es\/wp-json\/wp\/v2\/product-condition?post=45940"},{"taxonomy":"product_brand","embeddable":true,"href":"https:\/\/micronordic.com\/es\/wp-json\/wp\/v2\/product_brand?post=45940"},{"taxonomy":"product_cat","embeddable":true,"href":"https:\/\/micronordic.com\/es\/wp-json\/wp\/v2\/product_cat?post=45940"},{"taxonomy":"product_tag","embeddable":true,"href":"https:\/\/micronordic.com\/es\/wp-json\/wp\/v2\/product_tag?post=45940"}],"curies":[{"name":"wp","href":"https:\/\/api.w.org\/{rel}","templated":true}]}}