{"id":45936,"date":"2022-01-01T13:30:07","date_gmt":"2022-01-01T12:30:07","guid":{"rendered":"https:\/\/micronordic.com\/product\/panasonic-toughbook-fz-g2-fzg2-mk1-nuevo\/"},"modified":"2025-11-18T17:37:09","modified_gmt":"2025-11-18T16:37:09","slug":"panasonic-toughbook-fz-g2","status":"publish","type":"product","link":"https:\/\/micronordic.com\/es\/product\/panasonic-toughbook-fz-g2\/","title":{"rendered":"Panasonic Toughbook FZ-G2 MK1-MK3 (NUEVO)"},"content":{"rendered":"<?xml encoding=\"utf-8\" ?><h2 data-start=\"485\" data-end=\"523\">Panasonic Toughbook FZ-G2 (MK1-MK3)<\/h2><p data-start=\"525\" data-end=\"909\">El <strong data-start=\"529\" data-end=\"558\">Panasonic Toughbook FZ-G2<\/strong> contin&uacute;a el legado de excelencia de Panasonic en inform&aacute;tica rugged, dise&ntilde;ado para profesionales que exigen potencia, flexibilidad y durabilidad en cualquier entorno. Como <strong data-start=\"723\" data-end=\"760\">Tablet Windows de 10,1&Prime; totalmente rugged<\/strong>, combina un rendimiento avanzado con la expansi&oacute;n modular, garantizando un funcionamiento sin problemas en aplicaciones industriales, militares y de servicios de campo. <\/p><p data-start=\"911\" data-end=\"1220\">En <strong data-start=\"914\" data-end=\"930\">Micro Nordic<\/strong>, la <strong data-start=\"936\" data-end=\"945\">FZ-G2<\/strong> est&aacute; disponible en m&uacute;ltiples configuraciones: la &uacute;ltima <strong data-start=\"999\" data-end=\"1020\">versi&oacute;n MK3 (NUEVA)<\/strong> y <strong data-start=\"1034\" data-end=\"1083\">las generaciones<\/strong> anteriores <strong data-start=\"1034\" data-end=\"1083\">MK1 y MK2 (de segunda mano)<\/strong>. Esto da a los clientes la libertad de elegir entre un rendimiento de vanguardia o un valor excepcional con la fiabilidad probada de Panasonic. NUEVO o CERTIFICADO DE OCASI&Oacute;N, que ofrece flexibilidad tanto para los compradores preocupados por el rendimiento como por el presupuesto. Los modelos NUEVOS incluyen una <strong>garant&iacute;a<\/strong> est&aacute;ndar <strong>del fabricante de 3 a&ntilde;os<\/strong>, lo que garantiza la fiabilidad y el soporte a largo plazo, mientras que las unidades CERTIFICADAS DE OCASI&Oacute;N cuentan con una <strong>garant&iacute;a de 12 meses<\/strong>, lo que proporciona un valor excelente respaldado por un reacondicionamiento exhaustivo y pruebas de calidad.   <\/p><h2 data-start=\"1222\" data-end=\"1270\">Caracter&iacute;sticas principales del Panasonic Toughbook FZ-G2<\/h2><ul data-start=\"1272\" data-end=\"2702\">\n<li data-start=\"1272\" data-end=\"1386\">\n<p data-start=\"1274\" data-end=\"1386\"><strong data-start=\"1274\" data-end=\"1297\">Dise&ntilde;o Fully Rugged<\/strong> &ndash; Certificaci&oacute;n MIL-STD-810H e IP65; fabricado para resistir ca&iacute;das, agua, polvo y vibraciones.<\/p>\n<\/li>\n<li data-start=\"1387\" data-end=\"1506\">\n<p data-start=\"1389\" data-end=\"1506\"><strong data-start=\"1389\" data-end=\"1414\">Pantalla t&aacute;ctil QHD de 10,1&Prime;<\/strong>: pantalla legible a la luz del sol de 1000 nits con entrada mediante guante y l&aacute;piz &oacute;ptico para su uso en exteriores.<\/p>\n<\/li>\n<li data-start=\"1507\" data-end=\"1692\">\n<p data-start=\"1509\" data-end=\"1692\"><strong data-start=\"1509\" data-end=\"1539\">Potentes procesadores Intel&reg;<\/strong>: MK1-MK2 equipados con CPU Intel&reg; Core&trade; i5\/i7 de 10&ordf; generaci&oacute;n; MK3 actualizado a Intel&reg; Core&trade; i5\/i7 de 12&ordf; generaci&oacute;n con rendimiento y eficiencia energ&eacute;tica mejorados.<\/p>\n<\/li>\n<li data-start=\"1693\" data-end=\"1868\">\n<p data-start=\"1695\" data-end=\"1868\"><strong data-start=\"1695\" data-end=\"1720\">Bah&iacute;a de expansi&oacute;n modular<\/strong>: configurable para esc&aacute;ner de c&oacute;digos de barras, lector de tarjetas inteligentes o puertos adicionales, lo que la convierte en una de las Tablet rugged m&aacute;s personalizables del mercado.<\/p>\n<\/li>\n<li data-start=\"1869\" data-end=\"2002\">\n<p data-start=\"1871\" data-end=\"2002\"><strong data-start=\"1871\" data-end=\"1902\">Soporte de teclado desmontable<\/strong>: se transforma f&aacute;cilmente en una robusta estaci&oacute;n de trabajo 2 en 1 cuando se combina con la base para teclado opcional.<\/p>\n<\/li>\n<li data-start=\"2003\" data-end=\"2129\">\n<p data-start=\"2005\" data-end=\"2129\"><strong data-start=\"2005\" data-end=\"2030\">Conectividad avanzada<\/strong>: Wi-Fi 6, Bluetooth 5.1, 4G\/5G LTE opcional, GPS y puertos heredados para una compatibilidad universal.<\/p>\n<\/li>\n<li data-start=\"2130\" data-end=\"2239\">\n<p data-start=\"2132\" data-end=\"2239\"><strong data-start=\"2132\" data-end=\"2164\">Sistema de bater&iacute;a intercambiable en caliente<\/strong>: permite un funcionamiento ininterrumpido durante turnos largos, incluso sobre el terreno.<\/p>\n<\/li>\n<li data-start=\"2240\" data-end=\"2362\">\n<p data-start=\"2242\" data-end=\"2362\"><strong data-start=\"2242\" data-end=\"2265\">Seguridad empresarial<\/strong>: TPM 2.0, Windows Hello, esc&aacute;ner de huellas dactilares y compatibilidad opcional con lector de tarjetas inteligentes o RFID.<\/p>\n<\/li>\n<li data-start=\"2363\" data-end=\"2556\">\n<p data-start=\"2365\" data-end=\"2556\"><strong data-start=\"2365\" data-end=\"2401\">Disponibilidad de segunda mano certificada<\/strong>: las unidades MK1 y MK2 reacondicionadas profesionalmente se someten a pruebas exhaustivas y a la sustituci&oacute;n de componentes, por lo que ofrecen un rendimiento casi nuevo a un coste reducido.<\/p>\n<\/li>\n<li data-start=\"2557\" data-end=\"2702\">\n<p data-start=\"2559\" data-end=\"2702\"><strong data-start=\"2559\" data-end=\"2595\">Compatibilidad con accesorios anteriores<\/strong>: admite muchos accesorios de modelos anteriores de la serie FZ-G1 y CF, lo que minimiza los costes de transici&oacute;n de la flota.<\/p>\n<\/li>\n<\/ul><h2 data-start=\"2704\" data-end=\"2752\">Principales ventajas del Panasonic Toughbook FZ-G2<\/h2><h3 data-start=\"2754\" data-end=\"2795\">Dise&ntilde;ado para los entornos m&aacute;s duros<\/h3><p data-start=\"2796\" data-end=\"3088\">El <strong data-start=\"2800\" data-end=\"2819\">Toughbook FZ-G2<\/strong> est&aacute; dise&ntilde;ado para prosperar all&iacute; donde los Tablet de consumo fracasan. Desde la respuesta a emergencias hasta la inspecci&oacute;n industrial, ofrece un rendimiento de misi&oacute;n cr&iacute;tica bajo la lluvia, el polvo y temperaturas extremas, mientras que su sellado IP65 y su chasis rugged de magnesio garantizan una durabilidad a largo plazo. <\/p><h3 data-start=\"3090\" data-end=\"3115\">Flexibilidad modular<\/h3><p data-start=\"3116\" data-end=\"3356\">Pocas Tablet igualan la modularidad de la <strong data-start=\"3138\" data-end=\"3149\">FZ-G2<\/strong>. Sus bah&iacute;as de expansi&oacute;n permiten la personalizaci&oacute;n sobre el terreno, por lo que las empresas pueden a&ntilde;adir esc&aacute;neres de c&oacute;digos de barras, puertos serie o lectores de tarjetas inteligentes en funci&oacute;n del flujo de trabajo, sin necesidad de sustituir todo el dispositivo. <\/p><h3 data-start=\"3358\" data-end=\"3403\">Mayor rendimiento en todas las generaciones<\/h3><p data-start=\"3404\" data-end=\"3676\">El modelo <strong data-start=\"3408\" data-end=\"3421\">MK3 (NUEVO<\/strong> ) introduce las CPU de 12&ordf; generaci&oacute;n de Intel, lo que mejora significativamente la eficiencia energ&eacute;tica y la multitarea. Mientras tanto, las versiones <strong data-start=\"3532\" data-end=\"3567\">MK1 y MK2 de segunda mano<\/strong> siguen ofreciendo una inform&aacute;tica robusta a un coste inferior, lo que las hace ideales para implantaciones con un presupuesto ajustado. <\/p><h3 data-start=\"3678\" data-end=\"3720\">Bater&iacute;a de larga duraci&oacute;n y f&aacute;cil mantenimiento<\/h3><p data-start=\"3721\" data-end=\"3956\">Gracias a las bater&iacute;as intercambiables en caliente y a las fuentes de alimentaci&oacute;n de alta capacidad opcionales, el <strong data-start=\"3794\" data-end=\"3803\">FZ-G2<\/strong> puede funcionar durante toda una jornada laboral, e incluso m&aacute;s. Componentes como las unidades SSD y las bater&iacute;as son reemplazables por el usuario, lo que ampl&iacute;a la vida &uacute;til del producto y reduce el tiempo de inactividad. <\/p><h3 data-start=\"3958\" data-end=\"3984\">Seguro y conectado<\/h3><p data-start=\"3985\" data-end=\"4175\">La seguridad integrada de nivel empresarial mantiene protegidos los datos confidenciales, mientras que la moderna conectividad inal&aacute;mbrica garantiza una comunicaci&oacute;n, captura de datos y acceso remoto sin interrupciones, incluso sobre el terreno.<\/p><h3 data-start=\"4177\" data-end=\"4206\">Opciones de propiedad inteligente<\/h3><p data-start=\"4207\" data-end=\"4530\"><strong data-start=\"4207\" data-end=\"4223\">Micro Nordic<\/strong> ofrece el <strong data-start=\"4237\" data-end=\"4266\">Panasonic Toughbook FZ-G2<\/strong> tanto <em data-start=\"4275\" data-end=\"4280\">NUEVO<\/em> (MK3) como <em data-start=\"4291\" data-end=\"4312\">CERTIFICADO DE OCASI&Oacute;N<\/em> (MK1 &amp; MK2). Cada unidad de segunda mano certificada ha sido totalmente probada, renovada y verificada para ofrecer un alto rendimiento a una fracci&oacute;n del precio original: una opci&oacute;n sostenible y rentable para los usuarios profesionales. <\/p><h2 data-start=\"4532\" data-end=\"4550\">Casos de uso ideales<\/h2><ul data-start=\"4552\" data-end=\"5079\">\n<li data-start=\"4552\" data-end=\"4647\">\n<p data-start=\"4554\" data-end=\"4647\"><strong data-start=\"4554\" data-end=\"4583\">Field Service &amp; Utilities<\/strong> &ndash; Fiable para inspecci&oacute;n, mantenimiento y gesti&oacute;n de activos.<\/p>\n<\/li>\n<li data-start=\"4648\" data-end=\"4754\">\n<p data-start=\"4650\" data-end=\"4754\"><strong data-start=\"4650\" data-end=\"4688\">Seguridad p&uacute;blica y respuesta a emergencias<\/strong>: rendimiento listo para la misi&oacute;n para equipos de polic&iacute;a, bomberos y rescate.<\/p>\n<\/li>\n<li data-start=\"4755\" data-end=\"4871\">\n<p data-start=\"4757\" data-end=\"4871\"><strong data-start=\"4757\" data-end=\"4798\">Fabricaci&oacute;n y operaciones industriales<\/strong> &ndash; Fiabilidad rugged con personalizaci&oacute;n modular para procesos in situ.<\/p>\n<\/li>\n<li data-start=\"4872\" data-end=\"4973\">\n<p data-start=\"4874\" data-end=\"4973\"><strong data-start=\"4874\" data-end=\"4896\">Militar y defensa<\/strong>: rendimiento demostrado en entornos t&aacute;cticos y operativos de alta tensi&oacute;n.<\/p>\n<\/li>\n<li data-start=\"4974\" data-end=\"5079\">\n<p data-start=\"4976\" data-end=\"5079\"><strong data-start=\"4976\" data-end=\"5001\">Transporte y log&iacute;stica<\/strong> &ndash; Acceso y navegaci&oacute;n de datos racionalizados en operaciones de flotas y almacenes.<\/p>\n<\/li>\n<\/ul><h2 data-start=\"5081\" data-end=\"5103\">Comparaci&oacute;n de productos<\/h2><p data-start=\"5105\" data-end=\"5296\">El <strong data-start=\"5109\" data-end=\"5138\">Panasonic Toughbook FZ-G2<\/strong> ofrece una potencia inform&aacute;tica rugged en un dise&ntilde;o compacto y modular. Para las organizaciones que comparan opciones, las alternativas relevantes disponibles en Micro Nordic incluyen: <\/p><ul data-start=\"5298\" data-end=\"5670\">\n<li data-start=\"5298\" data-end=\"5421\">\n<p data-start=\"5300\" data-end=\"5421\"><a href=\"https:\/\/micronordic.com\/product\/panasonic-toughbook-cf-33\/\"><strong data-start=\"5300\" data-end=\"5339\">Panasonic Toughbook CF-33 <\/strong><\/a> &ndash; Un dispositivo 2 en 1 totalmente rugged con teclado desmontable y pantalla m&aacute;s grande de 12&Prime;.<\/p>\n<\/li>\n<li data-start=\"5422\" data-end=\"5550\">\n<p data-start=\"5424\" data-end=\"5550\"><strong data-start=\"5424\" data-end=\"5458\"><a href=\"https:\/\/micronordic.com\/product\/getac-f110-touch-fully-rugged-tablet\/\">Getac F110 Tablet totalmente rugged<\/a><\/strong> &ndash; Una Tablet rugged de 11,6&Prime; que ofrece un mayor espacio de pantalla y un mejor rendimiento de la CPU.<\/p>\n<\/li>\n<li data-start=\"5551\" data-end=\"5670\">\n<p data-start=\"5553\" data-end=\"5670\"><a href=\"https:\/\/micronordic.com\/product\/zebra-et65-rugged-enterprise-tablet\/\"><strong data-start=\"5553\" data-end=\"5592\">Zebra ET65 Rugged Tablet<\/strong> <\/a>&ndash; Una Tablet Android rugged de 12&Prime; construida para la conectividad y los flujos de trabajo en exteriores.<\/p>\n<\/li>\n<\/ul>\n","protected":false},"excerpt":{"rendered":"<h3>Especificaciones:<\/h3>\n<ul>\n<li><strong>Pantalla:<\/strong> Pantalla t\u00e1ctil QHD (1920\u00d71200) de 10,1\u2033, 1.000 nits, compatible con guantes y stylus.<\/li>\n<li><strong>Procesador:<\/strong> Intel\u00ae Core\u2122 i5 \/ i7 (10\u00aa-12\u00aa generaci\u00f3n, dependiendo de la versi\u00f3n MK)<\/li>\n<li><strong>Gr\u00e1ficos:<\/strong> Gr\u00e1ficos Intel\u00ae UHD \/ Iris\u00ae Xe integrados<\/li>\n<li><strong>Memoria:<\/strong> 16 GB RAM (modelo b\u00e1sico, ampliable a 32 GB)<\/li>\n<li><strong>Almacenamiento:<\/strong> 512 GB SSD (modelo base), ampliable a 2 TB NVMe<\/li>\n<li><strong>Conectividad:<\/strong> Wi-Fi 6, Bluetooth 5.1, 4G\/5G LTE opcional, GPS, USB-C, HDMI, LAN.<\/li>\n<li><strong>Certificaciones rugged:<\/strong> MIL-STD-810H, clasificaci\u00f3n IP65, prueba de ca\u00edda de 1,2 m<\/li>\n<li><strong>Seguridad:<\/strong> TPM 2.0, lector de huellas dactilares, Windows Hello, tarjeta inteligente y opciones RFID.<\/li>\n<li><strong>Bater\u00eda:<\/strong> doble bater\u00eda intercambiable en caliente, hasta 18 horas de autonom\u00eda<\/li>\n<li><strong>Dimensiones y peso:<\/strong> 272 \u00d7 196 \u00d7 23,5 mm, aprox. 1,19 kg <\/li>\n<li><strong>Garant\u00eda:<\/strong> 3 a\u00f1os de garant\u00eda (NUEVO) o 12 meses de garant\u00eda (usado certificado)<\/li>\n<\/ul>\n","protected":false},"author":16,"featured_media":100096,"template":"","meta":{"_acf_changed":false,"inline_featured_image":false},"product-condition":[5247],"product_brand":[8978],"product_cat":[5124,5121,5118],"product_tag":[],"class_list":{"0":"post-45936","1":"product","2":"type-product","3":"status-publish","4":"has-post-thumbnail","6":"product-condition-new-in-box","7":"product_brand-panasonic","8":"product_cat-panasonic-toughbook","9":"product_cat-all-rugged-tablets","10":"product_cat-new-in-box-rugged-hardware","12":"first","13":"instock","14":"taxable","15":"shipping-taxable","16":"purchasable","17":"product-type-simple"},"acf":[],"_links":{"self":[{"href":"https:\/\/micronordic.com\/es\/wp-json\/wp\/v2\/product\/45936","targetHints":{"allow":["GET"]}}],"collection":[{"href":"https:\/\/micronordic.com\/es\/wp-json\/wp\/v2\/product"}],"about":[{"href":"https:\/\/micronordic.com\/es\/wp-json\/wp\/v2\/types\/product"}],"author":[{"embeddable":true,"href":"https:\/\/micronordic.com\/es\/wp-json\/wp\/v2\/users\/16"}],"version-history":[{"count":2,"href":"https:\/\/micronordic.com\/es\/wp-json\/wp\/v2\/product\/45936\/revisions"}],"predecessor-version":[{"id":98351,"href":"https:\/\/micronordic.com\/es\/wp-json\/wp\/v2\/product\/45936\/revisions\/98351"}],"wp:featuredmedia":[{"embeddable":true,"href":"https:\/\/micronordic.com\/es\/wp-json\/wp\/v2\/media\/100096"}],"wp:attachment":[{"href":"https:\/\/micronordic.com\/es\/wp-json\/wp\/v2\/media?parent=45936"}],"wp:term":[{"taxonomy":"product-condition","embeddable":true,"href":"https:\/\/micronordic.com\/es\/wp-json\/wp\/v2\/product-condition?post=45936"},{"taxonomy":"product_brand","embeddable":true,"href":"https:\/\/micronordic.com\/es\/wp-json\/wp\/v2\/product_brand?post=45936"},{"taxonomy":"product_cat","embeddable":true,"href":"https:\/\/micronordic.com\/es\/wp-json\/wp\/v2\/product_cat?post=45936"},{"taxonomy":"product_tag","embeddable":true,"href":"https:\/\/micronordic.com\/es\/wp-json\/wp\/v2\/product_tag?post=45936"}],"curies":[{"name":"wp","href":"https:\/\/api.w.org\/{rel}","templated":true}]}}