{"id":45928,"date":"2012-01-21T16:31:38","date_gmt":"2012-01-21T15:31:38","guid":{"rendered":"https:\/\/micronordic.com\/product\/zebra-tc520k-terminal-portatil-de-mano-reacondicionado\/"},"modified":"2025-11-20T16:43:11","modified_gmt":"2025-11-20T15:43:11","slug":"zebra-tc52-mobile-handheld-computer-refurbished","status":"publish","type":"product","link":"https:\/\/micronordic.com\/es\/product\/zebra-tc52-mobile-handheld-computer-refurbished\/","title":{"rendered":"Zebra TC52 Handheld Mobile Computer (EX-DEMO)"},"content":{"rendered":"<?xml encoding=\"utf-8\" ?><h2 data-start=\"0\" data-end=\"57\">Zebra TC52 &ndash; Ordenador t&aacute;ctil para empresas (NUEVO y EX-DEMO)<\/h2><p data-start=\"59\" data-end=\"524\"><strong data-start=\"63\" data-end=\"77\">Zebra TC52<\/strong> es un ordenador t&aacute;ctil Wi-Fi para empresas que combina la ergonom&iacute;a de un smartphone con una aut&eacute;ntica resistencia industrial. Aporta una brillante pantalla de 5 pulgadas, un r&aacute;pido rendimiento Android y escaneado 1D\/2D integrado a flujos de trabajo de primera l&iacute;nea en los que importan la fiabilidad, la seguridad y la gesti&oacute;n sencilla de flotas. Para minoristas, centros de transporte, t&eacute;cnicos de campo y equipos de fabricaci&oacute;n ligera, <strong data-start=\"444\" data-end=\"458\">Zebra TC52<\/strong> ofrece un tiempo de actividad constante en un formato compacto y f&aacute;cil de usar.  <\/p><p data-start=\"526\" data-end=\"1073\">Disponibles en versi&oacute;n NEW-IN-BOX y EX-DEMO. Las unidades NUEVAS EN CAJA vienen de f&aacute;brica con <g id=\"gid_0\">2 a&ntilde;os de garant&iacute;a est&aacute;ndar del fabricante<\/g>. Las unidades EX-DEMO s&oacute;lo se han utilizado brevemente para demostraciones; la mayor&iacute;a se entregan en cajas gen&eacute;ricas limpias (algunas en su embalaje original), suelen incluir accesorios y cables est&aacute;ndar, y tienen los pl&aacute;sticos y digitalizadores delanteros y traseros renovados.  <\/p><p data-start=\"526\" data-end=\"1073\"><strong>Los dispositivos EX-DEMO incluyen una<\/strong> <strong>garant&iacute;a<\/strong><strong>de 12 meses de<\/strong> <strong>Micro Nordic<\/strong>, proporcionando un <strong data-start=\"997\" data-end=\"1011\">Zebra TC52<\/strong> totalmente funcional a un precio atractivo para pilotos o implantaciones sensibles a los costes.<\/p><h2 data-start=\"1075\" data-end=\"1108\">Caracter&iacute;sticas principales del Zebra TC52<\/h2><ul data-start=\"1109\" data-end=\"2529\">\n<li data-start=\"1109\" data-end=\"1262\">\n<p data-start=\"1111\" data-end=\"1262\"><strong data-start=\"1111\" data-end=\"1121\">Rugged<\/strong> &ndash; El sellado IP65\/IP68 y la resistencia a ca&iacute;das probada ayudan al dispositivo a soportar los golpes diarios, las salpicaduras y el polvo en los suelos de los talleres y en las trastiendas.<\/p>\n<\/li>\n<li data-start=\"1263\" data-end=\"1421\">\n<p data-start=\"1265\" data-end=\"1421\"><strong data-start=\"1265\" data-end=\"1286\">Legible a la luz del sol<\/strong>: pantalla multit&aacute;ctil capacitiva de 5,0&Prime; con cubierta de cristal resistente para una mayor visibilidad en exteriores y una mejor respuesta con los dedos desnudos, enguantados o h&uacute;medos.<\/p>\n<\/li>\n<li data-start=\"1422\" data-end=\"1567\">\n<p data-start=\"1424\" data-end=\"1567\"><strong data-start=\"1424\" data-end=\"1438\">Capacidad de respuesta<\/strong>: el octa-core Qualcomm Snapdragon 660 (2,2 GHz) mantiene &aacute;giles el escaneado, las aplicaciones de l&iacute;nea de negocio y los servicios en segundo plano durante todo el turno.<\/p>\n<\/li>\n<li data-start=\"1568\" data-end=\"1713\">\n<p data-start=\"1570\" data-end=\"1713\"><strong data-start=\"1570\" data-end=\"1590\">Calidad empresarial<\/strong>: el generador de im&aacute;genes 1D\/2D integrado captura r&aacute;pidamente incluso los c&oacute;digos de barras desgastados o curvados, incluidos los c&oacute;digos de barras que aparecen en las pantallas de los m&oacute;viles.<\/p>\n<\/li>\n<li data-start=\"1714\" data-end=\"1846\">\n<p data-start=\"1716\" data-end=\"1846\"><strong data-start=\"1716\" data-end=\"1729\">Conectado<\/strong>: 802.11 a\/b\/g\/n\/ac de doble banda (2&times;2 MU-MIMO), Bluetooth 5.0 y NFC mantienen estable la itinerancia y el emparejamiento de perif&eacute;ricos.<\/p>\n<\/li>\n<li data-start=\"1847\" data-end=\"1977\">\n<p data-start=\"1849\" data-end=\"1977\"><strong data-start=\"1849\" data-end=\"1868\">Eficacia energ&eacute;tica<\/strong>: la bater&iacute;a de alta capacidad sustituible in situ, compatible con el intercambio en caliente, reduce el tiempo de inactividad y mantiene a los equipos en movimiento.<\/p>\n<\/li>\n<li data-start=\"1978\" data-end=\"2123\">\n<p data-start=\"1980\" data-end=\"2123\"><strong data-start=\"1980\" data-end=\"1992\">Conectable<\/strong>: las interfaces Pogo-Pin y los robustos soportes permiten una carga y sincronizaci&oacute;n r&aacute;pidas y una carga limpia de flotas de varias ranuras en bancos o trastiendas.<\/p>\n<\/li>\n<li data-start=\"2124\" data-end=\"2259\">\n<p data-start=\"2126\" data-end=\"2259\"><strong data-start=\"2126\" data-end=\"2140\">Gestionable<\/strong> &ndash; Android Enterprise m&aacute;s las herramientas Zebra Mobility DNA simplifican la puesta en escena, las actualizaciones, las pol&iacute;ticas de seguridad y la asistencia remota.<\/p>\n<\/li>\n<li data-start=\"2260\" data-end=\"2387\">\n<p data-start=\"2262\" data-end=\"2387\"><strong data-start=\"2262\" data-end=\"2277\">Mantenimiento<\/strong>: las piezas de desgaste y los accesorios m&aacute;s comunes son f&aacute;ciles de sustituir, lo que prolonga el ciclo de vida y reduce los costes operativos.<\/p>\n<\/li>\n<li data-start=\"2388\" data-end=\"2529\">\n<p data-start=\"2390\" data-end=\"2529\"><strong data-start=\"2390\" data-end=\"2409\">Preparado para el ecosistema<\/strong>: las fundas, los soportes para veh&iacute;culos, los cargadores de una o varias ranuras y los soportes de presentaci&oacute;n adaptan el dispositivo a cualquier tipo de turno.<\/p>\n<\/li>\n<\/ul><h2 data-start=\"2531\" data-end=\"2564\">Principales ventajas del TC52 de Zebra<\/h2><h3 data-start=\"2566\" data-end=\"2605\">Dise&ntilde;ado para los entornos m&aacute;s duros<\/h3><p data-start=\"2606\" data-end=\"2851\">El dispositivo est&aacute; dise&ntilde;ado para prosperar en operaciones ajetreadas: resiste el polvo, la humedad, las vibraciones y las ca&iacute;das accidentales t&iacute;picas de las trastiendas, furgonetas y zonas de carga. Los equipos obtienen un dispositivo fiable para el d&iacute;a a d&iacute;a que reduce las interrupciones relacionadas con el dispositivo. <\/p><h3 data-start=\"2853\" data-end=\"2885\">Pantalla grande, mejores flujos de trabajo<\/h3><p data-start=\"2886\" data-end=\"3150\">Un brillante panel de 5 pulgadas ofrece un amplio espacio para listas de tareas, planogramas y pantallas de inventario o SGA. La capa t&aacute;ctil sensible admite guantes y dedos h&uacute;medos, para que el personal siga siendo productivo bajo la lluvia, en c&aacute;maras frigor&iacute;ficas y en otras condiciones dif&iacute;ciles sin tener que cambiar de herramienta. <\/p><h3 data-start=\"3152\" data-end=\"3186\">Energ&iacute;a para todo el d&iacute;a<\/h3><p data-start=\"3187\" data-end=\"3416\">El procesamiento eficiente, una bater&iacute;a de alta capacidad y la capacidad de intercambio en caliente ayudan a la <strong data-start=\"3268\" data-end=\"3282\">Zebra TC52<\/strong> a cubrir turnos largos. El cambio de bater&iacute;a se realiza en segundos, sin reinicios ni p&eacute;rdida de estado de la aplicaci&oacute;n, lo que permite a los trabajadores centrarse en las tareas y no en los cargadores. <\/p><h3 data-start=\"3418\" data-end=\"3457\">Conectividad y flujo de datos sin fisuras<\/h3><p data-start=\"3458\" data-end=\"3725\">La Wi-Fi empresarial de doble banda con 2&times;2 MU-MIMO, Bluetooth 5.0 y NFC mantienen la capacidad de respuesta de las aplicaciones y la sincronizaci&oacute;n de los perif&eacute;ricos, ya sea escaneando en el borde de la estanter&iacute;a, conciliando entregas o realizando recuentos de ciclos. Las bases Pogo-Pin estandarizan la carga y sincronizaci&oacute;n r&aacute;pidas en todas las flotas. <\/p><h3 data-start=\"3727\" data-end=\"3747\">Listo para flotas<\/h3><p data-start=\"3748\" data-end=\"4021\">La gesti&oacute;n de Android Enterprise, la puesta en escena de Zebra Mobility DNA y las cunas comunes a toda la familia simplifican los despliegues y la asistencia. El departamento de TI puede bloquear configuraciones, enviar actualizaciones y supervisar el estado a escala, mientras que los usuarios se benefician de una ergonom&iacute;a y unos accesorios familiares en todos los modelos. <\/p><h2 data-start=\"4023\" data-end=\"4041\">Casos de uso ideales<\/h2><ul data-start=\"4042\" data-end=\"4719\">\n<li data-start=\"4042\" data-end=\"4177\">\n<p data-start=\"4044\" data-end=\"4177\"><strong data-start=\"4044\" data-end=\"4065\">Operaciones minoristas<\/strong> &ndash; TPV m&oacute;vil, comprobaciones de precios, auditor&iacute;as de estanter&iacute;as e inventario de trastienda con escaneado fiable y Wi-Fi empresarial.<\/p>\n<\/li>\n<li data-start=\"4178\" data-end=\"4313\">\n<p data-start=\"4180\" data-end=\"4313\"><strong data-start=\"4180\" data-end=\"4197\">Servicio de campo<\/strong> &ndash; &Oacute;rdenes de trabajo, b&uacute;squeda de activos y pruebas de servicio cuando se requiere un manejo rugged y una conectividad fiable.<\/p>\n<\/li>\n<li data-start=\"4314\" data-end=\"4448\">\n<p data-start=\"4316\" data-end=\"4448\"><strong data-start=\"4316\" data-end=\"4341\">Transporte y log&iacute;stica<\/strong> &ndash; Ejecuci&oacute;n de rutas, validaci&oacute;n de recogidas y entregas, y captura de c&oacute;digos de barras en furgonetas, dep&oacute;sitos y muelles de carga.<\/p>\n<\/li>\n<li data-start=\"4449\" data-end=\"4588\">\n<p data-start=\"4451\" data-end=\"4588\"><strong data-start=\"4451\" data-end=\"4475\">Hosteler&iacute;a y eventos<\/strong> &ndash; Validaci&oacute;n de entradas, registro de hu&eacute;spedes y pagos m&oacute;viles con intercambio r&aacute;pido de accesorios y control seguro de dispositivos.<\/p>\n<\/li>\n<li data-start=\"4589\" data-end=\"4719\">\n<p data-start=\"4591\" data-end=\"4719\"><strong data-start=\"4591\" data-end=\"4614\">Fabricaci&oacute;n ligera<\/strong> &ndash; Seguimiento de materiales en l&iacute;nea y controles de calidad en los que los dispositivos compactos reducen el volumen y la fatiga del operario.<\/p>\n<\/li>\n<\/ul><h2 data-start=\"4721\" data-end=\"4762\">Comparaciones de productos para Zebra TC52<\/h2><ul data-start=\"4763\" data-end=\"5162\">\n<li data-start=\"4763\" data-end=\"4895\">\n<p data-start=\"4765\" data-end=\"4895\"><a href=\"https:\/\/micronordic.com\/product\/zebra-tc57ho-mobile-handheld-computer-refurbished\/\"><strong data-start=\"4765\" data-end=\"4779\">Zebra TC57<\/strong> <\/a>&ndash; Elija cuando necesite una ergonom&iacute;a similar con m&oacute;vil integrado para equipos de campo y opciones de itinerancia m&aacute;s amplias.<\/p>\n<\/li>\n<li data-start=\"4896\" data-end=\"5024\">\n<p data-start=\"4898\" data-end=\"5024\"><a href=\"https:\/\/micronordic.com\/product\/zebra-tc56-mobile-handheld-computer-refurbished\/\"><strong data-start=\"4898\" data-end=\"4912\">Zebra TC56<\/strong><\/a> &ndash; Consid&eacute;relo para la continuidad de accesorios heredados y la familiaridad con ordenadores t&aacute;ctiles Android en actualizaciones sensibles a los costes.<\/p>\n<\/li>\n<li data-start=\"5025\" data-end=\"5162\">\n<p data-start=\"5027\" data-end=\"5162\"><a href=\"https:\/\/micronordic.com\/product\/honeywell-ct40xp-mobile-handheld-computer-refurbished\/\"><strong data-start=\"5027\" data-end=\"5054\">Honeywell Intermec CT40<\/strong><\/a> &ndash; Eval&uacute;e un factor de forma Android comparable con motores de lectura y ecosistemas de accesorios alternativos.<\/p>\n<\/li>\n<\/ul>\n","protected":false},"excerpt":{"rendered":"<p>SELECCIONE UNA VARIANTE Ll\u00e1menos si necesita ayuda para encontrar la variante de producto adecuada. <\/p>\n<h3>Especificaciones:<\/h3>\n<ul>\n<li><strong>Pantalla:<\/strong> Pantalla t\u00e1ctil capacitiva de 5,0&#8243;, visible en exteriores<\/li>\n<li><strong>Procesador:<\/strong> Qualcomm Snapdragon 660, octa-core 2.2 GHz<\/li>\n<li><strong>Gr\u00e1ficos:<\/strong> Motor gr\u00e1fico integrado<\/li>\n<li><strong>Memoria:<\/strong> 4 GB RAM<\/li>\n<li><strong>Almacenamiento:<\/strong> 32 GB flash, ampliaci\u00f3n microSD<\/li>\n<li><strong>Conectividad:<\/strong> Wi-Fi 802.11 a\/b\/g\/n\/ac (2\u00d72), Bluetooth 5.0, NFC<\/li>\n<li><strong>Certificaciones rugged:<\/strong> Sellado IP65\/IP68, ca\u00eddas probadas<\/li>\n<li><strong>Seguridad:<\/strong> Funciones Android Enterprise, gesti\u00f3n a nivel de dispositivo<\/li>\n<li><strong>Bater\u00eda:<\/strong> Li-ion reemplazable, warm-swappable<\/li>\n<li><strong>Dimensiones y peso:<\/strong> 155 \u00d7 75,5 \u00d7 18,6 mm, 250 g aprox. <\/li>\n<li><strong>Garant\u00eda:<\/strong> NUEVA garant\u00eda est\u00e1ndar del fabricante de 2 a\u00f1os; EX-DEMO de 12 meses de Micro Nordic<\/li>\n<\/ul>\n<p><strong>Elija el modelo correcto antes de a\u00f1adirlo a la cesta.<\/strong><\/p>\n","protected":false},"author":16,"featured_media":44218,"template":"","meta":{"_acf_changed":false,"inline_featured_image":false},"product-condition":[5283],"product_brand":[9014],"product_cat":[5117,5122,5115],"product_tag":[3364,3351,3403,3377,3390,3416],"class_list":{"0":"post-45928","1":"product","2":"type-product","3":"status-publish","4":"has-post-thumbnail","6":"product-condition-ex-demo","7":"product_brand-zebra","8":"product_cat-zebra","9":"product_cat-all-barcode-scanners","10":"product_cat-refurbished-rugged-hardware","11":"product_tag-tc520k-1hezu4p-a6-es","12":"product_tag-tc520k-1pezu4p-a6-es","13":"product_tag-tc520k-1pezu4p-ea-es","14":"product_tag-tc520k-1pezu4p-na-es","15":"product_tag-tc520k-1pfzu4p-a6-es","16":"product_tag-tc520k-1xfmu6p-a6-es","18":"first","19":"instock","20":"taxable","21":"shipping-taxable","22":"purchasable","23":"product-type-variable"},"acf":[],"_links":{"self":[{"href":"https:\/\/micronordic.com\/es\/wp-json\/wp\/v2\/product\/45928","targetHints":{"allow":["GET"]}}],"collection":[{"href":"https:\/\/micronordic.com\/es\/wp-json\/wp\/v2\/product"}],"about":[{"href":"https:\/\/micronordic.com\/es\/wp-json\/wp\/v2\/types\/product"}],"author":[{"embeddable":true,"href":"https:\/\/micronordic.com\/es\/wp-json\/wp\/v2\/users\/16"}],"version-history":[{"count":2,"href":"https:\/\/micronordic.com\/es\/wp-json\/wp\/v2\/product\/45928\/revisions"}],"predecessor-version":[{"id":98720,"href":"https:\/\/micronordic.com\/es\/wp-json\/wp\/v2\/product\/45928\/revisions\/98720"}],"wp:featuredmedia":[{"embeddable":true,"href":"https:\/\/micronordic.com\/es\/wp-json\/wp\/v2\/media\/44218"}],"wp:attachment":[{"href":"https:\/\/micronordic.com\/es\/wp-json\/wp\/v2\/media?parent=45928"}],"wp:term":[{"taxonomy":"product-condition","embeddable":true,"href":"https:\/\/micronordic.com\/es\/wp-json\/wp\/v2\/product-condition?post=45928"},{"taxonomy":"product_brand","embeddable":true,"href":"https:\/\/micronordic.com\/es\/wp-json\/wp\/v2\/product_brand?post=45928"},{"taxonomy":"product_cat","embeddable":true,"href":"https:\/\/micronordic.com\/es\/wp-json\/wp\/v2\/product_cat?post=45928"},{"taxonomy":"product_tag","embeddable":true,"href":"https:\/\/micronordic.com\/es\/wp-json\/wp\/v2\/product_tag?post=45928"}],"curies":[{"name":"wp","href":"https:\/\/api.w.org\/{rel}","templated":true}]}}