{"id":45922,"date":"2020-12-16T10:41:49","date_gmt":"2020-12-16T09:41:49","guid":{"rendered":"https:\/\/micronordic.com\/product\/honeywell-xenon-xp-1952g-cable-con-soporte-nuevo\/"},"modified":"2025-11-18T17:13:20","modified_gmt":"2025-11-18T16:13:20","slug":"honeywell-xenon-xp-1952g-cable-w-stand","status":"publish","type":"product","link":"https:\/\/micronordic.com\/es\/product\/honeywell-xenon-xp-1952g-cable-w-stand\/","title":{"rendered":"Honeywell Xenon XP 1952g Esc\u00e1ner port\u00e1til de c\u00f3digos de barras (NUEVO)"},"content":{"rendered":"<?xml encoding=\"utf-8\" ?><h2 data-start=\"483\" data-end=\"536\">Honeywell Xenon XP 1952g Esc&aacute;ner port&aacute;til de c&oacute;digos de barras<\/h2><p>El <strong data-start=\"542\" data-end=\"570\">Honeywell Xenon XP 1952g<\/strong> es un esc&aacute;ner de c&oacute;digos de barras port&aacute;til de alto rendimiento dise&ntilde;ado para un escaneado r&aacute;pido, fiable e inal&aacute;mbrico en aplicaciones minoristas, log&iacute;sticas, sanitarias e industriales. Combina una avanzada tecnolog&iacute;a de imagen con una comodidad ergon&oacute;mica, lo que garantiza precisi&oacute;n y productividad en cualquier entorno. Disponible ahora en <strong data-start=\"873\" data-end=\"889\">Micro Nordic<\/strong> como unidad totalmente nueva, el Xenon XP 1952g incluye un <strong data-start=\"941\" data-end=\"956\">soporte con cable<\/strong> para un funcionamiento manos libres flexible: una combinaci&oacute;n perfecta de movilidad y estabilidad.  <\/p><p>Los productos nuevos tienen 2 a&ntilde;os de garant&iacute;a del fabricante.<\/p><h2 data-start=\"1039\" data-end=\"1088\">Caracter&iacute;sticas principales de Honeywell Xenon XP 1952g<\/h2><ul data-start=\"1089\" data-end=\"2083\">\n<li data-start=\"1089\" data-end=\"1221\">\n<p data-start=\"1091\" data-end=\"1221\"><strong data-start=\"1091\" data-end=\"1133\">Excepcional rendimiento de escaneado 1D\/2D<\/strong>: captura c&oacute;digos de barras da&ntilde;ados, descoloridos o mal impresos con una precisi&oacute;n l&iacute;der en el sector.<\/p>\n<\/li>\n<li data-start=\"1222\" data-end=\"1315\">\n<p data-start=\"1224\" data-end=\"1315\"><strong data-start=\"1224\" data-end=\"1244\">Libertad sin cables<\/strong>: conectividad inal&aacute;mbrica Bluetooth 5.0 con hasta 30 metros de alcance.<\/p>\n<\/li>\n<li data-start=\"1316\" data-end=\"1439\">\n<p data-start=\"1318\" data-end=\"1439\"><strong data-start=\"1318\" data-end=\"1342\">Soporte con cable incluido<\/strong>: permite escanear con las manos libres, ideal para cajas y estaciones de trabajo.<\/p>\n<\/li>\n<li data-start=\"1440\" data-end=\"1539\">\n<p data-start=\"1442\" data-end=\"1539\"><strong data-start=\"1442\" data-end=\"1468\">Dise&ntilde;o de bajo consumo<\/strong>: bater&iacute;a de larga duraci&oacute;n que admite m&aacute;s de 50.000 exploraciones por carga completa.<\/p>\n<\/li>\n<li data-start=\"1540\" data-end=\"1626\">\n<p data-start=\"1542\" data-end=\"1626\"><strong data-start=\"1542\" data-end=\"1561\">Construcci&oacute;n ergon&oacute;mica<\/strong>: empu&ntilde;adura ligera y equilibrada para un uso c&oacute;modo y prolongado.<\/p>\n<\/li>\n<li data-start=\"1627\" data-end=\"1749\">\n<p data-start=\"1629\" data-end=\"1749\"><strong data-start=\"1629\" data-end=\"1653\">Construcci&oacute;n duradera<\/strong>: clasificaci&oacute;n IP41 y prueba de ca&iacute;das de hasta 1,8 metros para garantizar la fiabilidad en entornos comerciales e industriales.<\/p>\n<\/li>\n<li data-start=\"1750\" data-end=\"1850\">\n<p data-start=\"1752\" data-end=\"1850\"><strong data-start=\"1752\" data-end=\"1782\">Compatibilidad preparada para el futuro<\/strong>: integraci&oacute;n perfecta con sistemas Windows&reg;, Android&trade; e iOS&trade;.<\/p>\n<\/li>\n<li data-start=\"1851\" data-end=\"1967\">\n<p data-start=\"1853\" data-end=\"1967\"><strong data-start=\"1853\" data-end=\"1875\">Opciones de base inteligente<\/strong>: compatible con la base de carga y comunicaci&oacute;n de Honeywell para mejorar la gesti&oacute;n de los dispositivos.<\/p>\n<\/li>\n<li data-start=\"1968\" data-end=\"2083\">\n<p data-start=\"1970\" data-end=\"2083\"><strong data-start=\"1970\" data-end=\"1990\">Modelos disponibles<\/strong>: configuraciones de alta densidad y gama est&aacute;ndar disponibles para satisfacer diversas necesidades de escaneado.<\/p>\n<\/li>\n<\/ul><h2 data-start=\"2085\" data-end=\"2102\">Principales ventajas<\/h2><h3 data-start=\"2104\" data-end=\"2135\">Precisi&oacute;n y rendimiento<\/h3><p data-start=\"2136\" data-end=\"2408\">La avanzada tecnolog&iacute;a de imagen de Honeywell garantiza que la Honeywell Xenon XP 1952g ofrezca escaneados r&aacute;pidos y precisos, incluso cuando los c&oacute;digos de barras est&aacute;n desgastados, manchados o en superficies curvas. Esta precisi&oacute;n reduce el tiempo de inactividad y mejora la productividad en los flujos de trabajo de los sectores minorista, sanitario e industrial. <\/p><h3 data-start=\"2410\" data-end=\"2460\">Libertad inal&aacute;mbrica con manos libres<\/h3><p data-start=\"2461\" data-end=\"2770\">Gracias a la conectividad Bluetooth 5.0, los usuarios pueden moverse libremente en un radio de 30 metros de la estaci&oacute;n base manteniendo una comunicaci&oacute;n estable. El <strong data-start=\"2611\" data-end=\"2626\">soporte con cable<\/strong> incluido permite transiciones r&aacute;pidas entre el escaneado manual y manos libres, lo que lo hace ideal para entornos h&iacute;bridos como cajas o cadenas de montaje. <\/p><h3 data-start=\"2772\" data-end=\"2807\">Dise&ntilde;o rugged pero c&oacute;modo<\/h3><p data-start=\"2808\" data-end=\"3096\">A pesar de su tama&ntilde;o compacto, el 1952g ofrece una durabilidad impresionante, sobreviviendo a ca&iacute;das de hasta 1,8 metros y resistiendo al polvo y la humedad. Su dise&ntilde;o ergon&oacute;mico minimiza la tensi&oacute;n y permite trabajar c&oacute;modamente durante turnos prolongados, algo esencial en entornos comerciales o log&iacute;sticos de gran actividad. <\/p><h3 data-start=\"3098\" data-end=\"3146\">Bater&iacute;a de larga duraci&oacute;n para un funcionamiento continuo<\/h3><p data-start=\"3147\" data-end=\"3369\">Dise&ntilde;ado para escaneos de gran volumen, el eficiente sistema de bater&iacute;as del 1952g admite m&aacute;s de 50.000 escaneos por carga. Las bater&iacute;as de repuesto opcionales se pueden cambiar f&aacute;cilmente, lo que garantiza un rendimiento ininterrumpido en entornos de alta demanda. <\/p><h3 data-start=\"3371\" data-end=\"3404\">Integraci&oacute;n perfecta del sistema<\/h3><p data-start=\"3405\" data-end=\"3666\">El esc&aacute;ner es compatible con los principales sistemas operativos y se integra sin esfuerzo con las plataformas de gesti&oacute;n de puntos de venta y almacenes. El software EZConfig de Honeywell simplifica la configuraci&oacute;n, mientras que las bases inteligentes mejoran la eficiencia de carga y comunicaci&oacute;n en grandes despliegues. <\/p><h2 data-start=\"3668\" data-end=\"3688\">Casos de uso ideales<\/h2><ul data-start=\"3689\" data-end=\"4210\">\n<li data-start=\"3689\" data-end=\"3798\">\n<p data-start=\"3691\" data-end=\"3798\"><strong data-start=\"3691\" data-end=\"3717\">Comercio minorista y puntos de venta<\/strong> &ndash; Escaneado eficaz y manos libres con soporte de cable incluido para cajas r&aacute;pidas.<\/p>\n<\/li>\n<li data-start=\"3799\" data-end=\"3906\">\n<p data-start=\"3801\" data-end=\"3906\"><strong data-start=\"3801\" data-end=\"3826\">Almac&eacute;n y log&iacute;stica<\/strong> &ndash; Escaneado fiable de paquetes y etiquetas de inventario en grandes instalaciones.<\/p>\n<\/li>\n<li data-start=\"3907\" data-end=\"3999\">\n<p data-start=\"3909\" data-end=\"3999\"><strong data-start=\"3909\" data-end=\"3926\">Fabricaci&oacute;n<\/strong>: rendimiento robusto para escaneado de l&iacute;neas de producci&oacute;n y control de calidad.<\/p>\n<\/li>\n<li data-start=\"4000\" data-end=\"4104\">\n<p data-start=\"4002\" data-end=\"4104\"><strong data-start=\"4002\" data-end=\"4016\">Sanidad<\/strong> &ndash; Escaneado preciso e inal&aacute;mbrico de pulseras y etiquetas de medicaci&oacute;n para la seguridad del paciente.<\/p>\n<\/li>\n<li data-start=\"4105\" data-end=\"4210\">\n<p data-start=\"4107\" data-end=\"4210\"><strong data-start=\"4107\" data-end=\"4136\">Servicios de campo y servicios p&uacute;blicos<\/strong>: flexibilidad inal&aacute;mbrica para escanear activos y documentaci&oacute;n sobre la marcha.<\/p>\n<\/li>\n<\/ul><h2 data-start=\"824\" data-end=\"848\">Comparaci&oacute;n de productos<\/h2><p data-start=\"849\" data-end=\"1042\">El Honeywell Xenon XP 1952g ofrece un rendimiento de escaneado y una flexibilidad l&iacute;deres en el sector. Para las empresas que comparan otras opciones de escaneado rugged e inal&aacute;mbrico en <strong data-start=\"1013\" data-end=\"1029\">Micro Nordic<\/strong>, considere: <\/p><ul data-start=\"1043\" data-end=\"1443\">\n<li data-start=\"1043\" data-end=\"1173\">\n<p data-start=\"1045\" data-end=\"1173\"><a href=\"https:\/\/micronordic.com\/product\/honeywell-granit-1981i-bt-w-cradle\/\"><strong data-start=\"1045\" data-end=\"1071\">Honeywell Granit 1981i<\/strong> <\/a>&ndash; Un esc&aacute;ner inal&aacute;mbrico de largo alcance ultrarresistente dise&ntilde;ado para almacenes y condiciones industriales adversas.<\/p>\n<\/li>\n<li data-start=\"1174\" data-end=\"1293\">\n<p data-start=\"1176\" data-end=\"1293\"><a href=\"https:\/\/micronordic.com\/product\/honeywell-granit-1980i-cable-ex-stand\/\"><strong data-start=\"1176\" data-end=\"1202\">Honeywell Granit 1980i<\/strong> <\/a>&ndash; Una variante con cable que ofrece una durabilidad extrema y un alcance de escaneado para puestos de trabajo fijos.<\/p>\n<\/li>\n<li data-start=\"1294\" data-end=\"1443\">\n<p data-start=\"1296\" data-end=\"1443\"><strong data-start=\"1296\" data-end=\"1332\"><a href=\"https:\/\/micronordic.com\/product\/honeywell-granit-1911i-ig-cordless-w-base\/\">Honeywell Granit 1911i<\/a> <\/strong> &ndash; Un esc&aacute;ner industrial inal&aacute;mbrico heredado disponible renovado, que ofrece un gran rendimiento a un coste reducido.<\/p>\n<\/li>\n<\/ul>\n","protected":false},"excerpt":{"rendered":"<h3>Especificaciones:<\/h3>\n<ul>\n<li><strong>Pantalla:<\/strong> N\/A (esc\u00e1ner de c\u00f3digo de barras port\u00e1til)<\/li>\n<li><strong>Conectividad:<\/strong> Bluetooth 5.0 (hasta 30 m de alcance); soporte con cable incluido; compatible con Honeywell Charge &amp; Communication Base; funciona con Windows, Android, iOS<\/li>\n<li><strong>Certificaciones rugged:<\/strong> IP41; prueba de ca\u00edda hasta 1,8 m<\/li>\n<li><strong>Seguridad:<\/strong> Modos est\u00e1ndar de emparejamiento\/autenticaci\u00f3n Bluetooth<\/li>\n<li><strong>Bater\u00eda:<\/strong> M\u00e1s de 50.000 escaneos por carga completa; intercambiable por el usuario<\/li>\n<li><strong>Dimensiones y peso:<\/strong> Port\u00e1til, compacto y ligero<\/li>\n<li><strong>Garant\u00eda: <\/strong>Los productos nuevos tienen 2 a\u00f1os de garant\u00eda del fabricante.<\/li>\n<\/ul>\n","protected":false},"author":16,"featured_media":61104,"template":"","meta":{"_acf_changed":false,"inline_featured_image":false},"product-condition":[5247],"product_brand":[8972],"product_cat":[5116,5122,5118],"product_tag":[4877],"class_list":{"0":"post-45922","1":"product","2":"type-product","3":"status-publish","4":"has-post-thumbnail","6":"product-condition-new-in-box","7":"product_brand-honeywell-intermec","8":"product_cat-honeywell-intermec","9":"product_cat-all-barcode-scanners","10":"product_cat-new-in-box-rugged-hardware","11":"product_tag-wrd-es","13":"first","14":"instock","15":"taxable","16":"shipping-taxable","17":"purchasable","18":"product-type-simple"},"acf":[],"_links":{"self":[{"href":"https:\/\/micronordic.com\/es\/wp-json\/wp\/v2\/product\/45922","targetHints":{"allow":["GET"]}}],"collection":[{"href":"https:\/\/micronordic.com\/es\/wp-json\/wp\/v2\/product"}],"about":[{"href":"https:\/\/micronordic.com\/es\/wp-json\/wp\/v2\/types\/product"}],"author":[{"embeddable":true,"href":"https:\/\/micronordic.com\/es\/wp-json\/wp\/v2\/users\/16"}],"version-history":[{"count":3,"href":"https:\/\/micronordic.com\/es\/wp-json\/wp\/v2\/product\/45922\/revisions"}],"predecessor-version":[{"id":98297,"href":"https:\/\/micronordic.com\/es\/wp-json\/wp\/v2\/product\/45922\/revisions\/98297"}],"wp:featuredmedia":[{"embeddable":true,"href":"https:\/\/micronordic.com\/es\/wp-json\/wp\/v2\/media\/61104"}],"wp:attachment":[{"href":"https:\/\/micronordic.com\/es\/wp-json\/wp\/v2\/media?parent=45922"}],"wp:term":[{"taxonomy":"product-condition","embeddable":true,"href":"https:\/\/micronordic.com\/es\/wp-json\/wp\/v2\/product-condition?post=45922"},{"taxonomy":"product_brand","embeddable":true,"href":"https:\/\/micronordic.com\/es\/wp-json\/wp\/v2\/product_brand?post=45922"},{"taxonomy":"product_cat","embeddable":true,"href":"https:\/\/micronordic.com\/es\/wp-json\/wp\/v2\/product_cat?post=45922"},{"taxonomy":"product_tag","embeddable":true,"href":"https:\/\/micronordic.com\/es\/wp-json\/wp\/v2\/product_tag?post=45922"}],"curies":[{"name":"wp","href":"https:\/\/api.w.org\/{rel}","templated":true}]}}