{"id":45916,"date":"2020-10-06T15:09:00","date_gmt":"2020-10-06T13:09:00","guid":{"rendered":"https:\/\/micronordic.com\/product\/getac-v110-g3-totalmente-robusto-11-6-ip65-mil-std-810g-rs232-nuevo\/"},"modified":"2025-11-18T17:51:37","modified_gmt":"2025-11-18T16:51:37","slug":"getac-v110-g7-touch-fully-rugged-notebook","status":"publish","type":"product","link":"https:\/\/micronordic.com\/es\/product\/getac-v110-g7-touch-fully-rugged-notebook\/","title":{"rendered":"Getac V110 G7 Fully Rugged Laptop (NUEVO)"},"content":{"rendered":"<?xml encoding=\"utf-8\" ?><h2 data-start=\"0\" data-end=\"42\">Getac V110 G7 Fully Rugged Laptop (NUEVO)<\/h2><p data-start=\"44\" data-end=\"707\">El <strong data-start=\"48\" data-end=\"65\">Getac V110 G7<\/strong> es un 2 en 1 compacto y totalmente rugged <strong data-start=\"93\" data-end=\"104\">con Windows<\/strong> dise&ntilde;ado para equipos que se mueven entre muelles de veh&iacute;culos, talleres y lugares al aire libre, sin comprometer el tiempo de actividad ni la seguridad. Como port&aacute;til convertible, cambia sin problemas entre los modos laptop y Tablet, ofreciendo a los usuarios de campo un teclado estable cuando necesitan escribir y una pantalla t&aacute;ctil que pueden manejar con guantes o un l&aacute;piz cuando est&aacute;n en movimiento. Con un rendimiento multiaplicaci&oacute;n de gran capacidad de respuesta, opciones de alimentaci&oacute;n intercambiables en caliente y un ecosistema de accesorios especialmente dise&ntilde;ado para flotas, <strong data-start=\"579\" data-end=\"596\">el V110 G7 de Getac<\/strong> ayuda a las organizaciones a estandarizar en un solo dispositivo la generaci&oacute;n de informes, diagn&oacute;sticos, SIG y flujos de trabajo de misi&oacute;n cr&iacute;tica.  <\/p><p data-start=\"709\" data-end=\"1021\">Ya sea que est&eacute; lanzando nuevos veh&iacute;culos, actualizando una flota antigua o equipando funciones mixtas en seguridad p&uacute;blica, servicios p&uacute;blicos y operaciones industriales, <strong data-start=\"861\" data-end=\"878\">Getac V110 G7<\/strong> ofrece la portabilidad de una Tablet con la familiaridad y velocidad de un laptop, listo para turnos largos, manejo rudo y condiciones clim&aacute;ticas del mundo real.<\/p><p data-start=\"709\" data-end=\"1021\"><strong>Los productos nuevos tienen 3 a&ntilde;os de garant&iacute;a del fabricante.<\/strong><\/p><h2 data-start=\"1023\" data-end=\"1059\">Caracter&iacute;sticas principales del Getac V110 G7<\/h2><ul data-start=\"1060\" data-end=\"3074\">\n<li data-start=\"1060\" data-end=\"1326\">\n<p data-start=\"1062\" data-end=\"1326\"><strong data-start=\"1062\" data-end=\"1092\">Dise&ntilde;o 2 en 1 totalmente rugged<\/strong>: el factor de forma convertible cambia entre laptop y tablet para adaptarse a la tarea; el chasis endurecido, los puertos sellados y las esquinas reforzadas est&aacute;n dise&ntilde;ados para soportar las vibraciones diarias, el polvo, la humedad y los golpes durante el transporte y el uso en veh&iacute;culos.<\/p>\n<\/li>\n<li data-start=\"1327\" data-end=\"1577\">\n<p data-start=\"1329\" data-end=\"1577\"><strong data-start=\"1329\" data-end=\"1364\">Pantalla t&aacute;ctil legible a la luz del sol<\/strong>: el panel legible en exteriores admite la introducci&oacute;n de datos con los dedos, guantes y l&aacute;piz &oacute;ptico para trabajar con precisi&oacute;n en mapas, formularios, esquemas y fotos; los amplios &aacute;ngulos de visi&oacute;n ayudan a los equipos a colaborar hombro con hombro en veh&iacute;culos o bancos.<\/p>\n<\/li>\n<li data-start=\"1578\" data-end=\"1813\">\n<p data-start=\"1580\" data-end=\"1813\"><strong data-start=\"1580\" data-end=\"1606\">Rendimiento con gran capacidad de respuesta<\/strong>: la moderna plataforma multin&uacute;cleo hace que los visores CAD, los diagn&oacute;sticos, el soporte remoto y las aplicaciones de oficina funcionen sin problemas; el r&aacute;pido almacenamiento NVMe y la generosa memoria mantienen la capacidad de respuesta cuando se realizan m&uacute;ltiples tareas sobre el terreno.<\/p>\n<\/li>\n<li data-start=\"1814\" data-end=\"2040\">\n<p data-start=\"1816\" data-end=\"2040\"><strong data-start=\"1816\" data-end=\"1839\">Alimentaci&oacute;n intercambiable en caliente<\/strong>: la arquitectura de doble bater&iacute;a (en las configuraciones compatibles) permite cambiar de bater&iacute;a a mitad de turno sin necesidad de apagar las aplicaciones, lo que protege la continuidad de la sesi&oacute;n para informes de incidentes, inspecciones o captura de pruebas.<\/p>\n<\/li>\n<li data-start=\"2041\" data-end=\"2247\">\n<p data-start=\"2043\" data-end=\"2247\"><strong data-start=\"2043\" data-end=\"2066\">Conectividad moderna<\/strong>: Wi-Fi y Bluetooth fiables para el trabajo in situ, con banda ancha m&oacute;vil y GNSS opcionales para mantener la precisi&oacute;n de las tareas de localizaci&oacute;n y el flujo de datos cuando est&eacute; lejos de la red.<\/p>\n<\/li>\n<li data-start=\"2248\" data-end=\"2457\">\n<p data-start=\"2250\" data-end=\"2457\"><strong data-start=\"2250\" data-end=\"2278\">E\/S y acoplamiento de alta velocidad<\/strong>: la amplia selecci&oacute;n de puertos y los robustos acoplamientos de sobremesa\/veh&iacute;culo agilizan la carga, el uso de perif&eacute;ricos (impresoras, esc&aacute;neres, instrumentos) y las transferencias r&aacute;pidas entre el campo y la oficina.<\/p>\n<\/li>\n<li data-start=\"2458\" data-end=\"2673\">\n<p data-start=\"2460\" data-end=\"2673\"><strong data-start=\"2460\" data-end=\"2496\">Seguridad y gesti&oacute;n empresarial<\/strong>: las protecciones respaldadas por hardware y las opciones de autenticaci&oacute;n se ajustan a las pol&iacute;ticas corporativas; la gesti&oacute;n coherente de im&aacute;genes y perfiles ayuda al departamento de TI a implantar y mantener flotas a escala.<\/p>\n<\/li>\n<li data-start=\"2674\" data-end=\"2868\">\n<p data-start=\"2676\" data-end=\"2868\"><strong data-start=\"2676\" data-end=\"2698\">Dise&ntilde;o de f&aacute;cil mantenimiento<\/strong>: los componentes accesibles mediante herramientas y las bater&iacute;as y el almacenamiento sustituibles in situ simplifican el mantenimiento, reducen el tiempo de inactividad y ampl&iacute;an el valor del ciclo de vida frente a los dispositivos de consumo sellados.<\/p>\n<\/li>\n<li data-start=\"2869\" data-end=\"3074\">\n<p data-start=\"2871\" data-end=\"3074\"><strong data-start=\"2871\" data-end=\"2894\">Ecosistema de accesorios<\/strong>: teclados, soluciones de transporte, bater&iacute;as de repuesto, cargadores y complementos para la captura de datos que permiten adaptar el dispositivo a cada funci&oacute;n, desde patrullas e inspecciones hasta operaciones en almacenes y plantas.<\/p>\n<\/li>\n<\/ul><h2 data-start=\"3076\" data-end=\"3112\">Principales ventajas de la Getac V110 G7<\/h2><h3 data-start=\"3114\" data-end=\"3153\">Dise&ntilde;ado para los entornos m&aacute;s duros<\/h3><p data-start=\"3154\" data-end=\"3341\">Su estructura totalmente rugged resiste vibraciones, ca&iacute;das, polvo y humedad para que el personal pueda trabajar con confianza al aire libre, en veh&iacute;culos y en instalaciones industriales con menos interrupciones relacionadas con el dispositivo.<\/p><h3 data-start=\"3343\" data-end=\"3379\">Velocidad del laptop, flexibilidad del Tablet<\/h3><p data-start=\"3380\" data-end=\"3588\">El dise&ntilde;o convertible ofrece a los usuarios un teclado estable para tareas con muchos datos y una pantalla t&aacute;ctil f&aacute;cil de usar para fotos, firmas y marcas sobre el terreno, lo que reduce la fricci&oacute;n al cambiar de contexto sobre el terreno.<\/p><h3 data-start=\"3590\" data-end=\"3624\">Energ&iacute;a para todo el d&iacute;a<\/h3><p data-start=\"3625\" data-end=\"3785\">Las opciones de bater&iacute;a intercambiable en caliente permiten un tiempo de actividad continuo en turnos largos y traspasos, evitando la p&eacute;rdida de trabajo y los reinicios cuando aumentan los horarios y el volumen de llamadas.<\/p><h3 data-start=\"3787\" data-end=\"3826\">Conectividad y flujo de datos sin fisuras<\/h3><p data-start=\"3827\" data-end=\"4031\">Las potentes opciones inal&aacute;mbricas y el acoplamiento para flotas mantienen los tickets, registros y medios sincronizados en segundo plano. Los supervisores reciben actualizaciones puntuales mientras los equipos se desplazan entre la oficina, los veh&iacute;culos y las ubicaciones remotas. <\/p><h3 data-start=\"4033\" data-end=\"4053\">Listo para flotas<\/h3><p data-start=\"4054\" data-end=\"4248\">La facilidad de acceso al servicio t&eacute;cnico, la coherencia de las im&aacute;genes y un amplio ecosistema de bases de carga\/cargadores reducen el coste total de propiedad. El departamento de TI puede estandarizar las implantaciones, intercambiar piezas r&aacute;pidamente y mantener las unidades cr&iacute;ticas listas para la misi&oacute;n. <\/p><h2 data-start=\"4250\" data-end=\"4268\">Casos de uso ideales<\/h2><ul data-start=\"4269\" data-end=\"4966\">\n<li data-start=\"4269\" data-end=\"4418\">\n<p data-start=\"4271\" data-end=\"4418\"><strong data-start=\"4271\" data-end=\"4301\">Seguridad p&uacute;blica y administraci&oacute;n p&uacute;blica<\/strong>: redacci&oacute;n de informes, acceso CAD\/AVL, descarga de c&aacute;maras corporales\/pruebas y comunicaci&oacute;n segura en veh&iacute;culos y estaciones.<\/p>\n<\/li>\n<li data-start=\"4419\" data-end=\"4579\">\n<p data-start=\"4421\" data-end=\"4579\"><strong data-start=\"4421\" data-end=\"4450\">Field Service &amp; Utilities<\/strong> &ndash; Diagn&oacute;stico de activos, revisi&oacute;n de planos, flujos de trabajo de conmutaci&oacute;n\/inspecci&oacute;n y actualizaciones de &oacute;rdenes de trabajo en armarios, postes y emplazamientos remotos.<\/p>\n<\/li>\n<li data-start=\"4580\" data-end=\"4706\">\n<p data-start=\"4582\" data-end=\"4706\"><strong data-start=\"4582\" data-end=\"4612\">Fabricaci&oacute;n e industria<\/strong> &ndash; Acceso HMI, seguimiento WIP, procedimientos de mantenimiento y controles de calidad en la l&iacute;nea o cerca de ella.<\/p>\n<\/li>\n<li data-start=\"4707\" data-end=\"4838\">\n<p data-start=\"4709\" data-end=\"4838\"><strong data-start=\"4709\" data-end=\"4739\">Transporte y log&iacute;stica<\/strong>: coordinaci&oacute;n de patios, rutas, conciliaci&oacute;n de inventarios y manipulaci&oacute;n de etiquetas y documentos en movimiento.<\/p>\n<\/li>\n<li data-start=\"4839\" data-end=\"4966\">\n<p data-start=\"4841\" data-end=\"4966\"><strong data-start=\"4841\" data-end=\"4866\">Energ&iacute;a y construcci&oacute;n<\/strong> &ndash; Revisi&oacute;n de planos, datos topogr&aacute;ficos, listas de comprobaci&oacute;n y documentaci&oacute;n de obra cuando las condiciones meteorol&oacute;gicas y el polvo son habituales.<\/p>\n<\/li>\n<\/ul><h2 data-start=\"4968\" data-end=\"5012\">Comparaciones de productos para Getac V110 G7<\/h2><ul data-start=\"5013\" data-end=\"5583\">\n<li data-start=\"5013\" data-end=\"5210\">\n<p data-start=\"5015\" data-end=\"5210\"><a href=\"https:\/\/micronordic.com\/product\/getac-s410-g5-semi-rugged-notebook\/\"><strong data-start=\"5015\" data-end=\"5032\">Getac S410 G5<\/strong><\/a> &ndash; Elija <strong data-start=\"5042\" data-end=\"5053\">el S410 G5<\/strong> si desea portabilidad semi-rugged con menor peso; elija <strong data-start=\"5114\" data-end=\"5131\">el Getac V110 G7<\/strong> cuando la durabilidad completamente rugged y la flexibilidad convertible no sean negociables.<\/p>\n<\/li>\n<li data-start=\"5211\" data-end=\"5389\">\n<p data-start=\"5213\" data-end=\"5389\"><a href=\"https:\/\/micronordic.com\/product\/getac-b360-g2-fully-rugged-laptop\/\"><strong data-start=\"5213\" data-end=\"5227\">Getac B360<\/strong> <\/a>&ndash; Elija <strong data-start=\"5235\" data-end=\"5243\">el B360<\/strong> para una concha tradicional con la m&aacute;xima resistencia y un chasis m&aacute;s grande; elija <strong data-start=\"5323\" data-end=\"5340\">el Getac V110 G7<\/strong> para un transporte m&aacute;s ligero y versatilidad en modo Tablet.<\/p>\n<\/li>\n<li data-start=\"5390\" data-end=\"5583\">\n<p data-start=\"5392\" data-end=\"5583\"><a href=\"https:\/\/micronordic.com\/product\/panasonic-toughbook-cf-33\/\"><strong data-start=\"5392\" data-end=\"5421\">Panasonic Toughbook CF-33<\/strong><\/a> &ndash; Seleccione <strong data-start=\"5431\" data-end=\"5440\">CF-33<\/strong> para un enfoque 2 en 1 desmontable; seleccione <strong data-start=\"5482\" data-end=\"5499\">Getac V110 G7<\/strong> para un convertible integrado con bases para flotas y opciones de alimentaci&oacute;n de intercambio en caliente.<\/p>\n<\/li>\n<\/ul>\n","protected":false},"excerpt":{"rendered":"<h3>Especificaciones:<\/h3>\n<ul>\n<li><strong>Pantalla:<\/strong> Pantalla t\u00e1ctil compacta legible a la luz del sol; apta para guantes\/stylus; amplios \u00e1ngulos de visi\u00f3n.<\/li>\n<li><strong>Procesador:<\/strong> Plataforma Intel\u00ae Core\u2122 (configurable, multin\u00facleo).<\/li>\n<li><strong>Gr\u00e1ficos:<\/strong> Integrados<\/li>\n<li><strong>Memoria: <\/strong>8 GB DDR4 (modelo b\u00e1sico), ampliable a 64 GB<\/li>\n<li><strong>Almacenamiento:<\/strong> SSD PCIe NVMe de 256 GB (modelo b\u00e1sico), ampliable a 2 TB<\/li>\n<li><strong>Conectividad:<\/strong> Wi-Fi 6\/6E, Bluetooth 5.x; WWAN 4G\/5G y GNSS opcionales; acoplamiento de sobremesa\/veh\u00edculo; numerosas E\/S (USB, HDMI, Ethernet)<\/li>\n<li><strong>Certificaciones rugged:<\/strong> Chasis Fully Rugged con estanqueidad y resistencia a ca\u00eddas y vibraciones.<\/li>\n<li><strong>Seguridad:<\/strong> seguridad basada en hardware con opciones de autenticaci\u00f3n empresarial<\/li>\n<li><strong>Bater\u00eda:<\/strong> Bater\u00edas dobles intercambiables en caliente en configuraciones compatibles para un funcionamiento continuo.<\/li>\n<li><strong>Dimensiones y peso:<\/strong> Compacto convertible Fully Rugged (var\u00eda seg\u00fan la configuraci\u00f3n)<\/li>\n<li><strong>Garant\u00eda:<\/strong> 3 a\u00f1os de garant\u00eda est\u00e1ndar del fabricante<\/li>\n<\/ul>\n","protected":false},"author":16,"featured_media":99817,"template":"","meta":{"_acf_changed":false,"inline_featured_image":false},"product-condition":[5247],"product_brand":[8950],"product_cat":[5120,5123,5118],"product_tag":[],"class_list":{"0":"post-45916","1":"product","2":"type-product","3":"status-publish","4":"has-post-thumbnail","6":"product-condition-new-in-box","7":"product_brand-getac","8":"product_cat-getac-rugged","9":"product_cat-all-rugged-laptops","10":"product_cat-new-in-box-rugged-hardware","12":"first","13":"instock","14":"taxable","15":"shipping-taxable","16":"purchasable","17":"product-type-simple"},"acf":[],"_links":{"self":[{"href":"https:\/\/micronordic.com\/es\/wp-json\/wp\/v2\/product\/45916","targetHints":{"allow":["GET"]}}],"collection":[{"href":"https:\/\/micronordic.com\/es\/wp-json\/wp\/v2\/product"}],"about":[{"href":"https:\/\/micronordic.com\/es\/wp-json\/wp\/v2\/types\/product"}],"author":[{"embeddable":true,"href":"https:\/\/micronordic.com\/es\/wp-json\/wp\/v2\/users\/16"}],"version-history":[{"count":3,"href":"https:\/\/micronordic.com\/es\/wp-json\/wp\/v2\/product\/45916\/revisions"}],"predecessor-version":[{"id":98396,"href":"https:\/\/micronordic.com\/es\/wp-json\/wp\/v2\/product\/45916\/revisions\/98396"}],"wp:featuredmedia":[{"embeddable":true,"href":"https:\/\/micronordic.com\/es\/wp-json\/wp\/v2\/media\/99817"}],"wp:attachment":[{"href":"https:\/\/micronordic.com\/es\/wp-json\/wp\/v2\/media?parent=45916"}],"wp:term":[{"taxonomy":"product-condition","embeddable":true,"href":"https:\/\/micronordic.com\/es\/wp-json\/wp\/v2\/product-condition?post=45916"},{"taxonomy":"product_brand","embeddable":true,"href":"https:\/\/micronordic.com\/es\/wp-json\/wp\/v2\/product_brand?post=45916"},{"taxonomy":"product_cat","embeddable":true,"href":"https:\/\/micronordic.com\/es\/wp-json\/wp\/v2\/product_cat?post=45916"},{"taxonomy":"product_tag","embeddable":true,"href":"https:\/\/micronordic.com\/es\/wp-json\/wp\/v2\/product_tag?post=45916"}],"curies":[{"name":"wp","href":"https:\/\/api.w.org\/{rel}","templated":true}]}}