{"id":45914,"date":"2020-10-06T15:09:00","date_gmt":"2020-10-06T13:09:00","guid":{"rendered":"https:\/\/micronordic.com\/product\/getac-s410-g3-basic-i3-1115g4-nuevo\/"},"modified":"2025-11-18T17:48:13","modified_gmt":"2025-11-18T16:48:13","slug":"getac-s410-g5-semi-rugged-notebook","status":"publish","type":"product","link":"https:\/\/micronordic.com\/es\/product\/getac-s410-g5-semi-rugged-notebook\/","title":{"rendered":"Getac S410 G5 Semi-Rugged Laptop (NUEVO)"},"content":{"rendered":"<?xml encoding=\"utf-8\" ?><h2 data-start=\"0\" data-end=\"41\">Getac S410 G5 Semi-Rugged Laptop (NUEVO)<\/h2><p data-start=\"43\" data-end=\"669\">El <strong data-start=\"47\" data-end=\"64\">Getac S410 G<\/strong> 5 es un port&aacute;til <strong data-start=\"93\" data-end=\"104\">Windows<\/strong> vers&aacute;til y semi-Rugged dise&ntilde;ado para profesionales que necesitan un rendimiento fiable fuera de la comodidad de la oficina, en f&aacute;bricas, talleres, veh&iacute;culos de servicio y lugares de trabajo. Al equilibrar la durabilidad con la portabilidad, <strong data-start=\"321\" data-end=\"338\">el Getac S410 G5<\/strong> combina una pantalla brillante apta para exteriores y un procesamiento de gran capacidad de respuesta con un chasis dise&ntilde;ado para resistir los golpes cotidianos, las vibraciones y los derrames ocasionales. Para TI, ofrece una plataforma estable con f&aacute;cil acceso al servicio, s&oacute;lidas opciones de seguridad y un amplio ecosistema de bases y accesorios para estandarizar las implementaciones en todas las funciones.  <\/p><p data-start=\"43\" data-end=\"669\"><strong>Los productos nuevos tienen 3 a&ntilde;os de garant&iacute;a del fabricante.<\/strong><\/p><p data-start=\"671\" data-end=\"897\">Tanto si est&aacute; equipando a equipos de servicio de campo, personal de seguridad p&uacute;blica u operadores industriales, <strong data-start=\"763\" data-end=\"780\">el Getac S410 G5<\/strong> ofrece la combinaci&oacute;n adecuada de tiempo de actividad, flexibilidad de bater&iacute;a y E\/S, sin el peso y el volumen de una plataforma totalmente rugged.<\/p><h2 data-start=\"899\" data-end=\"935\">Caracter&iacute;sticas principales del Getac S410 G5<\/h2><ul data-start=\"936\" data-end=\"2747\">\n<li data-start=\"936\" data-end=\"1162\">\n<p data-start=\"938\" data-end=\"1162\">Construcci&oacute;n <strong data-start=\"938\" data-end=\"953\">Semi-Rugged<\/strong> &ndash; Construido para soportar los riesgos diarios como vibraciones, peque&ntilde;as ca&iacute;das, y la exposici&oacute;n al polvo y la humedad, protegiendo los componentes durante el transporte y el trabajo m&oacute;vil, manteniendo un peso manejable para llevar todos los d&iacute;as.<\/p>\n<\/li>\n<li data-start=\"1163\" data-end=\"1370\">\n<p data-start=\"1165\" data-end=\"1370\">Pantalla <strong data-start=\"1165\" data-end=\"1186\">legible a la luz del sol<\/strong>: la pantalla apta para exteriores mejora la claridad en condiciones de mucha luz y admite la introducci&oacute;n de datos con guantes, lo que reduce los errores al revisar formularios, esquemas o gu&iacute;as de servicio in situ.<\/p>\n<\/li>\n<li data-start=\"1371\" data-end=\"1578\">\n<p data-start=\"1373\" data-end=\"1578\">Rendimiento <strong data-start=\"1373\" data-end=\"1387\">con gran capacidad de respuesta<\/strong>: los modernos procesadores multin&uacute;cleo y el almacenamiento r&aacute;pido hacen que los visores CAD, las herramientas de asistencia remota, los diagn&oacute;sticos y las aplicaciones ofim&aacute;ticas funcionen sin problemas, para que la multitarea no paralice su flujo de trabajo.<\/p>\n<\/li>\n<li data-start=\"1579\" data-end=\"1759\">\n<p data-start=\"1581\" data-end=\"1759\">Dise&ntilde;o <strong data-start=\"1581\" data-end=\"1596\">actualizable<\/strong>: las bah&iacute;as accesibles para memoria y almacenamiento ayudan a ampliar el valor del ciclo de vida, lo que permite a los equipos adaptar las configuraciones con el tiempo sin tener que sustituir todo el dispositivo.<\/p>\n<\/li>\n<li data-start=\"1760\" data-end=\"1964\">\n<p data-start=\"1762\" data-end=\"1964\">Conectividad <strong data-start=\"1762\" data-end=\"1772\">moderna<\/strong>: Wi-Fi y Bluetooth fiables para el trabajo in situ, con banda ancha m&oacute;vil y GNSS opcionales para mantener el flujo de datos y la precisi&oacute;n de las tareas de localizaci&oacute;n cuando est&eacute; lejos de la red.<\/p>\n<\/li>\n<li data-start=\"1965\" data-end=\"2178\">\n<p data-start=\"1967\" data-end=\"2178\">E\/S y acoplamiento de <strong data-start=\"1967\" data-end=\"1981\">alta velocidad<\/strong>: la amplia selecci&oacute;n de puertos y los robustos acoplamientos de veh&iacute;culo\/escritorio agilizan la carga, el uso de perif&eacute;ricos (esc&aacute;neres, impresoras de etiquetas, instrumentos) y los traspasos r&aacute;pidos entre el campo y la oficina.<\/p>\n<\/li>\n<li data-start=\"2179\" data-end=\"2391\">\n<p data-start=\"2181\" data-end=\"2391\">Seguridad <strong data-start=\"2181\" data-end=\"2195\">empresarial<\/strong> y capacidad de gesti&oacute;n: las protecciones respaldadas por hardware y las opciones de autenticaci&oacute;n se ajustan a las pol&iacute;ticas corporativas, mientras que la creaci&oacute;n de im&aacute;genes y la configuraci&oacute;n centralizadas mantienen la coherencia de las implantaciones en todos los equipos.<\/p>\n<\/li>\n<li data-start=\"2392\" data-end=\"2557\">\n<p data-start=\"2394\" data-end=\"2557\">Disposici&oacute;n <strong data-start=\"2394\" data-end=\"2409\">reparable<\/strong>: los componentes accesibles mediante herramientas y las bater&iacute;as modulares reducen el tiempo de inactividad, simplifican las reparaciones y facilitan la rotaci&oacute;n de las unidades cr&iacute;ticas.<\/p>\n<\/li>\n<li data-start=\"2558\" data-end=\"2747\">\n<p data-start=\"2560\" data-end=\"2747\">Ecosistema de <strong data-start=\"2560\" data-end=\"2573\">accesorios<\/strong>: las soluciones de transporte, las bater&iacute;as de repuesto, los cargadores y los complementos de captura de datos adaptan el sistema a cada funci&oacute;n, desde inspectores y t&eacute;cnicos hasta supervisores y expedidores.<\/p>\n<\/li>\n<\/ul><h2 data-start=\"2749\" data-end=\"2785\">Principales ventajas del Getac S410 G5<\/h2><h3 data-start=\"2787\" data-end=\"2833\">Dise&ntilde;ado para las condiciones cotidianas m&aacute;s duras<\/h3><p data-start=\"2834\" data-end=\"3049\">La protecci&oacute;n Semi Rugged protege contra los golpes, las vibraciones, el polvo y la humedad que se encuentran en el mundo real durante el trabajo por turnos, el montaje en veh&iacute;culos y los frecuentes desplazamientos de un lugar a otro, sin la penalizaci&oacute;n de un chasis ultrapesado.<\/p><h3 data-start=\"3051\" data-end=\"3083\">Pantalla grande, mejores flujos de trabajo<\/h3><p data-start=\"3084\" data-end=\"3296\">Un brillante espacio de trabajo <strong data-start=\"3093\" data-end=\"3104\">en Windows<\/strong> facilita la lectura de cuadros de mando, planos y documentaci&oacute;n con luz mixta. Con una amplia superficie de pantalla y una entrada precisa, los usuarios dedican menos tiempo a desplazarse y m&aacute;s a ejecutar la tarea. <\/p><h3 data-start=\"3298\" data-end=\"3332\">Energ&iacute;a para todo el d&iacute;a<\/h3><p data-start=\"3333\" data-end=\"3517\">Las flexibles opciones de bater&iacute;a permiten un uso continuado sobre el terreno, con funciones de intercambio en caliente en determinadas configuraciones para mantener las sesiones de aplicaci&oacute;n durante los cambios de turno y las largas llamadas de servicio.<\/p><h3 data-start=\"3519\" data-end=\"3558\">Conectividad y flujo de datos sin fisuras<\/h3><p data-start=\"3559\" data-end=\"3763\">Las s&oacute;lidas opciones inal&aacute;mbricas y el acoplamiento de escritorio\/veh&iacute;culo mantienen los tickets, registros y pruebas sincronizados en segundo plano. Los supervisores ven las actualizaciones a tiempo y los equipos se desplazan de un lugar a otro sin necesidad de reconfigurar los cables. <\/p><h3 data-start=\"3765\" data-end=\"3785\">Listo para flotas<\/h3><p data-start=\"3786\" data-end=\"3989\">Las im&aacute;genes coherentes, la autenticaci&oacute;n segura y el acceso r&aacute;pido al servicio reducen el coste total de propiedad. El departamento de TI obtiene una plataforma predecible para gestionar a escala; los usuarios obtienen una herramienta fiable que se mantiene lista para la misi&oacute;n. <\/p><h2 data-start=\"3991\" data-end=\"4009\">Casos de uso ideales<\/h2><ul data-start=\"4010\" data-end=\"4663\">\n<li data-start=\"4010\" data-end=\"4136\">\n<p data-start=\"4012\" data-end=\"4136\"><strong data-start=\"4012\" data-end=\"4042\">Seguridad p&uacute;blica y gobierno<\/strong> &ndash; Redacci&oacute;n de informes, manejo de pruebas y conectividad de despacho en veh&iacute;culos y estaciones.<\/p>\n<\/li>\n<li data-start=\"4137\" data-end=\"4273\">\n<p data-start=\"4139\" data-end=\"4273\"><strong data-start=\"4139\" data-end=\"4168\">Field Service &amp; Utilities<\/strong> &ndash; Diagn&oacute;stico de activos, revisi&oacute;n de planos y actualizaci&oacute;n de &oacute;rdenes de trabajo en armarios, postes, plantas y emplazamientos remotos.<\/p>\n<\/li>\n<li data-start=\"4274\" data-end=\"4400\">\n<p data-start=\"4276\" data-end=\"4400\"><strong data-start=\"4276\" data-end=\"4306\">Fabricaci&oacute;n e industria<\/strong> &ndash; Acceso HMI, procedimientos de mantenimiento, seguimiento WIP y controles de calidad en la l&iacute;nea o cerca de ella.<\/p>\n<\/li>\n<li data-start=\"4401\" data-end=\"4532\">\n<p data-start=\"4403\" data-end=\"4532\"><strong data-start=\"4403\" data-end=\"4433\">Transporte y log&iacute;stica<\/strong>: coordinaci&oacute;n de patios, rutas, conciliaci&oacute;n de inventarios y manipulaci&oacute;n de etiquetas y documentos en movimiento.<\/p>\n<\/li>\n<li data-start=\"4533\" data-end=\"4663\">\n<p data-start=\"4535\" data-end=\"4663\"><strong data-start=\"4535\" data-end=\"4560\">Energ&iacute;a y construcci&oacute;n<\/strong> &ndash; Documentaci&oacute;n de obras, visualizaci&oacute;n de planos y CAD, listas de comprobaci&oacute;n y registros de conformidad en entornos exigentes.<\/p>\n<\/li>\n<\/ul><h2 data-start=\"4665\" data-end=\"4709\">Comparaciones de productos para Getac S410 G5<\/h2><ul data-start=\"4710\" data-end=\"5315\">\n<li data-start=\"4710\" data-end=\"4894\">\n<p data-start=\"4712\" data-end=\"4894\"><a href=\"https:\/\/micronordic.com\/product\/getac-b360-g2-fully-rugged-laptop\/\"><strong data-start=\"4712\" data-end=\"4726\">Getac B360 G2<\/strong><\/a>&ndash; Elija <strong data-start=\"4736\" data-end=\"4744\">B360<\/strong> para una plataforma totalmente rugged cuando la misi&oacute;n exija la m&aacute;xima capacidad de supervivencia; elija <strong data-start=\"4828\" data-end=\"4845\">Getac S410 G5<\/strong> para un transporte m&aacute;s ligero y una flexibilidad semi-rugged.<\/p>\n<\/li>\n<li data-start=\"4895\" data-end=\"5105\">\n<p data-start=\"4897\" data-end=\"5105\"><a href=\"https:\/\/micronordic.com\/product\/panasonic-toughbook-fz-55\/\"><strong data-start=\"4897\" data-end=\"4923\">Panasonic Toughbook 55<\/strong><\/a> &ndash; Elija <strong data-start=\"4931\" data-end=\"4947\">el Toughbook 55<\/strong> si da prioridad a la ampliaci&oacute;n de bah&iacute;as modulares; elija <strong data-start=\"4994\" data-end=\"5011\">el Getac S410 G5<\/strong> si busca un dise&ntilde;o semirresistente equilibrado con una gran capacidad de mantenimiento y accesorios para flotas.<\/p>\n<\/li>\n<li data-start=\"5106\" data-end=\"5315\">\n<p data-start=\"5108\" data-end=\"5315\"><a href=\"https:\/\/micronordic.com\/product\/dell-rugged-extreme-5430-new\/\"><strong data-start=\"5108\" data-end=\"5137\">Dell Latitude Rugged 5430<\/strong><\/a> &ndash; Seleccione <strong data-start=\"5147\" data-end=\"5171\">Latitude Rugged 5430<\/strong> para una estrecha integraci&oacute;n con las flotas existentes de Dell; seleccione <strong data-start=\"5228\" data-end=\"5245\">Getac S410 G5<\/strong> para una durabilidad semirresistente probada y un acoplamiento vers&aacute;til en todas las funciones.<\/p>\n<\/li>\n<\/ul>\n","protected":false},"excerpt":{"rendered":"<h3>Especificaciones:<\/h3>\n<ul>\n<li><strong>Pantalla:<\/strong> Clase 14\u2033, apta para exteriores, legible a la luz del sol y opciones t\u00e1ctiles aptas para guantes.<\/li>\n<li><strong>Procesador:<\/strong> Plataforma Intel\u00ae Core\u2122 de \u00faltima generaci\u00f3n (configurable).<\/li>\n<li><strong>Gr\u00e1ficos:<\/strong> Integrados; gr\u00e1ficos discretos opcionales en determinadas configuraciones<\/li>\n<li><strong>Memoria:<\/strong> 8 GB (incluidos en el modelo b\u00e1sico), ampliable a 64 GB DDR5<\/li>\n<li><strong>Almacenamiento:<\/strong> SSD PCIe NVMe de 256 GB (incluida en el modelo base), ampliable a 2 TB.<\/li>\n<li><strong>Conectividad:<\/strong> Wi-Fi 6\/6E, Bluetooth 5.x; WWAN 4G\/5G y GNSS opcionales; acoplamiento de sobremesa\/veh\u00edculo<\/li>\n<li><strong>Certificaciones rugged:<\/strong> Dise\u00f1o Semi Rugged; pruebas MIL-STD-810H; protecci\u00f3n contra la penetraci\u00f3n (depende del modelo).<\/li>\n<li><strong>Seguridad:<\/strong> seguridad basada en hardware y opciones de autenticaci\u00f3n empresarial<\/li>\n<li><strong>Bater\u00eda:<\/strong> Bater\u00edas de larga duraci\u00f3n con capacidad de sustituci\u00f3n en caliente en determinados modelos<\/li>\n<li><strong>Dimensiones y peso:<\/strong> Clase de port\u00e1til de 14\u2033 Semi-Rugged (var\u00eda seg\u00fan la configuraci\u00f3n).<\/li>\n<li><strong>Garant\u00eda:<\/strong> 3 a\u00f1os de cobertura est\u00e1ndar del fabricante<\/li>\n<\/ul>\n","protected":false},"author":16,"featured_media":96169,"template":"","meta":{"_acf_changed":false,"inline_featured_image":false},"product-condition":[5247],"product_brand":[8950],"product_cat":[5120,5123,5118],"product_tag":[],"class_list":{"0":"post-45914","1":"product","2":"type-product","3":"status-publish","4":"has-post-thumbnail","6":"product-condition-new-in-box","7":"product_brand-getac","8":"product_cat-getac-rugged","9":"product_cat-all-rugged-laptops","10":"product_cat-new-in-box-rugged-hardware","12":"first","13":"instock","14":"taxable","15":"shipping-taxable","16":"purchasable","17":"product-type-simple"},"acf":[],"_links":{"self":[{"href":"https:\/\/micronordic.com\/es\/wp-json\/wp\/v2\/product\/45914","targetHints":{"allow":["GET"]}}],"collection":[{"href":"https:\/\/micronordic.com\/es\/wp-json\/wp\/v2\/product"}],"about":[{"href":"https:\/\/micronordic.com\/es\/wp-json\/wp\/v2\/types\/product"}],"author":[{"embeddable":true,"href":"https:\/\/micronordic.com\/es\/wp-json\/wp\/v2\/users\/16"}],"version-history":[{"count":2,"href":"https:\/\/micronordic.com\/es\/wp-json\/wp\/v2\/product\/45914\/revisions"}],"predecessor-version":[{"id":98381,"href":"https:\/\/micronordic.com\/es\/wp-json\/wp\/v2\/product\/45914\/revisions\/98381"}],"wp:featuredmedia":[{"embeddable":true,"href":"https:\/\/micronordic.com\/es\/wp-json\/wp\/v2\/media\/96169"}],"wp:attachment":[{"href":"https:\/\/micronordic.com\/es\/wp-json\/wp\/v2\/media?parent=45914"}],"wp:term":[{"taxonomy":"product-condition","embeddable":true,"href":"https:\/\/micronordic.com\/es\/wp-json\/wp\/v2\/product-condition?post=45914"},{"taxonomy":"product_brand","embeddable":true,"href":"https:\/\/micronordic.com\/es\/wp-json\/wp\/v2\/product_brand?post=45914"},{"taxonomy":"product_cat","embeddable":true,"href":"https:\/\/micronordic.com\/es\/wp-json\/wp\/v2\/product_cat?post=45914"},{"taxonomy":"product_tag","embeddable":true,"href":"https:\/\/micronordic.com\/es\/wp-json\/wp\/v2\/product_tag?post=45914"}],"curies":[{"name":"wp","href":"https:\/\/api.w.org\/{rel}","templated":true}]}}