{"id":45912,"date":"2020-10-06T15:08:54","date_gmt":"2020-10-06T13:08:54","guid":{"rendered":"https:\/\/micronordic.com\/product\/dell-latitude-14-rugged-extreme-7424-nuevo\/"},"modified":"2025-11-21T11:40:28","modified_gmt":"2025-11-21T10:40:28","slug":"dell-latitude-14-rugged-extreme-7424-i7","status":"publish","type":"product","link":"https:\/\/micronordic.com\/es\/product\/dell-latitude-14-rugged-extreme-7424-i7\/","title":{"rendered":"Dell Latitude 7424 Rugged Extreme (PRE-OWNED)"},"content":{"rendered":"<?xml encoding=\"utf-8\" ?><h2 data-start=\"0\" data-end=\"36\">Dell Latitude 7424 Rugged Extreme (usado con certificado de calidad)<\/h2><p data-start=\"38\" data-end=\"628\">El <strong data-start=\"42\" data-end=\"79\">Dell Latitude 7424 Rugged Extreme<\/strong> es un port&aacute;til <strong data-start=\"98\" data-end=\"109\">Windows<\/strong> totalmente rugged dise&ntilde;ado para equipos que trabajan donde los port&aacute;tiles de consumo fallan: en f&aacute;bricas, veh&iacute;culos, almacenes y exteriores. Fabricado para soportar vibraciones, polvo, humedad y transporte frecuente, combina una construcci&oacute;n duradera con un rendimiento con gran capacidad de respuesta, una E\/S potente y un mantenimiento listo para la flota. Para las organizaciones que estandarizan un dispositivo de campo fiable, el <strong data-start=\"482\" data-end=\"519\">Dell Latitude 7424 Rugged<\/strong> Extreme ofrece la combinaci&oacute;n de tiempo de actividad, ergonom&iacute;a y capacidad de gesti&oacute;n necesaria para turnos largos y tareas de misi&oacute;n cr&iacute;tica.<\/p><p data-start=\"38\" data-end=\"628\">Ya sea que est&eacute; actualizando una flota antigua o ampliando la capacidad para operaciones estacionales, la <strong data-start=\"722\" data-end=\"759\">Dell Latitude 7424 Rugged<\/strong> Extreme ofrece la facilidad de uso familiar de una laptop con la capacidad de supervivencia de una herramienta de campo especialmente dise&ntilde;ada, lista para implementaciones r&aacute;pidas, mantenimiento sencillo y capacitaci&oacute;n uniforme del usuario en todas las funciones. Nuestras <strong>unidades de segunda mano certificadas cuentan con 12 meses de garant&iacute;a.<\/strong><\/p><h2 data-start=\"945\" data-end=\"1001\">Caracter&iacute;sticas principales del Dell Latitude 7424 Rugged Extreme<\/h2><ul data-start=\"1002\" data-end=\"2767\">\n<li data-start=\"1002\" data-end=\"1213\">\n<p data-start=\"1004\" data-end=\"1213\"><strong data-start=\"1004\" data-end=\"1014\">Chasis robusto<\/strong>: el dise&ntilde;o Fully Rugged resiste los golpes diarios, las vibraciones, el polvo y la humedad durante el transporte, el montaje en veh&iacute;culos y el trabajo in situ, protegiendo los componentes internos durante los exigentes ciclos de trabajo.<\/p>\n<\/li>\n<li data-start=\"1214\" data-end=\"1426\">\n<p data-start=\"1216\" data-end=\"1426\"><strong>Opciones de visualizaci&oacute;n<\/strong> <strong data-start=\"1216\" data-end=\"1237\">legibles a la luz del sol<\/strong>: los paneles aptos para exteriores mantienen los cuadros de mando, formularios y esquemas legibles con luz difusa; las configuraciones t&aacute;ctiles admiten el uso de guantes en determinados modelos para una introducci&oacute;n precisa sobre el terreno.<\/p>\n<\/li>\n<li data-start=\"1427\" data-end=\"1613\">\n<p data-start=\"1429\" data-end=\"1613\"><strong data-start=\"1429\" data-end=\"1443\">Rendimiento con gran capacidad de respuesta<\/strong>: los procesadores multin&uacute;cleo de clase empresarial y el r&aacute;pido almacenamiento NVMe mantienen los diagn&oacute;sticos, el soporte remoto, los visores CAD y las aplicaciones de oficina funcionando sin problemas en todos los turnos.<\/p>\n<\/li>\n<li data-start=\"1614\" data-end=\"1789\">\n<p data-start=\"1616\" data-end=\"1789\"><strong data-start=\"1616\" data-end=\"1631\">Dise&ntilde;o actualizable<\/strong>: las bah&iacute;as accesibles para la memoria y el almacenamiento ampl&iacute;an el valor del ciclo de vida y permiten a los inform&aacute;ticos ajustar las configuraciones o cambiar piezas r&aacute;pidamente para mantener las unidades en servicio.<\/p>\n<\/li>\n<li data-start=\"1790\" data-end=\"1977\">\n<p data-start=\"1792\" data-end=\"1977\"><strong>Conectividad<\/strong> <strong data-start=\"1792\" data-end=\"1802\">moderna<\/strong>: Wi-Fi y Bluetooth fiables para tareas in situ, con banda ancha m&oacute;vil y GNSS opcionales para mantener el flujo de datos y la precisi&oacute;n de la ubicaci&oacute;n lejos de las redes fijas.<\/p>\n<\/li>\n<li data-start=\"1978\" data-end=\"2178\">\n<p data-start=\"1980\" data-end=\"2178\"><strong>E\/S y acoplamiento de<\/strong> <strong data-start=\"1980\" data-end=\"1994\">alta velocidad<\/strong>: la amplia selecci&oacute;n de puertos y los robustos acoplamientos de sobremesa\/veh&iacute;culo agilizan la carga, el uso de perif&eacute;ricos (impresoras, esc&aacute;neres, instrumentos) y las transferencias r&aacute;pidas entre el campo y la oficina.<\/p>\n<\/li>\n<li data-start=\"2179\" data-end=\"2378\">\n<p data-start=\"2181\" data-end=\"2378\"><strong>Seguridad<\/strong> <strong data-start=\"2181\" data-end=\"2195\">empresarial<\/strong> <strong>y capacidad de gesti&oacute;n<\/strong>: las protecciones respaldadas por hardware y las m&uacute;ltiples opciones de autenticaci&oacute;n se ajustan a las pol&iacute;ticas corporativas; la creaci&oacute;n coherente de im&aacute;genes mantiene la uniformidad de las implantaciones en todos los equipos.<\/p>\n<\/li>\n<li data-start=\"2379\" data-end=\"2578\">\n<p data-start=\"2381\" data-end=\"2578\"><strong>Disposici&oacute;n<\/strong> <strong data-start=\"2381\" data-end=\"2396\">reparable<\/strong>: los componentes accesibles mediante herramientas y las bater&iacute;as modulares ayudan a reducir el tiempo de inactividad; las piezas sustituibles in situ favorecen un coste total de propiedad predecible frente a los dispositivos de consumo sellados.<\/p>\n<\/li>\n<li data-start=\"2579\" data-end=\"2767\">\n<p data-start=\"2581\" data-end=\"2767\"><strong>Ecosistema<\/strong> <strong data-start=\"2581\" data-end=\"2594\">de accesorios<\/strong>: las soluciones de transporte, las bater&iacute;as de repuesto, los cargadores y los complementos de captura de datos adaptan el laptop a cada funci&oacute;n, desde t&eacute;cnicos e inspectores hasta supervisores y despachadores.<\/p>\n<\/li>\n<\/ul><h2 data-start=\"2769\" data-end=\"2825\">Principales ventajas de la Dell Latitude 7424 Rugged Extreme<\/h2><h3 data-start=\"2827\" data-end=\"2866\">Dise&ntilde;ado para los entornos m&aacute;s duros<\/h3><p data-start=\"2867\" data-end=\"3064\">Su estructura Fully Rugged resiste las vibraciones, el polvo, la humedad y las ca&iacute;das habituales en el montaje en veh&iacute;culos y los desplazamientos frecuentes entre emplazamientos, lo que ayuda al personal a mantener la productividad con menos interrupciones relacionadas con el dispositivo.<\/p><h3 data-start=\"3066\" data-end=\"3106\">Ergonom&iacute;a del port&aacute;til, flexibilidad sobre el terreno<\/h3><p data-start=\"3107\" data-end=\"3307\">Un espacio de trabajo <strong data-start=\"3116\" data-end=\"3127\">con ventanas<\/strong> luminosas, un teclado t&aacute;ctil y una introducci&oacute;n precisa reducen los errores al revisar planos e introducir datos en espacios reducidos o con iluminaci&oacute;n mixta, ya sea en el banco, en la cabina o en el lugar de trabajo.<\/p><h3 data-start=\"3309\" data-end=\"3343\">Energ&iacute;a para todo el d&iacute;a<\/h3><p data-start=\"3344\" data-end=\"3532\">Las opciones de bater&iacute;a flexibles, que incluyen paquetes intercambiables en determinadas configuraciones, ayudan a mantener las sesiones de la aplicaci&oacute;n durante los cambios de turno y las llamadas prolongadas, lo que minimiza los reinicios y las p&eacute;rdidas de trabajo.<\/p><h3 data-start=\"3534\" data-end=\"3573\">Conectividad y flujo de datos sin fisuras<\/h3><p data-start=\"3574\" data-end=\"3790\">Las potentes opciones inal&aacute;mbricas y el acoplamiento de veh&iacute;culos\/escritorios mantienen sincronizados en segundo plano los tickets, registros, fotos y pruebas. Los supervisores ven actualizaciones puntuales mientras los equipos se mueven entre la oficina, los veh&iacute;culos y las ubicaciones remotas.<\/p><h3 data-start=\"3792\" data-end=\"3812\">Listo para flotas<\/h3><p data-start=\"3813\" data-end=\"4026\">Las im&aacute;genes coherentes, la autenticaci&oacute;n segura y el acceso r&aacute;pido al servicio reducen el coste total de propiedad. El departamento de TI puede estandarizar las implantaciones, cambiar piezas r&aacute;pidamente y mantener las unidades de misi&oacute;n cr&iacute;tica en rotaci&oacute;n con una interrupci&oacute;n m&iacute;nima.<\/p><h2 data-start=\"4028\" data-end=\"4046\">Casos de uso ideales<\/h2><ul data-start=\"4047\" data-end=\"4726\">\n<li data-start=\"4047\" data-end=\"4189\">\n<p data-start=\"4049\" data-end=\"4189\"><strong data-start=\"4049\" data-end=\"4079\">Seguridad p&uacute;blica y gobierno<\/strong> &ndash; Redacci&oacute;n de informes, acceso a CAD\/AVL, manejo de pruebas y comunicaciones seguras en veh&iacute;culos y estaciones.<\/p>\n<\/li>\n<li data-start=\"4190\" data-end=\"4333\">\n<p data-start=\"4192\" data-end=\"4333\"><strong data-start=\"4192\" data-end=\"4221\">Field Service &amp; Utilities<\/strong> &ndash; Diagn&oacute;stico de activos, configuraci&oacute;n y actualizaci&oacute;n de &oacute;rdenes de trabajo en armarios, postes, subestaciones y emplazamientos remotos.<\/p>\n<\/li>\n<li data-start=\"4334\" data-end=\"4454\">\n<p data-start=\"4336\" data-end=\"4454\"><strong data-start=\"4336\" data-end=\"4366\">Fabricaci&oacute;n e industria<\/strong> &ndash; Acceso HMI, seguimiento WIP, procedimientos de mantenimiento y controles de calidad cerca de la l&iacute;nea.<\/p>\n<\/li>\n<li data-start=\"4455\" data-end=\"4586\">\n<p data-start=\"4457\" data-end=\"4586\"><strong data-start=\"4457\" data-end=\"4487\">Transporte y log&iacute;stica<\/strong>: coordinaci&oacute;n de patios, rutas, conciliaci&oacute;n de inventarios y manipulaci&oacute;n de etiquetas y documentos en movimiento.<\/p>\n<\/li>\n<li data-start=\"4587\" data-end=\"4726\">\n<p data-start=\"4589\" data-end=\"4726\"><strong data-start=\"4589\" data-end=\"4614\">Energ&iacute;a y construcci&oacute;n<\/strong> &ndash; Revisi&oacute;n de planos, datos topogr&aacute;ficos, listas de comprobaci&oacute;n y documentaci&oacute;n de obras en las que el polvo, las vibraciones y las condiciones meteorol&oacute;gicas son habituales.<\/p>\n<\/li>\n<\/ul><h2 data-start=\"4728\" data-end=\"4792\">Comparaciones de productos para Dell Latitude 7424 Rugged Extreme<\/h2><ul data-start=\"4793\" data-end=\"5386\">\n<li data-start=\"4793\" data-end=\"5006\">\n<p data-start=\"4795\" data-end=\"5006\"><a href=\"https:\/\/micronordic.com\/product\/getac-b360-g2-fully-rugged-laptop\/\"><strong data-start=\"4795\" data-end=\"4809\">Getac B360<\/strong><\/a> &ndash; Elija <strong data-start=\"4819\" data-end=\"4827\">el B360<\/strong> cuando necesite la m&aacute;xima capacidad de supervivencia rugged y un clamshell tradicional; elija <strong data-start=\"4911\" data-end=\"4948\">el Dell Latitude 7424 Rugged Extreme<\/strong> para alinearse con el ecosistema Dell y disfrutar de una gran capacidad de servicio.<\/p>\n<\/li>\n<li data-start=\"5007\" data-end=\"5211\">\n<p data-start=\"5009\" data-end=\"5211\"><a href=\"https:\/\/micronordic.com\/product\/panasonic-toughbook-fz-55\/\"><strong data-start=\"5009\" data-end=\"5035\">Panasonic Toughbook 55<\/strong><\/a> &ndash; Elija <strong data-start=\"5043\" data-end=\"5059\">el Toughbook 55<\/strong> si la ampliaci&oacute;n de la bah&iacute;a modular es una prioridad; elija <strong data-start=\"5105\" data-end=\"5142\">el Dell Latitude 7424 Rugged<\/strong> Extreme si desea una pila de gesti&oacute;n Dell conocida y actualizaciones sencillas.<\/p>\n<\/li>\n<li data-start=\"5212\" data-end=\"5386\">\n<p data-start=\"5214\" data-end=\"5386\"><a href=\"https:\/\/micronordic.com\/product\/getac-s410-g5-semi-rugged-notebook\/\"><strong data-start=\"5214\" data-end=\"5231\">Getac S410 G5<\/strong><\/a> &ndash; Seleccione <strong data-start=\"5241\" data-end=\"5252\">el S410 G5<\/strong> para una opci&oacute;n semirresistente y de transporte m&aacute;s ligero; seleccione <strong data-start=\"5301\" data-end=\"5338\">el Dell Latitude 7424 Rugged Extreme<\/strong> cuando la durabilidad totalmente resistente no sea negociable.<\/p>\n<\/li>\n<\/ul>\n","protected":false},"excerpt":{"rendered":"<h3>Especificaciones:<\/h3>\n<ul>\n<li><strong>Pantalla:<\/strong> Clase 14\u2033, apta para exteriores; opciones t\u00e1ctiles (apta para guantes en determinadas configuraciones).<\/li>\n<li><strong>Procesador:<\/strong> Plataforma Intel\u00ae Core\u2122 de clase empresarial (depende del modelo).<\/li>\n<li><strong>Gr\u00e1ficos:<\/strong> Integrados; opciones discretas en configuraciones seleccionadas<\/li>\n<li><strong>Memoria:<\/strong> 8 GB DDR4; ampliable a 64 GB<\/li>\n<li><strong>Almacenamiento:<\/strong> 256 SSD NVMe; ampliable a 2 TB<\/li>\n<li><strong>Conectividad:<\/strong> Wi-Fi, Bluetooth; WWAN y GNSS opcionales; base de escritorio\/veh\u00edculo; numerosas E\/S (USB, HDMI\/Puerto de pantalla, Ethernet)<\/li>\n<li><strong>Certificaciones rugged:<\/strong> Dise\u00f1o Fully Rugged con pruebas MIL-STD y protecci\u00f3n contra la penetraci\u00f3n (seg\u00fan el modelo).<\/li>\n<li><strong>Seguridad:<\/strong> protecci\u00f3n basada en hardware con opciones de autenticaci\u00f3n empresarial<\/li>\n<li><strong>Bater\u00eda:<\/strong> Bater\u00edas de larga duraci\u00f3n; intercambiables en configuraciones seleccionadas<\/li>\n<li><strong>Dimensiones y peso:<\/strong> Rugged 14\u2033 clase laptop (var\u00eda seg\u00fan la configuraci\u00f3n).<\/li>\n<li><strong>Garant\u00eda:<\/strong> 12 meses de garant\u00eda de Micro Nordic<\/li>\n<\/ul>\n","protected":false},"author":16,"featured_media":99727,"template":"","meta":{"_acf_changed":false,"inline_featured_image":false},"product-condition":[5284],"product_brand":[8936],"product_cat":[5119,5123],"product_tag":[],"class_list":{"0":"post-45912","1":"product","2":"type-product","3":"status-publish","4":"has-post-thumbnail","6":"product-condition-pre-owned","7":"product_brand-dell","8":"product_cat-dell-rugged","9":"product_cat-all-rugged-laptops","11":"first","12":"instock","13":"taxable","14":"shipping-taxable","15":"purchasable","16":"product-type-simple"},"acf":[],"_links":{"self":[{"href":"https:\/\/micronordic.com\/es\/wp-json\/wp\/v2\/product\/45912","targetHints":{"allow":["GET"]}}],"collection":[{"href":"https:\/\/micronordic.com\/es\/wp-json\/wp\/v2\/product"}],"about":[{"href":"https:\/\/micronordic.com\/es\/wp-json\/wp\/v2\/types\/product"}],"author":[{"embeddable":true,"href":"https:\/\/micronordic.com\/es\/wp-json\/wp\/v2\/users\/16"}],"version-history":[{"count":4,"href":"https:\/\/micronordic.com\/es\/wp-json\/wp\/v2\/product\/45912\/revisions"}],"predecessor-version":[{"id":98835,"href":"https:\/\/micronordic.com\/es\/wp-json\/wp\/v2\/product\/45912\/revisions\/98835"}],"wp:featuredmedia":[{"embeddable":true,"href":"https:\/\/micronordic.com\/es\/wp-json\/wp\/v2\/media\/99727"}],"wp:attachment":[{"href":"https:\/\/micronordic.com\/es\/wp-json\/wp\/v2\/media?parent=45912"}],"wp:term":[{"taxonomy":"product-condition","embeddable":true,"href":"https:\/\/micronordic.com\/es\/wp-json\/wp\/v2\/product-condition?post=45912"},{"taxonomy":"product_brand","embeddable":true,"href":"https:\/\/micronordic.com\/es\/wp-json\/wp\/v2\/product_brand?post=45912"},{"taxonomy":"product_cat","embeddable":true,"href":"https:\/\/micronordic.com\/es\/wp-json\/wp\/v2\/product_cat?post=45912"},{"taxonomy":"product_tag","embeddable":true,"href":"https:\/\/micronordic.com\/es\/wp-json\/wp\/v2\/product_tag?post=45912"}],"curies":[{"name":"wp","href":"https:\/\/api.w.org\/{rel}","templated":true}]}}