{"id":45902,"date":"2020-10-06T15:08:51","date_gmt":"2020-10-06T13:08:51","guid":{"rendered":"https:\/\/micronordic.com\/product\/honeywell-granit-1910i-cable-ex-soporte-nuevo\/"},"modified":"2025-11-24T17:00:03","modified_gmt":"2025-11-24T16:00:03","slug":"honeywell-granit-1910i-cable-ex-stand","status":"publish","type":"product","link":"https:\/\/micronordic.com\/es\/product\/honeywell-granit-1910i-cable-ex-stand\/","title":{"rendered":"Honeywell Granit &#8211; 1910i &#8211; Cable &#8211; Ex. Soporte (NUEVO)"},"content":{"rendered":"<?xml encoding=\"utf-8\" ?><h2 data-start=\"0\" data-end=\"54\">Honeywell Intermec Granit 1910i &ndash; Cable &ndash; Ex. Stand <\/h2><p data-start=\"56\" data-end=\"693\">El <strong data-start=\"60\" data-end=\"95\">Granit 1910i de Honeywell Intermec<\/strong> (con cable y sin soporte) es un lector de c&oacute;digos de barras industrial con cable dise&ntilde;ado para realizar capturas r&aacute;pidas y fiables en entornos exigentes: almacenes, plantas de fabricaci&oacute;n, patios y naves de servicio. Como parte de la familia Granit de Honeywell, combina una carcasa resistente con un motor de imagen de &aacute;rea que lee c&oacute;digos de barras de baja calidad, bajo contraste y retractilados, habituales en la log&iacute;stica real. Esta configuraci&oacute;n <strong data-start=\"502\" data-end=\"512\">dispone de<\/strong> alimentaci&oacute;n y datos continuos por cable y <strong data-start=\"557\" data-end=\"577\">no incluye soporte<\/strong>, lo que la convierte en una opci&oacute;n sencilla de conectar y escanear para estaciones de trabajo fijas, bancos de embalaje y estaciones de l&iacute;nea.  <\/p><p data-start=\"695\" data-end=\"913\">Para los equipos que estandarizan turnos y estaciones, el <strong data-start=\"751\" data-end=\"786\">Honeywell Intermec Granit 1910i<\/strong> ofrece una construcci&oacute;n duradera, una decodificaci&oacute;n consistente y una configuraci&oacute;n sencilla de la flota, lo que reduce las reexploraciones, los cuellos de botella y el tiempo de inactividad del dispositivo.<\/p><p data-start=\"695\" data-end=\"913\"><strong>Los productos nuevos tienen 2 a&ntilde;os de garant&iacute;a del fabricante.<\/strong><\/p><h2 data-start=\"915\" data-end=\"989\">Caracter&iacute;sticas principales del Honeywell Intermec Granit 1910i &ndash; Cable &ndash; Ex. Stand <\/h2><ul data-start=\"990\" data-end=\"2268\">\n<li data-start=\"990\" data-end=\"1141\">\n<p data-start=\"992\" data-end=\"1141\"><strong>Funcionamiento<\/strong> <strong data-start=\"992\" data-end=\"1002\">con cable<\/strong>: la conexi&oacute;n directa por cable proporciona alimentaci&oacute;n continua y datos estables, lo que resulta ideal para estaciones fijas en las que el tiempo de actividad y la sencillez son importantes.<\/p>\n<\/li>\n<li data-start=\"1142\" data-end=\"1296\">\n<p data-start=\"1144\" data-end=\"1296\"><strong>Construcci&oacute;n<\/strong> <strong data-start=\"1144\" data-end=\"1154\">robusta<\/strong>: la carcasa industrial resiste el polvo, la humedad, las vibraciones y los impactos cotidianos para mantener los esc&aacute;neres en funcionamiento durante los ciclos de trabajo m&aacute;s duros.<\/p>\n<\/li>\n<li data-start=\"1297\" data-end=\"1442\">\n<p data-start=\"1299\" data-end=\"1442\"><strong>Im&aacute;genes de<\/strong> <strong data-start=\"1299\" data-end=\"1319\">alto rendimiento<\/strong>: el generador de im&aacute;genes de &aacute;rea descodifica r&aacute;pidamente los c&oacute;digos de barras 1D\/2D, incluso cuando las etiquetas est&aacute;n desgastadas, tienen poco contraste, est&aacute;n curvadas o envueltas en film.<\/p>\n<\/li>\n<li data-start=\"1443\" data-end=\"1586\">\n<p data-start=\"1445\" data-end=\"1586\"><strong>Ergonom&iacute;a<\/strong> <strong data-start=\"1445\" data-end=\"1466\">c&oacute;moda para el operador<\/strong>: la empu&ntilde;adura equilibrada, el gatillo n&iacute;tido y la claridad de punter&iacute;a\/retroalimentaci&oacute;n reducen la fatiga y ayudan a agilizar la exploraci&oacute;n repetitiva.<\/p>\n<\/li>\n<li data-start=\"1587\" data-end=\"1720\">\n<p data-start=\"1589\" data-end=\"1720\"><strong>Eficacia<\/strong> <strong data-start=\"1589\" data-end=\"1601\">del flujo de trabajo<\/strong>: la disponibilidad instant&aacute;nea y la ausencia de pilas que gestionar lo hacen perfecto para bancos, cintas transportadoras y carriles de recepci&oacute;n.<\/p>\n<\/li>\n<li data-start=\"1721\" data-end=\"1868\">\n<p data-start=\"1723\" data-end=\"1868\"><strong>Conectividad<\/strong> <strong data-start=\"1723\" data-end=\"1735\">flexible<\/strong>: funciona con los sistemas de TPV, SGA y ERP habituales; los sencillos perfiles permiten al personal inform&aacute;tico implantar configuraciones coherentes en todas las sedes.<\/p>\n<\/li>\n<li data-start=\"1869\" data-end=\"2003\">\n<p data-start=\"1871\" data-end=\"2003\"><strong>Dise&ntilde;o<\/strong> <strong data-start=\"1871\" data-end=\"1886\">f&aacute;cil de reparar<\/strong>: las piezas de desgaste accesibles y los cables resistentes ayudan a prolongar el ciclo de vida y a mantener predecible el coste total de propiedad.<\/p>\n<\/li>\n<li data-start=\"2004\" data-end=\"2139\">\n<p data-start=\"2006\" data-end=\"2139\"><strong>Confirmaci&oacute;n<\/strong> <strong data-start=\"2006\" data-end=\"2024\">ac&uacute;stica\/visual<\/strong>: el avisador ac&uacute;stico y los LED de estado confirman las lecturas correctas en entornos ruidosos o con mucha luz, lo que reduce el n&uacute;mero de reexploraciones.<\/p>\n<\/li>\n<li data-start=\"2140\" data-end=\"2268\">\n<p data-start=\"2142\" data-end=\"2268\"><strong>Opciones de<\/strong> <strong data-start=\"2142\" data-end=\"2154\">montaje<\/strong> &ndash; Compatible con accesorios para escaneado de tipo presentaci&oacute;n (soporte no incluido en esta configuraci&oacute;n).<\/p>\n<\/li>\n<\/ul><h2 data-start=\"2270\" data-end=\"2324\">Principales ventajas de Honeywell Intermec Granit 1910i<\/h2><h3 data-start=\"2326\" data-end=\"2369\">Dise&ntilde;ado para entornos industriales dif&iacute;ciles<\/h3><p data-start=\"2370\" data-end=\"2533\">La carcasa reforzada resiste el polvo, la humedad, las vibraciones y los impactos para que los equipos sigan siendo productivos en almacenes, plantas y patios sin retrasos relacionados con los dispositivos.<\/p><h3 data-start=\"2535\" data-end=\"2565\">Exploraciones coherentes y precisas<\/h3><p data-start=\"2566\" data-end=\"2701\">Un avanzado generador de im&aacute;genes de &aacute;rea captura r&aacute;pidamente los c&oacute;digos da&ntilde;ados y de bajo contraste, mejorando el rendimiento en las tareas de recepci&oacute;n, picking y embalaje.<\/p><h3 data-start=\"2703\" data-end=\"2734\">Configuraci&oacute;n sencilla y lista para la estaci&oacute;n<\/h3><p data-start=\"2735\" data-end=\"2887\">La alimentaci&oacute;n con cable elimina la gesti&oacute;n de la bater&iacute;a y los pasos de emparejamiento. Las configuraciones estandarizadas hacen que los despliegues de flotas sean predecibles en todos los bancos y l&iacute;neas. <\/p><h3 data-start=\"2889\" data-end=\"2917\">Menos gastos de propiedad<\/h3><p data-start=\"2918\" data-end=\"3056\">El cableado rugged, las piezas de desgaste reemplazables y un ecosistema de accesorios estable ayudan a ampliar el valor del ciclo de vida y a reducir las interrupciones por mantenimiento.<\/p><h3 data-start=\"3058\" data-end=\"3078\">Comodidad del operador<\/h3><p data-start=\"3079\" data-end=\"3203\">La ergonom&iacute;a, la punter&iacute;a y la informaci&oacute;n clara reducen la fatiga y el tiempo de formaci&oacute;n, lo que resulta &uacute;til para turnos de gran volumen y aumentos estacionales.<\/p><h2 data-start=\"3205\" data-end=\"3223\">Casos de uso ideales<\/h2><ul data-start=\"3224\" data-end=\"3785\">\n<li data-start=\"3224\" data-end=\"3341\">\n<p data-start=\"3226\" data-end=\"3341\"><strong data-start=\"3226\" data-end=\"3254\">Almac&eacute;n y distribuci&oacute;n<\/strong> &ndash; Entrada\/salida, puesta en salida, recuento de ciclos y verificaci&oacute;n de picking en estaciones fijas.<\/p>\n<\/li>\n<li data-start=\"3342\" data-end=\"3460\">\n<p data-start=\"3344\" data-end=\"3460\"><strong data-start=\"3344\" data-end=\"3374\">Fabricaci&oacute;n e industria<\/strong> &ndash; Escaneado WIP en l&iacute;nea, verificaci&oacute;n de piezas y controles de calidad en bancos y c&eacute;lulas.<\/p>\n<\/li>\n<li data-start=\"3461\" data-end=\"3577\">\n<p data-start=\"3463\" data-end=\"3577\"><strong data-start=\"3463\" data-end=\"3488\">Transporte y log&iacute;stica<\/strong> &ndash; V&iacute;as transversales, clasificaci&oacute;n de paquetes y procesamiento de devoluciones con escaneado continuo.<\/p>\n<\/li>\n<li data-start=\"3578\" data-end=\"3684\">\n<p data-start=\"3580\" data-end=\"3684\"><strong data-start=\"3580\" data-end=\"3604\">Retail Back-of-House<\/strong> &ndash; Recepci&oacute;n, comprobaci&oacute;n de existencias y reposici&oacute;n en almacenes y zonas de preparaci&oacute;n.<\/p>\n<\/li>\n<li data-start=\"3685\" data-end=\"3785\">\n<p data-start=\"3687\" data-end=\"3785\"><strong data-start=\"3687\" data-end=\"3711\">Dep&oacute;sitos de servicio de campo<\/strong>: admisi&oacute;n de dispositivos, seguimiento de reparaciones y etiquetado de activos en los mostradores de servicio.<\/p>\n<\/li>\n<\/ul><h2 data-start=\"3787\" data-end=\"3849\">Comparaciones de productos para Honeywell Intermec Granit 1910i<\/h2><ul data-start=\"3850\" data-end=\"4349\">\n<li data-start=\"3850\" data-end=\"4007\">\n<p data-start=\"3852\" data-end=\"4007\"><a href=\"https:\/\/micronordic.com\/product\/honeywell-granit-1980i-cable-ex-stand\/\"><strong data-start=\"3852\" data-end=\"3887\">Honeywell Intermec Granit 1980i<\/strong> <\/a>&ndash; Elija <strong data-start=\"3897\" data-end=\"3906\">1980i<\/strong> para la lectura con cable de largo alcance; elija <strong data-start=\"3946\" data-end=\"3962\">Granit 1910i<\/strong> para un alcance equilibrado y una ergonom&iacute;a compacta.<\/p>\n<\/li>\n<li data-start=\"4008\" data-end=\"4186\">\n<p data-start=\"4010\" data-end=\"4186\"><a href=\"https:\/\/micronordic.com\/product\/honeywell-granit-1911i-ig-cordless-w-base\/\"><strong data-start=\"4010\" data-end=\"4048\">Honeywell Intermec Granit 1911i IG<\/strong><\/a> &ndash; Elija <strong data-start=\"4056\" data-end=\"4068\">1911i IG<\/strong> para movilidad inal&aacute;mbrica con una base; elija <strong data-start=\"4109\" data-end=\"4125\">Granit 1910i<\/strong> cuando prefiera simplicidad con cable y potencia continua.<\/p>\n<\/li>\n<\/ul>\n","protected":false},"excerpt":{"rendered":"<h3>Especificaciones:<\/h3>\n<ul>\n<li><strong>Conectividad:<\/strong> Con cable (datos\/alimentaci\u00f3n por cable); compatible con los sistemas POS\/WMS\/ERP habituales<\/li>\n<li><strong>Certificaciones rugged:<\/strong> Carcasa industrial dise\u00f1ada para resistir al polvo, la humedad, las vibraciones y los impactos.<\/li>\n<li><strong>Seguridad:<\/strong> No se requiere seguridad\/emparejamiento est\u00e1ndar basado en host (por cable).<\/li>\n<li><strong>Bater\u00eda:<\/strong> No aplicable (alimentaci\u00f3n por cable)<\/li>\n<li><strong>Dimensiones y peso:<\/strong> factor de forma industrial port\u00e1til (var\u00eda seg\u00fan la configuraci\u00f3n)<\/li>\n<li><strong>Garant\u00eda:<\/strong> Los productos nuevos tienen 2 a\u00f1os de garant\u00eda del fabricante<\/li>\n<\/ul>\n","protected":false},"author":16,"featured_media":96559,"template":"","meta":{"_acf_changed":false,"inline_featured_image":false},"product-condition":[5247],"product_brand":[8972],"product_cat":[5116,5122,5118],"product_tag":[4877],"class_list":{"0":"post-45902","1":"product","2":"type-product","3":"status-publish","4":"has-post-thumbnail","6":"product-condition-new-in-box","7":"product_brand-honeywell-intermec","8":"product_cat-honeywell-intermec","9":"product_cat-all-barcode-scanners","10":"product_cat-new-in-box-rugged-hardware","11":"product_tag-wrd-es","13":"first","14":"instock","15":"taxable","16":"shipping-taxable","17":"purchasable","18":"product-type-simple"},"acf":[],"_links":{"self":[{"href":"https:\/\/micronordic.com\/es\/wp-json\/wp\/v2\/product\/45902","targetHints":{"allow":["GET"]}}],"collection":[{"href":"https:\/\/micronordic.com\/es\/wp-json\/wp\/v2\/product"}],"about":[{"href":"https:\/\/micronordic.com\/es\/wp-json\/wp\/v2\/types\/product"}],"author":[{"embeddable":true,"href":"https:\/\/micronordic.com\/es\/wp-json\/wp\/v2\/users\/16"}],"version-history":[{"count":3,"href":"https:\/\/micronordic.com\/es\/wp-json\/wp\/v2\/product\/45902\/revisions"}],"predecessor-version":[{"id":98470,"href":"https:\/\/micronordic.com\/es\/wp-json\/wp\/v2\/product\/45902\/revisions\/98470"}],"wp:featuredmedia":[{"embeddable":true,"href":"https:\/\/micronordic.com\/es\/wp-json\/wp\/v2\/media\/96559"}],"wp:attachment":[{"href":"https:\/\/micronordic.com\/es\/wp-json\/wp\/v2\/media?parent=45902"}],"wp:term":[{"taxonomy":"product-condition","embeddable":true,"href":"https:\/\/micronordic.com\/es\/wp-json\/wp\/v2\/product-condition?post=45902"},{"taxonomy":"product_brand","embeddable":true,"href":"https:\/\/micronordic.com\/es\/wp-json\/wp\/v2\/product_brand?post=45902"},{"taxonomy":"product_cat","embeddable":true,"href":"https:\/\/micronordic.com\/es\/wp-json\/wp\/v2\/product_cat?post=45902"},{"taxonomy":"product_tag","embeddable":true,"href":"https:\/\/micronordic.com\/es\/wp-json\/wp\/v2\/product_tag?post=45902"}],"curies":[{"name":"wp","href":"https:\/\/api.w.org\/{rel}","templated":true}]}}