{"id":45896,"date":"2018-05-06T13:47:11","date_gmt":"2018-05-06T11:47:11","guid":{"rendered":"https:\/\/micronordic.com\/product\/zebra-tc51-tc510k-terminal-portatil-reacondicionado\/"},"modified":"2025-11-24T16:59:49","modified_gmt":"2025-11-24T15:59:49","slug":"zebra-tc51-rugged-touch-computer-refurbished","status":"publish","type":"product","link":"https:\/\/micronordic.com\/es\/product\/zebra-tc51-rugged-touch-computer-refurbished\/","title":{"rendered":"Zebra TC51 Handheld Mobile Computer (EX-DEMO)"},"content":{"rendered":"<?xml encoding=\"utf-8\" ?><h2 data-start=\"0\" data-end=\"48\">Zebra TC51 Handheld Mobile Computer (Ex-Demo)<\/h2><p data-start=\"50\" data-end=\"713\">El <strong data-start=\"54\" data-end=\"68\">Zebra TC51<\/strong> es un <strong data-start=\"94\" data-end=\"122\">terminal port&aacute;til<\/strong> compacto dise&ntilde;ado para la captura r&aacute;pida y fiable de datos y la ejecuci&oacute;n de tareas en comercios, almacenes, hosteler&iacute;a y servicios de campo. Como unidad <strong data-start=\"245\" data-end=\"256\">Ex-Demo<\/strong>, se ha utilizado brevemente para demostraciones y se ha renovado cuidadosamente antes de su reventa: se han sustituido las piezas de desgaste externas (pl&aacute;sticos delanteros y traseros y digitalizadores), se han incluido los accesorios habituales a menos que se indique lo contrario y se suministra normalmente en una caja marr&oacute;n normal. <\/p><p data-start=\"50\" data-end=\"713\">Los dispositivos Ex-Demo incluyen una <strong>garant&iacute;a de 12 meses de Micro Nordic<\/strong> que proporciona un ordenador m&oacute;vil totalmente funcional a un precio muy reducido.<\/p><p data-start=\"715\" data-end=\"965\">Con una experiencia Android familiar, escaneado empresarial integrado y un ecosistema de accesorios probado, <strong data-start=\"821\" data-end=\"835\">Zebra TC51<\/strong> ayuda a los equipos a moverse m&aacute;s r&aacute;pido, reducir errores y mantenerse conectados en turnos ajetreados: en el taller, en el almac&eacute;n y en la carretera.<\/p><h2 data-start=\"967\" data-end=\"1000\">Caracter&iacute;sticas principales del Zebra TC51<\/h2><ul data-start=\"1001\" data-end=\"2276\">\n<li data-start=\"1001\" data-end=\"1173\">\n<p data-start=\"1003\" data-end=\"1173\"><strong>Dise&ntilde;o<\/strong> <strong data-start=\"1003\" data-end=\"1013\">resistente<\/strong> <strong>pero elegante<\/strong>: fabricado para resistir los golpes cotidianos, el polvo y las salpicaduras ocasionales, sin dejar de ser delgado y f&aacute;cil de guardar en el bolsillo para los flujos de trabajo de la entrada y la salida de la empresa.<\/p>\n<\/li>\n<li data-start=\"1174\" data-end=\"1317\">\n<p data-start=\"1176\" data-end=\"1317\"><strong data-start=\"1176\" data-end=\"1187\">Plataforma Android<\/strong>: Android listo para la empresa con herramientas de gesti&oacute;n empresarial agiliza la implantaci&oacute;n de aplicaciones, las actualizaciones y la aplicaci&oacute;n de pol&iacute;ticas.<\/p>\n<\/li>\n<li data-start=\"1318\" data-end=\"1466\">\n<p data-start=\"1320\" data-end=\"1466\"><strong>Escaneado<\/strong> <strong data-start=\"1320\" data-end=\"1334\">integrado<\/strong>: las im&aacute;genes 1D\/2D de la empresa leen r&aacute;pidamente las etiquetas desgastadas, con poco contraste y curvadas para reducir los reescaneados y agilizar las transacciones.<\/p>\n<\/li>\n<li data-start=\"1467\" data-end=\"1619\">\n<p data-start=\"1469\" data-end=\"1619\"><strong>Pantalla<\/strong> <strong data-start=\"1469\" data-end=\"1490\">legible a la luz del sol<\/strong>: la pantalla t&aacute;ctil, brillante y respetuosa con los guantes, permite introducir datos con precisi&oacute;n en formularios, selecciones y flujos de trabajo guiados en condiciones de iluminaci&oacute;n mixta.<\/p>\n<\/li>\n<li data-start=\"1620\" data-end=\"1750\">\n<p data-start=\"1622\" data-end=\"1750\"><strong>Factor de forma<\/strong> <strong data-start=\"1622\" data-end=\"1635\">ergon&oacute;mico<\/strong>: el peso equilibrado, la respuesta t&aacute;ctil y los controles t&aacute;ctiles minimizan la fatiga durante tareas de gran volumen.<\/p>\n<\/li>\n<li data-start=\"1751\" data-end=\"1886\">\n<p data-start=\"1753\" data-end=\"1886\"><strong>Conexi&oacute;n inal&aacute;mbrica<\/strong> <strong data-start=\"1753\" data-end=\"1765\">fiable<\/strong>: la conexi&oacute;n Wi-Fi y Bluetooth para empresas mantiene el flujo de datos, mensajes y pulsar para hablar en toda la tienda o el almac&eacute;n.<\/p>\n<\/li>\n<li data-start=\"1887\" data-end=\"2007\">\n<p data-start=\"1889\" data-end=\"2007\"><strong data-start=\"1889\" data-end=\"1899\">Seguridad<\/strong> <strong>por dise&ntilde;o<\/strong>: las protecciones respaldadas por hardware y las actualizaciones gestionadas del sistema operativo ayudan a salvaguardar los dispositivos y los datos confidenciales.<\/p>\n<\/li>\n<li data-start=\"2008\" data-end=\"2132\">\n<p data-start=\"2010\" data-end=\"2132\"><strong data-start=\"2010\" data-end=\"2024\">Gestionable<\/strong> <strong>a escala<\/strong>: la configuraci&oacute;n centralizada, la puesta en escena y la asistencia remota reducen los gastos generales de TI en grandes flotas.<\/p>\n<\/li>\n<li data-start=\"2133\" data-end=\"2276\">\n<p data-start=\"2135\" data-end=\"2276\"><strong>Ecosistema<\/strong> <strong data-start=\"2135\" data-end=\"2148\">de accesorios<\/strong>: las cunas, los trineos, los cargadores y las fundas son compatibles con configuraciones espec&iacute;ficas de cada funci&oacute;n, desde la entrada a la tienda hasta el almac&eacute;n y la entrega.<\/p>\n<\/li>\n<\/ul><h2 data-start=\"2278\" data-end=\"2311\">Principales ventajas del TC51 de Zebra<\/h2><h3 data-start=\"2313\" data-end=\"2364\">Dise&ntilde;ada para las condiciones m&aacute;s exigentes en el sector minorista y sobre el terreno<\/h3><p data-start=\"2365\" data-end=\"2520\">Su dise&ntilde;o duradero y orientado a la empresa soporta las ca&iacute;das, el polvo y los derrames cotidianos, para que los equipos sigan siendo productivos en talleres abarrotados, en trastiendas y en las aceras.<\/p><h3 data-start=\"2522\" data-end=\"2554\">Captura m&aacute;s r&aacute;pida, menos errores<\/h3><p data-start=\"2555\" data-end=\"2703\">Las im&aacute;genes 1D\/2D integradas y los flujos de trabajo de Android con capacidad de respuesta reducen los reexploraciones y los errores de tecleo, lo que mejora los tiempos de espera, la precisi&oacute;n de la recogida y la experiencia del cliente.<\/p><h3 data-start=\"2705\" data-end=\"2736\">Operaciones siempre conectadas<\/h3><p data-start=\"2737\" data-end=\"2895\">La fiable tecnolog&iacute;a inal&aacute;mbrica de la empresa mantiene las tareas, el inventario y los mensajes sincronizados en segundo plano mientras el personal se desplaza entre la sala de ventas, el almac&eacute;n y el muelle de carga.<\/p><h3 data-start=\"2897\" data-end=\"2941\">Propiedad predecible con valor Ex-Demo<\/h3><p data-start=\"2942\" data-end=\"3113\">El precio Ex-Demo ofrece una funcionalidad casi nueva con descuento, mientras que las piezas de desgaste reemplazables, las bater&iacute;as y los accesorios de eficacia probada ampl&iacute;an el ciclo de vida y simplifican la planificaci&oacute;n de piezas de repuesto.<\/p><h3 data-start=\"3115\" data-end=\"3135\">Listo para flotas<\/h3><p data-start=\"3136\" data-end=\"3295\">Los perfiles estandarizados, la asistencia remota y los accesorios uniformes facilitan el despliegue a escala y mantienen los dispositivos listos para la misi&oacute;n en todos los turnos y ubicaciones.<\/p><h2 data-start=\"3297\" data-end=\"3315\">Casos de uso ideales<\/h2><ul data-start=\"3316\" data-end=\"3838\">\n<li data-start=\"3316\" data-end=\"3431\">\n<p data-start=\"3318\" data-end=\"3431\"><strong data-start=\"3318\" data-end=\"3342\">Venta al por menor y hosteler&iacute;a<\/strong> &ndash; Venta asistida, comprobaci&oacute;n de precios, consulta de inventarios y TPV m&oacute;vil en la tienda.<\/p>\n<\/li>\n<li data-start=\"3432\" data-end=\"3543\">\n<p data-start=\"3434\" data-end=\"3543\"><strong data-start=\"3434\" data-end=\"3462\">Almac&eacute;n y distribuci&oacute;n<\/strong> &ndash; Almacenamiento, preparaci&oacute;n de pedidos, recuentos c&iacute;clicos y operaciones de muelle con un escaneado fiable.<\/p>\n<\/li>\n<li data-start=\"3544\" data-end=\"3637\">\n<p data-start=\"3546\" data-end=\"3637\"><strong data-start=\"3546\" data-end=\"3574\">Servicio de campo y entrega<\/strong>: &oacute;rdenes de trabajo, comprobantes de entrega y escaneado de activos sobre la marcha.<\/p>\n<\/li>\n<li data-start=\"3638\" data-end=\"3749\">\n<p data-start=\"3640\" data-end=\"3749\"><strong data-start=\"3640\" data-end=\"3662\">Asistencia sanitaria<\/strong> &ndash; Inventario no cl&iacute;nico, salas de suministros y seguimiento de equipos (flujos de trabajo de las instalaciones).<\/p>\n<\/li>\n<li data-start=\"3750\" data-end=\"3838\">\n<p data-start=\"3752\" data-end=\"3838\"><strong data-start=\"3752\" data-end=\"3769\">Fabricaci&oacute;n<\/strong> &ndash; Verificaci&oacute;n de piezas en l&iacute;nea, seguimiento de WIP y tareas de mantenimiento.<\/p>\n<\/li>\n<\/ul><h2 data-start=\"3840\" data-end=\"3881\">Comparaciones de productos para Zebra TC51<\/h2><ul data-start=\"3882\" data-end=\"4568\">\n<li data-start=\"3882\" data-end=\"4145\">\n<p data-start=\"3884\" data-end=\"4145\"><strong data-start=\"3884\" data-end=\"3998\"><a class=\"decorated-link cursor-pointer\" href=\"https:\/\/micronordic.com\/product\/zebra-tc52-mobile-handheld-computer-refurbished\/\" target=\"_new\" rel=\"noopener\" data-start=\"3886\" data-end=\"3996\">Zebra TC52\/TC52x<\/a><\/strong> &ndash; Dispositivo port&aacute;til Android m&aacute;s reciente con ciclo de vida ampliado y ergonom&iacute;a mejorada; elija TC52\/TC52x para obtener una plataforma m&aacute;s moderna y compatibilidad con el sistema operativo a largo plazo.<\/p>\n<\/li>\n<li data-start=\"4146\" data-end=\"4361\">\n<p data-start=\"4148\" data-end=\"4361\"><a href=\"https:\/\/micronordic.com\/product\/zebra-tc57ho-mobile-handheld-computer-refurbished\/\"><strong data-start=\"4148\" data-end=\"4250\">Zebra TC57<\/strong> <\/a>&ndash; Modelo hermano con m&oacute;vil integrado para equipos de campo; elija el TC57 cuando la conectividad de &aacute;rea amplia sea esencial.<\/p>\n<\/li>\n<li data-start=\"4362\" data-end=\"4568\">\n<p data-start=\"4364\" data-end=\"4568\"><a href=\"https:\/\/micronordic.com\/product\/zebra-tc56-mobile-handheld-computer-refurbished\/\"><strong data-start=\"4364\" data-end=\"4466\">Zebra TC56<\/strong> <\/a>&ndash; Hermano de la generaci&oacute;n anterior; seleccione el TC56 si necesita un factor de forma similar con WWAN en flotas heredadas.<\/p>\n<\/li>\n<\/ul>\n","protected":false},"excerpt":{"rendered":"<p>SELECCIONE UNA VARIANTE Ll\u00e1menos si necesita ayuda para encontrar la variante de producto adecuada. <\/p>\n<h3>Especificaciones:<\/h3>\n<ul>\n<li><strong>Pantalla:<\/strong> Pantalla t\u00e1ctil brillante apta para exteriores; entrada de datos compatible con guantes.<\/li>\n<li><strong>Procesador:<\/strong> CPU m\u00f3vil de clase empresarial (basado en Android)<\/li>\n<li><strong>Gr\u00e1ficos:<\/strong> Integrados<\/li>\n<li><strong>Memoria:<\/strong> RAM configurable para flujos de trabajo multiaplicaci\u00f3n<\/li>\n<li><strong>Almacenamiento:<\/strong> Almacenamiento integrado con opciones de ampliaci\u00f3n (seg\u00fan el modelo)<\/li>\n<li><strong>Conectividad:<\/strong> Wi-Fi de empresa, Bluetooth; variantes WWAN opcionales en modelos relacionados; acoplamiento de sobremesa\/veh\u00edculo.<\/li>\n<li><strong>Certificaciones rugged:<\/strong> Durabilidad empresarial frente a ca\u00eddas, polvo y humedad (seg\u00fan el modelo).<\/li>\n<li><strong>Seguridad:<\/strong> Android gestionado, autenticaci\u00f3n empresarial y soporte de gesti\u00f3n de dispositivos.<\/li>\n<li><strong>Bater\u00eda:<\/strong> Paquete reemplazable en campo dise\u00f1ado para uso en varios turnos; bases de carga disponibles<\/li>\n<li><strong>Dimensiones y peso:<\/strong> Formato de mano compacto (var\u00eda seg\u00fan la configuraci\u00f3n)<\/li>\n<li><strong>Garant\u00eda:<\/strong> Ex-Demo: 12 meses de Micro Nordic<\/li>\n<\/ul>\n<p><strong>Elija el modelo correcto antes de a\u00f1adirlo a la cesta.<\/strong><\/p>\n","protected":false},"author":16,"featured_media":61764,"template":"","meta":{"_acf_changed":false,"inline_featured_image":false},"product-condition":[5283],"product_brand":[9014],"product_cat":[5117,5122,5115],"product_tag":[3225,3239,3169,3309,3197,3295,3337,3323,3281,3183,3267,3253,3211],"class_list":{"0":"post-45896","1":"product","2":"type-product","3":"status-publish","4":"has-post-thumbnail","6":"product-condition-ex-demo","7":"product_brand-zebra","8":"product_cat-zebra","9":"product_cat-all-barcode-scanners","10":"product_cat-refurbished-rugged-hardware","11":"product_tag-tc510k-1hdzu2p-a6-es","12":"product_tag-tc510k-1hdzu4p-a6-es","13":"product_tag-tc510k-1pazu2p-a6-es","14":"product_tag-tc510k-1pazu2p-us-es","15":"product_tag-tc510k-1pazu4p-a6-es","16":"product_tag-tc510k-1pazu4p-ia-es","17":"product_tag-tc510k-1pazu4p-us-es","18":"product_tag-tc510k-2hdzu2p-a6-es","19":"product_tag-tc510k-2hdzu4p-a6-es","20":"product_tag-tc510k-2pazu2p-a6-es","21":"product_tag-tc510k-2pazu2p-us-es","22":"product_tag-tc510k-2pazu4p-a6-es","23":"product_tag-tc510k-2pazu4p-us-es","24":"pa_model-part-number-tc510k-1hdzu2p-a6","25":"pa_model-part-number-tc510k-1hdzu4p-a6","26":"pa_model-part-number-tc510k-1pazu2p-a6","27":"pa_model-part-number-tc510k-1pazu4p-a6","28":"pa_model-part-number-tc510k-2hdzu2p-a6","29":"pa_model-part-number-tc510k-2hdzu4p-a6","30":"pa_model-part-number-tc510k-2pazu2p-a6","31":"pa_model-part-number-tc510k-2pazu2p-us","33":"first","34":"instock","35":"taxable","36":"shipping-taxable","37":"purchasable","38":"product-type-variable","39":"has-default-attributes"},"acf":[],"_links":{"self":[{"href":"https:\/\/micronordic.com\/es\/wp-json\/wp\/v2\/product\/45896","targetHints":{"allow":["GET"]}}],"collection":[{"href":"https:\/\/micronordic.com\/es\/wp-json\/wp\/v2\/product"}],"about":[{"href":"https:\/\/micronordic.com\/es\/wp-json\/wp\/v2\/types\/product"}],"author":[{"embeddable":true,"href":"https:\/\/micronordic.com\/es\/wp-json\/wp\/v2\/users\/16"}],"version-history":[{"count":3,"href":"https:\/\/micronordic.com\/es\/wp-json\/wp\/v2\/product\/45896\/revisions"}],"predecessor-version":[{"id":98511,"href":"https:\/\/micronordic.com\/es\/wp-json\/wp\/v2\/product\/45896\/revisions\/98511"}],"wp:featuredmedia":[{"embeddable":true,"href":"https:\/\/micronordic.com\/es\/wp-json\/wp\/v2\/media\/61764"}],"wp:attachment":[{"href":"https:\/\/micronordic.com\/es\/wp-json\/wp\/v2\/media?parent=45896"}],"wp:term":[{"taxonomy":"product-condition","embeddable":true,"href":"https:\/\/micronordic.com\/es\/wp-json\/wp\/v2\/product-condition?post=45896"},{"taxonomy":"product_brand","embeddable":true,"href":"https:\/\/micronordic.com\/es\/wp-json\/wp\/v2\/product_brand?post=45896"},{"taxonomy":"product_cat","embeddable":true,"href":"https:\/\/micronordic.com\/es\/wp-json\/wp\/v2\/product_cat?post=45896"},{"taxonomy":"product_tag","embeddable":true,"href":"https:\/\/micronordic.com\/es\/wp-json\/wp\/v2\/product_tag?post=45896"}],"curies":[{"name":"wp","href":"https:\/\/api.w.org\/{rel}","templated":true}]}}