{"id":45890,"date":"2018-04-26T13:46:57","date_gmt":"2018-04-26T11:46:57","guid":{"rendered":"https:\/\/micronordic.com\/product\/zebra-tc75-tc75ah-terminal-portatil-reacondicionado\/"},"modified":"2025-11-20T11:51:40","modified_gmt":"2025-11-20T10:51:40","slug":"zebra-tc75-mobile-handheld-computer-refurbished","status":"publish","type":"product","link":"https:\/\/micronordic.com\/es\/product\/zebra-tc75-mobile-handheld-computer-refurbished\/","title":{"rendered":"Zebra TC75 Handheld Mobile Computer (EX-DEMO)"},"content":{"rendered":"<?xml encoding=\"utf-8\" ?><h2 data-start=\"482\" data-end=\"542\">Zebra TC75 Handheld Mobile Computer (EX-DEMO \/ NEW-IN-BOX)<\/h2><p data-start=\"544\" data-end=\"1059\">El <strong data-start=\"548\" data-end=\"587\">Zebra TC75 Handheld Mobile Computer<\/strong> lleva la movilidad empresarial al siguiente nivel con conectividad 4G LTE, un dise&ntilde;o rugged y una plataforma Android&trade; de alto rendimiento. Dise&ntilde;ado para profesionales que necesitan una comunicaci&oacute;n fiable y acceso a datos sobre el terreno, combina las mejores caracter&iacute;sticas del TC70 con opciones de conectividad ampliadas y una mayor durabilidad. Disponible en <g id=\"gid_1\">Micro Nordic<\/g> como <g id=\"gid_2\">EX-DEMO<\/g> y <g id=\"gid_3\">NEW-IN-BOX<\/g>, el TC75 es una inversi&oacute;n inteligente para las empresas que buscan un rendimiento rugged fiable. Las unidades EX-DEMO incluyen una garant&iacute;a de 12 meses, mientras que las unidades NEW-IN-BOX incluyen la garant&iacute;a est&aacute;ndar del fabricante de 2 a&ntilde;os.   <\/p><h2 data-start=\"1061\" data-end=\"1121\">Caracter&iacute;sticas principales de la Zebra TC75 Handheld Mobile Computer<\/h2><ul data-start=\"1122\" data-end=\"1862\">\n<li data-start=\"1122\" data-end=\"1219\">\n<p data-start=\"1124\" data-end=\"1219\"><strong data-start=\"1124\" data-end=\"1152\">Dise&ntilde;o empresarial rugged<\/strong>: combina la facilidad de uso de un smartphone con la resistencia industrial.<\/p>\n<\/li>\n<li data-start=\"1220\" data-end=\"1317\">\n<p data-start=\"1222\" data-end=\"1317\"><strong data-start=\"1222\" data-end=\"1245\">Conectividad 4G LTE<\/strong>: ofrece acceso en tiempo real a datos, aplicaciones y comunicaciones.<\/p>\n<\/li>\n<li data-start=\"1318\" data-end=\"1428\">\n<p data-start=\"1320\" data-end=\"1428\"><strong data-start=\"1320\" data-end=\"1353\">Gran pantalla de alta resoluci&oacute;n<\/strong>: pantalla t&aacute;ctil Corning&reg; Gorilla&reg; Glass 2 de 4,7&Prime; para mayor claridad y resistencia.<\/p>\n<\/li>\n<li data-start=\"1429\" data-end=\"1533\">\n<p data-start=\"1431\" data-end=\"1533\"><strong data-start=\"1431\" data-end=\"1454\">Escaneado empresarial<\/strong>: lector de im&aacute;genes SE4750 integrado para la captura de c&oacute;digos de barras 1D\/2D, incluso en malas condiciones.<\/p>\n<\/li>\n<li data-start=\"1534\" data-end=\"1605\">\n<p data-start=\"1536\" data-end=\"1605\"><strong data-start=\"1536\" data-end=\"1553\">Energ&iacute;a para todo el d&iacute;a<\/strong>: bater&iacute;a de alta capacidad con capacidad de sustituci&oacute;n en caliente.<\/p>\n<\/li>\n<li data-start=\"1606\" data-end=\"1737\">\n<p data-start=\"1608\" data-end=\"1737\"><strong data-start=\"1608\" data-end=\"1641\">Opciones de compra configurables<\/strong>: elija entre <strong data-start=\"1659\" data-end=\"1670\">EX-DEMO<\/strong> (reacondicionado por profesionales) o <strong data-start=\"1703\" data-end=\"1717\">NUEVO EN CAJA<\/strong> (sellado de f&aacute;brica).<\/p>\n<\/li>\n<li data-start=\"1738\" data-end=\"1862\">\n<p data-start=\"1740\" data-end=\"1862\"><strong data-start=\"1740\" data-end=\"1773\">Ecosistema de software empresarial<\/strong> &ndash; Compatible con Zebra Mobility DNA para herramientas de gesti&oacute;n, seguridad y conectividad.<\/p>\n<\/li>\n<\/ul><h2 data-start=\"1864\" data-end=\"1881\">Principales ventajas<\/h2><h3 data-start=\"1883\" data-end=\"1931\">Conectividad mejorada para operaciones sobre el terreno<\/h3><p data-start=\"1932\" data-end=\"2220\">El TC75 ampl&iacute;a la capacidad de su predecesor, el TC70, a&ntilde;adiendo compatibilidad con 4G LTE, lo que permite a los trabajadores de campo permanecer conectados en cualquier lugar. Ya sea en el taller, en un cami&oacute;n de reparto o sobre el terreno, los usuarios pueden acceder a sistemas en la nube, comunicarse al instante y sincronizar datos sin problemas. <\/p><h3 data-start=\"2222\" data-end=\"2260\">Dise&ntilde;ado para entornos exigentes<\/h3><p data-start=\"2261\" data-end=\"2470\">Con sellado IP67 y resistencia a ca&iacute;das de hasta 2,4 metros, el TC75 est&aacute; dise&ntilde;ado para soportar golpes, vibraciones, polvo y agua. Ofrece un rendimiento fiable en almacenes, plantas de fabricaci&oacute;n y lugares de trabajo al aire libre. <\/p><h3 data-start=\"2472\" data-end=\"2503\">Opciones de compra flexibles<\/h3><p data-start=\"2504\" data-end=\"2588\">En <strong data-start=\"2507\" data-end=\"2523\">Micro Nordic<\/strong>, el TC75 est&aacute; disponible tanto <strong data-start=\"2555\" data-end=\"2566\">EX-DEMO<\/strong> como <strong data-start=\"2571\" data-end=\"2585\">NUEVO EN CAJA<\/strong>.<\/p><ul data-start=\"2589\" data-end=\"2860\">\n<li data-start=\"2589\" data-end=\"2753\">\n<p data-start=\"2591\" data-end=\"2753\">Los modelos <strong data-start=\"2591\" data-end=\"2602\">EX-DEMO<\/strong> se someten a un reacondicionamiento completo, que incluye nuevos pl&aacute;sticos, digitalizadores y pruebas funcionales, ofreciendo una alternativa rentable a las unidades nuevas.<\/p>\n<\/li>\n<li data-start=\"2754\" data-end=\"2860\">\n<p data-start=\"2756\" data-end=\"2860\">Las unidades <strong data-start=\"2756\" data-end=\"2770\">NEW-IN-BOX<\/strong> son nuevas y est&aacute;n selladas de f&aacute;brica, por lo que resultan ideales para empresas que requieren nuevas implantaciones.<\/p>\n<\/li>\n<\/ul><h3 data-start=\"2862\" data-end=\"2890\">Captura eficaz de datos<\/h3><p data-start=\"2891\" data-end=\"3086\">El lector de im&aacute;genes SE4750 de Zebra garantiza un escaneado r&aacute;pido y preciso de los c&oacute;digos de barras, incluso en etiquetas da&ntilde;adas. Admite diversos &aacute;ngulos y distancias de escaneado, lo que optimiza la productividad en flujos de trabajo con muchos datos. <\/p><h3 data-start=\"3088\" data-end=\"3123\">Creado para Android&trade; Enterprise<\/h3><p data-start=\"3124\" data-end=\"3270\">El TC75 es compatible con las modernas herramientas Android&trade; de nivel empresarial, lo que garantiza la gesti&oacute;n segura de los dispositivos y la compatibilidad con aplicaciones empresariales fundamentales.<\/p><h2 data-start=\"3272\" data-end=\"3292\">Casos de uso ideales<\/h2><ul data-start=\"3293\" data-end=\"3769\">\n<li data-start=\"3293\" data-end=\"3386\">\n<p data-start=\"3295\" data-end=\"3386\"><strong data-start=\"3295\" data-end=\"3324\">Servicio de campo y servicios p&uacute;blicos<\/strong>: acceso 4G fiable para inspecciones, reparaciones y elaboraci&oacute;n de informes.<\/p>\n<\/li>\n<li data-start=\"3387\" data-end=\"3488\">\n<p data-start=\"3389\" data-end=\"3488\"><strong data-start=\"3389\" data-end=\"3419\">Log&iacute;stica y transporte<\/strong> &ndash; Seguimiento de datos en tiempo real para entregas y operaciones de almac&eacute;n.<\/p>\n<\/li>\n<li data-start=\"3489\" data-end=\"3564\">\n<p data-start=\"3491\" data-end=\"3564\"><strong data-start=\"3491\" data-end=\"3508\">Fabricaci&oacute;n<\/strong> &ndash; Duradero y preciso para la gesti&oacute;n de la l&iacute;nea de producci&oacute;n.<\/p>\n<\/li>\n<li data-start=\"3565\" data-end=\"3661\">\n<p data-start=\"3567\" data-end=\"3661\"><strong data-start=\"3567\" data-end=\"3588\">Operaciones minoristas<\/strong> &ndash; Permite la gesti&oacute;n m&oacute;vil de puntos de venta y existencias en cualquier lugar de la tienda.<\/p>\n<\/li>\n<li data-start=\"3662\" data-end=\"3769\">\n<p data-start=\"3664\" data-end=\"3769\"><strong data-start=\"3664\" data-end=\"3702\">Seguridad p&uacute;blica y respuesta a emergencias<\/strong>: dise&ntilde;o rugged adecuado para primeros intervinientes y fuerzas de seguridad.<\/p>\n<\/li>\n<\/ul><h2 data-start=\"3771\" data-end=\"3795\">Comparaci&oacute;n de productos<\/h2><p data-start=\"3796\" data-end=\"3934\">El <strong data-start=\"3800\" data-end=\"3814\">Zebra TC75<\/strong> combina movilidad rugged con conectividad celular. Para opciones alternativas disponibles en <strong data-start=\"3905\" data-end=\"3921\">Micro Nordic<\/strong>, considere: <\/p><ul data-start=\"3935\" data-end=\"4265\">\n<li data-start=\"3935\" data-end=\"4035\">\n<p data-start=\"3937\" data-end=\"4035\"><a href=\"https:\/\/micronordic.com\/product\/zebra-tc70-rugged-touch-computer-refurbished\/\"><strong data-start=\"3937\" data-end=\"3976\">Zebra TC70 Handheld Mobile Computer<\/strong><\/a> &ndash; Dise&ntilde;o similar, modelo s&oacute;lo Wi-Fi para flujos de trabajo en interiores.<\/p>\n<\/li>\n<li data-start=\"4036\" data-end=\"4155\">\n<p data-start=\"4038\" data-end=\"4155\"><a href=\"https:\/\/micronordic.com\/product\/zebra-tc77-mobile-handheld-computer-refurbished\/\"><strong data-start=\"4038\" data-end=\"4077\">Zebra TC77 Handheld Mobile Computer.<\/strong> <\/a>&ndash; El sucesor de la pr&oacute;xima generaci&oacute;n con preparaci&oacute;n para 5G y rendimiento mejorado.<\/p>\n<\/li>\n<li data-start=\"4156\" data-end=\"4265\">\n<p data-start=\"4158\" data-end=\"4265\"><a href=\"https:\/\/micronordic.com\/product\/zebra-tc56-mobile-handheld-computer-refurbished\/\"><strong data-start=\"4158\" data-end=\"4197\">Zebra TC56 Handheld Mobile Computer<\/strong> <\/a>&ndash; Una alternativa semi-rugged m&aacute;s ligera para uso mixto interior\/exterior.<\/p>\n<\/li>\n<\/ul>\n","protected":false},"excerpt":{"rendered":"<p>SELECCIONE UNA VARIANTE Ll\u00e1menos si necesita ayuda para encontrar la variante de producto adecuada. <\/p>\n<h3>Especificaciones:<\/h3>\n<ul>\n<li><strong>Pantalla:<\/strong> Pantalla t\u00e1ctil capacitiva HD (1280\u00d7720) de 4,7\u2033, Corning\u00ae Gorilla\u00ae Glass 2.<\/li>\n<li><strong>Procesador:<\/strong> OMAP 4 de doble n\u00facleo a 1,7 GHz<\/li>\n<li><strong>Gr\u00e1ficos:<\/strong> Motor gr\u00e1fico integrado<\/li>\n<li><strong>Memoria:<\/strong> 1 GB RAM \/ 8 GB Flash<\/li>\n<li><strong>Almacenamiento:<\/strong> ranura microSD (hasta 32 GB)<\/li>\n<li><strong>Conectividad:<\/strong> 4G LTE, Wi-Fi 802.11 a\/b\/g\/n, Bluetooth\u00ae 4.0, NFC (opcional)<\/li>\n<li><strong>Certificaciones rugged:<\/strong> IP67, resistencia a ca\u00eddas de 2,4 m (8 pies)<\/li>\n<li><strong>Seguridad:<\/strong> Herramientas de gesti\u00f3n de nivel empresarial Android\u2122<\/li>\n<li><strong>Bater\u00eda:<\/strong> 4620 mAh de iones de litio intercambiable en caliente<\/li>\n<li><strong>Dimensiones y peso:<\/strong> 161 \u00d7 84 \u00d7 28 mm, aprox. 376 g con bater\u00eda <\/li>\n<li><strong>Garant\u00eda:<\/strong> 12 meses EX-DEMO \/ 2 a\u00f1os NEW-IN-BOX<\/li>\n<\/ul>\n<p><strong>Elija el modelo correcto antes de a\u00f1adirlo a la cesta.<\/strong><\/p>\n","protected":false},"author":16,"featured_media":100383,"template":"","meta":{"_acf_changed":false,"inline_featured_image":false},"product-condition":[5283],"product_brand":[9014],"product_cat":[5117,5122,5115],"product_tag":[3649,3607,3719,3621,3565,3705,3579,3691,3593,3677,3635,3663],"class_list":{"0":"post-45890","1":"product","2":"type-product","3":"status-publish","4":"has-post-thumbnail","6":"product-condition-ex-demo","7":"product_brand-zebra","8":"product_cat-zebra","9":"product_cat-all-barcode-scanners","10":"product_cat-refurbished-rugged-hardware","11":"product_tag-tc75ah-ga11es-a2-es","12":"product_tag-tc75ah-ka11es-a1-es","13":"product_tag-tc75ah-ka11es-a2-es","14":"product_tag-tc75bh-ga11es-es","15":"product_tag-tc75bh-ga11es-br-es","16":"product_tag-tc75bh-ga11es-ia-es","17":"product_tag-tc75bh-ga11es-tw-es","18":"product_tag-tc75bh-ka11es-es","19":"product_tag-tc75bh-ka11es-br-es","20":"product_tag-tc75bh-ka11es-ia-es","21":"product_tag-tc75bh-ka11es-tw-es","22":"product_tag-tc75bh-ka11ms-cn-es","23":"pa_model-part-number-tc75ah-ga11es","24":"pa_model-part-number-tc75ah-ga11es-a2","25":"pa_model-part-number-tc75ah-ka11es-a2","26":"pa_model-part-number-tc75bh-ga11es","27":"pa_model-part-number-tc75bh-ka11es","28":"pa_model-part-number-tc75fk-22b22ad-a6","30":"first","31":"instock","32":"taxable","33":"shipping-taxable","34":"purchasable","35":"product-type-variable"},"acf":[],"_links":{"self":[{"href":"https:\/\/micronordic.com\/es\/wp-json\/wp\/v2\/product\/45890","targetHints":{"allow":["GET"]}}],"collection":[{"href":"https:\/\/micronordic.com\/es\/wp-json\/wp\/v2\/product"}],"about":[{"href":"https:\/\/micronordic.com\/es\/wp-json\/wp\/v2\/types\/product"}],"author":[{"embeddable":true,"href":"https:\/\/micronordic.com\/es\/wp-json\/wp\/v2\/users\/16"}],"version-history":[{"count":2,"href":"https:\/\/micronordic.com\/es\/wp-json\/wp\/v2\/product\/45890\/revisions"}],"predecessor-version":[{"id":98529,"href":"https:\/\/micronordic.com\/es\/wp-json\/wp\/v2\/product\/45890\/revisions\/98529"}],"wp:featuredmedia":[{"embeddable":true,"href":"https:\/\/micronordic.com\/es\/wp-json\/wp\/v2\/media\/100383"}],"wp:attachment":[{"href":"https:\/\/micronordic.com\/es\/wp-json\/wp\/v2\/media?parent=45890"}],"wp:term":[{"taxonomy":"product-condition","embeddable":true,"href":"https:\/\/micronordic.com\/es\/wp-json\/wp\/v2\/product-condition?post=45890"},{"taxonomy":"product_brand","embeddable":true,"href":"https:\/\/micronordic.com\/es\/wp-json\/wp\/v2\/product_brand?post=45890"},{"taxonomy":"product_cat","embeddable":true,"href":"https:\/\/micronordic.com\/es\/wp-json\/wp\/v2\/product_cat?post=45890"},{"taxonomy":"product_tag","embeddable":true,"href":"https:\/\/micronordic.com\/es\/wp-json\/wp\/v2\/product_tag?post=45890"}],"curies":[{"name":"wp","href":"https:\/\/api.w.org\/{rel}","templated":true}]}}