{"id":45888,"date":"2018-04-26T13:46:56","date_gmt":"2018-04-26T11:46:56","guid":{"rendered":"https:\/\/micronordic.com\/product\/zebra-mc9200-terminal-portatil-reacondicionado\/"},"modified":"2025-11-20T12:59:21","modified_gmt":"2025-11-20T11:59:21","slug":"zebra-mc9200-mobile-handheld-computer-refurbished","status":"publish","type":"product","link":"https:\/\/micronordic.com\/es\/product\/zebra-mc9200-mobile-handheld-computer-refurbished\/","title":{"rendered":"Zebra MC9200 Handheld Mobile Computer (EX-DEMO)"},"content":{"rendered":"<?xml encoding=\"utf-8\" ?><h2 data-start=\"293\" data-end=\"355\">Zebra MC9200 Handheld Mobile Computer (EX-DEMO)<\/h2><p data-start=\"357\" data-end=\"917\"><strong data-start=\"361\" data-end=\"402\">Zebra MC9200 Handheld Mobile Computer<\/strong> es un est&aacute;ndar probado del sector para la captura de datos rugged, que ofrece un equilibrio perfecto entre rendimiento, durabilidad y flexibilidad. Basado en el reconocido legado de la serie MC9000 de Zebra, el MC9200 ofrece una r&aacute;pida potencia de procesamiento, amplias opciones de conectividad y m&uacute;ltiples configuraciones de motor de escaneado, lo que garantiza un rendimiento excepcional en los entornos m&aacute;s exigentes. <\/p><p data-start=\"357\" data-end=\"917\">Disponible en <strong data-start=\"779\" data-end=\"795\">Micro Nordic<\/strong> como  <strong data-start=\"804\" data-end=\"815\">EX-DEMO. Las unidades EX-DEMO incluyen una garant&iacute;a de 12 meses. <\/strong><\/p><h2 data-start=\"919\" data-end=\"981\">Caracter&iacute;sticas principales de la Zebra MC9200 Handheld Mobile Computer<\/h2><ul data-start=\"982\" data-end=\"1867\">\n<li data-start=\"982\" data-end=\"1114\">\n<p data-start=\"984\" data-end=\"1114\"><strong data-start=\"984\" data-end=\"1014\">Dise&ntilde;o ergon&oacute;mico tipo pistola<\/strong>: empu&ntilde;adura de pistola y gatillo integrados para una exploraci&oacute;n c&oacute;moda y r&aacute;pida en entornos de gran volumen.<\/p>\n<\/li>\n<li data-start=\"1115\" data-end=\"1232\">\n<p data-start=\"1117\" data-end=\"1232\"><strong data-start=\"1117\" data-end=\"1149\">Rendimiento de nivel empresarial<\/strong>: dise&ntilde;ado para un funcionamiento continuo en almacenes, fabricaci&oacute;n y log&iacute;stica.<\/p>\n<\/li>\n<li data-start=\"1233\" data-end=\"1335\">\n<p data-start=\"1235\" data-end=\"1335\"><strong data-start=\"1235\" data-end=\"1272\">M&uacute;ltiples opciones de sistema operativo<\/strong>: versiones Android&trade; y Windows Embedded Handheld disponibles.<\/p>\n<\/li>\n<li data-start=\"1336\" data-end=\"1457\">\n<p data-start=\"1338\" data-end=\"1457\"><strong data-start=\"1338\" data-end=\"1367\">Escaneado avanzado de c&oacute;digos de barras<\/strong>: elija entre motores de escaneado de largo alcance, de alcance est&aacute;ndar o DPM para obtener la m&aacute;xima flexibilidad.<\/p>\n<\/li>\n<li data-start=\"1458\" data-end=\"1564\">\n<p data-start=\"1460\" data-end=\"1564\"><strong data-start=\"1460\" data-end=\"1477\">Dise&ntilde;o rugged<\/strong> &ndash; Soporta ca&iacute;das de 2,4 m (8 pies) y sellado IP64 para protecci&oacute;n contra el polvo y la humedad.<\/p>\n<\/li>\n<li data-start=\"1565\" data-end=\"1647\">\n<p data-start=\"1567\" data-end=\"1647\"><strong data-start=\"1567\" data-end=\"1591\">Bater&iacute;a para todo el d&iacute;a<\/strong>: el sistema de alimentaci&oacute;n intercambiable en caliente mantiene alta la productividad.<\/p>\n<\/li>\n<li data-start=\"1778\" data-end=\"1867\">\n<p data-start=\"1780\" data-end=\"1867\"><strong data-start=\"1780\" data-end=\"1806\">Compatibilidad con versiones anteriores<\/strong>: admite los accesorios y bases de la serie MC9000 existentes.<\/p>\n<\/li>\n<\/ul><h2 data-start=\"1869\" data-end=\"1886\">Principales ventajas<\/h2><h3 data-start=\"1888\" data-end=\"1936\">Fiabilidad probada para flujos de trabajo exigentes<\/h3><p data-start=\"1937\" data-end=\"2181\">El MC9200 se basa en el legado del MC9000 de Zebra con mayor velocidad, resistencia y dise&ntilde;o ergon&oacute;mico. Su <strong data-start=\"2041\" data-end=\"2066\">factor de forma tipo pistola<\/strong> con un gatillo espec&iacute;fico permite un escaneado r&aacute;pido y sin esfuerzo, ideal para los trabajadores que manejan miles de art&iacute;culos a diario. <\/p><h3 data-start=\"2183\" data-end=\"2228\">Configuraciones flexibles de SO y escaneado<\/h3><p data-start=\"2229\" data-end=\"2482\">Disponible con Android&trade; o Windows Embedded Handheld, el MC9200 se adapta tanto a los sistemas empresariales heredados como a los modernos. Los motores de lectura intercambiables admiten lectura de largo alcance y DPM, lo que permite a los usuarios capturar pr&aacute;cticamente cualquier tipo de c&oacute;digo de barras de cerca o de lejos. <\/p><h3 data-start=\"2484\" data-end=\"2547\">Prolongaci&oacute;n de la vida &uacute;til del producto con EX-DEMO:<\/h3><p data-start=\"2548\" data-end=\"2609\">En <strong data-start=\"2551\" data-end=\"2567\">Micro Nordic<\/strong>, el MC9200 puede adquirirse como:<\/p><ul data-start=\"2610\" data-end=\"2869\">\n<li data-start=\"2610\" data-end=\"2756\">\n<p data-start=\"2612\" data-end=\"2756\"><strong data-start=\"2612\" data-end=\"2623\">EX-DEMO<\/strong> &ndash; Totalmente reacondicionado, probado y limpiado por t&eacute;cnicos. Las carcasas y pantallas sustituidas garantizan un estado excelente a un coste inferior. <\/p>\n<\/li>\n<\/ul><h3 data-start=\"2871\" data-end=\"2905\">Dise&ntilde;ado para entornos dif&iacute;ciles<\/h3><p data-start=\"2906\" data-end=\"3085\">Con un sellado IP64 y una resistencia probada a ca&iacute;das de 2,5 metros, el MC9200 funciona de forma fiable en c&aacute;maras frigor&iacute;ficas, almacenes polvorientos y entornos log&iacute;sticos exteriores en los que la durabilidad es fundamental.<\/p><h3 data-start=\"3087\" data-end=\"3129\">Optimizado para la integraci&oacute;n empresarial<\/h3><p data-start=\"3130\" data-end=\"3285\">Las herramientas Mobility DNA de Zebra simplifican la configuraci&oacute;n, el despliegue y la gesti&oacute;n de la seguridad, garantizando una integraci&oacute;n perfecta con los sistemas ERP, WMS y de control de inventario.<\/p><h2 data-start=\"3287\" data-end=\"3307\">Casos de uso ideales<\/h2><ul data-start=\"3308\" data-end=\"3810\">\n<li data-start=\"3308\" data-end=\"3416\">\n<p data-start=\"3310\" data-end=\"3416\"><strong data-start=\"3310\" data-end=\"3340\">Almacenamiento y distribuci&oacute;n<\/strong> &ndash; Escaneado de alta velocidad y fiabilidad rugged para el seguimiento de pal&eacute;s y contenedores.<\/p>\n<\/li>\n<li data-start=\"3417\" data-end=\"3517\">\n<p data-start=\"3419\" data-end=\"3517\"><strong data-start=\"3419\" data-end=\"3436\">Fabricaci&oacute;n<\/strong>: perfecto para l&iacute;neas de montaje y control de calidad en entornos industriales.<\/p>\n<\/li>\n<li data-start=\"3518\" data-end=\"3624\">\n<p data-start=\"3520\" data-end=\"3624\"><strong data-start=\"3520\" data-end=\"3550\">Venta al por menor y control de inventario<\/strong> &ndash; Racionalizaci&oacute;n de las comprobaciones de existencias y la gesti&oacute;n de pedidos en grandes superficies comerciales.<\/p>\n<\/li>\n<li data-start=\"3625\" data-end=\"3716\">\n<p data-start=\"3627\" data-end=\"3716\"><strong data-start=\"3627\" data-end=\"3646\">Log&iacute;stica de campo<\/strong>: conectividad y rendimiento fiables para la recogida m&oacute;vil de datos.<\/p>\n<\/li>\n<li data-start=\"3717\" data-end=\"3810\">\n<p data-start=\"3719\" data-end=\"3810\"><strong data-start=\"3719\" data-end=\"3743\">Gobierno y defensa<\/strong>: resistencia y seguridad probadas para operaciones de misi&oacute;n cr&iacute;tica.<\/p>\n<\/li>\n<\/ul><h2 data-start=\"3812\" data-end=\"3836\">Comparaci&oacute;n de productos<\/h2><p data-start=\"3837\" data-end=\"3976\">El <strong data-start=\"3841\" data-end=\"3857\">Zebra MC9200<\/strong> contin&uacute;a el legado de Zebra de excelencia en dispositivos de mano rugged. Otros modelos relevantes disponibles en <strong data-start=\"3949\" data-end=\"3965\">Micro Nordic<\/strong> incluyen: <\/p><ul data-start=\"3977\" data-end=\"4375\">\n<li data-start=\"3977\" data-end=\"4122\">\n<p data-start=\"3979\" data-end=\"4122\"><a href=\"https:\/\/micronordic.com\/product\/zebra-mc9300-mobile-handheld-computer-refurbished\/\"><strong data-start=\"3979\" data-end=\"4020\">Zebra MC9300 Handheld Mobile Computer.<\/strong> <\/a>&ndash; El sucesor de pr&oacute;xima generaci&oacute;n con rendimiento Android&trade; mejorado y mayor eficiencia de la bater&iacute;a.<\/p>\n<\/li>\n<li data-start=\"4123\" data-end=\"4252\">\n<p data-start=\"4125\" data-end=\"4252\"><a href=\"https:\/\/micronordic.com\/product\/zebra-mc3300-mobile-handheld-computer-refurbished\/\"><strong data-start=\"4125\" data-end=\"4176\">Zebra MC3300 Handheld Mobile Computer <\/strong><\/a> &ndash; Un modelo m&aacute;s ligero, de gama media, ideal para entornos de almac&eacute;n y venta al por menor.<\/p>\n<\/li>\n<li data-start=\"4253\" data-end=\"4375\">\n<p data-start=\"4255\" data-end=\"4375\"><a href=\"https:\/\/micronordic.com\/product\/zebra-tc75-mobile-handheld-computer-refurbished\/\"><strong data-start=\"4255\" data-end=\"4294\">Zebra TC75 Handheld Mobile Computer<\/strong> <\/a>&ndash; Una alternativa con 4G para equipos m&oacute;viles de log&iacute;stica y operaciones sobre el terreno.<\/p>\n<\/li>\n<\/ul>\n","protected":false},"excerpt":{"rendered":"<p>SELECCIONE UNA VARIANTE Ll\u00e1menos si necesita ayuda para encontrar la variante de producto adecuada. <\/p>\n<h3>Especificaciones:<\/h3>\n<ul>\n<li><strong>Pantalla:<\/strong> Pantalla t\u00e1ctil de 10,1\u2033 FHD (1920\u00d71200) legible a la luz del sol con soporte opcional para guante y l\u00e1piz.<\/li>\n<li><strong>Procesador:<\/strong> Opciones Intel\u00ae Core\u2122 i5\/i7 para multitarea de alto rendimiento.<\/li>\n<li><strong>Gr\u00e1ficos:<\/strong> Gr\u00e1ficos Intel\u00ae UHD integrados<\/li>\n<li><strong>Memoria:<\/strong> 8 GB &#8211; 32 GB RAM DDR4, ampliable<\/li>\n<li><strong>Almacenamiento:<\/strong> 256 GB &#8211; 2 TB SSD NVMe, ampliable mediante bah\u00eda secundaria<\/li>\n<li><strong>Conectividad:<\/strong> Wi-Fi 6, Bluetooth\u00ae 5.2, 4G LTE y GPS opcionales<\/li>\n<li><strong>Certificaciones rugged:<\/strong> MIL-STD-810H, IP65, resistencia a ca\u00eddas de 1,8 m<\/li>\n<li><strong>Seguridad:<\/strong> TPM 2.0, lector de huellas dactilares, reconocimiento facial Windows Hello<\/li>\n<li><strong>Bater\u00eda:<\/strong> Dos bater\u00edas de iones de litio intercambiables en caliente para un funcionamiento a turnos completos<\/li>\n<li><strong>Dimensiones y peso:<\/strong> 280 \u00d7 188 \u00d7 23 mm, aprox. 1,2 kg con bater\u00eda <\/li>\n<li><strong>Garant\u00eda:<\/strong> 12 meses de garant\u00eda de Micro Nordic<\/li>\n<\/ul>\n<p><strong>Elija el modelo correcto antes de a\u00f1adirlo a la cesta.<\/strong><\/p>\n","protected":false},"author":16,"featured_media":100480,"template":"","meta":{"_acf_changed":false,"inline_featured_image":false},"product-condition":[5283],"product_brand":[9014],"product_cat":[5117,5122,5115],"product_tag":[],"class_list":{"0":"post-45888","1":"product","2":"type-product","3":"status-publish","4":"has-post-thumbnail","6":"product-condition-ex-demo","7":"product_brand-zebra","8":"product_cat-zebra","9":"product_cat-all-barcode-scanners","10":"product_cat-refurbished-rugged-hardware","11":"pa_model-part-number-mc92n0-ga0sxfya5wr","12":"pa_model-part-number-mc92n0-gj0sxera5wr","13":"pa_model-part-number-mc92n0-gj0syeqa6wr","14":"pa_model-part-number-mc92n0-gl0syeya6wr","15":"pa_model-part-number-mc92n0-gp0sxera5wr","16":"pa_model-part-number-mc92n0-gp0sxeya5wr","17":"pa_model-part-number-mc92n0-gp0sxfya5wr","18":"pa_model-part-number-mc92n0-gp0syeqa6wr","19":"pa_model-part-number-mc92n0-gp0syeya6wr","20":"pa_model-part-number-mc92n0-gp0syfya6wr","21":"pa_model-part-number-mc92n0-gp0syjya6wr","23":"first","24":"instock","25":"taxable","26":"shipping-taxable","27":"purchasable","28":"product-type-variable"},"acf":[],"_links":{"self":[{"href":"https:\/\/micronordic.com\/es\/wp-json\/wp\/v2\/product\/45888","targetHints":{"allow":["GET"]}}],"collection":[{"href":"https:\/\/micronordic.com\/es\/wp-json\/wp\/v2\/product"}],"about":[{"href":"https:\/\/micronordic.com\/es\/wp-json\/wp\/v2\/types\/product"}],"author":[{"embeddable":true,"href":"https:\/\/micronordic.com\/es\/wp-json\/wp\/v2\/users\/16"}],"version-history":[{"count":3,"href":"https:\/\/micronordic.com\/es\/wp-json\/wp\/v2\/product\/45888\/revisions"}],"predecessor-version":[{"id":98579,"href":"https:\/\/micronordic.com\/es\/wp-json\/wp\/v2\/product\/45888\/revisions\/98579"}],"wp:featuredmedia":[{"embeddable":true,"href":"https:\/\/micronordic.com\/es\/wp-json\/wp\/v2\/media\/100480"}],"wp:attachment":[{"href":"https:\/\/micronordic.com\/es\/wp-json\/wp\/v2\/media?parent=45888"}],"wp:term":[{"taxonomy":"product-condition","embeddable":true,"href":"https:\/\/micronordic.com\/es\/wp-json\/wp\/v2\/product-condition?post=45888"},{"taxonomy":"product_brand","embeddable":true,"href":"https:\/\/micronordic.com\/es\/wp-json\/wp\/v2\/product_brand?post=45888"},{"taxonomy":"product_cat","embeddable":true,"href":"https:\/\/micronordic.com\/es\/wp-json\/wp\/v2\/product_cat?post=45888"},{"taxonomy":"product_tag","embeddable":true,"href":"https:\/\/micronordic.com\/es\/wp-json\/wp\/v2\/product_tag?post=45888"}],"curies":[{"name":"wp","href":"https:\/\/api.w.org\/{rel}","templated":true}]}}