{"id":45886,"date":"2018-04-26T13:46:55","date_gmt":"2018-04-26T11:46:55","guid":{"rendered":"https:\/\/micronordic.com\/product\/zebra-mc3200-terminal-portatil-reacondicionado\/"},"modified":"2025-11-20T13:24:30","modified_gmt":"2025-11-20T12:24:30","slug":"zebra-mc3200-mobile-handheld-computer-refurbished","status":"publish","type":"product","link":"https:\/\/micronordic.com\/es\/product\/zebra-mc3200-mobile-handheld-computer-refurbished\/","title":{"rendered":"Zebra MC3200 Handheld Mobile Computer (EX-DEMO)"},"content":{"rendered":"<?xml encoding=\"utf-8\" ?><h2 data-start=\"461\" data-end=\"510\">Zebra MC3200 Handheld Mobile Computer (EX-DEMO)<\/h2><p data-start=\"512\" data-end=\"975\"><strong data-start=\"516\" data-end=\"557\">Zebra MC3200 Handheld Mobile Computer<\/strong> es un dispositivo de gama media duradero y vers&aacute;til dise&ntilde;ado para el escaneado y la captura de datos profesionales. Dise&ntilde;ado para aumentar la eficiencia en entornos de almacenamiento, venta al por menor y log&iacute;stica, combina un rendimiento fiable con una comodidad ergon&oacute;mica. Disponible en <strong data-start=\"812\" data-end=\"828\">Micro Nordic<\/strong> como unidad <strong data-start=\"835\" data-end=\"846\">EX-DEMO<\/strong>, este modelo ha sido totalmente probado, reacondicionado y verificado para ofrecer un funcionamiento fiable a un precio muy competitivo.  <\/p><p data-start=\"512\" data-end=\"975\"><strong>Las unidades Ex-Demo incluyen una garant&iacute;a de 12 meses de Micro Nordic.<\/strong><\/p><h2 data-start=\"977\" data-end=\"1039\">Caracter&iacute;sticas principales de la Zebra MC3200 Handheld Mobile Computer<\/h2><ul data-start=\"1040\" data-end=\"1889\">\n<li data-start=\"1040\" data-end=\"1184\">\n<p data-start=\"1042\" data-end=\"1184\"><strong data-start=\"1042\" data-end=\"1077\">Dise&ntilde;o tipo pistola o tipo ladrillo<\/strong>: elija entre una empu&ntilde;adura de pistola tradicional para un escaneado r&aacute;pido o un modelo de cuerpo recto para uso manual.<\/p>\n<\/li>\n<li data-start=\"1185\" data-end=\"1265\">\n<p data-start=\"1187\" data-end=\"1265\"><strong data-start=\"1187\" data-end=\"1216\">Ligera y ergon&oacute;mica<\/strong>: reduce la fatiga del operario durante turnos largos.<\/p>\n<\/li>\n<li data-start=\"1266\" data-end=\"1362\">\n<p data-start=\"1268\" data-end=\"1362\"><strong data-start=\"1268\" data-end=\"1300\">Rendimiento de nivel empresarial<\/strong>: el procesamiento de doble n&uacute;cleo garantiza un manejo fluido de las aplicaciones.<\/p>\n<\/li>\n<li data-start=\"1363\" data-end=\"1469\">\n<p data-start=\"1365\" data-end=\"1469\"><strong data-start=\"1365\" data-end=\"1394\">Lectura avanzada de c&oacute;digos<\/strong> de barras: lee r&aacute;pidamente c&oacute;digos de barras 1D y 2D, incluso si est&aacute;n da&ntilde;ados o mal impresos.<\/p>\n<\/li>\n<li data-start=\"1470\" data-end=\"1582\">\n<p data-start=\"1472\" data-end=\"1582\"><strong data-start=\"1472\" data-end=\"1499\">M&uacute;ltiples configuraciones<\/strong>: compatible con Android&trade; y Windows CE 7.0 para una integraci&oacute;n empresarial flexible.<\/p>\n<\/li>\n<li data-start=\"1583\" data-end=\"1695\">\n<p data-start=\"1585\" data-end=\"1695\"><strong data-start=\"1585\" data-end=\"1609\">Construcci&oacute;n duradera<\/strong> &ndash; Probado contra ca&iacute;das de hasta 1,8 m y sellado seg&uacute;n la norma IP54 para resistir al polvo y las salpicaduras.<\/p>\n<\/li>\n<li data-start=\"1696\" data-end=\"1774\">\n<p data-start=\"1698\" data-end=\"1774\"><strong data-start=\"1698\" data-end=\"1723\">Bater&iacute;a intercambiable en caliente<\/strong>: permite un funcionamiento continuo sin tiempos de inactividad.<\/p>\n<\/li>\n<li data-start=\"1775\" data-end=\"1889\">\n<p data-start=\"1777\" data-end=\"1889\"><strong data-start=\"1777\" data-end=\"1802\">Certificaci&oacute;n EX-DEMO<\/strong>: totalmente renovado y verificado, garantiza un rendimiento duradero a un coste reducido.<\/p>\n<\/li>\n<\/ul><h2 data-start=\"1891\" data-end=\"1908\">Principales ventajas<\/h2><h3 data-start=\"1910\" data-end=\"1950\">Movilidad empresarial rentable<\/h3><p data-start=\"1951\" data-end=\"2227\"><strong data-start=\"1955\" data-end=\"1971\">Zebra MC3200<\/strong> ofrece un rendimiento empresarial sin el precio de un dispositivo nuevo. Todas las unidades EX-DEMO vendidas por <strong data-start=\"2062\" data-end=\"2078\">Micro Nordic<\/strong> han sido sometidas a una exhaustiva inspecci&oacute;n, limpieza y sustituci&oacute;n de componentes, lo que ofrece una calidad fiable por una fracci&oacute;n del coste del hardware nuevo. <\/p><h3 data-start=\"2229\" data-end=\"2261\">Dise&ntilde;o ergon&oacute;mico tipo pistola<\/h3><p data-start=\"2262\" data-end=\"2457\">La <strong data-start=\"2275\" data-end=\"2303\">empu&ntilde;adura de gatillo tipo pistola<\/strong> del MC3200 permite a los usuarios realizar escaneados de gran volumen con un esfuerzo m&iacute;nimo, lo que lo hace perfecto para preparadores de pedidos en almacenes, personal de log&iacute;stica y controladores de existencias en comercios.<\/p><h3 data-start=\"2459\" data-end=\"2509\">Integraci&oacute;n perfecta con los sistemas de la empresa<\/h3><p data-start=\"2510\" data-end=\"2736\">Compatible con las plataformas Android&trade; y Windows CE, el MC3200 admite las aplicaciones m&aacute;s populares de gesti&oacute;n de almacenes e inventarios. Tambi&eacute;n puede integrarse con la suite Mobility DNA de Zebra para facilitar la configuraci&oacute;n de dispositivos y la gesti&oacute;n remota. <\/p><h3 data-start=\"2738\" data-end=\"2763\">Robusto y fiable<\/h3><p data-start=\"2764\" data-end=\"2966\">Fabricado para durar, el MC3200 resiste ca&iacute;das, polvo y fluctuaciones de temperatura. Tanto si se utiliza en un almac&eacute;n polvoriento como en una ajetreada tienda, este dispositivo mantiene la eficiencia de las operaciones. <\/p><h3 data-start=\"2968\" data-end=\"3007\">Calidad EX-DEMO totalmente renovada<\/h3><p data-start=\"3008\" data-end=\"3247\">Todas las unidades <strong data-start=\"3012\" data-end=\"3023\">EX-DEMO<\/strong> se someten a pruebas exhaustivas, con sustituci&oacute;n de pl&aacute;sticos, digitalizadores y bater&iacute;as cuando es necesario. Los dispositivos se suministran en cajas marrones gen&eacute;ricas con accesorios est&aacute;ndar: una opci&oacute;n inteligente y sostenible para empresas preocupadas por los costes. <\/p><h2 data-start=\"3249\" data-end=\"3269\">Casos de uso ideales<\/h2><ul data-start=\"3270\" data-end=\"3720\">\n<li data-start=\"3270\" data-end=\"3361\">\n<p data-start=\"3272\" data-end=\"3361\"><strong data-start=\"3272\" data-end=\"3299\">Almacenamiento y log&iacute;stica<\/strong> &ndash; Eficacia para la preparaci&oacute;n de pedidos, el embalaje y el seguimiento de mercanc&iacute;as.<\/p>\n<\/li>\n<li data-start=\"3362\" data-end=\"3446\">\n<p data-start=\"3364\" data-end=\"3446\"><strong data-start=\"3364\" data-end=\"3392\">Control de inventario minorista<\/strong>: agiliza la gesti&oacute;n de existencias y la actualizaci&oacute;n de precios.<\/p>\n<\/li>\n<li data-start=\"3447\" data-end=\"3542\">\n<p data-start=\"3449\" data-end=\"3542\"><strong data-start=\"3449\" data-end=\"3477\">Operaciones de fabricaci&oacute;n<\/strong>: escaneado y comunicaci&oacute;n fiables en la planta de producci&oacute;n.<\/p>\n<\/li>\n<li data-start=\"3543\" data-end=\"3626\">\n<p data-start=\"3545\" data-end=\"3626\"><strong data-start=\"3545\" data-end=\"3576\">Servicio y mantenimiento de campo<\/strong>: duradero para el seguimiento de activos en exteriores o m&oacute;viles.<\/p>\n<\/li>\n<li data-start=\"3627\" data-end=\"3720\">\n<p data-start=\"3629\" data-end=\"3720\"><strong data-start=\"3629\" data-end=\"3660\">Distribuci&oacute;n y cadena de suministro<\/strong>: escaneado en tiempo real para un flujo de datos fluido y eficaz.<\/p>\n<\/li>\n<\/ul><h2 data-start=\"3722\" data-end=\"3746\">Comparaci&oacute;n de productos<\/h2><p data-start=\"3747\" data-end=\"3822\"><strong data-start=\"3791\" data-end=\"3807\">Micro Nordic<\/strong> tambi&eacute;n ofrece alternativas a las empresas que lo deseen:<\/p><ul data-start=\"3823\" data-end=\"4197\">\n<li data-start=\"3823\" data-end=\"3965\">\n<p data-start=\"3825\" data-end=\"3965\"><a href=\"https:\/\/micronordic.com\/product\/zebra-mc3300-mobile-handheld-computer-refurbished\/\"><strong data-start=\"3825\" data-end=\"3876\">Zebra MC3300 Handheld Mobile Computer.<\/strong> <\/a>&ndash; El modelo de nueva generaci&oacute;n con Android&trade;, ergonom&iacute;a mejorada y procesamiento m&aacute;s r&aacute;pido.<\/p>\n<\/li>\n<li data-start=\"3966\" data-end=\"4080\">\n<p data-start=\"3968\" data-end=\"4080\"><a href=\"https:\/\/micronordic.com\/product\/zebra-mc9200-mobile-handheld-computer-refurbished\/\"><strong data-start=\"3968\" data-end=\"4009\">Zebra MC9200 Handheld Mobile Computer<\/strong> <\/a>&ndash; Un esc&aacute;ner tipo pistola de gama alta con un alcance y una durabilidad superiores.<\/p>\n<\/li>\n<li data-start=\"4081\" data-end=\"4197\">\n<p data-start=\"4083\" data-end=\"4197\"><strong data-start=\"4083\" data-end=\"4135\"><a href=\"https:\/\/micronordic.com\/product\/zebra-tc57ho-mobile-handheld-computer-refurbished\/\">Zebra TC75 Handheld Mobile Computer<\/a> <\/strong>&ndash; Un dispositivo rugged con pantalla t&aacute;ctil Android para uso m&oacute;vil sobre el terreno.<\/p>\n<\/li>\n<\/ul>\n","protected":false},"excerpt":{"rendered":"<p>SELECCIONE UNA VARIANTE Ll\u00e1menos si necesita ayuda para encontrar la variante de producto adecuada. <\/p>\n<h3>Especificaciones:<\/h3>\n<ul>\n<li><strong>Pantalla:<\/strong> Pantalla t\u00e1ctil QVGA en color de 3,2\u2033.<\/li>\n<li><strong>Procesador:<\/strong> Procesador OMAP 4 de doble n\u00facleo a 1 GHz<\/li>\n<li><strong>Gr\u00e1ficos:<\/strong> Motor gr\u00e1fico integrado<\/li>\n<li><strong>Memoria:<\/strong> 512 MB \/ 1 GB de RAM<\/li>\n<li><strong>Almacenamiento:<\/strong> 2 GB \/ 4 GB Flash, ampliable mediante microSD (hasta 32 GB)<\/li>\n<li><strong>Conectividad:<\/strong> Wi-Fi 802.11 a\/b\/g\/n, Bluetooth\u00ae 2.1 + EDR<\/li>\n<li><strong>Certificaciones rugged:<\/strong> IP54, resistencia a ca\u00eddas de 1,8 m (6 pies)<\/li>\n<li><strong>Seguridad:<\/strong> Cifrado y seguridad empresarial a nivel de sistema operativo<\/li>\n<li><strong>Bater\u00eda:<\/strong> 2740 mAh Li-ion intercambiable en caliente<\/li>\n<li><strong>Dimensiones y peso:<\/strong> 193 \u00d7 70 \u00d7 35 mm, aprox. 370 g con bater\u00eda <\/li>\n<li><strong>Garant\u00eda:<\/strong> 12 meses de garant\u00eda EX-DEMO de Micro Nordic<\/li>\n<\/ul>\n<p><strong>Elija el modelo correcto antes de a\u00f1adirlo a la cesta.<\/strong><\/p>\n","protected":false},"author":16,"featured_media":100450,"template":"","meta":{"_acf_changed":false,"inline_featured_image":false},"product-condition":[5283],"product_brand":[9014],"product_cat":[5117,5122,5115],"product_tag":[],"class_list":{"0":"post-45886","1":"product","2":"type-product","3":"status-publish","4":"has-post-thumbnail","6":"product-condition-ex-demo","7":"product_brand-zebra","8":"product_cat-zebra","9":"product_cat-all-barcode-scanners","10":"product_cat-refurbished-rugged-hardware","11":"pa_model-part-number-mc32n0-gf4hcle0a","12":"pa_model-part-number-mc32n0-gi3hcheia","13":"pa_model-part-number-mc32n0-gl2hcle0a","14":"pa_model-part-number-mc32n0-gl4haheia","15":"pa_model-part-number-mc32n0-rl2sclk0a","16":"pa_model-part-number-mc32n0-rl3sclc0a","17":"pa_model-part-number-mc32n0-rl4saheia","18":"pa_model-part-number-mc32n0-si3hcle0a","19":"pa_model-part-number-mc32n0-si3scheia","20":"pa_model-part-number-mc32n0-si4scle0a","22":"first","23":"instock","24":"taxable","25":"shipping-taxable","26":"purchasable","27":"product-type-variable"},"acf":[],"_links":{"self":[{"href":"https:\/\/micronordic.com\/es\/wp-json\/wp\/v2\/product\/45886","targetHints":{"allow":["GET"]}}],"collection":[{"href":"https:\/\/micronordic.com\/es\/wp-json\/wp\/v2\/product"}],"about":[{"href":"https:\/\/micronordic.com\/es\/wp-json\/wp\/v2\/types\/product"}],"author":[{"embeddable":true,"href":"https:\/\/micronordic.com\/es\/wp-json\/wp\/v2\/users\/16"}],"version-history":[{"count":3,"href":"https:\/\/micronordic.com\/es\/wp-json\/wp\/v2\/product\/45886\/revisions"}],"predecessor-version":[{"id":98610,"href":"https:\/\/micronordic.com\/es\/wp-json\/wp\/v2\/product\/45886\/revisions\/98610"}],"wp:featuredmedia":[{"embeddable":true,"href":"https:\/\/micronordic.com\/es\/wp-json\/wp\/v2\/media\/100450"}],"wp:attachment":[{"href":"https:\/\/micronordic.com\/es\/wp-json\/wp\/v2\/media?parent=45886"}],"wp:term":[{"taxonomy":"product-condition","embeddable":true,"href":"https:\/\/micronordic.com\/es\/wp-json\/wp\/v2\/product-condition?post=45886"},{"taxonomy":"product_brand","embeddable":true,"href":"https:\/\/micronordic.com\/es\/wp-json\/wp\/v2\/product_brand?post=45886"},{"taxonomy":"product_cat","embeddable":true,"href":"https:\/\/micronordic.com\/es\/wp-json\/wp\/v2\/product_cat?post=45886"},{"taxonomy":"product_tag","embeddable":true,"href":"https:\/\/micronordic.com\/es\/wp-json\/wp\/v2\/product_tag?post=45886"}],"curies":[{"name":"wp","href":"https:\/\/api.w.org\/{rel}","templated":true}]}}